{"id":1038,"date":"2016-11-05T17:02:13","date_gmt":"2016-11-05T17:02:13","guid":{"rendered":"http:\/\/moverdb.com\/?page_id=1038"},"modified":"2026-01-08T15:20:27","modified_gmt":"2026-01-08T15:20:27","slug":"national-van-lines","status":"publish","type":"page","link":"https:\/\/moverdb.com\/fi\/national-van-lines\/","title":{"rendered":"National Van Lines: National Van Lines: International Moving Reviews"},"content":{"rendered":"<p>National Van Lines tarjoaa asiakkailleen laajan valikoiman muuttopalveluja. Ne on lueteltu alla yhdess\u00e4 yrityksen profiilin ja arvostelujen kanssa.<\/p>\n<p><strong>Kansainv\u00e4liset muutot<\/strong><\/p>\n<ul>\n<li> Yksityishenkil\u00f6t ja yritykset<\/li>\n<li> Oma muuttokoordinaattori<\/li>\n<li> Neuvontaa muuttoprosessin kaikissa vaiheissa<\/li>\n<li> Ohjeet asiakirjavaatimuksista<\/li>\n<li> <a href=\"https:\/\/moverdb.com\/fi\/lainauksia\/\">Ovelta ovelle -kustannusarviot<\/a> for <a href=\"https:\/\/moverdb.com\/fi\/konttikuljetukset\/\">meritse tai lentoteitse tapahtuva kuljetus<\/a><\/li>\n<li> Seuranta varmistaa, ett\u00e4 l\u00e4hetys saapuu turvallisesti perille.<\/li>\n<li> Muuton jokaisen vaiheen koordinointi<\/li>\n<li> Apu ep\u00e4todenn\u00e4k\u00f6isess\u00e4 vahinkotapauksessa<\/li>\n<\/ul>\n<p><strong>Erikoisliikkeet<\/strong><\/p>\n<ul>\n<li> Myym\u00e4l\u00e4n kalusteet<\/li>\n<li> Elektroniikka<\/li>\n<li> Kauppamessut<\/li>\n<li> Pelilaitteet<\/li>\n<li> Kolikkopelit<\/li>\n<li> Autokuljetukset<\/li>\n<li> Pianon siirt\u00e4minen<\/li>\n<li> Taide liikkuu<\/li>\n<li> Isois\u00e4kello ja antiikkiesineet<\/li>\n<li> Biljardip\u00f6yd\u00e4n siirt\u00e4j\u00e4t<\/li>\n<\/ul>\n<p><strong>Yrityksen uudelleensijoittaminen<\/strong><\/p>\n<ul>\n<li> Kansainv\u00e4linen ja paikallinen<\/li>\n<li> Yksi ty\u00f6ntekij\u00e4 tai koko toimisto<\/li>\n<li> Tietokoneiden ja elektroniikan muuttajat<\/li>\n<li> Laboratorio- ja l\u00e4\u00e4kinn\u00e4llisten laitteiden siirt\u00e4j\u00e4t<\/li>\n<\/ul>\n<p><strong>Kotitalouksien muutot<\/strong><\/p>\n<ul>\n<li> Paikalliset siirrot<\/li>\n<li> Pitk\u00e4n matkan siirrot<\/li>\n<li> Maastojuoksu<\/li>\n<li> Osavaltioiden v\u00e4linen<\/li>\n<li> Osavaltion sis\u00e4inen<\/li>\n<li> Kansallinen<\/li>\n<li> Ovelta ovelle<\/li>\n<li> T\u00e4yden palvelun tarjoaminen<\/li>\n<\/ul>\n<p><strong>Varastointi<\/strong><\/p>\n<ul>\n<li> Pitk\u00e4ll\u00e4 ja lyhyell\u00e4 aikav\u00e4lill\u00e4<\/li>\n<li> Ilmasto-ohjattu<\/li>\n<li> 24\/7 turvallisuus<\/li>\n<\/ul>\n<h2>National Van Lines Yrityksen profiili<\/h2>\n<p>National Van Linesin nykyinen toimitusjohtaja Maureen Beal on yrityksen perustajan F. J. McKeen lapsenlapsi. McKee perusti yrityksen vuonna <a href=\"https:\/\/moverdb.com\/fi\/muutto-chicagoon\/\">Chicago<\/a> vuonna 1901 yhdell\u00e4 k\u00e4rryll\u00e4 ja yhdell\u00e4 ponilla, joka toimitti j\u00e4\u00e4t\u00e4 ja hiilt\u00e4. <\/p>\n<p>Yritys on menestynyt siit\u00e4 l\u00e4htien, ja nyt se kuljettaa ihmisi\u00e4, yrityksi\u00e4 ja sotilashenkil\u00f6st\u00f6\u00e4 paikallisesti ja maailmanlaajuisesti. Sill\u00e4 on yli 400 agenttia avustamassa t\u00e4ss\u00e4 prosessissa.<\/p>\n<p>Yrityksen motto on \"Moving Your Memories\", joka muistuttaa sek\u00e4 henkil\u00f6kuntaa ett\u00e4 asiakkaita siit\u00e4, ett\u00e4 henkil\u00f6kohtaiset tavarat ovat arvokkaita ja niit\u00e4 k\u00e4sitell\u00e4\u00e4n aina huolellisesti.<\/p>\n<p>National Van Linesilla on seuraavat akkreditoinnit ja sidonnaisuudet:<\/p>\n<ul>\n<li> <a href=\"https:\/\/moverdb.com\/fi\/vanne-promover\/\">Sertifioitu ProMover<\/a><\/li>\n<li> Better Business Bureau -akkreditoitu (BBB)<\/li>\n<li> Movers.Com Tarkistettu liikkuja<\/li>\n<li> <a href=\"https:\/\/moverdb.com\/fi\/fidi-faim\/\">FIDI<\/a><\/li>\n<\/ul>\n<h2>National Van Lines Arvostelut<\/h2>\n<p><strong>Positiivinen:<\/strong><\/p>\n<ul>\n<li> <em>\"Olin eritt\u00e4in tyytyv\u00e4inen huonekalujeni noutoon ja toimitukseen. Dave oli my\u00f6s eritt\u00e4in ammattitaitoinen ja antoi minulle oikeudenmukaisen arvion.\"<\/em> - Bari yrityksen suosittelusivun kautta<\/li>\n<li> <em>\"National Van Lines nouti tavarat ajoissa, toimitti ne ajoissa, eik\u00e4 mit\u00e4\u00e4n h\u00e4vinnyt tai mennyt rikki.\"<\/em> - Gail kautta <a href=\"https:\/\/www.yelp.co.uk\/biz\/national-van-lines-broadview?hrid=xrO9qdjtpdZ-DKkGynhkBw&#038;utm_campaign=www_review_share_popup&#038;utm_medium=copy_link&#038;utm_source=(direct)\" target=\"_blank\" rel=\"noopener\">Yelp<\/a><\/li>\n<li> <em>\"Minulla on vain yksi sana sanottavana. UPEAA!\"<\/em> - Lori kautta <a href=\"http:\/\/www.mymovingreviews.com\/movers\/national-van-lines-256#59528\" target=\"_blank\" rel=\"noopener\">MyMovingReviews.com<\/a><\/li>\n<\/ul>\n<p><strong>Negatiivinen:<\/strong><\/p>\n<ul>\n<li> <em>\"Olen muuttanut viimeisten 8 vuoden aikana 5-6 kertaa, eik\u00e4 minulla ole koskaan ollut t\u00e4llaista kokemusta.\"<\/em> - Cindy kautta <a href=\"https:\/\/www.consumeraffairs.com\/movers\/national.htm\" target=\"_blank\" rel=\"noopener\">Kuluttaja-asiat<\/a><\/li>\n<li> <em>\"National Van Lines ei toimittanut kotitaloustavaroitani sin\u00e4 p\u00e4iv\u00e4n\u00e4, jonka kuljettaja kertoi minulle. He kertoivat, ett\u00e4 laskuni antoi minulle p\u00e4iv\u00e4m\u00e4\u00e4r\u00e4n, mutta ongelma oli, etten koskaan saanut laskua. Toimitettaessa yli puolet tavaroistani puuttui.\"<\/em> - Franchon kautta <a href=\"http:\/\/www.bbb.org\/chicago\/business-reviews\/movers\/national-van-lines-inc-in-broadview-il-5114\/customer-reviews\" target=\"_blank\" rel=\"noopener\">BBB<\/a><\/li>\n<li> <em>\"Kokemuksemme National Van Linesista oli painajainen. Edustaja, joka allekirjoitti <a href=\"https:\/\/moverdb.com\/fi\/moving-to-the-united-states\/\" data-internallinksmanager029f6b8e52c=\"94\" title=\"Muutatko Yhdysvaltoihin? 2022 Elinkustannukset ja muuttovinkit\">us<\/a> H\u00e4n vaikutti niin ammattitaitoiselta ja tehokkaalta, kun tapasimme h\u00e4net. Emme osanneet uneksia, ett\u00e4 olimme joutumassa hirve\u00e4\u00e4n sotkuun.\"<\/em> - kautta <a href=\"http:\/\/moving-companies.credio.com\/l\/21\/National-Van-Lines\" target=\"_blank\" rel=\"noopener\">Credio<\/a><\/li>\n<\/ul>\n<div itemprop=\"review\" itemscope itemtype=\"http:\/\/schema.org\/Review\">\n<span itemprop=\"author\" itemscope=\"\" itemtype=\"http:\/\/schema.org\/Organization\"><span itemprop=\"name\">MoverDB.com<\/span><\/span> Verkkosivuston arvostelu <span itemprop=\"itemreviewed\" itemscope=\"\" itemtype=\"http:\/\/schema.org\/Brand\"><span itemprop=\"name\">Kansalliset pakettiautot<\/span><\/span>:<\/p>\n<ol>\n<li> Selke\u00e4t yhteystiedot verkkosivustolla (my\u00f6s puhelinnumero): <strong>Kyll\u00e4<\/strong><\/li>\n<li> Helppo saada <a href=\"https:\/\/moverdb.com\/fi\/lainauksia\/\">kansainv\u00e4liset muutto tarjoukset<\/a>? (Online-arviolomake): <strong>Kyll\u00e4<\/strong><\/li>\n<li> Selke\u00e4t tiedot verkkosivustolla: <strong>Kyll\u00e4<\/strong> verkkosivustolla esitell\u00e4\u00e4n heid\u00e4n palveluitaan ja tarjotaan my\u00f6s hy\u00f6dyllisi\u00e4 oppaita.<\/li>\n<li> J\u00e4senyys kansainv\u00e4lisiss\u00e4 tunnustetuissa liikkuvissa j\u00e4rjest\u00f6iss\u00e4: <strong>Kyll\u00e4<\/strong><\/li>\n<li> Luettelo asiakkaista ja\/tai aiempien asiakkaiden suosittelut: <strong>Kyll\u00e4<\/strong> Sivustolla on positiivisia asiakaskertomuksia, mutta muualla internetiss\u00e4 on muutamia negatiivisia.<\/li>\n<\/ol>\n<div itemprop=\"reviewRating\" itemscope itemtype=\"http:\/\/schema.org\/Rating\"><meta itemprop=\"worstRating\" content = \"0\" \/><meta itemprop=\"bestRating\" content=\"5\" \/><meta itemprop=\"ratingValue\" content=\"4.5\"><\/div>\n<p><strong>Yleisarvosana: 4.5\/5<\/strong><br \/>\n<strong>Tarkistusp\u00e4iv\u00e4:<\/strong> <span itemprop=\"datePublished\" content=\"2016-11-05\">05\/11\/2016<\/span>\n<\/div>\n<p>Lue lis\u00e4\u00e4 <a href=\"https:\/\/moverdb.com\/fi\/muuttoyritykset\/\">top kansainv\u00e4liset muuttoyritykset<\/a>, <a href=\"https:\/\/moverdb.com\/fi\/us-canada-movers\/\">Yhdysvaltalaiset muuttajat<\/a> ja meid\u00e4n <a href=\"https:\/\/moverdb.com\/fi\/arvostelut\/\">tarkistusprosessi<\/a>.<\/p>\n<p><strong>Verkkosivusto:<\/strong> <a href=\"http:\/\/www.nationalvanlines.com\/\" target=\"_blank\" rel=\"noopener\">http:\/\/www.nationalvanlines.com\/<\/a><\/p>","protected":false},"excerpt":{"rendered":"<p>National Van Lines offers its customers a wide range of moving services. These are listed below together with a company profile and reviews. International Moves Individual and corporate Dedicated move coordinator Counselling on all aspects of the moving process Guidance on documentation requirements Door-to-door cost estimates for shipping by ocean or air Tracking to ensure [&hellip;]<\/p>\n","protected":false},"author":1,"featured_media":0,"parent":0,"menu_order":0,"comment_status":"closed","ping_status":"closed","template":"","meta":{"_genesis_hide_title":false,"_genesis_hide_breadcrumbs":false,"_genesis_hide_singular_image":false,"_genesis_hide_footer_widgets":false,"_genesis_custom_body_class":"","_genesis_custom_post_class":"","_genesis_layout":"","footnotes":""},"class_list":{"0":"post-1038","1":"page","2":"type-page","3":"status-publish","5":"entry"},"_links":{"self":[{"href":"https:\/\/moverdb.com\/fi\/wp-json\/wp\/v2\/pages\/1038","targetHints":{"allow":["GET"]}}],"collection":[{"href":"https:\/\/moverdb.com\/fi\/wp-json\/wp\/v2\/pages"}],"about":[{"href":"https:\/\/moverdb.com\/fi\/wp-json\/wp\/v2\/types\/page"}],"author":[{"embeddable":true,"href":"https:\/\/moverdb.com\/fi\/wp-json\/wp\/v2\/users\/1"}],"replies":[{"embeddable":true,"href":"https:\/\/moverdb.com\/fi\/wp-json\/wp\/v2\/comments?post=1038"}],"version-history":[{"count":6,"href":"https:\/\/moverdb.com\/fi\/wp-json\/wp\/v2\/pages\/1038\/revisions"}],"predecessor-version":[{"id":6225,"href":"https:\/\/moverdb.com\/fi\/wp-json\/wp\/v2\/pages\/1038\/revisions\/6225"}],"wp:attachment":[{"href":"https:\/\/moverdb.com\/fi\/wp-json\/wp\/v2\/media?parent=1038"}],"curies":[{"name":"wp","href":"https:\/\/api.w.org\/{rel}","templated":true}]}}