{"id":1037,"date":"2016-11-21T06:45:07","date_gmt":"2016-11-21T06:45:07","guid":{"rendered":"http:\/\/moverdb.com\/?page_id=1037"},"modified":"2026-05-15T14:55:42","modified_gmt":"2026-05-15T14:55:42","slug":"bergerin-liittolainen","status":"publish","type":"page","link":"https:\/\/moverdb.com\/fi\/berger-allied\/","title":{"rendered":"Berger Allied (siirto ja varastointi): International Moving Reviews"},"content":{"rendered":"<p>Berger Allied (virallisesti Berger Transfer &amp; Storage) sijaitsee St. Paulissa, MN. Se tarjoaa asiakkailleen erilaisia muuttopalveluja, jotka on lueteltu alla, sek\u00e4 yrityksen profiilin ja arvosteluja.<\/p>\n<p><strong>Kansainv\u00e4linen muuttaminen<\/strong><\/p>\n<ul>\n<li> Muuton valmistelu<\/li>\n<li> Kuuleminen ja kyselytutkimus<\/li>\n<li> Dokumentaatio<\/li>\n<li> Turvallisuusn\u00e4k\u00f6kohdat<\/li>\n<li> Pakkaaminen ja lastaus<\/li>\n<li> Live lataa tavarasi suoraan kuljetuskonttiin.<\/li>\n<li> Tulliselvitys<\/li>\n<li> Toimitus ja pakkauksen purkaminen<\/li>\n<\/ul>\n<p><strong>Asuntojen muuttaminen<\/strong><\/p>\n<ul>\n<li> Muuton suunnittelu<\/li>\n<li> Pitk\u00e4n matkan muuttaminen<\/li>\n<li> T\u00e4yden palvelun pakkaus<\/li>\n<li> Itsepakkaus<\/li>\n<li> <a href=\"https:\/\/moverdb.com\/fi\/auto-kuljetus-kuljetus\/\">Ajoneuvo<\/a>, veneiden ja moottoripy\u00f6rien kuljetus<\/li>\n<li> Kokoaminen\/purkaminen<\/li>\n<li> Laitteiden uudelleen kytkeminen\/katkaiseminen<\/li>\n<li> Pakkausten purkaminen ja roskien poistaminen<\/li>\n<li> L\u00e4hetysten seuranta verkossa<\/li>\n<li> Senioreiden muuttopalvelut<\/li>\n<\/ul>\n<p><strong>Yritysten uudelleensijoituspalvelut<\/strong><\/p>\n<ul>\n<li> Muuttokonsultit<\/li>\n<li> Yrityksesi ainutlaatuiseen kulttuuriin, toimintatapoihin ja budjettitavoitteisiin sopiva uudelleensijoitusohjelma.<\/li>\n<li> Omistetut muuttokoordinaattorit <\/li>\n<\/ul>\n<p><strong>Kaupalliset muuttopalvelut<\/strong><\/p>\n<ul>\n<li> Toimiston muutto<\/li>\n<li> Tietueiden varastointi<\/li>\n<li> Varastointi<\/li>\n<li> Erikoiskuljetukset<\/li>\n<li> Omaisuuden hallinta<\/li>\n<li> CAD-tilan suunnittelu<\/li>\n<li> Paikan p\u00e4\u00e4ll\u00e4 tapahtuva projektinhallinta<\/li>\n<\/ul>\n<h2>Berger Allied Yrityksen profiili<\/h2>\n<p>Berger Transfer and Storage on toiminut vuodesta 1910 l\u00e4htien. He ty\u00f6skentelev\u00e4t yksityishenkil\u00f6iden, yritysten ja valtion virastojen kanssa. He uskovat, ett\u00e4 heid\u00e4n suurin vahvuutensa on keskittyminen laadukkaaseen asiakaspalveluun.<\/p>\n<p>Heill\u00e4 on yli 600 pakettiauton ja kuorma-auton kalusto, ja ne koordinoivat noin 24 000 perheen muuttoa vuodessa. He auttavat my\u00f6s ker\u00e4\u00e4m\u00e4\u00e4n varoja United Waylle, Junior Achievementsille, Amerikan partiolaisille, March of Dimesille, erityisolympialaisille ja Move For Hungerille.<\/p>\n<p>Berger Transfer and Storage -yrityksell\u00e4 on seuraavat akkreditoinnit ja sidonnaisuudet:<\/p>\n<ul>\n<li> <a href=\"https:\/\/moverdb.com\/fi\/amsa\/\">AMSA<\/a><\/li>\n<li> AHFA<\/li>\n<li> <a href=\"https:\/\/moverdb.com\/fi\/olen\/\">IAM<\/a><\/li>\n<li> ATA<\/li>\n<li> <a href=\"https:\/\/moverdb.com\/fi\/vanne-promover\/\">Promover<\/a><\/li>\n<li> <a href=\"https:\/\/moverdb.com\/fi\/tyontekijan-uudelleensijoitusneuvosto\/\">Maailmanlaajuinen ERC<\/a><\/li>\n<li> PSA<\/li>\n<li> Move for Hunger<\/li>\n<li> BBB-akkreditoitu yritys<\/li>\n<\/ul>\n<h2>Berger Allied (siirto ja varastointi) Arvostelut<\/h2>\n<p><strong>Positiivinen:<\/strong><\/p>\n<ul>\n<li> <em>\"Kokemuksemme Berger Alliedin kanssa oli niin hyv\u00e4 kuin se vain voi olla!\"<\/em> - Paul M kautta <a href=\"https:\/\/www.yelp.com\/biz\/berger-allied-van-lines-austin?hrid=r3MbhX4j_6c1VOPPSbKe_g&#038;utm_campaign=www_review_share_popup&#038;utm_medium=copy_link&#038;utm_source=(direct)\" target=\"_blank\" rel=\"noopener\">Yelp<\/a> <\/li>\n<li> <em>\"Bergerin tiimi Las Vegasissa on yksinkertaisesti uskomaton. He eiv\u00e4t ole vain p\u00e4tevi\u00e4 ja sympaattisia, vaan heid\u00e4n asiakaspalvelunsa on mahdollisesti parasta, mit\u00e4 olen koskaan kohdannut.\"<\/em> - Viki kautta <a href=\"https:\/\/www.facebook.com\/pg\/bergermoving\/reviews\/\" target=\"_blank\" rel=\"noopener\">Facebook<\/a><\/li>\n<li> <em>\"He tulivat ajoissa. K\u00e4\u00e4riv\u00e4t kaikki huonekalut pehmusteisiin ja k\u00e4yttiv\u00e4t ylim\u00e4\u00e4r\u00e4ist\u00e4 aikaa varmistaakseen, ett\u00e4 kaikki oli tehty oikein. He k\u00e4yttiv\u00e4t aikaa varmistaakseen, ettei yksik\u00e4\u00e4n sein\u00e4 vaurioitunut.\"<\/em> - Daniel kautta <a href=\"http:\/\/www.movingcompanyreviews.com\/MN\/St-Paul\/berger-transfer-storage-60973\" target=\"_blank\" rel=\"noopener\">MovingCompanyReviews.com<\/a><\/li>\n<\/ul>\n<p><strong>Negatiivinen:<\/strong><\/p>\n<ul>\n<li> <em>\"Palkkasin Bergerin suosituksesta muuttoa varten osoitteesta <a href=\"https:\/\/moverdb.com\/fi\/moving-to-the-united-states\/moving-to-minnesota\/\" data-internallinksmanager029f6b8e52c=\"443\" title=\"Muutto Minnesotaan? 2023 Elinkustannukset ja muuttovinkit\">Minnesota<\/a> osoitteeseen <a href=\"https:\/\/moverdb.com\/fi\/moving-to-the-united-states\/moving-to-california\/\" data-internallinksmanager029f6b8e52c=\"330\" title=\"Muutto Kaliforniaan? 2023 Elinkustannukset ja muuttovinkit\">Kalifornia<\/a>. Olin etsinyt muita yrityksi\u00e4 ja arvioita, valitettavasti valitsin Bergerin arvion laatineen henkil\u00f6n perusteella.\"<\/em> - Via <a href=\"https:\/\/www.bbb.org\/minnesota\/business-reviews\/movers\/berger-transfer-storage-inc-in-saint-paul-mn-103\/reviews-and-complaints\" target=\"_blank\" rel=\"noopener\">BBB:n www-sivusto<\/a><\/li>\n<li> <em>\"Huonoin asiakaspalvelu koskaan. Sen j\u00e4lkeen, kun puoli vuotta oli laskutettu v\u00e4\u00e4rin ja lukemattomia s\u00e4hk\u00f6posteja ja puhelinsoittoja yritetty\u00e4ni ratkaista asiaa, minulle kerrottiin, ett\u00e4 tuotteeni laitetaan huutokauppaan.\"<\/em> - Kyle vi <a href=\"https:\/\/www.facebook.com\/pg\/bergermoving\/reviews\/\" target=\"_blank\" rel=\"noopener\">Facebook<\/a><\/li>\n<\/li>\n<li> <em>\"Berger Allied Van Lines teki huonoimman pakkaus-, muutto- ja varastointity\u00f6n <a href=\"https:\/\/moverdb.com\/fi\/moving-to-the-united-states\/\" data-internallinksmanager029f6b8e52c=\"94\" title=\"Muutatko Yhdysvaltoihin? 2022 Elinkustannukset ja muuttovinkit\">us<\/a>.\"<\/em> - Letty kautta <a href=\"https:\/\/www.yelp.com\/biz\/berger-allied-van-lines-austin?hrid=AMtotqlDmWIUelyZT7YKAw&#038;utm_campaign=www_review_share_popup&#038;utm_medium=copy_link&#038;utm_source=(direct)\" target=\"_blank\" rel=\"noopener\">Yelp<\/a><\/li>\n<\/ul>\n<div itemprop=\"review\" itemscope itemtype=\"http:\/\/schema.org\/Review\">\n<span itemprop=\"author\" itemscope=\"\" itemtype=\"http:\/\/schema.org\/Organization\"><span itemprop=\"name\">MoverDB.com<\/span><\/span> Verkkosivuston arvostelu <span itemprop=\"itemreviewed\" itemscope=\"\" itemtype=\"http:\/\/schema.org\/Brand\"><span itemprop=\"name\">Berger Allied<\/span><\/span>:<\/p>\n<ol>\n<li> Selke\u00e4t yhteystiedot verkkosivustolla (my\u00f6s puhelinnumero): <strong>Kyll\u00e4<\/strong><\/li>\n<li> Helppo saada <a href=\"https:\/\/moverdb.com\/fi\/lainauksia\/\">kansainv\u00e4liset muutto tarjoukset<\/a>? (Online-arviolomake): <strong>Kyll\u00e4<\/strong><\/li>\n<li> Selke\u00e4t tiedot verkkosivustolla: <strong>Osittain<\/strong>, siell\u00e4 on paljon yleist\u00e4 muuttotietoa, mutta ei mit\u00e4\u00e4n liian erityist\u00e4.<\/li>\n<li> J\u00e4senyys kansainv\u00e4lisiss\u00e4 tunnustetuissa liikkuvissa j\u00e4rjest\u00f6iss\u00e4: <strong>Kyll\u00e4<\/strong>, monet, ks. edell\u00e4<\/li>\n<li> Luettelo asiakkaista ja\/tai aiempien asiakkaiden suosittelut: <strong>Ei<\/strong>verkkosivuilta ei l\u00f6ydy yht\u00e4\u00e4n suosittelua, ja arvostelut eri puolilta verkkoa ovat hieman vaihtelevia. <\/li>\n<\/ol>\n<div itemprop=\"reviewRating\" itemscope itemtype=\"http:\/\/schema.org\/Rating\"><meta itemprop=\"worstRating\" content = \"0\" \/><meta itemprop=\"bestRating\" content=\"5\" \/><meta itemprop=\"ratingValue\" content=\"3.5\"><\/div>\n<p><strong>Yleisarvosana: 3.5\/5<\/strong><br \/>\n<strong>Tarkistusp\u00e4iv\u00e4:<\/strong> <span itemprop=\"datePublished\" content=\"2016-11-21\">21\/11\/2016<\/span>\n<\/div>\n<p>Lue lis\u00e4\u00e4 <a href=\"https:\/\/moverdb.com\/fi\/muuttoyritykset\/\">kansainv\u00e4liset muuttofirmat<\/a>, <a href=\"https:\/\/moverdb.com\/fi\/us-canada-movers\/\">Yhdysvaltalaiset muuttajat<\/a> ja meid\u00e4n <a href=\"https:\/\/moverdb.com\/fi\/arvostelut\/\">tarkistusprosessi<\/a>.<\/p>\n<p><strong>Verkkosivusto:<\/strong> <a href=\"https:\/\/www.bergerallied.com\" target=\"_blank\" rel=\"noopener\">https:\/\/www.bergerallied.com<\/a><\/p>","protected":false},"excerpt":{"rendered":"<p>Berger Allied (officially Berger Transfer &#038; Storage) is based in St. Paul, MN. It offers its customers a range of moving services which are listed below, together with a company profile and reviews. International Moving Move Preparation Consultation and Survey Documentation Safety Considerations Packing and Loading Live loads your items directly into a shipping container [&hellip;]<\/p>\n","protected":false},"author":1,"featured_media":0,"parent":0,"menu_order":0,"comment_status":"closed","ping_status":"closed","template":"","meta":{"_genesis_hide_title":false,"_genesis_hide_breadcrumbs":false,"_genesis_hide_singular_image":false,"_genesis_hide_footer_widgets":false,"_genesis_custom_body_class":"","_genesis_custom_post_class":"","_genesis_layout":"","footnotes":""},"class_list":{"0":"post-1037","1":"page","2":"type-page","3":"status-publish","5":"entry"},"_links":{"self":[{"href":"https:\/\/moverdb.com\/fi\/wp-json\/wp\/v2\/pages\/1037","targetHints":{"allow":["GET"]}}],"collection":[{"href":"https:\/\/moverdb.com\/fi\/wp-json\/wp\/v2\/pages"}],"about":[{"href":"https:\/\/moverdb.com\/fi\/wp-json\/wp\/v2\/types\/page"}],"author":[{"embeddable":true,"href":"https:\/\/moverdb.com\/fi\/wp-json\/wp\/v2\/users\/1"}],"replies":[{"embeddable":true,"href":"https:\/\/moverdb.com\/fi\/wp-json\/wp\/v2\/comments?post=1037"}],"version-history":[{"count":6,"href":"https:\/\/moverdb.com\/fi\/wp-json\/wp\/v2\/pages\/1037\/revisions"}],"predecessor-version":[{"id":6183,"href":"https:\/\/moverdb.com\/fi\/wp-json\/wp\/v2\/pages\/1037\/revisions\/6183"}],"wp:attachment":[{"href":"https:\/\/moverdb.com\/fi\/wp-json\/wp\/v2\/media?parent=1037"}],"curies":[{"name":"wp","href":"https:\/\/api.w.org\/{rel}","templated":true}]}}