{"id":1036,"date":"2016-11-05T16:39:46","date_gmt":"2016-11-05T16:39:46","guid":{"rendered":"http:\/\/moverdb.com\/?page_id=1036"},"modified":"2026-01-08T14:47:46","modified_gmt":"2026-01-08T14:47:46","slug":"beltmann-relocation","status":"publish","type":"page","link":"https:\/\/moverdb.com\/fi\/beltmann-relocation\/","title":{"rendered":"Beltmann Relocation Group: Beltmann Moving: International Moving Reviews"},"content":{"rendered":"<p>Beltmann Relocation Group tarjoaa asiakkailleen erilaisia muuttopalveluja kansainv\u00e4lisesti ja paikallisesti. N\u00e4m\u00e4 palvelut on lueteltu alla yhdess\u00e4 yrityksen profiilin ja arvostelujen kanssa.<\/p>\n<p><strong>Kansainv\u00e4liset muutot<\/strong><\/p>\n<ul>\n<li> Kansainv\u00e4liset yrityssiirrot<\/li>\n<li> Yksitt\u00e4iset siirrot<\/li>\n<li> Yhdistyneet kansakunnat<\/li>\n<li> Apua ja opastusta tulli- ja maahanmuuttoasioissa<\/li>\n<li> Avustaminen lemmikkiel\u00e4inten siirt\u00e4misess\u00e4<\/li>\n<li> Ovelta ovelle<\/li>\n<li> Move manager allokoitu<\/li>\n<li> T\u00e4ysi palvelu saatavilla<\/li>\n<li> J\u00e4rjestetty vakuutus<\/li>\n<\/ul>\n<p><strong>Toimisto- ja teollisuussiirrot<\/strong><\/p>\n<ul>\n<li> Toimiston paikallinen ja pitk\u00e4n matkan siirto<\/li>\n<li> Yksik\u00f6iden v\u00e4liset siirrot<\/li>\n<li> Tietokoneiden ja elektroniikan siirt\u00e4minen<\/li>\n<li> Tilasuunnittelu ja -suunnittelu<\/li>\n<li> Muuttoa edelt\u00e4v\u00e4t suunnittelukokoukset<\/li>\n<li> Valvonta paikan p\u00e4\u00e4ll\u00e4<\/li>\n<li> Muuton j\u00e4lkeiset palvelut<\/li>\n<li> Teollisuuden muuttoapu<\/li>\n<li> Korkea turvallisuus liikkuvat<\/li>\n<li> Arkaluonteisten tietojen siirt\u00e4minen<\/li>\n<li> J\u00e4rjestetty vakuutus<\/li>\n<\/ul>\n<p><strong>Yrityksen uudelleensijoittaminen<\/strong><\/p>\n<ul>\n<li> Executive relocation -palvelut huipputason johtajille<\/li>\n<li> Move manager <\/li>\n<li> Ovelta ovelle<\/li>\n<li> Pakkaaminen ja purkaminen<\/li>\n<li> L\u00e4hetyksen seuranta<\/li>\n<li> J\u00e4rjestetty vakuutus<\/li>\n<\/ul>\n<p><strong>Kotitalouksien muutot<\/strong><\/p>\n<ul>\n<li> Paikalliset siirrot<\/li>\n<li> Pitk\u00e4n matkan siirrot<\/li>\n<li> Ovelta ovelle<\/li>\n<li> Pakkaaminen ja purkaminen<\/li>\n<li> J\u00e4rjestetty vakuutus<\/li>\n<\/ul>\n<p><strong>Varastointi<\/strong><\/p>\n<ul>\n<li> Pitk\u00e4- tai lyhytaikainen<\/li>\n<li> L\u00e4mmitetty varasto <\/li>\n<li> S\u00e4ilytet\u00e4\u00e4n suljetussa varastoholvissa<\/li>\n<li> CCTV<\/li>\n<li> Palo- ja tuholaistorjunta<\/li>\n<\/ul>\n<h2>Beltmann Relocation Yrityksen profiili<\/h2>\n<p>Battinan perhe perusti Beltmann Groupin vuonna 1955, ja se on edelleen perheyritys. Se on yksi suurimmista ja vanhimmista v\u00e4litt\u00e4jist\u00e4, joka toimii <a href=\"https:\/\/moverdb.com\/fi\/north-american-van-lines\/\">North American Van Lines<\/a> ja sen p\u00e4\u00e4konttori sijaitsee <a href=\"https:\/\/moverdb.com\/fi\/muutto-new-yorkiin-2\/\">Minneapolis<\/a>. <\/p>\n<p>Beltmann Group omistaa ylpe\u00e4n\u00e4 yli 700 erilaista ajoneuvoa, ja sill\u00e4 on 14 toimipistett\u00e4.<\/p>\n<p>Beltmannin lupaus on \"Ole asiakas\". Jokaista ty\u00f6ntekij\u00e4\u00e4 kannustetaan asettumaan asiakkaan asemaan ja kohtelemaan h\u00e4nt\u00e4 niin kuin h\u00e4n haluaisi itse\u00e4\u00e4n kohdeltavan. Yritys on ylpe\u00e4 Habitat for Humanityn tukija.<\/p>\n<p>Beltmann Relocationilla on seuraavat j\u00e4senyydet ja akkreditoinnit:<\/p>\n<ul>\n<li> <a href=\"https:\/\/moverdb.com\/fi\/vanne-promover\/\">Rekister\u00f6ity kansainv\u00e4linen maahantuoja<\/a> (<a href=\"https:\/\/moverdb.com\/fi\/rim-promover\/\" data-internallinksmanager029f6b8e52c=\"76\" title=\"RIM International ProMover -sertifiointi selitetty\">RIM<\/a>)<\/li>\n<li> <a href=\"https:\/\/moverdb.com\/fi\/vanne-promover\/\">ProMover<\/a><\/li>\n<li> <a href=\"https:\/\/moverdb.com\/fi\/amsa\/\">American Moving and Storage Association<\/a> (<a href=\"https:\/\/moverdb.com\/fi\/amsa\/\" data-internallinksmanager029f6b8e52c=\"5\" title=\"American Moving &amp; Storage Association (AMSA) selitetty\">AMSA<\/a>)<\/li>\n<li> Pohjois-Amerikan laatupalkinnon voittaja<\/li>\n<li> Better Business Bureau -akkreditoitu (BBB)<\/li>\n<\/ul>\n<p><strong>Beltmann Relocation Arvostelut<\/strong><\/p>\n<p><strong>Positiivinen:<\/strong><\/p>\n<ul>\n<li> <em>\"Kaikki sujui erinomaisesti muutossamme. Kuljettaja ja miehist\u00f6 molemmin puolin ty\u00f6skenteliv\u00e4t hyvin.\"<\/em> - Craig Beltmannin suosittelusivun kautta<\/li>\n<li> <em>\"Olemme muuttaneet useita kertoja vuosien varrella, ja minun on sanottava, ett\u00e4 Beltman oli ehdottomasti paras. Huolellisuus, jolla he pakkasivat ja lastasivat tavaramme toimitukseen, oli merkitt\u00e4v\u00e4\u00e4.\"<\/em> - Abby kautta <a href=\"https:\/\/www.facebook.com\/pg\/BeltmannRelocation\/reviews\/\" target=\"_blank\" rel=\"noopener\">Facebook<\/a><\/li>\n<\/ul>\n<p><strong>Negatiivinen:<\/strong><\/p>\n<ul>\n<li> <em>\"Emme ole viel\u00e4 edes 1\/3 matkasta purkaneet tavaroita, ja meill\u00e4 on jo v\u00e4hint\u00e4\u00e4n 15 vahingoittuneen tai rikkin\u00e4isen tavaran lista. Joihinkin laatikoihin on heitetty tavaroita, joita ei ole k\u00e4\u00e4ritty tai kiinnitetty.\"<\/em> Amy kautta <a href=\"https:\/\/www.facebook.com\/pg\/BeltmannRelocation\/reviews\/\" target=\"_blank\" rel=\"noopener\">Facebook<\/a><\/li>\n<li> <em>\"Tee itsellesi palvelus. \u00c4l\u00e4 k\u00e4yt\u00e4 t\u00e4t\u00e4 yrityst\u00e4. Poista heid\u00e4n numeronsa, est\u00e4 heit\u00e4 soittamasta sinulle. Lainausosa prosessista (tied\u00e4tte, miss\u00e4 he yritt\u00e4v\u00e4t voittaa liiketoimintanne) oli loistava. Tavaroiden nouto - peukut pystyyn. tavaran toimitus - iso peukku alas.\"<\/em> - Kim kautta <a href=\"https:\/\/www.yelp.com\/biz\/beltmann-relocation-group-glendale-heights?hrid=tJAoAv--s6WetooAeYOQew&#038;utm_campaign=www_review_share_popup&#038;utm_medium=copy_link&#038;utm_source=(direct)\" target=\"_blank\" rel=\"noopener\">Yelp<\/a><\/li>\n<\/ul>\n<div itemprop=\"review\" itemscope itemtype=\"http:\/\/schema.org\/Review\">\n<span itemprop=\"author\" itemscope=\"\" itemtype=\"http:\/\/schema.org\/Organization\"><span itemprop=\"name\">MoverDB.com<\/span><\/span> Verkkosivuston arvostelu <span itemprop=\"itemreviewed\" itemscope=\"\" itemtype=\"http:\/\/schema.org\/Brand\"><span itemprop=\"name\">Beltmann Relocation Group<\/span><\/span>:<\/p>\n<ol>\n<li> Selke\u00e4t yhteystiedot verkkosivustolla (my\u00f6s puhelinnumero): <strong>Kyll\u00e4<\/strong><\/li>\n<li> Helppo saada <a href=\"https:\/\/moverdb.com\/fi\/lainauksia\/\">kansainv\u00e4liset muutto tarjoukset<\/a>? (Online-arviolomake): <strong>Kyll\u00e4<\/strong><\/li>\n<li> Selke\u00e4t tiedot verkkosivustolla: <strong>Kyll\u00e4<\/strong>, Sivustolla on hy\u00f6dyllisi\u00e4 resursseja muuttoa varten, kuten usein kysyttyj\u00e4 kysymyksi\u00e4 ja vinkkej\u00e4.<\/li>\n<li> J\u00e4senyys kansainv\u00e4lisiss\u00e4 tunnustetuissa liikkuvissa j\u00e4rjest\u00f6iss\u00e4: <strong>Kyll\u00e4<\/strong>, monet, ks. edell\u00e4<\/li>\n<li> Luettelo asiakkaista ja\/tai aiempien asiakkaiden suosittelut: <strong>Kyll\u00e4,<\/strong> sivustolla on positiivisia suositteluja, mutta arvosteluja eri puolilta verkkoa on hieman vaihtelevampi.<\/li>\n<\/ol>\n<div itemprop=\"reviewRating\" itemscope itemtype=\"http:\/\/schema.org\/Rating\"><meta itemprop=\"worstRating\" content = \"0\" \/><meta itemprop=\"bestRating\" content=\"5\" \/><meta itemprop=\"ratingValue\" content=\"4.5\"><\/div>\n<p><strong>Yleisarvosana: 4.5\/5<\/strong><br \/>\n<strong>Tarkistusp\u00e4iv\u00e4:<\/strong> <span itemprop=\"datePublished\" content=\"2016-11-05\">05\/11\/2016<\/span>\n<\/div>\n<p>Lue lis\u00e4\u00e4 <a href=\"https:\/\/moverdb.com\/fi\/muuttoyritykset\/\">kansainv\u00e4liset muuttajat<\/a>, <a href=\"https:\/\/moverdb.com\/fi\/us-canada-movers\/\">Yhdysvaltain kotimaiset muuttajat<\/a> ja meid\u00e4n <a href=\"https:\/\/moverdb.com\/fi\/arvostelut\/\">tarkistusprosessi<\/a>.<\/p>\n<p><strong>Verkkosivusto:<\/strong> <a href=\"http:\/\/www.beltmann.com\/\" target=\"_blank\" rel=\"noopener\">http:\/\/www.beltmann.com\/<\/a><\/p>","protected":false},"excerpt":{"rendered":"<p>The Beltmann Relocation Group offers its customers a variety of moving services internationally and locally. These services are listed below together with a company profile and reviews. International Moves International corporate moves Individual moves United Nations Assistance and guidance with customs and immigration Assistance with pet relocation Door-to-door Move manager allocated Full service available Insurance [&hellip;]<\/p>\n","protected":false},"author":1,"featured_media":0,"parent":0,"menu_order":0,"comment_status":"closed","ping_status":"closed","template":"","meta":{"_genesis_hide_title":false,"_genesis_hide_breadcrumbs":false,"_genesis_hide_singular_image":false,"_genesis_hide_footer_widgets":false,"_genesis_custom_body_class":"","_genesis_custom_post_class":"","_genesis_layout":"","footnotes":""},"class_list":{"0":"post-1036","1":"page","2":"type-page","3":"status-publish","5":"entry"},"_links":{"self":[{"href":"https:\/\/moverdb.com\/fi\/wp-json\/wp\/v2\/pages\/1036","targetHints":{"allow":["GET"]}}],"collection":[{"href":"https:\/\/moverdb.com\/fi\/wp-json\/wp\/v2\/pages"}],"about":[{"href":"https:\/\/moverdb.com\/fi\/wp-json\/wp\/v2\/types\/page"}],"author":[{"embeddable":true,"href":"https:\/\/moverdb.com\/fi\/wp-json\/wp\/v2\/users\/1"}],"replies":[{"embeddable":true,"href":"https:\/\/moverdb.com\/fi\/wp-json\/wp\/v2\/comments?post=1036"}],"version-history":[{"count":6,"href":"https:\/\/moverdb.com\/fi\/wp-json\/wp\/v2\/pages\/1036\/revisions"}],"predecessor-version":[{"id":6182,"href":"https:\/\/moverdb.com\/fi\/wp-json\/wp\/v2\/pages\/1036\/revisions\/6182"}],"wp:attachment":[{"href":"https:\/\/moverdb.com\/fi\/wp-json\/wp\/v2\/media?parent=1036"}],"curies":[{"name":"wp","href":"https:\/\/api.w.org\/{rel}","templated":true}]}}