{"id":1034,"date":"2017-01-10T06:29:27","date_gmt":"2017-01-10T06:29:27","guid":{"rendered":"http:\/\/moverdb.com\/?page_id=1034"},"modified":"2026-05-15T14:59:54","modified_gmt":"2026-05-15T14:59:54","slug":"hilldrup-moving-storage","status":"publish","type":"page","link":"https:\/\/moverdb.com\/fi\/hilldrup-moving-storage\/","title":{"rendered":"Hilldrup Moving &amp; Storage: Hilldruphrin International Moving: International Moving Reviews"},"content":{"rendered":"<p>Hilldrup Moving and Storage sijaitsee Stafford VA:ssa. Yritys tarjoaa asiakkailleen erilaisia palveluita, jotka on lueteltu alla yhdess\u00e4 yrityksen profiilin ja arvostelujen kanssa.<\/p>\n<p><strong>Kansainv\u00e4liset muuttopalvelut<\/strong><\/p>\n<p>Muuttoapu<\/p>\n<ul>\n<li> Henkil\u00f6st\u00f6konsultointi ja strateginen suunnittelu<\/li>\n<li> Markkinointiavustus<\/li>\n<li> Kotimyyntiohjelma<\/li>\n<li> Kulujen hallinnointi<\/li>\n<li> Tilap\u00e4inen asumisj\u00e4rjestely<\/li>\n<li> Kansainv\u00e4liset toimeksiantopalvelut<\/li>\n<li> Kohde- ja kotiutumispalvelut<\/li>\n<li> Muutonhallintaohjelmat<\/li>\n<li> Palkkaukseen, verotukseen ja palkanlaskentaan liittyv\u00e4t n\u00e4k\u00f6kohdat<\/li>\n<li> R\u00e4\u00e4t\u00e4l\u00f6ity raportointi<\/li>\n<li> Kertakorvauksen hallinnointi<\/li>\n<\/ul>\n<p>Siirron hallinta<\/p>\n<ul>\n<li> Asiantunteva kansainv\u00e4lisen muuton neuvonantaja<\/li>\n<li> Hallinnoida kaikkia sis\u00e4maan ja meri-\/lentokuljetuksia.<\/li>\n<li> Apua passin, viisumien ja tullin kanssa<\/li>\n<\/ul>\n<p>Varastointimahdollisuudet<\/p>\n<ul>\n<li> Pitk\u00e4aikainen ja lyhytaikainen varastointi<\/li>\n<li> Rajoittamaton p\u00e4\u00e4sy varastovarastoihin eri puolilla maailmaa<\/li>\n<li> 24\/7 turvallisuus<\/li>\n<li> Sprinklerit ja palontorjuntaj\u00e4rjestelm\u00e4t<\/li>\n<li> DOD-sertifioitu<\/li>\n<li> 200,000 neli\u00f6jalkaa ilmastoitua varastotilaa saatavilla<\/li>\n<li> Autot, veneet ja asuntoautot<\/li>\n<li> Pitk\u00e4\u00e4n varastoitujen ajoneuvojen huolto.<\/li>\n<\/ul>\n<p><strong>Yritysten muutot - kansainv\u00e4liset ja paikalliset<\/strong><\/p>\n<p>L\u00e4ht\u00f6palvelut<\/p>\n<ul>\n<li> Kotimarkkinoinnin tuki<\/li>\n<li> Kiinteist\u00f6jen hallinta<\/li>\n<li> Kotitaloustavaroiden l\u00e4hetys<\/li>\n<li> Matka-apu<\/li>\n<\/ul>\n<p>Matkakohteen palvelut<\/p>\n<ul>\n<li> M\u00e4\u00e4r\u00e4np\u00e4\u00e4n suuntautuminen<\/li>\n<li> Kodin l\u00f6yt\u00e4minen Apua<\/li>\n<li> Asuntolainatuki<\/li>\n<li> V\u00e4liaikainen asuminen<\/li>\n<li> Vuokratuki<\/li>\n<li> Perheiden siirtym\u00e4vaiheen tuki<\/li>\n<\/ul>\n<p>Globaali toimeksianto<\/p>\n<ul>\n<li> Alueen suuntautuminen<\/li>\n<li> Tilap\u00e4inen asuminen<\/li>\n<li> Kielikoulutus<\/li>\n<li> Viisumi- ja maahanmuuttopalvelut<\/li>\n<li> Vuokrasopimuksen hallinta<\/li>\n<li> Kustannusennusteet<\/li>\n<li> Home L\u00f6yt\u00e4minen<\/li>\n<li> Palveluihin asettuminen<\/li>\n<li> Kulttuurienv\u00e4linen koulutus<\/li>\n<li> Koulun ja koulutuksen hakuapu<\/li>\n<li> Puolison\/kumppanin tukiohjelmat<\/li>\n<\/ul>\n<p><strong>Hallitus ja armeija<\/strong><\/p>\n<ul>\n<li> CHAMP<\/li>\n<li> DOD kotitalouksien muutto<\/li>\n<li> Liittovaltion toimitusten t\u00e4ydellinen siirtoaikataulu<\/li>\n<li> Toimiston siirt\u00e4minen liittovaltion tarvikeluettelo<\/li>\n<\/ul>\n<p><strong>Asuntojen muuttopalvelut<\/strong><\/p>\n<ul>\n<li> Ovelta ovelle<\/li>\n<li> T\u00e4ysi palvelu saatavilla<\/li>\n<li> Pitk\u00e4- ja lyhytaikaista varastointia saatavilla<\/li>\n<li> Pakkaaminen ja purkaminen<\/li>\n<li> J\u00e4rjestetty vakuutus<\/li>\n<li> Autoliikenne<\/li>\n<\/ul>\n<p><strong>Kaupalliset muuttopalvelut<\/strong><\/p>\n<ul>\n<li> Maailmanlaajuinen uudelleensijoittamisen hallinta<\/li>\n<li> Valtakunnalliset toimistonsiirrot<\/li>\n<li> Kampuksen asetukset<\/li>\n<li> Talousarvio\/kustannusanalyysi<\/li>\n<li> Asennus<\/li>\n<li> Uudelleenkonfigurointi<\/li>\n<li> Omaisuuden hallinta<\/li>\n<li> Varastointi<\/li>\n<li> IT-yhteyden katkaisu\/uudelleen kytkeminen<\/li>\n<li> Tietotekniikan mukautettu suunnittelutarveanalyysi<\/li>\n<li> Verkkopohjainen selvitys<\/li>\n<\/ul>\n<h2>Hilldrup Moving &amp; Storage Yrityksen profiili<\/h2>\n<p>R. G. Hilldrup perusti yrityksen, joka on nykyisin Hilldrup Moving and Storage Company, vuonna 1903. Yritys myytiin 1940-luvulla yhdelle sen ty\u00f6ntekij\u00f6ist\u00e4, C. B. McDanielille. Vuonna 1964 Hilldrup ryhtyi yhteisty\u00f6h\u00f6n <a href=\"https:\/\/moverdb.com\/fi\/united-van-lines\/\">United Van Lines<\/a> jonka ansiosta yritys pystyi laajentamaan palvelujaan huomattavasti. Yritys tarjoaa nyt paikallisia, kansallisia ja kansainv\u00e4lisi\u00e4 muuttoja yksityis- ja yritysasiakkaille sek\u00e4 laajat varastointimahdollisuudet. <\/p>\n<p>Hilldrupia johtaa nyt kolmannen sukupolven McDanielit, ja yritys uskoo vahvasti perheen vahvuuteen. T\u00e4m\u00e4n eetoksen he siirt\u00e4v\u00e4t asiakkailleen. Hilldrup haluaa antaa takaisin ja tukee monia hyv\u00e4ntekev\u00e4isyysj\u00e4rjest\u00f6j\u00e4 yhteis\u00f6iss\u00e4\u00e4n.<\/p>\n<p>Hilldrup Moving and Storage on saanut seuraavat akkreditoinnit ja j\u00e4senyydet:<\/p>\n<ul>\n<li> <a href=\"https:\/\/moverdb.com\/fi\/amsa\/\">American Moving and Storage Association<\/a> (<a href=\"https:\/\/moverdb.com\/fi\/amsa\/\" data-internallinksmanager029f6b8e52c=\"5\" title=\"American Moving &amp; Storage Association (AMSA) selitetty\">AMSA<\/a>)<\/li>\n<li> <a href=\"https:\/\/moverdb.com\/fi\/vanne-promover\/\">AMSA:n Registered International Mover (RIM) -sertifikaatti.<\/a><\/li>\n<li> American Trucking Association (ATA)<\/li>\n<li> Better Business Bureau kaikkien toimipisteiden osalta<\/li>\n<li> Kansainv\u00e4listen toimeksiantojen hallinnointikeskus (CIAM)<\/li>\n<li> Kotitaloustavaraliikenteen keskitetty hallintaohjelma (CHAMP)<\/li>\n<li> Sertifioidut muuttoammattilaiset (CRP) nimitykset<\/li>\n<li> CoreNet Global<\/li>\n<li> <a href=\"https:\/\/moverdb.com\/fi\/tyontekijan-uudelleensijoitusneuvosto\/\">Ty\u00f6ntekij\u00f6iden uudelleensijoitusneuvosto<\/a> (<a href=\"https:\/\/moverdb.com\/fi\/employee-relocation-council\/\" data-internallinksmanager029f6b8e52c=\"83\" title=\"Maailmanlaajuinen ty\u00f6ntekij\u00f6iden uudelleensijoitusneuvosto (ERC) selitetty\">ERC<\/a>)<\/li>\n<li> Liittovaltion merenkulkukomissio<\/li>\n<li> <a href=\"https:\/\/moverdb.com\/fi\/fidi-faim\/\">F\u00e9d\u00e9ration Internationale des D\u00e9m\u00e9nageurs Internationaux \/ Kansainv\u00e4listen muuttoyritysten liitto<\/a> (<a href=\"https:\/\/moverdb.com\/fi\/fidi-faim\/\" data-internallinksmanager029f6b8e52c=\"16\" title=\"FIDI &amp; FAIM (FIDI Accredited International Mover) selitettyin\u00e4\">FIDI<\/a>)<\/li>\n<li> FIDI FAIM\/ISO-sertifiointi<\/li>\n<li> Globaalin liikkuvuuden asiantuntijan (GMS) nimitykset<\/li>\n<li> <a href=\"https:\/\/moverdb.com\/fi\/hgfaa\/\">Kotitaloustavaroiden huolitsijoiden yhdistys<\/a> (HHGFA)<\/li>\n<li> <a href=\"https:\/\/moverdb.com\/fi\/iata\/\">Kansainv\u00e4linen ilmakuljetusliitto<\/a> (<a href=\"https:\/\/moverdb.com\/fi\/iata\/\" data-internallinksmanager029f6b8e52c=\"22\" title=\"Kansainv\u00e4lisen ilmakuljetusliiton (IATA) selitykset\">IATA<\/a>)<\/li>\n<li> <a href=\"https:\/\/moverdb.com\/fi\/olen\/\">Kansainv\u00e4linen muuttajien liitto<\/a> (<a href=\"https:\/\/moverdb.com\/fi\/iam\/\" data-internallinksmanager029f6b8e52c=\"23\" title=\"Kansainv\u00e4linen muuttajien liitto (IAM) selitetty\">IAM<\/a>)<\/li>\n<li> International Facilities Management Association (IFMA)<\/li>\n<li> ISO 9001:2000 -sertifiointi<\/li>\n<li> <a href=\"https:\/\/moverdb.com\/fi\/lacma\/\">Latinalaisen Amerikan ja Karibian alueen muuttajien yhdistys<\/a> (<a href=\"https:\/\/moverdb.com\/fi\/lacma\/\" data-internallinksmanager029f6b8e52c=\"28\" title=\"Latinalaisen Amerikan ja Karibian alueen kansainv\u00e4listen muuttajien yhdistys (LACMA)\">LACMA<\/a>)<\/li>\n<li> Professional Employee Relocation Council International (PERC International) (Kansainv\u00e4linen ammattilaisten uudelleensijoitusneuvosto)<\/li>\n<li> <a href=\"https:\/\/moverdb.com\/fi\/vanne-promover\/\">ProMover<\/a><\/li>\n<li> UniGroup Worldwide sertifioitu kansainv\u00e4linen huolitsija<\/li>\n<li> UniGroup Worldwide UTS Agent Forwarder - huolitsija<\/li>\n<\/ul>\n<h2>Hilldrup Moving &amp; Storage Arvostelut<\/h2>\n<p><strong>Positiivinen:<\/strong><\/p>\n<ul>\n<li> <em>\"He siirsiv\u00e4t kaiken sis\u00e4\u00e4n ja tekiv\u00e4t hienoa ty\u00f6t\u00e4.  My\u00f6s taustatoimisto oli aika ihana vastatessaan kysymyksiin ja varmistaessaan, ett\u00e4 tiesimme kaiken muutosta.\"<\/em> - Michael S. kautta <a href=\"https:\/\/www.yelp.co.uk\/biz\/hilldrup-moving-and-storage-stafford?hrid=hESxKCc7GvTBdlp-kN4udw&#038;utm_campaign=www_review_share_popup&#038;utm_medium=copy_link&#038;utm_source=(direct)\" target=\"_blank\" rel=\"noopener\">Yelp<\/a>.<\/li>\n<li> <em>\"Emme olisi voineet olla tyytyv\u00e4isempi\u00e4 t\u00e4h\u00e4n yritykseen, arvioinnista lopulliseen toimitukseen he olivat ajoissa, ammattitaitoisia, kohteliaita ja eritt\u00e4in yst\u00e4v\u00e4llisi\u00e4.\"<\/em> - The Yarbs kautta <a href=\"https:\/\/www.bbb.org\/richmond\/business-reviews\/movers\/hilldrup-moving-storage-in-stafford-va-37026248\/reviews-and-complaints\" target=\"_blank\" rel=\"noopener\">BBB<\/a><\/li>\n<\/ul>\n<p><strong>Negatiivinen:<\/strong><\/p>\n<ul>\n<li> <em>\"N\u00e4m\u00e4 tyypit ovat kamalia. Tied\u00e4n, ett\u00e4 kun hankit ammattimaisia muuttomiehi\u00e4, odotat, ett\u00e4 jotkin asiat menev\u00e4t rikki, se on vain osa prosessia. Ongelma on, ett\u00e4 l\u00f6ysimme asioita, jotka olivat rikki todella typerien virheiden takia.\"<\/em> - Nick T. kautta <a href=\"https:\/\/www.yelp.co.uk\/biz\/hilldrup-moving-and-storage-stafford?hrid=tgu5ZfofrNJ6h_HXaIX9PQ&#038;utm_campaign=www_review_share_popup&#038;utm_medium=copy_link&#038;utm_source=(direct)\" target=\"_blank\" rel=\"noopener\">Yelp<\/a><\/li>\n<li> <em>\"Hilldrupista tulleella kuljettajalla ei siis ollut kokemusta purkamisesta ja tavaroiden tuomisesta korkeisiin rakennuksiin. T\u00e4m\u00e4 on eritt\u00e4in huonoa ja niin ep\u00e4ammattimaista.\"<\/em> - Sharad kautta <a href=\"https:\/\/www.mymovingreviews.com\/movers\/hilldrup-3657\" target=\"_blank\" rel=\"noopener\">MyMoingReviews.com-sivusto<\/a><\/li>\n<\/ul>\n<div itemprop=\"review\" itemscope itemtype=\"http:\/\/schema.org\/Review\">\n<span itemprop=\"author\" itemscope=\"\" itemtype=\"http:\/\/schema.org\/Organization\"><span itemprop=\"name\">MoverDB.com<\/span><\/span> Verkkosivuston arvostelu <span itemprop=\"itemreviewed\" itemscope=\"\" itemtype=\"http:\/\/schema.org\/Brand\"><span itemprop=\"name\">Hilldrup Moving &amp; Storage<\/span><\/span>:<\/p>\n<ol>\n<li> Selke\u00e4t yhteystiedot verkkosivustolla (my\u00f6s puhelinnumero): <strong>Kyll\u00e4<\/strong><\/li>\n<li> Helppo saada <a href=\"https:\/\/moverdb.com\/fi\/lainauksia\/\">kansainv\u00e4liset muutto tarjoukset<\/a>? (Online-arviolomake): <strong>Kyll\u00e4<\/strong><\/li>\n<li> Selke\u00e4t tiedot verkkosivustolla: <strong>Kyll\u00e4,<\/strong> Verkkosivusto on hyvin suunniteltu, ja siin\u00e4 esitell\u00e4\u00e4n selke\u00e4sti tarjotut tuotteet ja palvelut.<\/li>\n<li> J\u00e4senyys kansainv\u00e4lisiss\u00e4 tunnustetuissa liikkuvissa j\u00e4rjest\u00f6iss\u00e4: <strong>Kyll\u00e4<\/strong>, monet, ks. edell\u00e4<\/li>\n<li> Luettelo asiakkaista ja\/tai aiempien asiakkaiden suosittelut. <strong>Kyll\u00e4,<\/strong> vaikka he listaavat palkintojaan ja sidonnaisuuksiaan verkkosivuillaan, emme l\u00f6yt\u00e4neet luetteloa asiakkaiden suositteluista. Heill\u00e4 on kuitenkin yleisesti ottaen postie-arvosteluja eri puolilta verkkoa.<\/li>\n<\/ol>\n<div itemprop=\"reviewRating\" itemscope itemtype=\"http:\/\/schema.org\/Rating\"><meta itemprop=\"worstRating\" content = \"0\" \/><meta itemprop=\"bestRating\" content=\"5\" \/><meta itemprop=\"ratingValue\" content=\"4.5\"><\/div>\n<p><strong>Yleisarvosana: 4.5\/5<\/strong><br \/>\n<strong>Tarkistusp\u00e4iv\u00e4:<\/strong> <span itemprop=\"datePublished\" content=\"2017-01-10\">10\/01\/2017<\/span>\n<\/div>\n<p>Lue lis\u00e4\u00e4 <a href=\"https:\/\/moverdb.com\/fi\/muuttoyritykset\/\">kansainv\u00e4liset muuttofirmat<\/a>, <a href=\"https:\/\/moverdb.com\/fi\/us-canada-movers\/\">kotimaiset muuttofirmat<\/a> ja meid\u00e4n <a href=\"https:\/\/moverdb.com\/fi\/arvostelut\/\">tarkistusprosessin selitys<\/a>.<\/p>\n<p><strong>Verkkosivusto:<\/strong> <a href=\"https:\/\/www.hilldrup.com\/\" target=\"_blank\" rel=\"noopener\">https:\/\/www.hilldrup.com\/<\/a><\/p>","protected":false},"excerpt":{"rendered":"<p>Hilldrup Moving and Storage is based in Stafford VA. The company offers its client a variety of services which are listed below, together with a company profile and reviews. International Moving Services Relocation Assistance Human Resource Consulting and Strategic Planning Marketing Assistance Home Sales Program Expense Administration Temporary Living Arrangement International Assignment Services Destination and [&hellip;]<\/p>\n","protected":false},"author":1,"featured_media":0,"parent":0,"menu_order":0,"comment_status":"closed","ping_status":"closed","template":"","meta":{"_genesis_hide_title":false,"_genesis_hide_breadcrumbs":false,"_genesis_hide_singular_image":false,"_genesis_hide_footer_widgets":false,"_genesis_custom_body_class":"","_genesis_custom_post_class":"","_genesis_layout":"","footnotes":""},"class_list":{"0":"post-1034","1":"page","2":"type-page","3":"status-publish","5":"entry"},"_links":{"self":[{"href":"https:\/\/moverdb.com\/fi\/wp-json\/wp\/v2\/pages\/1034","targetHints":{"allow":["GET"]}}],"collection":[{"href":"https:\/\/moverdb.com\/fi\/wp-json\/wp\/v2\/pages"}],"about":[{"href":"https:\/\/moverdb.com\/fi\/wp-json\/wp\/v2\/types\/page"}],"author":[{"embeddable":true,"href":"https:\/\/moverdb.com\/fi\/wp-json\/wp\/v2\/users\/1"}],"replies":[{"embeddable":true,"href":"https:\/\/moverdb.com\/fi\/wp-json\/wp\/v2\/comments?post=1034"}],"version-history":[{"count":3,"href":"https:\/\/moverdb.com\/fi\/wp-json\/wp\/v2\/pages\/1034\/revisions"}],"predecessor-version":[{"id":6220,"href":"https:\/\/moverdb.com\/fi\/wp-json\/wp\/v2\/pages\/1034\/revisions\/6220"}],"wp:attachment":[{"href":"https:\/\/moverdb.com\/fi\/wp-json\/wp\/v2\/media?parent=1034"}],"curies":[{"name":"wp","href":"https:\/\/api.w.org\/{rel}","templated":true}]}}