{"id":10260,"date":"2023-06-22T15:32:42","date_gmt":"2023-06-22T15:32:42","guid":{"rendered":"https:\/\/moverdb.com\/?page_id=10260"},"modified":"2026-01-08T15:30:25","modified_gmt":"2026-01-08T15:30:25","slug":"moving-companies-zambia","status":"publish","type":"page","link":"https:\/\/moverdb.com\/fi\/moving-companies\/moving-companies-zambia\/","title":{"rendered":"Parhaat kansainv\u00e4liset muuttoyritykset Sambiassa"},"content":{"rendered":"<p>Muutto voi olla yksi stressaavimmista asioista, joita teet, joten palveluiden k\u00e4ytt\u00e4minen <a href=\"https:\/\/moverdb.com\/fi\/moving-companies\/\" data-internallinksmanager029f6b8e52c=\"79\" title=\"Top 25 Kansainv\u00e4list\u00e4 muuttoyrityksi\u00e4 verkossa\">muuttofirma<\/a> voi v\u00e4hent\u00e4\u00e4 painetta ja tehd\u00e4 liikkumisesta helpompaa. Alla on luettelo Sambiassa sijaitsevista yrityksist\u00e4. <a href=\"https:\/\/moverdb.com\/fi\/international-removals\/\" data-internallinksmanager029f6b8e52c=\"27\" title=\"36 Parhaat kansainv\u00e4liset muuttoyritykset Yhdistyneess\u00e4 kuningaskunnassa\">muuttofirmat<\/a> jotka ovat j\u00e4seni\u00e4 <a href=\"https:\/\/moverdb.com\/fi\/iam\/\" data-internallinksmanager029f6b8e52c=\"23\" title=\"Kansainv\u00e4linen muuttajien liitto (IAM) selitetty\">Kansainv\u00e4linen muuttajien liitto<\/a> (IAM) ja\/tai <a href=\"https:\/\/moverdb.com\/fi\/fidi-faim\/\" data-internallinksmanager029f6b8e52c=\"16\" title=\"FIDI &amp; FAIM (FIDI Accredited International Mover) selitettyin\u00e4\">FIDI<\/a> Accredited International Mover (FAIM), joka voi auttaa sinua muutossasi.<\/p>\n<h2><strong>Stuttafordsin muutot <\/strong><\/h2>\n<p><img loading=\"lazy\" decoding=\"async\" class=\"alignnone size-full wp-image-10261\" src=\"https:\/\/moverdb.com\/wp-content\/uploads\/Stuttafords-Removals-Zambia-international-moving-company.png\" alt=\"Stuttafords Removals Sambia kansainv\u00e4linen muuttoyhti\u00f6\" width=\"1440\" height=\"708\" data-wp-pid=\"10261\" srcset=\"https:\/\/moverdb.com\/wp-content\/uploads\/Stuttafords-Removals-Zambia-international-moving-company.png 1440w, https:\/\/moverdb.com\/wp-content\/uploads\/Stuttafords-Removals-Zambia-international-moving-company-300x148.png 300w, https:\/\/moverdb.com\/wp-content\/uploads\/Stuttafords-Removals-Zambia-international-moving-company-1024x503.png 1024w, https:\/\/moverdb.com\/wp-content\/uploads\/Stuttafords-Removals-Zambia-international-moving-company-18x9.png 18w, https:\/\/moverdb.com\/wp-content\/uploads\/Stuttafords-Removals-Zambia-international-moving-company-600x295.png 600w\" sizes=\"auto, (max-width: 1440px) 100vw, 1440px\" \/><\/p>\n<ul>\n<li>Paikalliset siirrot<\/li>\n<li>Kansainv\u00e4liset siirrot<\/li>\n<li>Kotitalouksien muutot<\/li>\n<li>Kaupalliset siirrot<\/li>\n<li>Ovelta ovelle ja ovelta<a href=\"https:\/\/moverdb.com\/fi\/top-49-container-ports\/\" data-internallinksmanager029f6b8e52c=\"80\" title=\"Top 49 suurinta ja vilkkainta konttisatamaa vuonna 2025\">satama<\/a> palvelu<\/li>\n<li>Pakkauspalvelu<\/li>\n<li>Lento- ja merirahti<\/li>\n<li>Tulliselvitys<\/li>\n<li>Ajoneuvojen kuljetus<\/li>\n<li>Lyhytaikainen ja pitk\u00e4aikainen varastointi<\/li>\n<\/ul>\n<p>Stuttafords Removals on vuonna 1993 perustettu riippumaton kansainv\u00e4linen muuttofirma, jonka kotipaikka on Lusaka. Se on osa SGI Group -yritysryhm\u00e4\u00e4, jolla on toimipisteit\u00e4 kaikkialla Afrikassa. Yrityksell\u00e4 on muuttotoimistojen, alan kumppanuuksien ja yhteisty\u00f6kumppaneiden verkosto eri puolilla maailmaa, jotta se voi tarjota palveluitaan. Yritys on IAM:n j\u00e4sen, jolla on 30 vuoden kokemus, ja se on FIDI:n akkreditoima.<\/p>\n<p>Stuttafords Removals tarjoaa ovelta ovelle ja ovelta satamaan muuttopalveluja, jotka alkavat ilmaisella muuttokonsultaatiolla ja tarjouksella. He tarjoavat kansainv\u00e4listen standardien mukaista pakkauspalvelua, johon sis\u00e4ltyy tavaroiden k\u00e4\u00e4riminen ja laatikointi. Tavarasi, mukaan lukien ajoneuvot, l\u00e4hetet\u00e4\u00e4n tulliselvityksen kanssa.<\/p>\n<p>Verkkosivusto: <a href=\"http:\/\/www.stuttafordsremovalszambia.com\" target=\"_blank\" rel=\"noopener\">http:\/\/www.stuttafordsremovalszambia.com<\/a><\/p>","protected":false},"excerpt":{"rendered":"<p>Moving can be one of the most stressful things you do so enlisting the services of a moving company can reduce the pressure and make moving simpler. Below we have compiled a list of Zambia based removal companies that are members of the International Association of Movers (IAM) and\/or FIDI Accredited International Mover (FAIM) who [&hellip;]<\/p>\n","protected":false},"author":4,"featured_media":10261,"parent":190,"menu_order":0,"comment_status":"closed","ping_status":"closed","template":"","meta":{"_genesis_hide_title":false,"_genesis_hide_breadcrumbs":false,"_genesis_hide_singular_image":false,"_genesis_hide_footer_widgets":false,"_genesis_custom_body_class":"","_genesis_custom_post_class":"","_genesis_layout":"","footnotes":""},"class_list":{"0":"post-10260","1":"page","2":"type-page","3":"status-publish","4":"has-post-thumbnail","6":"entry"},"_links":{"self":[{"href":"https:\/\/moverdb.com\/fi\/wp-json\/wp\/v2\/pages\/10260","targetHints":{"allow":["GET"]}}],"collection":[{"href":"https:\/\/moverdb.com\/fi\/wp-json\/wp\/v2\/pages"}],"about":[{"href":"https:\/\/moverdb.com\/fi\/wp-json\/wp\/v2\/types\/page"}],"author":[{"embeddable":true,"href":"https:\/\/moverdb.com\/fi\/wp-json\/wp\/v2\/users\/4"}],"replies":[{"embeddable":true,"href":"https:\/\/moverdb.com\/fi\/wp-json\/wp\/v2\/comments?post=10260"}],"version-history":[{"count":1,"href":"https:\/\/moverdb.com\/fi\/wp-json\/wp\/v2\/pages\/10260\/revisions"}],"predecessor-version":[{"id":10262,"href":"https:\/\/moverdb.com\/fi\/wp-json\/wp\/v2\/pages\/10260\/revisions\/10262"}],"up":[{"embeddable":true,"href":"https:\/\/moverdb.com\/fi\/wp-json\/wp\/v2\/pages\/190"}],"wp:featuredmedia":[{"embeddable":true,"href":"https:\/\/moverdb.com\/fi\/wp-json\/wp\/v2\/media\/10261"}],"wp:attachment":[{"href":"https:\/\/moverdb.com\/fi\/wp-json\/wp\/v2\/media?parent=10260"}],"curies":[{"name":"wp","href":"https:\/\/api.w.org\/{rel}","templated":true}]}}