{"id":10257,"date":"2023-06-22T15:34:17","date_gmt":"2023-06-22T15:34:17","guid":{"rendered":"https:\/\/moverdb.com\/?page_id=10257"},"modified":"2026-01-08T15:29:05","modified_gmt":"2026-01-08T15:29:05","slug":"moving-companies-vietnam","status":"publish","type":"page","link":"https:\/\/moverdb.com\/fi\/moving-companies\/moving-companies-vietnam\/","title":{"rendered":"5 parasta kansainv\u00e4list\u00e4 muuttoyrityst\u00e4 Vietnamissa"},"content":{"rendered":"<p>Harkitsetko muuttoa seuraaviin paikkoihin, paikkakunnalta tai paikkakunnan sis\u00e4ll\u00e4? <a href=\"https:\/\/moverdb.com\/fi\/moving-to-vietnam\/\" data-internallinksmanager029f6b8e52c=\"390\" title=\"Muutatko Vietnamiin? 2023 Elinkustannukset ja muuttovinkit\">Vietnam<\/a>? Getting a <a href=\"https:\/\/moverdb.com\/fi\/moving-companies\/\" data-internallinksmanager029f6b8e52c=\"79\" title=\"Top 25 Kansainv\u00e4list\u00e4 muuttoyrityksi\u00e4 verkossa\">muuttofirma<\/a> voi helpottaa prosessia, sill\u00e4 he voivat pakata tavarasi, j\u00e4rjest\u00e4\u00e4 kuljetuksen ja hoitaa tullimenettelyt. Alla on luettelo Vietnamissa toimivista yrityksist\u00e4. <a href=\"https:\/\/moverdb.com\/fi\/international-removals\/\" data-internallinksmanager029f6b8e52c=\"27\" title=\"36 Parhaat kansainv\u00e4liset muuttoyritykset Yhdistyneess\u00e4 kuningaskunnassa\">muuttofirmat<\/a> jotka ovat j\u00e4seni\u00e4 <a href=\"https:\/\/moverdb.com\/fi\/iam\/\" data-internallinksmanager029f6b8e52c=\"23\" title=\"Kansainv\u00e4linen muuttajien liitto (IAM) selitetty\">Kansainv\u00e4linen muuttajien liitto<\/a> (IAM) ja\/tai <a href=\"https:\/\/moverdb.com\/fi\/fidi-faim\/\" data-internallinksmanager029f6b8e52c=\"16\" title=\"FIDI &amp; FAIM (FIDI Accredited International Mover) selitettyin\u00e4\">FIDI<\/a> Accredited International Mover (FAIM), joka voi auttaa sinua muutossasi.<\/p>\n<div id=\"ez-toc-container\" class=\"ez-toc-v2_0_82_2 ez-toc-wrap-left counter-hierarchy ez-toc-counter ez-toc-transparent ez-toc-container-direction\">\n<div class=\"ez-toc-title-container\">\n<p class=\"ez-toc-title\" style=\"cursor:inherit\">Jaksot<\/p>\n<span class=\"ez-toc-title-toggle\"><a href=\"#\" class=\"ez-toc-pull-right ez-toc-btn ez-toc-btn-xs ez-toc-btn-default ez-toc-toggle\" aria-label=\"Sis\u00e4llysluettelon vaihtaminen\"><span class=\"ez-toc-js-icon-con\"><span class=\"\"><span class=\"eztoc-hide\" style=\"display:none;\">Toggle<\/span><span class=\"ez-toc-icon-toggle-span\"><svg style=\"fill: #999;color:#999\" xmlns=\"http:\/\/www.w3.org\/2000\/svg\" class=\"list-377408\" width=\"20px\" height=\"20px\" viewbox=\"0 0 24 24\" fill=\"none\"><path d=\"M6 6H4v2h2V6zm14 0H8v2h12V6zM4 11h2v2H4v-2zm16 0H8v2h12v-2zM4 16h2v2H4v-2zm16 0H8v2h12v-2z\" fill=\"currentColor\"><\/path><\/svg><svg style=\"fill: #999;color:#999\" class=\"arrow-unsorted-368013\" xmlns=\"http:\/\/www.w3.org\/2000\/svg\" width=\"10px\" height=\"10px\" viewbox=\"0 0 24 24\" version=\"1.2\" baseprofile=\"tiny\"><path d=\"M18.2 9.3l-6.2-6.3-6.2 6.3c-.2.2-.3.4-.3.7s.1.5.3.7c.2.2.4.3.7.3h11c.3 0 .5-.1.7-.3.2-.2.3-.5.3-.7s-.1-.5-.3-.7zM5.8 14.7l6.2 6.3 6.2-6.3c.2-.2.3-.5.3-.7s-.1-.5-.3-.7c-.2-.2-.4-.3-.7-.3h-11c-.3 0-.5.1-.7.3-.2.2-.3.5-.3.7s.1.5.3.7z\"\/><\/svg><\/span><\/span><\/span><\/a><\/span><\/div>\n<nav><ul class='ez-toc-list ez-toc-list-level-1 eztoc-toggle-hide-by-default' ><li class='ez-toc-page-1 ez-toc-heading-level-2'><a class=\"ez-toc-link ez-toc-heading-1\" href=\"https:\/\/moverdb.com\/fi\/moving-companies\/moving-companies-vietnam\/#1_EVo_Moves\" >1. EVo Moves<\/a><\/li><li class='ez-toc-page-1 ez-toc-heading-level-2'><a class=\"ez-toc-link ez-toc-heading-2\" href=\"https:\/\/moverdb.com\/fi\/moving-companies\/moving-companies-vietnam\/#2_Prime_Relocations_Asia\" >2. Prime Relocations Aasia<\/a><\/li><li class='ez-toc-page-1 ez-toc-heading-level-2'><a class=\"ez-toc-link ez-toc-heading-3\" href=\"https:\/\/moverdb.com\/fi\/moving-companies\/moving-companies-vietnam\/#3_Logical_Moves\" >3. Loogiset liikkeet<\/a><\/li><li class='ez-toc-page-1 ez-toc-heading-level-2'><a class=\"ez-toc-link ez-toc-heading-4\" href=\"https:\/\/moverdb.com\/fi\/moving-companies\/moving-companies-vietnam\/#4_Santa_Fe_Relocation\" >4. Santa Fe:n uudelleensijoittaminen<\/a><\/li><li class='ez-toc-page-1 ez-toc-heading-level-2'><a class=\"ez-toc-link ez-toc-heading-5\" href=\"https:\/\/moverdb.com\/fi\/moving-companies\/moving-companies-vietnam\/#5_Saigon_Van\" >5. Saigon Van<\/a><\/li><li class='ez-toc-page-1 ez-toc-heading-level-2'><a class=\"ez-toc-link ez-toc-heading-6\" href=\"https:\/\/moverdb.com\/fi\/moving-companies\/moving-companies-vietnam\/#Other_Useful_Guides_to_Vietnam\" >Muita hy\u00f6dyllisi\u00e4 oppaita Vietnamiin<\/a><\/li><\/ul><\/nav><\/div>\n<h2><span class=\"ez-toc-section\" id=\"1_EVo_Moves\"><\/span><strong>1. EVo Moves<\/strong><span class=\"ez-toc-section-end\"><\/span><\/h2>\n<p><img loading=\"lazy\" decoding=\"async\" class=\"alignnone size-full wp-image-10115\" src=\"https:\/\/moverdb.com\/wp-content\/uploads\/EVo-Moves-international-moving-company.png\" alt=\"EVo Moves kansainv\u00e4linen muuttofirma\" width=\"1440\" height=\"683\" data-wp-pid=\"10115\" srcset=\"https:\/\/moverdb.com\/wp-content\/uploads\/EVo-Moves-international-moving-company.png 1440w, https:\/\/moverdb.com\/wp-content\/uploads\/EVo-Moves-international-moving-company-300x142.png 300w, https:\/\/moverdb.com\/wp-content\/uploads\/EVo-Moves-international-moving-company-1024x486.png 1024w, https:\/\/moverdb.com\/wp-content\/uploads\/EVo-Moves-international-moving-company-18x9.png 18w, https:\/\/moverdb.com\/wp-content\/uploads\/EVo-Moves-international-moving-company-600x285.png 600w\" sizes=\"auto, (max-width: 1440px) 100vw, 1440px\" \/><\/p>\n<ul>\n<li>Kansalliset siirrot<\/li>\n<li>Kansainv\u00e4liset siirrot<\/li>\n<li>Kotitalouksien muutot<\/li>\n<li>Toimiston muutot<\/li>\n<li>Ovelta ovelle -palvelu<\/li>\n<li>Vientipakkaus<\/li>\n<li>Tulliselvitys<\/li>\n<li>Lemmikkiel\u00e4inten kuljetus<\/li>\n<li>Vakuutus<\/li>\n<li>Lyhytaikainen ja pitk\u00e4aikainen varastointi<\/li>\n<\/ul>\n<p>EVo Moves on Ho Chi Minh Cityss\u00e4 toimiva kansainv\u00e4linen muuttofirma. Se on IAM:n j\u00e4sen, jolla on nelj\u00e4n vuoden kokemus, mik\u00e4 tarkoittaa, ett\u00e4 sill\u00e4 on p\u00e4\u00e4sy kansainv\u00e4liseen muuttofirmojen verkostoon, joka voi auttaa sit\u00e4.<\/p>\n<p>EVo Moves tarjoaa Vietnamissa asuville ilmaisen muuttoa edelt\u00e4v\u00e4n kartoituksen, jossa arvioidaan muuton tarpeet, ja se antaa tarjouksen ovelta ovelle. He tarjoavat kansainv\u00e4listen standardien mukaista pakkauspalvelua ja laatua, joka suojaa tavaroitasi kuljetuksen aikana. He j\u00e4rjest\u00e4v\u00e4t kansainv\u00e4lisen meri- tai ilmakuljetuksen, johon sis\u00e4ltyy kaikki riskit kattava merivakuutus ja tulliselvitys. Lis\u00e4palveluihin kuuluvat lemmikkiel\u00e4inten kuljetus, kaasutus ja varastointi.<\/p>\n<p>Verkkosivusto: <a href=\"http:\/\/www.evomoves.com\" target=\"_blank\" rel=\"noopener\">http:\/\/www.evomoves.com<\/a><\/p>\n<h2><span class=\"ez-toc-section\" id=\"2_Prime_Relocations_Asia\"><\/span><strong>2. Prime Relocations Aasia<\/strong><span class=\"ez-toc-section-end\"><\/span><\/h2>\n<p><img loading=\"lazy\" decoding=\"async\" class=\"alignnone size-full wp-image-10170\" src=\"https:\/\/moverdb.com\/wp-content\/uploads\/Prime-Relocations-Asia-international-moving-company.png\" alt=\"Prime Relocations Aasia kansainv\u00e4linen muuttoliikeyritys\" width=\"1440\" height=\"680\" data-wp-pid=\"10170\" srcset=\"https:\/\/moverdb.com\/wp-content\/uploads\/Prime-Relocations-Asia-international-moving-company.png 1440w, https:\/\/moverdb.com\/wp-content\/uploads\/Prime-Relocations-Asia-international-moving-company-300x142.png 300w, https:\/\/moverdb.com\/wp-content\/uploads\/Prime-Relocations-Asia-international-moving-company-1024x484.png 1024w, https:\/\/moverdb.com\/wp-content\/uploads\/Prime-Relocations-Asia-international-moving-company-18x9.png 18w, https:\/\/moverdb.com\/wp-content\/uploads\/Prime-Relocations-Asia-international-moving-company-600x283.png 600w\" sizes=\"auto, (max-width: 1440px) 100vw, 1440px\" \/><\/p>\n<ul>\n<li>Paikalliset ja kansalliset muutot<\/li>\n<li>Kansainv\u00e4liset muutot<\/li>\n<li>Kotitalouksien muutot<\/li>\n<li>Yritysten muutot<\/li>\n<li>Ovelta ovelle -palvelu<\/li>\n<li>T\u00e4ydellinen muuttopaketti<\/li>\n<li>Lemmikkiel\u00e4inten ja ajoneuvojen siirrot<\/li>\n<li>Korjausmiespalvelu<\/li>\n<li>Vakuutus<\/li>\n<li>Lyhyt- ja pitk\u00e4aikaisvarastot<\/li>\n<\/ul>\n<p>Prime Relocations Asia on kansainv\u00e4linen muuttofirma, jolla on toimistot Vietnamissa Hanoissa ja Ho Chi Minh Cityss\u00e4 sek\u00e4 toimistot Laosissa ja Laosissa. <a href=\"https:\/\/moverdb.com\/fi\/moving-to-cambodia\/\" data-internallinksmanager029f6b8e52c=\"340\" title=\"Muutatko Kambod\u017eaan? 2023 Elinkustannukset ja muuttovinkit\">Kambod\u017ea<\/a>. Heill\u00e4 on etuoikeutettujen kumppaneiden ja tyt\u00e4ryhti\u00f6iden verkosto, joka toimittaa muuttoja ulkomaille ja hallinnoi tullim\u00e4\u00e4r\u00e4yksi\u00e4. He ovat IAM:n j\u00e4sen, ja heill\u00e4 on 15 vuoden kokemus.<\/p>\n<p>Prime Relocations Asia tarjoaa yhden yhteyspisteen, joka hoitaa muuttosi, joka voi sis\u00e4lt\u00e4\u00e4 kotisi tai yrityksesi, lemmikkisi ja ajoneuvosi siirt\u00e4misen kattavan kuljetusvakuutuksen kera. Yritys tarjoaa lis\u00e4palveluja, joihin kuuluvat muun muassa tallimiespalvelu, pys\u00e4k\u00f6intipalvelu, siivouspalvelu, majoituksen etsiminen, perehdytys, l\u00e4ht\u00f6- ja saapumistuki.<\/p>\n<p>Verkkosivusto: <a href=\"http:\/\/www.primerelo.asia\" target=\"_blank\" rel=\"noopener\">http:\/\/www.primerelo.asia<\/a><\/p>\n<h2><span class=\"ez-toc-section\" id=\"3_Logical_Moves\"><\/span><strong>3. Loogiset liikkeet<\/strong><span class=\"ez-toc-section-end\"><\/span><\/h2>\n<p><img loading=\"lazy\" decoding=\"async\" class=\"alignnone size-full wp-image-10149\" src=\"https:\/\/moverdb.com\/wp-content\/uploads\/Logical-Moves-international-moving-company.png\" alt=\"Logical Moves kansainv\u00e4linen muuttofirma\" width=\"1440\" height=\"670\" data-wp-pid=\"10149\" srcset=\"https:\/\/moverdb.com\/wp-content\/uploads\/Logical-Moves-international-moving-company.png 1440w, https:\/\/moverdb.com\/wp-content\/uploads\/Logical-Moves-international-moving-company-300x140.png 300w, https:\/\/moverdb.com\/wp-content\/uploads\/Logical-Moves-international-moving-company-1024x476.png 1024w, https:\/\/moverdb.com\/wp-content\/uploads\/Logical-Moves-international-moving-company-18x8.png 18w, https:\/\/moverdb.com\/wp-content\/uploads\/Logical-Moves-international-moving-company-600x279.png 600w\" sizes=\"auto, (max-width: 1440px) 100vw, 1440px\" \/><\/p>\n<ul>\n<li>Paikalliset siirrot<\/li>\n<li>Kansainv\u00e4liset siirrot<\/li>\n<li>Kotitalouksien muutot<\/li>\n<li>Yrityssiirrot<\/li>\n<li>Muuttopalvelut<\/li>\n<li>Pakkauspalvelu<\/li>\n<li>Tulliselvitys<\/li>\n<li>L\u00e4ht\u00f6- ja kotiutumispalvelut<\/li>\n<li>Lemmikkiel\u00e4inten siirrot<\/li>\n<li>Turvallinen varastointi<\/li>\n<\/ul>\n<p>Logical Moves on vuonna 2005 perustettu riippumaton kansainv\u00e4linen muuttofirma, jonka kotipaikka on Ho Chi Minh City. Yrityksell\u00e4 on maailmanlaajuinen verkosto ja paikalliset resurssit, joiden avulla se pystyy tarjoamaan korkealaatuisia palveluja paikallisiin ja kansainv\u00e4lisiin muuttoihin. He ovat IAM:n j\u00e4sen 18 vuoden kokemuksella.<\/p>\n<p>Logical Moves tarjoaa ennen muuttoa konsultaation ja kotikatselmuksen muuttotarpeiden selvitt\u00e4miseksi. Se tarjoaa pakkauspalvelun, jolla varmistetaan tavaroitten turvallinen toimitus, ja huolehtii l\u00e4hetyksen suojauksesta ja tulliselvityksest\u00e4, ja saapuessasi se purkaa tavarat. He tarjoavat lis\u00e4palveluita, kuten viisumi- ja maahanmuuttotukea, kodin ja koulun etsimist\u00e4, l\u00e4ht\u00f6tukea, askartelupalveluja ja kotiutumispalveluita.<\/p>\n<p>Verkkosivusto: <a href=\"http:\/\/www.logicalmoves.net\" target=\"_blank\" rel=\"noopener\">http:\/\/www.logicalmoves.net<\/a><\/p>\n<h2><span class=\"ez-toc-section\" id=\"4_Santa_Fe_Relocation\"><\/span><strong>4. Santa Fe:n uudelleensijoittaminen<\/strong><span class=\"ez-toc-section-end\"><\/span><\/h2>\n<p><img loading=\"lazy\" decoding=\"async\" class=\"alignnone size-full wp-image-10181\" src=\"https:\/\/moverdb.com\/wp-content\/uploads\/Santa-Fe-Relocations-Vietnam-international-moving-company.png\" alt=\"Santa Fe Relocations Vietnam kansainv\u00e4linen muuttofirma\" width=\"1440\" height=\"681\" data-wp-pid=\"10181\" srcset=\"https:\/\/moverdb.com\/wp-content\/uploads\/Santa-Fe-Relocations-Vietnam-international-moving-company.png 1440w, https:\/\/moverdb.com\/wp-content\/uploads\/Santa-Fe-Relocations-Vietnam-international-moving-company-300x142.png 300w, https:\/\/moverdb.com\/wp-content\/uploads\/Santa-Fe-Relocations-Vietnam-international-moving-company-1024x484.png 1024w, https:\/\/moverdb.com\/wp-content\/uploads\/Santa-Fe-Relocations-Vietnam-international-moving-company-18x9.png 18w, https:\/\/moverdb.com\/wp-content\/uploads\/Santa-Fe-Relocations-Vietnam-international-moving-company-600x284.png 600w\" sizes=\"auto, (max-width: 1440px) 100vw, 1440px\" \/><\/p>\n<ul>\n<li>Paikalliset ja kansalliset siirrot<\/li>\n<li>Kansainv\u00e4liset siirrot<\/li>\n<li>Kotitalouksien muutot<\/li>\n<li>Yritysten uudelleensijoitukset<\/li>\n<li>Ovelta ovelle -palvelu<\/li>\n<li>Erikoispakkaukset<\/li>\n<li>Tulliselvitys<\/li>\n<li>Viisumit ja maahanmuutto<\/li>\n<li>Matkakohteen palvelut<\/li>\n<li>Turvallinen varastointi<\/li>\n<\/ul>\n<p>Santa Fe Relocation on kansainv\u00e4linen muutto- ja siirtoyritys, jolla on yli 130 vuoden kokemus, ja sill\u00e4 on 64 toimistoa 38 maassa, mukaan lukien Hanoi ja Ho Chi Minh City Vietnamissa. Se on IAM:n j\u00e4sen 17 vuoden kokemuksella, ja se on FIDI:n akkreditoima.<\/p>\n<p>Santa Fe Relocation tarjoaa ovelta ovelle -muuttopalveluja, ja ammattitaitoinen tiimi tukee sinua koko muuton ajan. He tarjoavat erikoistunutta pakkauspalvelua, joka suojaa tavaroitasi muuton aikana, mutta tarjoavat my\u00f6s kattavia l\u00e4hetyksen suojaussuunnitelmia. He tarjoavat lis\u00e4palveluita, joihin kuuluvat viisumi- ja maahanmuuttopalvelut, kotietsint\u00e4 ja muut kohdepalvelut.<\/p>\n<p>Verkkosivusto: <a href=\"https:\/\/www.santaferelo.com\/en\/contact\/our-offices\/vietnam-ho-chi-minh\/\" target=\"_blank\" rel=\"noopener\">https:\/\/www.santaferelo.com\/en\/contact\/our-offices\/vietnam-ho-chi-minh\/<\/a><\/p>\n<h2><span class=\"ez-toc-section\" id=\"5_Saigon_Van\"><\/span><strong>5. Saigon Van<\/strong><span class=\"ez-toc-section-end\"><\/span><\/h2>\n<p><img loading=\"lazy\" decoding=\"async\" class=\"alignnone size-full wp-image-10258\" src=\"https:\/\/moverdb.com\/wp-content\/uploads\/Saigon-Van-international-moving-company.png\" alt=\"Saigon Van kansainv\u00e4linen muuttofirma\" width=\"1440\" height=\"700\" data-wp-pid=\"10258\" srcset=\"https:\/\/moverdb.com\/wp-content\/uploads\/Saigon-Van-international-moving-company.png 1440w, https:\/\/moverdb.com\/wp-content\/uploads\/Saigon-Van-international-moving-company-300x146.png 300w, https:\/\/moverdb.com\/wp-content\/uploads\/Saigon-Van-international-moving-company-1024x498.png 1024w, https:\/\/moverdb.com\/wp-content\/uploads\/Saigon-Van-international-moving-company-18x9.png 18w, https:\/\/moverdb.com\/wp-content\/uploads\/Saigon-Van-international-moving-company-600x292.png 600w\" sizes=\"auto, (max-width: 1440px) 100vw, 1440px\" \/><\/p>\n<ul>\n<li>Paikalliset ja kansalliset siirrot<\/li>\n<li>Kansainv\u00e4liset siirrot<\/li>\n<li>Kotitalouksien muutot<\/li>\n<li>Toimiston muutot<\/li>\n<li>Pakkauspalvelu<\/li>\n<li>Tulliselvitys<\/li>\n<li>Lemmikkiel\u00e4inten siirrot<\/li>\n<li>Korjausmiespalvelu<\/li>\n<li>Vakuutus<\/li>\n<li>Varastointi<\/li>\n<\/ul>\n<p>Saigon Van on vuonna 1990 perustettu kansainv\u00e4linen muuttofirma, jonka kotipaikka on Ho Chi Minh City ja sivuliike Ha Noissa. Se tekee yhteisty\u00f6t\u00e4 kansainv\u00e4listen kollegojensa kanssa, jotta ne voivat tarjota palveluja Vietnamin ulkopuolella. He ovat IAM:n j\u00e4sen 33 vuoden kokemuksella, ja FIDI on akkreditoinut heid\u00e4t.<\/p>\n<p>Saigon Van tarjoaa paikallisia, kansallisia ja kansainv\u00e4lisi\u00e4 muutto- ja siirtopalveluja, jotka alkavat ennen muuttoa teht\u00e4v\u00e4ll\u00e4 kartoituksella. He tarjoavat kokeneen pakkausmiehist\u00f6n, joka k\u00e4\u00e4rii ja suojaa tavarasi. He j\u00e4rjest\u00e4v\u00e4t kuljetuksen tulliselvityksineen ja vakuutuksineen. Heid\u00e4n muuttopalveluihinsa kuuluvat viisumit, kouluun ilmoittautuminen, askartelupalvelut, siivouspalvelut ja varastointi.<\/p>\n<p>Verkkosivusto: <a href=\"http:\/\/www.saigonvan.com\/\" target=\"_blank\" rel=\"noopener\">http:\/\/www.saigonvan.com\/<\/a><\/p>\n<h2><span class=\"ez-toc-section\" id=\"Other_Useful_Guides_to_Vietnam\"><\/span>Muita hy\u00f6dyllisi\u00e4 oppaita Vietnamiin<span class=\"ez-toc-section-end\"><\/span><\/h2>\n<ul>\n<li> <a href=\"https:\/\/moverdb.com\/fi\/konttikuljetukset\/vietnam\/\">2024 merirahti konttien laivaushinnat Vietnamiin ja Vietnamista<\/a><\/li>\n<li> <a href=\"https:\/\/moverdb.com\/fi\/moving-to-vietnam\/\">Muutatko Vietnamiin? 2023 Elinkustannukset ja muuttovinkit<\/a><\/li>\n<li> <a href=\"https:\/\/moverdb.com\/fi\/moving-to-vietnam\/best-places-to-live-vietnam\/\">12 parasta paikkaa asua Vietnamissa<\/a><\/li>\n<\/ul>","protected":false},"excerpt":{"rendered":"<p>Are you thinking of moving to, from or within Vietnam? Getting a moving company to assist you can help ease the process as they can pack your effects, arrange transportation and manage customs procedures. Below we have compiled a list of Vietnam based removal companies that are members of the International Association of Movers (IAM) [&hellip;]<\/p>\n","protected":false},"author":4,"featured_media":10115,"parent":190,"menu_order":0,"comment_status":"closed","ping_status":"closed","template":"","meta":{"_genesis_hide_title":false,"_genesis_hide_breadcrumbs":false,"_genesis_hide_singular_image":false,"_genesis_hide_footer_widgets":false,"_genesis_custom_body_class":"","_genesis_custom_post_class":"","_genesis_layout":"","footnotes":""},"class_list":{"0":"post-10257","1":"page","2":"type-page","3":"status-publish","4":"has-post-thumbnail","6":"entry"},"_links":{"self":[{"href":"https:\/\/moverdb.com\/fi\/wp-json\/wp\/v2\/pages\/10257","targetHints":{"allow":["GET"]}}],"collection":[{"href":"https:\/\/moverdb.com\/fi\/wp-json\/wp\/v2\/pages"}],"about":[{"href":"https:\/\/moverdb.com\/fi\/wp-json\/wp\/v2\/types\/page"}],"author":[{"embeddable":true,"href":"https:\/\/moverdb.com\/fi\/wp-json\/wp\/v2\/users\/4"}],"replies":[{"embeddable":true,"href":"https:\/\/moverdb.com\/fi\/wp-json\/wp\/v2\/comments?post=10257"}],"version-history":[{"count":3,"href":"https:\/\/moverdb.com\/fi\/wp-json\/wp\/v2\/pages\/10257\/revisions"}],"predecessor-version":[{"id":16500,"href":"https:\/\/moverdb.com\/fi\/wp-json\/wp\/v2\/pages\/10257\/revisions\/16500"}],"up":[{"embeddable":true,"href":"https:\/\/moverdb.com\/fi\/wp-json\/wp\/v2\/pages\/190"}],"wp:featuredmedia":[{"embeddable":true,"href":"https:\/\/moverdb.com\/fi\/wp-json\/wp\/v2\/media\/10115"}],"wp:attachment":[{"href":"https:\/\/moverdb.com\/fi\/wp-json\/wp\/v2\/media?parent=10257"}],"curies":[{"name":"wp","href":"https:\/\/api.w.org\/{rel}","templated":true}]}}