{"id":10249,"date":"2023-06-22T15:38:39","date_gmt":"2023-06-22T15:38:39","guid":{"rendered":"https:\/\/moverdb.com\/?page_id=10249"},"modified":"2026-01-08T15:24:29","modified_gmt":"2026-01-08T15:24:29","slug":"moving-companies-uruguay","status":"publish","type":"page","link":"https:\/\/moverdb.com\/fi\/moving-companies\/moving-companies-uruguay\/","title":{"rendered":"3 parasta kansainv\u00e4list\u00e4 muuttofirmaa Uruguayssa"},"content":{"rendered":"<p>Muutto kotiin tai yrityksesi voi olla hektist\u00e4 ja stressaavaa aikaa, jolloin on paljon teht\u00e4v\u00e4\u00e4 ja j\u00e4rjestelt\u00e4v\u00e4\u00e4. T\u00e4ss\u00e4 tilanteessa <a href=\"https:\/\/moverdb.com\/fi\/moving-companies\/\" data-internallinksmanager029f6b8e52c=\"79\" title=\"Top 25 Kansainv\u00e4list\u00e4 muuttoyrityksi\u00e4 verkossa\">muuttofirma<\/a> voi auttaa sinua huolehtimalla monista teht\u00e4vist\u00e4, kuten pakkaamisesta, kuljetuksen j\u00e4rjest\u00e4misest\u00e4 ja tullij\u00e4rjestelyist\u00e4 maiden v\u00e4lisiss\u00e4 muutoissa. Olemme koonneet alla olevan luettelon Uruguayhin sijoittautuneista yrityksist\u00e4. <a href=\"https:\/\/moverdb.com\/fi\/international-removals\/\" data-internallinksmanager029f6b8e52c=\"27\" title=\"36 Parhaat kansainv\u00e4liset muuttoyritykset Yhdistyneess\u00e4 kuningaskunnassa\">muuttofirmat<\/a> jotka ovat j\u00e4seni\u00e4 <a href=\"https:\/\/moverdb.com\/fi\/iam\/\" data-internallinksmanager029f6b8e52c=\"23\" title=\"Kansainv\u00e4linen muuttajien liitto (IAM) selitetty\">Kansainv\u00e4linen muuttajien liitto<\/a> (IAM) ja\/tai <a href=\"https:\/\/moverdb.com\/fi\/fidi-faim\/\" data-internallinksmanager029f6b8e52c=\"16\" title=\"FIDI &amp; FAIM (FIDI Accredited International Mover) selitettyin\u00e4\">FIDI<\/a> Accredited International Mover (FAIM), joka voi auttaa sinua muutossasi.<\/p>\n<h2><strong>1. AB Moving<\/strong><\/h2>\n<p><img loading=\"lazy\" decoding=\"async\" class=\"alignnone size-full wp-image-10064\" src=\"https:\/\/moverdb.com\/wp-content\/uploads\/AB-Moving-international-moving-company.png\" alt=\"AB Moving kansainv\u00e4linen muuttofirma\" width=\"1440\" height=\"679\" data-wp-pid=\"10064\" srcset=\"https:\/\/moverdb.com\/wp-content\/uploads\/AB-Moving-international-moving-company.png 1440w, https:\/\/moverdb.com\/wp-content\/uploads\/AB-Moving-international-moving-company-300x141.png 300w, https:\/\/moverdb.com\/wp-content\/uploads\/AB-Moving-international-moving-company-1024x483.png 1024w, https:\/\/moverdb.com\/wp-content\/uploads\/AB-Moving-international-moving-company-18x8.png 18w, https:\/\/moverdb.com\/wp-content\/uploads\/AB-Moving-international-moving-company-600x283.png 600w\" sizes=\"auto, (max-width: 1440px) 100vw, 1440px\" \/><\/p>\n<ul>\n<li>Kansalliset siirrot<\/li>\n<li>Kansainv\u00e4liset siirrot<\/li>\n<li>Kotitalouksien muutot<\/li>\n<li>Liiketoiminnan siirrot<\/li>\n<li>Muuttopalvelut<\/li>\n<li>Ammattimainen pakkaus<\/li>\n<li>Lento-, meri- ja maakuljetukset<\/li>\n<li>Taiteen k\u00e4sittely<\/li>\n<li>Lemmikkiel\u00e4inten siirrot<\/li>\n<li>Turvallinen varastointi<\/li>\n<\/ul>\n<p>AB Moving on kansainv\u00e4linen muutto- ja siirtoyritys, jolla on yli 25 vuoden kokemus, ja sen kotipaikka on Montevideo. Yrityksell\u00e4 on agenttiverkosto ymp\u00e4ri maailmaa, jonka ansiosta se pystyy toimittamaan muuttoja kaikkialle maailmaan. He ovat IAM:n j\u00e4sen, jolla on 15 vuoden kokemus.<\/p>\n<p>AB Moving tarjoaa yksil\u00f6llisi\u00e4 palveluja, jotka on r\u00e4\u00e4t\u00e4l\u00f6ity tarpeidesi mukaan ja jotka tarjoavat palvelua ovelta ovelle. Se tarjoaa ammattitaitoista pakkauspalvelua, jossa k\u00e4ytet\u00e4\u00e4n korkealaatuisia materiaaleja ja mittatilausty\u00f6n\u00e4 valmistettuja puisia luurankoja tavaroiden suojaamiseksi. He j\u00e4rjest\u00e4v\u00e4t kuljetuksen lento-, meri- tai maantiekuljetuksena kaikkine tarvittavine asiakirjoineen.<\/p>\n<p>Verkkosivusto: <a href=\"http:\/\/www.ab.com.uy\" target=\"_blank\" rel=\"noopener\">http:\/\/www.ab.com.uy<\/a><\/p>\n<h2><strong>2. Autogiro<\/strong><\/h2>\n<p><img loading=\"lazy\" decoding=\"async\" class=\"alignnone size-full wp-image-10085\" src=\"https:\/\/moverdb.com\/wp-content\/uploads\/Autogiro-international-moving-company.png\" alt=\"Autogiro kansainv\u00e4linen muuttoyhti\u00f6\" width=\"1440\" height=\"682\" data-wp-pid=\"10085\" srcset=\"https:\/\/moverdb.com\/wp-content\/uploads\/Autogiro-international-moving-company.png 1440w, https:\/\/moverdb.com\/wp-content\/uploads\/Autogiro-international-moving-company-300x142.png 300w, https:\/\/moverdb.com\/wp-content\/uploads\/Autogiro-international-moving-company-1024x485.png 1024w, https:\/\/moverdb.com\/wp-content\/uploads\/Autogiro-international-moving-company-18x9.png 18w, https:\/\/moverdb.com\/wp-content\/uploads\/Autogiro-international-moving-company-600x284.png 600w\" sizes=\"auto, (max-width: 1440px) 100vw, 1440px\" \/><\/p>\n<ul>\n<li>Kansalliset siirrot<\/li>\n<li>Kansainv\u00e4liset siirrot<\/li>\n<li>Asuntojen muutot<\/li>\n<li>Yritysten muutot<\/li>\n<li>Muuttopalvelut<\/li>\n<li>Pakkauspalvelu<\/li>\n<li>Kuljetusj\u00e4rjestelyt<\/li>\n<li>Taideteosten k\u00e4sittely<\/li>\n<li>Lemmikkiel\u00e4inten kuljetus<\/li>\n<li>Turvallinen varastointi<\/li>\n<\/ul>\n<p>Autogiro on vuonna 1925 perustettu muutto- ja rahtikuljetusyritys, jonka kotipaikka on Montevideossa. Yritys on luonut yhteyksi\u00e4 eri puolilla maailmaa toimiviin edustajiin, jotka toimittavat korkeatasoisia palveluja kansainv\u00e4listen palvelujen tarjoamiseksi. Yritys on IAM:n j\u00e4sen, jolla on 98 vuoden kokemus, ja se on FIDI:n akkreditoima.<\/p>\n<p>Autogiro arvioi ensin muuttosi m\u00e4\u00e4r\u00e4n ja antaa tarjouksen ovelta ovelle -siirrosta sek\u00e4 tullineuvontaa. Autogiro pakkaa tavarasi ja suojaa ne MDF-laatikoihin ja t\u00e4ytt\u00e4\u00e4 hauraita esineit\u00e4 koskevat kansainv\u00e4liset standardit. He lastaavat tavarat joko konttiin tai puulaatikoihin ja kuljettavat ne m\u00e4\u00e4r\u00e4np\u00e4\u00e4h\u00e4si inventaarioluettelon mukaan.<\/p>\n<p>Verkkosivusto: <a href=\"http:\/\/www.autogiro.com.uy\" target=\"_blank\" rel=\"noopener\">http:\/\/www.autogiro.com.uy<\/a><\/p>\n<h2><strong>3. Uruvan<\/strong><\/h2>\n<p><img loading=\"lazy\" decoding=\"async\" class=\"alignnone size-full wp-image-10251\" src=\"https:\/\/moverdb.com\/wp-content\/uploads\/Uruvan-international-moving-company-1.png\" alt=\"Uruvan kansainv\u00e4linen muuttofirma\" width=\"1440\" height=\"709\" data-wp-pid=\"10251\" srcset=\"https:\/\/moverdb.com\/wp-content\/uploads\/Uruvan-international-moving-company-1.png 1440w, https:\/\/moverdb.com\/wp-content\/uploads\/Uruvan-international-moving-company-1-300x148.png 300w, https:\/\/moverdb.com\/wp-content\/uploads\/Uruvan-international-moving-company-1-1024x504.png 1024w, https:\/\/moverdb.com\/wp-content\/uploads\/Uruvan-international-moving-company-1-18x9.png 18w, https:\/\/moverdb.com\/wp-content\/uploads\/Uruvan-international-moving-company-1-600x295.png 600w\" sizes=\"auto, (max-width: 1440px) 100vw, 1440px\" \/><\/p>\n<ul>\n<li>Kansalliset muutot<\/li>\n<li>Kansainv\u00e4liset muutot<\/li>\n<li>Kotitalouksien muutot<\/li>\n<li>Yritysten muutot<\/li>\n<li>Muuttopalvelut<\/li>\n<li>Pakkauspalvelu<\/li>\n<li>Tulliselvitys<\/li>\n<li>Taidekuljetukset<\/li>\n<li>Lemmikkiel\u00e4inten kuljetus<\/li>\n<li>Varastointitilat<\/li>\n<\/ul>\n<p>Uruvan on vuonna 1982 perustettu kansallinen ja kansainv\u00e4linen muuttoyritys, joka tarjoaa huolinta- ja varastointipalveluja. Yritys sijaitsee Montevideossa ja sill\u00e4 on toimisto Punta del Etsess\u00e4. Yritys toimii yhteisty\u00f6ss\u00e4 maailmanlaajuisten toimistojen kanssa tarjotakseen palveluja Uruguayssa ja kansainv\u00e4lisesti. Yritys on IAM:n j\u00e4sen 41 vuoden ajan, ja se on FIDI:n akkreditoima.<\/p>\n<p>Uruvan tarjoaa ovelta ovelle -muuttopalveluja, jotka alkavat kotitutkimuksella, jossa arvioidaan tarpeesi ja laaditaan tarjous. Uruvan koordinoi muuttosi ja j\u00e4rjest\u00e4\u00e4 kuljetuksen, pakkaamisen ja tulliselvityksen. Ammattitaitoinen muuttotiimi pakkaa tavarasi asianmukaisilla k\u00e4\u00e4reill\u00e4 suojatakseen ne kuljetuksen aikana uuteen kotiisi.<\/p>\n<p>Verkkosivusto: <a href=\"http:\/\/www.uruvan.com.uy\" target=\"_blank\" rel=\"noopener\">http:\/\/www.uruvan.com.uy<\/a><\/p>","protected":false},"excerpt":{"rendered":"<p>Moving home or your business can be a hectic and stressful time with a lot to do and arrange. This is where a moving company can help you by taking on many of the tasks such as packing, arranging transportation and handling customs arrangements for inter-country moves. Below we have compiled a list of Uruguay [&hellip;]<\/p>\n","protected":false},"author":4,"featured_media":10064,"parent":190,"menu_order":0,"comment_status":"closed","ping_status":"closed","template":"","meta":{"_genesis_hide_title":false,"_genesis_hide_breadcrumbs":false,"_genesis_hide_singular_image":false,"_genesis_hide_footer_widgets":false,"_genesis_custom_body_class":"","_genesis_custom_post_class":"","_genesis_layout":"","footnotes":""},"class_list":{"0":"post-10249","1":"page","2":"type-page","3":"status-publish","4":"has-post-thumbnail","6":"entry"},"_links":{"self":[{"href":"https:\/\/moverdb.com\/fi\/wp-json\/wp\/v2\/pages\/10249","targetHints":{"allow":["GET"]}}],"collection":[{"href":"https:\/\/moverdb.com\/fi\/wp-json\/wp\/v2\/pages"}],"about":[{"href":"https:\/\/moverdb.com\/fi\/wp-json\/wp\/v2\/types\/page"}],"author":[{"embeddable":true,"href":"https:\/\/moverdb.com\/fi\/wp-json\/wp\/v2\/users\/4"}],"replies":[{"embeddable":true,"href":"https:\/\/moverdb.com\/fi\/wp-json\/wp\/v2\/comments?post=10249"}],"version-history":[{"count":1,"href":"https:\/\/moverdb.com\/fi\/wp-json\/wp\/v2\/pages\/10249\/revisions"}],"predecessor-version":[{"id":10252,"href":"https:\/\/moverdb.com\/fi\/wp-json\/wp\/v2\/pages\/10249\/revisions\/10252"}],"up":[{"embeddable":true,"href":"https:\/\/moverdb.com\/fi\/wp-json\/wp\/v2\/pages\/190"}],"wp:featuredmedia":[{"embeddable":true,"href":"https:\/\/moverdb.com\/fi\/wp-json\/wp\/v2\/media\/10064"}],"wp:attachment":[{"href":"https:\/\/moverdb.com\/fi\/wp-json\/wp\/v2\/media?parent=10249"}],"curies":[{"name":"wp","href":"https:\/\/api.w.org\/{rel}","templated":true}]}}