{"id":10238,"date":"2023-06-22T15:45:17","date_gmt":"2023-06-22T15:45:17","guid":{"rendered":"https:\/\/moverdb.com\/?page_id=10238"},"modified":"2026-01-08T15:30:24","modified_gmt":"2026-01-08T15:30:24","slug":"moving-companies-tunisia","status":"publish","type":"page","link":"https:\/\/moverdb.com\/fi\/moving-companies\/moving-companies-tunisia\/","title":{"rendered":"Parhaat kansainv\u00e4liset muuttofirmat Tunisiassa"},"content":{"rendered":"<p>Kansallisen tai kansainv\u00e4lisen muuton hoitaminen voi olla monimutkaista ja stressaavaa, koska teht\u00e4v\u00e4\u00e4 on niin paljon. Palveluiden k\u00e4ytt\u00e4minen <a href=\"https:\/\/moverdb.com\/fi\/moving-companies\/\" data-internallinksmanager029f6b8e52c=\"79\" title=\"Top 25 Kansainv\u00e4list\u00e4 muuttoyrityksi\u00e4 verkossa\">muuttofirma<\/a> voi auttaa sinua muuton kaikissa vaiheissa. Alla on luettelo Tunisiassa sijaitsevista muuttopalveluista. <a href=\"https:\/\/moverdb.com\/fi\/international-removals\/\" data-internallinksmanager029f6b8e52c=\"27\" title=\"36 Parhaat kansainv\u00e4liset muuttoyritykset Yhdistyneess\u00e4 kuningaskunnassa\">muuttofirmat<\/a> jotka ovat j\u00e4seni\u00e4 <a href=\"https:\/\/moverdb.com\/fi\/iam\/\" data-internallinksmanager029f6b8e52c=\"23\" title=\"Kansainv\u00e4linen muuttajien liitto (IAM) selitetty\">Kansainv\u00e4linen muuttajien liitto<\/a> (IAM) ja\/tai <a href=\"https:\/\/moverdb.com\/fi\/fidi-faim\/\" data-internallinksmanager029f6b8e52c=\"16\" title=\"FIDI &amp; FAIM (FIDI Accredited International Mover) selitettyin\u00e4\">FIDI<\/a> Accredited International Mover (FAIM), joka voi auttaa sinua muutossasi.<\/p>\n<h2><strong>Dar Inter<\/strong><\/h2>\n<p><img loading=\"lazy\" decoding=\"async\" class=\"alignnone size-full wp-image-10097\" src=\"https:\/\/moverdb.com\/wp-content\/uploads\/Dar-Inter-international-moving-company.png\" alt=\"Dar Inter kansainv\u00e4linen muuttoliikeyritys\" width=\"1440\" height=\"683\" data-wp-pid=\"10097\" srcset=\"https:\/\/moverdb.com\/wp-content\/uploads\/Dar-Inter-international-moving-company.png 1440w, https:\/\/moverdb.com\/wp-content\/uploads\/Dar-Inter-international-moving-company-300x142.png 300w, https:\/\/moverdb.com\/wp-content\/uploads\/Dar-Inter-international-moving-company-1024x486.png 1024w, https:\/\/moverdb.com\/wp-content\/uploads\/Dar-Inter-international-moving-company-18x9.png 18w, https:\/\/moverdb.com\/wp-content\/uploads\/Dar-Inter-international-moving-company-600x285.png 600w\" sizes=\"auto, (max-width: 1440px) 100vw, 1440px\" \/><\/p>\n<ul>\n<li>Kansalliset siirrot<\/li>\n<li>Kansainv\u00e4liset siirrot<\/li>\n<li>Kotitalouksien muutot<\/li>\n<li>R\u00e4\u00e4t\u00e4l\u00f6idyt ratkaisut<\/li>\n<li>Ovelta ovelle -palvelu<\/li>\n<li>Pakkauspalvelu<\/li>\n<li>Erityispakkaukset<\/li>\n<li>Kuljetus maalla, ilmassa tai merell\u00e4<\/li>\n<li>Tulliselvitys<\/li>\n<li>Varastointitilat<\/li>\n<\/ul>\n<p>Dar Inter on vuonna 1998 perustettu kansainv\u00e4linen muuttofirma, jonka kotipaikka on Tunis. Sill\u00e4 on maailmanlaajuisesti valittu agenttiverkosto, joka kattaa kaikki viisi maanosaa ja auttaa sit\u00e4 tarjoamaan palveluja kansainv\u00e4lisesti. Se on IAM:n j\u00e4sen, ja se on toiminut 25 vuotta.<\/p>\n<p>Dar Inter tarjoaa maksuttoman arvion paikan p\u00e4\u00e4ll\u00e4 muuttoasi varten ja tarpeidesi arvioimiseksi. Inter Inter tarjoaa ovelta ovelle -palvelua, johon kuuluu tavaroiden turvallinen pakkaaminen kontilla, kuorma-autolla tai per\u00e4vaunulla tapahtuvaa kuljetusta varten kaikkialle maailmaan. He j\u00e4rjest\u00e4v\u00e4t r\u00e4\u00e4t\u00e4l\u00f6ityj\u00e4 kuljetuksia kuorma-autolla, lent\u00e4en tai meritse osa- tai t\u00e4yskuormina tulliselvityksineen.<\/p>\n<p>Verkkosivusto: <a href=\"http:\/\/www.dar-inter.com\" target=\"_blank\" rel=\"noopener\">http:\/\/www.dar-inter.com<\/a><\/p>","protected":false},"excerpt":{"rendered":"<p>Managing your move nationally or internationally can be complex and stressful as there is so much to do. Engaging the services of a moving company can help you in every aspect of your move. Below we have compiled a list of Tunisia based removal companies that are members of the International Association of Movers (IAM) [&hellip;]<\/p>\n","protected":false},"author":4,"featured_media":10097,"parent":190,"menu_order":0,"comment_status":"closed","ping_status":"closed","template":"","meta":{"_genesis_hide_title":false,"_genesis_hide_breadcrumbs":false,"_genesis_hide_singular_image":false,"_genesis_hide_footer_widgets":false,"_genesis_custom_body_class":"","_genesis_custom_post_class":"","_genesis_layout":"","footnotes":""},"class_list":{"0":"post-10238","1":"page","2":"type-page","3":"status-publish","4":"has-post-thumbnail","6":"entry"},"_links":{"self":[{"href":"https:\/\/moverdb.com\/fi\/wp-json\/wp\/v2\/pages\/10238","targetHints":{"allow":["GET"]}}],"collection":[{"href":"https:\/\/moverdb.com\/fi\/wp-json\/wp\/v2\/pages"}],"about":[{"href":"https:\/\/moverdb.com\/fi\/wp-json\/wp\/v2\/types\/page"}],"author":[{"embeddable":true,"href":"https:\/\/moverdb.com\/fi\/wp-json\/wp\/v2\/users\/4"}],"replies":[{"embeddable":true,"href":"https:\/\/moverdb.com\/fi\/wp-json\/wp\/v2\/comments?post=10238"}],"version-history":[{"count":1,"href":"https:\/\/moverdb.com\/fi\/wp-json\/wp\/v2\/pages\/10238\/revisions"}],"predecessor-version":[{"id":10239,"href":"https:\/\/moverdb.com\/fi\/wp-json\/wp\/v2\/pages\/10238\/revisions\/10239"}],"up":[{"embeddable":true,"href":"https:\/\/moverdb.com\/fi\/wp-json\/wp\/v2\/pages\/190"}],"wp:featuredmedia":[{"embeddable":true,"href":"https:\/\/moverdb.com\/fi\/wp-json\/wp\/v2\/media\/10097"}],"wp:attachment":[{"href":"https:\/\/moverdb.com\/fi\/wp-json\/wp\/v2\/media?parent=10238"}],"curies":[{"name":"wp","href":"https:\/\/api.w.org\/{rel}","templated":true}]}}