{"id":10219,"date":"2023-06-22T15:52:47","date_gmt":"2023-06-22T15:52:47","guid":{"rendered":"https:\/\/moverdb.com\/?page_id=10219"},"modified":"2026-01-08T15:29:38","modified_gmt":"2026-01-08T15:29:38","slug":"moving-companies-sweden","status":"publish","type":"page","link":"https:\/\/moverdb.com\/fi\/moving-companies\/moving-companies-sweden\/","title":{"rendered":"8 parasta kansainv\u00e4list\u00e4 muuttofirmaa Ruotsissa"},"content":{"rendered":"<p>Liikutko sis\u00e4isesti, kohti vai pois <a href=\"https:\/\/moverdb.com\/fi\/moving-to-sweden\/\" data-internallinksmanager029f6b8e52c=\"326\" title=\"Muutatko Ruotsiin? 2023 Elinkustannukset ja muuttovinkit\">Ruotsi<\/a>? Silloin kannattaa k\u00e4ytt\u00e4\u00e4 muuttofirman palveluja, joka voi auttaa sinua suunnittelemaan muuton, mukaan lukien pakkaamisen, kuljetuksen ja kansainv\u00e4listen muuttojen tullimenettelyjen hoitamisen. Olemme koonneet alla olevan luettelon ruotsalaisista <a href=\"https:\/\/moverdb.com\/fi\/moving-companies\/\" data-internallinksmanager029f6b8e52c=\"79\" title=\"Top 25 Kansainv\u00e4list\u00e4 muuttoyrityksi\u00e4 verkossa\">muuttofirmat<\/a> jotka ovat j\u00e4seni\u00e4 <a href=\"https:\/\/moverdb.com\/fi\/iam\/\" data-internallinksmanager029f6b8e52c=\"23\" title=\"Kansainv\u00e4linen muuttajien liitto (IAM) selitetty\">Kansainv\u00e4linen muuttajien liitto<\/a> (IAM) ja\/tai <a href=\"https:\/\/moverdb.com\/fi\/fidi-faim\/\" data-internallinksmanager029f6b8e52c=\"16\" title=\"FIDI &amp; FAIM (FIDI Accredited International Mover) selitettyin\u00e4\">FIDI<\/a> Accredited International Mover (FAIM), joka voi auttaa sinua muutossasi.<\/p>\n<div id=\"ez-toc-container\" class=\"ez-toc-v2_0_82_2 ez-toc-wrap-left counter-hierarchy ez-toc-counter ez-toc-transparent ez-toc-container-direction\">\n<div class=\"ez-toc-title-container\">\n<p class=\"ez-toc-title\" style=\"cursor:inherit\">Jaksot<\/p>\n<span class=\"ez-toc-title-toggle\"><a href=\"#\" class=\"ez-toc-pull-right ez-toc-btn ez-toc-btn-xs ez-toc-btn-default ez-toc-toggle\" aria-label=\"Sis\u00e4llysluettelon vaihtaminen\"><span class=\"ez-toc-js-icon-con\"><span class=\"\"><span class=\"eztoc-hide\" style=\"display:none;\">Toggle<\/span><span class=\"ez-toc-icon-toggle-span\"><svg style=\"fill: #999;color:#999\" xmlns=\"http:\/\/www.w3.org\/2000\/svg\" class=\"list-377408\" width=\"20px\" height=\"20px\" viewbox=\"0 0 24 24\" fill=\"none\"><path d=\"M6 6H4v2h2V6zm14 0H8v2h12V6zM4 11h2v2H4v-2zm16 0H8v2h12v-2zM4 16h2v2H4v-2zm16 0H8v2h12v-2z\" fill=\"currentColor\"><\/path><\/svg><svg style=\"fill: #999;color:#999\" class=\"arrow-unsorted-368013\" xmlns=\"http:\/\/www.w3.org\/2000\/svg\" width=\"10px\" height=\"10px\" viewbox=\"0 0 24 24\" version=\"1.2\" baseprofile=\"tiny\"><path d=\"M18.2 9.3l-6.2-6.3-6.2 6.3c-.2.2-.3.4-.3.7s.1.5.3.7c.2.2.4.3.7.3h11c.3 0 .5-.1.7-.3.2-.2.3-.5.3-.7s-.1-.5-.3-.7zM5.8 14.7l6.2 6.3 6.2-6.3c.2-.2.3-.5.3-.7s-.1-.5-.3-.7c-.2-.2-.4-.3-.7-.3h-11c-.3 0-.5.1-.7.3-.2.2-.3.5-.3.7s.1.5.3.7z\"\/><\/svg><\/span><\/span><\/span><\/a><\/span><\/div>\n<nav><ul class='ez-toc-list ez-toc-list-level-1 eztoc-toggle-hide-by-default' ><li class='ez-toc-page-1 ez-toc-heading-level-2'><a class=\"ez-toc-link ez-toc-heading-1\" href=\"https:\/\/moverdb.com\/fi\/moving-companies\/moving-companies-sweden\/#1_Alfa_Moving\" >1. Alfa Moving<\/a><\/li><li class='ez-toc-page-1 ez-toc-heading-level-2'><a class=\"ez-toc-link ez-toc-heading-2\" href=\"https:\/\/moverdb.com\/fi\/moving-companies\/moving-companies-sweden\/#2_Aspire_Mobility\" >2. Aspire Mobility<\/a><\/li><li class='ez-toc-page-1 ez-toc-heading-level-2'><a class=\"ez-toc-link ez-toc-heading-3\" href=\"https:\/\/moverdb.com\/fi\/moving-companies\/moving-companies-sweden\/#3_Freys_Express\" >3. Freys Express<\/a><\/li><li class='ez-toc-page-1 ez-toc-heading-level-2'><a class=\"ez-toc-link ez-toc-heading-4\" href=\"https:\/\/moverdb.com\/fi\/moving-companies\/moving-companies-sweden\/#4_Future_Mobility\" >4. Tulevaisuuden liikkuvuus<\/a><\/li><li class='ez-toc-page-1 ez-toc-heading-level-2'><a class=\"ez-toc-link ez-toc-heading-5\" href=\"https:\/\/moverdb.com\/fi\/moving-companies\/moving-companies-sweden\/#5_GLC_Flytt\" >5. GLC Flytt<\/a><\/li><li class='ez-toc-page-1 ez-toc-heading-level-2'><a class=\"ez-toc-link ez-toc-heading-6\" href=\"https:\/\/moverdb.com\/fi\/moving-companies\/moving-companies-sweden\/#6_Mirkka_International_Moving\" >6. Mirkka International Moving<\/a><\/li><li class='ez-toc-page-1 ez-toc-heading-level-2'><a class=\"ez-toc-link ez-toc-heading-7\" href=\"https:\/\/moverdb.com\/fi\/moving-companies\/moving-companies-sweden\/#7_Stadsbudkontoret\" >7. Stadsbudkontoret<\/a><\/li><li class='ez-toc-page-1 ez-toc-heading-level-2'><a class=\"ez-toc-link ez-toc-heading-8\" href=\"https:\/\/moverdb.com\/fi\/moving-companies\/moving-companies-sweden\/#8_TBA_Transporter\" >8. TBA Transporter<\/a><\/li><li class='ez-toc-page-1 ez-toc-heading-level-2'><a class=\"ez-toc-link ez-toc-heading-9\" href=\"https:\/\/moverdb.com\/fi\/moving-companies\/moving-companies-sweden\/#Other_Useful_Guides_to_Sweden\" >Muita hy\u00f6dyllisi\u00e4 oppaita Ruotsiin<\/a><\/li><\/ul><\/nav><\/div>\n<h2><span class=\"ez-toc-section\" id=\"1_Alfa_Moving\"><\/span><strong>1. Alfa Moving<\/strong><span class=\"ez-toc-section-end\"><\/span><\/h2>\n<p><img loading=\"lazy\" decoding=\"async\" class=\"alignnone size-full wp-image-10073\" src=\"https:\/\/moverdb.com\/wp-content\/uploads\/Alfa-Moving-international-moving-company.png\" alt=\"Alfa Moving kansainv\u00e4linen muuttofirma\" width=\"1440\" height=\"681\" data-wp-pid=\"10073\" srcset=\"https:\/\/moverdb.com\/wp-content\/uploads\/Alfa-Moving-international-moving-company.png 1440w, https:\/\/moverdb.com\/wp-content\/uploads\/Alfa-Moving-international-moving-company-300x142.png 300w, https:\/\/moverdb.com\/wp-content\/uploads\/Alfa-Moving-international-moving-company-1024x484.png 1024w, https:\/\/moverdb.com\/wp-content\/uploads\/Alfa-Moving-international-moving-company-18x9.png 18w, https:\/\/moverdb.com\/wp-content\/uploads\/Alfa-Moving-international-moving-company-600x284.png 600w\" sizes=\"auto, (max-width: 1440px) 100vw, 1440px\" \/><\/p>\n<ul>\n<li>Kansalliset siirrot<\/li>\n<li>Kansainv\u00e4liset siirrot<\/li>\n<li>Asuntojen muutot<\/li>\n<li>Yrityssiirrot<\/li>\n<li>Muuttopalvelut<\/li>\n<li>Ovelta ovelle -palvelu<\/li>\n<li>Kuljetusj\u00e4rjestelyt<\/li>\n<li>Maahanmuutto ja viisumit<\/li>\n<li>Vakuutus<\/li>\n<li>Varastointitilat<\/li>\n<\/ul>\n<p>Alfa Moving on vuonna 1995 perustettu skandinaavinen liikkuvuus- ja toimeksiantopalvelujen tarjoaja, jolla on 10 toimipistett\u00e4 eri puolilla Ruotsia, <a href=\"https:\/\/moverdb.com\/fi\/moving-to-norway\/\" data-internallinksmanager029f6b8e52c=\"325\" title=\"Muutatko Norjaan? 2023 Elinkustannukset ja muuttovinkit\">Norja<\/a>, <a href=\"https:\/\/moverdb.com\/fi\/moving-to-denmark\/\" data-internallinksmanager029f6b8e52c=\"335\" title=\"Muutatko Tanskaan? 2023 Elinkustannukset ja muuttovinkit\">Tanska<\/a> ja <a href=\"https:\/\/moverdb.com\/fi\/moving-to-finland\/\" data-internallinksmanager029f6b8e52c=\"345\" title=\"Muutatko Suomeen? 2023 Elinkustannukset ja muuttovinkit\">Suomi<\/a>. Ne tarjoavat muuttopalveluja 150 maahan kansainv\u00e4listen verkostojensa kautta. Se on IAM:n j\u00e4sen 28 vuoden ajan, ja se on FIDI:n akkreditoima.<\/p>\n<p>Alfa Moving tarjoaa ovelta ovelle -palvelua, johon sis\u00e4ltyy kaikki muuton suunnittelu ja hallinnointi. He valitsevat parhaan vaihtoehdon muuttoasi varten muuttosi koon, sis\u00e4ll\u00f6n ja m\u00e4\u00e4r\u00e4np\u00e4\u00e4n perusteella. He tarjoavat my\u00f6s muuttopalveluja, joihin kuuluvat kodin ja koulun haku, tilap\u00e4ismajoitus, perehdytys, kotiutumispalvelut, kulttuuri- ja kielikoulutus.<\/p>\n<p>Verkkosivusto: <a href=\"http:\/\/www.alfamoving.com\" target=\"_blank\" rel=\"noopener\">http:\/\/www.alfamoving.com<\/a><\/p>\n<h2><span class=\"ez-toc-section\" id=\"2_Aspire_Mobility\"><\/span><strong>2. Aspire Mobility<\/strong><span class=\"ez-toc-section-end\"><\/span><\/h2>\n<p><img loading=\"lazy\" decoding=\"async\" class=\"alignnone size-full wp-image-10081\" src=\"https:\/\/moverdb.com\/wp-content\/uploads\/Aspire-Mobility-international-moving-company.png\" alt=\"Aspire Mobility kansainv\u00e4linen muuttofirma\" width=\"1440\" height=\"683\" data-wp-pid=\"10081\" srcset=\"https:\/\/moverdb.com\/wp-content\/uploads\/Aspire-Mobility-international-moving-company.png 1440w, https:\/\/moverdb.com\/wp-content\/uploads\/Aspire-Mobility-international-moving-company-300x142.png 300w, https:\/\/moverdb.com\/wp-content\/uploads\/Aspire-Mobility-international-moving-company-1024x486.png 1024w, https:\/\/moverdb.com\/wp-content\/uploads\/Aspire-Mobility-international-moving-company-18x9.png 18w, https:\/\/moverdb.com\/wp-content\/uploads\/Aspire-Mobility-international-moving-company-600x285.png 600w\" sizes=\"auto, (max-width: 1440px) 100vw, 1440px\" \/><\/p>\n<ul>\n<li>Kansainv\u00e4liset siirrot<\/li>\n<li>Kotitalouksien muutot<\/li>\n<li>Muuttopalvelut<\/li>\n<li>Siirr\u00e4 konsultti<\/li>\n<li>Pakkauspalvelu<\/li>\n<li>Kuljetus meritse ja ilmateitse<\/li>\n<li>Dokumentoinnin tuki<\/li>\n<li>Maahanmuutto<\/li>\n<li>Vakuutus<\/li>\n<li>Varastointitilat<\/li>\n<\/ul>\n<p>Aspire Mobility on vuonna 1879 perustetun Mobeltransport Danmarkin kansainv\u00e4linen muutto- ja uudelleensijoitusyksikk\u00f6, jolla on toimipisteet K\u00f6\u00f6penhaminassa, Tukholmassa, \u00c5rhusissa, Odensessa, Aalborgissa ja Hillerodissa. Sill\u00e4 on maailmanlaajuinen yhteisty\u00f6kumppanien verkosto, joka on valittu tukemaan sit\u00e4 yli 100 maassa. Se on IAM:n j\u00e4sen, jolla on 12 vuoden kokemus.<\/p>\n<p>Aspire Mobility tarjoaa muuttokonsultin, joka tekee muuttoa edelt\u00e4v\u00e4n kartoituksen koon ja pakkaustarpeiden m\u00e4\u00e4ritt\u00e4miseksi. H\u00e4n huolehtii tavaroiden pakkaamisesta, kansainv\u00e4lisen meri- tai ilmakuljetuksen j\u00e4rjest\u00e4misest\u00e4, tavaroiden purkamisesta ja kalusteiden pystytt\u00e4misest\u00e4. He tarjoavat muuttopalveluja, joihin kuuluvat koti- ja kouluhaku, viisumi- ja maahanmuuttopalvelut, kotiutumis- ja l\u00e4ht\u00f6palvelut.<\/p>\n<p>Verkkosivusto: <a href=\"http:\/\/www.aspiremobility.com\" target=\"_blank\" rel=\"noopener\">http:\/\/www.aspiremobility.com<\/a><\/p>\n<h2><span class=\"ez-toc-section\" id=\"3_Freys_Express\"><\/span><strong>3. Freys Express<\/strong><span class=\"ez-toc-section-end\"><\/span><\/h2>\n<p><img loading=\"lazy\" decoding=\"async\" class=\"alignnone size-full wp-image-10119\" src=\"https:\/\/moverdb.com\/wp-content\/uploads\/Freys-Express-international-moving-company.png\" alt=\"Freys Express kansainv\u00e4linen muuttoliikeyritys\" width=\"1440\" height=\"674\" data-wp-pid=\"10119\" srcset=\"https:\/\/moverdb.com\/wp-content\/uploads\/Freys-Express-international-moving-company.png 1440w, https:\/\/moverdb.com\/wp-content\/uploads\/Freys-Express-international-moving-company-300x140.png 300w, https:\/\/moverdb.com\/wp-content\/uploads\/Freys-Express-international-moving-company-1024x479.png 1024w, https:\/\/moverdb.com\/wp-content\/uploads\/Freys-Express-international-moving-company-18x8.png 18w, https:\/\/moverdb.com\/wp-content\/uploads\/Freys-Express-international-moving-company-600x281.png 600w\" sizes=\"auto, (max-width: 1440px) 100vw, 1440px\" \/><\/p>\n<ul>\n<li>Kansalliset siirrot<\/li>\n<li>Kansainv\u00e4liset siirrot<\/li>\n<li>Kotitalouksien muutot<\/li>\n<li>Yritysten uudelleensijoitukset<\/li>\n<li>Ovelta ovelle -palvelu<\/li>\n<li>Muuton hallinta<\/li>\n<li>Tie-, meri- ja ilmakuljetukset<\/li>\n<li>Tulliselvitys<\/li>\n<li>Vakuutus<\/li>\n<li>Lyhytaikainen ja pitk\u00e4aikainen varastointi<\/li>\n<\/ul>\n<p>Freys Express on vuonna 1896 perustettu logistiikkayhti\u00f6, jolla on seitsem\u00e4n toimipistett\u00e4 G\u00f6teborgissa, Karlstadissa, Linkopingissa, Malm\u00f6ss\u00e4, Tukholmassa, Uppsalassa ja Orebroissa. Heill\u00e4 on yhteyksi\u00e4 kansainv\u00e4lisiin kumppaneihin, jotka avustavat heit\u00e4 muutoissa Ruotsin ulkopuolelle. Yritys on IAM:n j\u00e4sen, jolla on 20 vuoden kokemus, ja se on FIDI:n akkreditoima.<\/p>\n<p>Freys Express tarjoaa ovelta ovelle -muuttoja, joissa on katkeamaton ketju muuton suunnittelusta aina pakkauksen purkamiseen m\u00e4\u00e4r\u00e4np\u00e4\u00e4ss\u00e4. He tekev\u00e4t inventaarion tavaroistasi arvioidakseen tarpeesi. He tarjoavat pakkaus-, merkint\u00e4- ja kuljetuspalvelun, joka varmistaa, ett\u00e4 tavarasi saapuvat turvallisesti perille tulliselvityksen ja pakkausten purkamisen j\u00e4lkeen.<\/p>\n<p>Verkkosivusto: <a href=\"http:\/\/gmoving.se\" target=\"_blank\" rel=\"noopener\">http:\/\/gmoving.se<\/a><\/p>\n<h2><span class=\"ez-toc-section\" id=\"4_Future_Mobility\"><\/span><strong>4. Tulevaisuuden liikkuvuus<\/strong><span class=\"ez-toc-section-end\"><\/span><\/h2>\n<p><img loading=\"lazy\" decoding=\"async\" class=\"alignnone size-full wp-image-10122\" src=\"https:\/\/moverdb.com\/wp-content\/uploads\/Future-Mobility-international-moving-company.png\" alt=\"Future Mobility kansainv\u00e4linen muuttoliikeyritys\" width=\"1440\" height=\"683\" data-wp-pid=\"10122\" srcset=\"https:\/\/moverdb.com\/wp-content\/uploads\/Future-Mobility-international-moving-company.png 1440w, https:\/\/moverdb.com\/wp-content\/uploads\/Future-Mobility-international-moving-company-300x142.png 300w, https:\/\/moverdb.com\/wp-content\/uploads\/Future-Mobility-international-moving-company-1024x486.png 1024w, https:\/\/moverdb.com\/wp-content\/uploads\/Future-Mobility-international-moving-company-18x9.png 18w, https:\/\/moverdb.com\/wp-content\/uploads\/Future-Mobility-international-moving-company-600x285.png 600w\" sizes=\"auto, (max-width: 1440px) 100vw, 1440px\" \/><\/p>\n<ul>\n<li>Kansalliset muutot<\/li>\n<li><a href=\"https:\/\/moverdb.com\/fi\/international-removals\/\" data-internallinksmanager029f6b8e52c=\"27\" title=\"36 Parhaat kansainv\u00e4liset muuttoyritykset Yhdistyneess\u00e4 kuningaskunnassa\">Kansainv\u00e4liset muutot<\/a><\/li>\n<li>Kotitalouksien muutot<\/li>\n<li>Yritysten muutot<\/li>\n<li>Ty\u00f6ntekij\u00f6iden liikkuvuus<\/li>\n<li>Pikakuljetus<\/li>\n<li>Ilmainen tarkastus<\/li>\n<li>Pakkauspalvelu<\/li>\n<li>Kuljetuksen j\u00e4rjest\u00e4minen<\/li>\n<li>Varastointitilat<\/li>\n<\/ul>\n<p>Future Mobility on Tukholmassa toimiva kansainv\u00e4linen muuttofirma. Se on IAM:n j\u00e4sen nelj\u00e4n vuoden ajan, mik\u00e4 tarjoaa sille kansainv\u00e4lisen muuttoagenttiverkoston, joka voi tukea sen muuttopalveluja ulkomailla.<\/p>\n<p>Future Mobility tarjoaa muuttoja Ruotsiin ja Ruotsista, ja he tekev\u00e4t ilmaisen tarkastuksen, jonka perusteella laaditaan r\u00e4\u00e4t\u00e4l\u00f6ity tarjous, joka perustuu m\u00e4\u00e4r\u00e4\u00e4nne ja tarpeisiinne. He hoitavat muuton jokaisen vaiheen muuton helpottamiseksi. He tarjoavat pakkaus- ja kokoonpanopalveluja, jotka s\u00e4\u00e4st\u00e4v\u00e4t aikaa ja suojaavat tavaroitasi kuljetuksen aikana. He tarjoavat my\u00f6s apua ty\u00f6ntekij\u00f6iden liikkuvuuteen ja auttavat ty\u00f6nantajia hallitsemaan ty\u00f6ntekij\u00f6iden siirtoja.<\/p>\n<p>Verkkosivusto: <a href=\"http:\/\/www.futuremobility.nu\" target=\"_blank\" rel=\"noopener\">http:\/\/www.futuremobility.nu<\/a><\/p>\n<h2><span class=\"ez-toc-section\" id=\"5_GLC_Flytt\"><\/span><strong>5. GLC Flytt<\/strong><span class=\"ez-toc-section-end\"><\/span><\/h2>\n<p><img loading=\"lazy\" decoding=\"async\" class=\"alignnone size-full wp-image-10127\" src=\"https:\/\/moverdb.com\/wp-content\/uploads\/GLC-Flytt-international-moving-company.png\" alt=\"GLC Flytt kansainv\u00e4linen muuttofirma\" width=\"1440\" height=\"680\" data-wp-pid=\"10127\" srcset=\"https:\/\/moverdb.com\/wp-content\/uploads\/GLC-Flytt-international-moving-company.png 1440w, https:\/\/moverdb.com\/wp-content\/uploads\/GLC-Flytt-international-moving-company-300x142.png 300w, https:\/\/moverdb.com\/wp-content\/uploads\/GLC-Flytt-international-moving-company-1024x484.png 1024w, https:\/\/moverdb.com\/wp-content\/uploads\/GLC-Flytt-international-moving-company-18x9.png 18w, https:\/\/moverdb.com\/wp-content\/uploads\/GLC-Flytt-international-moving-company-600x283.png 600w\" sizes=\"auto, (max-width: 1440px) 100vw, 1440px\" \/><\/p>\n<ul>\n<li>Kansalliset siirrot<\/li>\n<li>Kansainv\u00e4liset siirrot<\/li>\n<li>Kotitalouksien muutot<\/li>\n<li>Toimisto- ja teollisuussiirrot<\/li>\n<li>Ovelta ovelle -ratkaisut<\/li>\n<li>Pakkauspalvelut<\/li>\n<li>Kuljetusj\u00e4rjestelyt<\/li>\n<li>Tulliselvitys<\/li>\n<li>Vakuutus<\/li>\n<li>Varastointitilat<\/li>\n<\/ul>\n<p>GLC Flytt on G\u00f6teborgissa sijaitseva muuttofirma, joka tarjoaa muutto- ja varastopalveluja yrityksille ja yksityishenkil\u00f6ille. GLC Flyttin juuret ulottuvat 1980-luvun alkupuolelle. Yritys hy\u00f6dynt\u00e4\u00e4 kansainv\u00e4list\u00e4 muuttovirkailijoiden verkostoa, joka avustaa sit\u00e4 maailmanlaajuisissa muutoissa. Yritys on IAM:n j\u00e4sen, jolla on 26 vuoden kokemus.<\/p>\n<p>GLC Flytt tarjoaa ovelta ovelle -tyyppisi\u00e4 kansallisia ja kansainv\u00e4lisi\u00e4 muuttoja yksityishenkil\u00f6ille ja yrityksille. He tarjoavat pakkausvaihtoehtoja, joihin kuuluu itsepakkaus tai t\u00e4ydellinen pakkauspalvelu, jossa k\u00e4ytet\u00e4\u00e4n laadukkaita pakkausmateriaaleja ja erityishuoltoa herkille tavaroille. He suunnittelevat kuljetuksen ja hoitavat tullin sek\u00e4 tarjoavat siivous- ja muita oheispalveluja.<\/p>\n<p>Verkkosivusto: <a href=\"http:\/\/www.glcflytt.se\" target=\"_blank\" rel=\"noopener\">http:\/\/www.glcflytt.se<\/a><\/p>\n<h2><span class=\"ez-toc-section\" id=\"6_Mirkka_International_Moving\"><\/span><strong>6. Mirkka International Moving<\/strong><span class=\"ez-toc-section-end\"><\/span><\/h2>\n<p><img loading=\"lazy\" decoding=\"async\" class=\"alignnone size-full wp-image-10156\" src=\"https:\/\/moverdb.com\/wp-content\/uploads\/Mirkka-International-Moving-company.png\" alt=\"Mirkka Kansainv\u00e4linen muuttofirma\" width=\"1440\" height=\"680\" data-wp-pid=\"10156\" srcset=\"https:\/\/moverdb.com\/wp-content\/uploads\/Mirkka-International-Moving-company.png 1440w, https:\/\/moverdb.com\/wp-content\/uploads\/Mirkka-International-Moving-company-300x142.png 300w, https:\/\/moverdb.com\/wp-content\/uploads\/Mirkka-International-Moving-company-1024x484.png 1024w, https:\/\/moverdb.com\/wp-content\/uploads\/Mirkka-International-Moving-company-18x9.png 18w, https:\/\/moverdb.com\/wp-content\/uploads\/Mirkka-International-Moving-company-600x283.png 600w\" sizes=\"auto, (max-width: 1440px) 100vw, 1440px\" \/><\/p>\n<ul>\n<li>Paikalliset ja kansalliset muutot<\/li>\n<li>Kansainv\u00e4liset muutot<\/li>\n<li>Kotitalouksien muutot<\/li>\n<li>Toimiston muutot<\/li>\n<li>R\u00e4\u00e4t\u00e4l\u00f6idyt ratkaisut<\/li>\n<li>Pienet kohteet koko talon siirtoihin<\/li>\n<li>Ammattitaitoinen liikkuva tiimi<\/li>\n<li>Tie-, ilma- ja merirahti<\/li>\n<li>Talon siivous<\/li>\n<li>Lyhyt- ja pitk\u00e4aikaisvarastot<\/li>\n<\/ul>\n<p>Mirkka International Moving on kotimainen ja kansainv\u00e4linen muuttofirma, jolla on yli 40 vuoden kokemus ja joka toimii J\u00f6nk\u00f6pingiss\u00e4. Yritys on IAM:n j\u00e4sen kahdeksan vuoden ajan, mik\u00e4 antaa sille p\u00e4\u00e4syn kansainv\u00e4liseen muuttoagenttiverkostoon, jonka kautta se voi tarjota palveluja kaikkialla maailmassa.<\/p>\n<p>Mirkka International Moving tarjoaa r\u00e4\u00e4t\u00e4l\u00f6ityj\u00e4 muuttopalveluja pienelle m\u00e4\u00e4r\u00e4lle tavaroita ja koko talon muutoille paikallisesti, kansallisesti ja kansainv\u00e4lisesti. Mirkka tarjoaa muuttopalveluja ammattitaitoisen tiimin kanssa, joka j\u00e4rjest\u00e4\u00e4 muuton maantie-, lento- ja merirahdin avulla. He tarjoavat my\u00f6s lis\u00e4palveluita, joihin kuuluvat kotisiivouspalvelut.<\/p>\n<p>Verkkosivusto: <a href=\"http:\/\/www.mirkkainternationalmoving.se\" target=\"_blank\" rel=\"noopener\">http:\/\/www.mirkkainternationalmoving.se<\/a><\/p>\n<h2><span class=\"ez-toc-section\" id=\"7_Stadsbudkontoret\"><\/span><strong>7. Stadsbudkontoret<\/strong><span class=\"ez-toc-section-end\"><\/span><\/h2>\n<p><img loading=\"lazy\" decoding=\"async\" class=\"alignnone size-full wp-image-10187\" src=\"https:\/\/moverdb.com\/wp-content\/uploads\/Stadsbudkontoret-international-moving-company.png\" alt=\"Stadsbudkontoret kansainv\u00e4linen muuttofirma\" width=\"1440\" height=\"677\" data-wp-pid=\"10187\" srcset=\"https:\/\/moverdb.com\/wp-content\/uploads\/Stadsbudkontoret-international-moving-company.png 1440w, https:\/\/moverdb.com\/wp-content\/uploads\/Stadsbudkontoret-international-moving-company-300x141.png 300w, https:\/\/moverdb.com\/wp-content\/uploads\/Stadsbudkontoret-international-moving-company-1024x481.png 1024w, https:\/\/moverdb.com\/wp-content\/uploads\/Stadsbudkontoret-international-moving-company-18x8.png 18w, https:\/\/moverdb.com\/wp-content\/uploads\/Stadsbudkontoret-international-moving-company-600x282.png 600w\" sizes=\"auto, (max-width: 1440px) 100vw, 1440px\" \/><\/p>\n<ul>\n<li>Kansalliset siirrot<\/li>\n<li>Kansainv\u00e4liset siirrot<\/li>\n<li>Kotitalouksien muutot<\/li>\n<li>Yrityksen siirrot<\/li>\n<li>Ovelta ovelle -palvelu<\/li>\n<li>Pakkauspalvelu<\/li>\n<li>Lento-, meri- ja kuorma-autokuljetukset<\/li>\n<li>Siirtyv\u00e4t asiakirjat<\/li>\n<li>Vakuutus<\/li>\n<li>V\u00e4liaikainen varastointi<\/li>\n<\/ul>\n<p>Stadsbudkontoret on yrityksi\u00e4 ja yksityishenkil\u00f6it\u00e4 auttava muuttopalvelu, joka perustettiin vuonna 1888. Heill\u00e4 on toimistot Tukholmassa, Ornskoldsvikissa, Malm\u00f6ss\u00e4, G\u00f6teborgissa, Harnosandissa ja Cannesissa. Heill\u00e4 on laaja ammattimaisten muuttofirmojen verkosto, joka tarjoaa palvelujaan Ruotsin ulkopuolella. Yritys on IAM:n j\u00e4sen, jolla on 135 vuoden kokemus, ja se on FIDI:n akkreditoima.<\/p>\n<p>Stadsbudkontoretin muuttokoordinaattori hoitaa kaikki muuttoasi koskevat asiat Ruotsissa, Ruotsiin ja Ruotsista ja varmistaa, ett\u00e4 yhteisty\u00f6kumppanit toimittavat palvelut. Heid\u00e4n ovelta ovelle -palveluunsa kuuluu kustannustehokkaimman ja oikea-aikaisimman muuttotavan l\u00f6yt\u00e4minen tarpeisiisi. He hoitavat kaikki tarvittavat muuttoasiakirjat maahantuontia ja maastavienti\u00e4 varten.<\/p>\n<p>Verkkosivusto: <a href=\"http:\/\/www.sbkmoving.com\" target=\"_blank\" rel=\"noopener\">http:\/\/www.sbkmoving.com<\/a><\/p>\n<h2><span class=\"ez-toc-section\" id=\"8_TBA_Transporter\"><\/span><strong>8. TBA Transporter<\/strong><span class=\"ez-toc-section-end\"><\/span><\/h2>\n<p><img loading=\"lazy\" decoding=\"async\" class=\"alignnone size-full wp-image-10192\" src=\"https:\/\/moverdb.com\/wp-content\/uploads\/TBA-Transporter-international-moving-company.png\" alt=\"TBA Transporter kansainv\u00e4linen muuttoliikeyritys\" width=\"1440\" height=\"628\" data-wp-pid=\"10192\" srcset=\"https:\/\/moverdb.com\/wp-content\/uploads\/TBA-Transporter-international-moving-company.png 1440w, https:\/\/moverdb.com\/wp-content\/uploads\/TBA-Transporter-international-moving-company-300x131.png 300w, https:\/\/moverdb.com\/wp-content\/uploads\/TBA-Transporter-international-moving-company-1024x447.png 1024w, https:\/\/moverdb.com\/wp-content\/uploads\/TBA-Transporter-international-moving-company-18x8.png 18w, https:\/\/moverdb.com\/wp-content\/uploads\/TBA-Transporter-international-moving-company-600x262.png 600w\" sizes=\"auto, (max-width: 1440px) 100vw, 1440px\" \/><\/p>\n<ul>\n<li>Paikalliset ja kansalliset siirrot<\/li>\n<li>Kansainv\u00e4liset siirrot<\/li>\n<li>Kotitalouksien muutot<\/li>\n<li>Yritysten uudelleensijoitukset<\/li>\n<li>R\u00e4\u00e4t\u00e4l\u00f6ity palvelu<\/li>\n<li>Pakkausvaihtoehdot<\/li>\n<li>Maantie-, meri- ja ilmakuljetukset<\/li>\n<li>Pakkauksen purkamisvaihtoehdot<\/li>\n<li>Vakuutus<\/li>\n<li>Varastointiratkaisut<\/li>\n<\/ul>\n<p>TBA Transporter on vuonna 1995 perustettu muuttofirma, jonka kotipaikka on Tukholmassa. Yritys on IAM:n j\u00e4sen 28 vuoden ajan, mik\u00e4 antaa sille mahdollisuuden k\u00e4ytt\u00e4\u00e4 kansainv\u00e4list\u00e4 muuttovirkailijoiden verkostoa, joka voi tukea sit\u00e4.<\/p>\n<p>TBA Transporter tarjoaa r\u00e4\u00e4t\u00e4l\u00f6ity\u00e4 ovelta ovelle -muuttopalvelua pienist\u00e4 suuriin muuttoprojekteihin. Tarjolla on erilaisia pakkaus- ja purkuvaihtoehtoja, joiden avulla voit tehd\u00e4 niin paljon tai niin v\u00e4h\u00e4n kuin haluat. He tarjoavat erikoistunutta vientipakkausta lento- ja merikuljetuksia varten ja voivat tarvittaessa purkaa ja koota huonekaluja.<\/p>\n<p>Verkkosivusto: <a href=\"http:\/\/www.tbatransporter.com\" target=\"_blank\" rel=\"noopener\">http:\/\/www.tbatransporter.com<\/a><\/p>\n<h2><span class=\"ez-toc-section\" id=\"Other_Useful_Guides_to_Sweden\"><\/span>Muita hy\u00f6dyllisi\u00e4 oppaita Ruotsiin<span class=\"ez-toc-section-end\"><\/span><\/h2>\n<ul>\n<li> <a href=\"https:\/\/moverdb.com\/fi\/konttikuljetukset\/ruotsi\/\">2024 Merikuljetusten konttihinnat Ruotsiin ja Ruotsista k\u00e4sin<\/a><\/li>\n<li> <a href=\"https:\/\/moverdb.com\/fi\/moving-to-sweden\/\">Muutatko Ruotsiin? 2023 Elinkustannukset ja muuttovinkit<\/a><\/li>\n<li> <a href=\"https:\/\/moverdb.com\/fi\/moving-to-sweden\/best-places-to-live-sweden\/\">13 parasta paikkaa asua Ruotsissa<\/a><\/li>\n<li> <a href=\"https:\/\/moverdb.com\/fi\/moving-to-sweden\/living-in-sweden\/\">21 salaisuutta Ruotsissa asumisesta, jotka on hyv\u00e4 tiet\u00e4\u00e4 ennen muuttoa<\/a><\/li>\n<\/ul>","protected":false},"excerpt":{"rendered":"<p>Are you moving within, to or from Sweden? Then you may want to enlist the services of a moving company that can help you plan your move including packing, transportation and handling customs procedures for international moves. Below we have compiled a list of Swedish moving companies that are members of the International Association of [&hellip;]<\/p>\n","protected":false},"author":4,"featured_media":10073,"parent":190,"menu_order":0,"comment_status":"closed","ping_status":"closed","template":"","meta":{"_genesis_hide_title":false,"_genesis_hide_breadcrumbs":false,"_genesis_hide_singular_image":false,"_genesis_hide_footer_widgets":false,"_genesis_custom_body_class":"","_genesis_custom_post_class":"","_genesis_layout":"","footnotes":""},"class_list":{"0":"post-10219","1":"page","2":"type-page","3":"status-publish","4":"has-post-thumbnail","6":"entry"},"_links":{"self":[{"href":"https:\/\/moverdb.com\/fi\/wp-json\/wp\/v2\/pages\/10219","targetHints":{"allow":["GET"]}}],"collection":[{"href":"https:\/\/moverdb.com\/fi\/wp-json\/wp\/v2\/pages"}],"about":[{"href":"https:\/\/moverdb.com\/fi\/wp-json\/wp\/v2\/types\/page"}],"author":[{"embeddable":true,"href":"https:\/\/moverdb.com\/fi\/wp-json\/wp\/v2\/users\/4"}],"replies":[{"embeddable":true,"href":"https:\/\/moverdb.com\/fi\/wp-json\/wp\/v2\/comments?post=10219"}],"version-history":[{"count":3,"href":"https:\/\/moverdb.com\/fi\/wp-json\/wp\/v2\/pages\/10219\/revisions"}],"predecessor-version":[{"id":17110,"href":"https:\/\/moverdb.com\/fi\/wp-json\/wp\/v2\/pages\/10219\/revisions\/17110"}],"up":[{"embeddable":true,"href":"https:\/\/moverdb.com\/fi\/wp-json\/wp\/v2\/pages\/190"}],"wp:featuredmedia":[{"embeddable":true,"href":"https:\/\/moverdb.com\/fi\/wp-json\/wp\/v2\/media\/10073"}],"wp:attachment":[{"href":"https:\/\/moverdb.com\/fi\/wp-json\/wp\/v2\/media?parent=10219"}],"curies":[{"name":"wp","href":"https:\/\/api.w.org\/{rel}","templated":true}]}}