{"id":10215,"date":"2023-06-22T15:54:43","date_gmt":"2023-06-22T15:54:43","guid":{"rendered":"https:\/\/moverdb.com\/?page_id=10215"},"modified":"2026-01-08T15:29:29","modified_gmt":"2026-01-08T15:29:29","slug":"moving-companies-sri-lanka","status":"publish","type":"page","link":"https:\/\/moverdb.com\/fi\/moving-companies\/moving-companies-sri-lanka\/","title":{"rendered":"7 parasta kansainv\u00e4list\u00e4 muuttofirmaa Sri Lankassa"},"content":{"rendered":"<p>Suunnitteletko muuttoa? Silloin kannattaa ehk\u00e4 ottaa palvelukseensa <a href=\"https:\/\/moverdb.com\/fi\/moving-companies\/\" data-internallinksmanager029f6b8e52c=\"79\" title=\"Top 25 Kansainv\u00e4list\u00e4 muuttoyrityksi\u00e4 verkossa\">muuttofirma<\/a> sill\u00e4 he voivat auttaa sinua pakkaamisessa, kuljetuksessa ja tullin k\u00e4sittelyss\u00e4, kun muutat ulkomaille. Alla on luettelo Sri Lankaan sijoittautuneista muuttajista. <a href=\"https:\/\/moverdb.com\/fi\/international-removals\/\" data-internallinksmanager029f6b8e52c=\"27\" title=\"36 Parhaat kansainv\u00e4liset muuttoyritykset Yhdistyneess\u00e4 kuningaskunnassa\">muuttofirmat<\/a> jotka ovat j\u00e4seni\u00e4 <a href=\"https:\/\/moverdb.com\/fi\/iam\/\" data-internallinksmanager029f6b8e52c=\"23\" title=\"Kansainv\u00e4linen muuttajien liitto (IAM) selitetty\">Kansainv\u00e4linen muuttajien liitto<\/a> (IAM) ja\/tai <a href=\"https:\/\/moverdb.com\/fi\/fidi-faim\/\" data-internallinksmanager029f6b8e52c=\"16\" title=\"FIDI &amp; FAIM (FIDI Accredited International Mover) selitettyin\u00e4\">FIDI<\/a> Accredited International Mover (FAIM), joka voi auttaa sinua muutossasi.<\/p>\n<div id=\"ez-toc-container\" class=\"ez-toc-v2_0_82_2 ez-toc-wrap-left counter-hierarchy ez-toc-counter ez-toc-transparent ez-toc-container-direction\">\n<div class=\"ez-toc-title-container\">\n<p class=\"ez-toc-title\" style=\"cursor:inherit\">Jaksot<\/p>\n<span class=\"ez-toc-title-toggle\"><a href=\"#\" class=\"ez-toc-pull-right ez-toc-btn ez-toc-btn-xs ez-toc-btn-default ez-toc-toggle\" aria-label=\"Sis\u00e4llysluettelon vaihtaminen\"><span class=\"ez-toc-js-icon-con\"><span class=\"\"><span class=\"eztoc-hide\" style=\"display:none;\">Toggle<\/span><span class=\"ez-toc-icon-toggle-span\"><svg style=\"fill: #999;color:#999\" xmlns=\"http:\/\/www.w3.org\/2000\/svg\" class=\"list-377408\" width=\"20px\" height=\"20px\" viewbox=\"0 0 24 24\" fill=\"none\"><path d=\"M6 6H4v2h2V6zm14 0H8v2h12V6zM4 11h2v2H4v-2zm16 0H8v2h12v-2zM4 16h2v2H4v-2zm16 0H8v2h12v-2z\" fill=\"currentColor\"><\/path><\/svg><svg style=\"fill: #999;color:#999\" class=\"arrow-unsorted-368013\" xmlns=\"http:\/\/www.w3.org\/2000\/svg\" width=\"10px\" height=\"10px\" viewbox=\"0 0 24 24\" version=\"1.2\" baseprofile=\"tiny\"><path d=\"M18.2 9.3l-6.2-6.3-6.2 6.3c-.2.2-.3.4-.3.7s.1.5.3.7c.2.2.4.3.7.3h11c.3 0 .5-.1.7-.3.2-.2.3-.5.3-.7s-.1-.5-.3-.7zM5.8 14.7l6.2 6.3 6.2-6.3c.2-.2.3-.5.3-.7s-.1-.5-.3-.7c-.2-.2-.4-.3-.7-.3h-11c-.3 0-.5.1-.7.3-.2.2-.3.5-.3.7s.1.5.3.7z\"\/><\/svg><\/span><\/span><\/span><\/a><\/span><\/div>\n<nav><ul class='ez-toc-list ez-toc-list-level-1 eztoc-toggle-hide-by-default' ><li class='ez-toc-page-1 ez-toc-heading-level-2'><a class=\"ez-toc-link ez-toc-heading-1\" href=\"https:\/\/moverdb.com\/fi\/moving-companies\/moving-companies-sri-lanka\/#1_Aitken_Spence\" >1. Aitken Spence<\/a><\/li><li class='ez-toc-page-1 ez-toc-heading-level-2'><a class=\"ez-toc-link ez-toc-heading-2\" href=\"https:\/\/moverdb.com\/fi\/moving-companies\/moving-companies-sri-lanka\/#2_Asian_Movers\" >2. Aasialaiset liikuttajat<\/a><\/li><li class='ez-toc-page-1 ez-toc-heading-level-2'><a class=\"ez-toc-link ez-toc-heading-3\" href=\"https:\/\/moverdb.com\/fi\/moving-companies\/moving-companies-sri-lanka\/#3_Don_Carolis_Sons\" >3. Don Carolis &amp; Sons<\/a><\/li><li class='ez-toc-page-1 ez-toc-heading-level-2'><a class=\"ez-toc-link ez-toc-heading-4\" href=\"https:\/\/moverdb.com\/fi\/moving-companies\/moving-companies-sri-lanka\/#4_Horizon_Relocations\" >4. Horisontti-siirrot<\/a><\/li><li class='ez-toc-page-1 ez-toc-heading-level-2'><a class=\"ez-toc-link ez-toc-heading-5\" href=\"https:\/\/moverdb.com\/fi\/moving-companies\/moving-companies-sri-lanka\/#5_Trans_World_Movers\" >5. Trans World Movers<\/a><\/li><li class='ez-toc-page-1 ez-toc-heading-level-2'><a class=\"ez-toc-link ez-toc-heading-6\" href=\"https:\/\/moverdb.com\/fi\/moving-companies\/moving-companies-sri-lanka\/#6_Trans-Global_Relocations\" >6. Maailmanlaajuiset uudelleensijoitukset<\/a><\/li><li class='ez-toc-page-1 ez-toc-heading-level-2'><a class=\"ez-toc-link ez-toc-heading-7\" href=\"https:\/\/moverdb.com\/fi\/moving-companies\/moving-companies-sri-lanka\/#7_Worldwide_Movers\" >7. Maailmanlaajuiset muuttajat<\/a><\/li><\/ul><\/nav><\/div>\n<h2><span class=\"ez-toc-section\" id=\"1_Aitken_Spence\"><\/span><strong>1. Aitken Spence<\/strong><span class=\"ez-toc-section-end\"><\/span><\/h2>\n<p><img loading=\"lazy\" decoding=\"async\" class=\"alignnone size-full wp-image-10071\" src=\"https:\/\/moverdb.com\/wp-content\/uploads\/Aitken-Spence-international-moving-company.png\" alt=\"Aitken Spence kansainv\u00e4linen muuttofirma\" width=\"1440\" height=\"676\" data-wp-pid=\"10071\" srcset=\"https:\/\/moverdb.com\/wp-content\/uploads\/Aitken-Spence-international-moving-company.png 1440w, https:\/\/moverdb.com\/wp-content\/uploads\/Aitken-Spence-international-moving-company-300x141.png 300w, https:\/\/moverdb.com\/wp-content\/uploads\/Aitken-Spence-international-moving-company-1024x481.png 1024w, https:\/\/moverdb.com\/wp-content\/uploads\/Aitken-Spence-international-moving-company-18x8.png 18w, https:\/\/moverdb.com\/wp-content\/uploads\/Aitken-Spence-international-moving-company-600x282.png 600w\" sizes=\"auto, (max-width: 1440px) 100vw, 1440px\" \/><\/p>\n<ul>\n<li>Kansalliset siirrot<\/li>\n<li>Kansainv\u00e4liset siirrot<\/li>\n<li>Kotitalouksien muutot<\/li>\n<li>Yrityksen logistiikka<\/li>\n<li>N\u00e4yttelypalvelut<\/li>\n<li>End-to-end-ratkaisut<\/li>\n<li>Lento-, meri- ja maakuljetukset<\/li>\n<li>Tulliselvitys<\/li>\n<li>Lemmikkiel\u00e4inten siirrot<\/li>\n<li>Varastointitilat<\/li>\n<\/ul>\n<p>Aitken Spence on monialainen yritys, joka on toiminut vuodesta 1868 l\u00e4htien ja jolla on toimipisteit\u00e4 kahdeksassa maassa, my\u00f6s Sri Lankan Colombossa. Sen huolintatoimintaan kuuluvat muutot ja uudelleensijoitukset. Yritys k\u00e4ytt\u00e4\u00e4 tukenaan omia toimipisteit\u00e4\u00e4n ja maailmanlaajuista kauppa- ja logistiikkayritysten verkostoa. Yritys on IAM:n j\u00e4sen, ja se on toiminut 44 vuotta.<\/p>\n<p>Aitken Spence tarjoaa kokonaisvaltaisia integroituja ratkaisuja maailmanlaajuisen l\u00e4sn\u00e4olonsa ansiosta. Se tarjoaa vaivattomia muutto- ja siirtopalveluja kotitalouksille, jotka muuttavat minne tahansa p\u00e4in maailmaa. He voivat siirt\u00e4\u00e4 tavarasi ja lemmikkisi uuteen kotiisi. He j\u00e4rjest\u00e4v\u00e4t kuljetuksen tulliselvityksineen.<\/p>\n<p>Verkkosivusto: <a href=\"http:\/\/www.acecargo.lk\" target=\"_blank\" rel=\"noopener\">http:\/\/www.acecargo.lk<\/a><\/p>\n<h2><span class=\"ez-toc-section\" id=\"2_Asian_Movers\"><\/span><strong>2. Aasialaiset liikuttajat<\/strong><span class=\"ez-toc-section-end\"><\/span><\/h2>\n<p><img loading=\"lazy\" decoding=\"async\" class=\"alignnone size-full wp-image-10079\" src=\"https:\/\/moverdb.com\/wp-content\/uploads\/Asian-Movers-international-moving-company.png\" alt=\"Asian Movers kansainv\u00e4linen muuttofirma\" width=\"1440\" height=\"681\" data-wp-pid=\"10079\" srcset=\"https:\/\/moverdb.com\/wp-content\/uploads\/Asian-Movers-international-moving-company.png 1440w, https:\/\/moverdb.com\/wp-content\/uploads\/Asian-Movers-international-moving-company-300x142.png 300w, https:\/\/moverdb.com\/wp-content\/uploads\/Asian-Movers-international-moving-company-1024x484.png 1024w, https:\/\/moverdb.com\/wp-content\/uploads\/Asian-Movers-international-moving-company-18x9.png 18w, https:\/\/moverdb.com\/wp-content\/uploads\/Asian-Movers-international-moving-company-600x284.png 600w\" sizes=\"auto, (max-width: 1440px) 100vw, 1440px\" \/><\/p>\n<ul>\n<li>Paikalliset ja kansalliset siirrot<\/li>\n<li>Kansainv\u00e4liset siirrot<\/li>\n<li>Kotitalouksien muutot<\/li>\n<li>Yritys- ja toimistosiirrot<\/li>\n<li>Ovelta ovelle -palvelu<\/li>\n<li>Pakkauspalvelu<\/li>\n<li>Tie-, meri- ja lentoliikenne<\/li>\n<li>Tulliselvitys<\/li>\n<li>Vakuutus<\/li>\n<li>Varastointiratkaisut<\/li>\n<\/ul>\n<p>Asian Movers on r\u00e4\u00e4t\u00e4l\u00f6ityj\u00e4 muuttoratkaisuja tarjoava yritys, joka on perustettu Sri Lankassa ja <a href=\"https:\/\/moverdb.com\/fi\/moving-to-the-maldives\/\" data-internallinksmanager029f6b8e52c=\"387\" title=\"Muutatko Malediiveille? 2023 Elinkustannukset ja muuttovinkit\">Malediivit<\/a> vuonna 2013. Yritys tarjoaa palvelujaan maailmanlaajuisesti, sill\u00e4 se on j\u00e4senen\u00e4 kansainv\u00e4lisiss\u00e4 muuttoliikej\u00e4rjest\u00f6iss\u00e4. He ovat IAM:n j\u00e4sen 10 vuoden ajan.<\/p>\n<p>Asian Movers tarjoaa r\u00e4\u00e4t\u00e4l\u00f6ity\u00e4 muuttopalvelua, tarvitsetpa sitten t\u00e4yden muuttopalvelun tai vain kuorma-auton ja muuttajat. Heid\u00e4n ovelta ovelle -palveluunsa voi sis\u00e4lty\u00e4 kaikkien tavaroiden turvallinen pakkaaminen ja inventaarion laatiminen, lastaaminen, kuljetus m\u00e4\u00e4r\u00e4np\u00e4\u00e4h\u00e4n ja purkaminen. He avustavat rahdin ja tulliselvitysasiakirjojen sek\u00e4 vakuutusten kanssa.<\/p>\n<p>Verkkosivusto: <a href=\"http:\/\/www.asianmovers.com\/\" target=\"_blank\" rel=\"noopener\">http:\/\/www.asianmovers.com\/<\/a><\/p>\n<h2><span class=\"ez-toc-section\" id=\"3_Don_Carolis_Sons\"><\/span><strong>3. Don Carolis &amp; Sons<\/strong><span class=\"ez-toc-section-end\"><\/span><\/h2>\n<p><em><img loading=\"lazy\" decoding=\"async\" class=\"alignnone size-full wp-image-10102\" src=\"https:\/\/moverdb.com\/wp-content\/uploads\/Don-Carolis-Sons-international-moving-company.png\" alt=\"Don Carolis &amp; Sons kansainv\u00e4linen muuttofirma\" width=\"1440\" height=\"679\" data-wp-pid=\"10102\" srcset=\"https:\/\/moverdb.com\/wp-content\/uploads\/Don-Carolis-Sons-international-moving-company.png 1440w, https:\/\/moverdb.com\/wp-content\/uploads\/Don-Carolis-Sons-international-moving-company-300x141.png 300w, https:\/\/moverdb.com\/wp-content\/uploads\/Don-Carolis-Sons-international-moving-company-1024x483.png 1024w, https:\/\/moverdb.com\/wp-content\/uploads\/Don-Carolis-Sons-international-moving-company-18x8.png 18w, https:\/\/moverdb.com\/wp-content\/uploads\/Don-Carolis-Sons-international-moving-company-600x283.png 600w\" sizes=\"auto, (max-width: 1440px) 100vw, 1440px\" \/><\/em><\/p>\n<ul>\n<li>Kansalliset siirrot<\/li>\n<li>Kansainv\u00e4liset siirrot<\/li>\n<li>Kotitalouksien muutot<\/li>\n<li>Organisatoriset siirrot<\/li>\n<li>R\u00e4\u00e4t\u00e4l\u00f6ity palvelu<\/li>\n<li>Muuttokoordinaattori<\/li>\n<li>Pakkauspalvelu<\/li>\n<li>Kuljetusj\u00e4rjestelyt<\/li>\n<li>Pakkauksen purkamisvaihtoehdot<\/li>\n<li>T\u00e4ydellinen suojaus<\/li>\n<\/ul>\n<p>Don Carolis &amp; Sons on huonekalujen valmistaja, v\u00e4hitt\u00e4ismyyj\u00e4 ja viej\u00e4, joka on toiminut yli 150 vuotta ja jonka kotipaikka on Colombossa. Yritys on IAM:n j\u00e4sen, mik\u00e4 antaa sille p\u00e4\u00e4syn kansainv\u00e4liseen muuttoagenttiverkostoon, joka tukee sit\u00e4 kansainv\u00e4lisiss\u00e4 muutoissa.<\/p>\n<p>Don Carolis &amp; Sons tarjoaa r\u00e4\u00e4t\u00e4l\u00f6ity\u00e4 pakkauspalvelua, joka vastaa tarpeitasi aikataulun, budjetin ja tavaroiden suhteen, sek\u00e4 tarjoaa muuttokoordinaattorin, joka tukee sinua koko muuton ajan. He huolehtivat tavaroistasi, mukaan lukien lastaus, kuljetus ja purku, kaikissa suunnitelmissaan. Heid\u00e4n suunnitelmiinsa sis\u00e4ltyy sinun purkaminen, osittainen purkaminen ja huonekalujen sijoittaminen sek\u00e4 t\u00e4ydellinen purkaminen.<\/p>\n<p>Verkkosivusto: <a href=\"http:\/\/www.doncarolis.com\" target=\"_blank\" rel=\"noopener\">http:\/\/www.doncarolis.com<\/a><\/p>\n<h2><span class=\"ez-toc-section\" id=\"4_Horizon_Relocations\"><\/span><strong>4. Horisontti-siirrot<\/strong><span class=\"ez-toc-section-end\"><\/span><\/h2>\n<p><img loading=\"lazy\" decoding=\"async\" class=\"alignnone size-full wp-image-10136\" src=\"https:\/\/moverdb.com\/wp-content\/uploads\/Horizon-Relocations-international-moving-company.png\" alt=\"Horizon Relocations kansainv\u00e4linen muuttofirma\" width=\"1440\" height=\"626\" data-wp-pid=\"10136\" srcset=\"https:\/\/moverdb.com\/wp-content\/uploads\/Horizon-Relocations-international-moving-company.png 1440w, https:\/\/moverdb.com\/wp-content\/uploads\/Horizon-Relocations-international-moving-company-300x130.png 300w, https:\/\/moverdb.com\/wp-content\/uploads\/Horizon-Relocations-international-moving-company-1024x445.png 1024w, https:\/\/moverdb.com\/wp-content\/uploads\/Horizon-Relocations-international-moving-company-18x8.png 18w, https:\/\/moverdb.com\/wp-content\/uploads\/Horizon-Relocations-international-moving-company-600x261.png 600w\" sizes=\"auto, (max-width: 1440px) 100vw, 1440px\" \/><\/p>\n<ul>\n<li>Paikalliset ja kansalliset siirrot<\/li>\n<li>Kansainv\u00e4liset siirrot<\/li>\n<li>Kotitalouksien muutot<\/li>\n<li>Henkil\u00f6kohtaisten tavaroiden toimitus<\/li>\n<li>Ovelta ovelle -palvelu<\/li>\n<li>Pakkaus<\/li>\n<li>Rahtij\u00e4rjestelyt<\/li>\n<li>Tulliselvitys<\/li>\n<li>Vakuutus<\/li>\n<li>Varastointitilat<\/li>\n<\/ul>\n<p>Horizon Relocations on kotimainen ja kansainv\u00e4linen muutto- ja siirtoyritys, joka sijaitsee Colombossa. Se on IAM:n j\u00e4sen, mik\u00e4 antaa sille p\u00e4\u00e4syn kansainv\u00e4liseen muuttoagenttien verkostoon, joka voi auttaa sit\u00e4 kansainv\u00e4listen palvelujen tarjoamisessa.<\/p>\n<p>Horizon Relocations tarjoaa ovelta ovelle -muuttopalveluja paikallisiin, kansallisiin ja kansainv\u00e4lisiin henkil\u00f6kohtaisten ja kotitaloustavaroiden muuttoihin. Se tarjoaa palveluja pienist\u00e4 suuriin tavaram\u00e4\u00e4riin, joihin voi sis\u00e4lty\u00e4 pakkaaminen ja kotelointi tavaroiden suojaamiseksi kuljetuksen aikana, jotta ne saapuvat turvallisesti perille. He j\u00e4rjest\u00e4v\u00e4t tavarasi kuljetuksen kuljetusliikkeen\u00e4 tai laivakuljetuksena m\u00e4\u00e4r\u00e4np\u00e4\u00e4h\u00e4si tulliselvityksen kera.<\/p>\n<p>Verkkosivusto: <a href=\"http:\/\/www.horizonrelocations.lk\" target=\"_blank\" rel=\"noopener\">http:\/\/www.horizonrelocations.lk<\/a><\/p>\n<h2><span class=\"ez-toc-section\" id=\"5_Trans_World_Movers\"><\/span><strong>5. Trans World Movers<\/strong><span class=\"ez-toc-section-end\"><\/span><\/h2>\n<p><img loading=\"lazy\" decoding=\"async\" class=\"alignnone size-full wp-image-10196\" src=\"https:\/\/moverdb.com\/wp-content\/uploads\/Trans-World-Movers-international-moving-company.png\" alt=\"Trans World Movers kansainv\u00e4linen muuttofirma\" width=\"1440\" height=\"675\" data-wp-pid=\"10196\" srcset=\"https:\/\/moverdb.com\/wp-content\/uploads\/Trans-World-Movers-international-moving-company.png 1440w, https:\/\/moverdb.com\/wp-content\/uploads\/Trans-World-Movers-international-moving-company-300x141.png 300w, https:\/\/moverdb.com\/wp-content\/uploads\/Trans-World-Movers-international-moving-company-1024x480.png 1024w, https:\/\/moverdb.com\/wp-content\/uploads\/Trans-World-Movers-international-moving-company-18x8.png 18w, https:\/\/moverdb.com\/wp-content\/uploads\/Trans-World-Movers-international-moving-company-600x281.png 600w\" sizes=\"auto, (max-width: 1440px) 100vw, 1440px\" \/><\/p>\n<ul>\n<li>Paikalliset siirrot<\/li>\n<li>Kansainv\u00e4liset siirrot<\/li>\n<li>Kotitalouksien muutot<\/li>\n<li>Yrityssiirrot<\/li>\n<li>Ovelta ovelle -ratkaisut<\/li>\n<li>Pakkauspalvelu<\/li>\n<li>Lento-, meri- ja maantiekuljetukset<\/li>\n<li>Tulliselvitys<\/li>\n<li>Ajoneuvojen ja lemmikkiel\u00e4inten kuljetus<\/li>\n<li>Varastointitilat<\/li>\n<\/ul>\n<p>Trans World Movers on vuonna 1973 perustettu Colombossa sijaitseva muuttoratkaisuja tarjoava yritys, joka tarjoaa palveluja yksityishenkil\u00f6ille, diplomaateille ja yrityksille. Heill\u00e4 on vakiintunut edustajien ja agenttien verkosto eri puolilla maailmaa, joka tukee heit\u00e4 kansainv\u00e4lisiss\u00e4 muutoissa. He ovat IAM:n j\u00e4sen, jolla on 50 vuoden kokemus.<\/p>\n<p>Trans World Movers tarjoaa ovelta ovelle muuttopalveluja paikallisesti ja kansainv\u00e4lisesti. He tarjoavat kansainv\u00e4listen standardien mukaista pakkauspalvelua tavaroiden suojaamiseksi kuljetuksen aikana. He j\u00e4rjest\u00e4v\u00e4t tavaroittenne kuljetuksen maantie-, lento- ja merikuljetuksina tulliselvityksineen. He tarjoavat lis\u00e4palveluja, joihin kuuluu lemmikkiel\u00e4inten k\u00e4sittely, <a href=\"https:\/\/moverdb.com\/fi\/car-transport-shipping\/\" data-internallinksmanager029f6b8e52c=\"2\" title=\"2026 Kansainv\u00e4linen autokuljetus ja ajoneuvojen kuljetus tarjoukset\">ajoneuvojen kuljetus<\/a> ja varastointiratkaisut.<\/p>\n<p>Verkkosivusto: <a href=\"http:\/\/www.transworldmovers.com\" target=\"_blank\" rel=\"noopener\">http:\/\/www.transworldmovers.com<\/a><\/p>\n<h2><span class=\"ez-toc-section\" id=\"6_Trans-Global_Relocations\"><\/span><strong>6. Maailmanlaajuiset uudelleensijoitukset<\/strong><span class=\"ez-toc-section-end\"><\/span><\/h2>\n<p><img loading=\"lazy\" decoding=\"async\" class=\"alignnone size-full wp-image-10197\" src=\"https:\/\/moverdb.com\/wp-content\/uploads\/Trans-Global-Relocations-international-moving-company.png\" alt=\"Trans-Global Relocations kansainv\u00e4linen muuttoliikeyritys\" width=\"1440\" height=\"681\" data-wp-pid=\"10197\" srcset=\"https:\/\/moverdb.com\/wp-content\/uploads\/Trans-Global-Relocations-international-moving-company.png 1440w, https:\/\/moverdb.com\/wp-content\/uploads\/Trans-Global-Relocations-international-moving-company-300x142.png 300w, https:\/\/moverdb.com\/wp-content\/uploads\/Trans-Global-Relocations-international-moving-company-1024x484.png 1024w, https:\/\/moverdb.com\/wp-content\/uploads\/Trans-Global-Relocations-international-moving-company-18x9.png 18w, https:\/\/moverdb.com\/wp-content\/uploads\/Trans-Global-Relocations-international-moving-company-600x284.png 600w\" sizes=\"auto, (max-width: 1440px) 100vw, 1440px\" \/><\/p>\n<ul>\n<li>Paikalliset ja kansalliset siirrot<\/li>\n<li>Kansainv\u00e4liset siirrot<\/li>\n<li>Kotitalouksien muutot<\/li>\n<li>Ovelta ovelle -palvelu<\/li>\n<li>Ammattimainen pakkaus<\/li>\n<li>Meri- ja ilmakuljetukset<\/li>\n<li>Tulliselvitys<\/li>\n<li>Lemmikkiel\u00e4inten uudelleensijoittaminen<\/li>\n<li>Auton k\u00e4sittely<\/li>\n<li>Turvallinen varastointi<\/li>\n<\/ul>\n<p>Trans-Global Relocations on Colombossa toimiva muutto- ja siirtoyritys. Se on IAM:n j\u00e4sen, mik\u00e4 tarjoaa sille kansainv\u00e4lisen muuttoagenttiverkoston, jonka kautta se voi ty\u00f6skennell\u00e4 ulkomaan muutoissa.<\/p>\n<p>Trans-Global Relocations tarjoaa kotitutkimuksen, jossa arvioidaan muuttotarpeesi ja laaditaan tarpeidesi mukainen muuttosuunnitelma, joka sis\u00e4lt\u00e4\u00e4 neuvoja valmistautumiseen ja kustannustehokkaimpaan muuttomenetelm\u00e4\u00e4n. He tarjoavat ovelta ovelle -palvelua, johon kuuluu tavaroiden pakkaaminen ammattimaisesti, jotta ne kulkevat turvallisesti kansainv\u00e4lisesti meri- tai ilmateitse tulliselvityksineen. He tarjoavat my\u00f6s lis\u00e4palveluita, joihin kuuluvat lemmikkiel\u00e4inten muutto, autojen k\u00e4sittely ja varastointi.<\/p>\n<p>Verkkosivusto: <a href=\"http:\/\/www.t-grelo.com\" target=\"_blank\" rel=\"noopener\">http:\/\/www.t-grelo.com<\/a><\/p>\n<h2><span class=\"ez-toc-section\" id=\"7_Worldwide_Movers\"><\/span><strong>7. Maailmanlaajuiset muuttajat<\/strong><span class=\"ez-toc-section-end\"><\/span><\/h2>\n<p><img loading=\"lazy\" decoding=\"async\" class=\"alignnone size-full wp-image-10209\" src=\"https:\/\/moverdb.com\/wp-content\/uploads\/Worldwide-Movers-international-moving-company.png\" alt=\"Worldwide Movers kansainv\u00e4linen muuttofirma\" width=\"1440\" height=\"674\" data-wp-pid=\"10209\" srcset=\"https:\/\/moverdb.com\/wp-content\/uploads\/Worldwide-Movers-international-moving-company.png 1440w, https:\/\/moverdb.com\/wp-content\/uploads\/Worldwide-Movers-international-moving-company-300x140.png 300w, https:\/\/moverdb.com\/wp-content\/uploads\/Worldwide-Movers-international-moving-company-1024x479.png 1024w, https:\/\/moverdb.com\/wp-content\/uploads\/Worldwide-Movers-international-moving-company-18x8.png 18w, https:\/\/moverdb.com\/wp-content\/uploads\/Worldwide-Movers-international-moving-company-600x281.png 600w\" sizes=\"auto, (max-width: 1440px) 100vw, 1440px\" \/><\/p>\n<ul>\n<li>Kansalliset siirrot<\/li>\n<li>Kansainv\u00e4liset siirrot<\/li>\n<li>Kotitalouksien muutot<\/li>\n<li>Muuttopalvelut<\/li>\n<li>Ovelta ovelle tai ovelta<a href=\"https:\/\/moverdb.com\/fi\/top-49-container-ports\/\" data-internallinksmanager029f6b8e52c=\"80\" title=\"Top 49 suurinta ja vilkkainta konttisatamaa vuonna 2025\">satama<\/a> palvelu<\/li>\n<li>Pakkauspalvelu<\/li>\n<li>Kuljetus maalla, ilmassa tai merell\u00e4<\/li>\n<li>Tulliv\u00e4litys<\/li>\n<li>Lemmikkiel\u00e4inten k\u00e4sittely<\/li>\n<li>Ajoneuvojen kuljetus<\/li>\n<\/ul>\n<p>Worldwide Movers on vuonna 2009 perustettu pakkaus- ja muuttoyritys, jonka kotipaikka on Colombo. Se on IAM:n j\u00e4sen 15 vuoden palveluksella ja my\u00f6s Asian Relocation Associationin j\u00e4sen, ja n\u00e4iden j\u00e4senyyksien ansiosta se voi tarjota muuttopalveluja kaikkialla maailmassa.<\/p>\n<p>Worldwide Movers tarjoaa ovelta ovelle tai ovelta satamaan siirtoja kansallisesti ja kansainv\u00e4lisesti. He tarjoavat pakkauspalvelua, joka sis\u00e4lt\u00e4\u00e4 tavaroiden turvallisen pakkaamisen, huonekalujen ja kalusteiden purkamisen ja kokoamisen uudelleen. He voivat my\u00f6s auttaa ajoneuvojen ja lemmikkiel\u00e4inten siirt\u00e4misess\u00e4 kanssasi. He tarjoavat muuttopalveluja, joihin kuuluvat asunto- ja kouluhaut, perehdytys, aluekierrokset ja siivouspalvelut.<\/p>\n<p>Verkkosivusto: <a href=\"https:\/\/w-movers.com\/\" target=\"_blank\" rel=\"noopener\">https:\/\/w-movers.com\/<\/a><\/p>","protected":false},"excerpt":{"rendered":"<p>Are you planning on moving? Then you may want to enlist the services of a moving company as they can assist you with packing, transportation and handling customs when moving abroad. Below we have compiled a list of Sri Lanka based removal companies that are members of the International Association of Movers (IAM) and\/or FIDI [&hellip;]<\/p>\n","protected":false},"author":4,"featured_media":10071,"parent":190,"menu_order":0,"comment_status":"closed","ping_status":"closed","template":"","meta":{"_genesis_hide_title":false,"_genesis_hide_breadcrumbs":false,"_genesis_hide_singular_image":false,"_genesis_hide_footer_widgets":false,"_genesis_custom_body_class":"","_genesis_custom_post_class":"","_genesis_layout":"","footnotes":""},"class_list":{"0":"post-10215","1":"page","2":"type-page","3":"status-publish","4":"has-post-thumbnail","6":"entry"},"_links":{"self":[{"href":"https:\/\/moverdb.com\/fi\/wp-json\/wp\/v2\/pages\/10215","targetHints":{"allow":["GET"]}}],"collection":[{"href":"https:\/\/moverdb.com\/fi\/wp-json\/wp\/v2\/pages"}],"about":[{"href":"https:\/\/moverdb.com\/fi\/wp-json\/wp\/v2\/types\/page"}],"author":[{"embeddable":true,"href":"https:\/\/moverdb.com\/fi\/wp-json\/wp\/v2\/users\/4"}],"replies":[{"embeddable":true,"href":"https:\/\/moverdb.com\/fi\/wp-json\/wp\/v2\/comments?post=10215"}],"version-history":[{"count":1,"href":"https:\/\/moverdb.com\/fi\/wp-json\/wp\/v2\/pages\/10215\/revisions"}],"predecessor-version":[{"id":10216,"href":"https:\/\/moverdb.com\/fi\/wp-json\/wp\/v2\/pages\/10215\/revisions\/10216"}],"up":[{"embeddable":true,"href":"https:\/\/moverdb.com\/fi\/wp-json\/wp\/v2\/pages\/190"}],"wp:featuredmedia":[{"embeddable":true,"href":"https:\/\/moverdb.com\/fi\/wp-json\/wp\/v2\/media\/10071"}],"wp:attachment":[{"href":"https:\/\/moverdb.com\/fi\/wp-json\/wp\/v2\/media?parent=10215"}],"curies":[{"name":"wp","href":"https:\/\/api.w.org\/{rel}","templated":true}]}}