{"id":955,"date":"2016-07-24T19:52:53","date_gmt":"2016-07-24T19:52:53","guid":{"rendered":"http:\/\/moverdb.com\/?page_id=955"},"modified":"2026-01-08T15:21:02","modified_gmt":"2026-01-08T15:21:02","slug":"us-canada-movers","status":"publish","type":"page","link":"https:\/\/moverdb.com\/et\/us-canada-movers\/","title":{"rendered":"Top 100 siseriiklikku ja rahvusvahelist kolijat USAs ja Kanadas"},"content":{"rendered":"<p>Allpool leiate nimekirja 100 suurimast kodumaisest ja <a href=\"https:\/\/moverdb.com\/et\/kolimisfirmad\/\">rahvusvahelised kolimisfirmad<\/a> the <a href=\"https:\/\/moverdb.com\/et\/moving-to-the-united-states\/\" data-internallinksmanager029f6b8e52c=\"94\" title=\"Kolimine Ameerika \u00dchendriikidesse? 2022 Elamiskulud ja kolimisn\u00f5uanded\">Ameerika \u00dchendriigid<\/a> ja <a href=\"https:\/\/moverdb.com\/et\/moving-to-canada\/\" data-internallinksmanager029f6b8e52c=\"265\" title=\"Kanadasse kolimine? 2023 elamiskulud ja kolimisn\u00f5uanded\">Kanada<\/a> registreeritud veoautode arvu alusel nende s\u00f5idukipargis. <\/p>\n<p>\u00dcks neist ettev\u00f5tetest on t\u00f5en\u00e4oliselt \u00f5ige teie rahvusvahelise, pikamaa- ja\/v\u00f5i riikidevahelise kolimise jaoks.<\/p>\n<p><img loading=\"lazy\" decoding=\"async\" width=\"720\" height=\"480\" src=\"https:\/\/moverdb.com\/wp-content\/uploads\/Moving-truck.jpeg\" alt=\"Kolimisauto\" class=\"aligncenter size-full wp-image-1083\" srcset=\"https:\/\/moverdb.com\/wp-content\/uploads\/Moving-truck.jpeg 720w, https:\/\/moverdb.com\/wp-content\/uploads\/Moving-truck-300x200.jpeg 300w, https:\/\/moverdb.com\/wp-content\/uploads\/Moving-truck-600x400.jpeg 600w\" sizes=\"auto, (max-width: 720px) 100vw, 720px\" \/><\/p>\n<p>Andmed p\u00e4rinevad <a href=\"http:\/\/www.movingcompanyreviews.com\/100-largest-moving-companies-of-the-us-and-canada\" target=\"_blank\" rel=\"noopener\">MovingCompanyReviews.com<\/a> mis n\u00e4itab viimaseid laevastiku suurusi ja ka iga ettev\u00f5tte peakontori asukohta.<\/p>\n<p>Allpool saate lugeda iga ettev\u00f5tte profiili: <\/p>\n<ol>\n<li> <a href=\"https:\/\/moverdb.com\/et\/united-van-lines\/\"><strong>United Van Lines<\/strong><\/a> - Pakub nii siseriiklikke vedusid Ameerika \u00dchendriikides ja Kanadas kui ka rahvusvahelisi vedusid kogu maailmas.<\/li>\n<li> <a href=\"https:\/\/moverdb.com\/et\/u-pack-moving\/\"><strong>U-Pack kolimine<\/strong><\/a> - ABF U-Pack Moving pakub oma klientidele mitmesuguseid teenuseid kolimiseks ning ise pakkimiseks ja lahtipakkimiseks USAs, Kanadas ja Puerto Ricos. <\/li>\n<li> <a href=\"https:\/\/moverdb.com\/et\/atlas-van-lines-international\/\"><strong>Atlas Van Lines<\/strong><\/a> - Pakub kodumaiseid kolimisi Atlas Van Lines'i kaubam\u00e4rgi all ja rahvusvahelisi kolimisi Atlas Van Lines International'i kaubam\u00e4rgi all. M\u00f5lemad kuuluvad Atlas World Groupile.<\/li>\n<li> <a href=\"https:\/\/moverdb.com\/et\/mayflower-transit\/\"><strong>Mayflower Transit<\/strong><\/a> - Mayflower Transit pakub mitmesuguseid teenuseid alates kolimisest ja ladustamisest kuni rahvusvahelise teenuse osutamiseni. <\/li>\n<li> <a href=\"https:\/\/moverdb.com\/et\/allied-van-lines\/\"><strong>Allied Van Lines<\/strong><\/a> - Allied Van Lines Inc asub Fort Wayne'is, IN ja ettev\u00f5te pakub oma klientidele mitmesuguseid teenuseid, sealhulgas saadetise j\u00e4lgimist 24\/7, abi tollivormistuses, ingliskeelset personali kolimise m\u00f5lemas otsas ja pakkematerjalide eemaldamist.<\/li>\n<li> <a href=\"https:\/\/moverdb.com\/et\/north-american-van-lines\/\"><strong>North American Van Lines<\/strong><\/a> - North American Van Lines pakub oma klientidele teenuseid rahvusvaheliste, ettev\u00f5tete ja riigisiseste kolimiste puhul.<\/li>\n<li> <a href=\"https:\/\/moverdb.com\/et\/wheaton\/\"><strong>Wheaton World Wide Moving<\/strong><\/a> - Wheaton World Wide Moving (endine Wheaton Van Lines) pakub oma klientidele mitmesuguseid teenuseid alates rahvusvahelistest kolimistest kuni kohalike kolimisteni.<\/li>\n<li> <a href=\"https:\/\/moverdb.com\/et\/bekins-van-lines\/\"><strong>Bekins Van Lines<\/strong><\/a> - Bekins Van Lines asub Indianapolis IN. Nad pakuvad oma klientidele erinevaid kolimisteenuseid, sealhulgas rahvusvahelisi \u00fcmberpaigutusi ja suure v\u00e4\u00e4rtusega kolimisi.<\/li>\n<li> <a href=\"https:\/\/moverdb.com\/et\/graebel-van-lines\/\"><strong>Graebel Van Lines<\/strong><\/a> - Graebel Van Lines'i peakontor asub Aurora, CO ja selle klientide hulka kuuluvad Fortune 500 ettev\u00f5tted ning DEA, FBI, IRS ja CDC.<\/li>\n<li> <a href=\"https:\/\/moverdb.com\/et\/arpin-van-lines\/\"><strong>Arpin Van Lines<\/strong><\/a> - Arpin Van Lines asub West Warwickis, RI, ja tegeleb s\u00f5jav\u00e4e- ja majapidamiste kolimistega nii riigisiseselt kui ka rahvusvaheliselt. Nad pakuvad ka selliseid ladustamisteenuseid nagu kliimakontrollitud ladustamine ja konteinerladustamine.<\/li>\n<li> <a href=\"https:\/\/moverdb.com\/et\/stevens-worldwide-van-lines\/\">Stevens Worldwide Van Lines<\/a> - Stevens Worldwide Van Lines asub Saginaw MI-s. Nad pakuvad kohalikke, riigist v\u00e4ljas olevaid, kaug- ja rahvusvahelisi vedusid kodumajapidamistele, ettev\u00f5tetele, s\u00f5jav\u00e4ele ja vaimulikele.<\/li>\n<li> <a href=\"https:\/\/moverdb.com\/et\/amj-campbell-van-lines\/\">AMJ Campbell Van Lines<\/a> - AMJ Campbell Van Lines asub <a href=\"https:\/\/moverdb.com\/et\/kolimine-toronto\/\">Toronto<\/a>, Kanada ja on \u00fcks Kanada suurimaid <a href=\"https:\/\/moverdb.com\/et\/moving-companies\/\" data-internallinksmanager029f6b8e52c=\"79\" title=\"Top 25 rahvusvahelist kolimisfirmat Internetis\">kolimisfirmad<\/a> nii riigisiseste kui ka rahvusvaheliste kolimiste puhul.<\/li>\n<li> <a href=\"https:\/\/moverdb.com\/et\/suddath\/\">Suddath<\/a> - Ettev\u00f5tete perekond, mis pakub mitmesuguseid riigisiseseid ja rahvusvahelisi kolimisteenuseid, sealhulgas elamu, ettev\u00f5tte ja valitsuse kolimisteenuseid.<\/li>\n<li> <a href=\"https:\/\/moverdb.com\/et\/covan-world-wide\/\">Covan WorldWide Moving<\/a> - Covanil on \u00fcle 200 riikidevahelise ja 600 kohaliku kolimise \u00fcksuse. Ettev\u00f5tte missiooniks on olla rahvusvaheliste transporditeenuste liider.<\/li>\n<li> <a href=\"https:\/\/moverdb.com\/et\/armstrong-relokatsioon\/\">Armstrongi \u00fcmberpaigutamine<\/a> - Armstrong Relocation on t\u00e4nap\u00e4eval United Van Linesi suurim kaubaagent ja tal on 22 kontorit USAs.<\/li>\n<li> <a href=\"https:\/\/moverdb.com\/et\/williams-moving-storage\/\">Williams kolimine ja ladustamine<\/a> - Williams Moving and Storage on Kanada kolimisfirma, mis kolib \u00fcksikisikuid ja ettev\u00f5tteid nii kohalikul kui ka rahvusvahelisel tasandil.<\/li>\n<li> <a href=\"https:\/\/moverdb.com\/et\/beltmann-relokatsioon\/\">Beltmann Relocation Group<\/a> - Battina perekond alustas tegevust 1955. aastal ning on endiselt perefirma. See on \u00fcks suurimaid ja vanimaid North American Van Lines'i agente.<\/li>\n<li> <a href=\"https:\/\/moverdb.com\/et\/national-van-lines\/\">National Van Lines<\/a> - Ettev\u00f5tte moto on \"Moving Your Memories\", mis on meeldetuletus nii t\u00f6\u00f6tajatele kui ka klientidele, et isiklikud asjad on v\u00e4\u00e4rtuslikud ja neid k\u00e4ideldakse alati hoolikalt.<\/li>\n<li> <a href=\"https:\/\/moverdb.com\/et\/bergeriga-seotud\/\">Berger Allied (\u00dcmberlaadimine ja ladustamine)<\/a> - Berger Transfer and Storage on tegutsenud alates 1910. aastast. Nad t\u00f6\u00f6tavad eraisikute, ettev\u00f5tete ja valitsusasutustega. <\/li>\n<li> Lawrence Transportation Systems<\/li>\n<li> <a href=\"https:\/\/moverdb.com\/et\/mccollisters-moving\/\">McCollisteri transpordigrupp<\/a> - McCollister's on eraettev\u00f5te ja UniGroup Inc. agent, kuhu kuuluvad United Van Lines ja Mayflower Transit. (vt eespool)<\/li>\n<li> <a href=\"https:\/\/moverdb.com\/et\/coleman-worldwide-moving\/\">Coleman Worldwide Moving<\/a> - Coleman Worldwide Moving, tuntud ka kui Coleman American Moving Services &amp; Coleman Allied, pakub nii USA-siseseid kui ka rahvusvahelisi kolimisi.<\/li>\n<li> <a href=\"https:\/\/moverdb.com\/et\/hilldrup-moving-storage\/\">Hilldrup kolimine ja ladustamine<\/a> - Pakub selliseid teenuseid nagu kolimisabi, kolimise korraldamine, ladustamine, v\u00e4ljumisteenused, sihtkohateenused ja muud.<\/li>\n<li> <a href=\"https:\/\/moverdb.com\/et\/american-red-ball-transit\/\">American Red Ball Transit Company<\/a> - Asub Indianapolises ja keskendub USA-sisestele teenustele.<\/li>\n<li> New World Van Lines<\/li>\n<li> Palmeri kolimine ja ladustamine<\/li>\n<li> Mergenthaler Transfeer ja ladustamine<\/li>\n<li> Scobey kolimine ja ladustamine LTD<\/li>\n<li> Corrigan liikumiss\u00fcsteemid<\/li>\n<li> Tri Star Freight System<\/li>\n<li> N\u00e4lgivad \u00f5pilased<\/li>\n<li> A-1 Freeman kolimisfirmad<\/li>\n<li> Daryl Flood \u00fcmberpaigutamine ja logistika<\/li>\n<li> JK kolimine ja ladustamine<\/li>\n<li> Ace Relocation Systems<\/li>\n<li> Ford Storage &amp; Moving Company<\/li>\n<li> Budd Van Lines<\/li>\n<li> Lennukite kolimine ja ladustamine<\/li>\n<li> \u00d5rn hiiglane kolimisfirma<\/li>\n<li> <a href=\"https:\/\/moverdb.com\/et\/island-movers\/\">Saare kolijad<\/a> - Pakub kolimisteenuseid Hawaii saartele ja sealt v\u00e4lja nii Ameerika \u00dchendriikidest kui ka rahvusvaheliselt.<\/li>\n<li> Mesa kolimine ja ladustamine<\/li>\n<li> Ameerika rahvusvahelised kolijad<\/li>\n<li> Ameerika kolijad<\/li>\n<li> Arnoff kolimine ja ladustamine,<\/li>\n<li> Fidelity Moving &amp; Storage Company<\/li>\n<li> Lile International ettev\u00f5tted<\/li>\n<li> Carlyle Van Lines<\/li>\n<li> \u00d5ige liikuja<\/li>\n<li> Andrews Van Lines<\/li>\n<li> Sherwood Van Lines<\/li>\n<li> Bisson kolimine ja ladustamine<\/li>\n<li> Bohreni kolimine ja ladustamine,<\/li>\n<li> Select Van &amp; Storage<\/li>\n<li> Broadway Express<\/li>\n<li> FlatRate Moving<\/li>\n<li> Smith Dray Line &amp; Storage<\/li>\n<li> Sourdough Express<\/li>\n<li> South Hills kolijad<\/li>\n<li> Fisher North American<\/li>\n<li> Interstate Van Lines\/Interstate Worldwide<\/li>\n<li> Ward North American<\/li>\n<li> Ida <a href=\"https:\/\/moverdb.com\/et\/moving-to-the-united-states\/moving-to-tennessee\/\" data-internallinksmanager029f6b8e52c=\"406\" title=\"Tennessee&#039;sse kolimine? 2023 elamiskulud ja kolimisn\u00f5uanded\">Tennessee<\/a> Kolimine\/Kaks meest ja veoauto<\/li>\n<li> Imlach Group<\/li>\n<li> Air Van Moving<\/li>\n<li> Legacy transporditeenused<\/li>\n<li> Tippet-Richardson<\/li>\n<li> Atlantic Relocation Systems<\/li>\n<li> Carey kolimine ja ladustamine<\/li>\n<li> Arnoldi maailmaklassi \u00fcmberpaigutamine<\/li>\n<li> William B. Meyer<\/li>\n<li> Horizon Moving Systems<\/li>\n<li> Parksi kolimine ja ladustamine<\/li>\n<li> Highland kolimine ja ladustamine<\/li>\n<li> Delancey Street Moving &amp; Transportation<\/li>\n<li> Armstrongi \u00fcmberpaigutamine<\/li>\n<li> F\u00f6deraalsed ettev\u00f5tted<\/li>\n<li> Hoyt's Moving &amp; Storage<\/li>\n<li> Johnson Storage and Moving<\/li>\n<li> Nor-Cal kolimisteenused<\/li>\n<li> <a href=\"https:\/\/moverdb.com\/et\/royal-hawaiian-movers\/\">Royal Hawaii kolijad<\/a> - Royal Hawaiian Movers kuulub DeWitt kontserni, mis pakub oma klientidele erinevaid kohalikke, saartevahelisi, mandri- ja rahvusvahelisi kolimisi.<\/li>\n<li> Central Van &amp; Storage,<\/li>\n<li> <a href=\"https:\/\/moverdb.com\/et\/krooni-liigutamine\/\">Crown Moving Co<\/a> - N\u00fc\u00fcdseks suletud, asukohaga <a href=\"https:\/\/moverdb.com\/et\/moving-to-seattle\/\" data-internallinksmanager029f6b8e52c=\"65\" title=\"Kolimine Seattle&#039;isse? 2022 elamiskulud ja kolimisn\u00f5uanded\">Seattle<\/a>.<\/li>\n<li> Fry-Wagner kolimine ja ladustamine Co<\/li>\n<li> B. Von <a href=\"https:\/\/moverdb.com\/et\/moving-to-france\/moving-to-paris\/\" data-internallinksmanager029f6b8e52c=\"407\" title=\"Kolimine Pariisi? 2023 elamiskulud ja kolimisn\u00f5uanded\">Pariis<\/a> Kolimine ja ladustamine<\/li>\n<li> O'Brieni kolimine ja ladustamine<\/li>\n<li> Piqua Transfer &amp; Storage Company<\/li>\n<li> Joyce Van Lines,<\/li>\n<li> Plycon Transportation Group<\/li>\n<li> AAA kolimine ja ladustamine<\/li>\n<li> Aaction Moving &amp; Storage<\/li>\n<li> Alero kolimine ja ladustamine<\/li>\n<li> DMS liikumiss\u00fcsteemid<\/li>\n<li> George kolimine ja ladustamine<\/li>\n<li> Glen Ellyn Storage Corporation<\/li>\n<li> Piepho kolimine ja ladustamine<\/li>\n<li> Eagle Van Lines<\/li>\n<li> Roadrunner kolimine ja ladustamine<\/li>\n<li> Lint Van Lines<\/li>\n<li> Pacific Transfer<\/li>\n<li> Paxton Van Lines<\/li>\n<\/ol>","protected":false},"excerpt":{"rendered":"<p>Below you will find a list of the top 100 largest domestic and international moving companies the United States and Canada based on the number of registered trucks in their fleet. One of these companies is likely to be the right one for your international, long distance and\/or interstate move. The data comes from MovingCompanyReviews.com [&hellip;]<\/p>\n","protected":false},"author":1,"featured_media":1083,"parent":0,"menu_order":0,"comment_status":"closed","ping_status":"closed","template":"","meta":{"_genesis_hide_title":false,"_genesis_hide_breadcrumbs":false,"_genesis_hide_singular_image":false,"_genesis_hide_footer_widgets":false,"_genesis_custom_body_class":"","_genesis_custom_post_class":"","_genesis_layout":"","footnotes":""},"class_list":{"0":"post-955","1":"page","2":"type-page","3":"status-publish","4":"has-post-thumbnail","6":"entry"},"_links":{"self":[{"href":"https:\/\/moverdb.com\/et\/wp-json\/wp\/v2\/pages\/955","targetHints":{"allow":["GET"]}}],"collection":[{"href":"https:\/\/moverdb.com\/et\/wp-json\/wp\/v2\/pages"}],"about":[{"href":"https:\/\/moverdb.com\/et\/wp-json\/wp\/v2\/types\/page"}],"author":[{"embeddable":true,"href":"https:\/\/moverdb.com\/et\/wp-json\/wp\/v2\/users\/1"}],"replies":[{"embeddable":true,"href":"https:\/\/moverdb.com\/et\/wp-json\/wp\/v2\/comments?post=955"}],"version-history":[{"count":40,"href":"https:\/\/moverdb.com\/et\/wp-json\/wp\/v2\/pages\/955\/revisions"}],"predecessor-version":[{"id":6247,"href":"https:\/\/moverdb.com\/et\/wp-json\/wp\/v2\/pages\/955\/revisions\/6247"}],"wp:featuredmedia":[{"embeddable":true,"href":"https:\/\/moverdb.com\/et\/wp-json\/wp\/v2\/media\/1083"}],"wp:attachment":[{"href":"https:\/\/moverdb.com\/et\/wp-json\/wp\/v2\/media?parent=955"}],"curies":[{"name":"wp","href":"https:\/\/api.w.org\/{rel}","templated":true}]}}