{"id":9512,"date":"2023-06-08T12:42:23","date_gmt":"2023-06-08T12:42:23","guid":{"rendered":"https:\/\/moverdb.com\/?page_id=9512"},"modified":"2026-01-08T15:29:37","modified_gmt":"2026-01-08T15:29:37","slug":"moving-companies-romania","status":"publish","type":"page","link":"https:\/\/moverdb.com\/et\/moving-companies\/moving-companies-romania\/","title":{"rendered":"8 parimat rahvusvahelist kolimisfirmat Rumeenias"},"content":{"rendered":"<p>Kas te kavatsete kolida Rumeenias, Rumeeniasse v\u00f5i Rumeeniast? Siis v\u00f5iksite kaaluda teenusepakkuja teenuste kasutamist. <a href=\"https:\/\/moverdb.com\/et\/moving-companies\/\" data-internallinksmanager029f6b8e52c=\"79\" title=\"Top 25 rahvusvahelist kolimisfirmat Internetis\">kolimisfirma<\/a> et aidata teid kolimisel. Allpool oleme koostanud nimekirja Rumeenias asuvatest <a href=\"https:\/\/moverdb.com\/et\/international-removals\/\" data-internallinksmanager029f6b8e52c=\"27\" title=\"36 Parimad rahvusvahelised kolimisfirmad \u00dchendkuningriigis\">kolimisfirmad<\/a> mis on liikmed <a href=\"https:\/\/moverdb.com\/et\/iam\/\" data-internallinksmanager029f6b8e52c=\"23\" title=\"Rahvusvaheline kolijate assotsiatsioon (IAM) Selgitatud\">Rahvusvaheline kolijate assotsiatsioon<\/a> (IAM) ja\/v\u00f5i <a href=\"https:\/\/moverdb.com\/et\/fidi-faim\/\" data-internallinksmanager029f6b8e52c=\"16\" title=\"FIDI &amp; FAIM (FIDI akrediteeritud rahvusvaheline kolija) selgitatud\">FIDI<\/a> Akrediteeritud rahvusvaheline kolija (FAIM), kes v\u00f5iks teid kolimisel aidata.<\/p>\n<div id=\"ez-toc-container\" class=\"ez-toc-v2_0_82_2 ez-toc-wrap-left counter-hierarchy ez-toc-counter ez-toc-transparent ez-toc-container-direction\">\n<div class=\"ez-toc-title-container\">\n<p class=\"ez-toc-title\" style=\"cursor:inherit\">Jaotised<\/p>\n<span class=\"ez-toc-title-toggle\"><a href=\"#\" class=\"ez-toc-pull-right ez-toc-btn ez-toc-btn-xs ez-toc-btn-default ez-toc-toggle\" aria-label=\"Sisukorra vaheldumine\"><span class=\"ez-toc-js-icon-con\"><span class=\"\"><span class=\"eztoc-hide\" style=\"display:none;\">Toggle<\/span><span class=\"ez-toc-icon-toggle-span\"><svg style=\"fill: #999;color:#999\" xmlns=\"http:\/\/www.w3.org\/2000\/svg\" class=\"list-377408\" width=\"20px\" height=\"20px\" viewbox=\"0 0 24 24\" fill=\"none\"><path d=\"M6 6H4v2h2V6zm14 0H8v2h12V6zM4 11h2v2H4v-2zm16 0H8v2h12v-2zM4 16h2v2H4v-2zm16 0H8v2h12v-2z\" fill=\"currentColor\"><\/path><\/svg><svg style=\"fill: #999;color:#999\" class=\"arrow-unsorted-368013\" xmlns=\"http:\/\/www.w3.org\/2000\/svg\" width=\"10px\" height=\"10px\" viewbox=\"0 0 24 24\" version=\"1.2\" baseprofile=\"tiny\"><path d=\"M18.2 9.3l-6.2-6.3-6.2 6.3c-.2.2-.3.4-.3.7s.1.5.3.7c.2.2.4.3.7.3h11c.3 0 .5-.1.7-.3.2-.2.3-.5.3-.7s-.1-.5-.3-.7zM5.8 14.7l6.2 6.3 6.2-6.3c.2-.2.3-.5.3-.7s-.1-.5-.3-.7c-.2-.2-.4-.3-.7-.3h-11c-.3 0-.5.1-.7.3-.2.2-.3.5-.3.7s.1.5.3.7z\"\/><\/svg><\/span><\/span><\/span><\/a><\/span><\/div>\n<nav><ul class='ez-toc-list ez-toc-list-level-1 eztoc-toggle-hide-by-default' ><li class='ez-toc-page-1 ez-toc-heading-level-2'><a class=\"ez-toc-link ez-toc-heading-1\" href=\"https:\/\/moverdb.com\/et\/moving-companies\/moving-companies-romania\/#1_EE_Relo\" >1. EE Relo<\/a><\/li><li class='ez-toc-page-1 ez-toc-heading-level-2'><a class=\"ez-toc-link ez-toc-heading-2\" href=\"https:\/\/moverdb.com\/et\/moving-companies\/moving-companies-romania\/#2_Gosselin\" >2. Gosselin<\/a><\/li><li class='ez-toc-page-1 ez-toc-heading-level-2'><a class=\"ez-toc-link ez-toc-heading-3\" href=\"https:\/\/moverdb.com\/et\/moving-companies\/moving-companies-romania\/#3_Orbit\" >3. Orbiit<\/a><\/li><li class='ez-toc-page-1 ez-toc-heading-level-2'><a class=\"ez-toc-link ez-toc-heading-4\" href=\"https:\/\/moverdb.com\/et\/moving-companies\/moving-companies-romania\/#4_Premier_Moving_Storage\" >4. Premier Moving &amp; Storage<\/a><\/li><li class='ez-toc-page-1 ez-toc-heading-level-2'><a class=\"ez-toc-link ez-toc-heading-5\" href=\"https:\/\/moverdb.com\/et\/moving-companies\/moving-companies-romania\/#5_Rilvan_Group\" >5. Rilvan Group<\/a><\/li><li class='ez-toc-page-1 ez-toc-heading-level-2'><a class=\"ez-toc-link ez-toc-heading-6\" href=\"https:\/\/moverdb.com\/et\/moving-companies\/moving-companies-romania\/#6_Santa_Fe_Relocation\" >6. Santa Fe \u00fcmberpaigutamine<\/a><\/li><li class='ez-toc-page-1 ez-toc-heading-level-2'><a class=\"ez-toc-link ez-toc-heading-7\" href=\"https:\/\/moverdb.com\/et\/moving-companies\/moving-companies-romania\/#7_Smartmoving_Logistics\" >7. Smartmoving Logistika<\/a><\/li><li class='ez-toc-page-1 ez-toc-heading-level-2'><a class=\"ez-toc-link ez-toc-heading-8\" href=\"https:\/\/moverdb.com\/et\/moving-companies\/moving-companies-romania\/#8_CDD_Relocation\" >8. CDD \u00fcmberpaigutamine<\/a><\/li><li class='ez-toc-page-1 ez-toc-heading-level-2'><a class=\"ez-toc-link ez-toc-heading-9\" href=\"https:\/\/moverdb.com\/et\/moving-companies\/moving-companies-romania\/#Other_Useful_Guides_to_Romania\" >Muud kasulikud Rumeenia reisijuhid<\/a><\/li><\/ul><\/nav><\/div>\n<h2><span class=\"ez-toc-section\" id=\"1_EE_Relo\"><\/span><strong>1. EE Relo<\/strong><span class=\"ez-toc-section-end\"><\/span><\/h2>\n<p><img loading=\"lazy\" decoding=\"async\" class=\"alignnone size-full wp-image-9356\" src=\"https:\/\/moverdb.com\/wp-content\/uploads\/EE-Relo-international-moving-company.png\" alt=\"EE Relo rahvusvaheline kolimisfirma\" width=\"1440\" height=\"672\" data-wp-pid=\"9356\" srcset=\"https:\/\/moverdb.com\/wp-content\/uploads\/EE-Relo-international-moving-company.png 1440w, https:\/\/moverdb.com\/wp-content\/uploads\/EE-Relo-international-moving-company-300x140.png 300w, https:\/\/moverdb.com\/wp-content\/uploads\/EE-Relo-international-moving-company-1024x478.png 1024w, https:\/\/moverdb.com\/wp-content\/uploads\/EE-Relo-international-moving-company-18x8.png 18w, https:\/\/moverdb.com\/wp-content\/uploads\/EE-Relo-international-moving-company-600x280.png 600w\" sizes=\"auto, (max-width: 1440px) 100vw, 1440px\" \/><\/p>\n<ul>\n<li>Kohalikud kolimised<\/li>\n<li>Rahvusvahelised liikumised<\/li>\n<li>Kodumajapidamiste kolimised<\/li>\n<li>Ettev\u00f5tte liikumine<\/li>\n<li>Ukselt-uksele teenused<\/li>\n<li>Kolimiseelne k\u00fcsitlus<\/li>\n<li>T\u00e4ielik pakkimisteenus<\/li>\n<li>Tolliformaalsused<\/li>\n<li>Lemmikloomade ja auto transport<\/li>\n<li>Ladustamislahendused<\/li>\n<\/ul>\n<p>EE Relo on kolimiskorraldusega tegelev ettev\u00f5te, millel on kontorid Ida-Euroopas, sealhulgas Bukarestis Rumeenias. Neil on ulatuslik partnerite v\u00f5rgustik, mis aitab neil pakkuda \u00fclemaailmseid teenuseid. Nad on IAMi liige, kellel on \u00fcheksa aastat kestnud tegevus.<\/p>\n<p>EE Relo pakub ukselt-uksele kolimis- ja \u00fcmberpaigutamisteenuseid, mis v\u00f5ivad h\u00f5lmata teie kodu, \u00e4ri, lemmikloomi, autot ja kunstiteoseid. Nad pakuvad \u00fchtset kontaktpunkti, et juhtida teie kolimist, sealhulgas teie vajaduste hindamist, t\u00e4ielikku pakkimisteenust, m\u00f6\u00f6bli lahtiv\u00f5tmist, transpordi korraldamist ja lahtipakkimist. Nende kolimisteenused h\u00f5lmavad kodu ja koolide otsinguid, sisser\u00e4ndeabi ja sisseseadmisteenuseid koos concierge-teenusega, mis aitab teil k\u00f5ike korraldada.<\/p>\n<p>Veebileht: <a href=\"https:\/\/www.eerelo.com\" target=\"_blank\" rel=\"noopener\">https:\/\/www.eerelo.com<\/a><\/p>\n<h2><span class=\"ez-toc-section\" id=\"2_Gosselin\"><\/span><strong>2. Gosselin<\/strong><span class=\"ez-toc-section-end\"><\/span><\/h2>\n<p><img loading=\"lazy\" decoding=\"async\" class=\"alignnone size-full wp-image-9375\" src=\"https:\/\/moverdb.com\/wp-content\/uploads\/Gosselin-Romania-international-moving-company.png\" alt=\"Gosselin Rumeenia rahvusvaheline kolimisfirma\" width=\"1440\" height=\"681\" data-wp-pid=\"9375\" srcset=\"https:\/\/moverdb.com\/wp-content\/uploads\/Gosselin-Romania-international-moving-company.png 1440w, https:\/\/moverdb.com\/wp-content\/uploads\/Gosselin-Romania-international-moving-company-300x142.png 300w, https:\/\/moverdb.com\/wp-content\/uploads\/Gosselin-Romania-international-moving-company-1024x484.png 1024w, https:\/\/moverdb.com\/wp-content\/uploads\/Gosselin-Romania-international-moving-company-18x9.png 18w, https:\/\/moverdb.com\/wp-content\/uploads\/Gosselin-Romania-international-moving-company-600x284.png 600w\" sizes=\"auto, (max-width: 1440px) 100vw, 1440px\" \/><\/p>\n<ul>\n<li>Riiklikud liikumised<\/li>\n<li>Rahvusvahelised liikumised<\/li>\n<li>Kodumajapidamiste kolimised<\/li>\n<li>Kontori kolimised<\/li>\n<li>Ukselt-uksele teenus<\/li>\n<li>Pakkimisteenus<\/li>\n<li>Tollivormistus<\/li>\n<li>Kaunite kunstide k\u00e4sitlemine<\/li>\n<li>S\u00f5idukite ja lemmikloomade vedu<\/li>\n<li>Ladustamisv\u00f5imalused<\/li>\n<\/ul>\n<p>Gosselin on rahvusvaheline kolimis- ja \u00fcmberpaigutamisettev\u00f5te, millel on kontorid 34 riigis. Rumeenia kontor Bukarestis asutati 1980ndate l\u00f5pus. Nad kasutavad oma ja laiemaid v\u00f5rgustikke rahvusvaheliste teenuste osutamiseks ning on IAMi liige.<\/p>\n<p>Gosselin pakub uksest-ukseni kolimisteenust professionaalsete kolijatega, kes pakivad teie esemed kolimiseks turvaliselt, kasutades keskkonnas\u00f5bralikke pakkematerjale, ning demonteerivad m\u00f6\u00f6blit. Nad korraldavad esemete transpordi koos tollivormistusega ning saabumisel pakivad nad m\u00f6\u00f6bli lahti ja panevad selle uuesti kokku. Nad pakuvad lisateenuseid, sealhulgas kunsti- ja antiikesemete k\u00e4itlemine, autode ja mootorrataste vedu ning lemmikloomade vedu.<\/p>\n<p>Veebileht: <a href=\"http:\/\/www.gosselinmobility.eu\/romania\" target=\"_blank\" rel=\"noopener\">http:\/\/www.gosselinmobility.eu\/romania<\/a><\/p>\n<h2><span class=\"ez-toc-section\" id=\"3_Orbit\"><\/span><strong>3. Orbiit<\/strong><span class=\"ez-toc-section-end\"><\/span><\/h2>\n<p><img loading=\"lazy\" decoding=\"async\" class=\"alignnone size-full wp-image-9406\" src=\"https:\/\/moverdb.com\/wp-content\/uploads\/Orbit-Romania-international-moving-company.png\" alt=\"Orbit Rumeenia rahvusvaheline kolimisfirma\" width=\"1440\" height=\"678\" data-wp-pid=\"9406\" srcset=\"https:\/\/moverdb.com\/wp-content\/uploads\/Orbit-Romania-international-moving-company.png 1440w, https:\/\/moverdb.com\/wp-content\/uploads\/Orbit-Romania-international-moving-company-300x141.png 300w, https:\/\/moverdb.com\/wp-content\/uploads\/Orbit-Romania-international-moving-company-1024x482.png 1024w, https:\/\/moverdb.com\/wp-content\/uploads\/Orbit-Romania-international-moving-company-18x8.png 18w, https:\/\/moverdb.com\/wp-content\/uploads\/Orbit-Romania-international-moving-company-600x283.png 600w\" sizes=\"auto, (max-width: 1440px) 100vw, 1440px\" \/><\/p>\n<ul>\n<li>Riiklikud liikumised<\/li>\n<li>Rahvusvahelised liikumised<\/li>\n<li>Kodumajapidamiste ja t\u00f6\u00f6tajate kolimine<\/li>\n<li>Kontori- ja t\u00f6\u00f6stuslik kolimine<\/li>\n<li>\u00dcmberpaigutamise teenused<\/li>\n<li>Pakkimisteenus<\/li>\n<li>Maantee-, \u00f5hu- ja meretransport<\/li>\n<li>Kaunite kunstide k\u00e4sitlemine<\/li>\n<li>Lemmikloomade ja auto transport<\/li>\n<li>Kindlustus<\/li>\n<\/ul>\n<p>Orbit Rumeenia on osa 1923. aastal asutatud Orphee Beinglou Groupist, mis asub Ateenas, pakub professionaalseid kolimis- ja transporditeenuseid ning asub Bukarestis. Nad on IAMi liige, kellel on 21 aastat kestnud tegevus ja kes on akrediteeritud FIDI poolt.<\/p>\n<p>Orbit pakub teie vajaduste hindamiseks ja kalkulatsiooni koostamiseks kodust \u00fclevaatust. Nad pakuvad teenuseid, mis h\u00f5lmavad riiklikke ja rahvusvahelisi kolimisi, lemmikloomade ja autode vedu, kunstiteoste k\u00e4itlemist ja kindlustust. Nad pakuvad pakkimisteenust, et kaitsta teie asju maantee-, \u00f5hu- v\u00f5i meretranspordis, ning pakuvad tolliabi. Lisateenused, sealhulgas elektrik, tisler ja torulukksepp, v\u00f5ivad olla k\u00e4ttesaadavad.<\/p>\n<p>Veebileht: <a href=\"http:\/\/www.orbitromania.ro\" target=\"_blank\" rel=\"noopener\">http:\/\/www.orbitromania.ro<\/a><\/p>\n<h2><span class=\"ez-toc-section\" id=\"4_Premier_Moving_Storage\"><\/span><strong>4. Premier Moving &amp; Storage<\/strong><span class=\"ez-toc-section-end\"><\/span><\/h2>\n<p><img loading=\"lazy\" decoding=\"async\" class=\"alignnone size-full wp-image-9414\" src=\"https:\/\/moverdb.com\/wp-content\/uploads\/Premier-Moving-Storage-international-moving-company.png\" alt=\"Premier Moving &amp; Storage rahvusvaheline kolimisfirma\" width=\"1440\" height=\"670\" data-wp-pid=\"9414\" srcset=\"https:\/\/moverdb.com\/wp-content\/uploads\/Premier-Moving-Storage-international-moving-company.png 1440w, https:\/\/moverdb.com\/wp-content\/uploads\/Premier-Moving-Storage-international-moving-company-300x140.png 300w, https:\/\/moverdb.com\/wp-content\/uploads\/Premier-Moving-Storage-international-moving-company-1024x476.png 1024w, https:\/\/moverdb.com\/wp-content\/uploads\/Premier-Moving-Storage-international-moving-company-18x8.png 18w, https:\/\/moverdb.com\/wp-content\/uploads\/Premier-Moving-Storage-international-moving-company-600x279.png 600w\" sizes=\"auto, (max-width: 1440px) 100vw, 1440px\" \/><\/p>\n<ul>\n<li>Kohalikud kolimised<\/li>\n<li>Rahvusvahelised liikumised<\/li>\n<li>Kodumajapidamiste kolimised<\/li>\n<li>Kontori kolimised<\/li>\n<li>Ukselt-uksele teenus<\/li>\n<li>Pakkimisteenus<\/li>\n<li>Maantee-, mere- ja \u00f5hutransport<\/li>\n<li>Impordi tolliformaalsused<\/li>\n<li>S\u00f5idukite ja lemmikloomade vedu<\/li>\n<li>Turvalised ladustamisv\u00f5imalused<\/li>\n<\/ul>\n<p>Premier Moving &amp; Storage on \u00fcle 15 aasta tagasi asutatud kolimisfirma, mis asub Bukarestis. Nad valivad hoolikalt v\u00e4lja partnerid, kes vastavad nende standarditele, et aidata neil pakkuda erinevaid teenuseid rahvusvaheliselt. Nad on IAMi liige 17-aastase tegevusega.<\/p>\n<p>Premier Moving &amp; Storage'i pakkimismeeskond kasutab tippkvaliteediga materjale, mis on loodud selleks, et kaitsta transporditavaid esemeid. Nad v\u00f5tavad m\u00f6\u00f6bli lahti ja panevad selle uuesti kokku ning pakivad teie asjad lahti. Nad korraldavad transpordi, sealhulgas tolliformaalsuste haldamise. Nad pakuvad lisateenuseid, mis h\u00f5lmavad autode, mootorpaatide ja lemmikloomade vedu.<\/p>\n<p>Veebileht: <a href=\"http:\/\/www.premiermoving.ro\" target=\"_blank\" rel=\"noopener\">http:\/\/www.premiermoving.ro<\/a><\/p>\n<h2><span class=\"ez-toc-section\" id=\"5_Rilvan_Group\"><\/span><strong>5. Rilvan Group<\/strong><span class=\"ez-toc-section-end\"><\/span><\/h2>\n<p><img loading=\"lazy\" decoding=\"async\" class=\"alignnone size-full wp-image-9418\" src=\"https:\/\/moverdb.com\/wp-content\/uploads\/Rilvan-Group-international-moving-company.png\" alt=\"Rilvan Group rahvusvaheline kolimisfirma\" width=\"1440\" height=\"680\" data-wp-pid=\"9418\" srcset=\"https:\/\/moverdb.com\/wp-content\/uploads\/Rilvan-Group-international-moving-company.png 1440w, https:\/\/moverdb.com\/wp-content\/uploads\/Rilvan-Group-international-moving-company-300x142.png 300w, https:\/\/moverdb.com\/wp-content\/uploads\/Rilvan-Group-international-moving-company-1024x484.png 1024w, https:\/\/moverdb.com\/wp-content\/uploads\/Rilvan-Group-international-moving-company-18x9.png 18w, https:\/\/moverdb.com\/wp-content\/uploads\/Rilvan-Group-international-moving-company-600x283.png 600w\" sizes=\"auto, (max-width: 1440px) 100vw, 1440px\" \/><\/p>\n<ul>\n<li>Riiklikud liikumised<\/li>\n<li>Rahvusvahelised liikumised<\/li>\n<li>Elamu kolimine<\/li>\n<li>Ettev\u00f5tte liikumine<\/li>\n<li>Ukselt-uksele teenused<\/li>\n<li>Pakkimisteenus<\/li>\n<li>Maantee-, \u00f5hu- ja meretransport<\/li>\n<li>Kaunite kunstide transport<\/li>\n<li>Lemmikloomade ja s\u00f5idukite vedu<\/li>\n<li>L\u00fchi- ja pikaajaline ladustamine<\/li>\n<\/ul>\n<p>Rilvan Group on 1992. aastal asutatud riiklik ja rahvusvaheline kolimis- ja \u00fcmberpaigutamisettev\u00f5te, mille kontorid asuvad Bukarestis Rumeenias, <a href=\"https:\/\/moverdb.com\/et\/moving-to-slovenia\/\" data-internallinksmanager029f6b8e52c=\"392\" title=\"Kolimine Sloveeniasse? 2023 elamiskulud ja kolimisn\u00f5uanded\">Sloveenia<\/a> ja <a href=\"https:\/\/moverdb.com\/et\/moving-companies\/moving-companies-moldova\/\" data-internallinksmanager029f6b8e52c=\"290\" title=\"Parimad rahvusvahelised kolimisfirmad Moldovas\">Moldova<\/a>. Nad teenindavad Kesk- ja Ida-Euroopat ning \u00fclej\u00e4\u00e4nud maailma rahvusvaheliste partnerite kaudu. Nad on IAMi liige 31 aasta jooksul ja FIDI poolt akrediteeritud.<\/p>\n<p>Rilvan Group pakub ukselt-uksele kolimis- ja \u00fcmberpaigutamisteenuseid alates kolimiseelsest \u00fclevaatusest ja kalkulatsioonist. Nad pakuvad pakkimisteenust, transporti ja lahtipakkimist. Nad pakuvad kolimisteenuseid, mis h\u00f5lmavad viisa- ja immigratsiooniteenuseid, sisseelamisteenuseid, kodu- ja kooliotsinguid. Nad pakuvad ka lisateenuseid, sealhulgas lemmikloomade ja s\u00f5idukite vedu ning kunsti k\u00e4sitlemist.<\/p>\n<p>Veebileht: <a href=\"http:\/\/www.rilvan.eu\" target=\"_blank\" rel=\"noopener\">http:\/\/www.rilvan.eu<\/a><\/p>\n<h2><span class=\"ez-toc-section\" id=\"6_Santa_Fe_Relocation\"><\/span><strong>6. Santa Fe \u00fcmberpaigutamine<\/strong><span class=\"ez-toc-section-end\"><\/span><\/h2>\n<p><img loading=\"lazy\" decoding=\"async\" class=\"alignnone size-full wp-image-9420\" src=\"https:\/\/moverdb.com\/wp-content\/uploads\/Santa-Fe-Relocation-Romania-international-moving-company.png\" alt=\"Santa Fe Relocation Rumeenia rahvusvaheline kolimisfirma\" width=\"1440\" height=\"677\" data-wp-pid=\"9420\" srcset=\"https:\/\/moverdb.com\/wp-content\/uploads\/Santa-Fe-Relocation-Romania-international-moving-company.png 1440w, https:\/\/moverdb.com\/wp-content\/uploads\/Santa-Fe-Relocation-Romania-international-moving-company-300x141.png 300w, https:\/\/moverdb.com\/wp-content\/uploads\/Santa-Fe-Relocation-Romania-international-moving-company-1024x481.png 1024w, https:\/\/moverdb.com\/wp-content\/uploads\/Santa-Fe-Relocation-Romania-international-moving-company-18x8.png 18w, https:\/\/moverdb.com\/wp-content\/uploads\/Santa-Fe-Relocation-Romania-international-moving-company-600x282.png 600w\" sizes=\"auto, (max-width: 1440px) 100vw, 1440px\" \/><\/p>\n<ul>\n<li>Riiklikud liikumised<\/li>\n<li>Rahvusvahelised liikumised<\/li>\n<li>Kodumajapidamiste kolimised<\/li>\n<li>Ettev\u00f5tete \u00fcmberpaigutused<\/li>\n<li>Ukselt-uksele teenus<\/li>\n<li>Pakkimisteenus<\/li>\n<li>Maantee-, mere- v\u00f5i \u00f5hutransport<\/li>\n<li>Tollivormistus<\/li>\n<li>Lemmikloomade ja s\u00f5idukite vedu<\/li>\n<li>L\u00fchi- ja pikaajaline ladustamine<\/li>\n<\/ul>\n<p>Santa Fe Relocation on rahvusvaheline kolimisfirma, millel on 64 kontorit 38 riigis, sealhulgas Bukarestis Rumeenias, mis avati 1991. aastal. Nad on IAMi liige, kellel on 31 aastat kestnud tegevus ja kes on akrediteeritud FIDI poolt.<\/p>\n<p>Santa Fe Relocation pakub kolimiseelset konsultatsiooni koos koduse v\u00f5i video\u00fclevaatega. Nad pakuvad t\u00e4ielikku teenust, mis v\u00f5ib h\u00f5lmata ka teie lemmikloomade ja autode transporti. Nad pakuvad pakkimisteenust teie asjade kaitsmiseks ja korraldavad transiidi maantee-, \u00f5hu- v\u00f5i meretransporti koos tollivormistusega. Nende kolimisteenused h\u00f5lmavad lahkumis-, kodu- ja kooliotsinguid, orienteerumist, keele- ja kultuurikoolitust, viisasid ja sisseseadmisteenust.<\/p>\n<p>Veebileht: <a href=\"https:\/\/www.santaferelo.com\/en\/contact\/our-offices\/romania-bucharest\/\" target=\"_blank\" rel=\"noopener\">https:\/\/www.santaferelo.com\/en\/contact\/our-offices\/romania-bucharest\/<\/a><\/p>\n<h2><span class=\"ez-toc-section\" id=\"7_Smartmoving_Logistics\"><\/span><strong>7. Smartmoving Logistika<\/strong><span class=\"ez-toc-section-end\"><\/span><\/h2>\n<p><img loading=\"lazy\" decoding=\"async\" class=\"alignnone size-full wp-image-9427\" src=\"https:\/\/moverdb.com\/wp-content\/uploads\/Smartmoving-Logistics-international-moving-company.png\" alt=\"Smartmoving Logistics rahvusvaheline kolimisfirma\" width=\"1440\" height=\"679\" data-wp-pid=\"9427\" srcset=\"https:\/\/moverdb.com\/wp-content\/uploads\/Smartmoving-Logistics-international-moving-company.png 1440w, https:\/\/moverdb.com\/wp-content\/uploads\/Smartmoving-Logistics-international-moving-company-300x141.png 300w, https:\/\/moverdb.com\/wp-content\/uploads\/Smartmoving-Logistics-international-moving-company-1024x483.png 1024w, https:\/\/moverdb.com\/wp-content\/uploads\/Smartmoving-Logistics-international-moving-company-18x8.png 18w, https:\/\/moverdb.com\/wp-content\/uploads\/Smartmoving-Logistics-international-moving-company-600x283.png 600w\" sizes=\"auto, (max-width: 1440px) 100vw, 1440px\" \/><\/p>\n<ul>\n<li>Riiklikud liikumised<\/li>\n<li>Rahvusvahelised liikumised<\/li>\n<li>Elamu kolimine<\/li>\n<li>Ettev\u00f5tte liikumised<\/li>\n<li>Valikuline pakkimisteenus<\/li>\n<li>Pakendimaterjal<\/li>\n<li>Transpordi korraldamine<\/li>\n<li>Tollivormistus<\/li>\n<li>Kindlustus<\/li>\n<li>Ladustamisv\u00f5imalused<\/li>\n<\/ul>\n<p>Smartmoving Logistics on 2011. aastal asutatud t\u00e4isteenust pakkuv kolimisfirma, mille asukoht on Cluj-Napoca. Neil on kolimis- ja logistikapartnerite ja agentide v\u00f5rgustik, mis v\u00f5imaldab neil pakkuda rahvusvahelisi kolimis- ja \u00fcmberpaigutamisteenuseid. Nad on IAMi liige, kellel on \u00fcks aasta teenust.<\/p>\n<p>Smartmoving Logistics koostab teie vajadustele ja eelarvele kohandatud kolimisplaani. Nad pakuvad teie asjade transporti siseriiklikult ja rahvusvaheliselt. Nad pakuvad lisateenuseid, mis h\u00f5lmavad teie asjade pakkimist professionaalsete pakkematerjalide abil ja lahtipakkimist, m\u00f6\u00f6bli lahtiv\u00f5tmist ja kokkupanekut, tollivormistust, kindlustust ja puhastusteenuseid.<\/p>\n<p>Veebileht: <a href=\"https:\/\/www.smartmoving.ro\" target=\"_blank\" rel=\"noopener\">https:\/\/www.smartmoving.ro<\/a><\/p>\n<h2><span class=\"ez-toc-section\" id=\"8_CDD_Relocation\"><\/span><strong>8. CDD \u00fcmberpaigutamine<\/strong><span class=\"ez-toc-section-end\"><\/span><\/h2>\n<p><img loading=\"lazy\" decoding=\"async\" class=\"alignnone size-full wp-image-9344\" src=\"https:\/\/moverdb.com\/wp-content\/uploads\/CDD-Relocations-international-moving-company.png\" alt=\"CDD Relocations rahvusvaheline kolimisfirma\" width=\"1440\" height=\"665\" data-wp-pid=\"9344\" srcset=\"https:\/\/moverdb.com\/wp-content\/uploads\/CDD-Relocations-international-moving-company.png 1440w, https:\/\/moverdb.com\/wp-content\/uploads\/CDD-Relocations-international-moving-company-300x139.png 300w, https:\/\/moverdb.com\/wp-content\/uploads\/CDD-Relocations-international-moving-company-1024x473.png 1024w, https:\/\/moverdb.com\/wp-content\/uploads\/CDD-Relocations-international-moving-company-18x8.png 18w, https:\/\/moverdb.com\/wp-content\/uploads\/CDD-Relocations-international-moving-company-600x277.png 600w\" sizes=\"auto, (max-width: 1440px) 100vw, 1440px\" \/><\/p>\n<ul>\n<li>Kohalikud kolimised<\/li>\n<li>Rahvusvahelised \u00fcmberpaigutused<\/li>\n<li>Kodumajapidamiste \u00fcmberpaigutamine<\/li>\n<li>Ettev\u00f5tte liikumised<\/li>\n<li>Ukselt-uksele teenus<\/li>\n<li>Pakkimisteenus<\/li>\n<li>Tolliabi<\/li>\n<li>Auto ja lemmikloomade \u00fcmberpaigutamine<\/li>\n<li>T\u00e4ielik kindlustus<\/li>\n<li>L\u00fchiajaline kuni pikaajaline ladustamine<\/li>\n<\/ul>\n<p>CDD Relocation on 2003. aastal asutatud kolimis- ja \u00fcmberpaigutamisettev\u00f5te, mille asukoht on Mogosoaia. Nad on IAMi liige, kellel on 20-aastane kogemus ja nad on FIDI poolt akrediteeritud, mis annab neile juurdep\u00e4\u00e4su rahvusvahelisele kolimisagentide v\u00f5rgustikule.<\/p>\n<p>CDD Relocation pakub rahvusvahelistele kolimistele kohandatud ukselt-uksele lahendusi koos tasuta kolimiseelse konsultatsiooni ja \u00fclevaatusega. Nad pakuvad t\u00e4ielikku pakkimisteenust, kasutades k\u00f5ige sobivamaid pakkematerjale, ning nad demonteerivad ja panevad teie m\u00f6\u00f6bli kokku ning pakivad selle saabumisel lahti. Nad pakuvad lisateenuseid, mis h\u00f5lmavad lemmikloomade \u00fcmberpaigutamist, s\u00f5idukite \u00fcmberpaigutamist, kindlustust ja turvalist ladustamist.<\/p>\n<p>Veebileht: <a href=\"http:\/\/www.cddrelocation.ro\" target=\"_blank\" rel=\"noopener\">http:\/\/www.cddrelocation.ro<\/a><\/p>\n<h2><span class=\"ez-toc-section\" id=\"Other_Useful_Guides_to_Romania\"><\/span>Muud kasulikud Rumeenia reisijuhid<span class=\"ez-toc-section-end\"><\/span><\/h2>\n<ul>\n<li> <a href=\"https:\/\/moverdb.com\/et\/moving-to-romania\/\">Kolimine Rumeeniasse? 2024 elamiskulud ja kolimisn\u00f5uanded<\/a><\/li>\n<li> <a href=\"https:\/\/moverdb.com\/et\/moving-to-romania\/moving-to-romania-from-the-uk\/\">\u00dchendkuningriigist Rumeeniasse kolimine<\/a><\/li>\n<li> <a href=\"https:\/\/moverdb.com\/et\/moving-to-romania\/best-places-to-live-romania\/\">12 parimat kohta Rumeenias elamiseks<\/a><\/li>\n<\/ul>","protected":false},"excerpt":{"rendered":"<p>Are you planning on moving within, to or from Romania? Then you may want to consider engaging the services of a moving company to assist you with your move. Below we have compiled a list of Romania based removal companies that are members of the International Association of Movers (IAM) and\/or FIDI Accredited International Mover [&hellip;]<\/p>\n","protected":false},"author":4,"featured_media":9356,"parent":190,"menu_order":0,"comment_status":"closed","ping_status":"closed","template":"","meta":{"_genesis_hide_title":false,"_genesis_hide_breadcrumbs":false,"_genesis_hide_singular_image":false,"_genesis_hide_footer_widgets":false,"_genesis_custom_body_class":"","_genesis_custom_post_class":"","_genesis_layout":"","footnotes":""},"class_list":{"0":"post-9512","1":"page","2":"type-page","3":"status-publish","4":"has-post-thumbnail","6":"entry"},"_links":{"self":[{"href":"https:\/\/moverdb.com\/et\/wp-json\/wp\/v2\/pages\/9512","targetHints":{"allow":["GET"]}}],"collection":[{"href":"https:\/\/moverdb.com\/et\/wp-json\/wp\/v2\/pages"}],"about":[{"href":"https:\/\/moverdb.com\/et\/wp-json\/wp\/v2\/types\/page"}],"author":[{"embeddable":true,"href":"https:\/\/moverdb.com\/et\/wp-json\/wp\/v2\/users\/4"}],"replies":[{"embeddable":true,"href":"https:\/\/moverdb.com\/et\/wp-json\/wp\/v2\/comments?post=9512"}],"version-history":[{"count":3,"href":"https:\/\/moverdb.com\/et\/wp-json\/wp\/v2\/pages\/9512\/revisions"}],"predecessor-version":[{"id":16341,"href":"https:\/\/moverdb.com\/et\/wp-json\/wp\/v2\/pages\/9512\/revisions\/16341"}],"up":[{"embeddable":true,"href":"https:\/\/moverdb.com\/et\/wp-json\/wp\/v2\/pages\/190"}],"wp:featuredmedia":[{"embeddable":true,"href":"https:\/\/moverdb.com\/et\/wp-json\/wp\/v2\/media\/9356"}],"wp:attachment":[{"href":"https:\/\/moverdb.com\/et\/wp-json\/wp\/v2\/media?parent=9512"}],"curies":[{"name":"wp","href":"https:\/\/api.w.org\/{rel}","templated":true}]}}