{"id":945,"date":"2016-09-03T20:39:51","date_gmt":"2016-09-03T20:39:51","guid":{"rendered":"http:\/\/moverdb.com\/?page_id=945"},"modified":"2026-01-08T14:48:12","modified_gmt":"2026-01-08T14:48:12","slug":"dt-liikumine","status":"publish","type":"page","link":"https:\/\/moverdb.com\/et\/dt-moving\/","title":{"rendered":"DT Moving: International Relocation &amp; Removals Reviews"},"content":{"rendered":"<p>DT Moving on <a href=\"https:\/\/moverdb.com\/et\/moving-to-the-uk\/\" data-internallinksmanager029f6b8e52c=\"93\" title=\"Kolimine \u00dchendkuningriiki? 2022 Elamiskulud ja kolimisn\u00f5uanded\">UK<\/a> p\u00f5hineb <a href=\"https:\/\/moverdb.com\/et\/moving-companies\/\" data-internallinksmanager029f6b8e52c=\"79\" title=\"Top 25 rahvusvahelist kolimisfirmat Internetis\">rahvusvaheline kolimisfirma<\/a> mis pakub oma klientidele k\u00f5iki teenuseid, mis on loetletud allpool koos ettev\u00f5tte profiili ja \u00fclevaatega.<\/p>\n<p><strong><a href=\"https:\/\/moverdb.com\/et\/international-removals\/\" data-internallinksmanager029f6b8e52c=\"27\" title=\"36 Parimad rahvusvahelised kolimisfirmad \u00dchendkuningriigis\">Rahvusvaheline kolimine<\/a><\/strong><\/p>\n<ul>\n<li> Kolimiseelne uuring, hinnapakkumine ja ressursid<\/li>\n<li> Pakkimine elukohas<\/li>\n<li> Lennu-, mere- v\u00f5i maanteetransport<\/li>\n<li> Korraldatud kindlustus<\/li>\n<li> Pidev teenus, sealhulgas kolimise haldur ja j\u00e4lgimisteenus<\/li>\n<li> Kohaletoimetamine elukohale<\/li>\n<li> Laadige oma kaubad konteinerist \/ veoautost \/ kastist v\u00e4lja ja paigutage need teie valitud ruumi.<\/li>\n<li> Asetage vajaduse korral kaitsematerjalid p\u00f5randate ja seinte hooldamiseks.<\/li>\n<li> Kontrollida iga tarnitud kaubaartiklit originaalpakendi inventuuri alusel (iga pakendi arvestamiseks).<\/li>\n<li> Pakendage lahti k\u00f5ik paber, polsterdus ja pappmaterjalid, seej\u00e4rel eemaldage need ringlussev\u00f5tuks.<\/li>\n<li> Paneme teie jaoks uuesti kokku k\u00f5ik eelnevalt n\u00e4idatud esemed, mis t\u00e4hendab, et teil on \u00fcks asi v\u00e4hem muretseda. Samuti saame korraldada, et abimees aitaks teid lisat\u00f6\u00f6de tegemisel, kui seda vajate.<\/li>\n<li> V\u00f5imaldab teil kontrollida inventari, \u00fcksuse kaupa, ja allkirjastada, kui olete tarnimisega rahul.<\/li>\n<li> Tollivormistus<\/li>\n<\/ul>\n<p><strong>Sihtkoha teenused<\/strong><\/p>\n<ul>\n<li> Kodu rendi otsing<\/li>\n<li> Kooli otsing<\/li>\n<li> Orienteerumisringk\u00e4ik<\/li>\n<li> Asumine<\/li>\n<li> Kultuuriline koolitus<\/li>\n<li> Abielutoetus<\/li>\n<li> M\u00f6\u00f6bli rentimine<\/li>\n<li> Ajutine majutus<\/li>\n<li> V\u00e4ljumisteenused<\/li>\n<li> Maksu- ja immigratsioonialane n\u00f5ustamine<\/li>\n<\/ul>\n<p><strong>Kunst ja antiik<\/strong><\/p>\n<ul>\n<li> Igale kliendile kohandatud teenus<\/li>\n<li> N\u00f5ustamisteenus<\/li>\n<li> Korraldage hotellid jne reisi ostmiseks\/saatmiseks<\/li>\n<li> Antiikne kollektsioon<\/li>\n<li> Pakkimisteenus<\/li>\n<li> Laevandus<\/li>\n<li> Kindlustus<\/li>\n<\/ul>\n<p><strong>Ladustamine<\/strong><\/p>\n<ul>\n<li> \u00dchendkuningriik ja <a href=\"https:\/\/moverdb.com\/et\/moving-to-france\/\" data-internallinksmanager029f6b8e52c=\"315\" title=\"Kolimine Prantsusmaale? 2023 elamiskulud ja kolimisn\u00f5uanded\">Prantsusmaa<\/a> - l\u00fchi- ja pikaajaline ladustamine spetsiaalselt ehitatud ladustamiskonteinerites<\/li>\n<li> 24-tunnine turvalisus ja kodeeritud juurdep\u00e4\u00e4s<\/li>\n<li> Temperatuurikontrollitud<\/li>\n<li> Tuleohutus ja relvastatud sprinklers\u00fcsteem<\/li>\n<li> \u00dclej\u00e4\u00e4nud maailm - v\u00f5rgupartnerid pakuvad turvalist ladustamist.<\/li>\n<\/ul>\n<p><strong>Abiteenused<\/strong><\/p>\n<ul>\n<li> K\u00e4sit\u00f6\u00f6line (m\u00f6\u00f6bli, seadmete, riiulite ja muude esemete demonteerimine ja kokkupanek)<\/li>\n<li> Pildi riputamine<\/li>\n<li> Spetsiaalsed pakendid (habras v\u00f5i k\u00f5rge v\u00e4\u00e4rtusega esemete puhul)<\/li>\n<li> Maja puhastamine<\/li>\n<li> Koristaja teenus (lahtipakkimine, pesemine, mahapanek) <a href=\"https:\/\/moverdb.com\/et\/moving-to-china\/\" data-internallinksmanager029f6b8e52c=\"357\" title=\"Kolimine Hiinasse? 2023 elamiskulud ja kolimisn\u00f5uanded\">Hiina<\/a>, klaastarbed, riided, majapidamisvahendid)<\/li>\n<li> Elektrik v\u00f5i torumees<\/li>\n<li> Satelliit-TV antenni demonteerimine ja paigaldamine<\/li>\n<li> Spetsialistide \"ohutu\" eemaldamine<\/li>\n<li> Akna- ja ukseraamide eemaldamine ja uuesti paigaldamine<\/li>\n<li> V\u00e4lispinnal asuv lift (spetsiaalne t\u00f5stuk), et p\u00e4\u00e4seda elamusse \u00fclemise korruse akna v\u00f5i r\u00f5du kaudu.<\/li>\n<li> M\u00f6\u00f6bli rentimine<\/li>\n<li> M\u00f6\u00f6bli restaureerimine ja remont<\/li>\n<li> Autode ladustamine<\/li>\n<\/ul>\n<h2>DT Moving Company profiil<\/h2>\n<p>DT Moving oli varem tuntud kui David Turner Worldwide Movers ja on alates 1870. aastast vedanud inimesi \u00fcle kogu maailma. Ettev\u00f5tte asutajaperekond osaleb endiselt selles ettev\u00f5ttes, mis kolib k\u00f5rgetasemelisi ettev\u00f5tteid ja eraisikuid \u00fcle kogu maailma. <\/p>\n<p>DT Movingil on kontorid nii <a href=\"https:\/\/moverdb.com\/et\/moving-to-london\/\">London<\/a> ja <a href=\"https:\/\/moverdb.com\/et\/moving-to-france\/moving-to-paris\/\" data-internallinksmanager029f6b8e52c=\"407\" title=\"Kolimine Pariisi? 2023 elamiskulud ja kolimisn\u00f5uanded\">Pariis<\/a>. Nad on uhked oma kogemuste ja aususe \u00fcle ning \u00fctlevad, et iga nende t\u00f6\u00f6taja keskmine t\u00f6\u00f6staa\u017e on umbes 15 aastat. Ettev\u00f5tte v\u00e4\u00e4rtuste hulka kuuluvad teenuse kvaliteet, vastutustundlikkus, n\u00f5uetele vastavus ja pidev t\u00e4iustamine.<\/p>\n<p>DT Moving \u00fctleb, et tal oli <strong>97% klientide rahulolu<\/strong> reiting 2015. aastal, mis oli suurem kui 2014. aastal 95%.<\/p>\n<p>DT Movingil on j\u00e4rgmised akrediteeringud ja sidemed:<\/p>\n<ul>\n<li> FAIMPLUS akrediteeritud; s\u00f5ltumatult auditeeritud Ernst &amp; Youngi poolt.<\/li>\n<li> ISO 9001-2008 akrediteeritud, sealhulgas BS EN 12522\/1 BS EN 12522\/2<\/li>\n<li> OMNI (The Overseas Moving Network International) asutajaliige.<\/li>\n<li> <a href=\"https:\/\/moverdb.com\/et\/fidi-faim\/\">FIDI<\/a> liige alates 1950. aastast (F\u00e9d\u00e9ration Internationale des D\u00e9m\u00e9nageurs Internationaux)<\/li>\n<li> C-TPAT kontrollib <a href=\"https:\/\/moverdb.com\/et\/moving-to-the-united-states\/\" data-internallinksmanager029f6b8e52c=\"94\" title=\"Kolimine Ameerika \u00dchendriikidesse? 2022 Elamiskulud ja kolimisn\u00f5uanded\">USA<\/a> Toll<\/li>\n<li> Volitatud liige The <a href=\"https:\/\/moverdb.com\/et\/british-association-of-removers\/\">Briti kolijate \u00fchendus<\/a>, DBA, DBA <a href=\"https:\/\/moverdb.com\/et\/mtc\/\">Movers Trading Club<\/a> (<a href=\"https:\/\/moverdb.com\/et\/mtc\/\" data-internallinksmanager029f6b8e52c=\"30\" title=\"Movers Trading Club (MTC) Selgitused\">MTC<\/a>)<\/li>\n<li> Liikme <a href=\"https:\/\/moverdb.com\/et\/eura\/\">EuRA<\/a> (The <a href=\"https:\/\/moverdb.com\/et\/eura\/\" data-internallinksmanager029f6b8e52c=\"13\" title=\"Euroopa \u00dcmberpaigutamise Assotsiatsiooni (EuRA) selgitused\">Euroopa \u00dcmberpaigutamise Assotsiatsioon<\/a>)<\/li>\n<li> Liikme <a href=\"https:\/\/moverdb.com\/et\/association-relocation-professionals\/\">ARP<\/a> (The <a href=\"https:\/\/moverdb.com\/et\/association-relocation-professionals\/\" data-internallinksmanager029f6b8e52c=\"6\" title=\"\u00dcmberpaigutamise spetsialistide assotsiatsioon (ARP) Selgitused\">\u00dcmberpaigutamise spetsialistide \u00fchendus<\/a>)<\/li>\n<li> Liikme <a href=\"https:\/\/moverdb.com\/et\/olen\/\">IAM<\/a> (<a href=\"https:\/\/moverdb.com\/et\/iam\/\" data-internallinksmanager029f6b8e52c=\"23\" title=\"Rahvusvaheline kolijate assotsiatsioon (IAM) Selgitatud\">Rahvusvaheline kolijate assotsiatsioon<\/a>)<\/li>\n<li> Liikme <a href=\"https:\/\/moverdb.com\/et\/lacma\/\">LACMA<\/a> (Ladina-Ameerika ja Kariibi mere piirkonna kolijate \u00fchendus)<\/li>\n<li> Liikme <a href=\"https:\/\/moverdb.com\/et\/tootajate-umberpaigutamise-noukogu\/\">\u00dclemaailmne ERC<\/a> (T\u00f6\u00f6j\u00f5u liikuvuse \u00fching)<\/li>\n<li> Esmakordselt <a href=\"https:\/\/moverdb.com\/et\/fidi-faim\/\" data-internallinksmanager029f6b8e52c=\"16\" title=\"FIDI &amp; FAIM (FIDI akrediteeritud rahvusvaheline kolija) selgitatud\">FAIM<\/a> ISO (n\u00fc\u00fcd FAIMPLUS) akrediteeritud organisatsioon<\/li>\n<\/ul>\n<h2>DT Moving Arvamused<\/h2>\n<p><strong>Positiivne<\/strong><\/p>\n<ul>\n<li> <em>\"Nad olid h\u00e4mmastavalt professionaalsed, viisakad, kiired ja t\u00f5husad. Seletasid k\u00f5ike ja ma ei oska ette kujutada, kuidas nad oleksid saanud seda kogemust sujuvamaks muuta.\"<\/em> - Z. COHEN kaudu DT Moving <a href=\"http:\/\/www.dtmoving.com\/about-us\/what-our-customers-say\" target=\"_blank\" rel=\"noopener\">Mida meie kliendid \u00fctlevad<\/a>.<\/li>\n<li> \"<em>Ma kolisin just Londonist Londonisse <a href=\"https:\/\/moverdb.com\/et\/moving-to-nyc\/\">New York<\/a> ja oli v\u00e4ga muljetavaldav kolimisteenus algusest l\u00f5puni. See, mis oleks v\u00f5inud olla v\u00e4ga stressirohke aeg, tehti v\u00e4ga lihtsaks.\"<\/em> - Qype kasutaja, Dan kaudu <a href=\"https:\/\/www.yelp.co.uk\/biz\/dt-moving-london?hrid=_lnG2UpJr3NSw73UR115Pw&#038;utm_campaign=www_review_share_popup&#038;utm_medium=copy_link&#038;utm_source=(direct)\" target=\"_blank\" rel=\"noopener\">Yelp<\/a><\/li>\n<li> \"DT Moving oli algusest l\u00f5puni suurep\u00e4rane.\" - MCalder kaudu <a href=\"https:\/\/www.yell.com\/biz\/dt-moving-mitcham-3825953\/\" target=\"_blank\" rel=\"noopener\">Yell<\/a><\/li>\n<li> \"See on kolmas kord, kui mina ja mu abikaasa kolime t\u00f6\u00f6 t\u00f5ttu ja see oli seni parim teenus.\" - Chris kaudu <a href=\"http:\/\/www.allinlondon.co.uk\/directory\/1318\/74781.php\" target=\"_blank\" rel=\"noopener\">K\u00f5ik Londonis<\/a>.<\/li>\n<\/ul>\n<p><strong>Negatiivne<\/strong><\/p>\n<p><em>Me ei suutnud leida \u00fchtegi negatiivset arvustust internetis<\/em>.<\/p>\n<div itemprop=\"review\" itemscope itemtype=\"http:\/\/schema.org\/Review\">\n<span itemprop=\"author\" itemscope=\"\" itemtype=\"http:\/\/schema.org\/Organization\"><span itemprop=\"name\">MoverDB.com<\/span><\/span> Veebilehe \u00fclevaatus veebisaidi jaoks <span itemprop=\"itemreviewed\" itemscope=\"\" itemtype=\"http:\/\/schema.org\/Brand\"><span itemprop=\"name\">DT Moving<\/span><\/span>:<\/p>\n<ol>\n<li> Selged kontaktandmed veebisaidil (sh telefoninumber): <strong>Jah<\/strong><\/li>\n<li> Lihtne saada <a href=\"https:\/\/moverdb.com\/et\/tsitaadid\/\">rahvusvaheliste kolimiste hinnapakkumised<\/a>? (veebip\u00f5hine hinnangu taotluse vorm): <strong>Jah<\/strong><\/li>\n<li> Selge teave veebilehel: <strong>Jah,<\/strong> Veebileht on \u00fcsna p\u00f5hjalik, andes potentsiaalsetele klientidele hea \u00fclevaate sellest, mida ettev\u00f5te suudab pakkuda.<\/li>\n<li> Liikmelisus rahvusvahelistes tunnustatud liikumisorganisatsioonides: <strong>Jah<\/strong>, vt eespool.<\/li>\n<li> Klientide ja\/v\u00f5i varasemate klientide soovitused: <strong>Jah,<\/strong>siin on palju klientide iseloomustusi kohapeal ja muud arvustused Internetis on positiivsed.<\/li>\n<\/ol>\n<div itemprop=\"reviewRating\" itemscope itemtype=\"http:\/\/schema.org\/Rating\"><meta itemprop=\"worstRating\" content = \"0\" \/><meta itemprop=\"bestRating\" content=\"5\" \/><meta itemprop=\"ratingValue\" content=\"5\"><\/div>\n<p><strong>\u00dcldine hinne: 5\/5<\/strong><br \/>\n<strong>L\u00e4bivaatamise kuup\u00e4ev:<\/strong> <span itemprop=\"datePublished\" content=\"2016-09-03\">03\/09\/2016<\/span>\n<\/div>\n<p>Lisateave <a href=\"https:\/\/moverdb.com\/et\/rahvusvahelised-kolimised\/\">rahvusvahelised kolimised<\/a> ja meie <a href=\"https:\/\/moverdb.com\/et\/arvustused\/\">l\u00e4bivaatamisprotsess<\/a>.<\/p>\n<p><strong>Veebileht:<\/strong> <a href=\"http:\/\/www.dtmoving.com\" target=\"_blank\" rel=\"noopener\">http:\/\/www.dtmoving.com<\/a><\/p>","protected":false},"excerpt":{"rendered":"<p>DT Moving is a UK based international moving company which offers its clients a full range of services which are listed below, together with a company profile and reviews. International Removals Pre-move survey, quotation and resources Packing at residence Transport by air, sea or road Insurance arranged Ongoing service including a move manager and a [&hellip;]<\/p>\n","protected":false},"author":1,"featured_media":0,"parent":0,"menu_order":0,"comment_status":"closed","ping_status":"closed","template":"","meta":{"_genesis_hide_title":false,"_genesis_hide_breadcrumbs":false,"_genesis_hide_singular_image":false,"_genesis_hide_footer_widgets":false,"_genesis_custom_body_class":"","_genesis_custom_post_class":"","_genesis_layout":"","footnotes":""},"class_list":{"0":"post-945","1":"page","2":"type-page","3":"status-publish","5":"entry"},"_links":{"self":[{"href":"https:\/\/moverdb.com\/et\/wp-json\/wp\/v2\/pages\/945","targetHints":{"allow":["GET"]}}],"collection":[{"href":"https:\/\/moverdb.com\/et\/wp-json\/wp\/v2\/pages"}],"about":[{"href":"https:\/\/moverdb.com\/et\/wp-json\/wp\/v2\/types\/page"}],"author":[{"embeddable":true,"href":"https:\/\/moverdb.com\/et\/wp-json\/wp\/v2\/users\/1"}],"replies":[{"embeddable":true,"href":"https:\/\/moverdb.com\/et\/wp-json\/wp\/v2\/comments?post=945"}],"version-history":[{"count":8,"href":"https:\/\/moverdb.com\/et\/wp-json\/wp\/v2\/pages\/945\/revisions"}],"predecessor-version":[{"id":6201,"href":"https:\/\/moverdb.com\/et\/wp-json\/wp\/v2\/pages\/945\/revisions\/6201"}],"wp:attachment":[{"href":"https:\/\/moverdb.com\/et\/wp-json\/wp\/v2\/media?parent=945"}],"curies":[{"name":"wp","href":"https:\/\/api.w.org\/{rel}","templated":true}]}}