{"id":944,"date":"2016-09-04T13:58:08","date_gmt":"2016-09-04T13:58:08","guid":{"rendered":"http:\/\/moverdb.com\/?page_id=944"},"modified":"2026-01-08T14:48:19","modified_gmt":"2026-01-08T14:48:19","slug":"excess-international-movers","status":"publish","type":"page","link":"https:\/\/moverdb.com\/et\/excess-international-movers\/","title":{"rendered":"\u00dclem\u00e4\u00e4rased rahvusvahelised kolijad: International Removals Reviews"},"content":{"rendered":"<p>Excess International Movers pakub \u00e4riklientidele, eraisikutele ja peredele mitmesuguseid teenuseid, mis on loetletud allpool. Samuti j\u00e4rgneb ettev\u00f5tte profiil ja \u00fclevaated.<\/p>\n<p><strong><a href=\"https:\/\/moverdb.com\/et\/international-removals\/\" data-internallinksmanager029f6b8e52c=\"27\" title=\"36 Parimad rahvusvahelised kolimisfirmad \u00dchendkuningriigis\">Rahvusvaheline kolimine<\/a><\/strong><\/p>\n<ul>\n<li> Lennu-, mere- v\u00f5i maantee\u00fchendus<\/li>\n<li> Teenus ukselt uksele<\/li>\n<li> Spetsiaalne teenus rahvusvaheliste \u00fcmberpaigutuste jaoks<\/li>\n<li> kolimise koordinaator, kes korraldab kolimist algusest l\u00f5puni ja vastab k\u00f5ikidele k\u00fcsimustele.<\/li>\n<li> Pakendajad ja kolijad, kes pakivad vara parimatesse t\u00f6\u00f6stusharu heakskiidetud pakkematerjalidesse - samuti pakub Excess International Movers.<\/li>\n<li> \u00dcmberpaigutused, mis on laaditud <a href=\"https:\/\/moverdb.com\/et\/konteiner-laevandus\/\">laevakonteiner<\/a> v\u00f5i v\u00f5etakse \u00f5hus\u00f5idukile laadimiseks<\/li>\n<li> Kaupade tollivormistus, kohaletoimetamine ja mahalaadimine teie uude koju, kontorisse, hotelli v\u00f5i muusse sihtkohta - v\u00f5i k\u00e4ttesaadavaks tegemine valitud lennujaamas.<\/li>\n<li> Rahvusvaheliste kolimiste tasud, tollivormistus ja terminalitasud<\/li>\n<\/ul>\n<p><strong>Euroopa kolimised<\/strong><\/p>\n<ul>\n<li> Teenus ukselt uksele<\/li>\n<li> Eraldatud otsene teenus. Teie asjad pakitakse teie kodus, laaditakse ja transporditakse otse teie uude koju Euroopas. Te valite tarnekuup\u00e4eva vastavalt oma vajadustele. <\/li>\n<li> Jagatud koormus. Sobib, kui soovite vedada kaupu v\u00e4iksemate partiidena, kus ajakava on v\u00e4hem t\u00e4htis. Kuigi klientidele pakutakse endiselt kindlat k\u00e4ttesaamise kuup\u00e4eva, antakse teile enne k\u00e4ttesaamist tarneaeg ja tarnekuup\u00e4ev kinnitatakse, kui jagatud veo ajakava on l\u00f5plikult kinnitatud.<\/li>\n<li> spetsiaalne kolimise koordinaator, kes vastab p\u00e4ringutele ja korraldab ELi kolimist algusest l\u00f5puni.<\/li>\n<li> Euroopa kolimisteenused, sealhulgas professionaalne pakkimisteenus, mis kasutab t\u00f6\u00f6stusharu poolt heakskiidetud pakkematerjale, et tagada teie vara turvaline transport.<\/li>\n<li> Kolimine kogutakse, toimetatakse kohale ja pakitakse seej\u00e4rel teie uude koju v\u00e4lja, kusjuures kogu sisu paigutatakse vastavalt vajadusele.<\/li>\n<\/ul>\n<p><strong>Ladustamisteenused<\/strong><\/p>\n<ul>\n<li> 24-tunnine valve<\/li>\n<li> Kaubale juurdep\u00e4\u00e4s n\u00f5uab etteteatamist ja v\u00f5ib n\u00f5uda lisatasu.<\/li>\n<li> Soodustused \u00fcli\u00f5pilaste ladustamisel<\/li>\n<li> Konteinerladustamine<\/li>\n<\/ul>\n<p><strong>Tudengiteenused<\/strong><\/p>\n<ul>\n<li> Spetsiaalsed soodushinnaga mini liikumised<\/li>\n<li> Spetsiaalne soodushinnaga 5 kasti ladustamise v\u00f5imalus<\/li>\n<li> \u00d5pilane <a href=\"https:\/\/moverdb.com\/et\/laevandusfirmad\/\">rahvusvaheline laevandus<\/a><\/li>\n<\/ul>\n<p><strong>T\u00e4iendavad teenused<\/strong><\/p>\n<ul>\n<li> Pagasi vedu<\/li>\n<li> Saatjata pagas<\/li>\n<li> Liigne pagas<\/li>\n<li> <a href=\"https:\/\/moverdb.com\/et\/autoveo-laevandus\/\">S\u00f5iduki saatmine<\/a><\/li>\n<li> Ettev\u00f5tte kolimine<\/li>\n<li> Kaunite kunstide saatmine<\/li>\n<li> Import<\/li>\n<\/ul>\n<h2>Excess International Movers Ettev\u00f5tte profiil<\/h2>\n<p>Excess International Movers on tegutsenud \u00fcle 30 aasta ja tegeleb aastas \u00fcle 50 000 saadetise nii rahvusvaheliselt kui ka kohalikul tasandil. Nad \u00fctlevad, et saavad hakkama mis tahes suurusega kolimisega ja teevad seda mis tahes m\u00f5istliku aja jooksul. Excess International Movers v\u00e4idab, et saadab \u00fcle 25 000 sihtkoha \u00fcle kogu maailma.<\/p>\n<p>Ettev\u00f5te katab k\u00f5ik v\u00e4lismaale kolimise aspektid, alates esialgsest hinnapakkumisest kuni sisseseadmisteenusteni sihtriigis. Nad pakuvad laevanduslahendusi \u00fcksikisikutele, peredele ja ettev\u00f5tetele, sealhulgas paljudele k\u00f5rgetasemelistele ettev\u00f5tetele.<\/p>\n<p>Excess International Movers akrediteeringud ja sidemed:<\/p>\n<ul>\n<li> <a href=\"https:\/\/moverdb.com\/et\/british-association-of-removers\/\">Briti kolijate \u00fchendus<\/a> (<a href=\"https:\/\/moverdb.com\/et\/british-association-of-removers\/\" data-internallinksmanager029f6b8e52c=\"9\" title=\"Briti kolijate assotsiatsioon (BAR) Selgitatud\">BAR<\/a>)<\/li>\n<li> <a href=\"https:\/\/moverdb.com\/et\/fidi-faim\/\">Rahvusvaheline m\u00f6\u00f6bli kolijate liit (Federation of International Furniture Removers)<\/a> (<a href=\"https:\/\/moverdb.com\/et\/fidi-faim\/\" data-internallinksmanager029f6b8e52c=\"16\" title=\"FIDI &amp; FAIM (FIDI akrediteeritud rahvusvaheline kolija) selgitatud\">FIDI<\/a>)<\/li>\n<li> <a href=\"https:\/\/moverdb.com\/et\/hgfaa\/\">Household Goods Forwarders Association of America (Ameerika Ekspediitorite Assotsiatsioon)<\/a> (HHGFAA)<\/li>\n<li> <a href=\"https:\/\/moverdb.com\/et\/fidi-faim\/\">FAIM Plus<\/a><\/li>\n<li> <a href=\"https:\/\/moverdb.com\/et\/mtc\/\">Movers Trading Club<\/a> (<a href=\"https:\/\/moverdb.com\/et\/mtc\/\" data-internallinksmanager029f6b8e52c=\"30\" title=\"Movers Trading Club (MTC) Selgitused\">MTC<\/a>)<\/li>\n<li> The <a href=\"https:\/\/moverdb.com\/et\/olen\/\">Rahvusvaheline kolijate assotsiatsioon<\/a> (<a href=\"https:\/\/moverdb.com\/et\/iam\/\" data-internallinksmanager029f6b8e52c=\"23\" title=\"Rahvusvaheline kolijate assotsiatsioon (IAM) Selgitatud\">IAM<\/a>)<\/li>\n<li> ISO 9001<\/li>\n<\/ul>\n<h2>Excess International Movers Arvamused<\/h2>\n<p><strong>Positiivne<\/strong><\/p>\n<ul>\n<li> <em>\"Excess Internationl Moversiga oli algusest peale v\u00e4ga meeldiv koost\u00f6\u00f6d teha. Nad on v\u00e4ga m\u00f5istliku hinnaga ja juhivad teid l\u00e4bi protsessi. Kogumine ja kohaletoimetamine oli sujuv ja ma ei saakski olla teenusega rohkem rahul. V\u00e4ga soovitan.\"<\/em> - Proua Sophie Hay kaudu <a href=\"http:\/\/www.excess-international.com\/reviews\" target=\"_blank\" rel=\"noopener\">ettev\u00f5tte l\u00e4bivaatamise lehek\u00fclg<\/a><\/li>\n<li> <em>\"Suurep\u00e4rane teenus alates hinnapakkumisest kuni laevani. Soovitame seda ettev\u00f5tet v\u00e4ga.\"<\/em> - Lisa kaudu <a href=\"https:\/\/uk.trustpilot.com\/reviews\/57bc88a00000ff00097f3cfc\" target=\"_blank\" rel=\"noopener\">Trustpilot<\/a>.<\/li>\n<li> <em>\"Me kolisime hiljuti <a href=\"https:\/\/moverdb.com\/et\/moving-to-the-uk\/\" data-internallinksmanager029f6b8e52c=\"93\" title=\"Kolimine \u00dchendkuningriiki? 2022 Elamiskulud ja kolimisn\u00f5uanded\">UK<\/a> aadressile <a href=\"https:\/\/moverdb.com\/et\/moving-to-canada\/\" data-internallinksmanager029f6b8e52c=\"265\" title=\"Kanadasse kolimine? 2023 elamiskulud ja kolimisn\u00f5uanded\">Kanada<\/a>ja Excess International tegi kogu protsessi v\u00e4ga valutuks. Hinnapakkumine oli \u00fcsna t\u00e4pne (l\u00f5plik maksumus oli tegelikult veidi v\u00e4iksem kui esialgne hinnapakkumine, mis oli hea - ei mingeid ebameeldivaid \u00fcllatusi viimasel minutil), pakendajad tegid head t\u00f6\u00f6d ja Attila vastas hea meelega k\u00f5igile meie k\u00fcsimustele.\"<\/em> - kaudu. <a href=\"http:\/\/www.reviewcentre.com\/Removal-Companies\/Excess-International-Movers-www-excess-international-com-review_2391382\" target=\"_blank\" rel=\"noopener\">L\u00e4bivaatamise keskus<\/a><\/li>\n<li> <em>\"Mehed, kes tulid majapidamise kolimist ja pakkimist tegema, olid absoluutselt #1 - esmaklassilised k\u00f5igega, p\u00fchendunud t\u00f6\u00f6kad ja v\u00e4ga viisakad.\"<\/em> - Anton kaudu <a href=\"http:\/\/www.shipping-international.com\/companies\/excess-international-movers.html\" target=\"_blank\" rel=\"noopener\">Shipping-International.com<\/a><\/li>\n<\/ul>\n<p><strong>Negatiivne<\/strong><\/p>\n<ul>\n<li> <em>\"Tundsime, et olime teinud hea otsuse p\u00e4rast mitme pakkumise saamist, kuid kahjuks ei l\u00e4inud k\u00f5ik nii, nagu oodati.\"<\/em> - Lee\/Mrs Alexandria kaudu <a href=\"https:\/\/uk.trustpilot.com\/reviews\/57b38afd0000ff00097cab0e\" target=\"_blank\" rel=\"noopener\">Trustpilot<\/a><\/li>\n<li> <em>\"Meil on endiselt probleem, mis ulatub tagasi aasta algusesse (2015) EIMiga, kui meie konteiner saabus \u00dchendkuningriigist Uus-Meremaale. EIMi t\u00f6\u00f6tajad \u00dchendkuningriigis kleepisid konteineri katuses oleva augu kinni oma pakkimislindiga.\"<\/em> - Robert Snijders kaudu <a href=\"http:\/\/www.removalreviews.co.uk\/movingreviews\/move-from-uk-to-nz-10229\" target=\"_blank\" rel=\"noopener\">Eemaldamine Arvamused<\/a><\/li>\n<li> <em>\"Haletsusv\u00e4\u00e4rne teenindus ja puudus korralik suhtlus. Ma ei soovitaks neid mehi \u00fcldse kasutada. Minu suhtlus on olnud v\u00e4ga pettumust valmistav ja pettumust tekitav.\"<\/em> - kaudu. <a href=\"http:\/\/www.reviewcentre.com\/Removal-Companies\/Excess-International-Movers-www-excess-international-com-review_3918175\" target=\"_blank\" rel=\"noopener\">L\u00e4bivaatamise keskus<\/a><\/li>\n<li> <em>\"Absoluutselt kohutav ettev\u00f5te, kellega suhelda, tundus, et nendega telefonitsi r\u00e4\u00e4kides on tegemist nagu v\u00f5lgade sissen\u00f5udjaga.\" -<br \/>\nWill B. kaudu <a href=\"https:\/\/www.yelp.co.uk\/biz\/excess-international-movers-london-2?hrid=gh9RC6mlebc__fP5wR0Q8g&#038;utm_campaign=www_review_share_popup&#038;utm_medium=copy_link&#038;utm_source=(direct)\" target=\"_blank\" rel=\"noopener\">Yelp<\/a><\/em><\/li>\n<\/ul>\n<div itemprop=\"review\" itemscope itemtype=\"http:\/\/schema.org\/Review\">\n<span itemprop=\"author\" itemscope=\"\" itemtype=\"http:\/\/schema.org\/Organization\"><span itemprop=\"name\">MoverDB.com<\/span><\/span> Veebilehe \u00fclevaatus veebisaidi jaoks <span itemprop=\"itemreviewed\" itemscope=\"\" itemtype=\"http:\/\/schema.org\/Brand\"><span itemprop=\"name\">\u00dclem\u00e4\u00e4rased rahvusvahelised kolijad<\/span><\/span>:<\/p>\n<ol>\n<li> Selged kontaktandmed veebisaidil (sh telefoninumber): <strong>Jah<\/strong><\/li>\n<li> Lihtne saada <a href=\"https:\/\/moverdb.com\/et\/tsitaadid\/\">rahvusvaheliste kolimiste hinnapakkumised<\/a>? (veebip\u00f5hine hinnangu taotluse vorm): <strong>Jah<\/strong><\/li>\n<li> Selge teave veebilehel: <strong>Jah,<\/strong> Kodulehel olev teave on \u00fcsna \u00fcksikasjalik ja annab potentsiaalsetele klientidele hea ettekujutuse pakutavast.<\/li>\n<li> Liikmelisus rahvusvahelistes tunnustatud liikumisorganisatsioonides: <strong>Jah<\/strong>, vt eespool.<\/li>\n<li> Klientide ja\/v\u00f5i varasemate klientide soovitused: <strong>Jah,<\/strong> Nende veebisaidil on palju positiivseid klienditunnistusi, kuigi mujal on arvustused veidi segasemad.<\/li>\n<\/ol>\n<div itemprop=\"reviewRating\" itemscope itemtype=\"http:\/\/schema.org\/Rating\"><meta itemprop=\"worstRating\" content = \"0\" \/><meta itemprop=\"bestRating\" content=\"5\" \/><meta itemprop=\"ratingValue\" content=\"4\"><\/div>\n<p><strong>\u00dcldine hinne: 4\/5<\/strong><br \/>\n<strong>L\u00e4bivaatamise kuup\u00e4ev:<\/strong> <span itemprop=\"datePublished\" content=\"2016-09-04\">04\/09\/2016<\/span>\n<\/div>\n<p>Lisateave <a href=\"https:\/\/moverdb.com\/et\/rahvusvahelised-kolimised\/\">rahvusvahelised kolimised<\/a> ja meie <a href=\"https:\/\/moverdb.com\/et\/arvustused\/\">l\u00e4bivaatamisprotsess<\/a>.<\/p>\n<p><strong>Veebileht:<\/strong> <a href=\"http:\/\/www.excess-international.com\/\" target=\"_blank\" rel=\"noopener\">http:\/\/www.excess-international.com<\/a><\/p>","protected":false},"excerpt":{"rendered":"<p>Excess International Movers offer corporate clients, individuals and families a wide range of services which are listed below. There also follows a company profile and reviews. International Removals Air, sea or road Door to door service Dedicated service for international relocations A move co-ordinator to organise removals from start to finish and answer any queries [&hellip;]<\/p>\n","protected":false},"author":1,"featured_media":0,"parent":0,"menu_order":0,"comment_status":"closed","ping_status":"closed","template":"","meta":{"_genesis_hide_title":false,"_genesis_hide_breadcrumbs":false,"_genesis_hide_singular_image":false,"_genesis_hide_footer_widgets":false,"_genesis_custom_body_class":"","_genesis_custom_post_class":"","_genesis_layout":"","footnotes":""},"class_list":{"0":"post-944","1":"page","2":"type-page","3":"status-publish","5":"entry"},"_links":{"self":[{"href":"https:\/\/moverdb.com\/et\/wp-json\/wp\/v2\/pages\/944","targetHints":{"allow":["GET"]}}],"collection":[{"href":"https:\/\/moverdb.com\/et\/wp-json\/wp\/v2\/pages"}],"about":[{"href":"https:\/\/moverdb.com\/et\/wp-json\/wp\/v2\/types\/page"}],"author":[{"embeddable":true,"href":"https:\/\/moverdb.com\/et\/wp-json\/wp\/v2\/users\/1"}],"replies":[{"embeddable":true,"href":"https:\/\/moverdb.com\/et\/wp-json\/wp\/v2\/comments?post=944"}],"version-history":[{"count":8,"href":"https:\/\/moverdb.com\/et\/wp-json\/wp\/v2\/pages\/944\/revisions"}],"predecessor-version":[{"id":6207,"href":"https:\/\/moverdb.com\/et\/wp-json\/wp\/v2\/pages\/944\/revisions\/6207"}],"wp:attachment":[{"href":"https:\/\/moverdb.com\/et\/wp-json\/wp\/v2\/media?parent=944"}],"curies":[{"name":"wp","href":"https:\/\/api.w.org\/{rel}","templated":true}]}}