{"id":942,"date":"2016-09-04T17:22:17","date_gmt":"2016-09-04T17:22:17","guid":{"rendered":"http:\/\/moverdb.com\/?page_id=942"},"modified":"2026-01-08T14:47:57","modified_gmt":"2026-01-08T14:47:57","slug":"city-moving-storage","status":"publish","type":"page","link":"https:\/\/moverdb.com\/et\/city-moving-storage\/","title":{"rendered":"City Moving and Storage: International Removals Reviews"},"content":{"rendered":"<p>City Moving and Storage pakub nii v\u00e4lismaale kui ka kohalikke kolimisi nii \u00e4ri- kui ka eraklientidele. J\u00e4rgneb nende teenuste loetelu koos ettev\u00f5tte profiili ja \u00fclevaatega.<\/p>\n<p><strong>M\u00e4rkus:<\/strong> City Moving and Storage, ei tohi segi ajada City Removals, mis on eraldi ettev\u00f5te, mis samuti segadust tekitavalt pakub <a href=\"https:\/\/moverdb.com\/et\/rahvusvahelised-kolimised\/\">rahvusvahelised kolimised<\/a>.<\/p>\n<p><strong>Kolimisteenused<\/strong><\/p>\n<ul>\n<li> V\u00e4ljapakkimine ja prahi eemaldamine T\u00e4ielik pakkimisteenus<\/li>\n<li> Antiikesemete ja kaunite kunstiteoste pakkimine<\/li>\n<li> Mereveoteenused LCL (v\u00e4hem kui konteineri veos) v\u00f5i FCL (t\u00e4is konteineri veos) kaupa <a href=\"https:\/\/moverdb.com\/et\/konteiner-laevandus\/\">konteinervedu<\/a>.<\/li>\n<li> Igan\u00e4dalane kolimisauto teenus Euroopasse<\/li>\n<li> Tollivormistus ja formaalsused<\/li>\n<li> V\u00e4ljapakkimine ja prahi eemaldamine<\/li>\n<\/ul>\n<p><strong>Ladustamisteenused<\/strong><\/p>\n<ul>\n<li> Konteinerite laadimine<\/li>\n<li> Pakendikonteinerid<\/li>\n<li> Konteinerite sulgemine<\/li>\n<li> Konteinerite paigutamine<\/li>\n<\/ul>\n<h2>City Moving and Storage Ettev\u00f5tte profiil<\/h2>\n<p>City Moving and Storage on osa\u00fching, mis alustas tegevust 1986. aastal. Selle peakontor asub <a href=\"https:\/\/moverdb.com\/et\/moving-to-london\/\">London<\/a> \u00fclemaailmsete \u00e4ripartneritega \u00fcle maailma. Ettev\u00f5te saadab isiklikke ja \u00e4ritarbeid \u00fcle kogu maailma ning on uhke selle \u00fcle, et tal on professionaalne ja h\u00e4sti koolitatud personal, kes j\u00e4lgib protsessi uksest ukseni.<\/p>\n<p>Ettev\u00f5te on spetsialiseerunud antiikesemete, kunstiteoste, klaverite ja autode saatmisele \u00fcle kogu maailma. Tal on Skandinaavia jaoks spetsialiseerunud osakond, mis v\u00e4ljub kord n\u00e4dalas Londonist. Kliente hoitakse nende saadetiste osas t\u00e4ielikult kursis, teavitades neid reisi igas etapis. <\/p>\n<p>City Moving and Storage'il on akrediteeringud j\u00e4rgmistelt asutustelt:<\/p>\n<ul>\n<li> <a href=\"https:\/\/moverdb.com\/et\/british-association-of-removers\/\">Briti kolijate \u00fchendus<\/a> (<a href=\"https:\/\/moverdb.com\/et\/british-association-of-removers\/\" data-internallinksmanager029f6b8e52c=\"9\" title=\"Briti kolijate assotsiatsioon (BAR) Selgitatud\">BAR<\/a>)<\/li>\n<li> <a href=\"https:\/\/moverdb.com\/et\/fidi-faim\/\">Rahvusvaheliste kolijate f\u00f6deratsioon<\/a> (<a href=\"https:\/\/moverdb.com\/et\/fidi-faim\/\" data-internallinksmanager029f6b8e52c=\"16\" title=\"FIDI &amp; FAIM (FIDI akrediteeritud rahvusvaheline kolija) selgitatud\">FIDI<\/a>)<\/li>\n<li> Kvaliteeditagatud teenuse standard - BS EN 12522<\/li>\n<\/ul>\n<p><strong>City Moving and Storage Arvamused<\/strong><\/p>\n<p>Me ei leidnud \u00fchtegi positiivset ega negatiivset hinnangut City Moving and Storage kohta.<\/p>\n<div itemprop=\"review\" itemscope itemtype=\"http:\/\/schema.org\/Review\">\n<span itemprop=\"author\" itemscope=\"\" itemtype=\"http:\/\/schema.org\/Organization\"><span itemprop=\"name\">MoverDB.com<\/span><\/span> Veebilehe \u00fclevaatus veebisaidi jaoks <span itemprop=\"itemreviewed\" itemscope=\"\" itemtype=\"http:\/\/schema.org\/Brand\"><span itemprop=\"name\">City kolimine ja ladustamine<\/span><\/span>:<\/p>\n<ol>\n<li> Selged kontaktandmed veebisaidil (sh telefoninumber): <strong>Jah<\/strong><\/li>\n<li> Lihtne saada <a href=\"https:\/\/moverdb.com\/et\/tsitaadid\/\">rahvusvahelised liikuvad hinnapakkumised<\/a>? (veebip\u00f5hine hinnangu taotluse vorm): <strong>Basic<\/strong>, nende kodulehel on kontaktvorm, kuid nad ei t\u00e4psusta, kas nad pakuvad hinnapakkumisi.<\/li>\n<li> Selge teave veebilehel: <strong>Ei,<\/strong> Veebileht loodi 2008. aastal ja r\u00e4\u00e4gib v\u00e4ga v\u00e4he ettev\u00f5tte v\u00f5i nende pakutavate k\u00e4ikude kohta.<\/li>\n<li> Liikmelisus rahvusvahelistes tunnustatud liikumisorganisatsioonides: <strong>Jah<\/strong>, vt eespool.<\/li>\n<li> Klientide ja\/v\u00f5i varasemate klientide soovitused: <strong>Ei,<\/strong> J\u00e4llegi, veebisaidi sisu on minimaalne ja ei sisalda klientide iseloomustusi ega klientide nimekirju, lisaks ei tundu, et internetis oleks mingeid kommentaare.<\/li>\n<\/ol>\n<div itemprop=\"reviewRating\" itemscope itemtype=\"http:\/\/schema.org\/Rating\"><meta itemprop=\"worstRating\" content = \"0\" \/><meta itemprop=\"bestRating\" content=\"5\" \/><meta itemprop=\"ratingValue\" content=\"2.5\"><\/div>\n<p><strong>\u00dcldine hinne: 2.5\/5<\/strong><br \/>\n<strong>L\u00e4bivaatamise kuup\u00e4ev:<\/strong> <span itemprop=\"datePublished\" content=\"2016-09-04\">04\/09\/2016<\/span>\n<\/div>\n<p>Rohkem infot <a href=\"https:\/\/moverdb.com\/et\/kolimisfirmad\/\">rahvusvahelised kolimisfirmad<\/a> ja meie <a href=\"https:\/\/moverdb.com\/et\/arvustused\/\">l\u00e4bivaatamisprotsess<\/a>.<\/p>\n<p><strong>Veebileht:<\/strong> <a href=\"http:\/\/www.citymoving.co.uk\" target=\"_blank\" rel=\"noopener\">http:\/\/www.citymoving.co.uk<\/a><\/p>","protected":false},"excerpt":{"rendered":"<p>City Moving and Storage offer both overseas and local moves to both business and private clients. There follows a list of these services, together with a company profile and reviews. Note: City Moving and Storage, should not be confused with City Removals, which is a separate company that also confusingly offers international removals. Moving Services [&hellip;]<\/p>\n","protected":false},"author":1,"featured_media":0,"parent":0,"menu_order":0,"comment_status":"closed","ping_status":"closed","template":"","meta":{"_genesis_hide_title":false,"_genesis_hide_breadcrumbs":false,"_genesis_hide_singular_image":false,"_genesis_hide_footer_widgets":false,"_genesis_custom_body_class":"","_genesis_custom_post_class":"","_genesis_layout":"","footnotes":""},"class_list":{"0":"post-942","1":"page","2":"type-page","3":"status-publish","5":"entry"},"_links":{"self":[{"href":"https:\/\/moverdb.com\/et\/wp-json\/wp\/v2\/pages\/942","targetHints":{"allow":["GET"]}}],"collection":[{"href":"https:\/\/moverdb.com\/et\/wp-json\/wp\/v2\/pages"}],"about":[{"href":"https:\/\/moverdb.com\/et\/wp-json\/wp\/v2\/types\/page"}],"author":[{"embeddable":true,"href":"https:\/\/moverdb.com\/et\/wp-json\/wp\/v2\/users\/1"}],"replies":[{"embeddable":true,"href":"https:\/\/moverdb.com\/et\/wp-json\/wp\/v2\/comments?post=942"}],"version-history":[{"count":5,"href":"https:\/\/moverdb.com\/et\/wp-json\/wp\/v2\/pages\/942\/revisions"}],"predecessor-version":[{"id":6191,"href":"https:\/\/moverdb.com\/et\/wp-json\/wp\/v2\/pages\/942\/revisions\/6191"}],"wp:attachment":[{"href":"https:\/\/moverdb.com\/et\/wp-json\/wp\/v2\/media?parent=942"}],"curies":[{"name":"wp","href":"https:\/\/api.w.org\/{rel}","templated":true}]}}