{"id":941,"date":"2016-07-25T11:02:02","date_gmt":"2016-07-25T11:02:02","guid":{"rendered":"http:\/\/moverdb.com\/?page_id=941"},"modified":"2026-01-08T15:30:36","modified_gmt":"2026-01-08T15:30:36","slug":"united-van-lines","status":"publish","type":"page","link":"https:\/\/moverdb.com\/et\/united-van-lines\/","title":{"rendered":"United Van Lines: United United United: Rahvusvahelised kolimisteenused ja \u00fclevaated: Rahvusvahelised kolimisteenused ja \u00fclevaated"},"content":{"rendered":"<p>United Van Lines pakub oma klientidele mitmeid kolimisteenuseid nii rahvusvaheliselt kui ka riigisiseselt. <a href=\"https:\/\/moverdb.com\/et\/moving-to-the-united-states\/\" data-internallinksmanager029f6b8e52c=\"94\" title=\"Kolimine Ameerika \u00dchendriikidesse? 2022 Elamiskulud ja kolimisn\u00f5uanded\">USA<\/a>. Allpool on esitatud nende teenuste loetelu ning ettev\u00f5tte profiil ja \u00fclevaated.<\/p>\n<p><strong>Rahvusvahelised liikumised<\/strong><\/p>\n<ul>\n<li> Kolimise planeerimine ja ettevalmistamine<\/li>\n<li> Vajaduste hindamine ja hinnang<\/li>\n<li> Sihtkoha eelvaate reis<\/li>\n<li> Keele\u00f5pe ja kultuuriline orienteerumine<\/li>\n<li> Liikumise juhtimine<\/li>\n<li> Planeerimisteenused<\/li>\n<li> Rahvusvaheline transiit<\/li>\n<li> J\u00e4lgimine ja kohaletoimetamine<\/li>\n<li> Asutusteenused - pangad, arstid jne<\/li>\n<li> Viisa- ja sisser\u00e4ndeteenused<\/li>\n<li> Ettev\u00f5tete sisser\u00e4ndeprotsessid<\/li>\n<li> Individuaalsed sisser\u00e4ndeprotsessid<\/li>\n<li> Eluasemetoetus - ajutine v\u00f5i alaline<\/li>\n<li> Maja leidmise teenused<\/li>\n<li> Ajutine majutus<\/li>\n<li> Kinnisvara ja \u00fc\u00fcrilepingute haldamine<\/li>\n<li> Perekonna \u00fcmberpaigutamise abi<\/li>\n<li> Viisa- ja passiprotsess<\/li>\n<li> Partneri\/abikaasa toetus<\/li>\n<li> Kooliabi<\/li>\n<li> Kultuuri- ja keelekoolitus<\/li>\n<li> Lemmikloomade \u00fcmberpaigutamine<\/li>\n<li> Kindlustus<\/li>\n<\/ul>\n<p><strong>Liikumine Unitediga<\/strong><\/p>\n<ul>\n<li> Kohalikud kolimised<\/li>\n<li> Rahvusvahelised liikumised<\/li>\n<li> Kaugliinide liikumine<\/li>\n<li> Ettev\u00f5tte liikumised<\/li>\n<li> S\u00f5jav\u00e4e ja valitsuse liikumised<\/li>\n<li> Autot\u00f6\u00f6stus liigub<\/li>\n<\/ul>\n<p><strong>Pakkimine ja ladustamine<\/strong><\/p>\n<ul>\n<li> Isepakendav<\/li>\n<li> Kohandatud pakendamine<\/li>\n<li> T\u00e4isteenuse pakkimine<\/li>\n<li> Pakkige end lahti<\/li>\n<li> Kohandatud lahtipakkimine<\/li>\n<li> T\u00e4ielik lahtipakkimine<\/li>\n<li> 90-p\u00e4evane transiidiladustamine<\/li>\n<li> Vault ladustamine<\/li>\n<li> L\u00fchi- ja pikaajaline ladustamine ja ladustamine<\/li>\n<\/ul>\n<h2>United Van Lines Ettev\u00f5tte profiil<\/h2>\n<p>United Van Lines avati 1928. aastal kui Return Loads Service Clevelandis, <a href=\"https:\/\/moverdb.com\/et\/moving-to-the-united-states\/moving-to-ohio\/\" data-internallinksmanager029f6b8e52c=\"409\" title=\"Kolimine Ohio&#039;sse? 2023 elamiskulud ja kolimisn\u00f5uanded\">Ohio<\/a>. Ettev\u00f5te on j\u00e4rjest tugevamaks muutunud, laienedes rahvusvahelisele turule. 1995. aastal oli ettev\u00f5tte esimene miljardi dollari suurune m\u00fc\u00fcgitulu. <\/p>\n<p>United Van Lines on #1 riigi kolijate turuosas.<\/p>\n<p>Unitedil on 340 kohalikku esindajat \u00fcle kogu riigi, kes pakuvad kolimis- ja ladustamisv\u00f5imalusi. Rahvusvaheliste kolimiste puhul kasutab ettev\u00f5te \u00fcle 1000 professionaalse agendi 128 riigis.<\/p>\n<p>United Van Linesil on j\u00e4rgmised akrediteeringud ja sidemed:<\/p>\n<ul>\n<li> <a href=\"https:\/\/moverdb.com\/et\/amsa\/\">Ameerika kolimis- ja ladustamis\u00fching<\/a> (<a href=\"https:\/\/moverdb.com\/et\/amsa\/\" data-internallinksmanager029f6b8e52c=\"5\" title=\"Ameerika Kolimis- ja Ladustamisseltsi (AMSA) selgitused\">AMSA<\/a>)<\/li>\n<li> <a href=\"https:\/\/moverdb.com\/et\/rim-promover\/\">ProMover<\/a> (AMSA)<\/li>\n<li> National Quality Assurance USA ISO 9001 2008<\/li>\n<li> <a href=\"https:\/\/moverdb.com\/et\/kanada-association-of-movers\/\">Kanada kolijate \u00fchendus<\/a> (<a href=\"https:\/\/moverdb.com\/et\/canadian-association-of-movers\/\" data-internallinksmanager029f6b8e52c=\"11\" title=\"Kanada kolijate assotsiatsioon (CAM) Selgitatud\">CAM<\/a>)<\/li>\n<\/ul>\n<h2>United Van Lines Arvustused<\/h2>\n<p><strong>Positiivne:<\/strong><\/p>\n<ul>\n<li> \"<em>United Van Lines ja nende kohalikud partnerid olid suurep\u00e4rased.\"<\/em> - Julia kaudu <a href=\"http:\/\/www.yelp.com\/user_details?userid=nPUhNLstAOJEWjHLAb1rpA\" target=\"_blank\" rel=\"noopener\">Yelp<\/a><\/li>\n<li> \"<em>Kui te kolite Omaha, siis olete selle ettev\u00f5tte kasutamise endale v\u00f5lgu.\"<\/em> - Dean S kaudu <a href=\"http:\/\/www.movingcompanyreviews.com\/MO\/Fenton\/united-van-lines-llc-61144\" target=\"_blank\" rel=\"noopener\">MovingCompanyReviews.com<\/a><\/li>\n<\/ul>\n<p><strong>Negatiivne:<\/strong><\/p>\n<ul>\n<li> \"<em>Kohutav klienditeenindus.\"<\/em> - Ally kaudu <a href=\"http:\/\/www.yelp.com\/user_details?userid=ab4N7Z9Che1cq3g-QrONUw\" target=\"_blank\" rel=\"noopener\">Yelp<\/a> <\/li>\n<li> \"<em>\u00d5udusunen\u00e4gu. T\u00f6\u00f6tasime koos John Silvernailiga Corrigan Unitedist, et kolida meie pere v\u00e4lja <a href=\"https:\/\/moverdb.com\/et\/moving-to-the-united-states\/moving-to-colorado\/\" data-internallinksmanager029f6b8e52c=\"399\" title=\"Koloradosse kolimine? 2023 elamiskulud ja kolimisn\u00f5uanded\">Colorado<\/a> aadressile <a href=\"https:\/\/moverdb.com\/et\/moving-to-the-united-states\/moving-to-california\/\" data-internallinksmanager029f6b8e52c=\"330\" title=\"Elamiskulud ja kolimisn\u00f5uanded 2023 California?\">California<\/a> juunis 2014.\"<\/em> - Gaea M kaudu <a href=\"http:\/\/www.movingcompanyreviews.com\/MO\/Fenton\/united-van-lines-llc-61144\" target=\"_blank\" rel=\"noopener\">MovingCompanyReviews.com<\/a><\/li>\n<\/ul>\n<div itemprop=\"review\" itemscope itemtype=\"http:\/\/schema.org\/Review\">\n<span itemprop=\"author\" itemscope=\"\" itemtype=\"http:\/\/schema.org\/Organization\"><span itemprop=\"name\">MoverDB.com<\/span><\/span> Veebilehe \u00fclevaatus veebisaidi jaoks <span itemprop=\"itemreviewed\" itemscope=\"\" itemtype=\"http:\/\/schema.org\/Brand\"><span itemprop=\"name\">United Van Lines<\/span><\/span>:<\/p>\n<ol>\n<li> Selged kontaktandmed veebisaidil (sh telefoninumber): <strong>Jah<\/strong><\/li>\n<li> Lihtne saada <a href=\"https:\/\/moverdb.com\/et\/tsitaadid\/\">rahvusvahelised liikuvad hinnapakkumised<\/a>? (veebip\u00f5hine hinnangu taotluse vorm): <strong>Jah<\/strong><\/li>\n<li> Selge teave veebilehel: <strong>Jah.<\/strong> Kodulehel on selgelt esitatud k\u00f5ik ettev\u00f5tte pakutavad teenused.<\/li>\n<li> Liikmelisus rahvusvahelistes tunnustatud liikumisorganisatsioonides: <strong>Jah<\/strong>, (vt eespool)<\/li>\n<li> Klientide ja\/v\u00f5i varasemate klientide soovitused. <strong>Jah,<\/strong> Burke Inc. on s\u00f5ltumatult auditeerinud ettev\u00f5tte kliendirahulolu lehed ja nende p\u00f5hjal on ettev\u00f5tte kliendirahulolu m\u00e4\u00e4r 4,22 punkti 5-st.<\/li>\n<\/ol>\n<div itemprop=\"reviewRating\" itemscope itemtype=\"http:\/\/schema.org\/Rating\"><meta itemprop=\"worstRating\" content = \"0\" \/><meta itemprop=\"bestRating\" content=\"5\" \/><meta itemprop=\"ratingValue\" content=\"5\"><\/div>\n<p><strong>\u00dcldine hinne: 5\/5<\/strong><br \/>\n<strong>L\u00e4bivaatamise kuup\u00e4ev:<\/strong> <span itemprop=\"datePublished\" content=\"2016-07-25\">25\/07\/2016<\/span>\n<\/div>\n<p>Loe l\u00e4hemalt <a href=\"https:\/\/moverdb.com\/et\/kolimisfirmad\/\">rahvusvahelised kolimisfirmad<\/a>, <a href=\"https:\/\/moverdb.com\/et\/us-canada-movers\/\">kodumaised kolimisfirmad<\/a> ja meie <a href=\"https:\/\/moverdb.com\/et\/arvustused\/\">l\u00e4bivaatamisprotsessi selgitamine<\/a>.<\/p>\n<p><strong>Veebilehed:<\/strong> USA: <a href=\"http:\/\/www.unitedvanlines.com\/\" target=\"_blank\" rel=\"noopener\">http:\/\/www.unitedvanlines.com\/<\/a>; <a href=\"https:\/\/moverdb.com\/et\/moving-to-canada\/\" data-internallinksmanager029f6b8e52c=\"265\" title=\"Kanadasse kolimine? 2023 elamiskulud ja kolimisn\u00f5uanded\">Kanada<\/a>: <a href=\"http:\/\/www.uvl.ca\/\" target=\"_blank\" rel=\"noopener\">http:\/\/www.uvl.ca\/<\/a> <\/p>","protected":false},"excerpt":{"rendered":"<p>United Van Lines offers its clients many moving services both international and within the US. Below is a list of these services, plus a company profile and reviews. International Moves Move planning and preparation Needs assessment and estimate Destination preview trip Language training and cultural orientation Move management Planning services International transit Tracking and delivery [&hellip;]<\/p>\n","protected":false},"author":1,"featured_media":0,"parent":0,"menu_order":0,"comment_status":"closed","ping_status":"closed","template":"","meta":{"_genesis_hide_title":false,"_genesis_hide_breadcrumbs":false,"_genesis_hide_singular_image":false,"_genesis_hide_footer_widgets":false,"_genesis_custom_body_class":"","_genesis_custom_post_class":"","_genesis_layout":"","footnotes":""},"class_list":{"0":"post-941","1":"page","2":"type-page","3":"status-publish","5":"entry"},"_links":{"self":[{"href":"https:\/\/moverdb.com\/et\/wp-json\/wp\/v2\/pages\/941","targetHints":{"allow":["GET"]}}],"collection":[{"href":"https:\/\/moverdb.com\/et\/wp-json\/wp\/v2\/pages"}],"about":[{"href":"https:\/\/moverdb.com\/et\/wp-json\/wp\/v2\/types\/page"}],"author":[{"embeddable":true,"href":"https:\/\/moverdb.com\/et\/wp-json\/wp\/v2\/users\/1"}],"replies":[{"embeddable":true,"href":"https:\/\/moverdb.com\/et\/wp-json\/wp\/v2\/comments?post=941"}],"version-history":[{"count":10,"href":"https:\/\/moverdb.com\/et\/wp-json\/wp\/v2\/pages\/941\/revisions"}],"predecessor-version":[{"id":6249,"href":"https:\/\/moverdb.com\/et\/wp-json\/wp\/v2\/pages\/941\/revisions\/6249"}],"wp:attachment":[{"href":"https:\/\/moverdb.com\/et\/wp-json\/wp\/v2\/media?parent=941"}],"curies":[{"name":"wp","href":"https:\/\/api.w.org\/{rel}","templated":true}]}}