{"id":940,"date":"2016-09-04T19:16:26","date_gmt":"2016-09-04T19:16:26","guid":{"rendered":"http:\/\/moverdb.com\/?page_id=940"},"modified":"2026-01-08T14:47:53","modified_gmt":"2026-01-08T14:47:53","slug":"btr-international","status":"publish","type":"page","link":"https:\/\/moverdb.com\/et\/btr-international\/","title":{"rendered":"BTR International: T\u00f6\u00f6j\u00f5u liikuvus: \u00dcmberpaigutamine ja kolimine Arvamused"},"content":{"rendered":"<p>BTR International pakub ettev\u00f5tetele mitmeid teenuseid, et nad saaksid oma t\u00f6\u00f6tajaid v\u00f5i ettev\u00f5tteid v\u00e4lismaale \u00fcmber paigutada.<\/p>\n<p><strong>Rahvusvahelised kolimisteenused<\/strong><\/p>\n<ul type=\"circle\">\n<li class=\"m_7262227758002368167MsoListParagraph\"><b>Konsultatsiooniteenused<\/b><u><\/u><u><\/u>\n<ul type=\"square\">\n<li class=\"m_7262227758002368167MsoListParagraph\">Poliitika kujundamine ja arendamine<u><\/u><u><\/u><\/li>\n<li class=\"m_7262227758002368167MsoListParagraph\">V\u00f5rdlusuuring<u><\/u><u><\/u><\/li>\n<li class=\"m_7262227758002368167MsoListParagraph\">N\u00f5ustamine<u><\/u><u><\/u><\/li>\n<\/ul>\n<\/li>\n<li class=\"m_7262227758002368167MsoListParagraph\"><b>\u00dclesande-eelsed teenused<u><\/u><u><\/u><\/b>\n<ul type=\"square\">\n<li class=\"m_7262227758002368167MsoListParagraph\">\u00dclesande-eelne n\u00f5ustamine<u><\/u><u><\/u><\/li>\n<li class=\"m_7262227758002368167MsoListParagraph\">H\u00fcvitiste planeerimine<u><\/u><u><\/u><\/li>\n<li class=\"m_7262227758002368167MsoListParagraph\">\u00dclesande kulude prognoosid<u><\/u><u><\/u><\/li>\n<li class=\"m_7262227758002368167MsoListParagraph\">\u00dclesande kirja ettevalmistamine<u><\/u><u><\/u><\/li>\n<li class=\"m_7262227758002368167MsoListParagraph\">Maksuplaneerimine ja strateegia<u><\/u><u><\/u><\/li>\n<li class=\"m_7262227758002368167MsoListParagraph\">Esialgse h\u00fcvitise arvutamise tabel<u><\/u><u><\/u><\/li>\n<li class=\"m_7262227758002368167MsoListParagraph\">Viisa\/immigratsiooni koordineerimine<u><\/u><u><\/u><\/li>\n<li class=\"m_7262227758002368167MsoListParagraph\">Elamiskulude h\u00fcvitise aruandlus<u><\/u><u><\/u><\/li>\n<li class=\"m_7262227758002368167MsoListParagraph\">Kultuuri- ja keelekoolitus<u><\/u><u><\/u><\/li>\n<li class=\"m_7262227758002368167MsoListParagraph\">Haridusn\u00f5ustamine ja t\u00f6\u00f6lerakendamine<u><\/u><u><\/u><\/li>\n<li class=\"m_7262227758002368167MsoListParagraph\">Koduturunduse abi<u><\/u><u><\/u><\/li>\n<\/ul>\n<\/li>\n<li class=\"m_7262227758002368167MsoListParagraph\"><b>Kulude haldamine<\/b><u><\/u><u><\/u>\n<ul type=\"square\">\n<li class=\"m_7262227758002368167MsoListParagraph\">Kulude audit ja v\u00e4ljamaksed<u><\/u><u><\/u><\/li>\n<li class=\"m_7262227758002368167MsoListParagraph\">Kulude otsetoetus<u><\/u><u><\/u><\/li>\n<li class=\"m_7262227758002368167MsoListParagraph\">\u00dcksikasjalik koosk\u00f5lastamine ja aruandlus<u><\/u><u><\/u><\/li>\n<li class=\"m_7262227758002368167MsoListParagraph\">\u00dclemaailmse liikuvuse poliitika j\u00e4rgimine<u><\/u><u><\/u><\/li>\n<li class=\"m_7262227758002368167MsoListParagraph\">Erand poliitika kulude aruandlusest<u><\/u><u><\/u><\/li>\n<\/ul>\n<\/li>\n<li class=\"m_7262227758002368167MsoListParagraph\"><b>Liikumise juhtimine<\/b><u><\/u><u><\/u>\n<ul type=\"square\">\n<li class=\"m_7262227758002368167MsoListParagraph\">R\u00fchma kolimise juhtimine<u><\/u><u><\/u><\/li>\n<li class=\"m_7262227758002368167MsoListParagraph\">\u00dchekordne lahendus<u><\/u><u><\/u><\/li>\n<li class=\"m_7262227758002368167MsoListParagraph\">Ladustamisteenused<u><\/u><u><\/u><\/li>\n<li class=\"m_7262227758002368167MsoListParagraph\">\u00dclemaailmne liikuvusprogramm<u><\/u><u><\/u><\/li>\n<li class=\"m_7262227758002368167MsoListParagraph\">Rahvusvaheline kaubaveo ekspedeerimine<u><\/u><u><\/u><\/li>\n<li class=\"m_7262227758002368167MsoListParagraph\">Kindlustusprogramm<u><\/u><u><\/u><\/li>\n<li class=\"m_7262227758002368167MsoListParagraph\">VIP-teenused<u><\/u><u><\/u><\/li>\n<li class=\"m_7262227758002368167MsoListParagraph\">Varude haldamine<u><\/u><u><\/u><\/li>\n<li class=\"m_7262227758002368167MsoListParagraph\">Kommertslik kolimine<u><\/u><u><\/u><\/li>\n<li class=\"m_7262227758002368167MsoListParagraph\">Lemmikloomade kolimisteenused<u><\/u><u><\/u><\/li>\n<\/ul>\n<\/li>\n<li class=\"m_7262227758002368167MsoListParagraph\"><b>Sihtkoha teenused<\/b><u><\/u><u><\/u>\n<ul type=\"square\">\n<li class=\"m_7262227758002368167MsoListParagraph\">Kodu otsingu abi<u><\/u><u><\/u><\/li>\n<li class=\"m_7262227758002368167MsoListParagraph\">Abi \u00fc\u00fcri leidmisel<u><\/u><u><\/u><\/li>\n<li class=\"m_7262227758002368167MsoListParagraph\">Kooliotsingu abi<u><\/u><u><\/u><\/li>\n<li class=\"m_7262227758002368167MsoListParagraph\">Ajutine elamine<u><\/u><u><\/u><\/li>\n<li class=\"m_7262227758002368167MsoListParagraph\">Abikaasa karj\u00e4\u00e4rin\u00f5ustamine<u><\/u><u><\/u><\/li>\n<li class=\"m_7262227758002368167MsoListParagraph\">\u00dc\u00fcrilepingu haldamine<u><\/u><u><\/u><\/li>\n<li class=\"m_7262227758002368167MsoListParagraph\">Kinnisvara haldamine<u><\/u><u><\/u><\/li>\n<li class=\"m_7262227758002368167MsoListParagraph\">Sisseseadmisteenused<u><\/u><u><\/u><\/li>\n<\/ul>\n<\/li>\n<li class=\"m_7262227758002368167MsoListParagraph\"><b>Aruandlusteenused<\/b><u><\/u><u><\/u>\n<ul type=\"square\">\n<li class=\"m_7262227758002368167MsoListParagraph\">Tellimuslahenduste aruandlus<u><\/u><u><\/u><\/li>\n<li class=\"m_7262227758002368167MsoListParagraph\">Kulude juhtimine ja eelarveaasta l\u00f5pu maksud<u><\/u><u><\/u><\/li>\n<li class=\"m_7262227758002368167MsoListParagraph\">Erand poliitika j\u00e4lgimisest<u><\/u><u><\/u><\/li>\n<li class=\"m_7262227758002368167MsoListParagraph\">\u00c4rireisijate j\u00e4lgimine ja aruandlus<u><\/u><u><\/u><\/li>\n<li class=\"m_7262227758002368167MsoListParagraph\">Kvartali- ja aasta l\u00f5pu kliendikokkuv\u00f5tted<\/li>\n<\/ul>\n<\/li>\n<\/ul>\n<h2>BTR International Ettev\u00f5tte profiil<\/h2>\n<p>BTR International on auhinnatud rahvusvaheline \u00fcmberpaigutamise korraldamisega tegelev ettev\u00f5te, millel on rohkem kui 35-aastane kogemus t\u00f6\u00f6j\u00f5u liikuvuse valdkonnas. BTR Internationali eesm\u00e4rk on v\u00e4hendada ettev\u00f5tte personaliosakonna koormust, korraldades v\u00f5imalikult suure osa kolimisest ning toetades nii ettev\u00f5tet kui ka kolivaid t\u00f6\u00f6tajaid.<\/p>\n<p>2019. aastal omandas BTRi Writer Corporation, mis on \u00fcle 60-aastase \u00fcmberpaigutamist\u00f6\u00f6stuse kogemusega \u00fclemaailmne organisatsioon. Koost\u00f6\u00f6 on tugevdanud nende \u00fclemaailmset v\u00f5rgustikku ja teenuse kvaliteeti.<\/p>\n<p>Siin on nimekiri BTR Internationali akrediteeringutest ja liitumistest:<\/p>\n<ul>\n<li><a href=\"https:\/\/moverdb.com\/et\/british-association-of-removers\/\">Briti kolijate \u00fchendus<\/a> (<a href=\"https:\/\/moverdb.com\/et\/british-association-of-removers\/\" data-internallinksmanager029f6b8e52c=\"9\" title=\"Briti kolijate assotsiatsioon (BAR) Selgitatud\">BAR<\/a>)<\/li>\n<li><a href=\"https:\/\/moverdb.com\/et\/bar-overseas\/\">Briti kolijate \u00fchendus Overseas (British Association of Removers Overseas)<\/a><\/li>\n<li><a href=\"https:\/\/moverdb.com\/et\/fidi-faim\/\">Rahvusvaheliste kolijate f\u00f6deratsioon<\/a> (<a href=\"https:\/\/moverdb.com\/et\/fidi-faim\/\" data-internallinksmanager029f6b8e52c=\"16\" title=\"FIDI &amp; FAIM (FIDI akrediteeritud rahvusvaheline kolija) selgitatud\">FIDI<\/a>)<\/li>\n<li><a href=\"https:\/\/moverdb.com\/et\/fidi-faim\/\">FAIM Plus<\/a><\/li>\n<li><a href=\"https:\/\/moverdb.com\/et\/olen\/\">Rahvusvaheline kolijate assotsiatsioon<\/a> (<a href=\"https:\/\/moverdb.com\/et\/iam\/\" data-internallinksmanager029f6b8e52c=\"23\" title=\"Rahvusvaheline kolijate assotsiatsioon (IAM) Selgitatud\">IAM<\/a>)<\/li>\n<li><a href=\"https:\/\/moverdb.com\/et\/fedemac\/\">FEDEMAC<\/a><\/li>\n<li><a href=\"https:\/\/moverdb.com\/et\/lacma\/\">LACMA<\/a><\/li>\n<li><a href=\"https:\/\/moverdb.com\/et\/mtc\/\">Movers Trading Club<\/a> (<a href=\"https:\/\/moverdb.com\/et\/mtc\/\" data-internallinksmanager029f6b8e52c=\"30\" title=\"Movers Trading Club (MTC) Selgitused\">MTC<\/a>)<\/li>\n<li><a href=\"https:\/\/moverdb.com\/et\/tootajate-umberpaigutamise-noukogu\/\">\u00dclemaailmne ERC<\/a><\/li>\n<li><a href=\"https:\/\/moverdb.com\/et\/association-relocation-professionals\/\">\u00dcmberpaigutamise spetsialistide \u00fchendus<\/a> (<a href=\"https:\/\/moverdb.com\/et\/association-relocation-professionals\/\" data-internallinksmanager029f6b8e52c=\"6\" title=\"\u00dcmberpaigutamise spetsialistide assotsiatsioon (ARP) Selgitused\">ARP<\/a>)<\/li>\n<li><a href=\"https:\/\/moverdb.com\/et\/eura\/\">Euroopa \u00dcmberpaigutamise Assotsiatsioon<\/a> (<a href=\"https:\/\/moverdb.com\/et\/eura\/\" data-internallinksmanager029f6b8e52c=\"13\" title=\"Euroopa \u00dcmberpaigutamise Assotsiatsiooni (EuRA) selgitused\">EuRA<\/a>)<\/li>\n<li>V\u00e4lismaiste juhtide foorum<\/li>\n<li>ISO 9001<\/li>\n<li>ISO 14001<\/li>\n<\/ul>\n<p><strong>BTR International Arvamused<\/strong><\/p>\n<p>Ettev\u00f5te ahs mitu positiivset \u00fclevaadet <a href=\"https:\/\/www.google.com\/search?q=btr+international&#038;rlz=1C1GCEU_en-GBGB955GB973&#038;oq=btr+international&#038;aqs=chrome.0.0i355i512j46i175i199i512j69i59l3j69i60l3.8906j0j7&#038;sourceid=chrome&#038;ie=UTF-8#lrd=0x48764eb31a41d6d7:0xb3d5c304f795d7ad,1,,,\" target=\"_blank\" rel=\"noopener\">n\u00e4ete siin<\/a>.<\/p>\n<p><strong>Positiivne<\/strong><\/p>\n<p><em>\"Paremat kogemust meie rahvusvahelise kolimise puhul BTRiga ei oleks saanudki soovida. Kolimisprofessionaalid m\u00f5lemal poolel olid hoolikad, meeldivad ja k\u00f5rgelt kvalifitseeritud. K\u00f5ik esemed hoolikalt pakitud, ladustatud ja sihtkohas lahti pakitud\/\u00fcmberpaigutatud vastavalt lubatule. Meie kolimise koordinaator Sarah oli \u00e4\u00e4rmiselt proaktiivne, vastutulelik ja t\u00e4helepanelik. V\u00e4ga soovitatav!\"<\/em> - Tina Cachules<\/p>\n<p><em>\"Oleme kasutanud seda ettev\u00f5tet m\u00f5lema oma maja kolimise puhul aastate jooksul. Oleme leidnud, et nende teenus on suurep\u00e4rane. Konkurentsiv\u00f5imeline hinnakujundus m\u00f5lemal korral. Nende klienditeenindus on v\u00e4ga k\u00e4ttesaadav ja nende kolimismeeskonnad on v\u00e4ga paindlikud ja t\u00f5husad. Ma ei k\u00f5hkle BTR-i soovitamisel.\"<\/em> - Geoff White<\/p>\n<p><em>\"Kuna minu kolimine oli \u00fcsna l\u00fchikese etteteatamisajaga ja konkreetsetel kuup\u00e4evadel, ei saanud ma seda BTRi kaudu broneerida. Aga agent oli nii abivalmis ja t\u00e4is teavet ja n\u00f5uandeid. Kasutaks kindlasti tulevikus.\"<\/em> - Rachael<\/p>\n<p><strong>Negatiivne:<\/strong><\/p>\n<ul>\n<li><em>\"Meil oli hea esimene kogemus BTR-iga kui meie kodutarvete saadetise k\u00e4ttetoimetamise agendiga alates <a href=\"https:\/\/moverdb.com\/et\/moving-to-the-united-states\/\" data-internallinksmanager029f6b8e52c=\"94\" title=\"Kolimine Ameerika \u00dchendriikidesse? 2022 Elamiskulud ja kolimisn\u00f5uanded\">USA<\/a> 2011. aasta mais, kuid 2012. aasta detsembris toimunud kohalikul kolimisel olid nad \u00f5udusunen\u00e4gu.\"<\/em> - Tim Emrich kaudu <a href=\"http:\/\/www.removalreviews.co.uk\/movingreviews\/avoid-these-movers-1874\" target=\"_blank\" rel=\"noopener\">Eemaldamine Arvamused<\/a><\/li>\n<\/ul>\n<div>\n<p>MoverDB.com veebip\u00f5hine veebilehe \u00fclevaade BTR Internationali kohta:<\/p>\n<ol>\n<li>Selged kontaktandmed veebisaidil (sh telefoninumber): <strong>Jah<\/strong><\/li>\n<li>Lihtne saada <a href=\"https:\/\/moverdb.com\/et\/tsitaadid\/\">rahvusvaheliste kolimiste hinnapakkumised<\/a>? (veebip\u00f5hine hinnangu taotluse vorm): <strong>Jah<\/strong><\/li>\n<li>Selge teave veebilehel: <strong>M\u00f5ned,<\/strong> Veebileht ei sisalda palju \u00fcksikasjalikku teavet ja on veidi raskesti navigeeritav, kuid p\u00f5hilised \u00fcksikasjad on selgelt esitatud.<\/li>\n<li>Liikmelisus rahvusvahelistes tunnustatud liikumisorganisatsioonides: <strong>Jah<\/strong>, vt eespool.<\/li>\n<li>Klientide ja\/v\u00f5i varasemate klientide soovitused: <strong>Jah,<\/strong> Veebisait sisaldab iseloomustusi<\/li>\n<\/ol>\n<div>&nbsp;<\/div>\n<p><strong>\u00dcldine hinne: 4.5\/5<\/strong><br \/>\n<strong>L\u00e4bivaatamise kuup\u00e4ev:<\/strong>03\/04\/2023<\/p>\n<\/div>\n<p>Rohkem infot <a href=\"https:\/\/moverdb.com\/et\/rahvusvahelised-kolimised\/\">rahvusvahelised kolimisfirmad<\/a> ja meie <a href=\"https:\/\/moverdb.com\/et\/arvustused\/\">l\u00e4bivaatamisprotsess<\/a>.<\/p>\n<p><strong>Veebileht:<\/strong> <a href=\"https:\/\/www.btrinternational.com\/\" target=\"_blank\" rel=\"noopener\">https:\/\/www.btrinternational.com\/<\/a><\/p>","protected":false},"excerpt":{"rendered":"<p>BTR International offers the corporate world many services in order for them to relocate their staff or their business abroad. International Moving Services Consulting Services Policy Design &amp; Development Benchmarking Counselling Pre-Assignment Services Pre-Assignment Counselling Compensation Planning Assignment Cost Projections Assignment Letter Preparation Tax Planning &amp; Strategy Initial Compensation Worksheet Calculation Visa\/Immigration Co-ordination Cost Of [&hellip;]<\/p>\n","protected":false},"author":1,"featured_media":0,"parent":0,"menu_order":0,"comment_status":"closed","ping_status":"closed","template":"","meta":{"_genesis_hide_title":false,"_genesis_hide_breadcrumbs":false,"_genesis_hide_singular_image":false,"_genesis_hide_footer_widgets":false,"_genesis_custom_body_class":"","_genesis_custom_post_class":"","_genesis_layout":"","footnotes":""},"class_list":{"0":"post-940","1":"page","2":"type-page","3":"status-publish","5":"entry"},"_links":{"self":[{"href":"https:\/\/moverdb.com\/et\/wp-json\/wp\/v2\/pages\/940","targetHints":{"allow":["GET"]}}],"collection":[{"href":"https:\/\/moverdb.com\/et\/wp-json\/wp\/v2\/pages"}],"about":[{"href":"https:\/\/moverdb.com\/et\/wp-json\/wp\/v2\/types\/page"}],"author":[{"embeddable":true,"href":"https:\/\/moverdb.com\/et\/wp-json\/wp\/v2\/users\/1"}],"replies":[{"embeddable":true,"href":"https:\/\/moverdb.com\/et\/wp-json\/wp\/v2\/comments?post=940"}],"version-history":[{"count":8,"href":"https:\/\/moverdb.com\/et\/wp-json\/wp\/v2\/pages\/940\/revisions"}],"predecessor-version":[{"id":8598,"href":"https:\/\/moverdb.com\/et\/wp-json\/wp\/v2\/pages\/940\/revisions\/8598"}],"wp:attachment":[{"href":"https:\/\/moverdb.com\/et\/wp-json\/wp\/v2\/media?parent=940"}],"curies":[{"name":"wp","href":"https:\/\/api.w.org\/{rel}","templated":true}]}}