{"id":939,"date":"2016-09-23T06:49:42","date_gmt":"2016-09-23T06:49:42","guid":{"rendered":"http:\/\/moverdb.com\/?page_id=939"},"modified":"2026-01-08T13:18:21","modified_gmt":"2026-01-08T13:18:21","slug":"gerson-relokatsioon","status":"publish","type":"page","link":"https:\/\/moverdb.com\/et\/gerson-relocation\/","title":{"rendered":"Gersoni \u00fcmberpaigutamine: International Moving &amp; Removals Reviews"},"content":{"rendered":"<p>Gerson Relocation pakub oma klientidele mitmesuguseid teenuseid, olenemata sellest, kas nad kolivad v\u00e4lismaale v\u00f5i kohapeal. Pakutavate teenuste loetelule j\u00e4rgneb ettev\u00f5tte profiil ja \u00fclevaated.<\/p>\n<p><strong>Ettev\u00f5tte teenused\/tugi<\/strong><\/p>\n<ul>\n<li> Spetsiaalne kolimisjuht, kes koordineerib kolimist<\/li>\n<li> Professionaalne uuring<\/li>\n<li> Pakkimine<\/li>\n<li> <a href=\"https:\/\/moverdb.com\/et\/konteiner-laevandus\/\">Laevandus meritsi, \u00f5hutranspordiga v\u00f5i maanteel<\/a><\/li>\n<li> Vajaduse korral lahtipakkimine<\/li>\n<li> T\u00fchjendage pakendimaterjal taaskasutamiseks<\/li>\n<li> Vajaduse korral ladustamine<\/li>\n<li> Kindlustus<\/li>\n<\/ul>\n<p><strong>Individuaalsed \u00fcmberpaigutamislahendused<\/strong><\/p>\n<ul>\n<li> Infopaketid<\/li>\n<li> Kultuuriline koolitus<\/li>\n<li> Orienteerumine\/vaatamine Vt k\u00fclastused<\/li>\n<li> Haridusn\u00f5ustamine<\/li>\n<li> Ajutine majutus<\/li>\n<li> Kodu otsing<\/li>\n<li> Rendilepingu l\u00e4bir\u00e4\u00e4kimised<\/li>\n<li> Kinnisvara sisse- ja v\u00e4ljaregistreerimine<\/li>\n<li> M\u00f6\u00f6bli rentimine<\/li>\n<li> Asumine<\/li>\n<li> Partneri abi<\/li>\n<li> Keelekoolitus<\/li>\n<\/ul>\n<p><strong>Erakordne kolimine<\/strong><\/p>\n<ul>\n<li> Spetsiaalne kolimisjuht<\/li>\n<li> Uuring<\/li>\n<li> Professionaalne pakkimine<\/li>\n<li> Asjade transport meritsi, lennuki v\u00f5i maanteel<\/li>\n<li> Tollivormistus<\/li>\n<li> Asjade lahtipakkimine<\/li>\n<li> Pakendimaterjalide ringlussev\u00f5tt<\/li>\n<li> Vajaduse korral ladustamine<\/li>\n<li> Korraldatud kindlustus<\/li>\n<\/ul>\n<p><strong>Ladustamisteenused<\/strong><\/p>\n<ul>\n<li> T\u00e4ielik ladustamisteenus<\/li>\n<li> Self-storage<\/li>\n<li> Ladustamine \u00f5pilastele<\/li>\n<li> Kaubanduslik ladustamine<\/li>\n<li> L\u00fchiajaline v\u00f5i pikaajaline<\/li>\n<li> 24-tunnine videovalve<\/li>\n<\/ul>\n<h2>Gerson Relocation Ettev\u00f5tte profiil<\/h2>\n<p>Gerson Relocation asutati 1961. aastal ja selle eesm\u00e4rk on pakkuda oma klientidele v\u00e4ga isikup\u00e4rast teenust, mida teistes organisatsioonides ei ole v\u00f5imalik leida. Ettev\u00f5te saavutab selle t\u00e4nu rangele kvaliteedikontrollile ja professionaalsele, h\u00e4sti koolitatud personalile, kellest m\u00f5ned on olnud ettev\u00f5ttes aastak\u00fcmneid.<\/p>\n<p>Gerson Relocation on samuti veendunud, et nende \u00e4ritegevust juhitakse puhtalt ja keskkonnas\u00f5bralikult. Nad toetavad kolme heategevusorganisatsiooni ja annavad oma t\u00f6\u00f6tajatele kaks p\u00e4eva tasulist puhkust, et nad saaksid samuti nendele eesm\u00e4rkidele kaasa aidata.<\/p>\n<p>T\u00e4nap\u00e4eval on Gerson Relocation t\u00fctarettev\u00f5te <a href=\"https:\/\/moverdb.com\/et\/abels-removals\/\">Abels kolimisteenused<\/a> Ltd, mis on v\u00e4ga edukas pereettev\u00f5te, millele 1988. aastal anti kuningliku kuninga kuninglik garantii. Klientidele saadetud k\u00fcsimustike p\u00f5hjal on ettev\u00f5te saavutanud 2015. ja 2016. aastal 98% kliendirahulolu hinnangu.<\/p>\n<p>Gerson Relocation akrediteeringud ja sidemed: <\/p>\n<ul>\n<li> <a href=\"https:\/\/moverdb.com\/et\/british-association-of-removers\/\">Briti kolijate \u00fchendus<\/a> (<a href=\"https:\/\/moverdb.com\/et\/british-association-of-removers\/\" data-internallinksmanager029f6b8e52c=\"9\" title=\"Briti kolijate assotsiatsioon (BAR) Selgitatud\">BAR<\/a>)<\/li>\n<li> <a href=\"https:\/\/moverdb.com\/et\/harmony-relocation-network\/\">Harmony \u00fcmberpaigutamise v\u00f5rgustik<\/a> (<a href=\"https:\/\/moverdb.com\/et\/harmony-relocation-network\/\" data-internallinksmanager029f6b8e52c=\"20\" title=\"Harmony Relocation Network (HRN) selgitused\">HRN<\/a>)<\/li>\n<li> <a href=\"https:\/\/moverdb.com\/et\/eura\/\">Euroopa \u00dcmberpaigutamise Assotsiatsioon<\/a> (<a href=\"https:\/\/moverdb.com\/et\/eura\/\" data-internallinksmanager029f6b8e52c=\"13\" title=\"Euroopa \u00dcmberpaigutamise Assotsiatsiooni (EuRA) selgitused\">EuRA<\/a>)<\/li>\n<li> <a href=\"https:\/\/moverdb.com\/et\/fidi-faim\/\">FIDI<\/a><\/li>\n<li> <a href=\"https:\/\/moverdb.com\/et\/fidi-faim\/\" data-internallinksmanager029f6b8e52c=\"16\" title=\"FIDI &amp; FAIM (FIDI akrediteeritud rahvusvaheline kolija) selgitatud\">FAIM<\/a><\/li>\n<li> <a href=\"https:\/\/moverdb.com\/et\/mtc\/\">Movers Trading Club<\/a> (<a href=\"https:\/\/moverdb.com\/et\/mtc\/\" data-internallinksmanager029f6b8e52c=\"30\" title=\"Movers Trading Club (MTC) Selgitused\">MTC<\/a>)<\/li>\n<\/ul>\n<h2>Gersoni \u00fcmberpaigutamise hinnangud<\/h2>\n<p><strong>Positiivne<\/strong><\/p>\n<ul>\n<li>  \"<em>Me ei oleks saanud oma \u00fcmberpaigutamise meeskonnalt paremat teenust paluda.\"<\/em> - Proua K. L. kaudu <a href=\"http:\/\/www.gersonrelocation.com\/voice-of-the-customer\/\" target=\"_blank\" rel=\"noopener\">Rahulolevate klientide lehek\u00fclg<\/a> <\/li>\n<\/ul>\n<p><strong>Negatiivne<\/strong><\/p>\n<p>Me ei suutnud leida \u00fchtegi negatiivset hinnangut Gerson Relocation'i kohta internetis.<\/p>\n<div itemprop=\"review\" itemscope itemtype=\"http:\/\/schema.org\/Review\">\n<span itemprop=\"author\" itemscope=\"\" itemtype=\"http:\/\/schema.org\/Organization\"><span itemprop=\"name\">MoverDB.com<\/span><\/span> Veebilehe \u00fclevaatus veebisaidi jaoks <span itemprop=\"itemreviewed\" itemscope=\"\" itemtype=\"http:\/\/schema.org\/Brand\"><span itemprop=\"name\">Gerson \u00fcmberpaigutamine<\/span><\/span>:<\/p>\n<ol>\n<li> Selged kontaktandmed veebisaidil (sh telefoninumber): <strong>Jah<\/strong><\/li>\n<li> Lihtne saada <a href=\"https:\/\/moverdb.com\/et\/tsitaadid\/\">rahvusvaheliste kolimiste hinnapakkumised<\/a>? (veebip\u00f5hine hinnangu taotluse vorm): <strong>Jah<\/strong><\/li>\n<li> Selge teave veebilehel: <strong>Jah,<\/strong> Veebileht on \u00fcsna \u00fcksikasjalik, andes potentsiaalsetele klientidele hea ettekujutuse sellest, milliseid teenuseid nad v\u00f5ivad oodata.<\/li>\n<li> Liikmelisus rahvusvahelistes tunnustatud liikumisorganisatsioonides: <strong>Jah<\/strong><\/li>\n<li> Klientide ja\/v\u00f5i varasemate klientide soovitused: <strong>Jah<\/strong>, Kodulehel on palju positiivseid kliendikommentaarid.<\/li>\n<\/ol>\n<div itemprop=\"reviewRating\" itemscope itemtype=\"http:\/\/schema.org\/Rating\"><meta itemprop=\"worstRating\" content = \"0\" \/><meta itemprop=\"bestRating\" content=\"5\" \/><meta itemprop=\"ratingValue\" content=\"5\"><\/div>\n<p><strong>\u00dcldine hinne: 5\/5<\/strong><br \/>\n<strong>L\u00e4bivaatamise kuup\u00e4ev:<\/strong> <span itemprop=\"datePublished\" content=\"2016-09-23\">23\/09\/16<\/span>\n<\/div>\n<p>Rohkem infot <a href=\"https:\/\/moverdb.com\/et\/rahvusvahelised-kolimised\/\">rahvusvahelised kolimised<\/a> ja meie <a href=\"https:\/\/moverdb.com\/et\/arvustused\/\">l\u00e4bivaatamisprotsessi selgitamine<\/a>.<\/p>\n<p><strong>Veebileht:<\/strong> <a href=\"http:\/\/www.gersonrelocation.com\" target=\"_blank\" rel=\"noopener\">http:\/\/www.gersonrelocation.com<\/a><\/p>","protected":false},"excerpt":{"rendered":"<p>Gerson Relocation offer their clients a variety of services, whether they are relocating abroad or locally. A company profile and reviews follow the list of services on offer. Corporate Services\/Support Dedicated move manager to coordinate the move Professional survey Packing Shipping by sea, air or road Unpacking if required Clear away packing material for recycling [&hellip;]<\/p>\n","protected":false},"author":1,"featured_media":0,"parent":0,"menu_order":0,"comment_status":"closed","ping_status":"closed","template":"","meta":{"_genesis_hide_title":false,"_genesis_hide_breadcrumbs":false,"_genesis_hide_singular_image":false,"_genesis_hide_footer_widgets":false,"_genesis_custom_body_class":"","_genesis_custom_post_class":"","_genesis_layout":"","footnotes":""},"class_list":{"0":"post-939","1":"page","2":"type-page","3":"status-publish","5":"entry"},"_links":{"self":[{"href":"https:\/\/moverdb.com\/et\/wp-json\/wp\/v2\/pages\/939","targetHints":{"allow":["GET"]}}],"collection":[{"href":"https:\/\/moverdb.com\/et\/wp-json\/wp\/v2\/pages"}],"about":[{"href":"https:\/\/moverdb.com\/et\/wp-json\/wp\/v2\/types\/page"}],"author":[{"embeddable":true,"href":"https:\/\/moverdb.com\/et\/wp-json\/wp\/v2\/users\/1"}],"replies":[{"embeddable":true,"href":"https:\/\/moverdb.com\/et\/wp-json\/wp\/v2\/comments?post=939"}],"version-history":[{"count":3,"href":"https:\/\/moverdb.com\/et\/wp-json\/wp\/v2\/pages\/939\/revisions"}],"predecessor-version":[{"id":6214,"href":"https:\/\/moverdb.com\/et\/wp-json\/wp\/v2\/pages\/939\/revisions\/6214"}],"wp:attachment":[{"href":"https:\/\/moverdb.com\/et\/wp-json\/wp\/v2\/media?parent=939"}],"curies":[{"name":"wp","href":"https:\/\/api.w.org\/{rel}","templated":true}]}}