{"id":938,"date":"2016-09-23T07:14:51","date_gmt":"2016-09-23T07:14:51","guid":{"rendered":"http:\/\/moverdb.com\/?page_id=938"},"modified":"2026-01-08T14:40:14","modified_gmt":"2026-01-08T14:40:14","slug":"hetkeline-asukoha-muutmine","status":"publish","type":"page","link":"https:\/\/moverdb.com\/et\/momentous-relocation\/","title":{"rendered":"T\u00e4helepanuv\u00e4\u00e4rne \u00fcmberpaigutamine: International Moving &amp; Removals Reviews"},"content":{"rendered":"<p>Momentous Relocation on rahvusvahelisele kolimisele ja \u00fcmberpaigutamisele spetsialiseerunud ettev\u00f5te, mille asukoht on <a href=\"https:\/\/moverdb.com\/et\/moving-to-london\/\">London<\/a>. Ta pakub oma klientidele mitmeid teenuseid, mis on loetletud allpool koos ettev\u00f5tte profiili ja \u00fclevaadetega.<\/p>\n<p><strong>Kolimisteenused<\/strong><\/p>\n<ul>\n<li> Kolimiseelne k\u00fcsitlus<\/li>\n<li> <a href=\"https:\/\/moverdb.com\/et\/konteiner-laevandus\/\">Laevandus ja lennutransport<\/a><\/li>\n<li> Sihtkoha teenused<\/li>\n<li> Kindlustusteenused<\/li>\n<li> Siseriiklik kolimine<\/li>\n<li> Kaunite kunstide saatmine<\/li>\n<li> Lemmikloomade kolimisteenus<\/li>\n<li> Kodumaale kolimise juhendid<\/li>\n<\/ul>\n<p><strong>\u00dcmberpaigutamise teenused<\/strong><\/p>\n<ul>\n<li> \u00dclemaailmne kolimine ja ladustamine<\/li>\n<li> Viisa ja sisser\u00e4nne<\/li>\n<li> Keele- ja kultuuritoetus<\/li>\n<li> <a href=\"https:\/\/moverdb.com\/et\/kolimiskulud\/\">Elamiskulud<\/a> anal\u00fc\u00fcs<\/li>\n<li> Partneri \u00fcmberpaigutamise toetus<\/li>\n<li> Ala orientatsioon<\/li>\n<li> Kooli otsing<\/li>\n<li> Ajutine majutus<\/li>\n<li> Abitelefon<\/li>\n<li> Kodu leidmine<\/li>\n<li> Asutamisabi<\/li>\n<li> \u00dcmberpaigutamise juhtimine<\/li>\n<li> V\u00e4ljumisteenused<\/li>\n<\/ul>\n<p><strong>Ladustamisteenused<\/strong><\/p>\n<ul>\n<li> L\u00fchi- ja pikaajaline ladustamine<\/li>\n<li> Rahvusvaheline ladustamine<\/li>\n<li> Ladustamine <a href=\"https:\/\/moverdb.com\/et\/moving-to-the-uk\/\" data-internallinksmanager029f6b8e52c=\"93\" title=\"Kolimine \u00dchendkuningriiki? 2022 Elamiskulud ja kolimisn\u00f5uanded\">UK<\/a><\/li>\n<li> Ettev\u00f5tte ladustamine<\/li>\n<li> 24-tunnine videovalve<\/li>\n<\/ul>\n<p><strong>Kontori \u00fcmberpaigutamine ja kolimine<\/strong><\/p>\n<ul>\n<li> Projektijuhtimine<\/li>\n<li> Kastide rentimine<\/li>\n<li> Porterage<\/li>\n<li> Planeerimine ja logistika<\/li>\n<li> Individuaalsed kindlustuspaketid<\/li>\n<li> Kontorim\u00f6\u00f6bli ladustamine<\/li>\n<li> Dokumentide s\u00e4ilitamine<\/li>\n<li> Arhiivi ladustamine<\/li>\n<li> Spetsiaalne ladustamine<\/li>\n<li> Ettev\u00f5tete sotsiaalne vastutus<\/li>\n<li> K\u00f5rvaldamise teenused<\/li>\n<li> Turvaline purustamine<\/li>\n<li> Puhastusteenused<\/li>\n<li> Kontori kliirens<\/li>\n<\/ul>\n<p><strong>Fine Art pakkimis- ja veoteenus<\/strong><\/p>\n<ul>\n<li> Kastide valmistamine ja pakendamine<\/li>\n<li> Laevandus maantee-, \u00f5hu- v\u00f5i meretranspordiga<\/li>\n<li> Ladustamine<\/li>\n<li> Valge kinnasega pakkimine<\/li>\n<li> N\u00e4itusteenused<\/li>\n<\/ul>\n<p><strong>Eriprojektid<\/strong><\/p>\n<ul>\n<li> Serveri transport<\/li>\n<li> Rahvusvaheline kontori \u00fcmberpaigutamine<\/li>\n<li> Spetsialiseeritud liikumised<\/li>\n<li> Individuaalne kindlustus<\/li>\n<\/ul>\n<h2>Momentous Relocation Ettev\u00f5tte profiil<\/h2>\n<p>Momentous Relocation alustas oma rahvusvahelist tegevust 1978. aastal. Ettev\u00f5tte registreeritud asukoht on Londonis Baker Streetil ning tal on kaks ladustamis- ja kontoriruumid Loode-Londonis (peakontor) ja Aylesburys. <\/p>\n<p>Ettev\u00f5te ja nende t\u00f6\u00f6tajad \u00fctlevad, et nad seavad alati oma kliendid esikohale ja p\u00fc\u00fcavad teha iga kolimistoimingu kliendi jaoks kiiresti ja valutult.<\/p>\n<p>Momentous Relocationil on ulatuslik ettev\u00f5tte sotsiaalse vastutuse programm, mis h\u00f5lmab tema t\u00f6\u00f6tajaid, kliente, keskkonda ja kogukonda.<\/p>\n<p>Momentous Relocation'i sidemed ja akrediteeringud:<\/p>\n<ul>\n<li> <a href=\"https:\/\/moverdb.com\/et\/fidi-faim\/\">FIDI<\/a><\/li>\n<li> <a href=\"https:\/\/moverdb.com\/et\/fidi-faim\/\">FAIM Plus<\/a><\/li>\n<li> <a href=\"https:\/\/moverdb.com\/et\/british-association-of-removers\/\">Briti kolijate \u00fchendus<\/a> (<a href=\"https:\/\/moverdb.com\/et\/british-association-of-removers\/\" data-internallinksmanager029f6b8e52c=\"9\" title=\"Briti kolijate assotsiatsioon (BAR) Selgitatud\">BAR<\/a>)<\/li>\n<li> <a href=\"https:\/\/moverdb.com\/et\/bar-overseas\/\">Briti kolijate assotsiatsioon Overseas Group<\/a><\/li>\n<li> <a href=\"https:\/\/moverdb.com\/et\/mtc\/\">Movers Trading Club<\/a> (<a href=\"https:\/\/moverdb.com\/et\/mtc\/\" data-internallinksmanager029f6b8e52c=\"30\" title=\"Movers Trading Club (MTC) Selgitused\">MTC<\/a>)<\/li>\n<li> <a href=\"https:\/\/moverdb.com\/et\/eura\/\">EuRA<\/a><\/li>\n<li> ISO akrediteeringud<\/li>\n<\/ul>\n<h2>Hetkeline \u00fcmberpaigutamine Arvamused<\/h2>\n<p><strong>Positiivne:<\/strong><\/p>\n<ul>\n<li> \"<em>V\u00e4ljapaistev liikumine igas aspektis, ei saa piisavalt k\u00f5rgelt r\u00e4\u00e4kida teenusest. Soovitan k\u00f5igile, kes tulevikus k\u00fcsivad. Cikis ja Scott olid hiilgavad!\"<\/em> kaudu. <a href=\"http:\/\/www.momentousrelocation.com\/about-us\/what-our-customers-say-momentous-relocation-reviews\/\" target=\"_blank\" rel=\"noopener\">Hetkeline Mida meie kliendid \u00fctlevad lehek\u00fclg<\/a><\/li>\n<li> <em>\"Teist korda on Momentous mind \u00fcmber paigutanud, ei saa neid piisavalt soovitada.\"<\/em> - kaudu. <a href=\"http:\/\/moveaide.com\/movers\/momentous-relocation-london-uk-mover-review\" target=\"_blank\" rel=\"noopener\">MoveAid.com<\/a><\/li>\n<li> <em>\"Ma kolisin \u00dchendkuningriigist <a href=\"https:\/\/moverdb.com\/et\/moving-to-germany\/\" data-internallinksmanager029f6b8e52c=\"321\" title=\"Kolimine Saksamaale? 2023 elamiskulud ja kolimisn\u00f5uanded\">Saksamaa<\/a>. Teenus oli v\u00e4ga professionaalne, korraldusmeeskond \u00dchendkuningriigis oli vastutulelik ja paindlik.\"<\/em> - Ursula kaudu <a href=\"https:\/\/www.facebook.com\/pg\/momentousltd\/reviews\/\" target=\"_blank\" rel=\"noopener\">Facebook<\/a><\/li>\n<li> <em>\"Fantastiline teenindus! Meeskond, Scott ja Darren olid viisakad ja v\u00e4ga professionaalsed, nad pakkisid k\u00f5ik v\u00e4ga t\u00f5husalt kokku, nad kasutasid isegi p\u00f5randakaitseid, nii et minu vaibad olid t\u00e4ielikult kaitstud.\"<\/em> - Evelynn kaudu <a href=\"http:\/\/www.removalreviews.co.uk\/movers\/momentous-relocation-215#8293\" target=\"_blank\" rel=\"noopener\">RemovalReviews.com<\/a><\/li>\n<\/ul>\n<p><strong>Negatiivne<\/strong><\/p>\n<ul>\n<li> <em>\"Oli kohutav kogemus selle ettev\u00f5ttega, kes v\u00f5ttis minu raha ja pakkus seej\u00e4rel kohutavat teenust (millest osa oli nende partnerite s\u00fc\u00fc), kuid nad keeldusid v\u00f5tmast vastutust v\u00f5i vastutust v\u00f5i s\u00fcndmusi, mis h\u00f5lmasid t\u00f5sist \u00f5nnetust, mis juhtus pereliikmega valesti paigaldatud m\u00f6\u00f6blist.\"<\/em> - James kaudu <a href=\"http:\/\/moveaide.com\/movers\/momentous-relocation-london-uk-mover-review\" target=\"_blank\" rel=\"noopener\">MoveAid.com<\/a><\/li>\n<li> <em>Hetkelised eemaldamised on k\u00f5ige hullemad <a href=\"https:\/\/moverdb.com\/et\/international-removals\/\" data-internallinksmanager029f6b8e52c=\"27\" title=\"36 Parimad rahvusvahelised kolimisfirmad \u00dchendkuningriigis\">kolimisfirma<\/a> selles riigis. Ma olen v\u00e4hem kui 8 aasta jooksul 6 korda \u00fcmber kolinud, nii et ma arvan, et mul on n\u00fc\u00fcdseks selles osas kogemusi.<\/em> kaudu. <a href=\"http:\/\/www.removalreviews.co.uk\/movers\/momentous-relocation-215#714\" target=\"_blank\" rel=\"noopener\">RemovalReviews.com<\/a><\/li>\n<\/ul>\n<div itemprop=\"review\" itemscope itemtype=\"http:\/\/schema.org\/Review\">\n<span itemprop=\"author\" itemscope=\"\" itemtype=\"http:\/\/schema.org\/Organization\"><span itemprop=\"name\">MoverDB.com<\/span><\/span> Veebilehe \u00fclevaatus veebisaidi jaoks <span itemprop=\"itemreviewed\" itemscope=\"\" itemtype=\"http:\/\/schema.org\/Brand\"><span itemprop=\"name\">T\u00e4helepanuv\u00e4\u00e4rne \u00fcmberpaigutamine<\/span><\/span>:<\/p>\n<ol>\n<li> Selged kontaktandmed veebisaidil (sh telefoninumber): <strong>Jah<\/strong><\/li>\n<li> Lihtne saada <a href=\"https:\/\/moverdb.com\/et\/tsitaadid\/\">rahvusvaheliste kolimiste hinnapakkumised<\/a>? (veebip\u00f5hine hinnangu taotluse vorm): <strong>Jah<\/strong><\/li>\n<li> Selge teave veebilehel: <strong>Jah<\/strong>, Kodulehel on esitatud pakutavad teenused, kuid \u00fcksikasjalikku teavet ei anta.<\/li>\n<li> Liikmelisus rahvusvahelistes tunnustatud liikumisorganisatsioonides: <strong>Jah<\/strong><\/li>\n<li> Klientide ja\/v\u00f5i varasemate klientide soovitused: <strong>Jah,<\/strong> Klientidelt on mitmeid positiivseid iseloomustusi, kuid klientide nimekiri puudub. Ettev\u00f5te saab ka \u00fcldiselt enamasti positiivseid kommentaare internetis.<\/li>\n<\/ol>\n<div itemprop=\"reviewRating\" itemscope itemtype=\"http:\/\/schema.org\/Rating\"><meta itemprop=\"worstRating\" content = \"0\" \/><meta itemprop=\"bestRating\" content=\"5\" \/><meta itemprop=\"ratingValue\" content=\"4.5\"><\/div>\n<p><strong>\u00dcldine hinne: 4.5\/5<\/strong><br \/>\n<strong>L\u00e4bivaatamise kuup\u00e4ev:<\/strong> <span itemprop=\"datePublished\" content=\"2016-09-23\">23\/09\/16<\/span>\n<\/div>\n<p>Rohkem infot <a href=\"https:\/\/moverdb.com\/et\/rahvusvahelised-kolimised\/\">kolimisfirmad<\/a> ja meie <a href=\"https:\/\/moverdb.com\/et\/arvustused\/\">l\u00e4bivaatamisprotsess<\/a>.<\/p>\n<p><strong>Veebileht:<\/strong> <a href=\"http:\/\/www.momentousrelocation.com\/\" target=\"_blank\" rel=\"noopener\">http:\/\/www.momentousrelocation.com<\/a><\/p>","protected":false},"excerpt":{"rendered":"<p>Momentous Relocation is an international removal and relocation specialist company based in London. It offers its clients many services which are listed below, together with a company profile and reviews. Moving Services Pre move survey Shipping and airfreight Destination services Insurance services Domestic moving Fine art shipping Pet moving service Moving home country guides Relocation [&hellip;]<\/p>\n","protected":false},"author":1,"featured_media":0,"parent":0,"menu_order":0,"comment_status":"closed","ping_status":"closed","template":"","meta":{"_genesis_hide_title":false,"_genesis_hide_breadcrumbs":false,"_genesis_hide_singular_image":false,"_genesis_hide_footer_widgets":false,"_genesis_custom_body_class":"","_genesis_custom_post_class":"","_genesis_layout":"","footnotes":""},"class_list":{"0":"post-938","1":"page","2":"type-page","3":"status-publish","5":"entry"},"_links":{"self":[{"href":"https:\/\/moverdb.com\/et\/wp-json\/wp\/v2\/pages\/938","targetHints":{"allow":["GET"]}}],"collection":[{"href":"https:\/\/moverdb.com\/et\/wp-json\/wp\/v2\/pages"}],"about":[{"href":"https:\/\/moverdb.com\/et\/wp-json\/wp\/v2\/types\/page"}],"author":[{"embeddable":true,"href":"https:\/\/moverdb.com\/et\/wp-json\/wp\/v2\/users\/1"}],"replies":[{"embeddable":true,"href":"https:\/\/moverdb.com\/et\/wp-json\/wp\/v2\/comments?post=938"}],"version-history":[{"count":6,"href":"https:\/\/moverdb.com\/et\/wp-json\/wp\/v2\/pages\/938\/revisions"}],"predecessor-version":[{"id":13178,"href":"https:\/\/moverdb.com\/et\/wp-json\/wp\/v2\/pages\/938\/revisions\/13178"}],"wp:attachment":[{"href":"https:\/\/moverdb.com\/et\/wp-json\/wp\/v2\/media?parent=938"}],"curies":[{"name":"wp","href":"https:\/\/api.w.org\/{rel}","templated":true}]}}