{"id":927,"date":"2016-09-23T21:57:09","date_gmt":"2016-09-23T21:57:09","guid":{"rendered":"http:\/\/moverdb.com\/?page_id=927"},"modified":"2026-01-08T13:19:00","modified_gmt":"2026-01-08T13:19:00","slug":"imove-international","status":"publish","type":"page","link":"https:\/\/moverdb.com\/et\/imove-international\/","title":{"rendered":"IMove International: Moving &amp; Removals Reviews"},"content":{"rendered":"<p>IMove International asub Surrey's. See pakub oma klientidele mitmesuguseid teenuseid, mis aitavad neil v\u00e4lismaale kolida. Need on loetletud allpool koos ettev\u00f5tte profiili ja \u00fclevaadetega.<\/p>\n<p><strong><a href=\"https:\/\/moverdb.com\/et\/international-removals\/\" data-internallinksmanager029f6b8e52c=\"27\" title=\"36 Parimad rahvusvahelised kolimisfirmad \u00dchendkuningriigis\">Rahvusvaheline kolimine<\/a><\/strong><\/p>\n<ul>\n<li> Isikliku kolimise koordinaator<\/li>\n<li> Ukselt uksele<\/li>\n<li> Uksele <a href=\"https:\/\/moverdb.com\/et\/top-49-container-ports\/\" data-internallinksmanager029f6b8e52c=\"80\" title=\"Top 49 suurimat ja tihedaima liiklusega konteinersadamat 2025. aastal\">sadam<\/a><\/li>\n<li> Lennu-, mere- v\u00f5i maantee\u00fchendus<\/li>\n<li> Ettev\u00f5tte \u00fcmberpaigutamine<\/li>\n<li> <a href=\"https:\/\/moverdb.com\/et\/autoveo-laevandus\/\">Mootors\u00f5idukid<\/a><\/li>\n<li> T\u00e4ielik pakkimisteenus<\/li>\n<li> Isepakendav<\/li>\n<li> Habras pakend<\/li>\n<li> Tasuta kartongide, teibi ja pakendite tarnimine<\/li>\n<li> V\u00e4ljapakkimise teenus<\/li>\n<li> Pika- ja l\u00fchiajaline ladustamine <\/li>\n<li> <a href=\"https:\/\/moverdb.com\/et\/konteiner-laevandus\/\">Konteinervedu<\/a><\/li>\n<li> \u00dclem\u00e4\u00e4rane pagasi vedu<\/li>\n<li> Pakutav kindlustus<\/li>\n<li> Abi tolli ja dokumentidega<\/li>\n<\/ul>\n<p><strong>Muud teenused<\/strong><\/p>\n<ul>\n<li> Pika- ja l\u00fchiajaline ladustamine<\/li>\n<li> \u00dcli\u00f5pilaste laevandus ja ladustamine<\/li>\n<li> <a href=\"https:\/\/moverdb.com\/et\/car-transport-shipping\/\" data-internallinksmanager029f6b8e52c=\"2\" title=\"2026 Rahvusvaheline autoveo ja s\u00f5idukite veo hinnapakkumised\">Autolaevandus<\/a><\/li>\n<li> Jagatud konteiner<\/li>\n<li> Ekspordipakendamise teenus<\/li>\n<li> Kastide ja kastide valmistamine<\/li>\n<\/ul>\n<h2>IMove International Ettev\u00f5tte profiil<\/h2>\n<p>IMove International on noor, eraomanduses olev ettev\u00f5te, mis asutati 2011. aasta mais. See on spetsialiseerunud <a href=\"https:\/\/moverdb.com\/et\/rahvusvahelised-kolimised\/\">rahvusvaheline kolimine<\/a>, laevandus- ja \u00fcmberpaigutamisfirma. <\/p>\n<p>IMove korraldab kolimisi peredele, \u00e4riklientidele ja eraisikutele alates <a href=\"https:\/\/moverdb.com\/et\/moving-to-the-uk\/\" data-internallinksmanager029f6b8e52c=\"93\" title=\"Kolimine \u00dchendkuningriiki? 2022 Elamiskulud ja kolimisn\u00f5uanded\">UK<\/a> enamikku sihtkohtadesse \u00fcle kogu maailma.<\/p>\n<p>IMove saadab k\u00f5ike alates v\u00e4ikseimast pakist kuni terve majapidamise m\u00f6\u00f6blile. Ettev\u00f5te annab igale kliendile isikliku kolimiskoordinaatori, kes on tema kontaktisikuks kogu kolimisprotsessi jooksul.<\/p>\n<p>IMove Internationalil on j\u00e4rgmised akrediteeringud ja sidemed:<\/p>\n<ul>\n<li> ISO 9001<\/li>\n<\/ul>\n<h2>IMove International Arvamused<\/h2>\n<p><strong>Positiivne:<\/strong><\/p>\n<ul>\n<li> <em>\"Asjad sujusid sujuvalt ja t\u00f5husalt. Soovitan kindlasti ettev\u00f5tet selle teenuse ja hinna ja kvaliteedi suhte eest\"<\/em> - H Fowler kaudu <a href=\"http:\/\/www.imoveintl.com\/testimonials.htm\" target=\"_blank\" rel=\"noopener\">Klientide arvustused lehek\u00fclg<\/a><\/li>\n<li> \"<em>Soovin \u00f5nnitleda IMove'i t\u00e4psuse, otstarbekuse ja professionaalsuse eest, millega minu \u00fcmberpaigutamine Orlando'st <a href=\"https:\/\/moverdb.com\/et\/moving-to-the-united-states\/moving-to-florida\/\" data-internallinksmanager029f6b8e52c=\"331\" title=\"Elamiskulud ja kolimisn\u00f5uanded 2023 Floridasse?\">Florida<\/a> Kenti, viidi l\u00e4bi.<\/em> - Annette <a href=\"http:\/\/www.removalreviews.co.uk\/movers\/imove-international-191#11473\" target=\"_blank\" rel=\"noopener\">RemovalReviews.com<\/a> <\/li>\n<li> \"<em>Soovitan seda ettev\u00f5tet igati - v\u00e4ga m\u00f5istlik hind, v\u00e4ga kiire kolimine ja suurep\u00e4rane teenindus\"<\/em> - Johathan kaudu <a href=\"http:\/\/www.reviews.co.uk\/company-reviews\/store\/imove-international-removals-ltd\" target=\"_blank\" rel=\"noopener\">Reviews.co.uk<\/a> <\/li>\n<\/ul>\n<p><strong>Negatiivne<\/strong><\/p>\n<ul>\n<li> \"<em>Kuigi tarneaeg alates <a href=\"https:\/\/moverdb.com\/et\/moving-to-london\/\">London<\/a> aadressile <a href=\"https:\/\/moverdb.com\/et\/moving-to-switzerland\/\" data-internallinksmanager029f6b8e52c=\"327\" title=\"Kolimine \u0160veitsi? 2023 elamiskulud ja kolimisn\u00f5uanded\">\u0160veits<\/a> oli kiire, ma soovitan tungivalt mitte kasutada seda ettev\u00f5tet, kuna \u00fcks v\u00e4\u00e4rtuslikumad esemed ei tarnitud kunagi ja \"kadusid\". Ei tundunud olevat mingit t\u00f5elist \u00fcllatust, muret ega vabandusi selle eseme kadumise kohta.\"<\/em> - Proua Laurens kaudu <a href=\"http:\/\/www.removalreviews.co.uk\/movingreviews\/stolen-item-1264\" target=\"_blank\" rel=\"noopener\">RemovalReviews.co.uk<\/a> <\/li>\n<li> \"<em>Meie esemed koguti kogumiskuup\u00e4evaks (02.11.2015), mis oli suurep\u00e4rane, kuid n\u00fc\u00fcd on m\u00e4rts ja me ei ole ikka veel oma karpe k\u00e4tte saanud.\"<\/em> - Samantha kaudu <a href=\"http:\/\/www.reviews.co.uk\/company-reviews\/store\/imove-international-removals-ltd\" target=\"_blank\" rel=\"noopener\">Reviews.co.uk<\/a> <\/li>\n<\/ul>\n<div itemprop=\"review\" itemscope itemtype=\"http:\/\/schema.org\/Review\">\n<span itemprop=\"author\" itemscope=\"\" itemtype=\"http:\/\/schema.org\/Organization\"><span itemprop=\"name\">MoverDB.com<\/span><\/span> Veebilehe \u00fclevaatus veebisaidi jaoks <span itemprop=\"itemreviewed\" itemscope=\"\" itemtype=\"http:\/\/schema.org\/Brand\"><span itemprop=\"name\">IMove International<\/span><\/span>:<\/p>\n<ol>\n<li> Selged kontaktandmed veebisaidil (sh telefoninumber): <strong>Jah<\/strong><\/li>\n<li> Lihtne saada <a href=\"https:\/\/moverdb.com\/et\/tsitaadid\/\">rahvusvaheliste kolimiste hinnapakkumised<\/a>? (veebip\u00f5hine hinnangu taotluse vorm): <strong>Jah<\/strong><\/li>\n<li> Selge teave veebilehel: <strong>Jah<\/strong>, Veebisait sisaldab palju teavet erinevatesse riikidesse \u00fcle maailma kolimise kohta, sealhulgas vajalikke dokumente.<\/li>\n<li> Liikmelisus rahvusvahelistes tunnustatud liikumisorganisatsioonides: <strong>Osaline<\/strong>, kuigi nad on ISO-s\u00fcsteemis registreeritud, n\u00e4ib, et neil puudub muu akrediteering.<\/li>\n<li> Klientide ja\/v\u00f5i varasemate klientide soovitused: <strong>Jah,<\/strong> Saidil on palju positiivseid klientide kommentaare.<\/li>\n<\/ol>\n<div itemprop=\"reviewRating\" itemscope itemtype=\"http:\/\/schema.org\/Rating\"><meta itemprop=\"worstRating\" content = \"0\" \/><meta itemprop=\"bestRating\" content=\"5\" \/><meta itemprop=\"ratingValue\" content=\"4\"><\/div>\n<p><strong>\u00dcldine hinne: 4\/5<\/strong><br \/>\n<strong>L\u00e4bivaatamise kuup\u00e4ev:<\/strong> <span itemprop=\"datePublished\" content=\"2016-09-23\">23\/09\/16<\/span>\n<\/div>\n<p>Loe l\u00e4hemalt <a href=\"https:\/\/moverdb.com\/et\/rahvusvahelised-kolimised\/\">kolimisfirmad<\/a> ja meie <a href=\"https:\/\/moverdb.com\/et\/arvustused\/\">l\u00e4bivaatamisprotsess<\/a>.<\/p>\n<p><strong>Veebileht:<\/strong> <a href=\"http:\/\/www.imoveintl.com\/\" target=\"_blank\" rel=\"noopener\">http:\/\/www.imoveintl.com\/<\/a><\/p>","protected":false},"excerpt":{"rendered":"<p>IMove International is based in Surrey. It offers its customers a range of services to assist with their move abroad. These are listed below, together with a company profile and reviews. International Removals Personal move coordinator Door to door Door to port Air, sea or road Company relocations Motor vehicles Full packing service Self-packing Fragile [&hellip;]<\/p>\n","protected":false},"author":1,"featured_media":0,"parent":0,"menu_order":0,"comment_status":"closed","ping_status":"closed","template":"","meta":{"_genesis_hide_title":false,"_genesis_hide_breadcrumbs":false,"_genesis_hide_singular_image":false,"_genesis_hide_footer_widgets":false,"_genesis_custom_body_class":"","_genesis_custom_post_class":"","_genesis_layout":"","footnotes":""},"class_list":{"0":"post-927","1":"page","2":"type-page","3":"status-publish","5":"entry"},"_links":{"self":[{"href":"https:\/\/moverdb.com\/et\/wp-json\/wp\/v2\/pages\/927","targetHints":{"allow":["GET"]}}],"collection":[{"href":"https:\/\/moverdb.com\/et\/wp-json\/wp\/v2\/pages"}],"about":[{"href":"https:\/\/moverdb.com\/et\/wp-json\/wp\/v2\/types\/page"}],"author":[{"embeddable":true,"href":"https:\/\/moverdb.com\/et\/wp-json\/wp\/v2\/users\/1"}],"replies":[{"embeddable":true,"href":"https:\/\/moverdb.com\/et\/wp-json\/wp\/v2\/comments?post=927"}],"version-history":[{"count":6,"href":"https:\/\/moverdb.com\/et\/wp-json\/wp\/v2\/pages\/927\/revisions"}],"predecessor-version":[{"id":13160,"href":"https:\/\/moverdb.com\/et\/wp-json\/wp\/v2\/pages\/927\/revisions\/13160"}],"wp:attachment":[{"href":"https:\/\/moverdb.com\/et\/wp-json\/wp\/v2\/media?parent=927"}],"curies":[{"name":"wp","href":"https:\/\/api.w.org\/{rel}","templated":true}]}}