{"id":923,"date":"2016-08-25T14:59:50","date_gmt":"2016-08-25T14:59:50","guid":{"rendered":"http:\/\/moverdb.com\/?page_id=923"},"modified":"2026-01-08T14:40:15","modified_gmt":"2026-01-08T14:40:15","slug":"movecorp","status":"publish","type":"page","link":"https:\/\/moverdb.com\/et\/movecorp\/","title":{"rendered":"Movecorp: Arvamused: International Moving &amp; Removals Reviews (Rahvusvaheline kolimine ja kolimine)"},"content":{"rendered":"<p>Movecorp asub West Midlandsis ja pakub oma klientidele erinevaid <a href=\"https:\/\/moverdb.com\/et\/international-removals\/\" data-internallinksmanager029f6b8e52c=\"27\" title=\"36 Parimad rahvusvahelised kolimisfirmad \u00dchendkuningriigis\">rahvusvahelised kolimised<\/a> teenused, mis on loetletud allpool koos ettev\u00f5tte profiili ja \u00fclevaatega.<\/p>\n<p><strong>Rahvusvaheline kolimine<\/strong><\/p>\n<ul>\n<li> Spetsiaalne kolimise koordinaator<\/li>\n<li> Ukselt uksele<\/li>\n<li> Pakkimine - t\u00e4isteenus, habras esemed v\u00f5i tee see ise<\/li>\n<li> Tarnitud pakkematerjalid<\/li>\n<li> Abi paberimajandusele<\/li>\n<li> Osakoormuse vedu - jagatud konteiner<\/li>\n<li> Spetsiaalne <a href=\"https:\/\/moverdb.com\/et\/konteiner-laevandus\/\">rahvusvaheline konteinervedu<\/a><\/li>\n<li> Tasuta salvestusruumi kuni \u00fcks kuu<\/li>\n<li> V\u00e4lja pakkimine<\/li>\n<li> Korraldatud kindlustus<\/li>\n<li> T\u00f6\u00f6tajate \u00fcmberpaigutamise teenus<\/li>\n<\/ul>\n<p><strong>Euroopa kolimised<\/strong><\/p>\n<ul>\n<li> Teenus ukselt uksele<\/li>\n<li> Spetsiaalne kolimise koordinaator<\/li>\n<li> T\u00e4ielik pakkimine saadaval<\/li>\n<li> Tarnitud pakkematerjalid<\/li>\n<li> Abi paberimajandusele<\/li>\n<li> Osakoormusega vedu (LCL)<\/li>\n<li> Spetsiaalne laevakonteiner<\/li>\n<li> Tasuta salvestusruumi kuni \u00fcks kuu<\/li>\n<li> T\u00e4ielik pakkimisteenus saadaval<\/li>\n<li> Korraldatud kindlustus<\/li>\n<\/ul>\n<p><strong>Maja kolimine<\/strong><\/p>\n<ul>\n<li> Teenus ukselt uksele<\/li>\n<li> T\u00e4ielik pakkimis- ja pakkimisteenus <\/li>\n<li> Salvestusruum - esimene kuu tasuta<\/li>\n<li> Korraldatud kindlustus<\/li>\n<li> Osakoormus (LCL)<\/li>\n<li> T\u00e4ielik koormus (FCL)<\/li>\n<li> V\u00e4ljapakkimisteenus tarnimisel<\/li>\n<\/ul>\n<h2>Movecorp Ettev\u00f5tte profiil<\/h2>\n<p>Movecorp on <a href=\"https:\/\/moverdb.com\/et\/moving-to-the-uk\/\" data-internallinksmanager029f6b8e52c=\"93\" title=\"Kolimine \u00dchendkuningriiki? 2022 Elamiskulud ja kolimisn\u00f5uanded\">UK<\/a> rahvusvahelistele ja Euroopa kolimistele spetsialiseerunud kolimisfirma. Ettev\u00f5tte peakontor asub West Midlandsis, mis v\u00f5imaldab ettev\u00f5ttel teenindada kogu \u00dchendkuningriiki. <\/p>\n<p>Movecorp kolib inimesi \u00dchendkuningriigis igal n\u00e4dalap\u00e4eval ja pakub igan\u00e4dalasi vedusid k\u00f5ikidesse suurematesse Euroopa sihtkohtadesse.<\/p>\n<p>Movecorp pakub k\u00f5igile oma klientidele personaalset teenust ja teavitab neid igast sammust. Nad on uhked oma s\u00f5braliku ja t\u00f5husa l\u00e4henemise \u00fcle igale kolimisele, mida nad teostavad.<\/p>\n<p>Movecorpil on j\u00e4rgmised sidemed ja akrediteeringud:<\/p>\n<ul>\n<li> <a href=\"https:\/\/moverdb.com\/et\/olen\/\">Rahvusvaheline kolijate assotsiatsioon<\/a> (<a href=\"https:\/\/moverdb.com\/et\/iam\/\" data-internallinksmanager029f6b8e52c=\"23\" title=\"Rahvusvaheline kolijate assotsiatsioon (IAM) Selgitatud\">IAM<\/a>)<\/li>\n<li> <a href=\"https:\/\/moverdb.com\/et\/rios\/\">Kolimist\u00f6\u00f6stuse ombudsmani skeem<\/a><\/li>\n<li> <a href=\"https:\/\/moverdb.com\/et\/fedemac\/\">Euroopa Kolijate F\u00f6deratsioon<\/a> (<a href=\"https:\/\/moverdb.com\/et\/fedemac\/\" data-internallinksmanager029f6b8e52c=\"15\" title=\"Euroopa Kolijate F\u00f6deratsiooni (FEDEMAC) selgitused\">FEDEMAC<\/a>)<\/li>\n<li> <a href=\"https:\/\/moverdb.com\/et\/kaubaveo-transpordiuhing\/\">Kaubaveo Assotsiatsioon<\/a> (<a href=\"https:\/\/moverdb.com\/et\/freight-transport-association\/\" data-internallinksmanager029f6b8e52c=\"18\" title=\"Kaubaveo Assotsiatsiooni (FTA) selgitused\">FTA<\/a>)<\/li>\n<li> <a href=\"https:\/\/moverdb.com\/et\/mtc\/\">Movers Trading Club<\/a> (<a href=\"https:\/\/moverdb.com\/et\/mtc\/\" data-internallinksmanager029f6b8e52c=\"30\" title=\"Movers Trading Club (MTC) Selgitused\">MTC<\/a>)<\/li>\n<li> <a href=\"https:\/\/moverdb.com\/et\/eurovan-movers\/\">Eurovan<\/a><\/li>\n<li> <a href=\"https:\/\/moverdb.com\/et\/ngrs\/\">Riiklik kolijate ja ladustajate gildi (National Guild of Removers and Storers)<\/a> (<a href=\"https:\/\/moverdb.com\/et\/ngrs\/\" data-internallinksmanager029f6b8e52c=\"74\" title=\"Riiklik kolijate ja laopidajate liit (NGRS) selgitatud\">NGRS<\/a>)<\/li>\n<li> Milline? Trusted Trader<\/li>\n<li> Teenuste kvaliteedistandardid - BS 8564<\/li>\n<li> CHAS<\/li>\n<\/ul>\n<h2>MoveCorp Arvamused<\/h2>\n<p><strong>Positiivne:<\/strong><\/p>\n<ul>\n<li> <em>\"Soovitan v\u00e4ga Movecorpi. Teenindus oli silmapaistev ja s\u00f5bralik.\"<\/em> - Ella Dennett Movecorpi kaudu <a href=\"http:\/\/www.movecorp.co.uk\/reviews\/\" target=\"_blank\" rel=\"noopener\">arvustused ja klientide aruande lehek\u00fclg<\/a>.<\/li>\n<li> <em>\"V\u00e4ga t\u00f5hus, k\u00f5ik oli suurep\u00e4raselt pakitud ja j\u00f5udis kohale heas korras.\"<\/em> - Stan kaudu <a href=\"https:\/\/www.trustpilot.com\/reviews\/579606ae0000ff00097414e9\" target=\"_blank\" rel=\"noopener\">TrustPilot<\/a> <\/li>\n<li> <em>\"Meie kogemus oli suurep\u00e4rane. Meie kolimise koordinaator Emma oli v\u00e4ga abivalmis ja tegeles meie p\u00e4ringutega \u00f5igeaegselt. Suur t\u00e4nu tema abi eest!\"<\/em> Andrea kaudu <a href=\"http:\/\/www.removalreviews.co.uk\/movingreviews\/great-service-11241\" target=\"_blank\" rel=\"noopener\">Eemaldamine Arvamused<\/a><\/li>\n<li> <em>\"Movecorpi veebilehel oli lihtne navigeerida ja leidsin kasulikku teavet, mis aitas mul kolimist korraldada.\"<\/em> - LisaM1983 kaudu <a href=\"http:\/\/www.reviewcentre.com\/Removal-Companies\/MoveCorp-International-Removals-www-movecorp-co-uk-review_2305958\" target=\"_blank\" rel=\"noopener\">L\u00e4bivaatamise keskus<\/a><\/li>\n<li> <em>\"Movecorpi meeskond oli fantastiline algusest l\u00f5puni.\"<\/em> - kaudu. <a href=\"http:\/\/www.referenceline.com\/removers_removals-in-walsall-movecorpcouk-21956#GOTO178308\" target=\"_blank\" rel=\"noopener\">Viidetee<\/a><\/li>\n<\/ul>\n<p><strong>Negatiivne:<\/strong><\/p>\n<ul>\n<li> <em>\"Minu kolimise sisu on neil olnud \u00fcle kolme kuu ja see lahkus \u00dchendkuningriigist alles eelmisel n\u00e4dalal.\"<\/em> - Chuck kaudu <a href=\"https:\/\/www.trustpilot.com\/reviews\/55f4a26f0000ff000907c3df\" target=\"_blank\" rel=\"noopener\">TrustPilot<\/a><\/li>\n<li> <em>\"Kuigi ma n\u00e4gin internetis h\u00e4id kommentaare, oli minu kogemus kahjuks \u00fcsna halb.\"<\/em> - Steven Johnson kaudu <a href=\"http:\/\/www.removalreviews.co.uk\/movingreviews\/use-at-own-risk-11126\" target=\"_blank\" rel=\"noopener\">Eemaldamine Arvamused<\/a> <\/li>\n<li> <em>\"Halvim kolimiskogemus - tunne, et mind on \u00e4ra rebitud ja petetud\"<\/em> - MayVisR42 kaudu <a href=\"http:\/\/www.reviewcentre.com\/Removal-Companies\/MoveCorp-International-Removals-www-movecorp-co-uk-review_3464277\" target=\"_blank\" rel=\"noopener\">L\u00e4bivaatamise keskus<\/a> <\/li>\n<\/ul>\n<div itemprop=\"review\" itemscope itemtype=\"http:\/\/schema.org\/Review\">\n<span itemprop=\"author\" itemscope=\"\" itemtype=\"http:\/\/schema.org\/Organization\"><span itemprop=\"name\">MoverDB.com<\/span><\/span> Veebilehe \u00fclevaatus veebisaidi jaoks <span itemprop=\"itemreviewed\" itemscope=\"\" itemtype=\"http:\/\/schema.org\/Brand\"><span itemprop=\"name\">MoveCorp<\/span><\/span>:<\/p>\n<ol>\n<li> Selged kontaktandmed veebisaidil (sh telefoninumber)? <strong>Jah<\/strong><\/li>\n<li> Lihtne saada <a href=\"https:\/\/moverdb.com\/et\/tsitaadid\/\">rahvusvaheliste kolimiste hinnapakkumised<\/a>? (veebip\u00f5hine hinnangu taotluse vorm): <strong>Jah<\/strong><\/li>\n<li> Selge teave veebilehel: <strong>Ei,<\/strong> Veebisait sisaldab v\u00e4ga v\u00e4he teavet, mis \u00fcletab pakkumise saamise ja teenindatavate sihtkohtade kohta.<\/li>\n<li> Liikmelisus rahvusvahelistes tunnustatud liikumisorganisatsioonides: <strong>Jah,<\/strong> paljud - vt eespool<\/li>\n<li> Klientide ja\/v\u00f5i varasemate klientide soovitused: <strong>Jah,<\/strong> saidil on palju positiivseid klientide iseloomustusi.<\/li>\n<\/ol>\n<div itemprop=\"reviewRating\" itemscope itemtype=\"http:\/\/schema.org\/Rating\"><meta itemprop=\"worstRating\" content = \"0\" \/><meta itemprop=\"bestRating\" content=\"5\" \/><meta itemprop=\"ratingValue\" content=\"4.5\"><\/div>\n<p><strong>\u00dcldine hinne: 4.5\/5<\/strong><br \/>\n<strong>L\u00e4bivaatamise kuup\u00e4ev:<\/strong> <span itemprop=\"datePublished\" content=\"2016-08-25\">25\/08\/2016<\/span>\n<\/div>\n<p>Lisateave <a href=\"https:\/\/moverdb.com\/et\/rahvusvahelised-kolimised\/\">rahvusvahelised kolimised<\/a> ja meie <a href=\"https:\/\/moverdb.com\/et\/arvustused\/\">l\u00e4bivaatamisprotsess<\/a>.<\/p>\n<p><strong>Veebileht:<\/strong> <a href=\"http:\/\/www.movecorp.co.uk\" target=\"_blank\" rel=\"noopener\">http:\/\/www.movecorp.co.uk<\/a><\/p>","protected":false},"excerpt":{"rendered":"<p>Movecorp is based in the West Midlands and offers its customers various international removals services which are listed below, together with a company profile and reviews. International Removals Dedicated move coordinator Door to door Packing &#8211; full service, fragile items or do it yourself Packing materials supplied Assistance with paperwork Part load shipping &#8211; shared [&hellip;]<\/p>\n","protected":false},"author":1,"featured_media":0,"parent":0,"menu_order":0,"comment_status":"closed","ping_status":"closed","template":"","meta":{"_genesis_hide_title":false,"_genesis_hide_breadcrumbs":false,"_genesis_hide_singular_image":false,"_genesis_hide_footer_widgets":false,"_genesis_custom_body_class":"","_genesis_custom_post_class":"","_genesis_layout":"","footnotes":""},"class_list":{"0":"post-923","1":"page","2":"type-page","3":"status-publish","5":"entry"},"_links":{"self":[{"href":"https:\/\/moverdb.com\/et\/wp-json\/wp\/v2\/pages\/923","targetHints":{"allow":["GET"]}}],"collection":[{"href":"https:\/\/moverdb.com\/et\/wp-json\/wp\/v2\/pages"}],"about":[{"href":"https:\/\/moverdb.com\/et\/wp-json\/wp\/v2\/types\/page"}],"author":[{"embeddable":true,"href":"https:\/\/moverdb.com\/et\/wp-json\/wp\/v2\/users\/1"}],"replies":[{"embeddable":true,"href":"https:\/\/moverdb.com\/et\/wp-json\/wp\/v2\/comments?post=923"}],"version-history":[{"count":8,"href":"https:\/\/moverdb.com\/et\/wp-json\/wp\/v2\/pages\/923\/revisions"}],"predecessor-version":[{"id":13179,"href":"https:\/\/moverdb.com\/et\/wp-json\/wp\/v2\/pages\/923\/revisions\/13179"}],"wp:attachment":[{"href":"https:\/\/moverdb.com\/et\/wp-json\/wp\/v2\/media?parent=923"}],"curies":[{"name":"wp","href":"https:\/\/api.w.org\/{rel}","templated":true}]}}