{"id":921,"date":"2016-08-29T20:53:00","date_gmt":"2016-08-29T20:53:00","guid":{"rendered":"http:\/\/moverdb.com\/?page_id=921"},"modified":"2026-01-08T15:20:42","modified_gmt":"2026-01-08T15:20:42","slug":"simpsons-removals","status":"publish","type":"page","link":"https:\/\/moverdb.com\/et\/simpsons-removals\/","title":{"rendered":"Simpsonid kolimine ja ladustamine: Simsons Simpsonid: International Moving Reviews: International Moving Reviews"},"content":{"rendered":"<p>Simpsons Removals and Storage Ltd asub Kentis ja pakub oma klientidele erinevaid <a href=\"https:\/\/moverdb.com\/et\/international-removals\/\" data-internallinksmanager029f6b8e52c=\"27\" title=\"36 Parimad rahvusvahelised kolimisfirmad \u00dchendkuningriigis\">rahvusvahelised kolimised<\/a> teenused, mis on loetletud allpool. Samuti j\u00e4rgneb ettev\u00f5tte profiil ja \u00fclevaated.<\/p>\n<p><strong>Rahvusvaheline kolimine<\/strong><\/p>\n<ul>\n<li> Ukselt uksele v\u00f5i lennujaama sihtkohas<\/li>\n<li> T\u00e4isteenus, \u00f5rnade esemete pakkimine v\u00f5i pakkimine iseendale<\/li>\n<li> Pakkimismaterjali v\u00f5ib pakkuda<\/li>\n<li> Lennu- v\u00f5i meretransport - <a href=\"https:\/\/moverdb.com\/et\/konteiner-laevandus\/\">rahvusvaheline konteinervedu<\/a><\/li>\n<li> V\u00e4ikeste koormate puhul liigne pagas<\/li>\n<li> Korraldatud kindlustus<\/li>\n<li> Terminali k\u00e4itlemine\/<a href=\"https:\/\/moverdb.com\/et\/top-49-container-ports\/\" data-internallinksmanager029f6b8e52c=\"80\" title=\"Top 49 suurimat ja tihedaima liiklusega konteinersadamat 2025. aastal\">sadam<\/a> tasud<\/li>\n<li> Tollivormistus<\/li>\n<li> Kohaletoimetamine ja lahtipakkimine<\/li>\n<li> Prahi eemaldamine<\/li>\n<li> Kaupmeeste teenused<\/li>\n<li> Teenindusteenus<\/li>\n<\/ul>\n<p><strong>Pakkimismaterjalid<\/strong><\/p>\n<ul>\n<li> Erinevate suuruste pakendikarbid<\/li>\n<li> Rippuvad garderoobikarbid<\/li>\n<li> Pakkimislint<\/li>\n<li> Pakkepaber<\/li>\n<li> Paberist tekid<\/li>\n<li> Kangast transiiditekid<\/li>\n<li> Madratsi kotid<\/li>\n<li> Arhiivikarbid<\/li>\n<li> Puidust kastid on saadaval eritellimusel - vajalik 7 p\u00e4eva ette teatada.<\/li>\n<\/ul>\n<p><strong>Euroopa liikumised<\/strong><\/p>\n<ul>\n<li> Lennu-, mere- v\u00f5i maantee\u00fchendus<\/li>\n<li> Spetsiaalne koormusteenus<\/li>\n<li> Osalised koormused saadaval<\/li>\n<li> Ukselt-uksele teenus on saadaval<\/li>\n<li> T\u00e4isteenus, \u00f5rnade esemete pakkimine v\u00f5i pakkimine iseendale<\/li>\n<li> Pakkimismaterjali v\u00f5ib pakkuda<\/li>\n<li> Korraldatud kindlustus<\/li>\n<li> Pakkimisteenus saadaval<\/li>\n<li> Prahi eemaldamine<\/li>\n<\/ul>\n<p><strong><a href=\"https:\/\/moverdb.com\/et\/moving-to-the-uk\/\" data-internallinksmanager029f6b8e52c=\"93\" title=\"Kolimine \u00dchendkuningriiki? 2022 Elamiskulud ja kolimisn\u00f5uanded\">UK<\/a> \u00dcmberpaigutused<\/strong><\/p>\n<ul>\n<li> Ukselt uksele<\/li>\n<li> Isiklikud kolimised<\/li>\n<li> Ettev\u00f5tte kolimine<\/li>\n<li> T\u00e4isteenus, \u00f5rnade esemete pakkimine v\u00f5i pakkimine iseendale<\/li>\n<li> Pakkimismaterjali v\u00f5ib pakkuda<\/li>\n<li> Korraldatud kindlustus<\/li>\n<li> Pakkimisteenus saadaval<\/li>\n<li> Prahi eemaldamine<\/li>\n<\/ul>\n<p><strong>Ettev\u00f5tte liikumised<\/strong><\/p>\n<ul>\n<li> Kontori \u00fcmberpaigutamine<\/li>\n<li> Ettev\u00f5tete kolimised kogu maailmas<\/li>\n<li> Eksklusiivne kodu kolimine kogu maailmas<\/li>\n<li> IT \u00fcmberpaigutamise lahendused<\/li>\n<li> Tehaste ja laboratooriumide kolimine<\/li>\n<li> Kontorim\u00f6\u00f6bli jaem\u00fc\u00fck<\/li>\n<\/ul>\n<p><strong>Ladustamine<\/strong><\/p>\n<ul>\n<li> Self-storage<\/li>\n<li> Kodumajapidamiste ladustamine<\/li>\n<li> Arhiivi ladustamine<\/li>\n<li> V\u00e4line salvestusruum<\/li>\n<li> 24\/7 CCTV<\/li>\n<\/ul>\n<h2>Simpsonid kolimine ja ladustamine<\/h2>\n<p>Simpsons Removals and Storage Ltd asutati 1979. aastal Barry Simpsoni poolt. T\u00e4nap\u00e4eval on see Kentis asuv kolimisfirma endiselt perefirma, mida juhivad Barry Simpsoni poeg ja t\u00fctar. <\/p>\n<p>Ettev\u00f5tte eesm\u00e4rk on pakkuda professionaalset ja t\u00f5husat teenust kohalikul v\u00f5i rahvusvahelisel tasandil kolivatele eraisikutele, ettev\u00f5tetele ja \u00e4riklientidele. <\/p>\n<p>Simpsonsil on 20 s\u00f5idukit, mis vastavad iga kolimise vajadustele. Neil on ka 100 000 ruutmeetrit laopinda ja veel 20 000 ruutmeetrit ruumi, mida saab kasutada konteinerite ladustamiseks. <\/p>\n<p>Ettev\u00f5ttel on n\u00fc\u00fcdseks 36-aastane kogemus kolimis\u00e4ri valdkonnas ja nad tunnevad end valmisolekut iga kolimise jaoks, olgu see siis v\u00e4ike v\u00f5i suur, k\u00f5ikjal maailmas.<\/p>\n<p>Simpsonsi kolimistel ja ladustamisel on j\u00e4rgmised akrediteeringud ja sidemed:<\/p>\n<ul>\n<li> <a href=\"https:\/\/moverdb.com\/et\/british-association-of-removers\/\">Briti kolijate \u00fchendus<\/a> (<a href=\"https:\/\/moverdb.com\/et\/british-association-of-removers\/\" data-internallinksmanager029f6b8e52c=\"9\" title=\"Briti kolijate assotsiatsioon (BAR) Selgitatud\">BAR<\/a>)<\/li>\n<li> <a href=\"https:\/\/moverdb.com\/et\/bar-overseas\/\">Briti kolijate \u00fchendus - Overseas Remover<\/a><\/li>\n<li> Briti kolijate \u00fchendus - Commercial Moving Group<\/li>\n<li> <a href=\"https:\/\/moverdb.com\/et\/olen\/\">Rahvusvaheline kolijate assotsiatsioon<\/a> - <a href=\"https:\/\/moverdb.com\/et\/iam\/\" data-internallinksmanager029f6b8e52c=\"23\" title=\"Rahvusvaheline kolijate assotsiatsioon (IAM) Selgitatud\">IAM<\/a><\/li>\n<li> <a href=\"https:\/\/moverdb.com\/et\/fedemac\/\">Euroopa Kolijate F\u00f6deratsioon<\/a> - <a href=\"https:\/\/moverdb.com\/et\/fedemac\/\" data-internallinksmanager029f6b8e52c=\"15\" title=\"Euroopa Kolijate F\u00f6deratsiooni (FEDEMAC) selgitused\">FEDEMAC<\/a><\/li>\n<li> Kvaliteeditagatud teenuse standard BS8564<\/li>\n<li> Kvaliteeditagatud teenuse standard BS8522 - kaubanduslik kolimine<\/li>\n<li> Kunsti- ja antiigikaupmeeste liit - LAPADA<\/li>\n<li> Movers Traders Club (<a href=\"https:\/\/moverdb.com\/et\/mtc\/\" data-internallinksmanager029f6b8e52c=\"30\" title=\"Movers Trading Club (MTC) Selgitused\">MTC<\/a>)<\/li>\n<\/ul>\n<h2>Simpsonid kolimised ja ladustamine Arvamused<\/h2>\n<p><strong>Positiivne:<\/strong><\/p>\n<ul>\n<li> <em>\"Tahtsin lihtsalt \u00f6elda, et olin v\u00e4ga rahul teenusega, mida Simpsons mulle eile oma aardeid kohale toimetades pakkus! Kogu minu asjade liikumine alates <a href=\"https:\/\/moverdb.com\/et\/moving-to-canada\/\" data-internallinksmanager029f6b8e52c=\"265\" title=\"Kanadasse kolimine? 2023 elamiskulud ja kolimisn\u00f5uanded\">Kanada<\/a> \u00dchendkuningriiki on olnud suurep\u00e4rane.\"<\/em> - Jane kaudu<a href=\"http:\/\/www.simpsons-uk.com\/testimonials\" target=\"_blank\" rel=\"noopener\"> Simpsonite iseloomustus<\/a><\/li>\n<li> <em>\"Olles kaotanud oma esialgse kolimisfirma teenindusaja, otsisime uue ettev\u00f5tte. Simpsonid olid k\u00f5ige t\u00e4helepanelikumad ja saatsid omaniku v\u00e4lja, et n\u00e4ha <a href=\"https:\/\/moverdb.com\/et\/moving-to-the-united-states\/\" data-internallinksmanager029f6b8e52c=\"94\" title=\"Kolimine Ameerika \u00dchendriikidesse? 2022 Elamiskulud ja kolimisn\u00f5uanded\">us<\/a> ja hinda t\u00f6\u00f6 \u00fcles.\"<\/em> - Dan kaudu <a href=\"http:\/\/www.removalreviews.co.uk\/movingreviews\/surprisingly-good-2361\" target=\"_blank\" rel=\"noopener\">Eemaldamine Arvamused<\/a><\/li>\n<li> <em>\"V\u00e4ga professionaalne ja v\u00e4ga s\u00f5bralik personal abivalmis.\"<\/em> - Eros kaudu <a href=\"https:\/\/www.reallymoving.com\/international-removals\/directory\/216\/simpsons-removals-limited\" target=\"_blank\" rel=\"noopener\">ReallyMoving.com<\/a><\/li>\n<li> <em>\"Olin kogu protsessiga v\u00e4ga rahul. T\u00f6\u00f6tajad olid s\u00f5bralikud ja abivalmid ning mind hoiti kogu aeg minu saadetise seisuga kursis.\"<\/em> - K Pryce kaudu <a href=\"http:\/\/www.reviewcentre.com\/Removal-Companies\/Simpsons-Removals-and-Storage-Ltd-www-simpsons-uk-com-review_2646331\" target=\"_blank\" rel=\"noopener\">L\u00e4bivaatamise keskus<\/a> <\/li>\n<\/ul>\n<p><strong>Negatiivne:<\/strong><\/p>\n<ul>\n<li> \"<em>\u00c4rge kunagi, ma kordan, \u00e4rge kunagi kasutage Simpsonite eemaldamist.\"<\/em> - Ruth kaudu <a href=\"http:\/\/www.removalreviews.co.uk\/movingreviews\/poor-delivery-men-and-customer-service-2658\" target=\"_blank\" rel=\"noopener\">Eemaldamine Arvamused<\/a> <\/li>\n<li> \"<em>Ettev\u00f5te ei suutnud kolimist teostada ja andis lepingu edasi teisele ettev\u00f5ttele.\"<\/em> - Mistral kaudu <a href=\"https:\/\/www.reallymoving.com\/international-removals\/directory\/216\/simpsons-removals-limited\" target=\"_blank\" rel=\"noopener\">ReallyMoving.com<\/a> <\/li>\n<li> <em>\"See ettev\u00f5te on h\u00e4biv\u00e4\u00e4rne.\"<\/em> - kaudu. <a href=\"http:\/\/www.reviewcentre.com\/Removal-Companies\/Simpsons-Removals-and-Storage-Ltd-www-simpsons-uk-com-review_4006517\" target=\"_blank\" rel=\"noopener\">L\u00e4bivaatamise keskus<\/a> <\/li>\n<\/ul>\n<div itemprop=\"review\" itemscope itemtype=\"http:\/\/schema.org\/Review\">\n<span itemprop=\"author\" itemscope=\"\" itemtype=\"http:\/\/schema.org\/Organization\"><span itemprop=\"name\">MoverDB.com<\/span><\/span> Veebilehe \u00fclevaatus veebisaidi jaoks <span itemprop=\"itemreviewed\" itemscope=\"\" itemtype=\"http:\/\/schema.org\/Brand\"><span itemprop=\"name\">Simpsonid kolimine ja ladustamine<\/span><\/span>:<\/p>\n<ol>\n<li> Selged kontaktandmed veebisaidil (sh telefoninumber): <strong>Jah<\/strong><\/li>\n<li> Lihtne saada <a href=\"https:\/\/moverdb.com\/et\/tsitaadid\/\">rahvusvaheliste kolimiste hinnapakkumised<\/a>? (veebip\u00f5hine hinnangu taotluse vorm): <strong>Jah<\/strong><\/li>\n<li> Selge teave veebilehel: <strong>Jah<\/strong>, kontaktandmed ja p\u00f5hilised juhendid, mis on esitatud Internetis.<\/li>\n<li> Liikmelisus rahvusvahelistes tunnustatud liikumisorganisatsioonides: <strong>Jah<\/strong>, vt eespool.<\/li>\n<li> Klientide ja\/v\u00f5i varasemate klientide soovitused: <strong>Jah<\/strong>, on olemas positiivsed klientide iseloomustused kohapeal.<\/li>\n<\/ol>\n<div itemprop=\"reviewRating\" itemscope itemtype=\"http:\/\/schema.org\/Rating\"><meta itemprop=\"worstRating\" content = \"0\" \/><meta itemprop=\"bestRating\" content=\"5\" \/><meta itemprop=\"ratingValue\" content=\"4.5\"><\/div>\n<p><strong>\u00dcldine hinne: 4.5\/5<\/strong><br \/>\n<strong>L\u00e4bivaatamise kuup\u00e4ev:<\/strong> <span itemprop=\"datePublished\" content=\"2016-08-29\">29\/08\/2016<\/span>\n<\/div>\n<p>Rohkem infot <a href=\"https:\/\/moverdb.com\/et\/rahvusvahelised-kolimised\/\">rahvusvahelised kolimised<\/a> ja meie <a href=\"https:\/\/moverdb.com\/et\/arvustused\/\">l\u00e4bivaatamisprotsess<\/a>.<\/p>\n<p><strong>Veebileht:<\/strong> <a href=\"http:\/\/www.simpsons-uk.com\/\" target=\"_blank\" rel=\"noopener\">http:\/\/www.simpsons-uk.com<\/a><\/p>","protected":false},"excerpt":{"rendered":"<p>Simpsons Removals and Storage Ltd is based in Kent and offers its customers a range of international removals services which are listed below. There also follows a company profile and reviews. International Removals Door to door or airport at destination Full service, fragile items or do-it-yourself packing Packing materials can be provided Air freight or [&hellip;]<\/p>\n","protected":false},"author":1,"featured_media":0,"parent":0,"menu_order":0,"comment_status":"closed","ping_status":"closed","template":"","meta":{"_genesis_hide_title":false,"_genesis_hide_breadcrumbs":false,"_genesis_hide_singular_image":false,"_genesis_hide_footer_widgets":false,"_genesis_custom_body_class":"","_genesis_custom_post_class":"","_genesis_layout":"","footnotes":""},"class_list":{"0":"post-921","1":"page","2":"type-page","3":"status-publish","5":"entry"},"_links":{"self":[{"href":"https:\/\/moverdb.com\/et\/wp-json\/wp\/v2\/pages\/921","targetHints":{"allow":["GET"]}}],"collection":[{"href":"https:\/\/moverdb.com\/et\/wp-json\/wp\/v2\/pages"}],"about":[{"href":"https:\/\/moverdb.com\/et\/wp-json\/wp\/v2\/types\/page"}],"author":[{"embeddable":true,"href":"https:\/\/moverdb.com\/et\/wp-json\/wp\/v2\/users\/1"}],"replies":[{"embeddable":true,"href":"https:\/\/moverdb.com\/et\/wp-json\/wp\/v2\/comments?post=921"}],"version-history":[{"count":5,"href":"https:\/\/moverdb.com\/et\/wp-json\/wp\/v2\/pages\/921\/revisions"}],"predecessor-version":[{"id":6238,"href":"https:\/\/moverdb.com\/et\/wp-json\/wp\/v2\/pages\/921\/revisions\/6238"}],"wp:attachment":[{"href":"https:\/\/moverdb.com\/et\/wp-json\/wp\/v2\/media?parent=921"}],"curies":[{"name":"wp","href":"https:\/\/api.w.org\/{rel}","templated":true}]}}