{"id":906,"date":"2018-01-30T05:37:29","date_gmt":"2018-01-30T05:37:29","guid":{"rendered":"http:\/\/moverdb.com\/?page_id=906"},"modified":"2026-01-08T14:48:24","modified_gmt":"2026-01-08T14:48:24","slug":"fox-moving","status":"publish","type":"page","link":"https:\/\/moverdb.com\/et\/fox-moving\/","title":{"rendered":"Fox Moving &amp; Storage: Fox Fox Fox: International Removals: International Removals Reviews"},"content":{"rendered":"<p>Fox Moving &amp; Storage asub Cwmbranis, Walesis. Allpool leiate nimekirja nende teenustest nii rahvusvaheliselt kui ka kohalikul tasandil koos ettev\u00f5tte profiili ja \u00fclevaatega.<\/p>\n<p><strong>Rahvusvaheline liikumine - ettev\u00f5tte ja \u00fcksikisiku liikumine<\/strong><\/p>\n<ul>\n<li> Isiklik <a href=\"https:\/\/moverdb.com\/et\/international-removals\/\" data-internallinksmanager029f6b8e52c=\"27\" title=\"36 Parimad rahvusvahelised kolimisfirmad \u00dchendkuningriigis\">rahvusvahelised kolimised<\/a> agent<\/li>\n<li> P\u00f5hjalik hinnapakkumine, kolimise ajakava ja ajakava<\/li>\n<li> Ekspertide pakkimismeeskond<\/li>\n<li> Pakub tolli- ja aktsiisidokumente<\/li>\n<li> Kohalikud agendid, kes aitavad sihtriigis.<\/li>\n<\/ul>\n<p><strong>Euroopasse kolimine - ettev\u00f5tte ja \u00fcksikisik<\/strong><\/p>\n<ul>\n<li> Isiklik Euroopa kolimiste meeskond<\/li>\n<li> P\u00f5hjalik hinnapakkumine ja kolimise ajakava<\/li>\n<li> Ekspertide pakkimismeeskond<\/li>\n<li> V\u00e4ikesed koormused on lubatud <\/li>\n<li> Tarned Mandri-Euroopasse maanteel<\/li>\n<li> Tarned avameresaartele praami v\u00f5i merekonteineriga<\/li>\n<li> Tarned Ida-Euroopasse merekonteinerite ja\/v\u00f5i maanteedega<\/li>\n<li> Vajaduse korral impordi- ja tolliteave<\/li>\n<\/ul>\n<p><strong>Rahvusvahelised ja kohalikud \u00e4ri- ja kontori kolimise spetsialistid<\/strong><\/p>\n<ul>\n<li> Vanem kaubanduslik esindaja on m\u00e4\u00e4ratud<\/li>\n<li> \u00dcksikasjalik hinnapakkumine ja t\u00f6\u00f6de ajakava<\/li>\n<li> Spetsiaalselt projekteeritud kastid paberimajanduse ja v\u00e4ikeste esemete \u00e4raviimiseks<\/li>\n<li> T\u00e4ielik kastide (suletud ja kaanega), pakkematerjalide, k\u00e4rude, kaitsekatete ja k\u00e4rude valik.<\/li>\n<li> T\u00e4ielikult kaitstud IT-seadmed<\/li>\n<li> IT-t\u00f6\u00f6tajad, kes on valmis arvutite lahtiv\u00f5tmiseks ja kokkupanekuks.<\/li>\n<li> Arhiivi ja dokumendihoidla<\/li>\n<li> T\u00f6\u00f6laudade, t\u00f6\u00f6jaamade ja riiulite demonteerimine ja uuesti paigaldamine<\/li>\n<li> T\u00e4ielik \u00fclemaailmne ja Euroopa veoteenus ning IT- ja sideteenused.<\/li>\n<\/ul>\n<p><strong>Liigutamine jooksul <a href=\"https:\/\/moverdb.com\/et\/moving-to-the-uk\/\" data-internallinksmanager029f6b8e52c=\"93\" title=\"Kolimine \u00dchendkuningriiki? 2022 Elamiskulud ja kolimisn\u00f5uanded\">UK<\/a><\/strong><\/p>\n<ul>\n<li> M\u00e4\u00e4ratud isiklik \u00dchendkuningriigi kolimisagent<\/li>\n<li> Esitatud \u00fcksikasjalik kirjalik hinnapakkumine<\/li>\n<li> Teenus ukselt uksele<\/li>\n<li> Ekspert pakendajad<\/li>\n<li> Pakkimismaterjali v\u00f5ib pakkuda<\/li>\n<li> Korraldatud kindlustus<\/li>\n<li> Ladustamine korraldatud<\/li>\n<\/ul>\n<p><strong>Ladustamislahendused<\/strong><\/p>\n<ul>\n<li> \u00c4ri-, \u00e4ri- ja eraomanduses olevad isekorterid<\/li>\n<li> Konteinerite ladustamine<\/li>\n<li> \u00d5pilaste ladustamine<\/li>\n<li> Ettev\u00f5tte ladustamine<\/li>\n<li> Arhiivi ladustamine<\/li>\n<li> 24-tunnine videovalve<\/li>\n<li> Juurdep\u00e4\u00e4s t\u00f6\u00f6ajal<\/li>\n<\/ul>\n<p>Nad on ka <a href=\"https:\/\/moverdb.com\/et\/atlas-van-lines-international\/\" rel=\"noopener\" target=\"_blank\">Atlas Van Lines<\/a> agent \u00dchendkuningriigis.<\/p>\n<h2>Fox kolimine ja ladustamine<\/h2>\n<p>Fox Moving &amp; Storage'i asutas Roy Fox 1971. aastal. Tema perekond oli olnud kolimis- ja ladustamisalal alates 1920. aastatest. Alates asutamisest on ettev\u00f5te kasvanud v\u00e4ikesest L\u00f5una-Walesit teenindavast pereettev\u00f5ttest ettev\u00f5tteks, mis n\u00fc\u00fcdseks rahuldab rahvusvaheliste ja kohalike \u00e4ri- ja eraklientide vajadusi. Praegu juhivad ettev\u00f5tet Roy Foxi poeg ja kaks pojapoega. <\/p>\n<p>Fox Moving &amp; Storage kohustub tegutsema viisil, mis n\u00e4itab t\u00e4ielikku austust keskkonna, t\u00f6\u00f6tajate ja eelk\u00f5ige klientide suhtes. Samuti lubavad nad pakkuda turvalist ja t\u00f5husat t\u00f6\u00f6keskkonda, mis ei ole kasulik mitte ainult nende t\u00f6\u00f6tajatele, vaid ka nende klientidele.<\/p>\n<p>Fox Moving'i sidemed ja akrediteeringud:<\/p>\n<ul>\n<li> <a href=\"https:\/\/moverdb.com\/et\/british-association-of-removers\/\">Briti kolijate \u00fchendus<\/a> (<a href=\"https:\/\/moverdb.com\/et\/british-association-of-removers\/\" data-internallinksmanager029f6b8e52c=\"9\" title=\"Briti kolijate assotsiatsioon (BAR) Selgitatud\">BAR<\/a>)<\/li>\n<li> Kauplemisstandardite Instituut (KTK)<\/li>\n<li> <a href=\"https:\/\/moverdb.com\/et\/bar-overseas\/\">Briti kolijate assotsiatsioon Overseas Group<\/a><\/li>\n<li> <a href=\"https:\/\/moverdb.com\/et\/fidi-faim\/\">F\u00e9d\u00e9ration Internationale des D\u00e9m\u00e9nageurs Internationaux (Rahvusvaheline D\u00e9mena\u017e\u00f6\u00f6ride F\u00f6deratsioon)<\/a> (<a href=\"https:\/\/moverdb.com\/et\/fidi-faim\/\" data-internallinksmanager029f6b8e52c=\"16\" title=\"FIDI &amp; FAIM (FIDI akrediteeritud rahvusvaheline kolija) selgitatud\">FIDI<\/a>)<\/li>\n<li> <a href=\"https:\/\/moverdb.com\/et\/fidi-faim\/\">FIDI akrediteeritud rahvusvaheline kolija<\/a> (FAIM)<\/li>\n<li> Kvaliteeditagatud teenuse standard - \u00e4riline kolimine<\/li>\n<li> Quality Assured Service Standard - Kvaliteedijuhtimiss\u00fcsteemid<\/li>\n<li> Kvaliteeditagatud teenuse standard - keskkonnajuhtimiss\u00fcsteemid<\/li>\n<\/ul>\n<h2>Fox Moving &amp; Storage Arvamused<\/h2>\n<p><strong>Positiivne<\/strong><\/p>\n<ul>\n<li> <em>\"S\u00f5bralik ja t\u00f5hus kolimismeeskond.\"<\/em> - Hr Hamer kaudu <a href=\"http:\/\/www.fox-moving.com\/reviews\/\" target=\"_blank\" rel=\"noopener\">Fox Moving \u00fclevaateid lehek\u00fclg<\/a><\/li>\n<li> <em>\"Suurep\u00e4rane, professionaalne ja viisakas teenindus. Ei mingeid kaebusi; k\u00f5ik sujus t\u00f5husa kava kohaselt. Foxes ei ole \"k\u00f5ige odavam\"; aga sa saad selle, mille eest maksad - kvaliteedi !\"<\/em> - Patricia kaudu <a href=\"http:\/\/ww2.feefo.com\/en-us\/reviews\/fox-moving\/571f3e07498e08d16aafb163\/customer-review-top-notch-service\" target=\"_blank\" rel=\"noopener\">Feefo<\/a><\/li>\n<li> <em>\"Teenus, mida ma Foxilt sain, oli v\u00f5rratu - alates minu esialgsest p\u00e4ringust kuni l\u00f5petamiseni. Samuti pean \u00fctlema erilise t\u00e4nu minu kolijatele p\u00e4eval.\"<\/em> - Beverley kaudu <a href=\"http:\/\/trustedtraders.which.co.uk\/businesses\/fox-moving-storage-cwmbran\/\" target=\"_blank\" rel=\"noopener\">Usaldusv\u00e4\u00e4rsed kauplejad<\/a><\/li>\n<li> <em>\"Me oleme sama mitme aasta jooksul 6 korda riiki vahetanud. Meie viimane kolimine oli Viinist <a href=\"https:\/\/moverdb.com\/et\/moving-to-london\/\">London<\/a> ja see oli parim kolimine, mida me kunagi kogenud oleme, ning me ei saa Foxi piisavalt t\u00e4nada.\"<\/em> - Sarah Facebooki kaudu.<\/li>\n<\/ul>\n<p><strong>Negatiivne<\/strong><\/p>\n<ul>\n<li> <em>\"Minu naine ja mina olime \u0161okeeritud sellest, kui halb oli meie teenindus. Meeskond k\u00e4itus meie asjadega hooletult, ei teinud midagi, et kaitsta end k\u00f5nealustel p\u00e4evadel kohutava ilma eest.\"<\/em> - Anthony kaudu  <a href=\"http:\/\/ww2.feefo.com\/en-us\/reviews\/fox-moving\/571f3e07498e08d16aafb1a9\/customer-review-a-shockingly-bad-service\" target=\"_blank\" rel=\"noopener\">Feefo<\/a><\/li>\n<li> <em>\"Palju kahju, mida kolijad on kaupadele tekitanud. Ei ole palju hoolt kantud. Esemed j\u00e4id k\u00f5ikjale, sealhulgas ka v\u00e4ljapoole j\u00e4etud esemed\"<\/em> - Paul kaudu <a href=\"http:\/\/trustedtraders.which.co.uk\/businesses\/fox-moving-storage-cwmbran\/\" target=\"_blank\" rel=\"noopener\">Usaldusv\u00e4\u00e4rsed kauplejad<\/a><\/li>\n<li> <em>\"\u0160okeeriv ettev\u00f5te. Kolijad vaidlesid terve p\u00e4eva, t\u00fclitsesid ja vandusid \u00fcksteise peale, muutes kogu niigi stressirohke kolimise \u00f5udusunen\u00e4oks.\"<\/em> - Mike kaudu <a href=\"https:\/\/www.yell.com\/biz\/fox-moving-and-storage-ltd-cwmbran-6113370\/\" target=\"_blank\" rel=\"noopener\">Yell<\/a><\/li>\n<\/ul>\n<div itemprop=\"review\" itemscope itemtype=\"http:\/\/schema.org\/Review\">\n<span itemprop=\"author\" itemscope=\"\" itemtype=\"http:\/\/schema.org\/Organization\"><span itemprop=\"name\">MoverDB.com<\/span><\/span> Veebilehe \u00fclevaatus veebisaidi jaoks <span itemprop=\"itemreviewed\" itemscope=\"\" itemtype=\"http:\/\/schema.org\/Brand\"><span itemprop=\"name\">Fox kolimine ja ladustamine<\/span><\/span>:<\/p>\n<ol>\n<li> Selged kontaktandmed veebisaidil (sh telefoninumber): <strong>Jah<\/strong><\/li>\n<li> Lihtne saada <a href=\"https:\/\/moverdb.com\/et\/tsitaadid\/\">rahvusvaheliste kolimiste hinnapakkumised<\/a>? (veebip\u00f5hine hinnangu taotluse vorm): <strong>Jah<\/strong><\/li>\n<li> Selge teave veebilehel: <strong>Jah<\/strong>, Veebisait on t\u00e4is kasulikku teavet ja sellel on informatiivne blogi.<\/li>\n<li> Liikmelisus rahvusvahelistes tunnustatud liikumisorganisatsioonides: <strong>Jah<\/strong>, vt eespool<\/li>\n<li> Klientide ja\/v\u00f5i varasemate klientide soovitused: <strong>Jah<\/strong>, Seal on lehek\u00fclg, mis on p\u00fchendatud klientide iseloomustused kohapeal ja \u00fclevaateid kogu veebist on \u00fcldiselt v\u00e4ga positiivne ainult m\u00f5ned negatiivsed kommentaarid.<\/li>\n<\/ol>\n<div itemprop=\"reviewRating\" itemscope itemtype=\"http:\/\/schema.org\/Rating\"><meta itemprop=\"worstRating\" content = \"0\" \/><meta itemprop=\"bestRating\" content=\"5\" \/><meta itemprop=\"ratingValue\" content=\"5\"><\/div>\n<p><strong>\u00dcldine hinne: 5\/5<\/strong><br \/>\n<strong>L\u00e4bivaatamise kuup\u00e4ev:<\/strong> <span itemprop=\"datePublished\" content=\"2018-01-30\">30\/01\/18<\/span>\n<\/div>\n<p>Loe l\u00e4hemalt <a href=\"https:\/\/moverdb.com\/et\/rahvusvahelised-kolimised\/\">rahvusvahelised kolimised<\/a> ja meie <a href=\"https:\/\/moverdb.com\/et\/arvustused\/\">l\u00e4bivaatamisprotsess<\/a>.<\/p>\n<p><strong>Veebileht:<\/strong> <a href=\"http:\/\/www.fox-moving.com\/\" target=\"_blank\" rel=\"noopener\">http:\/\/www.fox-moving.com\/<\/a><\/p>","protected":false},"excerpt":{"rendered":"<p>Fox Moving &#038; Storage is based in Cwmbran, Wales. Below you will find a list of their services both internationally and locally, together with a company profile and reviews. Moving Internationally &#8211; Corporate and Individual Personal international removals agent Comprehensive quotation, moving schedule and timescale Expert packing team Provides customs and excise documentation Local agents [&hellip;]<\/p>\n","protected":false},"author":1,"featured_media":0,"parent":0,"menu_order":0,"comment_status":"closed","ping_status":"closed","template":"","meta":{"_genesis_hide_title":false,"_genesis_hide_breadcrumbs":false,"_genesis_hide_singular_image":false,"_genesis_hide_footer_widgets":false,"_genesis_custom_body_class":"","_genesis_custom_post_class":"","_genesis_layout":"","footnotes":""},"class_list":{"0":"post-906","1":"page","2":"type-page","3":"status-publish","5":"entry"},"_links":{"self":[{"href":"https:\/\/moverdb.com\/et\/wp-json\/wp\/v2\/pages\/906","targetHints":{"allow":["GET"]}}],"collection":[{"href":"https:\/\/moverdb.com\/et\/wp-json\/wp\/v2\/pages"}],"about":[{"href":"https:\/\/moverdb.com\/et\/wp-json\/wp\/v2\/types\/page"}],"author":[{"embeddable":true,"href":"https:\/\/moverdb.com\/et\/wp-json\/wp\/v2\/users\/1"}],"replies":[{"embeddable":true,"href":"https:\/\/moverdb.com\/et\/wp-json\/wp\/v2\/comments?post=906"}],"version-history":[{"count":9,"href":"https:\/\/moverdb.com\/et\/wp-json\/wp\/v2\/pages\/906\/revisions"}],"predecessor-version":[{"id":6211,"href":"https:\/\/moverdb.com\/et\/wp-json\/wp\/v2\/pages\/906\/revisions\/6211"}],"wp:attachment":[{"href":"https:\/\/moverdb.com\/et\/wp-json\/wp\/v2\/media?parent=906"}],"curies":[{"name":"wp","href":"https:\/\/api.w.org\/{rel}","templated":true}]}}