{"id":895,"date":"2016-10-11T05:16:54","date_gmt":"2016-10-11T05:16:54","guid":{"rendered":"http:\/\/moverdb.com\/?page_id=895"},"modified":"2026-01-08T14:48:03","modified_gmt":"2026-01-08T14:48:03","slug":"konstantini-liikuv","status":"publish","type":"page","link":"https:\/\/moverdb.com\/et\/constantine-moving\/","title":{"rendered":"Constantine Moving: International Removals Reviews"},"content":{"rendered":"<p>Constantine Moving'i teenused on loetletud allpool, millele j\u00e4rgneb ettev\u00f5tte profiil ja arvustused.<\/p>\n<p><strong>Rahvusvaheline kolimine koju<\/strong><\/p>\n<ul>\n<li> Kolimiseelne kohtumine<\/li>\n<li> Tasuta hinnapakkumine, kolimisplaan ja ajakava<\/li>\n<li> V\u00e4ga kogenud ja professionaalselt koolitatud pakkimismeeskond<\/li>\n<li> Ladustamine saadaval<\/li>\n<li> Meretransport<\/li>\n<li> \u00d5hutransport<\/li>\n<li> Maanteetransport<\/li>\n<li> Tollivormistus<\/li>\n<li> Kohaletoimetamine uude koju<\/li>\n<li> M\u00f6\u00f6bli lahtipakkimine ja kokkupanek<\/li>\n<li> Kogu pakendi eemaldamine ringlussev\u00f5tuks<\/li>\n<\/ul>\n<p><strong>Fine Art Moving<\/strong><\/p>\n<ul>\n<li> Disaini- ja riidekohvrid mis tahes suurusega objektile<\/li>\n<li> Spetsiaalne projektikoordinaator<\/li>\n<li> Spetsiaalsed pakkematerjalid<\/li>\n<li> Professionaalselt koolitatud, suurte kogemustega pakkimistehnikud<\/li>\n<li> Maantee-, \u00f5hu- v\u00f5i meretransport<\/li>\n<li> Paigaldage k\u00f5ike, alates v\u00e4ikestest, \u00f5rnadest esemetest kuni suurte muuseumiesemeteni.<\/li>\n<li> Tehnikud kannavad k\u00e4sitsemisvahendeid, nagu tellingud, redelid jne.<\/li>\n<li> Hoiustamine 24-tunnise valvega niiskuskontrollitud keskkonnas.<\/li>\n<li> Muuseumi dekanteerimine<\/li>\n<li> Galerii installatsioonid<\/li>\n<li> Kogu kollektsiooni \u00fcmberpaigutamine<\/li>\n<\/ul>\n<p><strong>Ladustamine<\/strong><\/p>\n<ul>\n<li> Laiaulatuslikud turvameetmetega kaitstud ladustamisrajatised<\/li>\n<li> Niiskuskontrollitud keskkond, et kaitsta s\u00e4ilitatavaid aardeid<\/li>\n<\/ul>\n<p><strong>Abiteenused<\/strong><\/p>\n<ul>\n<li> <a href=\"https:\/\/moverdb.com\/et\/car-transport-shipping\/\" data-internallinksmanager029f6b8e52c=\"2\" title=\"2026 Rahvusvaheline autoveo ja s\u00f5idukite veo hinnapakkumised\">Autolaevandus<\/a> &amp; ladustamine<\/li>\n<li> Lemmikloomade transport<\/li>\n<li> K\u00e4sit\u00f6\u00f6line (erim\u00f6\u00f6bli, seadmete jne. demonteerimine ja kokkupanek).<\/li>\n<li> Pildi riputamine\/kunstiteoste paigaldamine<\/li>\n<li> Spetsiaalsed pakendid (habras v\u00f5i k\u00f5rge v\u00e4\u00e4rtusega esemete puhul)<\/li>\n<li> Maja puhastamine<\/li>\n<li> Koristaja teenus (pesemine, mahapanemine <a href=\"https:\/\/moverdb.com\/et\/moving-to-china\/\" data-internallinksmanager029f6b8e52c=\"357\" title=\"Kolimine Hiinasse? 2023 elamiskulud ja kolimisn\u00f5uanded\">Hiina<\/a>, klaastarbed, riided jne.)<\/li>\n<li> Elektrik v\u00f5i torumees<\/li>\n<li> Kaabel-TV antenni lahti\u00fchendamine ja uuesti paigaldamine<\/li>\n<li> Spetsialistide \"ohutu\" eemaldamine<\/li>\n<li> Akna- ja ukseraamide eemaldamine ja uuesti paigaldamine<\/li>\n<li> V\u00e4ljas asuv lift (spetsiaalne t\u00f5stuk), et p\u00e4\u00e4seda eluasemele \u00fclemiste korruste kaudu.<\/li>\n<li> M\u00f6\u00f6bli rentimine<\/li>\n<li> M\u00f6\u00f6bli restaureerimine ja remont<\/li>\n<\/ul>\n<h2>Constantine kolimisfirma profiil<\/h2>\n<p>Constantine'i kontsern sai alguse 19. sajandi keskel, kui Joseph Constantine ja teised pereliikmed ostsid sisse purjelaevu omava ettev\u00f5tte. Selleks ajaks, kui aurupurjekad j\u00f5udsid purjede ette, oli Constantine'i kontsern laienenud niiv\u00f5rd, et see oli \u00fcks suurimaid laevaomanikke maailmas. <a href=\"https:\/\/moverdb.com\/et\/moving-to-the-uk\/\" data-internallinksmanager029f6b8e52c=\"93\" title=\"Kolimine \u00dchendkuningriiki? 2022 Elamiskulud ja kolimisn\u00f5uanded\">UK<\/a>.<\/p>\n<p>Esimene ja teine maailmas\u00f5da v\u00f5tsid kahjuks nende laevad, nii et r\u00fchm p\u00f6\u00f6rdus reisimise poole, <a href=\"https:\/\/moverdb.com\/et\/ekspediitor\/\">ekspedeerimine<\/a> ja kinnisvarainvesteeringud. T\u00e4na keskendub Constantine Moving inimeste ja kunsti \u00fcmberpaigutamisele \u00fcle kogu maailma. Neil on uhkusega kuningliku ametisse nimetamise volitus, millega tunnustatakse nende teenuseid kuninganna Elizabeth II-le.<\/p>\n<p>Constantine Moving kuuluvused ja akrediteeringud:<\/p>\n<ul>\n<li> <a href=\"https:\/\/moverdb.com\/et\/british-association-of-removers\/\">Briti kolijate \u00fchendus<\/a> (<a href=\"https:\/\/moverdb.com\/et\/british-association-of-removers\/\" data-internallinksmanager029f6b8e52c=\"9\" title=\"Briti kolijate assotsiatsioon (BAR) Selgitatud\">BAR<\/a>)<\/li>\n<li> <a href=\"https:\/\/moverdb.com\/et\/fidi-faim\/\">FIDI<\/a><\/li>\n<li> <a href=\"https:\/\/moverdb.com\/et\/fidi-faim\/\">FAIM<\/a><\/li>\n<li> Kauplemisstandardite Instituut (KTK)<\/li>\n<li> <a href=\"https:\/\/moverdb.com\/et\/olen\/\">Rahvusvaheline kolijate assotsiatsioon<\/a> (<a href=\"https:\/\/moverdb.com\/et\/iam\/\" data-internallinksmanager029f6b8e52c=\"23\" title=\"Rahvusvaheline kolijate assotsiatsioon (IAM) Selgitatud\">IAM<\/a>)<\/li>\n<li> Kunstivedajate rahvusvaheline kohtumine (ARTIM)<\/li>\n<li> Tema Majesteedi kuninganna m\u00e4\u00e4ramisel<\/li>\n<\/ul>\n<h2>Constantine Moving Arvamused<\/h2>\n<p><em>Hetkel ei ole positiivseid ega negatiivseid kommentaare aadressil Constantine Moving online.<\/em><\/p>\n<div itemprop=\"review\" itemscope itemtype=\"http:\/\/schema.org\/Review\">\n<span itemprop=\"author\" itemscope=\"\" itemtype=\"http:\/\/schema.org\/Organization\"><span itemprop=\"name\">MoverDB.com<\/span><\/span> Veebilehe \u00fclevaatus veebisaidi jaoks <span itemprop=\"itemreviewed\" itemscope=\"\" itemtype=\"http:\/\/schema.org\/Brand\"><span itemprop=\"name\">Konstantinoopoli kolimine<\/span><\/span>:<\/p>\n<ol>\n<li> Selged kontaktandmed veebisaidil (sh telefoninumber): <strong>Jah<\/strong><\/li>\n<li> Lihtne saada <a href=\"https:\/\/moverdb.com\/et\/tsitaadid\/\">rahvusvaheliste kolimiste hinnapakkumised<\/a>? (veebip\u00f5hine hinnangu taotluse vorm): <strong>Ei<\/strong><\/li>\n<li> Selge teave veebilehel: <strong>M\u00f5ned,<\/strong> Veebisait ei sisalda palju \u00fcksikasjalikku teavet. See on esitatud planeerimisetapis.<\/li>\n<li> Liikmelisus rahvusvahelistes tunnustatud liikumisorganisatsioonides: <strong>Jah<\/strong>, vt eespool.<\/li>\n<li> Klientide ja\/v\u00f5i varasemate klientide soovitused: <strong>Ei<\/strong>, kuigi kuninganna Elizabeth II ja kuninglik perekond kuuluvad nende klientide hulka.<\/li>\n<\/ol>\n<div itemprop=\"reviewRating\" itemscope itemtype=\"http:\/\/schema.org\/Rating\"><meta itemprop=\"worstRating\" content = \"0\" \/><meta itemprop=\"bestRating\" content=\"5\" \/><meta itemprop=\"ratingValue\" content=\"4\"><\/div>\n<p><strong>\u00dcldine hinne: 4\/5<\/strong><br \/>\n<strong>L\u00e4bivaatamise kuup\u00e4ev:<\/strong> <span itemprop=\"datePublished\" content=\"2016-10-11\">11\/10\/16<\/span>\n<\/div>\n<p>Reaad rohkem infot <a href=\"https:\/\/moverdb.com\/et\/rahvusvahelised-kolimised\/\">rahvusvahelised kolimisfirmad<\/a> ja meie <a href=\"https:\/\/moverdb.com\/et\/arvustused\/\">l\u00e4bivaatamisprotsess<\/a>.<\/p>\n<p><strong>Veebileht:<\/strong> <a href=\"http:\/\/www.constantinemoving.com\/\" target=\"_blank\" rel=\"noopener\">http:\/\/www.constantinemoving.com\/<\/a><\/p>","protected":false},"excerpt":{"rendered":"<p>The services of Constantine Moving are listed below, following by a company profile and reviews. International Home Moving Pre-move appointment Free quote, move plan and timetable Highly experienced professionally trained packing crew Storage available Sea shipment Air shipment Road transportation Customs clearance Delivery to new home Unpacking and reassembling of furniture Removal of all packing [&hellip;]<\/p>\n","protected":false},"author":1,"featured_media":0,"parent":0,"menu_order":0,"comment_status":"closed","ping_status":"closed","template":"","meta":{"_genesis_hide_title":false,"_genesis_hide_breadcrumbs":false,"_genesis_hide_singular_image":false,"_genesis_hide_footer_widgets":false,"_genesis_custom_body_class":"","_genesis_custom_post_class":"","_genesis_layout":"","footnotes":""},"class_list":{"0":"post-895","1":"page","2":"type-page","3":"status-publish","5":"entry"},"_links":{"self":[{"href":"https:\/\/moverdb.com\/et\/wp-json\/wp\/v2\/pages\/895","targetHints":{"allow":["GET"]}}],"collection":[{"href":"https:\/\/moverdb.com\/et\/wp-json\/wp\/v2\/pages"}],"about":[{"href":"https:\/\/moverdb.com\/et\/wp-json\/wp\/v2\/types\/page"}],"author":[{"embeddable":true,"href":"https:\/\/moverdb.com\/et\/wp-json\/wp\/v2\/users\/1"}],"replies":[{"embeddable":true,"href":"https:\/\/moverdb.com\/et\/wp-json\/wp\/v2\/comments?post=895"}],"version-history":[{"count":3,"href":"https:\/\/moverdb.com\/et\/wp-json\/wp\/v2\/pages\/895\/revisions"}],"predecessor-version":[{"id":6195,"href":"https:\/\/moverdb.com\/et\/wp-json\/wp\/v2\/pages\/895\/revisions\/6195"}],"wp:attachment":[{"href":"https:\/\/moverdb.com\/et\/wp-json\/wp\/v2\/media?parent=895"}],"curies":[{"name":"wp","href":"https:\/\/api.w.org\/{rel}","templated":true}]}}