{"id":893,"date":"2016-09-28T05:29:53","date_gmt":"2016-09-28T05:29:53","guid":{"rendered":"http:\/\/moverdb.com\/?page_id=893"},"modified":"2026-01-08T14:40:01","modified_gmt":"2026-01-08T14:40:01","slug":"john-mason","status":"publish","type":"page","link":"https:\/\/moverdb.com\/et\/john-mason\/","title":{"rendered":"John Mason International Movers: Mason Mason Mason: Removals Reviews: Removals Reviews"},"content":{"rendered":"<p>John Mason International Movers pakub klientidele erinevaid kolimisteenuseid, mis on loetletud allpool. Samuti j\u00e4rgneb ettev\u00f5tte profiil ja \u00fclevaated.<\/p>\n<p><strong><a href=\"https:\/\/moverdb.com\/et\/container-shipping\/\" data-internallinksmanager029f6b8e52c=\"3\" title=\"Rahvusvaheliste konteinerite veohindade graafik: aprill 2026\">Rahvusvaheline laevandus<\/a> Teenused - Siia ja sealt <a href=\"https:\/\/moverdb.com\/et\/moving-to-the-uk\/\" data-internallinksmanager029f6b8e52c=\"93\" title=\"Kolimine \u00dchendkuningriiki? 2022 Elamiskulud ja kolimisn\u00f5uanded\">UK<\/a><\/strong><\/p>\n<ul>\n<li> Teenus ukselt uksele<\/li>\n<li> Spetsiaalne kolimisjuht<\/li>\n<li> Professionaalne ekspordipakendamine kodus<\/li>\n<li> Lennu- v\u00f5i meretransport<\/li>\n<li> <a href=\"https:\/\/moverdb.com\/et\/konteiner-laevandus\/\">T\u00e4ielik konteineri koormus v\u00f5i jagatud konteiner<\/a><\/li>\n<li> \u00dcksikute esemete pagasiteenus<\/li>\n<li> Professionaalsete esindajate v\u00f5rgustik kogu maailmas<\/li>\n<li> Tollivormistus<\/li>\n<li> Kohaletoimetamine ja lahtipakkimine uues kodus<\/li>\n<li> Ladustamine l\u00e4hte- ja sihtkohas<\/li>\n<li> K\u00f5ikide riskide merekindlustus<\/li>\n<li> Koristaja ja abit\u00f6\u00f6taja teenused<\/li>\n<\/ul>\n<p><strong>Rahvusvahelised \u00fcmberpaigutamisteenused<\/strong><\/p>\n<ul>\n<li> Abi kodu m\u00fc\u00fcmisel<\/li>\n<li> V\u00e4ljumisteenus - lahtiste asjade klaarimine, nt v\u00e4iksemad remondit\u00f6\u00f6d ja koristamine.<\/li>\n<li> Liikumise juhtimine<\/li>\n<li> Orienteerumisreisid - sealhulgas kinnisvara ja koolide vaatamine<\/li>\n<li> Kultuuri- ja keelekoolitus<\/li>\n<li> Sisseseadmine - pangakontode avamine, arsti ja hambaarsti registreerimine ning hulgaliselt muid \u00fclesandeid, mis muudavad elu lihtsaks.<\/li>\n<li> Lemmikloomade \u00fcmberpaigutamine<\/li>\n<\/ul>\n<p><strong>Euroopa laevandus ja kolimine<\/strong><\/p>\n<ul>\n<li> Spetsiaalselt ehitatud Euroopa s\u00f5idukipark<\/li>\n<li> Spetsiaalsed kolimisjuhid<\/li>\n<li> Teenus ukselt uksele<\/li>\n<li> Eraldi teenus - s\u00f5iduk sisaldab \u00fche isiku\/ettev\u00f5tte kaupa.<\/li>\n<li> Osakoormuse teenus<\/li>\n<li> Pakkimise v\u00f5imalused - omanik pakib, valitud esemed professionaalselt pakitud, t\u00e4ielik professionaalne pakkimine<\/li>\n<li> Tolli- ja aktsiisitoetus, kui see on kohaldatav<\/li>\n<li> Ladustamine <\/li>\n<li> Kindlustus<\/li>\n<li> \u00d5huvedu saab korraldada<\/li>\n<\/ul>\n<p><strong>Kaubanduse laevanduse teenused<\/strong><\/p>\n<ul>\n<li> Lennutransport<\/li>\n<li> FCL<\/li>\n<li> LCL<\/li>\n<li> Groupage<\/li>\n<li> Euroopa maanteetranspordi teenused<\/li>\n<\/ul>\n<p><strong>Ladustamisteenused<\/strong><\/p>\n<ul>\n<li> Arhiivi ladustamine<\/li>\n<li> Paadi ladustamine<\/li>\n<li> Haagissuvilate ladustamine<\/li>\n<li> Kaubanduslik ladustamine<\/li>\n<li> Kodumajapidamiste ladustamine<\/li>\n<li> Mootorratta ladustamine<\/li>\n<li> Self-storage<\/li>\n<li> \u00d5pilaste ladustamine<\/li>\n<li> S\u00f5iduki ladustamine<\/li>\n<\/ul>\n<h2>John Mason International Movers Ettev\u00f5tte profiil<\/h2>\n<p>John Mason International Moversi alustas Mary Mason 1884. aastal. Tema poeg John Mason liitus temaga 1887. aastal, kui nende p\u00f5hitegevus oli s\u00f6e vedu. John Mason v\u00f5ttis \u00e4ri oma emalt \u00fcle 1890. aastal ja alustas \u00fcldist vedu ja <a href=\"https:\/\/moverdb.com\/et\/moving-companies\/\" data-internallinksmanager029f6b8e52c=\"79\" title=\"Top 25 rahvusvahelist kolimisfirmat Internetis\">kolimisfirma<\/a>. Ettev\u00f5te j\u00e4tkas laienemist ja \u00f5itsengut ning 1955. aastal alustati igap\u00e4evase kolimisteenuse osutamist <a href=\"https:\/\/moverdb.com\/et\/moving-to-ireland\/\" data-internallinksmanager029f6b8e52c=\"320\" title=\"Kolimine Iirimaale? 2023 elamiskulud ja kolimisn\u00f5uanded\">Iirimaa<\/a>. <\/p>\n<p>John Mason on j\u00e4tkuvalt kasvanud ja teeb n\u00fc\u00fcd igal aastal keskmiselt 8000 kolimist \u00fcle kogu maailma. Selle pereettev\u00f5tte aluseks on rahvusvahelised kolimised, ettev\u00f5tete ja \u00e4ritegevuse kolimised ning kodumajapidamiste kolimised ja ladustamine. Nende visiooniks on t\u00e4iesti paindlik kolimisteenus, mille puhul on r\u00f5huasetus perekondlikel v\u00e4\u00e4rtustel ja aususel.<\/p>\n<p>John Masoni sidemed ja akrediteeringud:<\/p>\n<ul>\n<li> <a href=\"https:\/\/moverdb.com\/et\/british-association-of-removers\/\">Briti kolijate \u00fchendus<\/a> (<a href=\"https:\/\/moverdb.com\/et\/british-association-of-removers\/\" data-internallinksmanager029f6b8e52c=\"9\" title=\"Briti kolijate assotsiatsioon (BAR) Selgitatud\">BAR<\/a>)<\/li>\n<li> <a href=\"https:\/\/moverdb.com\/et\/bar-overseas\/\">Briti kolijate assotsiatsioon Overseas Remover<\/a><\/li>\n<li> Overseas Moving Network International (OMNI)<\/li>\n<li> <a href=\"https:\/\/moverdb.com\/et\/fidi-faim\/\">Rahvusvaheline Rahvusvaheliste kolijate f\u00f6deratsioon (International Federation of International Movers)<\/a> (<a href=\"https:\/\/moverdb.com\/et\/fidi-faim\/\" data-internallinksmanager029f6b8e52c=\"16\" title=\"FIDI &amp; FAIM (FIDI akrediteeritud rahvusvaheline kolija) selgitatud\">FIDI<\/a>)<\/li>\n<li> <a href=\"https:\/\/moverdb.com\/et\/fidi-faim\/\">FAIM<\/a><\/li>\n<li> <a href=\"https:\/\/moverdb.com\/et\/mtc\/\">Movers Trading Club<\/a> (<a href=\"https:\/\/moverdb.com\/et\/mtc\/\" data-internallinksmanager029f6b8e52c=\"30\" title=\"Movers Trading Club (MTC) Selgitused\">MTC<\/a>)<\/li>\n<li> Kauplemisstandardite Instituut<\/li>\n<li> <a href=\"https:\/\/moverdb.com\/et\/lacma\/\">Ladina-Ameerika ja Kariibi mere piirkonna rahvusvaheliste kolijate assotsiatsioon<\/a> (<a href=\"https:\/\/moverdb.com\/et\/lacma\/\" data-internallinksmanager029f6b8e52c=\"28\" title=\"Ladina-Ameerika ja Kariibi mere piirkonna rahvusvaheliste kolijate assotsiatsioon (LACMA)\">LACMA<\/a>)<\/li>\n<\/ul>\n<h2>John Mason International Movers Arvamused<\/h2>\n<p><strong>Positiivne<\/strong><\/p>\n<ul>\n<li> <em>\"Kogu minu kogemus John Masoniga on olnud v\u00e4ga hea, alates Tony \u00fclevaatusest kuni t\u00e4nase konteineri pakkimiseni, ma soovitan kindlasti John Masonit kolimisteenuste osutamiseks.\"<\/em> - M.H. South Shields alates <a href=\"http:\/\/www.johnmason.com\/about-us\/\" target=\"_blank\" rel=\"noopener\">John Masoni veebisait<\/a>.<\/li>\n<li> <em>\"Leidsin, et John Masons'i meeskond on erakordne. Alates koduk\u00fclastusest, nende sagedastest uuendustest, kolimismeestest, k\u00f5ik olid fantastilised.\"<\/em> - Jaclyn kaudu <a href=\"https:\/\/www.facebook.com\/johnmasoninternational\/reviews\/\" target=\"_blank\" rel=\"noopener\">Facebooki \u00fclevaade<\/a><\/li>\n<li><em>\"Tegime sama kolimist 3 kuud tagasi, kasutasime John Masons rahvusvahelisi kolijaid. Nad tegid ka pakkimise ja lahtipakkimise. Ma ei saa neid piisavalt soovitada, mitte \u00fcks asi ei l\u00e4inud katki ega kaduma.\"<\/em> - kaudu. <a href=\"http:\/\/www.mumsnet.com\/Talk\/living_overseas\/1535416-Shipping-to-Australia\" target=\"_blank\" rel=\"noopener\">Mumsnet<\/a><\/li>\n<\/ul>\n<p><strong>Negatiivne<\/strong><\/p>\n<p>Ainult <strong>6%<\/strong> nende hinnangutest Trustpilotil on 1 v\u00f5i 2 t\u00e4rni vs. <strong>93%<\/strong> mis on 4 v\u00f5i 5 t\u00e4rni. Saate lugeda k\u00f5iki neid kommentaare <a href=\"https:\/\/uk.trustpilot.com\/review\/www.johnmason.com\" rel=\"noopener\" target=\"_blank\">siin<\/a>.  <\/p>\n<div itemprop=\"review\" itemscope itemtype=\"http:\/\/schema.org\/Review\">\n<span itemprop=\"author\" itemscope=\"\" itemtype=\"http:\/\/schema.org\/Organization\"><span itemprop=\"name\">MoverDB.com<\/span><\/span> Veebilehe \u00fclevaatus veebisaidi jaoks <span itemprop=\"itemreviewed\" itemscope=\"\" itemtype=\"http:\/\/schema.org\/Brand\"><span itemprop=\"name\">John Mason International Movers<\/span><\/span>:<\/p>\n<ol>\n<li> Selged kontaktandmed veebisaidil (sh telefoninumber): <strong>Jah<\/strong><\/li>\n<li> Lihtne saada <a href=\"https:\/\/moverdb.com\/et\/tsitaadid\/\">rahvusvaheliste kolimiste hinnapakkumised<\/a>? (veebip\u00f5hine hinnangu taotluse vorm): <strong>Jah<\/strong><\/li>\n<li> Selge teave veebilehel: <strong>Jah,<\/strong> Veebisait on \u00fcsna p\u00f5hjalik, kuid \u00fcksikasjalikumat teavet antakse taotluse korral.<\/li>\n<li> Liikmelisus rahvusvahelistes tunnustatud liikumisorganisatsioonides: <strong>Jah<\/strong>, vt eespool.<\/li>\n<li> Klientide ja\/v\u00f5i varasemate klientide soovitused: <strong>M\u00f5ned,<\/strong> iga lehek\u00fclje allosas on klientide arvustused, kuid nende jaoks ei ole eraldi lehek\u00fclge. Lisaks sellele, kuigi neil on internetis enamasti positiivseid kommentaare, on ka m\u00f5ned negatiivsed.<\/li>\n<\/ol>\n<div itemprop=\"reviewRating\" itemscope itemtype=\"http:\/\/schema.org\/Rating\"><meta itemprop=\"worstRating\" content = \"0\" \/><meta itemprop=\"bestRating\" content=\"5\" \/><meta itemprop=\"ratingValue\" content=\"4\"><\/div>\n<p><strong>\u00dcldine hinne: 4\/5<\/strong><br \/>\n<strong>L\u00e4bivaatamise kuup\u00e4ev:<\/strong> <span itemprop=\"datePublished\" content=\"2019-01-18\">18\/01\/2019<\/span>\n<\/div>\n<p>Loe l\u00e4hemalt <a href=\"https:\/\/moverdb.com\/et\/rahvusvahelised-kolimised\/\">rahvusvahelised kolimisfirmad<\/a> ja meie <a href=\"https:\/\/moverdb.com\/et\/arvustused\/\">l\u00e4bivaatamisprotsess<\/a>.<\/p>\n<p><strong>Veebileht:<\/strong> <a href=\"http:\/\/www.johnmason.com\/\" target=\"_blank\" rel=\"noopener\">http:\/\/www.johnmason.com\/<\/a><\/p>","protected":false},"excerpt":{"rendered":"<p>John Mason International Movers offers clients various removal services which are listed below. There also follows a company profile and reviews. International Shipping Services &#8211; To and From the UK Door to door service Dedicated move manager Professional export packing at home Shipping by air or sea Full container load or shared container Baggage service [&hellip;]<\/p>\n","protected":false},"author":1,"featured_media":0,"parent":0,"menu_order":0,"comment_status":"closed","ping_status":"closed","template":"","meta":{"_genesis_hide_title":false,"_genesis_hide_breadcrumbs":false,"_genesis_hide_singular_image":false,"_genesis_hide_footer_widgets":false,"_genesis_custom_body_class":"","_genesis_custom_post_class":"","_genesis_layout":"","footnotes":""},"class_list":{"0":"post-893","1":"page","2":"type-page","3":"status-publish","5":"entry"},"_links":{"self":[{"href":"https:\/\/moverdb.com\/et\/wp-json\/wp\/v2\/pages\/893","targetHints":{"allow":["GET"]}}],"collection":[{"href":"https:\/\/moverdb.com\/et\/wp-json\/wp\/v2\/pages"}],"about":[{"href":"https:\/\/moverdb.com\/et\/wp-json\/wp\/v2\/types\/page"}],"author":[{"embeddable":true,"href":"https:\/\/moverdb.com\/et\/wp-json\/wp\/v2\/users\/1"}],"replies":[{"embeddable":true,"href":"https:\/\/moverdb.com\/et\/wp-json\/wp\/v2\/comments?post=893"}],"version-history":[{"count":8,"href":"https:\/\/moverdb.com\/et\/wp-json\/wp\/v2\/pages\/893\/revisions"}],"predecessor-version":[{"id":13168,"href":"https:\/\/moverdb.com\/et\/wp-json\/wp\/v2\/pages\/893\/revisions\/13168"}],"wp:attachment":[{"href":"https:\/\/moverdb.com\/et\/wp-json\/wp\/v2\/media?parent=893"}],"curies":[{"name":"wp","href":"https:\/\/api.w.org\/{rel}","templated":true}]}}