{"id":8914,"date":"2023-04-27T14:27:27","date_gmt":"2023-04-27T14:27:27","guid":{"rendered":"https:\/\/moverdb.com\/?page_id=8914"},"modified":"2026-01-08T15:24:51","modified_gmt":"2026-01-08T15:24:51","slug":"moving-companies-poland","status":"publish","type":"page","link":"https:\/\/moverdb.com\/et\/moving-companies\/moving-companies-poland\/","title":{"rendered":"4 parimat rahvusvahelist kolimisfirmat Poolas"},"content":{"rendered":"<p>Kui olete kolimas koju v\u00f5i ettev\u00f5ttesse, siis v\u00f5ite v\u00f5tta t\u00f6\u00f6le teenuseid <a href=\"https:\/\/moverdb.com\/et\/moving-companies\/\" data-internallinksmanager029f6b8e52c=\"79\" title=\"Top 25 rahvusvahelist kolimisfirmat Internetis\">kolimisfirma<\/a> v\u00e4hendada sellega seotud stressi ja t\u00f6\u00f6koormust. Kui te liigute riigisiseselt, sinna v\u00f5i sealt v\u00e4lja <a href=\"https:\/\/moverdb.com\/et\/moving-to-poland\/\" data-internallinksmanager029f6b8e52c=\"378\" title=\"Poolasse kolimine? 2023 elamiskulud ja kolimisn\u00f5uanded\">Poola<\/a>, siis allj\u00e4rgnev poola <a href=\"https:\/\/moverdb.com\/et\/international-removals\/\" data-internallinksmanager029f6b8e52c=\"27\" title=\"36 Parimad rahvusvahelised kolimisfirmad \u00dchendkuningriigis\">kolimisfirmad<\/a> mis on liikmed <a href=\"https:\/\/moverdb.com\/et\/iam\/\" data-internallinksmanager029f6b8e52c=\"23\" title=\"Rahvusvaheline kolijate assotsiatsioon (IAM) Selgitatud\">Rahvusvaheline kolijate assotsiatsioon<\/a> (IAM) ja\/v\u00f5i <a href=\"https:\/\/moverdb.com\/et\/fidi-faim\/\" data-internallinksmanager029f6b8e52c=\"16\" title=\"FIDI &amp; FAIM (FIDI akrediteeritud rahvusvaheline kolija) selgitatud\">FIDI<\/a> Akrediteeritud rahvusvaheline kolija (FAIM) v\u00f5iks teid teie kolimisel aidata.<\/p>\n<div id=\"ez-toc-container\" class=\"ez-toc-v2_0_82_2 ez-toc-wrap-left counter-hierarchy ez-toc-counter ez-toc-transparent ez-toc-container-direction\">\n<div class=\"ez-toc-title-container\">\n<p class=\"ez-toc-title\" style=\"cursor:inherit\">Jaotised<\/p>\n<span class=\"ez-toc-title-toggle\"><a href=\"#\" class=\"ez-toc-pull-right ez-toc-btn ez-toc-btn-xs ez-toc-btn-default ez-toc-toggle\" aria-label=\"Sisukorra vaheldumine\"><span class=\"ez-toc-js-icon-con\"><span class=\"\"><span class=\"eztoc-hide\" style=\"display:none;\">Toggle<\/span><span class=\"ez-toc-icon-toggle-span\"><svg style=\"fill: #999;color:#999\" xmlns=\"http:\/\/www.w3.org\/2000\/svg\" class=\"list-377408\" width=\"20px\" height=\"20px\" viewbox=\"0 0 24 24\" fill=\"none\"><path d=\"M6 6H4v2h2V6zm14 0H8v2h12V6zM4 11h2v2H4v-2zm16 0H8v2h12v-2zM4 16h2v2H4v-2zm16 0H8v2h12v-2z\" fill=\"currentColor\"><\/path><\/svg><svg style=\"fill: #999;color:#999\" class=\"arrow-unsorted-368013\" xmlns=\"http:\/\/www.w3.org\/2000\/svg\" width=\"10px\" height=\"10px\" viewbox=\"0 0 24 24\" version=\"1.2\" baseprofile=\"tiny\"><path d=\"M18.2 9.3l-6.2-6.3-6.2 6.3c-.2.2-.3.4-.3.7s.1.5.3.7c.2.2.4.3.7.3h11c.3 0 .5-.1.7-.3.2-.2.3-.5.3-.7s-.1-.5-.3-.7zM5.8 14.7l6.2 6.3 6.2-6.3c.2-.2.3-.5.3-.7s-.1-.5-.3-.7c-.2-.2-.4-.3-.7-.3h-11c-.3 0-.5.1-.7.3-.2.2-.3.5-.3.7s.1.5.3.7z\"\/><\/svg><\/span><\/span><\/span><\/a><\/span><\/div>\n<nav><ul class='ez-toc-list ez-toc-list-level-1 eztoc-toggle-hide-by-default' ><li class='ez-toc-page-1 ez-toc-heading-level-2'><a class=\"ez-toc-link ez-toc-heading-1\" href=\"https:\/\/moverdb.com\/et\/moving-companies\/moving-companies-poland\/#1_AGS_Group\" >1. AGS Group<\/a><\/li><li class='ez-toc-page-1 ez-toc-heading-level-2'><a class=\"ez-toc-link ez-toc-heading-2\" href=\"https:\/\/moverdb.com\/et\/moving-companies\/moving-companies-poland\/#2_MK_Relocation\" >2. MK \u00fcmberpaigutamine<\/a><\/li><li class='ez-toc-page-1 ez-toc-heading-level-2'><a class=\"ez-toc-link ez-toc-heading-3\" href=\"https:\/\/moverdb.com\/et\/moving-companies\/moving-companies-poland\/#3_Santa_Fe_Relocation\" >3. Santa Fe \u00fcmberpaigutamine<\/a><\/li><li class='ez-toc-page-1 ez-toc-heading-level-2'><a class=\"ez-toc-link ez-toc-heading-4\" href=\"https:\/\/moverdb.com\/et\/moving-companies\/moving-companies-poland\/#4_Universal_Express_Worldwide_Movers\" >4. Universal Express Worldwide Movers<\/a><\/li><li class='ez-toc-page-1 ez-toc-heading-level-2'><a class=\"ez-toc-link ez-toc-heading-5\" href=\"https:\/\/moverdb.com\/et\/moving-companies\/moving-companies-poland\/#Other_Useful_Guides_to_Poland\" >Muud kasulikud teejuhid Poola kohta<\/a><\/li><\/ul><\/nav><\/div>\n<h2><span class=\"ez-toc-section\" id=\"1_AGS_Group\"><\/span><strong>1. AGS Group<\/strong><span class=\"ez-toc-section-end\"><\/span><\/h2>\n<p><img loading=\"lazy\" decoding=\"async\" class=\"alignnone size-full wp-image-8915\" src=\"https:\/\/moverdb.com\/wp-content\/uploads\/AGS-Global-Solutions-Poland-international-moving-company.png\" alt=\"AGS Global Solutions Poola rahvusvaheline kolimisfirma\" width=\"1440\" height=\"710\" data-wp-pid=\"8915\" srcset=\"https:\/\/moverdb.com\/wp-content\/uploads\/AGS-Global-Solutions-Poland-international-moving-company.png 1440w, https:\/\/moverdb.com\/wp-content\/uploads\/AGS-Global-Solutions-Poland-international-moving-company-300x148.png 300w, https:\/\/moverdb.com\/wp-content\/uploads\/AGS-Global-Solutions-Poland-international-moving-company-1024x505.png 1024w, https:\/\/moverdb.com\/wp-content\/uploads\/AGS-Global-Solutions-Poland-international-moving-company-18x9.png 18w, https:\/\/moverdb.com\/wp-content\/uploads\/AGS-Global-Solutions-Poland-international-moving-company-600x296.png 600w\" sizes=\"auto, (max-width: 1440px) 100vw, 1440px\" \/><\/p>\n<ul>\n<li>Riiklikud liikumised<\/li>\n<li>Rahvusvahelised liikumised<\/li>\n<li>Elamu kolimine<\/li>\n<li>Ettev\u00f5tte liikumine<\/li>\n<li>Pakkimisteenus<\/li>\n<li>Maismaa-, mere- ja \u00f5hutransport<\/li>\n<li>Online j\u00e4lgimine<\/li>\n<li>Kaunite kunstide k\u00e4sitlemine<\/li>\n<li>S\u00f5iduki \u00fcleandmine<\/li>\n<li>Turvaline ladustamine<\/li>\n<\/ul>\n<p>AGS Group on rahvusvaheline kolimis- ja \u00fcmberpaigutamisettev\u00f5te, mis on tegutsenud alates 1974. aastast ja millel on 146 kontorit 97 riigis \u00fcle maailma, sealhulgas 1992. aastal asutatud Varssavi Poolas. Nad on akrediteeritud FIDI poolt.<\/p>\n<p>AGS Group pakub kodukontrolli ja individuaalset hinnapakkumist vastavalt teie vajadustele. Nad on v\u00e4lja t\u00f6\u00f6tanud uuenduslikud pakkematerjalid ja -meetodid, mis kaitsevad teie asju ja on ka keskkonnas\u00f5bralikud. Nad korraldavad transpordi maismaa-, \u00f5hu- v\u00f5i meretranspordi ja te saate j\u00e4lgida selle kulgu internetis. Nad pakuvad lisateenuseid, mille hulka kuuluvad kunsti k\u00e4sitlemine, s\u00f5idukite \u00fcmberpaigutamine ja turvaline ladustamine.<\/p>\n<p>Veebileht: <a href=\"https:\/\/www.ags-globalsolutions.com\/\" target=\"_blank\" rel=\"noopener\">https:\/\/www.ags-globalsolutions.com\/<\/a><\/p>\n<h2><span class=\"ez-toc-section\" id=\"2_MK_Relocation\"><\/span><strong>2. MK \u00fcmberpaigutamine<\/strong><span class=\"ez-toc-section-end\"><\/span><\/h2>\n<p><img loading=\"lazy\" decoding=\"async\" class=\"alignnone size-full wp-image-8825\" src=\"https:\/\/moverdb.com\/wp-content\/uploads\/MK-Relocations-international-moving-company.png\" alt=\"MK Relocations rahvusvaheline kolimisfirma\" width=\"1440\" height=\"679\" data-wp-pid=\"8825\" srcset=\"https:\/\/moverdb.com\/wp-content\/uploads\/MK-Relocations-international-moving-company.png 1440w, https:\/\/moverdb.com\/wp-content\/uploads\/MK-Relocations-international-moving-company-300x141.png 300w, https:\/\/moverdb.com\/wp-content\/uploads\/MK-Relocations-international-moving-company-1024x483.png 1024w, https:\/\/moverdb.com\/wp-content\/uploads\/MK-Relocations-international-moving-company-18x8.png 18w, https:\/\/moverdb.com\/wp-content\/uploads\/MK-Relocations-international-moving-company-600x283.png 600w\" sizes=\"auto, (max-width: 1440px) 100vw, 1440px\" \/><\/p>\n<ul>\n<li>Riiklikud liikumised<\/li>\n<li>Rahvusvahelised liikumised<\/li>\n<li>Kodumajapidamiste kolimised<\/li>\n<li>Kontori ja lao kolimine<\/li>\n<li>Ukselt-uksele teenus<\/li>\n<li>Pakkimisteenus<\/li>\n<li>Transpordi korraldamine<\/li>\n<li>Tollivormistus<\/li>\n<li>Kindlustus<\/li>\n<li>Ladustamisv\u00f5imalused<\/li>\n<\/ul>\n<p>MK Relocation on Varssavis asuv kolimise ja \u00fcmberpaigutamise spetsialist. Nad pakuvad kolimisteenuseid Poolas, Poolasse ja Poolast. Nad on akrediteeritud FIDI poolt, mis annab neile juurdep\u00e4\u00e4su rahvusvahelisele kolimisagentide v\u00f5rgustikule, mis toetab neid.<\/p>\n<p>MK Relocation pakub individuaalset kohtumist, et arutada teie vajadusi, ja pakub uksest-ukseni teenust. Nad pakuvad pakkimisteenust teie asjade kaitsmiseks, mis h\u00f5lmab erinevaid pakkematerjale, nagu spetsiaalsed kastid, pakendid, katted, plastikust suletud konteinerid ja niiskuse neeldajad. Nad pakuvad lisateenuseid, mis h\u00f5lmavad lemmikloomade vedu, antiik- ja kunstiteoste k\u00e4itlemist ning ladustamisv\u00f5imalusi.<\/p>\n<p>Veebileht: <a href=\"https:\/\/www.mkrelocation.pl\/\" target=\"_blank\" rel=\"noopener\">https:\/\/www.mkrelocation.pl\/<\/a><\/p>\n<h2><span class=\"ez-toc-section\" id=\"3_Santa_Fe_Relocation\"><\/span><strong>3. Santa Fe \u00fcmberpaigutamine<\/strong><span class=\"ez-toc-section-end\"><\/span><\/h2>\n<p><img loading=\"lazy\" decoding=\"async\" class=\"alignnone size-full wp-image-8851\" src=\"https:\/\/moverdb.com\/wp-content\/uploads\/Santa-Fe-Relocation-Poland-international-moving-company.png\" alt=\"Santa Fe Relocation Poola rahvusvaheline kolimisfirma\" width=\"1440\" height=\"679\" data-wp-pid=\"8851\" srcset=\"https:\/\/moverdb.com\/wp-content\/uploads\/Santa-Fe-Relocation-Poland-international-moving-company.png 1440w, https:\/\/moverdb.com\/wp-content\/uploads\/Santa-Fe-Relocation-Poland-international-moving-company-300x141.png 300w, https:\/\/moverdb.com\/wp-content\/uploads\/Santa-Fe-Relocation-Poland-international-moving-company-1024x483.png 1024w, https:\/\/moverdb.com\/wp-content\/uploads\/Santa-Fe-Relocation-Poland-international-moving-company-18x8.png 18w, https:\/\/moverdb.com\/wp-content\/uploads\/Santa-Fe-Relocation-Poland-international-moving-company-600x283.png 600w\" sizes=\"auto, (max-width: 1440px) 100vw, 1440px\" \/><\/p>\n<ul>\n<li>Kohalikud ja riiklikud liikumised<\/li>\n<li>Rahvusvahelised liikumised<\/li>\n<li>Kodumajapidamiste kolimised<\/li>\n<li>Kontori kolimised<\/li>\n<li>\u00dcmberpaigutamise teenused<\/li>\n<li>Pakkimisteenus<\/li>\n<li>Lennu-, mere- ja maismaatransport<\/li>\n<li>Tollivormistus<\/li>\n<li>Lemmikloomade ja s\u00f5idukite vedu<\/li>\n<li>Ladustamisv\u00f5imalused<\/li>\n<\/ul>\n<p>Santa Fe Relocation on rahvusvaheline kolimis- ja \u00fcmberpaigutamisettev\u00f5te, millel on 64 kontorit 38 riigis, sealhulgas 1991. aastal avatud kontor Varssavis. Nad on IAMi liige, kellel on 32 aastat kestnud tegevus ja kes on akrediteeritud FIDI poolt.<\/p>\n<p>Santa Fe Relocation pakub teie vajaduste hindamiseks kolimiseelset konsultatsiooni ja kodust v\u00f5i videok\u00fcsitlust. Nad pakuvad t\u00e4ielikku pakkimisteenust teie asjade turvaliseks transportimiseks \u00f5hu-, mere- ja maismaatranspordiga koos tollivormistusega. Nende kolimisteenused h\u00f5lmavad kodu ja koolide otsinguid, sisseseadmisteenuseid, v\u00e4ljas\u00f5iduabi, viisade ja sisser\u00e4ndeabi. Samuti pakuvad nad <a href=\"https:\/\/moverdb.com\/et\/car-transport-shipping\/\" data-internallinksmanager029f6b8e52c=\"2\" title=\"2026 Rahvusvaheline autoveo ja s\u00f5idukite veo hinnapakkumised\">s\u00f5idukite vedu<\/a> ja lemmikloomade \u00fcmberpaigutamine.<\/p>\n<p>Veebileht: <a href=\"https:\/\/www.santaferelo.com\/en\/contact\/our-offices\/poland-warsaw\/\" target=\"_blank\" rel=\"noopener\">https:\/\/www.santaferelo.com\/en\/contact\/our-offices\/poland-warsaw\/<\/a><\/p>\n<h2><span class=\"ez-toc-section\" id=\"4_Universal_Express_Worldwide_Movers\"><\/span><strong>4. Universal Express Worldwide Movers<\/strong><span class=\"ez-toc-section-end\"><\/span><\/h2>\n<p><img loading=\"lazy\" decoding=\"async\" class=\"alignnone size-full wp-image-8868\" src=\"https:\/\/moverdb.com\/wp-content\/uploads\/Universal-Express-Worldwide-Movers-international-moving-company.png\" alt=\"Universal Express Worldwide Movers rahvusvaheline kolimisfirma\" width=\"1440\" height=\"679\" data-wp-pid=\"8868\" srcset=\"https:\/\/moverdb.com\/wp-content\/uploads\/Universal-Express-Worldwide-Movers-international-moving-company.png 1440w, https:\/\/moverdb.com\/wp-content\/uploads\/Universal-Express-Worldwide-Movers-international-moving-company-300x141.png 300w, https:\/\/moverdb.com\/wp-content\/uploads\/Universal-Express-Worldwide-Movers-international-moving-company-1024x483.png 1024w, https:\/\/moverdb.com\/wp-content\/uploads\/Universal-Express-Worldwide-Movers-international-moving-company-18x8.png 18w, https:\/\/moverdb.com\/wp-content\/uploads\/Universal-Express-Worldwide-Movers-international-moving-company-600x283.png 600w\" sizes=\"auto, (max-width: 1440px) 100vw, 1440px\" \/><\/p>\n<ul>\n<li>\u00dcleriigiline kolimine<\/li>\n<li>Rahvusvahelised liikumised<\/li>\n<li>Elamu kolimine<\/li>\n<li>Kontori- ja t\u00f6\u00f6stuslik kolimine<\/li>\n<li>Ukselt-uksele teenus<\/li>\n<li>Pakkimisteenus<\/li>\n<li>Maismaa-, \u00f5hu- ja meretransport<\/li>\n<li>Tollivormistus<\/li>\n<li>Kindlustus<\/li>\n<li>Ladustamisv\u00f5imalused<\/li>\n<\/ul>\n<p>Universal Express Worldwide Movers on kolimis- ja \u00fcmberpaigutamisettev\u00f5te, millel on filiaalid Krak\u00f3wis, Wroclawis, Poznanis ja Gdynias. Neil on rahvusvaheline kolimisagentide v\u00f5rgustik, kes abistavad neid \u00fclemaailmsete kolimistega. Nad on IAMi liige, kellel on 33 aastat kestnud tegevus ja kes on akrediteeritud FIDI poolt.<\/p>\n<p>Universal Express Worldwide Movers pakub kolimiseelset k\u00fcsitlust, et arutada teie kolimist ja kohandada teie kolimiskava. Nende kolimisjuht abistab teid ukselt-uksele teenusega, mis h\u00f5lmab teie asjade turvalist pakkimist transpordiks. Nad korraldavad teie asjade transpordi maismaal, \u00f5hus v\u00f5i merel koos tollivormistusega ja annavad n\u00f5u kindlustuse kohta.<\/p>\n<p>Veebileht: <a href=\"http:\/\/www.uer.pl\/\" target=\"_blank\" rel=\"noopener\">http:\/\/www.uer.pl\/<\/a><\/p>\n<h2><span class=\"ez-toc-section\" id=\"Other_Useful_Guides_to_Poland\"><\/span>Muud kasulikud teejuhid Poola kohta<span class=\"ez-toc-section-end\"><\/span><\/h2>\n<ul>\n<li> <a href=\"https:\/\/moverdb.com\/et\/konteiner-laevandus\/poola\/\">2024 Mereveo konteinerite veohinnad Poolast ja Poolasse<\/a><\/li>\n<li> <a href=\"https:\/\/moverdb.com\/et\/parimad-rahvusvahelised-rahasiirdeteenused\/money-transfer-companies-poland\/\">10 parimat raha\u00fclekande ettev\u00f5tet Poolas<\/a><\/li>\n<li> <a href=\"https:\/\/moverdb.com\/et\/moving-to-poland\/\">Poolasse kolimine? 2023 elamiskulud ja kolimisn\u00f5uanded<\/a><\/li>\n<li> <a href=\"https:\/\/moverdb.com\/et\/moving-to-poland\/best-places-to-live-poland\/\">12 parimat elukohta Poolas<\/a><\/li>\n<li> <a href=\"https:\/\/moverdb.com\/et\/moving-to-poland\/living-in-poland\/\">21 saladust Poolas elamise kohta, mida peaks teadma enne kolimist<\/a><\/li>\n<li> <a href=\"https:\/\/moverdb.com\/et\/moving-to-poland\/moving-to-poland-from-the-uk\/\">Poolasse kolimine \u00dchendkuningriigist<\/a><\/li>\n<\/ul>","protected":false},"excerpt":{"rendered":"<p>If you are moving home or business, you may want to employ the services of a moving company to reduce the stress and workload involved. If you are moving within, to or from Poland, then the below Polish removal companies that are members of the International Association of Movers (IAM) and\/or FIDI Accredited International Mover [&hellip;]<\/p>\n","protected":false},"author":4,"featured_media":0,"parent":190,"menu_order":0,"comment_status":"closed","ping_status":"closed","template":"","meta":{"_genesis_hide_title":false,"_genesis_hide_breadcrumbs":false,"_genesis_hide_singular_image":false,"_genesis_hide_footer_widgets":false,"_genesis_custom_body_class":"","_genesis_custom_post_class":"","_genesis_layout":"","footnotes":""},"class_list":{"0":"post-8914","1":"page","2":"type-page","3":"status-publish","5":"entry","6":"has-post-thumbnail"},"_links":{"self":[{"href":"https:\/\/moverdb.com\/et\/wp-json\/wp\/v2\/pages\/8914","targetHints":{"allow":["GET"]}}],"collection":[{"href":"https:\/\/moverdb.com\/et\/wp-json\/wp\/v2\/pages"}],"about":[{"href":"https:\/\/moverdb.com\/et\/wp-json\/wp\/v2\/types\/page"}],"author":[{"embeddable":true,"href":"https:\/\/moverdb.com\/et\/wp-json\/wp\/v2\/users\/4"}],"replies":[{"embeddable":true,"href":"https:\/\/moverdb.com\/et\/wp-json\/wp\/v2\/comments?post=8914"}],"version-history":[{"count":5,"href":"https:\/\/moverdb.com\/et\/wp-json\/wp\/v2\/pages\/8914\/revisions"}],"predecessor-version":[{"id":17127,"href":"https:\/\/moverdb.com\/et\/wp-json\/wp\/v2\/pages\/8914\/revisions\/17127"}],"up":[{"embeddable":true,"href":"https:\/\/moverdb.com\/et\/wp-json\/wp\/v2\/pages\/190"}],"wp:attachment":[{"href":"https:\/\/moverdb.com\/et\/wp-json\/wp\/v2\/media?parent=8914"}],"curies":[{"name":"wp","href":"https:\/\/api.w.org\/{rel}","templated":true}]}}