{"id":8912,"date":"2023-04-27T14:28:23","date_gmt":"2023-04-27T14:28:23","guid":{"rendered":"https:\/\/moverdb.com\/?page_id=8912"},"modified":"2026-01-08T15:29:31","modified_gmt":"2026-01-08T15:29:31","slug":"moving-companies-philippines","status":"publish","type":"page","link":"https:\/\/moverdb.com\/et\/moving-companies\/moving-companies-philippines\/","title":{"rendered":"7 parimat rahvusvahelist kolimisfirmat Filipiinidel"},"content":{"rendered":"<p>Kui te kolidate koju v\u00f5i \u00e4riettev\u00f5ttesse, sinna v\u00f5i sealt v\u00e4lja. <a href=\"https:\/\/moverdb.com\/et\/moving-to-the-philippines\/\" data-internallinksmanager029f6b8e52c=\"376\" title=\"Kolimine Filipiinidele? 2023 elamiskulud ja kolimisn\u00f5uanded\">Filipiinid<\/a>, siis v\u00f5ib-olla otsite toetust, mis aitaks koormust kergendada. <a href=\"https:\/\/moverdb.com\/et\/moving-companies\/\" data-internallinksmanager029f6b8e52c=\"79\" title=\"Top 25 rahvusvahelist kolimisfirmat Internetis\">Kolimisfirmad<\/a> saab aidata pakkimisel, transpordi korraldamisel ja dokumentatsiooni toetamisel. Allpool oleme koostanud nimekirja Filipiinidel asuvatest <a href=\"https:\/\/moverdb.com\/et\/international-removals\/\" data-internallinksmanager029f6b8e52c=\"27\" title=\"36 Parimad rahvusvahelised kolimisfirmad \u00dchendkuningriigis\">kolimisfirmad<\/a> mis on liikmed <a href=\"https:\/\/moverdb.com\/et\/iam\/\" data-internallinksmanager029f6b8e52c=\"23\" title=\"Rahvusvaheline kolijate assotsiatsioon (IAM) Selgitatud\">Rahvusvaheline kolijate assotsiatsioon<\/a> (IAM) ja\/v\u00f5i <a href=\"https:\/\/moverdb.com\/et\/fidi-faim\/\" data-internallinksmanager029f6b8e52c=\"16\" title=\"FIDI &amp; FAIM (FIDI akrediteeritud rahvusvaheline kolija) selgitatud\">FIDI<\/a> Akrediteeritud rahvusvaheline kolija (FAIM), kes v\u00f5iks teid kolimisel aidata.<\/p>\n<div id=\"ez-toc-container\" class=\"ez-toc-v2_0_82_2 ez-toc-wrap-left counter-hierarchy ez-toc-counter ez-toc-transparent ez-toc-container-direction\">\n<div class=\"ez-toc-title-container\">\n<p class=\"ez-toc-title\" style=\"cursor:inherit\">Jaotised<\/p>\n<span class=\"ez-toc-title-toggle\"><a href=\"#\" class=\"ez-toc-pull-right ez-toc-btn ez-toc-btn-xs ez-toc-btn-default ez-toc-toggle\" aria-label=\"Sisukorra vaheldumine\"><span class=\"ez-toc-js-icon-con\"><span class=\"\"><span class=\"eztoc-hide\" style=\"display:none;\">Toggle<\/span><span class=\"ez-toc-icon-toggle-span\"><svg style=\"fill: #999;color:#999\" xmlns=\"http:\/\/www.w3.org\/2000\/svg\" class=\"list-377408\" width=\"20px\" height=\"20px\" viewbox=\"0 0 24 24\" fill=\"none\"><path d=\"M6 6H4v2h2V6zm14 0H8v2h12V6zM4 11h2v2H4v-2zm16 0H8v2h12v-2zM4 16h2v2H4v-2zm16 0H8v2h12v-2z\" fill=\"currentColor\"><\/path><\/svg><svg style=\"fill: #999;color:#999\" class=\"arrow-unsorted-368013\" xmlns=\"http:\/\/www.w3.org\/2000\/svg\" width=\"10px\" height=\"10px\" viewbox=\"0 0 24 24\" version=\"1.2\" baseprofile=\"tiny\"><path d=\"M18.2 9.3l-6.2-6.3-6.2 6.3c-.2.2-.3.4-.3.7s.1.5.3.7c.2.2.4.3.7.3h11c.3 0 .5-.1.7-.3.2-.2.3-.5.3-.7s-.1-.5-.3-.7zM5.8 14.7l6.2 6.3 6.2-6.3c.2-.2.3-.5.3-.7s-.1-.5-.3-.7c-.2-.2-.4-.3-.7-.3h-11c-.3 0-.5.1-.7.3-.2.2-.3.5-.3.7s.1.5.3.7z\"\/><\/svg><\/span><\/span><\/span><\/a><\/span><\/div>\n<nav><ul class='ez-toc-list ez-toc-list-level-1 eztoc-toggle-hide-by-default' ><li class='ez-toc-page-1 ez-toc-heading-level-2'><a class=\"ez-toc-link ez-toc-heading-1\" href=\"https:\/\/moverdb.com\/et\/moving-companies\/moving-companies-philippines\/#1_Asia_Relocation\" >1. Aasia \u00fcmberpaigutamine<\/a><\/li><li class='ez-toc-page-1 ez-toc-heading-level-2'><a class=\"ez-toc-link ez-toc-heading-2\" href=\"https:\/\/moverdb.com\/et\/moving-companies\/moving-companies-philippines\/#2_Consolidated_Strategies_Solutions\" >2. Konsolideeritud strateegiad ja lahendused<\/a><\/li><li class='ez-toc-page-1 ez-toc-heading-level-2'><a class=\"ez-toc-link ez-toc-heading-3\" href=\"https:\/\/moverdb.com\/et\/moving-companies\/moving-companies-philippines\/#3_Dads_Moving_Storage\" >3. Isa kolimine ja ladustamine<\/a><\/li><li class='ez-toc-page-1 ez-toc-heading-level-2'><a class=\"ez-toc-link ez-toc-heading-4\" href=\"https:\/\/moverdb.com\/et\/moving-companies\/moving-companies-philippines\/#4_Global_Logistics_Services\" >4. Globaalsed logistikateenused<\/a><\/li><li class='ez-toc-page-1 ez-toc-heading-level-2'><a class=\"ez-toc-link ez-toc-heading-5\" href=\"https:\/\/moverdb.com\/et\/moving-companies\/moving-companies-philippines\/#5_Goetz_Moving_Storage\" >5. Goetz kolimine ja ladustamine<\/a><\/li><li class='ez-toc-page-1 ez-toc-heading-level-2'><a class=\"ez-toc-link ez-toc-heading-6\" href=\"https:\/\/moverdb.com\/et\/moving-companies\/moving-companies-philippines\/#6_Melcon_Worldwide_Logistics\" >6. Melcon Worldwide Logistics<\/a><\/li><li class='ez-toc-page-1 ez-toc-heading-level-2'><a class=\"ez-toc-link ez-toc-heading-7\" href=\"https:\/\/moverdb.com\/et\/moving-companies\/moving-companies-philippines\/#7_Santa_Fe_Relocation\" >7. Santa Fe \u00fcmberpaigutamine<\/a><\/li><li class='ez-toc-page-1 ez-toc-heading-level-2'><a class=\"ez-toc-link ez-toc-heading-8\" href=\"https:\/\/moverdb.com\/et\/moving-companies\/moving-companies-philippines\/#Other_Useful_Guides_to_the_Philippines\" >Muud kasulikud Filipiinide reisijuhid<\/a><\/li><\/ul><\/nav><\/div>\n<h2><span class=\"ez-toc-section\" id=\"1_Asia_Relocation\"><\/span><strong>1. Aasia \u00fcmberpaigutamine<\/strong><span class=\"ez-toc-section-end\"><\/span><\/h2>\n<p><img loading=\"lazy\" decoding=\"async\" class=\"alignnone size-full wp-image-8759\" src=\"https:\/\/moverdb.com\/wp-content\/uploads\/Asia-Relocation-international-moving-company.png\" alt=\"Asia Relocation rahvusvaheline kolimisfirma\" width=\"1440\" height=\"677\" data-wp-pid=\"8759\" srcset=\"https:\/\/moverdb.com\/wp-content\/uploads\/Asia-Relocation-international-moving-company.png 1440w, https:\/\/moverdb.com\/wp-content\/uploads\/Asia-Relocation-international-moving-company-300x141.png 300w, https:\/\/moverdb.com\/wp-content\/uploads\/Asia-Relocation-international-moving-company-1024x481.png 1024w, https:\/\/moverdb.com\/wp-content\/uploads\/Asia-Relocation-international-moving-company-18x8.png 18w, https:\/\/moverdb.com\/wp-content\/uploads\/Asia-Relocation-international-moving-company-600x282.png 600w\" sizes=\"auto, (max-width: 1440px) 100vw, 1440px\" \/><\/p>\n<ul>\n<li>Kohalikud kolimised<\/li>\n<li>Rahvusvahelised liikumised<\/li>\n<li>Kodumajapidamiste kolimised<\/li>\n<li>Kontori \u00fcmberpaigutamine<\/li>\n<li>Pakkimisteenus<\/li>\n<li>Transpordi korraldus<\/li>\n<li>Viisa ja sisser\u00e4nne<\/li>\n<li>S\u00f5idukite ja lemmikloomade vedu<\/li>\n<li>Kindlustus<\/li>\n<li>L\u00fchi- ja pikaajaline ladustamine<\/li>\n<\/ul>\n<p>Asia Relocation pakub juhitud rahvusvahelisi kolimislahendusi ja asub Makati City's. Nad teevad koost\u00f6\u00f6d tarnijate ja agentidega, kes vastavad nende kvaliteedistandarditele, et aidata neil pakkuda rahvusvahelisi teenuseid. Nad on IAMi liige, kellel on 12-aastane kogemus.<\/p>\n<p>Asia Relocation pakub mitmesuguseid kolimis- ja \u00fcmberpaigutamisteenuseid, mis h\u00f5lmavad riiklikke ja rahvusvahelisi kolimisi, viisa- ja sisser\u00e4ndeteenuseid, <a href=\"https:\/\/moverdb.com\/et\/car-transport-shipping\/\" data-internallinksmanager029f6b8e52c=\"2\" title=\"2026 Rahvusvaheline autoveo ja s\u00f5idukite veo hinnapakkumised\">s\u00f5idukite vedu<\/a>, lemmikloomade \u00fcmberpaigutamise ja ladustamise v\u00f5imalused. Nad pakuvad individuaalset kolimiskava, t\u00e4ielikku pakkimisteenust ja transpordi korraldamist. Nad pakuvad kolimisteenuseid, sealhulgas kodu ja koolide otsinguid, ajutist majutust, orienteerumist ja s\u00f5idukite liisimist.<\/p>\n<p>Veebileht: <a href=\"https:\/\/asia-relocation.com\/\" target=\"_blank\" rel=\"noopener\">https:\/\/asia-relocation.com\/<\/a><\/p>\n<h2><span class=\"ez-toc-section\" id=\"2_Consolidated_Strategies_Solutions\"><\/span><strong>2. Konsolideeritud strateegiad ja lahendused<\/strong><span class=\"ez-toc-section-end\"><\/span><\/h2>\n<p><img loading=\"lazy\" decoding=\"async\" class=\"alignnone size-full wp-image-8778\" src=\"https:\/\/moverdb.com\/wp-content\/uploads\/Consolidated-Strategies-Solutions-international-moving-company.png\" alt=\"Consolidated Strategies &amp; Solutions rahvusvaheline kolimisfirma\" width=\"1440\" height=\"679\" data-wp-pid=\"8778\" srcset=\"https:\/\/moverdb.com\/wp-content\/uploads\/Consolidated-Strategies-Solutions-international-moving-company.png 1440w, https:\/\/moverdb.com\/wp-content\/uploads\/Consolidated-Strategies-Solutions-international-moving-company-300x141.png 300w, https:\/\/moverdb.com\/wp-content\/uploads\/Consolidated-Strategies-Solutions-international-moving-company-1024x483.png 1024w, https:\/\/moverdb.com\/wp-content\/uploads\/Consolidated-Strategies-Solutions-international-moving-company-18x8.png 18w, https:\/\/moverdb.com\/wp-content\/uploads\/Consolidated-Strategies-Solutions-international-moving-company-600x283.png 600w\" sizes=\"auto, (max-width: 1440px) 100vw, 1440px\" \/><\/p>\n<ul>\n<li>Kohalikud kolimised<\/li>\n<li>Rahvusvahelised liikumised<\/li>\n<li>Kodumajapidamiste kolimised<\/li>\n<li>\u00dcmberpaigutamise teenused<\/li>\n<li>Konsultatsioonid saadaval<\/li>\n<li>Isikup\u00e4rastatud teenus<\/li>\n<li>Pakkimisteenus<\/li>\n<li>Karbid on kindlalt suletud<\/li>\n<li>Transpordi korraldamine<\/li>\n<li>Turvalised ladustamisv\u00f5imalused<\/li>\n<\/ul>\n<p>Consolidated Strategies &amp; Solutions on \u00fcle 15-aastase kogemusega rahvusvaheline kolimisfirma, mis asub Quezon Citys. Nad on IAMi liige, mis annab neile juurdep\u00e4\u00e4su rahvusvahelisele kolimisagentide v\u00f5rgustikule, mis toetab neid teenuste osutamisel kogu maailmas.<\/p>\n<p>Consolidated Strategies &amp; Solutions pakub kohalikke ja riiklikke kolimisi Filipiinidel ning rahvusvahelisi \u00fcmberpaigutusi Filipiinidele ja Filipiinidelt. Nad pakuvad pakkimisteenuseid, et aidata kaitsta teie asju transiidi ja ladustamise ajal. Nad pakuvad turvalisi ladustamisv\u00f5imalusi, kus teie kastid saab sulgeda teie kodus ja seej\u00e4rel transportida nende ladustamisrajatistesse.<\/p>\n<p>Veebileht: <a href=\"http:\/\/www.csandsolutions.com\" target=\"_blank\" rel=\"noopener\">http:\/\/www.csandsolutions.com<\/a><\/p>\n<h2><span class=\"ez-toc-section\" id=\"3_Dads_Moving_Storage\"><\/span><strong>3. Isa kolimine ja ladustamine<\/strong><span class=\"ez-toc-section-end\"><\/span><\/h2>\n<p><img loading=\"lazy\" decoding=\"async\" class=\"alignnone size-full wp-image-8782\" src=\"https:\/\/moverdb.com\/wp-content\/uploads\/Dads-Moving-Storage-international-moving-company.png\" alt=\"\" width=\"1440\" height=\"683\" data-wp-pid=\"8782\" srcset=\"https:\/\/moverdb.com\/wp-content\/uploads\/Dads-Moving-Storage-international-moving-company.png 1440w, https:\/\/moverdb.com\/wp-content\/uploads\/Dads-Moving-Storage-international-moving-company-300x142.png 300w, https:\/\/moverdb.com\/wp-content\/uploads\/Dads-Moving-Storage-international-moving-company-1024x486.png 1024w, https:\/\/moverdb.com\/wp-content\/uploads\/Dads-Moving-Storage-international-moving-company-18x9.png 18w, https:\/\/moverdb.com\/wp-content\/uploads\/Dads-Moving-Storage-international-moving-company-600x285.png 600w\" sizes=\"auto, (max-width: 1440px) 100vw, 1440px\" \/><\/p>\n<ul>\n<li>Riiklikud liikumised<\/li>\n<li>Rahvusvahelised liikumised<\/li>\n<li>Kodumajapidamiste kolimised<\/li>\n<li>Organisatsiooni liikumised<\/li>\n<li>K\u00f5ikeh\u00f5lmav hinnakujundus<\/li>\n<li>Pakkimisteenus<\/li>\n<li>Keskkonnas\u00f5bralikud materjalid<\/li>\n<li>Transpordi korraldamine<\/li>\n<li>N\u00f5uanded ja juhised<\/li>\n<li>Ladustamisv\u00f5imalused<\/li>\n<\/ul>\n<p>Dad's Moving &amp; Storage on kolimis- ja ladustamisettev\u00f5te, mille on loonud m\u00f5ned kogenud kolimisveteranid ja mis asub Muntinlupa City's. Nad teevad koost\u00f6\u00f6d kolimisagentidega \u00fcle maailma 196 riigis, et toetada neid oma teenuste osutamisel v\u00e4ljaspool Filipiinide piire. Nad on IAMi liige kuueaastase tegevusega.<\/p>\n<p>Dad's Moving &amp; Storage pakub kolimisteenuseid Filipiinidel, Filipiinidele ja Filipiinidelt kodumajapidamistele ja organisatsioonide t\u00f6\u00f6tajatele, kes kolivad \u00fcmber. Nad toetavad ja juhendavad teid teie kolimise ajal ning aitavad teil oma asju turvaliselt pakendada, kasutades nende kaitsmiseks k\u00f5ige sobivamaid materjale ja kartoteeke.<\/p>\n<p>Veebileht: <a href=\"http:\/\/dadsmoving.com\" target=\"_blank\" rel=\"noopener\">http:\/\/dadsmoving.com<\/a><\/p>\n<h2><span class=\"ez-toc-section\" id=\"4_Global_Logistics_Services\"><\/span><strong>4. Globaalsed logistikateenused<\/strong><span class=\"ez-toc-section-end\"><\/span><\/h2>\n<p><img loading=\"lazy\" decoding=\"async\" class=\"alignnone size-full wp-image-8805\" src=\"https:\/\/moverdb.com\/wp-content\/uploads\/Global-Logistics-Services-international-moving-company.png\" alt=\"Global Logistics Services rahvusvaheline kolimisfirma\" width=\"1440\" height=\"680\" data-wp-pid=\"8805\" srcset=\"https:\/\/moverdb.com\/wp-content\/uploads\/Global-Logistics-Services-international-moving-company.png 1440w, https:\/\/moverdb.com\/wp-content\/uploads\/Global-Logistics-Services-international-moving-company-300x142.png 300w, https:\/\/moverdb.com\/wp-content\/uploads\/Global-Logistics-Services-international-moving-company-1024x484.png 1024w, https:\/\/moverdb.com\/wp-content\/uploads\/Global-Logistics-Services-international-moving-company-18x9.png 18w, https:\/\/moverdb.com\/wp-content\/uploads\/Global-Logistics-Services-international-moving-company-600x283.png 600w\" sizes=\"auto, (max-width: 1440px) 100vw, 1440px\" \/><\/p>\n<ul>\n<li>Riiklikud liikumised<\/li>\n<li>Rahvusvahelised \u00fcmberpaigutused<\/li>\n<li>Eluaseme \u00fcmberpaigutamine<\/li>\n<li>Kontori kolimised<\/li>\n<li>Pakkimisteenus<\/li>\n<li>Transpordi korraldamine<\/li>\n<li>Saadetise j\u00e4lgimine<\/li>\n<li>S\u00f5iduki transport<\/li>\n<li>Lemmikloomade \u00fcmberpaigutamine<\/li>\n<li>Ladustamisteenused<\/li>\n<\/ul>\n<p>Global Logistics Services on 2013. aastal asutatud rahvusvaheline kolimis- ja \u00fcmberpaigutamisettev\u00f5te, mis asub Paranaque'is ja mille kontorid asuvad ka j\u00e4rgmistes linnades. <a href=\"https:\/\/moverdb.com\/et\/moving-to-the-united-states\/moving-to-new-york\/\" data-internallinksmanager029f6b8e52c=\"332\" title=\"Kolimine New Yorki (osariiki)? 2023 elamiskulud ja kolimisn\u00f5uanded\">New York<\/a> ja Marshalli saared. Neil on ulatuslik \u00fclemaailmne partnerite v\u00f5rgustik, mis aitab neid rahvusvaheliste teenuste osutamisel. Nad on IAMi liige, kellel on 16 aastat kestnud tegevus.<\/p>\n<p>Global Logistics Services pakub kolimistele \u00fcheainsa lahenduse, olgu selleks siis kodu v\u00f5i kontor. Nad pakuvad pakkimisteenust, kasutades teie asjade kaitsmiseks vastupidavaid karpe, ja korraldavad teie sihtkohta turvalise transpordi. Nad pakuvad eriteenuseid klaverite, autode ja lemmikloomade kolimiseks.<\/p>\n<p>Veebileht: <a href=\"http:\/\/www.a1global-logistics.com\" target=\"_blank\" rel=\"noopener\">http:\/\/www.a1global-logistics.com<\/a><\/p>\n<h2><span class=\"ez-toc-section\" id=\"5_Goetz_Moving_Storage\"><\/span><strong>5. Goetz kolimine ja ladustamine<\/strong><span class=\"ez-toc-section-end\"><\/span><\/h2>\n<p><img loading=\"lazy\" decoding=\"async\" class=\"alignnone size-full wp-image-8809\" src=\"https:\/\/moverdb.com\/wp-content\/uploads\/Goetz-Moving-Storage-international-moving-company.png\" alt=\"Goetz Moving &amp; Storage rahvusvaheline kolimisfirma\" width=\"1440\" height=\"680\" data-wp-pid=\"8809\" srcset=\"https:\/\/moverdb.com\/wp-content\/uploads\/Goetz-Moving-Storage-international-moving-company.png 1440w, https:\/\/moverdb.com\/wp-content\/uploads\/Goetz-Moving-Storage-international-moving-company-300x142.png 300w, https:\/\/moverdb.com\/wp-content\/uploads\/Goetz-Moving-Storage-international-moving-company-1024x484.png 1024w, https:\/\/moverdb.com\/wp-content\/uploads\/Goetz-Moving-Storage-international-moving-company-18x9.png 18w, https:\/\/moverdb.com\/wp-content\/uploads\/Goetz-Moving-Storage-international-moving-company-600x283.png 600w\" sizes=\"auto, (max-width: 1440px) 100vw, 1440px\" \/><\/p>\n<ul>\n<li>Kohalikud kolimised<\/li>\n<li>Rahvusvahelised liikumised<\/li>\n<li>Elamu kolimine<\/li>\n<li>Kontori kolimised<\/li>\n<li>Ukselt-uksele teenus<\/li>\n<li>Lennu- ja meretransport<\/li>\n<li>Tollivormistus<\/li>\n<li>Viisa- ja sisser\u00e4ndeteenused<\/li>\n<li>Kindlustus<\/li>\n<li>Ladustamisv\u00f5imalused<\/li>\n<\/ul>\n<p>Goetz Moving &amp; Storage pakub uksest-ukseni rahvusvahelisi kolimisteenuseid ning on asutatud 1984. aastal ja asub Paranaque'is. Neid toetab kohalike ja rahvusvaheliste kolimisagentide v\u00f5rgustik strateegilistes asukohtades \u00fcle maailma. Nad on IAM-i liige 39-aastase tegutsemisaja jooksul.<\/p>\n<p>Goetz Moving &amp; Storage pakub ukselt-uksele kolimis- ja \u00fcmberpaigutamisteenust, mis h\u00f5lmab nii transpordi ja tollivormistuse korraldamist kui ka kindlustuskaitset. Nad pakuvad kolimisteenuseid, mis h\u00f5lmavad piirkondlikku orienteerumist, kodu- ja kooliotsinguid, sisseelamisi, lahkumisteenuseid, kultuurikoolitust ning viisade ja sisser\u00e4ndega seotud tuge.<\/p>\n<p>Veebileht: <a href=\"http:\/\/www.goetzmoving.com\" target=\"_blank\" rel=\"noopener\">http:\/\/www.goetzmoving.com<\/a><\/p>\n<h2><span class=\"ez-toc-section\" id=\"6_Melcon_Worldwide_Logistics\"><\/span><strong>6. Melcon Worldwide Logistics<\/strong><span class=\"ez-toc-section-end\"><\/span><\/h2>\n<p><img loading=\"lazy\" decoding=\"async\" class=\"alignnone size-full wp-image-8824\" src=\"https:\/\/moverdb.com\/wp-content\/uploads\/Melcon-Worldwide-Logistics-international-moving-company.png\" alt=\"Melcon Worldwide Logistics rahvusvaheline kolimisfirma\" width=\"1440\" height=\"678\" data-wp-pid=\"8824\" srcset=\"https:\/\/moverdb.com\/wp-content\/uploads\/Melcon-Worldwide-Logistics-international-moving-company.png 1440w, https:\/\/moverdb.com\/wp-content\/uploads\/Melcon-Worldwide-Logistics-international-moving-company-300x141.png 300w, https:\/\/moverdb.com\/wp-content\/uploads\/Melcon-Worldwide-Logistics-international-moving-company-1024x482.png 1024w, https:\/\/moverdb.com\/wp-content\/uploads\/Melcon-Worldwide-Logistics-international-moving-company-18x8.png 18w, https:\/\/moverdb.com\/wp-content\/uploads\/Melcon-Worldwide-Logistics-international-moving-company-600x283.png 600w\" sizes=\"auto, (max-width: 1440px) 100vw, 1440px\" \/><\/p>\n<ul>\n<li>Kohalikud kolimised<\/li>\n<li>Rahvusvahelised liikumised<\/li>\n<li>Elamu kolimine<\/li>\n<li>Kontori ja tehase kolimine<\/li>\n<li>Ukselt-uksele teenus<\/li>\n<li>Lennu- ja meretransport<\/li>\n<li>Maaklerteenused<\/li>\n<li>Lemmikloomade transport<\/li>\n<li>Transiidikindlustus<\/li>\n<li>Ladustamisv\u00f5imalused<\/li>\n<\/ul>\n<p>Melcon Worldwide Logistics on logistikaettev\u00f5te, mis pakub ekspedeerimist, jaotamist ja ladustamist. Neil on kontorid Taguig City's ja Davao City's. Nad on IAMi liige, kellel on 20-aastane kogemus, mis annab neile juurdep\u00e4\u00e4su rahvusvahelisele liikuvate agentide v\u00f5rgustikule, mis toetab neid.<\/p>\n<p>Melcon Worldwide Logistics pakub individuaalseid logistikateenuseid, mis h\u00f5lmavad ukselt-uksele kolimist ja kohalikke vedusid. Nad kaitsevad teie isiklikke asju ja korraldavad transpordi \u00f5hu- v\u00f5i meretranspordiga koos transiidikindlustusega. Nad pakuvad lemmikloomade kolimisteenust, et aidata teil oma lemmikloomad kaasa v\u00f5tta. Nad pakuvad ka niiskuskontrollile vastavaid ladustamisv\u00f5imalusi ja k\u00fclmhooneid.<\/p>\n<p>Veebileht: <a href=\"http:\/\/www.melconlogistics.com\" target=\"_blank\" rel=\"noopener\">http:\/\/www.melconlogistics.com<\/a><\/p>\n<h2><span class=\"ez-toc-section\" id=\"7_Santa_Fe_Relocation\"><\/span><strong>7. Santa Fe \u00fcmberpaigutamine<\/strong><span class=\"ez-toc-section-end\"><\/span><\/h2>\n<p><img loading=\"lazy\" decoding=\"async\" class=\"alignnone size-full wp-image-8850\" src=\"https:\/\/moverdb.com\/wp-content\/uploads\/Santa-Fe-Relocation-Philippines-international-moving-company.png\" alt=\"Santa Fe Relocation Filipiinid rahvusvaheline kolimisfirma\" width=\"1440\" height=\"676\" data-wp-pid=\"8850\" srcset=\"https:\/\/moverdb.com\/wp-content\/uploads\/Santa-Fe-Relocation-Philippines-international-moving-company.png 1440w, https:\/\/moverdb.com\/wp-content\/uploads\/Santa-Fe-Relocation-Philippines-international-moving-company-300x141.png 300w, https:\/\/moverdb.com\/wp-content\/uploads\/Santa-Fe-Relocation-Philippines-international-moving-company-1024x481.png 1024w, https:\/\/moverdb.com\/wp-content\/uploads\/Santa-Fe-Relocation-Philippines-international-moving-company-18x8.png 18w, https:\/\/moverdb.com\/wp-content\/uploads\/Santa-Fe-Relocation-Philippines-international-moving-company-600x282.png 600w\" sizes=\"auto, (max-width: 1440px) 100vw, 1440px\" \/><\/p>\n<ul>\n<li>Riiklikud liikumised<\/li>\n<li>Rahvusvahelised liikumised<\/li>\n<li>Elamu kolimine<\/li>\n<li>Konsultatsioon enne kolimist<\/li>\n<li>Pakkimisteenus<\/li>\n<li>Transport maismaa-, \u00f5hu- ja meretranspordiga<\/li>\n<li>Tollivormistus<\/li>\n<li>S\u00f5iduki saatmine<\/li>\n<li>Lemmikloomade \u00fcmberpaigutamine<\/li>\n<li>L\u00fchi- ja pikaajalised ladustamisv\u00f5imalused<\/li>\n<\/ul>\n<p>Santa Fe Relocation on rahvusvaheline kolimisfirma, millel on 96 kontorit 47 riigis ja nende Filipiinide filiaal asub Calamba Citys. Nad on aidanud inimesi kolida juba \u00fcle 120 aasta. Nad on IAMi liige ja FIDI poolt akrediteeritud.<\/p>\n<p>Santa Fe Relocation pakub teile kolimisn\u00f5ustajat, kes toetab teid teie kolimisel. Nad korraldavad teie asjade pakkimise ja transpordi maismaa-, \u00f5hu- v\u00f5i meretranspordi koos tollivormistusega. Nad pakuvad mitmesuguseid lisa- ja kolimisteenuseid, sealhulgas puhastusteenuseid, l\u00fchiajalist \u00fc\u00fcrimist, s\u00f5idukite vedu, lemmikloomade \u00fcmberpaigutamist, viisasid ja sisser\u00e4nnet, lahkumisteenuseid, kultuurikoolitust, orienteerumist ning kodu ja koolide otsinguid.<\/p>\n<p>Veebileht: <a href=\"https:\/\/www.santaferelo.com\/en\/contact\/our-offices\/philippines-manila\/\" target=\"_blank\" rel=\"noopener\">https:\/\/www.santaferelo.com\/en\/contact\/our-offices\/philippines-manila\/<\/a><\/p>\n<h2><span class=\"ez-toc-section\" id=\"Other_Useful_Guides_to_the_Philippines\"><\/span>Muud kasulikud Filipiinide reisijuhid<span class=\"ez-toc-section-end\"><\/span><\/h2>\n<ul>\n<li> <a href=\"https:\/\/moverdb.com\/et\/konteiner-laevandus\/filipiinid\/\">2024 Mereveo konteinerite veohinnad Filipiinidele ja Filipiinidelt<\/a><\/li>\n<li> <a href=\"https:\/\/moverdb.com\/et\/moving-to-the-philippines\/\">Kolimine Filipiinidele? 2023 elamiskulud ja kolimisn\u00f5uanded<\/a><\/li>\n<li> <a href=\"https:\/\/moverdb.com\/et\/moving-to-the-philippines\/best-places-to-live-philippines\/\">12 Parimad kohad Filipiinidel elamiseks<\/a><\/li>\n<li> <a href=\"https:\/\/moverdb.com\/et\/moving-to-the-philippines\/living-in-the-philippines\/\">21 saladust Filipiinidel elamise kohta, mida enne kolimist teada tuleb<\/a><\/li>\n<li> <a href=\"https:\/\/moverdb.com\/et\/moving-to-the-philippines\/philippines-from-us\/\">Filipiinidele kolimine Ameerika \u00dchendriikidest<\/a><\/li>\n<\/ul>","protected":false},"excerpt":{"rendered":"<p>If you are moving home or business within, to or from the Philippines, you may be looking for some support to help lighten the load. Moving companies can assist with packing, organising transportation and documentation support. Below we have compiled a list of Philippines based removal companies that are members of the International Association of [&hellip;]<\/p>\n","protected":false},"author":4,"featured_media":0,"parent":190,"menu_order":0,"comment_status":"closed","ping_status":"closed","template":"","meta":{"_genesis_hide_title":false,"_genesis_hide_breadcrumbs":false,"_genesis_hide_singular_image":false,"_genesis_hide_footer_widgets":false,"_genesis_custom_body_class":"","_genesis_custom_post_class":"","_genesis_layout":"","footnotes":""},"class_list":{"0":"post-8912","1":"page","2":"type-page","3":"status-publish","5":"entry","6":"has-post-thumbnail"},"_links":{"self":[{"href":"https:\/\/moverdb.com\/et\/wp-json\/wp\/v2\/pages\/8912","targetHints":{"allow":["GET"]}}],"collection":[{"href":"https:\/\/moverdb.com\/et\/wp-json\/wp\/v2\/pages"}],"about":[{"href":"https:\/\/moverdb.com\/et\/wp-json\/wp\/v2\/types\/page"}],"author":[{"embeddable":true,"href":"https:\/\/moverdb.com\/et\/wp-json\/wp\/v2\/users\/4"}],"replies":[{"embeddable":true,"href":"https:\/\/moverdb.com\/et\/wp-json\/wp\/v2\/comments?post=8912"}],"version-history":[{"count":4,"href":"https:\/\/moverdb.com\/et\/wp-json\/wp\/v2\/pages\/8912\/revisions"}],"predecessor-version":[{"id":16985,"href":"https:\/\/moverdb.com\/et\/wp-json\/wp\/v2\/pages\/8912\/revisions\/16985"}],"up":[{"embeddable":true,"href":"https:\/\/moverdb.com\/et\/wp-json\/wp\/v2\/pages\/190"}],"wp:attachment":[{"href":"https:\/\/moverdb.com\/et\/wp-json\/wp\/v2\/media?parent=8912"}],"curies":[{"name":"wp","href":"https:\/\/api.w.org\/{rel}","templated":true}]}}