{"id":8910,"date":"2023-04-27T14:29:00","date_gmt":"2023-04-27T14:29:00","guid":{"rendered":"https:\/\/moverdb.com\/?page_id=8910"},"modified":"2026-01-08T15:29:43","modified_gmt":"2026-01-08T15:29:43","slug":"moving-companies-peru","status":"publish","type":"page","link":"https:\/\/moverdb.com\/et\/moving-companies\/moving-companies-peru\/","title":{"rendered":"9 parimat rahvusvahelist kolimisfirmat Peruus"},"content":{"rendered":"<p>Kolimine v\u00f5ib olla v\u00e4ga kiire aeg, kus on palju korraldamist, eriti kui te kolite teise riiki ja teil on vaja t\u00e4ita paberimajandust. See on koht, kus <a href=\"https:\/\/moverdb.com\/et\/moving-companies\/\" data-internallinksmanager029f6b8e52c=\"79\" title=\"Top 25 rahvusvahelist kolimisfirmat Internetis\">kolimisfirma<\/a> v\u00f5ib aidata kolimist lihtsamaks muuta. Allpool oleme koostanud nimekirja Peruu <a href=\"https:\/\/moverdb.com\/et\/international-removals\/\" data-internallinksmanager029f6b8e52c=\"27\" title=\"36 Parimad rahvusvahelised kolimisfirmad \u00dchendkuningriigis\">kolimisfirmad<\/a> mis on liikmed <a href=\"https:\/\/moverdb.com\/et\/iam\/\" data-internallinksmanager029f6b8e52c=\"23\" title=\"Rahvusvaheline kolijate assotsiatsioon (IAM) Selgitatud\">Rahvusvaheline kolijate assotsiatsioon<\/a> (IAM) ja\/v\u00f5i <a href=\"https:\/\/moverdb.com\/et\/fidi-faim\/\" data-internallinksmanager029f6b8e52c=\"16\" title=\"FIDI &amp; FAIM (FIDI akrediteeritud rahvusvaheline kolija) selgitatud\">FIDI<\/a> Akrediteeritud rahvusvaheline kolija (FAIM), kes v\u00f5iks teid kolimisel aidata.<\/p>\n<div id=\"ez-toc-container\" class=\"ez-toc-v2_0_82_2 ez-toc-wrap-left counter-hierarchy ez-toc-counter ez-toc-transparent ez-toc-container-direction\">\n<div class=\"ez-toc-title-container\">\n<p class=\"ez-toc-title\" style=\"cursor:inherit\">Jaotised<\/p>\n<span class=\"ez-toc-title-toggle\"><a href=\"#\" class=\"ez-toc-pull-right ez-toc-btn ez-toc-btn-xs ez-toc-btn-default ez-toc-toggle\" aria-label=\"Sisukorra vaheldumine\"><span class=\"ez-toc-js-icon-con\"><span class=\"\"><span class=\"eztoc-hide\" style=\"display:none;\">Toggle<\/span><span class=\"ez-toc-icon-toggle-span\"><svg style=\"fill: #999;color:#999\" xmlns=\"http:\/\/www.w3.org\/2000\/svg\" class=\"list-377408\" width=\"20px\" height=\"20px\" viewbox=\"0 0 24 24\" fill=\"none\"><path d=\"M6 6H4v2h2V6zm14 0H8v2h12V6zM4 11h2v2H4v-2zm16 0H8v2h12v-2zM4 16h2v2H4v-2zm16 0H8v2h12v-2z\" fill=\"currentColor\"><\/path><\/svg><svg style=\"fill: #999;color:#999\" class=\"arrow-unsorted-368013\" xmlns=\"http:\/\/www.w3.org\/2000\/svg\" width=\"10px\" height=\"10px\" viewbox=\"0 0 24 24\" version=\"1.2\" baseprofile=\"tiny\"><path d=\"M18.2 9.3l-6.2-6.3-6.2 6.3c-.2.2-.3.4-.3.7s.1.5.3.7c.2.2.4.3.7.3h11c.3 0 .5-.1.7-.3.2-.2.3-.5.3-.7s-.1-.5-.3-.7zM5.8 14.7l6.2 6.3 6.2-6.3c.2-.2.3-.5.3-.7s-.1-.5-.3-.7c-.2-.2-.4-.3-.7-.3h-11c-.3 0-.5.1-.7.3-.2.2-.3.5-.3.7s.1.5.3.7z\"\/><\/svg><\/span><\/span><\/span><\/a><\/span><\/div>\n<nav><ul class='ez-toc-list ez-toc-list-level-1 eztoc-toggle-hide-by-default' ><li class='ez-toc-page-1 ez-toc-heading-level-2'><a class=\"ez-toc-link ez-toc-heading-1\" href=\"https:\/\/moverdb.com\/et\/moving-companies\/moving-companies-peru\/#1_Atlas\" >1. Atlas<\/a><\/li><li class='ez-toc-page-1 ez-toc-heading-level-2'><a class=\"ez-toc-link ez-toc-heading-2\" href=\"https:\/\/moverdb.com\/et\/moving-companies\/moving-companies-peru\/#2_Class_International_Movers\" >2. Klass Rahvusvahelised kolijad<\/a><\/li><li class='ez-toc-page-1 ez-toc-heading-level-2'><a class=\"ez-toc-link ez-toc-heading-3\" href=\"https:\/\/moverdb.com\/et\/moving-companies\/moving-companies-peru\/#3_Door_to_Door_Transports\" >3. Ukselt uksele vedu<\/a><\/li><li class='ez-toc-page-1 ez-toc-heading-level-2'><a class=\"ez-toc-link ez-toc-heading-4\" href=\"https:\/\/moverdb.com\/et\/moving-companies\/moving-companies-peru\/#4_Express_Transports\" >4. Ekspressvedu<\/a><\/li><li class='ez-toc-page-1 ez-toc-heading-level-2'><a class=\"ez-toc-link ez-toc-heading-5\" href=\"https:\/\/moverdb.com\/et\/moving-companies\/moving-companies-peru\/#5_Gil_International_Movers\" >5. Gil International Movers<\/a><\/li><li class='ez-toc-page-1 ez-toc-heading-level-2'><a class=\"ez-toc-link ez-toc-heading-6\" href=\"https:\/\/moverdb.com\/et\/moving-companies\/moving-companies-peru\/#6_Global_Moving\" >6. \u00dclemaailmne liikumine<\/a><\/li><li class='ez-toc-page-1 ez-toc-heading-level-2'><a class=\"ez-toc-link ez-toc-heading-7\" href=\"https:\/\/moverdb.com\/et\/moving-companies\/moving-companies-peru\/#7_Moving_Systems\" >7. Liikuvad s\u00fcsteemid<\/a><\/li><li class='ez-toc-page-1 ez-toc-heading-level-2'><a class=\"ez-toc-link ez-toc-heading-8\" href=\"https:\/\/moverdb.com\/et\/moving-companies\/moving-companies-peru\/#8_Security_International_Moving\" >8. Turvalisus Rahvusvaheline kolimine<\/a><\/li><li class='ez-toc-page-1 ez-toc-heading-level-2'><a class=\"ez-toc-link ez-toc-heading-9\" href=\"https:\/\/moverdb.com\/et\/moving-companies\/moving-companies-peru\/#9_World_Shipping_The_Movers\" >9. Maailma laevandus kolijad<\/a><\/li><\/ul><\/nav><\/div>\n<h2><span class=\"ez-toc-section\" id=\"1_Atlas\"><\/span><strong>1. Atlas<\/strong><span class=\"ez-toc-section-end\"><\/span><\/h2>\n<p><img loading=\"lazy\" decoding=\"async\" class=\"alignnone size-full wp-image-8763\" src=\"https:\/\/moverdb.com\/wp-content\/uploads\/Atlas-international-moving-company-1.png\" alt=\"Atlas rahvusvaheline kolimisfirma\" width=\"1440\" height=\"683\" data-wp-pid=\"8763\" srcset=\"https:\/\/moverdb.com\/wp-content\/uploads\/Atlas-international-moving-company-1.png 1440w, https:\/\/moverdb.com\/wp-content\/uploads\/Atlas-international-moving-company-1-300x142.png 300w, https:\/\/moverdb.com\/wp-content\/uploads\/Atlas-international-moving-company-1-1024x486.png 1024w, https:\/\/moverdb.com\/wp-content\/uploads\/Atlas-international-moving-company-1-18x9.png 18w, https:\/\/moverdb.com\/wp-content\/uploads\/Atlas-international-moving-company-1-600x285.png 600w\" sizes=\"auto, (max-width: 1440px) 100vw, 1440px\" \/><\/p>\n<ul>\n<li>Kohalikud ja riiklikud kolimised<\/li>\n<li>Rahvusvahelised kolimised<\/li>\n<li>Elamu kolimine<\/li>\n<li>Ettev\u00f5tte kolimised<\/li>\n<li>Ukselt-uksele teenus<\/li>\n<li>Pakkimisteenus<\/li>\n<li>Tollivormistus<\/li>\n<li>Kunstiteoste k\u00e4sitlemine<\/li>\n<li>Kindlustus<\/li>\n<li>Ladustamisv\u00f5imalused<\/li>\n<\/ul>\n<p>Atlas on Chorrilloses asuv \u00fcle 30-aastase kogemusega kolimisfirma, mis teenindab nii era- kui ka \u00e4rikliente. Nad teevad koost\u00f6\u00f6d rahvusvaheliste \u00fchenduste ja kolimisfirmadega, et pakkuda rahvusvaheliselt k\u00f5rgetele standarditele vastavaid teenuseid, ning nad on IAMi liige 34-aastase tegutsemisaja jooksul.<\/p>\n<p>Atlas pakub kolimisteenuseid kogu Peruu piires ning Peruu ja sealt v\u00e4lja. Nad teevad teie kolimiseks vajalikud korraldused, sealhulgas teie asjade transport ja tollivormistus. Nad pakuvad k\u00f5rgelt koolitatud t\u00f6\u00f6tajaid ja spetsiaalset pakendamist, et kaitsta teie asju transpordi ajal. Neil on spetsiaalsed kolimisautod, mis on varustatud GPS-satelliitj\u00e4lgimisega, et oleks v\u00f5imalik j\u00e4lgida, kus teie asjad on.<\/p>\n<p>Veebileht: <a href=\"http:\/\/www.atlasperucorp.com\" target=\"_blank\" rel=\"noopener\">http:\/\/www.atlasperucorp.com<\/a><\/p>\n<h2><span class=\"ez-toc-section\" id=\"2_Class_International_Movers\"><\/span><strong>2. Klass Rahvusvahelised kolijad<\/strong><span class=\"ez-toc-section-end\"><\/span><\/h2>\n<p><img loading=\"lazy\" decoding=\"async\" class=\"alignnone size-full wp-image-8774\" src=\"https:\/\/moverdb.com\/wp-content\/uploads\/Class-International-Movers-moving-company.png\" alt=\"Class International Movers liikuv ettev\u00f5te\" width=\"1440\" height=\"671\" data-wp-pid=\"8774\" srcset=\"https:\/\/moverdb.com\/wp-content\/uploads\/Class-International-Movers-moving-company.png 1440w, https:\/\/moverdb.com\/wp-content\/uploads\/Class-International-Movers-moving-company-300x140.png 300w, https:\/\/moverdb.com\/wp-content\/uploads\/Class-International-Movers-moving-company-1024x477.png 1024w, https:\/\/moverdb.com\/wp-content\/uploads\/Class-International-Movers-moving-company-18x8.png 18w, https:\/\/moverdb.com\/wp-content\/uploads\/Class-International-Movers-moving-company-600x280.png 600w\" sizes=\"auto, (max-width: 1440px) 100vw, 1440px\" \/><\/p>\n<ul>\n<li>Kohalikud ja riiklikud kolimised<\/li>\n<li>Rahvusvahelised kolimised<\/li>\n<li>Kodumajapidamiste kolimine<\/li>\n<li>B\u00fcroo kolimine<\/li>\n<li>\u00dcmberpaigutamise teenused<\/li>\n<li>Pakkimisteenus<\/li>\n<li>Tolliprotseduurid<\/li>\n<li>Kunstiteoste \u00fclekanded<\/li>\n<li>Lemmikloomade \u00fcleandmine<\/li>\n<li>Ladustamisv\u00f5imalused<\/li>\n<\/ul>\n<p>Class International Movers on 1996. aastal asutatud kolimis- ja transpordiettev\u00f5te, mis asub Limas. Nad teevad koost\u00f6\u00f6d valitud agentidega \u00fcle maailma, et pakkuda oma teenuseid rahvusvaheliselt. Nad on IAMi liige 27-aastase tegutsemisaja jooksul ja on FIDI poolt akrediteeritud.<\/p>\n<p>Class International Movers pakub kolimis- ja \u00fcmberpaigutamisteenuseid kodumajapidamistele ja kontoritele Peruus, Peruusse ja Peruust. Nende teenuste hulka kuulub teie asjade turvaline pakkimine transpordiks ja rahvusvaheliste kolimiste puhul abistavad nad tolliprotseduuride l\u00e4biviimisel. Nad pakuvad lisateenuseid, sealhulgas kunstiteoste ja lemmikloomade kolimist ning ladustamisv\u00f5imalusi.<\/p>\n<p>Veebileht: <a href=\"http:\/\/www.classmoving.com\" target=\"_blank\" rel=\"noopener\">http:\/\/www.classmoving.com<\/a><\/p>\n<h2><span class=\"ez-toc-section\" id=\"3_Door_to_Door_Transports\"><\/span><strong>3. Ukselt uksele vedu<\/strong><span class=\"ez-toc-section-end\"><\/span><\/h2>\n<p><img loading=\"lazy\" decoding=\"async\" class=\"alignnone size-full wp-image-8790\" src=\"https:\/\/moverdb.com\/wp-content\/uploads\/Door-to-Door-Transports-international-moving-company.png\" alt=\"Door to Door Transports rahvusvaheline kolimisfirma\" width=\"1440\" height=\"681\" data-wp-pid=\"8790\" srcset=\"https:\/\/moverdb.com\/wp-content\/uploads\/Door-to-Door-Transports-international-moving-company.png 1440w, https:\/\/moverdb.com\/wp-content\/uploads\/Door-to-Door-Transports-international-moving-company-300x142.png 300w, https:\/\/moverdb.com\/wp-content\/uploads\/Door-to-Door-Transports-international-moving-company-1024x484.png 1024w, https:\/\/moverdb.com\/wp-content\/uploads\/Door-to-Door-Transports-international-moving-company-18x9.png 18w, https:\/\/moverdb.com\/wp-content\/uploads\/Door-to-Door-Transports-international-moving-company-600x284.png 600w\" sizes=\"auto, (max-width: 1440px) 100vw, 1440px\" \/><\/p>\n<ul>\n<li>Siseriiklikud ja kohalikud kolimised<\/li>\n<li>Rahvusvahelised liikumised<\/li>\n<li>Kodumajapidamiste kolimised<\/li>\n<li>Kontori kolimised<\/li>\n<li>\u00dcmberpaigutamise teenused<\/li>\n<li>Pakkimisteenus<\/li>\n<li>Lemmikloomade \u00fcmberpaigutamine<\/li>\n<li>Kunstiteoste k\u00e4itlemine<\/li>\n<li>Kindlustus<\/li>\n<li>Ladustamisv\u00f5imalused<\/li>\n<\/ul>\n<p>Door to Door Transports on Callaos asuv rahvusvaheline kolimis- ja logistikalahenduste ettev\u00f5te. Neil on kvalifitseeritud spetsialistide meeskond ja strateegilised kokkulepped agentidega \u00fcle maailma, et pakkuda teenuseid koos nendega. Nad on IAMi liige, kellel on 25 aastat teenust.<\/p>\n<p>Door to Door Transports pakub kodumajapidamistele ja kontoritele kohandatud ukselt-uksele kolimisteenust koos \u00fcksikasjaliku logistikaplaaniga kontori kolimiseks. Nad pakuvad pakkimisteenust, milles kasutatakse uuenduslikke materjale, mis kindlustavad teie asjad \u00fcmberpaigutamise v\u00f5i ladustamise ajal. Nende kolimisteenused h\u00f5lmavad kodu ja kooli otsimist, kodu sisseseadmist ja orienteerumist.<\/p>\n<p>Veebileht: <a href=\"http:\/\/www.doortodoor.com.pe\" target=\"_blank\" rel=\"noopener\">http:\/\/www.doortodoor.com.pe<\/a><\/p>\n<h2><span class=\"ez-toc-section\" id=\"4_Express_Transports\"><\/span><strong>4. Ekspressvedu<\/strong><span class=\"ez-toc-section-end\"><\/span><\/h2>\n<p><img loading=\"lazy\" decoding=\"async\" class=\"alignnone size-full wp-image-8794\" src=\"https:\/\/moverdb.com\/wp-content\/uploads\/Express-Transports-international-moving-company.png\" alt=\"Express Transports rahvusvaheline kolimisfirma\" width=\"1440\" height=\"683\" data-wp-pid=\"8794\" srcset=\"https:\/\/moverdb.com\/wp-content\/uploads\/Express-Transports-international-moving-company.png 1440w, https:\/\/moverdb.com\/wp-content\/uploads\/Express-Transports-international-moving-company-300x142.png 300w, https:\/\/moverdb.com\/wp-content\/uploads\/Express-Transports-international-moving-company-1024x486.png 1024w, https:\/\/moverdb.com\/wp-content\/uploads\/Express-Transports-international-moving-company-18x9.png 18w, https:\/\/moverdb.com\/wp-content\/uploads\/Express-Transports-international-moving-company-600x285.png 600w\" sizes=\"auto, (max-width: 1440px) 100vw, 1440px\" \/><\/p>\n<ul>\n<li>Kohalikud ja riiklikud kolimised<\/li>\n<li>Rahvusvahelised kolimised<\/li>\n<li>Elamu kolimine<\/li>\n<li>B\u00fcroo kolimine<\/li>\n<li>Pakkimisteenus<\/li>\n<li>Transpordi korraldamine<\/li>\n<li>Tollivormistus<\/li>\n<li>Kunstiteoste k\u00e4itlemine<\/li>\n<li>Lemmikloomade \u00fcleandmine<\/li>\n<li>Ladustamisv\u00f5imalused<\/li>\n<\/ul>\n<p>Express Transports on 1975. aastal asutatud Peruu kolimisfirma, mis asub Chorrilloses. Neil on esindajate v\u00f5rgustik \u00fcle kogu maailma, mis aitab neid rahvusvaheliste teenuste osutamisel. Nad on IAMi liige 48-aastase tegutsemisaja jooksul ja on akrediteeritud FIDI poolt.<\/p>\n<p>Express Transports pakub teie vajadustele kohandatud kolimise planeerimise teenust. Nad koordineerivad teie kolimist, sealhulgas pakkimist, inventuuri koostamist, transpordi korraldamist ja tollivormistust. Nende pakkimisteenus h\u00f5lmab teie asjade turvalist pakkimist hoolikalt valitud materjalidega ning nad pakivad need saabumisel lahti ja kontrollivad sisu seisukorda.<\/p>\n<p>Veebileht: <a href=\"http:\/\/www.express.com.pe\" target=\"_blank\" rel=\"noopener\">http:\/\/www.express.com.pe<\/a><\/p>\n<h2><span class=\"ez-toc-section\" id=\"5_Gil_International_Movers\"><\/span><strong>5. Gil International Movers<\/strong><span class=\"ez-toc-section-end\"><\/span><\/h2>\n<p><img loading=\"lazy\" decoding=\"async\" class=\"alignnone size-full wp-image-8803\" src=\"https:\/\/moverdb.com\/wp-content\/uploads\/Gil-International-Movers-international-moving-company.png\" alt=\"Gil International Movers rahvusvaheline kolimisfirma\" width=\"1440\" height=\"680\" data-wp-pid=\"8803\" srcset=\"https:\/\/moverdb.com\/wp-content\/uploads\/Gil-International-Movers-international-moving-company.png 1440w, https:\/\/moverdb.com\/wp-content\/uploads\/Gil-International-Movers-international-moving-company-300x142.png 300w, https:\/\/moverdb.com\/wp-content\/uploads\/Gil-International-Movers-international-moving-company-1024x484.png 1024w, https:\/\/moverdb.com\/wp-content\/uploads\/Gil-International-Movers-international-moving-company-18x9.png 18w, https:\/\/moverdb.com\/wp-content\/uploads\/Gil-International-Movers-international-moving-company-600x283.png 600w\" sizes=\"auto, (max-width: 1440px) 100vw, 1440px\" \/><\/p>\n<ul>\n<li>Kohalikud ja riiklikud kolimised<\/li>\n<li>Rahvusvahelised kolimised<\/li>\n<li>Kodumajapidamiste kolimine<\/li>\n<li>B\u00fcroo kolimine<\/li>\n<li>Ukselt-uksele teenus<\/li>\n<li>Pakkimisteenus<\/li>\n<li>Transpordi korraldamine<\/li>\n<li>Kunstiteoste k\u00e4sitlemine<\/li>\n<li>Lemmikloomade ja s\u00f5idukite transport<\/li>\n<li>L\u00fchi- ja pikaajalised ladustamisv\u00f5imalused<\/li>\n<\/ul>\n<p>Gil International Movers on 2014. aastal asutatud kolimis- ja logistikafirma, mis asub Limas. Nad on IAMi liige, kellel on \u00fcheksa-aastane tegevus, mis annab neile juurdep\u00e4\u00e4su rahvusvahelisele kolimisagentide v\u00f5rgustikule, mis toetab nende teenuseid.<\/p>\n<p>Gil International Movers pakub uksest-ukseni teenust, mis h\u00f5lmab professionaalset pakkimisteenust, mida osutavad koolitatud t\u00f6\u00f6tajad, kes kaitsevad teie esemeid k\u00f5rgete standardite kohaselt, kusjuures eriti hoolikalt hoolitsevad habraste esemete eest. Nad pakuvad mitmeid lisateenuseid, mis h\u00f5lmavad kunstiteoste k\u00e4itlemist, lemmikloomade vedu, s\u00f5idukite vedu, ajutist m\u00f6\u00f6bli rentimist ja l\u00fchi- v\u00f5i pikaajalisi ladustamisv\u00f5imalusi.<\/p>\n<p>Veebileht: <a href=\"http:\/\/www.gilmovers.com\" target=\"_blank\" rel=\"noopener\">http:\/\/www.gilmovers.com<\/a><\/p>\n<h2><span class=\"ez-toc-section\" id=\"6_Global_Moving\"><\/span><strong>6. \u00dclemaailmne liikumine<\/strong><span class=\"ez-toc-section-end\"><\/span><\/h2>\n<p><img loading=\"lazy\" decoding=\"async\" class=\"alignnone size-full wp-image-8808\" src=\"https:\/\/moverdb.com\/wp-content\/uploads\/Global-Moving-international-moving-company-1.png\" alt=\"Global Moving rahvusvaheline kolimisfirma\" width=\"1440\" height=\"681\" data-wp-pid=\"8808\" srcset=\"https:\/\/moverdb.com\/wp-content\/uploads\/Global-Moving-international-moving-company-1.png 1440w, https:\/\/moverdb.com\/wp-content\/uploads\/Global-Moving-international-moving-company-1-300x142.png 300w, https:\/\/moverdb.com\/wp-content\/uploads\/Global-Moving-international-moving-company-1-1024x484.png 1024w, https:\/\/moverdb.com\/wp-content\/uploads\/Global-Moving-international-moving-company-1-18x9.png 18w, https:\/\/moverdb.com\/wp-content\/uploads\/Global-Moving-international-moving-company-1-600x284.png 600w\" sizes=\"auto, (max-width: 1440px) 100vw, 1440px\" \/><\/p>\n<ul>\n<li>Siseriiklikud ja kohalikud kolimised<\/li>\n<li>Rahvusvahelised liikumised<\/li>\n<li>Elamu kolimine<\/li>\n<li>B\u00fcroo kolimine<\/li>\n<li>Rahvusvaheline koordinaator<\/li>\n<li>Pakkimisteenus<\/li>\n<li>Transpordi koordineerimine<\/li>\n<li>Tolliprotseduurid<\/li>\n<li>Kindlustus<\/li>\n<li>Ladustamisv\u00f5imalused<\/li>\n<\/ul>\n<p>Global Moving on Limas asuv rahvusvaheline kolimisfirma. Neil on kvalifitseeritud personal ja infrastruktuur rahvusvaheliste kolimiste teostamiseks, kuna neil on esindajate v\u00f5rgustik \u00fcle kogu maailma. Nad on IAMi liige, kellel on seitse aastat teenust.<\/p>\n<p>Global Moving pakub kolimisteenuseid elamu- ja kontoriklientidele nii riigisiseselt kui ka rahvusvaheliselt. Nad pakuvad pakkimisteenust, mis kasutab hoolikalt valitud materjale ning koostab pakkimisnimekirja ja inventari. Nad teostavad vajalikud tolliprotseduurid ja tollivormistuse. Kohale j\u00f5udes pakivad nad m\u00f6\u00f6bli lahti ja paigutavad selle paika.<\/p>\n<p>Veebileht: <a href=\"http:\/\/www.globalperumoving.com\" target=\"_blank\" rel=\"noopener\">http:\/\/www.globalperumoving.com<\/a><\/p>\n<h2><span class=\"ez-toc-section\" id=\"7_Moving_Systems\"><\/span><strong>7. Liikuvad s\u00fcsteemid<\/strong><span class=\"ez-toc-section-end\"><\/span><\/h2>\n<p><img loading=\"lazy\" decoding=\"async\" class=\"alignnone size-full wp-image-8830\" src=\"https:\/\/moverdb.com\/wp-content\/uploads\/Moving-Systems-international-moving-company.png\" alt=\"Moving Systems rahvusvaheline kolimisfirma\" width=\"1440\" height=\"680\" data-wp-pid=\"8830\" srcset=\"https:\/\/moverdb.com\/wp-content\/uploads\/Moving-Systems-international-moving-company.png 1440w, https:\/\/moverdb.com\/wp-content\/uploads\/Moving-Systems-international-moving-company-300x142.png 300w, https:\/\/moverdb.com\/wp-content\/uploads\/Moving-Systems-international-moving-company-1024x484.png 1024w, https:\/\/moverdb.com\/wp-content\/uploads\/Moving-Systems-international-moving-company-18x9.png 18w, https:\/\/moverdb.com\/wp-content\/uploads\/Moving-Systems-international-moving-company-600x283.png 600w\" sizes=\"auto, (max-width: 1440px) 100vw, 1440px\" \/><\/p>\n<ul>\n<li>Kohalikud ja riiklikud kolimised<\/li>\n<li>Rahvusvahelised kolimised<\/li>\n<li>Kodumajapidamiste kolimine<\/li>\n<li>B\u00fcroo kolimine<\/li>\n<li>Pakkimisteenus<\/li>\n<li>Transpordi planeerimine<\/li>\n<li>Tollitoetus<\/li>\n<li>S\u00f5iduki \u00fcleandmine<\/li>\n<li>Lemmikloomade transport<\/li>\n<li>Ladustamisv\u00f5imalused<\/li>\n<\/ul>\n<p>Moving Systems pakub kolimis-, pakkimis- ja ladustamisteenuseid Peruus, Peruusse ja Peruust. Neil on \u00fcle 20 aasta kogemust ja nad asuvad Limas. Nad on IAMi liige, mis annab neile juurdep\u00e4\u00e4su rahvusvahelisele kolimisagentide v\u00f5rgustikule, mis aitab neil pakkuda oma teenuseid kogu maailmas.<\/p>\n<p>Moving Systems pakub kohalikke, riiklikke ja rahvusvahelisi kolimisi kodumajapidamistele ja kontoritele. Nad kavandavad hoolikalt teie kolimise, sealhulgas valivad parima marsruudi ja optimaalsed tingimused teie asjade transportimiseks. Nad abistavad teid tollieeskirjade t\u00e4itmisel ja tagavad, et teie asjad j\u00f5uavad ohutult kohale.<\/p>\n<p>Veebileht: <a href=\"http:\/\/www.movisystems.com\" target=\"_blank\" rel=\"noopener\">http:\/\/www.movisystems.com<\/a><\/p>\n<h2><span class=\"ez-toc-section\" id=\"8_Security_International_Moving\"><\/span><strong>8. Turvalisus Rahvusvaheline kolimine<\/strong><span class=\"ez-toc-section-end\"><\/span><\/h2>\n<p><img loading=\"lazy\" decoding=\"async\" class=\"alignnone size-full wp-image-8854\" src=\"https:\/\/moverdb.com\/wp-content\/uploads\/Security-International-Moving-company.png\" alt=\"Turvalisus Rahvusvaheline kolimisfirma\" width=\"1440\" height=\"685\" data-wp-pid=\"8854\" srcset=\"https:\/\/moverdb.com\/wp-content\/uploads\/Security-International-Moving-company.png 1440w, https:\/\/moverdb.com\/wp-content\/uploads\/Security-International-Moving-company-300x143.png 300w, https:\/\/moverdb.com\/wp-content\/uploads\/Security-International-Moving-company-1024x487.png 1024w, https:\/\/moverdb.com\/wp-content\/uploads\/Security-International-Moving-company-18x9.png 18w, https:\/\/moverdb.com\/wp-content\/uploads\/Security-International-Moving-company-600x285.png 600w\" sizes=\"auto, (max-width: 1440px) 100vw, 1440px\" \/><\/p>\n<ul>\n<li>Riiklikud liikumised<\/li>\n<li>Rahvusvahelised liikumised<\/li>\n<li>Kodumajapidamiste kolimised<\/li>\n<li>Ettev\u00f5tte liikumised<\/li>\n<li>\u00dcmberpaigutamise teenused<\/li>\n<li>Transpordi korraldamine<\/li>\n<li>Toetus koos dokumentatsiooniga<\/li>\n<li>Kunsti ja antiigi k\u00e4sitlemine<\/li>\n<li>Lemmikloomade \u00fcleandmine<\/li>\n<li>Turvalised ladustamisv\u00f5imalused<\/li>\n<\/ul>\n<p>Security International Moving on 1969. aastal Limas asutatud riiklik ja rahvusvaheline kolimisteenuse pakkuja. Nad t\u00f6\u00f6tavad koos agentide v\u00f5rgustikuga, mis aitab teil kolida mis tahes sihtkohta maailmas. Nad on IAMi liige 54-aastase tegutsemisaja jooksul ja on akrediteeritud FIDI poolt.<\/p>\n<p>Security International Moving pakub kolimis- ja \u00fcmberpaigutamisteenuseid Peruus, Peruusse ja Peruust. Nad korraldavad teie asjade turvalise transpordi teie sihtkohta ja annavad n\u00f5u vajalike dokumentide kohta. Nad pakuvad \u00fcmberpaigutusteenuseid, mis annavad juhiseid ja abi, et aidata inimestel kolida ja uude koju sisse elada.<\/p>\n<p>Veebileht: <a href=\"http:\/\/www.simoving.com.pe\" target=\"_blank\" rel=\"noopener\">http:\/\/www.simoving.com.pe<\/a><\/p>\n<h2><span class=\"ez-toc-section\" id=\"9_World_Shipping_The_Movers\"><\/span><strong>9. Maailma laevandus kolijad<\/strong><span class=\"ez-toc-section-end\"><\/span><\/h2>\n<p><img loading=\"lazy\" decoding=\"async\" class=\"alignnone size-full wp-image-8878\" src=\"https:\/\/moverdb.com\/wp-content\/uploads\/World-Shipping-international-moving-company.png\" alt=\"World Shipping rahvusvaheline liikuv ettev\u00f5te\" width=\"1440\" height=\"681\" data-wp-pid=\"8878\" srcset=\"https:\/\/moverdb.com\/wp-content\/uploads\/World-Shipping-international-moving-company.png 1440w, https:\/\/moverdb.com\/wp-content\/uploads\/World-Shipping-international-moving-company-300x142.png 300w, https:\/\/moverdb.com\/wp-content\/uploads\/World-Shipping-international-moving-company-1024x484.png 1024w, https:\/\/moverdb.com\/wp-content\/uploads\/World-Shipping-international-moving-company-18x9.png 18w, https:\/\/moverdb.com\/wp-content\/uploads\/World-Shipping-international-moving-company-600x284.png 600w\" sizes=\"auto, (max-width: 1440px) 100vw, 1440px\" \/><\/p>\n<ul>\n<li>Kohalikud ja riiklikud kolimised<\/li>\n<li>Rahvusvahelised kolimised<\/li>\n<li>Elamu kolimine<\/li>\n<li>B\u00fcroo kolimine<\/li>\n<li>Pakkimisteenus<\/li>\n<li>Inventuur ja j\u00e4lgimine<\/li>\n<li>Maismaa-, mere- ja \u00f5hutransport<\/li>\n<li>Ekspordi ja impordi tolliprotseduurid<\/li>\n<li>Kunstiteos liigub<\/li>\n<li>Ladustamisv\u00f5imalused<\/li>\n<\/ul>\n<p>World Shipping The Movers on \u00fcle 47-aastase kogemusega kolimis- ja \u00fcmberpaigutamisfirma, mis asub San Isidros. Nad t\u00f6\u00f6tavad 1000 kvalifitseeritud esindajaga \u00fcle maailma, kes toetavad neid kolimistega mis tahes riiki ja on IAMi liige.<\/p>\n<p>World Shipping The Movers pakub pakkimisteenust koos koolitatud personali ja spetsiaalsete materjalidega, sealhulgas habraste esemete kaitsmiseks. Nad valmistavad ette k\u00f5ik saadetiste dokumendid, sealhulgas tolliprotseduurid. Nad j\u00e4lgivad teie saadetist ja annavad ajakohastusi. Kohale j\u00f5udes pakivad nad teie asjad lahti ja eemaldavad k\u00f5ik j\u00e4\u00e4tmed.<\/p>\n<p>Veebileht: <a href=\"http:\/\/www.wsthemovers.com.pe\" target=\"_blank\" rel=\"noopener\">http:\/\/www.wsthemovers.com.pe<\/a><\/p>","protected":false},"excerpt":{"rendered":"<p>Moving can be a hectic time with so much to organise especially if you are moving countries and have paperwork to complete. This is where a moving company can assist in making the move easier. Below we have compiled a list of Peruvian removal companies that are members of the International Association of Movers (IAM) [&hellip;]<\/p>\n","protected":false},"author":4,"featured_media":0,"parent":190,"menu_order":0,"comment_status":"closed","ping_status":"closed","template":"","meta":{"_genesis_hide_title":false,"_genesis_hide_breadcrumbs":false,"_genesis_hide_singular_image":false,"_genesis_hide_footer_widgets":false,"_genesis_custom_body_class":"","_genesis_custom_post_class":"","_genesis_layout":"","footnotes":""},"class_list":{"0":"post-8910","1":"page","2":"type-page","3":"status-publish","5":"entry","6":"has-post-thumbnail"},"_links":{"self":[{"href":"https:\/\/moverdb.com\/et\/wp-json\/wp\/v2\/pages\/8910","targetHints":{"allow":["GET"]}}],"collection":[{"href":"https:\/\/moverdb.com\/et\/wp-json\/wp\/v2\/pages"}],"about":[{"href":"https:\/\/moverdb.com\/et\/wp-json\/wp\/v2\/types\/page"}],"author":[{"embeddable":true,"href":"https:\/\/moverdb.com\/et\/wp-json\/wp\/v2\/users\/4"}],"replies":[{"embeddable":true,"href":"https:\/\/moverdb.com\/et\/wp-json\/wp\/v2\/comments?post=8910"}],"version-history":[{"count":1,"href":"https:\/\/moverdb.com\/et\/wp-json\/wp\/v2\/pages\/8910\/revisions"}],"predecessor-version":[{"id":8911,"href":"https:\/\/moverdb.com\/et\/wp-json\/wp\/v2\/pages\/8910\/revisions\/8911"}],"up":[{"embeddable":true,"href":"https:\/\/moverdb.com\/et\/wp-json\/wp\/v2\/pages\/190"}],"wp:attachment":[{"href":"https:\/\/moverdb.com\/et\/wp-json\/wp\/v2\/media?parent=8910"}],"curies":[{"name":"wp","href":"https:\/\/api.w.org\/{rel}","templated":true}]}}