{"id":8908,"date":"2023-04-27T14:29:46","date_gmt":"2023-04-27T14:29:46","guid":{"rendered":"https:\/\/moverdb.com\/?page_id=8908"},"modified":"2026-01-08T15:29:02","modified_gmt":"2026-01-08T15:29:02","slug":"moving-companies-panama","status":"publish","type":"page","link":"https:\/\/moverdb.com\/et\/moving-companies\/moving-companies-panama\/","title":{"rendered":"5 parimat rahvusvahelist kolimisfirmat Panamas"},"content":{"rendered":"<p>Kas te kolidate koju v\u00f5i kontorisse, sinna v\u00f5i sealt v\u00e4lja? <a href=\"https:\/\/moverdb.com\/et\/moving-to-panama\/\" data-internallinksmanager029f6b8e52c=\"432\" title=\"Panamasse kolimine? 2023 elamiskulud ja kolimisn\u00f5uanded\">Panama<\/a>? Siis v\u00f5iksite v\u00f5tta t\u00f6\u00f6le teenuseid <a href=\"https:\/\/moverdb.com\/et\/moving-companies\/\" data-internallinksmanager029f6b8e52c=\"79\" title=\"Top 25 rahvusvahelist kolimisfirmat Internetis\">kolimisfirma<\/a> abistab teid pakkimisel, transpordi korraldamisel ja dokumentide vormistamisel rahvusvaheliste kolimiste puhul. Allpool oleme koostanud nimekirja Panamas asuvatest ettev\u00f5tetest. <a href=\"https:\/\/moverdb.com\/et\/international-removals\/\" data-internallinksmanager029f6b8e52c=\"27\" title=\"36 Parimad rahvusvahelised kolimisfirmad \u00dchendkuningriigis\">kolimisfirmad<\/a> mis on liikmed <a href=\"https:\/\/moverdb.com\/et\/iam\/\" data-internallinksmanager029f6b8e52c=\"23\" title=\"Rahvusvaheline kolijate assotsiatsioon (IAM) Selgitatud\">Rahvusvaheline kolijate assotsiatsioon<\/a> (IAM) ja\/v\u00f5i <a href=\"https:\/\/moverdb.com\/et\/fidi-faim\/\" data-internallinksmanager029f6b8e52c=\"16\" title=\"FIDI &amp; FAIM (FIDI akrediteeritud rahvusvaheline kolija) selgitatud\">FIDI<\/a> Akrediteeritud rahvusvaheline kolija (FAIM), kes v\u00f5iks teid kolimisel aidata.<\/p>\n<div id=\"ez-toc-container\" class=\"ez-toc-v2_0_82_2 ez-toc-wrap-left counter-hierarchy ez-toc-counter ez-toc-transparent ez-toc-container-direction\">\n<div class=\"ez-toc-title-container\">\n<p class=\"ez-toc-title\" style=\"cursor:inherit\">Jaotised<\/p>\n<span class=\"ez-toc-title-toggle\"><a href=\"#\" class=\"ez-toc-pull-right ez-toc-btn ez-toc-btn-xs ez-toc-btn-default ez-toc-toggle\" aria-label=\"Sisukorra vaheldumine\"><span class=\"ez-toc-js-icon-con\"><span class=\"\"><span class=\"eztoc-hide\" style=\"display:none;\">Toggle<\/span><span class=\"ez-toc-icon-toggle-span\"><svg style=\"fill: #999;color:#999\" xmlns=\"http:\/\/www.w3.org\/2000\/svg\" class=\"list-377408\" width=\"20px\" height=\"20px\" viewbox=\"0 0 24 24\" fill=\"none\"><path d=\"M6 6H4v2h2V6zm14 0H8v2h12V6zM4 11h2v2H4v-2zm16 0H8v2h12v-2zM4 16h2v2H4v-2zm16 0H8v2h12v-2z\" fill=\"currentColor\"><\/path><\/svg><svg style=\"fill: #999;color:#999\" class=\"arrow-unsorted-368013\" xmlns=\"http:\/\/www.w3.org\/2000\/svg\" width=\"10px\" height=\"10px\" viewbox=\"0 0 24 24\" version=\"1.2\" baseprofile=\"tiny\"><path d=\"M18.2 9.3l-6.2-6.3-6.2 6.3c-.2.2-.3.4-.3.7s.1.5.3.7c.2.2.4.3.7.3h11c.3 0 .5-.1.7-.3.2-.2.3-.5.3-.7s-.1-.5-.3-.7zM5.8 14.7l6.2 6.3 6.2-6.3c.2-.2.3-.5.3-.7s-.1-.5-.3-.7c-.2-.2-.4-.3-.7-.3h-11c-.3 0-.5.1-.7.3-.2.2-.3.5-.3.7s.1.5.3.7z\"\/><\/svg><\/span><\/span><\/span><\/a><\/span><\/div>\n<nav><ul class='ez-toc-list ez-toc-list-level-1 eztoc-toggle-hide-by-default' ><li class='ez-toc-page-1 ez-toc-heading-level-2'><a class=\"ez-toc-link ez-toc-heading-1\" href=\"https:\/\/moverdb.com\/et\/moving-companies\/moving-companies-panama\/#1_Canal_Movers_Logistics\" >1. Canal Movers &amp; Logistics<\/a><\/li><li class='ez-toc-page-1 ez-toc-heading-level-2'><a class=\"ez-toc-link ez-toc-heading-2\" href=\"https:\/\/moverdb.com\/et\/moving-companies\/moving-companies-panama\/#2_Logisfashion\" >2. Logisfashion<\/a><\/li><li class='ez-toc-page-1 ez-toc-heading-level-2'><a class=\"ez-toc-link ez-toc-heading-3\" href=\"https:\/\/moverdb.com\/et\/moving-companies\/moving-companies-panama\/#3_Mudanzas_Express\" >3. Mudanzas Express<\/a><\/li><li class='ez-toc-page-1 ez-toc-heading-level-2'><a class=\"ez-toc-link ez-toc-heading-4\" href=\"https:\/\/moverdb.com\/et\/moving-companies\/moving-companies-panama\/#4_Panama_Moving_Solutions\" >4. Panama kolimislahendused<\/a><\/li><li class='ez-toc-page-1 ez-toc-heading-level-2'><a class=\"ez-toc-link ez-toc-heading-5\" href=\"https:\/\/moverdb.com\/et\/moving-companies\/moving-companies-panama\/#5_Panama_Packing_Storage\" >5. Panama pakkimine ja ladustamine<\/a><\/li><\/ul><\/nav><\/div>\n<h2><span class=\"ez-toc-section\" id=\"1_Canal_Movers_Logistics\"><\/span><strong>1. Canal Movers &amp; Logistics<\/strong><span class=\"ez-toc-section-end\"><\/span><\/h2>\n<p><img loading=\"lazy\" decoding=\"async\" class=\"alignnone size-full wp-image-8770\" src=\"https:\/\/moverdb.com\/wp-content\/uploads\/Canal-Movers-Logistics-international-moving-company.png\" alt=\"Canal Movers &amp; Logistics rahvusvaheline kolimisfirma\" width=\"1440\" height=\"679\" data-wp-pid=\"8770\" srcset=\"https:\/\/moverdb.com\/wp-content\/uploads\/Canal-Movers-Logistics-international-moving-company.png 1440w, https:\/\/moverdb.com\/wp-content\/uploads\/Canal-Movers-Logistics-international-moving-company-300x141.png 300w, https:\/\/moverdb.com\/wp-content\/uploads\/Canal-Movers-Logistics-international-moving-company-1024x483.png 1024w, https:\/\/moverdb.com\/wp-content\/uploads\/Canal-Movers-Logistics-international-moving-company-18x8.png 18w, https:\/\/moverdb.com\/wp-content\/uploads\/Canal-Movers-Logistics-international-moving-company-600x283.png 600w\" sizes=\"auto, (max-width: 1440px) 100vw, 1440px\" \/><\/p>\n<ul>\n<li>Kohalikud ja riiklikud liikumised<\/li>\n<li>Rahvusvahelised kolimised<\/li>\n<li>Kodumajapidamiste kolimine<\/li>\n<li>Kontori kolimised<\/li>\n<li>Kohandatud teenused<\/li>\n<li>Professionaalne pakkimisteenus<\/li>\n<li>Kunstiteoste k\u00e4sitlemine<\/li>\n<li>S\u00f5idukite ja lemmikloomade vedu<\/li>\n<li>Kindlustus<\/li>\n<li>Ladustamisv\u00f5imalused<\/li>\n<\/ul>\n<p>Canal Movers &amp; Logistics on kolimis- ja logistikafirma, mis teenindab rahvusvahelisi ettev\u00f5tteid ja eraisikuid. Nad t\u00f6\u00f6tavad \u00fclemaailmse logistika- ja kolimisagentide v\u00f5rgustikuga. Nad on IAMi liige, kellel on 22 aastat kestnud tegevus ja kes on akrediteeritud FIDI poolt.<\/p>\n<p>Canal Movers &amp; Logistics pakub kolimiskoordinaatorit, kes aitab teil kolida nii kohalikul, riiklikul kui ka rahvusvahelisel tasandil, olenemata sellest, kas te kolidate oma kodu v\u00f5i \u00e4ri. Nad pakuvad professionaalset pakkimisteenust, et kaitsta teie asju transpordil ja pakkuda kindlustuskaitset. Nad pakuvad ka lisateenuseid, mille hulka kuuluvad m\u00f6\u00f6bli rentimine, autode, mootorrataste ja paatide transport, lemmikloomade transport ja kunstiteoste k\u00e4itlemine.<\/p>\n<p>Veebileht: <a href=\"http:\/\/www.canalmovers.com\" target=\"_blank\" rel=\"noopener\">http:\/\/www.canalmovers.com<\/a><\/p>\n<h2><span class=\"ez-toc-section\" id=\"2_Logisfashion\"><\/span><strong>2. Logisfashion<\/strong><span class=\"ez-toc-section-end\"><\/span><\/h2>\n<p><img loading=\"lazy\" decoding=\"async\" class=\"alignnone size-full wp-image-8822\" src=\"https:\/\/moverdb.com\/wp-content\/uploads\/Logisfashion-international-moving-company.png\" alt=\"Logisfashion rahvusvaheline kolimisfirma\" width=\"1440\" height=\"680\" data-wp-pid=\"8822\" srcset=\"https:\/\/moverdb.com\/wp-content\/uploads\/Logisfashion-international-moving-company.png 1440w, https:\/\/moverdb.com\/wp-content\/uploads\/Logisfashion-international-moving-company-300x142.png 300w, https:\/\/moverdb.com\/wp-content\/uploads\/Logisfashion-international-moving-company-1024x484.png 1024w, https:\/\/moverdb.com\/wp-content\/uploads\/Logisfashion-international-moving-company-18x9.png 18w, https:\/\/moverdb.com\/wp-content\/uploads\/Logisfashion-international-moving-company-600x283.png 600w\" sizes=\"auto, (max-width: 1440px) 100vw, 1440px\" \/><\/p>\n<ul>\n<li>Riiklik transport<\/li>\n<li>Rahvusvaheline transport<\/li>\n<li>Eratransport<\/li>\n<li>Kaubanduslik transport<\/li>\n<li>Individuaalne ukselt-uksele teenus<\/li>\n<li>Erinevad tarne suurused<\/li>\n<li>Lennu-, mere- ja maismaatransport<\/li>\n<li>Tollitoetus<\/li>\n<li>Kindlustus<\/li>\n<li>Ladustamisv\u00f5imalused<\/li>\n<\/ul>\n<p>Logisfashion on 1997. aastal asutatud rahvusvaheline logistikaettev\u00f5te, millel on filiaalid \u00fcheksas riigis \u00fcle maailma ning Panama kontor Panama linnas. Nad on IAMi liige, kellel on 42 aastat kestnud tegevus, mis annab neile juurdep\u00e4\u00e4su rahvusvahelisele kolimisagentide v\u00f5rgustikule.<\/p>\n<p>Logisfashion pakub rahvusvahelisi \u00f5hu-, mere- ja maismaatransporditeenuseid, mis h\u00f5lmavad nii t\u00e4is- kui ka v\u00e4hem kui konteinerveoseid. Nad pakuvad kohandatud uksest-ukseni teenust koos saadetise j\u00e4lgitavuse, tollivormistuse ja kaubakindlustusega. Nad pakuvad ka lao- ja ladustamisv\u00f5imalusi, et toetada turustamist ja impordi- v\u00f5i eksporditegevust.<\/p>\n<p>Veebileht: <a href=\"http:\/\/www.logisfashion.com\" target=\"_blank\" rel=\"noopener\">http:\/\/www.logisfashion.com<\/a><\/p>\n<h2><span class=\"ez-toc-section\" id=\"3_Mudanzas_Express\"><\/span><strong>3. Mudanzas Express<\/strong><span class=\"ez-toc-section-end\"><\/span><\/h2>\n<p><img loading=\"lazy\" decoding=\"async\" class=\"alignnone size-full wp-image-8833\" src=\"https:\/\/moverdb.com\/wp-content\/uploads\/Mudanzas-Express-international-moving-company.png\" alt=\"Mudanzas Express rahvusvaheline kolimisfirma\" width=\"1440\" height=\"686\" data-wp-pid=\"8833\" srcset=\"https:\/\/moverdb.com\/wp-content\/uploads\/Mudanzas-Express-international-moving-company.png 1440w, https:\/\/moverdb.com\/wp-content\/uploads\/Mudanzas-Express-international-moving-company-300x143.png 300w, https:\/\/moverdb.com\/wp-content\/uploads\/Mudanzas-Express-international-moving-company-1024x488.png 1024w, https:\/\/moverdb.com\/wp-content\/uploads\/Mudanzas-Express-international-moving-company-18x9.png 18w, https:\/\/moverdb.com\/wp-content\/uploads\/Mudanzas-Express-international-moving-company-600x286.png 600w\" sizes=\"auto, (max-width: 1440px) 100vw, 1440px\" \/><\/p>\n<ul>\n<li>Kohalikud kolimised<\/li>\n<li>Rahvusvahelised liikumised<\/li>\n<li>Kodumajapidamiste kolimised<\/li>\n<li>\u00c4ri- ja kontorik\u00e4igud<\/li>\n<li>Ukselt-uksele teenus<\/li>\n<li>J\u00e4relevalve all olev juhtimisprotsess<\/li>\n<li>Pakkimisteenus<\/li>\n<li>Lennu- ja meretransport<\/li>\n<li>Tollimaaklerlus<\/li>\n<li>Autotransport<\/li>\n<\/ul>\n<p>Mudanzas Express on Tocumenis asuv rahvusvaheline kolimisfirma, millel on \u00fcle 12 aasta kogemust. Nad on IAMi liige 15-aastase tegevusaastaga ja see annab neile rahvusvahelise kolimisagentide v\u00f5rgustiku, mis toetab neid teenuste osutamisel v\u00e4ljaspool Panamat.<\/p>\n<p>Mudanzas Express pakub Panamasse v\u00f5i Panamast kolijatele kolimisteenust, mis pakub ukselt-uksele teenust. Nad pakuvad pakkimisteenust, et kaitsta teie asju transportimise ajal, m\u00f6\u00f6bli lahtiv\u00f5tmist ja kokkupanekut ning habraste esemete ja klaverite k\u00e4itlemist.  Nad korraldavad transpordi ja haldavad protsessi, sealhulgas tollimaaklerlust.<\/p>\n<p>Veebileht: <a href=\"http:\/\/www.mudanzasexpresspanama.com\" target=\"_blank\" rel=\"noopener\">http:\/\/www.mudanzasexpresspanama.com<\/a><\/p>\n<h2><span class=\"ez-toc-section\" id=\"4_Panama_Moving_Solutions\"><\/span><strong>4. Panama kolimislahendused<\/strong><span class=\"ez-toc-section-end\"><\/span><\/h2>\n<p><img loading=\"lazy\" decoding=\"async\" class=\"alignnone size-full wp-image-8843\" src=\"https:\/\/moverdb.com\/wp-content\/uploads\/Panama-Moving-Solutions-international-moving-company.png\" alt=\"Panama Moving Solutions rahvusvaheline kolimisfirma\" width=\"1440\" height=\"681\" data-wp-pid=\"8843\" srcset=\"https:\/\/moverdb.com\/wp-content\/uploads\/Panama-Moving-Solutions-international-moving-company.png 1440w, https:\/\/moverdb.com\/wp-content\/uploads\/Panama-Moving-Solutions-international-moving-company-300x142.png 300w, https:\/\/moverdb.com\/wp-content\/uploads\/Panama-Moving-Solutions-international-moving-company-1024x484.png 1024w, https:\/\/moverdb.com\/wp-content\/uploads\/Panama-Moving-Solutions-international-moving-company-18x9.png 18w, https:\/\/moverdb.com\/wp-content\/uploads\/Panama-Moving-Solutions-international-moving-company-600x284.png 600w\" sizes=\"auto, (max-width: 1440px) 100vw, 1440px\" \/><\/p>\n<ul>\n<li>Kohalikud ja riiklikud kolimised<\/li>\n<li>Rahvusvahelised kolimised<\/li>\n<li>Kodumajapidamiste kolimine<\/li>\n<li>Ettev\u00f5tte kolimised<\/li>\n<li>Ukselt-uksele ja ukselt-uksele<a href=\"https:\/\/moverdb.com\/et\/top-49-container-ports\/\" data-internallinksmanager029f6b8e52c=\"80\" title=\"Top 49 suurimat ja tihedaima liiklusega konteinersadamat 2025. aastal\">sadam<\/a> teenused<\/li>\n<li>Pakkimisteenused<\/li>\n<li>Transpordi korraldamine<\/li>\n<li>Lemmikloomade transport<\/li>\n<li>S\u00f5iduki transport<\/li>\n<li>Ladustamisv\u00f5imalused<\/li>\n<\/ul>\n<p>Panama Moving Solutions pakub rahvusvahelisi kolimisi ja kaubavedusid \u00fcle 20-aastase kogemusega ning asub Panama Citys. Nad teevad koost\u00f6\u00f6d rahvusvaheliselt tunnustatud kolimisagentidega, kes toetavad neid teenuste osutamisel, ja nad on IAMi liige kuueaastase tegevusega.<\/p>\n<p>Panama Moving Solutions pakub kohandatud kolimisi Panamas, Panamasse ja Panamast, mis v\u00f5ivad olla uksest-ukseni v\u00f5i uksest-sadamasse teenused. Nad pakuvad pakkimisteenust, mis kasutab parimaid pakendustooteid ja uusimaid pakkimistehnikaid, et v\u00e4hendada kahjustusi ja niiskust. Nad pakuvad lisateenuseid, mis h\u00f5lmavad lemmikloomade ja s\u00f5idukite transporti ning ladustamist.<\/p>\n<p>Veebileht: <a href=\"http:\/\/www.pmovings.com\" target=\"_blank\" rel=\"noopener\">http:\/\/www.pmovings.com<\/a><\/p>\n<h2><span class=\"ez-toc-section\" id=\"5_Panama_Packing_Storage\"><\/span><strong>5. Panama pakkimine ja ladustamine<\/strong><span class=\"ez-toc-section-end\"><\/span><\/h2>\n<p><img loading=\"lazy\" decoding=\"async\" class=\"alignnone size-full wp-image-8844\" src=\"https:\/\/moverdb.com\/wp-content\/uploads\/Panama-Packing-Storage-international-moving-company.png\" alt=\"Panama Packing &amp; Storage rahvusvaheline kolimisfirma\" width=\"1440\" height=\"682\" data-wp-pid=\"8844\" srcset=\"https:\/\/moverdb.com\/wp-content\/uploads\/Panama-Packing-Storage-international-moving-company.png 1440w, https:\/\/moverdb.com\/wp-content\/uploads\/Panama-Packing-Storage-international-moving-company-300x142.png 300w, https:\/\/moverdb.com\/wp-content\/uploads\/Panama-Packing-Storage-international-moving-company-1024x485.png 1024w, https:\/\/moverdb.com\/wp-content\/uploads\/Panama-Packing-Storage-international-moving-company-18x9.png 18w, https:\/\/moverdb.com\/wp-content\/uploads\/Panama-Packing-Storage-international-moving-company-600x284.png 600w\" sizes=\"auto, (max-width: 1440px) 100vw, 1440px\" \/><\/p>\n<ul>\n<li>Kohalikud kolimised<\/li>\n<li>Rahvusvahelised liikumised<\/li>\n<li>Kodumajapidamiste kolimised<\/li>\n<li>Kontoriteenused<\/li>\n<li>Ukselt-uksele v\u00f5i ukselt-sadamasse teenused<\/li>\n<li>Pakkimisteenus<\/li>\n<li>Maantee-, mere- ja \u00f5hutransport<\/li>\n<li>Impordi ja ekspordi tugi<\/li>\n<li>Kaunite kunstide k\u00e4sitlemine<\/li>\n<li>L\u00fchikesed ja pikad ladustamisv\u00f5imalused<\/li>\n<\/ul>\n<p>Panama Packing &amp; Storage on 1971. aastal asutatud Ladina-Ameerika kolimisfirma, mis asub Panama Citys. Neil on \u00fclemaailmne kolimisagentide v\u00f5rgustik, mis saab neid toetada oma teenustega v\u00e4ljaspool nende tegevuspiirkonda. Nad on IAMi liige ja FIDI poolt akrediteeritud.<\/p>\n<p>Panama Packing &amp; Storage pakub rahvusvahelisi \u00fcmberpaigutusi ja kohalikke kolimisi, mis h\u00f5lmab ka kunsti k\u00e4itlemise teenust. Nad pakuvad pakkimis- ja lahtipakkimisteenust, mis h\u00f5lmab ka habraste esemete pakkimist ja pakkimist. Nad pakuvad turvalisi ladustamisv\u00f5imalusi, mis sobivad l\u00fchi- v\u00f5i pikaajalisteks lahendusteks.<\/p>\n<p>Veebileht: <a href=\"http:\/\/www.panamapacking.com\" target=\"_blank\" rel=\"noopener\">http:\/\/www.panamapacking.com<\/a><\/p>","protected":false},"excerpt":{"rendered":"<p>Are you moving home or office within, to or from Panama? Then you may want to employ the services of a moving company to assist you with packing, organising transportation and arrangement of documentation for international moves. Below we have compiled a list of Panama based removal companies that are members of the International Association [&hellip;]<\/p>\n","protected":false},"author":4,"featured_media":0,"parent":190,"menu_order":0,"comment_status":"closed","ping_status":"closed","template":"","meta":{"_genesis_hide_title":false,"_genesis_hide_breadcrumbs":false,"_genesis_hide_singular_image":false,"_genesis_hide_footer_widgets":false,"_genesis_custom_body_class":"","_genesis_custom_post_class":"","_genesis_layout":"","footnotes":""},"class_list":{"0":"post-8908","1":"page","2":"type-page","3":"status-publish","5":"entry","6":"has-post-thumbnail"},"_links":{"self":[{"href":"https:\/\/moverdb.com\/et\/wp-json\/wp\/v2\/pages\/8908","targetHints":{"allow":["GET"]}}],"collection":[{"href":"https:\/\/moverdb.com\/et\/wp-json\/wp\/v2\/pages"}],"about":[{"href":"https:\/\/moverdb.com\/et\/wp-json\/wp\/v2\/types\/page"}],"author":[{"embeddable":true,"href":"https:\/\/moverdb.com\/et\/wp-json\/wp\/v2\/users\/4"}],"replies":[{"embeddable":true,"href":"https:\/\/moverdb.com\/et\/wp-json\/wp\/v2\/comments?post=8908"}],"version-history":[{"count":1,"href":"https:\/\/moverdb.com\/et\/wp-json\/wp\/v2\/pages\/8908\/revisions"}],"predecessor-version":[{"id":8909,"href":"https:\/\/moverdb.com\/et\/wp-json\/wp\/v2\/pages\/8908\/revisions\/8909"}],"up":[{"embeddable":true,"href":"https:\/\/moverdb.com\/et\/wp-json\/wp\/v2\/pages\/190"}],"wp:attachment":[{"href":"https:\/\/moverdb.com\/et\/wp-json\/wp\/v2\/media?parent=8908"}],"curies":[{"name":"wp","href":"https:\/\/api.w.org\/{rel}","templated":true}]}}