{"id":8906,"date":"2023-04-27T14:30:32","date_gmt":"2023-04-27T14:30:32","guid":{"rendered":"https:\/\/moverdb.com\/?page_id=8906"},"modified":"2026-01-08T15:24:24","modified_gmt":"2026-01-08T15:24:24","slug":"moving-companies-paraguay","status":"publish","type":"page","link":"https:\/\/moverdb.com\/et\/moving-companies\/moving-companies-paraguay\/","title":{"rendered":"3 parimat rahvusvahelist kolimisfirmat Paraguays"},"content":{"rendered":"<p>Kas te plaanite kolida Paraguaysse, Paraguaysse v\u00f5i Paraguayst? Kui vajate abi pakkimisel ja kolimise korraldamisel, eriti kui te kolidate riiki ja peate t\u00e4itma impordi-\/ekspordipabereid. Allpool oleme koostanud nimekirja Paraguays asuvatest ettev\u00f5tetest. <a href=\"https:\/\/moverdb.com\/et\/international-removals\/\" data-internallinksmanager029f6b8e52c=\"27\" title=\"36 Parimad rahvusvahelised kolimisfirmad \u00dchendkuningriigis\">kolimisfirmad<\/a> mis on liikmed <a href=\"https:\/\/moverdb.com\/et\/iam\/\" data-internallinksmanager029f6b8e52c=\"23\" title=\"Rahvusvaheline kolijate assotsiatsioon (IAM) Selgitatud\">Rahvusvaheline kolijate assotsiatsioon<\/a> (IAM) ja\/v\u00f5i <a href=\"https:\/\/moverdb.com\/et\/fidi-faim\/\" data-internallinksmanager029f6b8e52c=\"16\" title=\"FIDI &amp; FAIM (FIDI akrediteeritud rahvusvaheline kolija) selgitatud\">FIDI<\/a> Akrediteeritud rahvusvaheline kolija (FAIM), kes v\u00f5iks teid kolimisel aidata.<\/p>\n<h2><strong>1. Servimex<\/strong><\/h2>\n<p><img loading=\"lazy\" decoding=\"async\" class=\"alignnone size-full wp-image-8856\" src=\"https:\/\/moverdb.com\/wp-content\/uploads\/Servimex-international-moving-company.png\" alt=\"Servimex rahvusvaheline kolimisfirma\" width=\"1440\" height=\"674\" data-wp-pid=\"8856\" srcset=\"https:\/\/moverdb.com\/wp-content\/uploads\/Servimex-international-moving-company.png 1440w, https:\/\/moverdb.com\/wp-content\/uploads\/Servimex-international-moving-company-300x140.png 300w, https:\/\/moverdb.com\/wp-content\/uploads\/Servimex-international-moving-company-1024x479.png 1024w, https:\/\/moverdb.com\/wp-content\/uploads\/Servimex-international-moving-company-18x8.png 18w, https:\/\/moverdb.com\/wp-content\/uploads\/Servimex-international-moving-company-600x281.png 600w\" sizes=\"auto, (max-width: 1440px) 100vw, 1440px\" \/><\/p>\n<ul>\n<li>Kohalikud riiklikud kolimised<\/li>\n<li>Rahvusvahelised kolimised<\/li>\n<li>Elamu kolimine<\/li>\n<li>B\u00fcroo kolimine<\/li>\n<li>Ukselt-uksele teenused<\/li>\n<li>Pakkimisteenus<\/li>\n<li>Maantee-, mere- ja \u00f5hutransport<\/li>\n<li>Tollivormistus<\/li>\n<li>Kindlustus<\/li>\n<li>Ladustamisv\u00f5imalused<\/li>\n<\/ul>\n<p>Servimex on <a href=\"https:\/\/moverdb.com\/et\/moving-companies\/\" data-internallinksmanager029f6b8e52c=\"79\" title=\"Top 25 rahvusvahelist kolimisfirmat Internetis\">kolimisfirma<\/a> mis asutati 1979. aastal ja asub Asuncionis. Nad on IAMi liige 44-aastase tegutsemisaja jooksul ja on akrediteeritud FIDI poolt, mis annab neile juurdep\u00e4\u00e4su rahvusvahelisele kolimisagentide v\u00f5rgustikule.<\/p>\n<p>Servimex pakub pakkimisteenust majapidamistarbedele ja kunstiteostele, mis pakitakse t\u00f6\u00f6stuspakenditesse, et kaitsta neid transpordil. Nad pakuvad multimodaalseid transpordilahendusi, sealhulgas maantee-, mere- ja \u00f5hutransporti, kasutades konteinereid, ning abistavad ekspordi ja impordi tollivormistamisel. Nad pakuvad \u00fcmberasumisteenuseid, sealhulgas sisser\u00e4nde-, orienteerumis- ja elukohaabi, majade ja koolide otsinguid ning lahkumisabi.<\/p>\n<p>Veebileht: <a href=\"http:\/\/www.servimex.com.py\" target=\"_blank\" rel=\"noopener\">http:\/\/www.servimex.com.py<\/a><\/p>\n<h2><strong>2. Benkovics<\/strong><\/h2>\n<p><img loading=\"lazy\" decoding=\"async\" class=\"alignnone size-full wp-image-8766\" src=\"https:\/\/moverdb.com\/wp-content\/uploads\/Benkovics-international-moving-company.png\" alt=\"Benkovics rahvusvaheline kolimisfirma\" width=\"1440\" height=\"679\" data-wp-pid=\"8766\" srcset=\"https:\/\/moverdb.com\/wp-content\/uploads\/Benkovics-international-moving-company.png 1440w, https:\/\/moverdb.com\/wp-content\/uploads\/Benkovics-international-moving-company-300x141.png 300w, https:\/\/moverdb.com\/wp-content\/uploads\/Benkovics-international-moving-company-1024x483.png 1024w, https:\/\/moverdb.com\/wp-content\/uploads\/Benkovics-international-moving-company-18x8.png 18w, https:\/\/moverdb.com\/wp-content\/uploads\/Benkovics-international-moving-company-600x283.png 600w\" sizes=\"auto, (max-width: 1440px) 100vw, 1440px\" \/><\/p>\n<ul>\n<li>Riiklikud kolimised<\/li>\n<li>Rahvusvahelised kolimised<\/li>\n<li>Kodumajapidamiste kolimine<\/li>\n<li>Kolimiseelne k\u00fcsitlus<\/li>\n<li>Liikumisjuhised<\/li>\n<li>Pakkimisteenus<\/li>\n<li>Maismaa-, \u00f5hu- ja meretransport<\/li>\n<li>Ekspordilitsents<\/li>\n<li>Kindlustus<\/li>\n<li>L\u00fchi- ja pikaajaline ladustamine<\/li>\n<\/ul>\n<p>Benkovics on kolimisfirma, mis asub Asuncionis. Nad teevad koost\u00f6\u00f6d rahvusvaheliselt akrediteeritud kolimisagentidega \u00fcle kogu maailma, et pakkuda oma teenuseid rahvusvaheliselt. Nad on IAMi liige, kellel on 64 aastat kestnud tegevus.<\/p>\n<p>Benkovics pakub kolimiseelset \u00fclevaatust, et hinnata teie kolimisvajaduste mahtu ja anda teile hinnang. Nad pakuvad pakkimisteenust, mille puhul kasutatakse teie asjade kaitsmiseks parima kvaliteediga pakkematerjale, sealhulgas puidust luukereid ja tugevaid karpe. Nende logistikaeksperdid korraldavad transpordi maantee-, \u00f5hu- v\u00f5i meretranspordi ja aitavad ekspordikorraldusega. Kohale j\u00f5udes pakivad nad k\u00f5ik j\u00e4\u00e4tmed lahti ja eemaldavad need.<\/p>\n<p>Veebileht: <a href=\"http:\/\/www.benkovics.com.py\" target=\"_blank\" rel=\"noopener\">http:\/\/www.benkovics.com.py<\/a><\/p>\n<h2><strong>3. Asuncion Vanpack<\/strong><\/h2>\n<p><img loading=\"lazy\" decoding=\"async\" class=\"alignnone size-full wp-image-8761\" src=\"https:\/\/moverdb.com\/wp-content\/uploads\/Asuncion-Vanpack-international-moving-company.png\" alt=\"Asuncion Vanpack rahvusvaheline kolimisfirma\" width=\"1440\" height=\"677\" data-wp-pid=\"8761\" srcset=\"https:\/\/moverdb.com\/wp-content\/uploads\/Asuncion-Vanpack-international-moving-company.png 1440w, https:\/\/moverdb.com\/wp-content\/uploads\/Asuncion-Vanpack-international-moving-company-300x141.png 300w, https:\/\/moverdb.com\/wp-content\/uploads\/Asuncion-Vanpack-international-moving-company-1024x481.png 1024w, https:\/\/moverdb.com\/wp-content\/uploads\/Asuncion-Vanpack-international-moving-company-18x8.png 18w, https:\/\/moverdb.com\/wp-content\/uploads\/Asuncion-Vanpack-international-moving-company-600x282.png 600w\" sizes=\"auto, (max-width: 1440px) 100vw, 1440px\" \/><\/p>\n<ul>\n<li>Riiklikud liikumised<\/li>\n<li>Rahvusvahelised liikumised<\/li>\n<li>Kodumajapidamiste kolimised<\/li>\n<li>Kodune uuring<\/li>\n<li>Pakkimisteenus<\/li>\n<li>Spetsiaalne pakend<\/li>\n<li>Transpordi korraldamine<\/li>\n<li>Kindlustus<\/li>\n<li>Failide haldamine<\/li>\n<li>Ladustamisv\u00f5imalused<\/li>\n<\/ul>\n<p>Asuncion Vanpack on transpordi- ja logistikaettev\u00f5te, millel on enam kui 30-aastane kogemus ja mis asub Asuncionis. Nad on IAMi liige, kellel on 35 aastat kogemust, mis annab neile juurdep\u00e4\u00e4su rahvusvahelisele kolimisagentide v\u00f5rgustikule, mis toetab neid v\u00e4ljaspool Paraguayd.<\/p>\n<p>Asuncion Vanpack viib l\u00e4bi uuringu, et teha kindlaks teie kolimise maht, et soovitada parimaid v\u00f5imalusi teie kolimiseks ja koostada hinnapakkumine. Nad pakuvad pakkimisteenust, mis pakub parimaid pakkematerjale, et kaitsta teie esemeid transpordi ajal, ja nad kasutavad iga eseme jaoks spetsiaalset pakendi disaini ning neil on puusepat\u00f6\u00f6d erivajaduste jaoks.<\/p>\n<p>Veebileht: <a href=\"http:\/\/www.asuncionvanpack.com\" target=\"_blank\" rel=\"noopener\">http:\/\/www.asuncionvanpack.com<\/a><\/p>","protected":false},"excerpt":{"rendered":"<p>Are you planning a move within, to or from Paraguay? If you need help with packing and organising your move especially if you are moving countries and need to complete import\/export paperwork. Below we have compiled a list of Paraguay based removal companies that are members of the International Association of Movers (IAM) and\/or FIDI [&hellip;]<\/p>\n","protected":false},"author":4,"featured_media":0,"parent":190,"menu_order":0,"comment_status":"closed","ping_status":"closed","template":"","meta":{"_genesis_hide_title":false,"_genesis_hide_breadcrumbs":false,"_genesis_hide_singular_image":false,"_genesis_hide_footer_widgets":false,"_genesis_custom_body_class":"","_genesis_custom_post_class":"","_genesis_layout":"","footnotes":""},"class_list":{"0":"post-8906","1":"page","2":"type-page","3":"status-publish","5":"entry","6":"has-post-thumbnail"},"_links":{"self":[{"href":"https:\/\/moverdb.com\/et\/wp-json\/wp\/v2\/pages\/8906","targetHints":{"allow":["GET"]}}],"collection":[{"href":"https:\/\/moverdb.com\/et\/wp-json\/wp\/v2\/pages"}],"about":[{"href":"https:\/\/moverdb.com\/et\/wp-json\/wp\/v2\/types\/page"}],"author":[{"embeddable":true,"href":"https:\/\/moverdb.com\/et\/wp-json\/wp\/v2\/users\/4"}],"replies":[{"embeddable":true,"href":"https:\/\/moverdb.com\/et\/wp-json\/wp\/v2\/comments?post=8906"}],"version-history":[{"count":1,"href":"https:\/\/moverdb.com\/et\/wp-json\/wp\/v2\/pages\/8906\/revisions"}],"predecessor-version":[{"id":8907,"href":"https:\/\/moverdb.com\/et\/wp-json\/wp\/v2\/pages\/8906\/revisions\/8907"}],"up":[{"embeddable":true,"href":"https:\/\/moverdb.com\/et\/wp-json\/wp\/v2\/pages\/190"}],"wp:attachment":[{"href":"https:\/\/moverdb.com\/et\/wp-json\/wp\/v2\/media?parent=8906"}],"curies":[{"name":"wp","href":"https:\/\/api.w.org\/{rel}","templated":true}]}}