{"id":890,"date":"2016-08-29T10:10:27","date_gmt":"2016-08-29T10:10:27","guid":{"rendered":"http:\/\/moverdb.com\/?page_id=890"},"modified":"2026-01-08T15:20:31","modified_gmt":"2026-01-08T15:20:31","slug":"pearson","status":"publish","type":"page","link":"https:\/\/moverdb.com\/et\/pearson\/","title":{"rendered":"Pearson Home Moving: International Removals Reviews"},"content":{"rendered":"<p>Pearson Home Moving on kolimis- ja \u00fcmberpaigutamisfirma, mis pakub oma klientidele j\u00e4rgmisi teenuseid. Teenuste loetelule j\u00e4rgneb nende ettev\u00f5tte profiil ja arvustused.<\/p>\n<p><strong>Rahvusvahelised kolimisteenused<\/strong><\/p>\n<ul>\n<li> Spetsiaalne kolimisjuht<\/li>\n<li> Teenus ukselt uksele<\/li>\n<li> Spetsiaalne s\u00f5idukipark<\/li>\n<li> Professionaalsed pakendajad - lahtiv\u00f5tmine ja pakkimine<\/li>\n<li> Pakendatud pakkematerjalid<\/li>\n<li> <a href=\"https:\/\/moverdb.com\/et\/konteiner-laevandus\/\">Lennu- v\u00f5i meretransport<\/a><\/li>\n<li> Tolliabi<\/li>\n<li> Paki lahti ja pane uuesti kokku<\/li>\n<li> Lemmikloomade \u00fcmberpaigutamine<\/li>\n<li> <a href=\"https:\/\/moverdb.com\/et\/autoveo-laevandus\/\">S\u00f5iduki \u00fcmberpaigutamine<\/a><\/li>\n<li> Puhastusteenus<\/li>\n<li> Korraldatud kindlustus<\/li>\n<li> Ladustamine saadaval<\/li>\n<\/ul>\n<h2>Pearson Home Moving Company profiil<\/h2>\n<p>Pearson Home Moving asutati 1917. aastal Edward Pearsoni poolt ja on t\u00e4naseks teostanud \u00fcle 250 000 eduka kolimise \u00fcle k\u00f5igi kontinentide, isegi Antarktika. Edward Pearsoni eesm\u00e4rk oli saada parimaks kolijaks. <a href=\"https:\/\/moverdb.com\/et\/international-removals\/\" data-internallinksmanager029f6b8e52c=\"27\" title=\"36 Parimad rahvusvahelised kolimisfirmad \u00dchendkuningriigis\">kolimisfirma<\/a> \u00e4ris.<\/p>\n<p>Ettev\u00f5te \u00fctleb, et on viimase 100 aasta jooksul ehitanud \u00fche maailma parima kolimisprofessionaalide v\u00f5rgustiku. Pearson Home Moving seab oma kliendid esikohale, \u00fcksk\u00f5ik kui v\u00e4ike kolimine ka poleks.<\/p>\n<p>Pearson Home Moving'i keskkonnapoliitika h\u00f5lmab keskkonnas\u00f5bralike toodete kasutamist ja ringlussev\u00f5ttu, kui see on v\u00f5imalik, ning p\u00fc\u00fcab alati kasutada t\u00e4ielikult koormatud s\u00f5idukeid, et v\u00e4hendada oma s\u00fcsinikujalaj\u00e4lge.<\/p>\n<p>Neil on j\u00e4rgmised akrediteeringud ja sidemed:<\/p>\n<ul>\n<li> <a href=\"https:\/\/moverdb.com\/et\/british-association-of-removers\/\">Briti kolijate \u00fchendus<\/a> (<a href=\"https:\/\/moverdb.com\/et\/british-association-of-removers\/\" data-internallinksmanager029f6b8e52c=\"9\" title=\"Briti kolijate assotsiatsioon (BAR) Selgitatud\">BAR<\/a>)<\/li>\n<li> <a href=\"https:\/\/moverdb.com\/et\/harmony-relocation-network\/\">Harmony \u00fcmberpaigutamise v\u00f5rgustik<\/a><\/li>\n<li> DNV ISO9001<\/li>\n<li> <a href=\"https:\/\/moverdb.com\/et\/fedemac\/\">Euroopa Kolijate F\u00f6deratsioon<\/a> (<a href=\"https:\/\/moverdb.com\/et\/fedemac\/\" data-internallinksmanager029f6b8e52c=\"15\" title=\"Euroopa Kolijate F\u00f6deratsiooni (FEDEMAC) selgitused\">FEDEMAC<\/a>)<\/li>\n<li> <a href=\"https:\/\/moverdb.com\/et\/fidi-faim\/\">FIDI<\/a><\/li>\n<\/ul>\n<h2>Pearson Home Moving Arvamused<\/h2>\n<p><strong>Positiivne:<\/strong><\/p>\n<ul>\n<li> \"See oli meie 19. kolimine 40 aasta jooksul. K\u00f5ige parem, v\u00e4ga professionaalne kontoripersonal ja kolijad olid esmaklassilised. H\u00e4sti tehtud! Soovitame Pearsonit kogu s\u00fcdamest k\u00f5igile.\" - Peter via <a href=\"http:\/\/www.pearsonhomemoving.com\/\" target=\"_blank\" rel=\"noopener\">Pearson Home Moving veebileht<\/a><\/li>\n<li> <em>\"See ettev\u00f5te oli algusest l\u00f5puni fantastiline. Nende hind oli t\u00f5esti konkurentsiv\u00f5imeline ja nad andsid <a href=\"https:\/\/moverdb.com\/et\/moving-to-the-united-states\/\" data-internallinksmanager029f6b8e52c=\"94\" title=\"Kolimine Ameerika \u00dchendriikidesse? 2022 Elamiskulud ja kolimisn\u00f5uanded\">us<\/a> suurep\u00e4rane teenus.\"<\/em> - Steve kaudu <a href=\"http:\/\/www.mymovingreviews.com\/movers\/pearson-home-moving-2276#56936\" target=\"_blank\" rel=\"noopener\">MyMovingReviews.com<\/a><\/li>\n<li> <em>\"Me saime v\u00e4ga professionaalset teenust meie kolimisel alates <a href=\"https:\/\/moverdb.com\/et\/moving-to-germany\/\" data-internallinksmanager029f6b8e52c=\"321\" title=\"Kolimine Saksamaale? 2023 elamiskulud ja kolimisn\u00f5uanded\">Saksamaa<\/a> et <a href=\"https:\/\/moverdb.com\/et\/moving-to-the-uk\/\" data-internallinksmanager029f6b8e52c=\"93\" title=\"Kolimine \u00dchendkuningriiki? 2022 Elamiskulud ja kolimisn\u00f5uanded\">UK<\/a>.\"<\/em> - Kerry kaudu <a href=\"http:\/\/www.removalreviews.co.uk\/movingreviews\/home-move-to-uk-10941\" target=\"_blank\" rel=\"noopener\">Eemaldamine Arvamused<\/a><\/li>\n<li> \"<em>Suurep\u00e4rane klienditeenindus \/ suurep\u00e4rane \u00fcldine teenindus .\"<\/em> - Bruce kaudu <a href=\"http:\/\/www.ciao.co.uk\/Pearson_Home_Moving__Review_6008009\" target=\"_blank\" rel=\"noopener\">Ciao!<\/a> <\/li>\n<\/ul>\n<p><strong>Negatiivne:<\/strong><\/p>\n<ul>\n<li> <em>\"Tarne tuli kaks p\u00e4eva hilinemisega. Me saame aru, et piiril olid probleemid ja viivitused, mis ei olnud nende kontrolli all, kuid mitte see, et meid ei teavitatud kunagi tarne seisust.\"<\/em> - Christoph kaudu <a href=\"http:\/\/www.mymovingreviews.com\/movers\/pearson-home-moving-2276#57516\" target=\"_blank\" rel=\"noopener\">MyMovingReviews.com<\/a> <\/li>\n<li> <em>\"Kohaletoimetamisel olid minu kastid nii m\u00e4\u00e4rdunud kui ka m\u00e4rjad. Sellest tulenevalt olid need ka kahjustatud.\"<\/em> - Harald in Glos kaudu <a href=\"http:\/\/www.removalreviews.co.uk\/movingreviews\/never-again-10123\" target=\"_blank\" rel=\"noopener\">Eemaldamine Arvamused<\/a><\/li>\n<li> <em>\"L\u00f5puks toimetati minu asjad k\u00e4tte septembri keskel, 81 p\u00e4eva p\u00e4rast nende k\u00e4ttesaamist.\"<\/em> - Imoena kaudu <a href=\"http:\/\/www.ciao.co.uk\/Pearson_Home_Moving__Review_6113468\" target=\"_blank\" rel=\"noopener\">Ciao!<\/a> <\/li>\n<\/ul>\n<div itemprop=\"review\" itemscope itemtype=\"http:\/\/schema.org\/Review\">\n<span itemprop=\"author\" itemscope=\"\" itemtype=\"http:\/\/schema.org\/Organization\"><span itemprop=\"name\">MoverDB.com<\/span><\/span> Veebilehe \u00fclevaatus veebisaidi jaoks <span itemprop=\"itemreviewed\" itemscope=\"\" itemtype=\"http:\/\/schema.org\/Brand\"><span itemprop=\"name\">Pearson Home Moving<\/span><\/span>:<\/p>\n<ol>\n<li> Selged kontaktandmed veebisaidil (sh telefoninumber): <strong>Jah<\/strong><\/li>\n<li> Lihtne saada <a href=\"https:\/\/moverdb.com\/et\/tsitaadid\/\">rahvusvaheliste kolimiste hinnapakkumised<\/a>? (veebip\u00f5hine hinnangu taotluse vorm): <strong>Jah<\/strong><\/li>\n<li> Selge teave veebilehel: <strong>M\u00f5ned<\/strong>, kuigi seal on olemas selge kontaktinfo ja \u00fclevaade teenustest, puudub veebilehel \u00fcksikasjalik teave kolimise planeerimise kohta.<\/li>\n<li> Liikmelisus rahvusvahelistes tunnustatud liikumisorganisatsioonides: <strong>Jah<\/strong>, vt eespool.<\/li>\n<li> Klientide ja\/v\u00f5i varasemate klientide soovitused: <strong>Jah,<\/strong> Saidil on mitmeid klientide iseloomustusi.<\/li>\n<\/ol>\n<div itemprop=\"reviewRating\" itemscope itemtype=\"http:\/\/schema.org\/Rating\"><meta itemprop=\"worstRating\" content = \"0\" \/><meta itemprop=\"bestRating\" content=\"5\" \/><meta itemprop=\"ratingValue\" content=\"4.5\"><\/div>\n<p><strong>\u00dcldine hinne: 4.5\/5<\/strong><br \/>\n<strong>L\u00e4bivaatamise kuup\u00e4ev:<\/strong> <span itemprop=\"datePublished\" content=\"2016-08-29\">29\/08\/2016<\/span>\n<\/div>\n<p>Rohkem infot <a href=\"https:\/\/moverdb.com\/et\/rahvusvahelised-kolimised\/\">rahvusvahelised kolimised<\/a> ja meie <a href=\"https:\/\/moverdb.com\/et\/arvustused\/\">l\u00e4bivaatamisprotsess<\/a>.<\/p>\n<p><strong>Veebileht:<\/strong> <a href=\"http:\/\/www.pearsonhomemoving.com\" target=\"_blank\" rel=\"noopener\">http:\/\/www.pearsonhomemoving.com<\/a><\/p>","protected":false},"excerpt":{"rendered":"<p>Pearson Home Moving are a removal and relocation company which offer the following services to their clients. The service list is followed by their company profile and reviews. International Home Moving Services Dedicated move manager Door to door service Dedicated vehicle fleet Professional packers &#8211; disassemble and pack Packing materials suppled Air freight or sea [&hellip;]<\/p>\n","protected":false},"author":1,"featured_media":0,"parent":0,"menu_order":0,"comment_status":"closed","ping_status":"closed","template":"","meta":{"_genesis_hide_title":false,"_genesis_hide_breadcrumbs":false,"_genesis_hide_singular_image":false,"_genesis_hide_footer_widgets":false,"_genesis_custom_body_class":"","_genesis_custom_post_class":"","_genesis_layout":"","footnotes":""},"class_list":{"0":"post-890","1":"page","2":"type-page","3":"status-publish","5":"entry"},"_links":{"self":[{"href":"https:\/\/moverdb.com\/et\/wp-json\/wp\/v2\/pages\/890","targetHints":{"allow":["GET"]}}],"collection":[{"href":"https:\/\/moverdb.com\/et\/wp-json\/wp\/v2\/pages"}],"about":[{"href":"https:\/\/moverdb.com\/et\/wp-json\/wp\/v2\/types\/page"}],"author":[{"embeddable":true,"href":"https:\/\/moverdb.com\/et\/wp-json\/wp\/v2\/users\/1"}],"replies":[{"embeddable":true,"href":"https:\/\/moverdb.com\/et\/wp-json\/wp\/v2\/comments?post=890"}],"version-history":[{"count":6,"href":"https:\/\/moverdb.com\/et\/wp-json\/wp\/v2\/pages\/890\/revisions"}],"predecessor-version":[{"id":6229,"href":"https:\/\/moverdb.com\/et\/wp-json\/wp\/v2\/pages\/890\/revisions\/6229"}],"wp:attachment":[{"href":"https:\/\/moverdb.com\/et\/wp-json\/wp\/v2\/media?parent=890"}],"curies":[{"name":"wp","href":"https:\/\/api.w.org\/{rel}","templated":true}]}}