{"id":8899,"date":"2023-04-27T14:32:24","date_gmt":"2023-04-27T14:32:24","guid":{"rendered":"https:\/\/moverdb.com\/?page_id=8899"},"modified":"2026-01-08T15:30:13","modified_gmt":"2026-01-08T15:30:13","slug":"moving-companies-nicaragua","status":"publish","type":"page","link":"https:\/\/moverdb.com\/et\/moving-companies\/moving-companies-nicaragua\/","title":{"rendered":"Parimad rahvusvahelised kolimisfirmad Nicaraguas"},"content":{"rendered":"<p>Kas plaanite kolida Nicaraguasse v\u00f5i Nicaraguast v\u00f5i riigi sees? Siis v\u00f5ib organiseerimine ja paberimajandus olla hirmutav ja te v\u00f5ite vajada tuge, siinkohal ongi abiks \u00fcks <a href=\"https:\/\/moverdb.com\/et\/moving-companies\/\" data-internallinksmanager029f6b8e52c=\"79\" title=\"Top 25 rahvusvahelist kolimisfirmat Internetis\">kolimisfirma<\/a> aitab v\u00e4hendada t\u00f6\u00f6koormust. Allpool oleme koostanud nimekirja <a href=\"https:\/\/moverdb.com\/et\/moving-companies\/moving-companies-mauritius\/\" data-internallinksmanager029f6b8e52c=\"291\" title=\"6 parimat rahvusvahelist kolimisfirmat Mauritiusel\">Mauritius<\/a> p\u00f5hineb <a href=\"https:\/\/moverdb.com\/et\/international-removals\/\" data-internallinksmanager029f6b8e52c=\"27\" title=\"36 Parimad rahvusvahelised kolimisfirmad \u00dchendkuningriigis\">kolimisfirmad<\/a> mis on liikmed <a href=\"https:\/\/moverdb.com\/et\/iam\/\" data-internallinksmanager029f6b8e52c=\"23\" title=\"Rahvusvaheline kolijate assotsiatsioon (IAM) Selgitatud\">Rahvusvaheline kolijate assotsiatsioon<\/a> (IAM) ja\/v\u00f5i <a href=\"https:\/\/moverdb.com\/et\/fidi-faim\/\" data-internallinksmanager029f6b8e52c=\"16\" title=\"FIDI &amp; FAIM (FIDI akrediteeritud rahvusvaheline kolija) selgitatud\">FIDI<\/a> akrediteeritud rahvusvaheline kolija (FAIM), kes v\u00f5iks teid teie kolimisel aidata.<\/p>\n<h2><strong>Mudanzas Mundiales<\/strong><\/h2>\n<p><img loading=\"lazy\" decoding=\"async\" class=\"alignnone size-full wp-image-8834\" src=\"https:\/\/moverdb.com\/wp-content\/uploads\/Mudanzas-Mundiales-international-moving-company-1.png\" alt=\"Mudanzas Mundiales rahvusvaheline kolimisfirma\" width=\"1440\" height=\"681\" data-wp-pid=\"8834\" srcset=\"https:\/\/moverdb.com\/wp-content\/uploads\/Mudanzas-Mundiales-international-moving-company-1.png 1440w, https:\/\/moverdb.com\/wp-content\/uploads\/Mudanzas-Mundiales-international-moving-company-1-300x142.png 300w, https:\/\/moverdb.com\/wp-content\/uploads\/Mudanzas-Mundiales-international-moving-company-1-1024x484.png 1024w, https:\/\/moverdb.com\/wp-content\/uploads\/Mudanzas-Mundiales-international-moving-company-1-18x9.png 18w, https:\/\/moverdb.com\/wp-content\/uploads\/Mudanzas-Mundiales-international-moving-company-1-600x284.png 600w\" sizes=\"auto, (max-width: 1440px) 100vw, 1440px\" \/><\/p>\n<ul>\n<li>Kohalikud ja riiklikud liikumised<\/li>\n<li>Rahvusvahelised liikumised<\/li>\n<li>Elamu kolimine<\/li>\n<li>Kaubanduslikud k\u00e4igud<\/li>\n<li>Ukselt-uksele teenused<\/li>\n<li>Pakkimisteenus<\/li>\n<li>Tollimaaklerlus<\/li>\n<li>Kunstiteoste k\u00e4sitlemine<\/li>\n<li>Lemmikloomade \u00fcleandmine<\/li>\n<li>Ladustamisv\u00f5imalused<\/li>\n<\/ul>\n<p>Mudanzas Mundiales on \u00fcle 60-aastase kogemusega kolimis-, logistika- ja ladustamisettev\u00f5te, mis asub Barrio Altagracias ja millel on ka asukoht Barrio Altagracias. <a href=\"https:\/\/moverdb.com\/et\/moving-to-costa-rica\/\" data-internallinksmanager029f6b8e52c=\"427\" title=\"Kolimine Costa Ricasse? 2023 elamiskulud ja kolimisn\u00f5uanded\">Costa Rica<\/a>. Neil on suhted \u00e4ripartneritega \u00fcle maailma, et aidata neil pakkuda teenuseid teistes riikides, ning nad on IAMi liige.<\/p>\n<p>Mudanzas Mundiales pakub \u00fche kontaktpunkti, mis aitab teid uksest-ukseni kolimisel. Nad pakuvad pakkimisteenust, mis kasutab teie vara kaitsmiseks tippkvaliteedilisi materjale ning pakivad m\u00f6\u00f6bli lahti ja korraldavad selle saabumisel. Nad korraldavad transpordi \u00f5hu-, mere- ja maismaatranspordi koos veose j\u00e4lgimise ja tollimaaklerlusega.<\/p>\n<p>Veebileht: <a href=\"http:\/\/www.mudanzasmundiales.com\" target=\"_blank\" rel=\"noopener\">http:\/\/www.mudanzasmundiales.com<\/a><\/p>","protected":false},"excerpt":{"rendered":"<p>Are you planning a move to or from Nicaragua or within the country? Then the organisation and paperwork might be daunting, and you may want some support, this is where a moving company can help reduce the workload. Below we have compiled a list of Mauritius based removal companies that are members of the International [&hellip;]<\/p>\n","protected":false},"author":4,"featured_media":0,"parent":190,"menu_order":0,"comment_status":"closed","ping_status":"closed","template":"","meta":{"_genesis_hide_title":false,"_genesis_hide_breadcrumbs":false,"_genesis_hide_singular_image":false,"_genesis_hide_footer_widgets":false,"_genesis_custom_body_class":"","_genesis_custom_post_class":"","_genesis_layout":"","footnotes":""},"class_list":{"0":"post-8899","1":"page","2":"type-page","3":"status-publish","5":"entry","6":"has-post-thumbnail"},"_links":{"self":[{"href":"https:\/\/moverdb.com\/et\/wp-json\/wp\/v2\/pages\/8899","targetHints":{"allow":["GET"]}}],"collection":[{"href":"https:\/\/moverdb.com\/et\/wp-json\/wp\/v2\/pages"}],"about":[{"href":"https:\/\/moverdb.com\/et\/wp-json\/wp\/v2\/types\/page"}],"author":[{"embeddable":true,"href":"https:\/\/moverdb.com\/et\/wp-json\/wp\/v2\/users\/4"}],"replies":[{"embeddable":true,"href":"https:\/\/moverdb.com\/et\/wp-json\/wp\/v2\/comments?post=8899"}],"version-history":[{"count":1,"href":"https:\/\/moverdb.com\/et\/wp-json\/wp\/v2\/pages\/8899\/revisions"}],"predecessor-version":[{"id":8900,"href":"https:\/\/moverdb.com\/et\/wp-json\/wp\/v2\/pages\/8899\/revisions\/8900"}],"up":[{"embeddable":true,"href":"https:\/\/moverdb.com\/et\/wp-json\/wp\/v2\/pages\/190"}],"wp:attachment":[{"href":"https:\/\/moverdb.com\/et\/wp-json\/wp\/v2\/media?parent=8899"}],"curies":[{"name":"wp","href":"https:\/\/api.w.org\/{rel}","templated":true}]}}