{"id":8897,"date":"2023-04-27T14:33:01","date_gmt":"2023-04-27T14:33:01","guid":{"rendered":"https:\/\/moverdb.com\/?page_id=8897"},"modified":"2026-05-15T15:00:26","modified_gmt":"2026-05-15T15:00:26","slug":"moving-companies-norway","status":"publish","type":"page","link":"https:\/\/moverdb.com\/et\/moving-companies\/moving-companies-norway\/","title":{"rendered":"5 parimat rahvusvahelist kolimisfirmat Norras"},"content":{"rendered":"<p>Kui olete kolimas koju v\u00f5i ettev\u00f5ttesse, sinna v\u00f5i sealt v\u00e4lja. <a href=\"https:\/\/moverdb.com\/et\/moving-to-norway\/\" data-internallinksmanager029f6b8e52c=\"325\" title=\"Kolimine Norrasse? 2023 elamiskulud ja kolimisn\u00f5uanded\">Norra<\/a> siis v\u00f5iksite v\u00f5tta t\u00f6\u00f6le teenuseid <a href=\"https:\/\/moverdb.com\/et\/moving-companies\/\" data-internallinksmanager029f6b8e52c=\"79\" title=\"Top 25 rahvusvahelist kolimisfirmat Internetis\">kolimisfirma<\/a> teid aidata. Nad saavad teid aidata pakkimisel, transpordi korraldamisel ja paberimajanduse korraldamisel. Allpool oleme koostanud nimekirja Norras asuvatest <a href=\"https:\/\/moverdb.com\/et\/international-removals\/\" data-internallinksmanager029f6b8e52c=\"27\" title=\"36 Parimad rahvusvahelised kolimisfirmad \u00dchendkuningriigis\">kolimisfirmad<\/a> mis on liikmed <a href=\"https:\/\/moverdb.com\/et\/iam\/\" data-internallinksmanager029f6b8e52c=\"23\" title=\"Rahvusvaheline kolijate assotsiatsioon (IAM) Selgitatud\">Rahvusvaheline kolijate assotsiatsioon<\/a> (IAM) ja\/v\u00f5i <a href=\"https:\/\/moverdb.com\/et\/fidi-faim\/\" data-internallinksmanager029f6b8e52c=\"16\" title=\"FIDI &amp; FAIM (FIDI akrediteeritud rahvusvaheline kolija) selgitatud\">FIDI<\/a> akrediteeritud rahvusvaheline kolija (FAIM), kes v\u00f5iks teid teie kolimisel aidata.<\/p>\n<div id=\"ez-toc-container\" class=\"ez-toc-v2_0_83 ez-toc-wrap-left counter-hierarchy ez-toc-counter ez-toc-transparent ez-toc-container-direction\">\n<div class=\"ez-toc-title-container\">\n<p class=\"ez-toc-title\" style=\"cursor:inherit\">Jaotised<\/p>\n<span class=\"ez-toc-title-toggle\"><a href=\"#\" class=\"ez-toc-pull-right ez-toc-btn ez-toc-btn-xs ez-toc-btn-default ez-toc-toggle\" aria-label=\"Sisukorra vaheldumine\"><span class=\"ez-toc-js-icon-con\"><span class=\"\"><span class=\"eztoc-hide\" style=\"display:none;\">Toggle<\/span><span class=\"ez-toc-icon-toggle-span\"><svg style=\"fill: #999;color:#999\" xmlns=\"http:\/\/www.w3.org\/2000\/svg\" class=\"list-377408\" width=\"20px\" height=\"20px\" viewbox=\"0 0 24 24\" fill=\"none\"><path d=\"M6 6H4v2h2V6zm14 0H8v2h12V6zM4 11h2v2H4v-2zm16 0H8v2h12v-2zM4 16h2v2H4v-2zm16 0H8v2h12v-2z\" fill=\"currentColor\"><\/path><\/svg><svg style=\"fill: #999;color:#999\" class=\"arrow-unsorted-368013\" xmlns=\"http:\/\/www.w3.org\/2000\/svg\" width=\"10px\" height=\"10px\" viewbox=\"0 0 24 24\" version=\"1.2\" baseprofile=\"tiny\"><path d=\"M18.2 9.3l-6.2-6.3-6.2 6.3c-.2.2-.3.4-.3.7s.1.5.3.7c.2.2.4.3.7.3h11c.3 0 .5-.1.7-.3.2-.2.3-.5.3-.7s-.1-.5-.3-.7zM5.8 14.7l6.2 6.3 6.2-6.3c.2-.2.3-.5.3-.7s-.1-.5-.3-.7c-.2-.2-.4-.3-.7-.3h-11c-.3 0-.5.1-.7.3-.2.2-.3.5-.3.7s.1.5.3.7z\"\/><\/svg><\/span><\/span><\/span><\/a><\/span><\/div>\n<nav><ul class='ez-toc-list ez-toc-list-level-1 eztoc-toggle-hide-by-default' ><li class='ez-toc-page-1 ez-toc-heading-level-2'><a class=\"ez-toc-link ez-toc-heading-1\" href=\"https:\/\/moverdb.com\/et\/moving-companies\/moving-companies-norway\/#1_Adams_Express\" >1. Adams Express<\/a><\/li><li class='ez-toc-page-1 ez-toc-heading-level-2'><a class=\"ez-toc-link ez-toc-heading-2\" href=\"https:\/\/moverdb.com\/et\/moving-companies\/moving-companies-norway\/#2_Hakull\" >2. Hakull<\/a><\/li><li class='ez-toc-page-1 ez-toc-heading-level-2'><a class=\"ez-toc-link ez-toc-heading-3\" href=\"https:\/\/moverdb.com\/et\/moving-companies\/moving-companies-norway\/#3_NFB_International_Relocations\" >3. NFB rahvusvahelised \u00fcmberpaigutused<\/a><\/li><li class='ez-toc-page-1 ez-toc-heading-level-2'><a class=\"ez-toc-link ez-toc-heading-4\" href=\"https:\/\/moverdb.com\/et\/moving-companies\/moving-companies-norway\/#4_SIRVA\" >4. SIRVA<\/a><\/li><li class='ez-toc-page-1 ez-toc-heading-level-2'><a class=\"ez-toc-link ez-toc-heading-5\" href=\"https:\/\/moverdb.com\/et\/moving-companies\/moving-companies-norway\/#5_Vinjes\" >5. Vinjes<\/a><\/li><li class='ez-toc-page-1 ez-toc-heading-level-2'><a class=\"ez-toc-link ez-toc-heading-6\" href=\"https:\/\/moverdb.com\/et\/moving-companies\/moving-companies-norway\/#Other_Useful_Guides_to_Norway\" >Muud kasulikud Norra reisijuhid<\/a><\/li><\/ul><\/nav><\/div>\n<h2><span class=\"ez-toc-section\" id=\"1_Adams_Express\"><\/span><strong>1. Adams Express<\/strong><span class=\"ez-toc-section-end\"><\/span><\/h2>\n<p><img loading=\"lazy\" decoding=\"async\" class=\"alignnone size-full wp-image-8750\" src=\"https:\/\/moverdb.com\/wp-content\/uploads\/Adams-Express-international-moving-company.png\" alt=\"Adams Express rahvusvaheline kolimisfirma\" width=\"1440\" height=\"674\" data-wp-pid=\"8750\" srcset=\"https:\/\/moverdb.com\/wp-content\/uploads\/Adams-Express-international-moving-company.png 1440w, https:\/\/moverdb.com\/wp-content\/uploads\/Adams-Express-international-moving-company-300x140.png 300w, https:\/\/moverdb.com\/wp-content\/uploads\/Adams-Express-international-moving-company-1024x479.png 1024w, https:\/\/moverdb.com\/wp-content\/uploads\/Adams-Express-international-moving-company-18x8.png 18w, https:\/\/moverdb.com\/wp-content\/uploads\/Adams-Express-international-moving-company-600x281.png 600w\" sizes=\"auto, (max-width: 1440px) 100vw, 1440px\" \/><\/p>\n<ul>\n<li>Riiklikud liikumised<\/li>\n<li>Rahvusvahelised liikumised<\/li>\n<li>Kodumajapidamiste kolimised<\/li>\n<li>Kontori kolimised<\/li>\n<li>Pakkimisteenus<\/li>\n<li>Transpordi korraldamine<\/li>\n<li>Tollivormistus<\/li>\n<li>Kaunite kunstide k\u00e4sitlemine<\/li>\n<li>Kindlustus<\/li>\n<li>L\u00fchi- ja pikaajaline ladustamine<\/li>\n<\/ul>\n<p>Adams Express on kolimis-, ladustamis- ja logistikafirma, millel on asukohad Bergenis, Oslos ja Stavangeris. Neil on ulatuslik esindajate v\u00f5rgustik \u00fcle kogu maailma, kes saavad neid aidata rahvusvaheliste teenustega. Nad on IAMi liige, kellel on 125-aastane tegevusperiood ja kes on akrediteeritud FIDI poolt.<\/p>\n<p>Adams Express pakub kolimisteenuseid alates v\u00e4ikestest saadetistest kuni suurte lepinguteni. Nad pakuvad uksest-ukseni teenust, mis h\u00f5lmab teie esemete kontrollimist ja kolimise planeerimist. Nad pakuvad pakkimisteenust, et kaitsta teie asju ja pakivad need saabumisel lahti. Nad transpordivad teie esemed sihtkohta ning abistavad teid tollivormistuse ja kindlustusega.<\/p>\n<p>Veebileht: <a href=\"http:\/\/www.adamsexpress.no\" target=\"_blank\" rel=\"noopener\">http:\/\/www.adamsexpress.no<\/a><\/p>\n<h2><span class=\"ez-toc-section\" id=\"2_Hakull\"><\/span><strong>2. Hakull<\/strong><span class=\"ez-toc-section-end\"><\/span><\/h2>\n<p><img loading=\"lazy\" decoding=\"async\" class=\"alignnone size-full wp-image-8812\" src=\"https:\/\/moverdb.com\/wp-content\/uploads\/Hakull-international-moving-company.png\" alt=\"Hakull rahvusvaheline kolimisfirma\" width=\"1440\" height=\"680\" data-wp-pid=\"8812\" srcset=\"https:\/\/moverdb.com\/wp-content\/uploads\/Hakull-international-moving-company.png 1440w, https:\/\/moverdb.com\/wp-content\/uploads\/Hakull-international-moving-company-300x142.png 300w, https:\/\/moverdb.com\/wp-content\/uploads\/Hakull-international-moving-company-1024x484.png 1024w, https:\/\/moverdb.com\/wp-content\/uploads\/Hakull-international-moving-company-18x9.png 18w, https:\/\/moverdb.com\/wp-content\/uploads\/Hakull-international-moving-company-600x283.png 600w\" sizes=\"auto, (max-width: 1440px) 100vw, 1440px\" \/><\/p>\n<ul>\n<li>Kohalikud ja riiklikud kolimised<\/li>\n<li>Rahvusvahelised kolimised<\/li>\n<li>Kodumajapidamiste kolimine<\/li>\n<li>B\u00fcroo kolimine<\/li>\n<li>\u00dcmberpaigutamise teenused<\/li>\n<li>Ukselt-uksele teenus<\/li>\n<li>Pakkimisteenus<\/li>\n<li>Maantee-, mere- ja \u00f5huvedu<\/li>\n<li>Tollivormistus<\/li>\n<li>Ladustamisv\u00f5imalused<\/li>\n<\/ul>\n<p>Hakull on 1946. aastal asutatud rahvusvaheline transpordi- ja kolimisteenuseid pakkuv ettev\u00f5te, mille tegevuskohad asuvad Sandes, Kristiansandis, Oslos ja Norresundbys. Nad on IAMi liige, kellel on 77 aastat tegutsemist ja kes on akrediteeritud FIDI poolt.<\/p>\n<p>Hakull pakub kolimisteenuseid mitmesuguste kaupade, sealhulgas m\u00f6\u00f6bli ja k\u00f5ige muu kodus oleva jaoks uksest-ukseni teenuse abil. Nad pakuvad pakkimisteenust, et kaitsta teie asju transportimisel. Nad pakuvad maantee-, mere- v\u00f5i \u00f5hutransporti, mis h\u00f5lmab ka konteinerite valikut, n\u00e4iteks t\u00e4is- ja v\u00e4hem kui t\u00e4is konteinerite kaupa. Nad abistavad tollivormistuse tegemisel ja pakuvad vajaduse korral kindlustusega ladustamist.<\/p>\n<p>Veebileht: <a href=\"http:\/\/www.haakull.no\" target=\"_blank\" rel=\"noopener\">http:\/\/www.haakull.no<\/a><\/p>\n<h2><span class=\"ez-toc-section\" id=\"3_NFB_International_Relocations\"><\/span><strong>3. NFB rahvusvahelised \u00fcmberpaigutused<\/strong><span class=\"ez-toc-section-end\"><\/span><\/h2>\n<p><img loading=\"lazy\" decoding=\"async\" class=\"alignnone size-full wp-image-8837\" src=\"https:\/\/moverdb.com\/wp-content\/uploads\/NFB-International-Relocations-company.png\" alt=\"NFB International Relocations ettev\u00f5te\" width=\"1440\" height=\"677\" data-wp-pid=\"8837\" srcset=\"https:\/\/moverdb.com\/wp-content\/uploads\/NFB-International-Relocations-company.png 1440w, https:\/\/moverdb.com\/wp-content\/uploads\/NFB-International-Relocations-company-300x141.png 300w, https:\/\/moverdb.com\/wp-content\/uploads\/NFB-International-Relocations-company-1024x481.png 1024w, https:\/\/moverdb.com\/wp-content\/uploads\/NFB-International-Relocations-company-18x8.png 18w, https:\/\/moverdb.com\/wp-content\/uploads\/NFB-International-Relocations-company-600x282.png 600w\" sizes=\"auto, (max-width: 1440px) 100vw, 1440px\" \/><\/p>\n<ul>\n<li>Riiklikud liikumised<\/li>\n<li>Rahvusvahelised liikumised<\/li>\n<li>Kodumajapidamiste kolimised<\/li>\n<li>Ettev\u00f5tte liikumised<\/li>\n<li>Pakkimisteenus<\/li>\n<li>Maantee-, mere- ja \u00f5hutransport<\/li>\n<li>K\u00e4sit\u00f6\u00f6liste ja koduabiliste teenused<\/li>\n<li>Kodu ja kooli otsingud<\/li>\n<li>Transiidikindlustus<\/li>\n<li>L\u00fchi- ja pikaajaline ladustamine<\/li>\n<\/ul>\n<p>NFB International Relocations on Skuis asuv rahvusvaheline kolimisfirma. Nad teevad koost\u00f6\u00f6d \u00fclemaailmsete professionaalsete kolimisfirmade v\u00f5rgustikuga \u00fcle maailma 150 riigis, et pakkuda rahvusvahelisi teenuseid. Nad on IAMi liige 15-aastase tegutsemisaja jooksul ja on FIDI poolt akrediteeritud.<\/p>\n<p>NFB International Relocations pakub ukselt-uksele kolimisteenuseid, mis algavad kolimiseelse \u00fclevaatusega. Nad pakuvad laia valikut kolimisteenuseid, sealhulgas pakkimist, transporti Norras, Euroopas ja rahvusvaheliselt, kolimiskorraldusteenuseid, k\u00e4sit\u00f6\u00f6liste ja koristajate teenuseid, ladustamist ja kindlustust. Nad pakuvad kolimisteenuseid, mis h\u00f5lmavad maja- ja kooliotsinguid, sisser\u00e4nnet ja viisasid, orienteerumist ja abi kohalike teenuste registreerimisel.<\/p>\n<p>Veebileht: <a href=\"http:\/\/www.nfbir.com\" target=\"_blank\" rel=\"noopener\">http:\/\/www.nfbir.com<\/a><\/p>\n<h2><span class=\"ez-toc-section\" id=\"4_SIRVA\"><\/span><strong>4. SIRVA<\/strong><span class=\"ez-toc-section-end\"><\/span><\/h2>\n<p><img loading=\"lazy\" decoding=\"async\" class=\"alignnone size-full wp-image-8859\" src=\"https:\/\/moverdb.com\/wp-content\/uploads\/SIRVA-Norway-international-moving-company.png\" alt=\"SIRVA Norra rahvusvaheline kolimisfirma\" width=\"1440\" height=\"681\" data-wp-pid=\"8859\" srcset=\"https:\/\/moverdb.com\/wp-content\/uploads\/SIRVA-Norway-international-moving-company.png 1440w, https:\/\/moverdb.com\/wp-content\/uploads\/SIRVA-Norway-international-moving-company-300x142.png 300w, https:\/\/moverdb.com\/wp-content\/uploads\/SIRVA-Norway-international-moving-company-1024x484.png 1024w, https:\/\/moverdb.com\/wp-content\/uploads\/SIRVA-Norway-international-moving-company-18x9.png 18w, https:\/\/moverdb.com\/wp-content\/uploads\/SIRVA-Norway-international-moving-company-600x284.png 600w\" sizes=\"auto, (max-width: 1440px) 100vw, 1440px\" \/><\/p>\n<ul>\n<li>Riiklikud liikumised<\/li>\n<li>Rahvusvahelised liikumised<\/li>\n<li>Kodumajapidamiste kolimised<\/li>\n<li>Kaubanduslikud k\u00e4igud<\/li>\n<li>L\u00e4biviimine ja haldamine<\/li>\n<li>Kolimiseksperdid juhatavad teid<\/li>\n<li>\u00dcks kontaktpunkt<\/li>\n<li>Pakkimisv\u00f5imaluste valik<\/li>\n<li>Transpordi korraldamine<\/li>\n<li>Ladustamisv\u00f5imalused<\/li>\n<\/ul>\n<p>SIRVA on \u00fclemaailmne kolimis- ja \u00fcmberpaigutamisteenuste pakkuja, millel on 77 tegevuskohta, mis teenindavad \u00fcle 190 riigi, ning mille kontorid asuvad Oslos ja Stavangeris. Nende kolimisbr\u00e4ndide hulka kuuluvad SIRVA, Allied, North American Van Lines, SMARTBOX ja teised. Nad on IAMi liige 46-aastase tegutsemisaja jooksul ja on akrediteeritud FIDI poolt.<\/p>\n<p>SIRVA kasutab oma teenuste osutamiseks tipptasemel vahendeid ja lahendusi. Nad pakuvad t\u00e4ielikke kolimisteenuseid v\u00f5i kolimisteenuseid do-it-yourself. Nad on spetsialiseerunud teenuste osutamisele ettev\u00f5tetele, kes kolivad t\u00f6\u00f6tajaid individuaalselt v\u00f5i r\u00fchmade kaupa. Nad pakuvad kolimiseksperte, kes juhendavad teid protsessi k\u00e4igus ja on \u00fcks kontaktpunkt.<\/p>\n<p>Veebileht: <a href=\"http:\/\/www.teamrelocations.com\" target=\"_blank\" rel=\"noopener\">http:\/\/www.teamrelocations.com<\/a><\/p>\n<h2><span class=\"ez-toc-section\" id=\"5_Vinjes\"><\/span><strong>5. Vinjes<\/strong><span class=\"ez-toc-section-end\"><\/span><\/h2>\n<p><img loading=\"lazy\" decoding=\"async\" class=\"alignnone size-full wp-image-8874\" src=\"https:\/\/moverdb.com\/wp-content\/uploads\/Vinjes-international-moving-company.png\" alt=\"Vinjes rahvusvaheline kolimisfirma\" width=\"1440\" height=\"681\" data-wp-pid=\"8874\" srcset=\"https:\/\/moverdb.com\/wp-content\/uploads\/Vinjes-international-moving-company.png 1440w, https:\/\/moverdb.com\/wp-content\/uploads\/Vinjes-international-moving-company-300x142.png 300w, https:\/\/moverdb.com\/wp-content\/uploads\/Vinjes-international-moving-company-1024x484.png 1024w, https:\/\/moverdb.com\/wp-content\/uploads\/Vinjes-international-moving-company-18x9.png 18w, https:\/\/moverdb.com\/wp-content\/uploads\/Vinjes-international-moving-company-600x284.png 600w\" sizes=\"auto, (max-width: 1440px) 100vw, 1440px\" \/><\/p>\n<ul>\n<li>Riiklikud liikumised<\/li>\n<li>Rahvusvahelised liikumised<\/li>\n<li>Kodumajapidamiste kolimised<\/li>\n<li>Kontori \u00fcmberpaigutamine<\/li>\n<li>Pakkimisv\u00f5imaluste valik<\/li>\n<li>Pakkimisteenus<\/li>\n<li>Transpordi korraldamine<\/li>\n<li>Haagise rentimine<\/li>\n<li>Kindlustus<\/li>\n<li>Ladustamisv\u00f5imalused<\/li>\n<\/ul>\n<p>Vinjes on 1889. aastal asutatud transpordiettev\u00f5te, mis pakub kolimis- ja ladustamisteenuseid ja mille asukoht on Tiller. Nad teevad koost\u00f6\u00f6d teiste usaldusv\u00e4\u00e4rsete kolimisfirmadega, et aidata neil pakkuda rahvusvahelisi teenuseid. Nad on IAM-i liige 134 aasta pikkuse tegutsemisaja jooksul.<\/p>\n<p>Vinjes pakub erinevaid kolimisv\u00f5imalusi, mille hulka kuuluvad ise-pakkimine ja haagise rentimine, osaline pakkimine ja t\u00e4ielik pakkimisteenus. Nende pakkimisteenus h\u00f5lmab teie asjade turvalist pakkimist sobivatesse pakkematerjalidesse ja lahtipakkimist teie uuel aadressil. Samuti pakuvad nad kolimise ajal kindlustust ja vajaduse korral ladustamisv\u00f5imalusi.<\/p>\n<p>Veebileht: <a href=\"http:\/\/www.vinjes.no\" target=\"_blank\" rel=\"noopener\">http:\/\/www.vinjes.no<\/a><\/p>\n<h2><span class=\"ez-toc-section\" id=\"Other_Useful_Guides_to_Norway\"><\/span>Muud kasulikud Norra reisijuhid<span class=\"ez-toc-section-end\"><\/span><\/h2>\n<ul>\n<li> <a href=\"https:\/\/moverdb.com\/et\/konteiner-laevandus\/norra\/\">2024 Mereveo konteinerite veohinnad Norrasse ja Norrast<\/a><\/li>\n<li> <a href=\"https:\/\/moverdb.com\/et\/moving-to-norway\/\">Kolimine Norrasse? 2023 elamiskulud ja kolimisn\u00f5uanded<\/a><\/li>\n<li> <a href=\"https:\/\/moverdb.com\/et\/moving-to-norway\/best-places-to-live-norway\/\">13 parimat elukohta Norras\/a&gt;<\/li>\n<li> <a href=\"https:\/\/moverdb.com\/et\/moving-to-norway\/living-in-norway\/\">21 saladust Norras elamise kohta, mida peaks teadma enne kolimist<\/a><\/li>\n<\/ul>","protected":false},"excerpt":{"rendered":"<p>If you are moving home or business within, to or from Norway then you may want to employ the services of a moving company to assist you. They can help you with packing, organising transportation and sorting out paperwork. Below we have compiled a list of Norway based removal companies that are members of the [&hellip;]<\/p>\n","protected":false},"author":4,"featured_media":0,"parent":190,"menu_order":0,"comment_status":"closed","ping_status":"closed","template":"","meta":{"_genesis_hide_title":false,"_genesis_hide_breadcrumbs":false,"_genesis_hide_singular_image":false,"_genesis_hide_footer_widgets":false,"_genesis_custom_body_class":"","_genesis_custom_post_class":"","_genesis_layout":"","footnotes":""},"class_list":{"0":"post-8897","1":"page","2":"type-page","3":"status-publish","5":"entry","6":"has-post-thumbnail"},"_links":{"self":[{"href":"https:\/\/moverdb.com\/et\/wp-json\/wp\/v2\/pages\/8897","targetHints":{"allow":["GET"]}}],"collection":[{"href":"https:\/\/moverdb.com\/et\/wp-json\/wp\/v2\/pages"}],"about":[{"href":"https:\/\/moverdb.com\/et\/wp-json\/wp\/v2\/types\/page"}],"author":[{"embeddable":true,"href":"https:\/\/moverdb.com\/et\/wp-json\/wp\/v2\/users\/4"}],"replies":[{"embeddable":true,"href":"https:\/\/moverdb.com\/et\/wp-json\/wp\/v2\/comments?post=8897"}],"version-history":[{"count":2,"href":"https:\/\/moverdb.com\/et\/wp-json\/wp\/v2\/pages\/8897\/revisions"}],"predecessor-version":[{"id":17049,"href":"https:\/\/moverdb.com\/et\/wp-json\/wp\/v2\/pages\/8897\/revisions\/17049"}],"up":[{"embeddable":true,"href":"https:\/\/moverdb.com\/et\/wp-json\/wp\/v2\/pages\/190"}],"wp:attachment":[{"href":"https:\/\/moverdb.com\/et\/wp-json\/wp\/v2\/media?parent=8897"}],"curies":[{"name":"wp","href":"https:\/\/api.w.org\/{rel}","templated":true}]}}