{"id":889,"date":"2016-09-03T15:17:39","date_gmt":"2016-09-03T15:17:39","guid":{"rendered":"http:\/\/moverdb.com\/?page_id=889"},"modified":"2026-01-08T15:20:33","modified_gmt":"2026-01-08T15:20:33","slug":"pss-removals","status":"publish","type":"page","link":"https:\/\/moverdb.com\/et\/pss-removals\/","title":{"rendered":"PSS International Removals: Kolimisteenused ja \u00fclevaated"},"content":{"rendered":"<p>PSS <a href=\"https:\/\/moverdb.com\/et\/international-removals\/\" data-internallinksmanager029f6b8e52c=\"27\" title=\"36 Parimad rahvusvahelised kolimisfirmad \u00dchendkuningriigis\">Rahvusvaheline kolimine<\/a> on \u00fcle 34 aasta inimesi v\u00e4lismaale vedanud. Allpool on loetletud erinevad teenused, mida nad pakuvad.<\/p>\n<p><strong>Rahvusvaheline kolimine<\/strong><\/p>\n<ul>\n<li> Tellimusteenus enamikku riikidesse<\/li>\n<li> M\u00e4\u00e4ratud rahvusvahelise kolimise koordinaator<\/li>\n<li> Professionaalsed pakendajad v\u00f5i ise pakkimise v\u00f5imalus<\/li>\n<li> Teenus ukselt uksele<\/li>\n<li> Korraldatud kindlustus<\/li>\n<li> N\u00f5uanded sihtriigi iga aspekti kohta<\/li>\n<\/ul>\n<p><strong>Migratsiooniteenused<\/strong><br \/>\n<strong>Tollialane teave\/dokumendid<\/strong><\/p>\n<p><strong><a href=\"https:\/\/moverdb.com\/et\/konteiner-laevandus\/\">Rahvusvaheline laevandus<\/a><\/strong><\/p>\n<ul>\n<li> Meretransport v\u00f5i ekspresslendvedu<\/li>\n<li> Korraldatud kindlustus<\/li>\n<\/ul>\n<p><strong>Express Overseas Parcel Service<\/strong><\/p>\n<ul>\n<li> Kiirelt vajalike esemete kiire postipakettide kohaletoimetamine uksest ukseni<\/li>\n<\/ul>\n<p><strong>Liigne pagas<\/strong><\/p>\n<ul>\n<li> Maanteeveod (Euroopa piires) Mereveod v\u00f5i ekspresslendvedu<\/li>\n<li> Self-pack<\/li>\n<li> Teie jaoks pakitud<\/li>\n<li> Korraldatud kindlustus<\/li>\n<\/ul>\n<p><strong><a href=\"https:\/\/moverdb.com\/et\/car-transport-shipping\/\" data-internallinksmanager029f6b8e52c=\"2\" title=\"2026 Rahvusvaheline autoveo ja s\u00f5idukite veo hinnapakkumised\">Autolaevandus<\/a><\/strong><\/p>\n<ul>\n<li> Laevata auto eraldi<\/li>\n<li> Laevad auto samas konteineris kui asjad<\/li>\n<li> Korraldatud kindlustus<\/li>\n<\/ul>\n<h2>PSS International Removals Ettev\u00f5tte profiil<\/h2>\n<p>PSS International Removals on \u00fcle 34 aasta tegelenud v\u00e4lismaiste kolimistega. Ettev\u00f5te keskendub kolimistele v\u00e4lismaale ja ei tegele kolimistega riigisiseselt. <a href=\"https:\/\/moverdb.com\/et\/moving-to-the-uk\/\" data-internallinksmanager029f6b8e52c=\"93\" title=\"Kolimine \u00dchendkuningriiki? 2022 Elamiskulud ja kolimisn\u00f5uanded\">UK<\/a>. <\/p>\n<p>PSS International Removals veab esemeid \u00fchestainsast kastist kuni suure majapidamise v\u00f5i isegi suurte ettev\u00f5tete kolimiseni. \u00dckski kolimine ei ole liiga keeruline v\u00f5i liiga suur v\u00f5i v\u00e4ike.<\/p>\n<p>Iga t\u00f6\u00f6taja on koolitatud ekspordiprotseduuride osas ja nad teevad koost\u00f6\u00f6d ainult parimate professionaalsete kolimisettev\u00f5tetega v\u00e4lismaal, et pakkuda neile lubatud teenuseid. Nad on \u00fcks \u00dchendkuningriigi suurimaid <a href=\"https:\/\/moverdb.com\/et\/rahvusvahelised-kolimised\/\">rahvusvahelised kolimisfirmad<\/a> ja viis 2015. aasta jooksul 4536 klienti v\u00e4lismaale.<\/p>\n<p>PSS Internationalil on j\u00e4rgmised akrediteeringud ja sidemed:<\/p>\n<ul>\n<li> <a href=\"https:\/\/moverdb.com\/et\/british-association-of-removers\/\">Briti kolijate \u00fchendus<\/a> (<a href=\"https:\/\/moverdb.com\/et\/british-association-of-removers\/\" data-internallinksmanager029f6b8e52c=\"9\" title=\"Briti kolijate assotsiatsioon (BAR) Selgitatud\">BAR<\/a>)<\/li>\n<li> <a href=\"https:\/\/moverdb.com\/et\/bar-overseas\/\">Briti kolijate \u00fchendus Overseas (British Association of Removers Overseas)<\/a><\/li>\n<li> <a href=\"https:\/\/moverdb.com\/et\/fidi-faim\/\">FIDI<\/a><\/li>\n<li> <a href=\"https:\/\/moverdb.com\/et\/fidi-faim\/\" data-internallinksmanager029f6b8e52c=\"16\" title=\"FIDI &amp; FAIM (FIDI akrediteeritud rahvusvaheline kolija) selgitatud\">FAIM<\/a><\/li>\n<\/ul>\n<p><strong>PSS International Removals Arvamused<\/strong><\/p>\n<p><strong>Positiivne<\/strong><\/p>\n<ul>\n<li> <em>\"K\u00f5ik olid nii abivalmid ja v\u00e4ga professionaalsed. Ma ei kujutakski ette, et see p\u00e4ev v\u00f5iks minna paremini ja sujuvamalt. Olin nii stressis ja nad suutsid mind r\u00f5\u00f5msaks teha. <a href=\"https:\/\/moverdb.com\/et\/moving-to-the-united-states\/\" data-internallinksmanager029f6b8e52c=\"94\" title=\"Kolimine Ameerika \u00dchendriikidesse? 2022 Elamiskulud ja kolimisn\u00f5uanded\">us<\/a> \u00fcles. T\u00f5eliselt professionaalsed ja toredad, s\u00f5bralikud inimesed.\" Ma olen t\u00f5esti muljet avaldanud.\"<\/em> - Ania kaudu <a href=\"https:\/\/www.pssremovals.com\/reviews\" target=\"_blank\" rel=\"noopener\">PSS Removals klientide hinnangud<\/a><\/li>\n<li> <em>\"Me kasutasime PSSi s\u00f5prade soovituse p\u00f5hjal. Meil oli ainu\u00f5iguslikuks kasutamiseks 20 jala konteiner, et <a href=\"https:\/\/moverdb.com\/et\/moving-to-australia\/living-in-australia\/\" data-internallinksmanager029f6b8e52c=\"240\" title=\"21 saladusi Austraalias elamise kohta, mida enne kolimist teada tuleb\">Austraalia<\/a>. Meeskond, kes tuli ja pakkis meie maja kokku, oli h\u00e4mmastav - nad t\u00f6\u00f6tasid nii kiiresti. Kui meie asjad olid teel, oli hetki, mil ma paanitsesin, et mis on katki v\u00f5i kahjustatud, kuid meie asjad j\u00f5udsid eelmisel n\u00e4dalal kohale ja k\u00f5ik n\u00e4eb v\u00e4lja nagu pakkimise ajal.\"<\/em> - Zoe kaudu <a href=\"http:\/\/www.mymovingreviews.com\/movers\/pss-international-removals-1788#57593\" target=\"_blank\" rel=\"noopener\">MyMovingReviews.com<\/a> <\/li>\n<li> <em>\"Algusest l\u00f5puni ei saanud ma olla teenusega rohkem rahul, sest nad korraldasid suurep\u00e4rase korralduse ja olid kogu aeg abivalmid ja s\u00f5bralikud, mis t\u00e4hendab midagi, arvestades, et me olime t\u00f5en\u00e4oliselt k\u00f5ige organiseerimata ja stressirohkemad inimesed, kes kunagi liikusid.\"<\/em> - Michelle kaudu <a href=\"http:\/\/www.removalreviews.co.uk\/movingreviews\/good-company-8764\" target=\"_blank\" rel=\"noopener\">Eemaldamine Arvamused<\/a> <\/li>\n<\/ul>\n<p><strong>Negatiivne<\/strong><\/p>\n<ul>\n<li> <em>\"Ma taotlesin kodutarvete kolimist \u00dchendkuningriigist USAsse. Kuigi ma olin andnud v\u00e4ga l\u00fchikese etteteatamisaja ja ei t\u00e4itnud vormid \u00f5igeaegselt, ei ole ma MITTE \u00d5NNELIK selle \u00fcle, et sihtkohas n\u00f5utakse 400 USA dollarit lisatasu juhusliku r\u00f6ntgenkontrolli eest tolli juures ja et saabumine on hilinenud p\u00e4rast 4 kuud, mis sisaldab ka ladustamisperioodi.\"<\/em> - Sanjay kaudu <a href=\"http:\/\/www.mymovingreviews.com\/movers\/pss-international-removals-1788#57002\" target=\"_blank\" rel=\"noopener\">MyMovingReviews.com<\/a><\/li>\n<li> \"<em>Ettev\u00f5te on lihtsalt selleks, et r\u00f6\u00f6vida inimestelt nende raha!!!!!!\"<\/em> - Amir kaudu <a href=\"http:\/\/www.removalreviews.co.uk\/movingreviews\/straight-up-con-6619\" target=\"_blank\" rel=\"noopener\">Eemaldamine Arvamused<\/a> <\/li>\n<\/ul>\n<div itemprop=\"review\" itemscope itemtype=\"http:\/\/schema.org\/Review\">\n<span itemprop=\"author\" itemscope=\"\" itemtype=\"http:\/\/schema.org\/Organization\"><span itemprop=\"name\">MoverDB.com<\/span><\/span> Veebilehe \u00fclevaatus veebisaidi jaoks <span itemprop=\"itemreviewed\" itemscope=\"\" itemtype=\"http:\/\/schema.org\/Brand\"><span itemprop=\"name\">PSS Rahvusvaheline kolimine<\/span><\/span>:<\/p>\n<ol>\n<li> Selged kontaktandmed veebisaidil (sh telefoninumber): <strong>Jah<\/strong><\/li>\n<li> Lihtne saada <a href=\"https:\/\/moverdb.com\/et\/tsitaadid\/\">rahvusvaheliste kolimiste hinnapakkumised<\/a>? (veebip\u00f5hine hinnangu taotluse vorm): <strong>Jah<\/strong><\/li>\n<li> Selge teave veebilehel: <strong>Jah,<\/strong> palju \u00fcksikasjalikku teavet iga sihtkoha kohta.<\/li>\n<li> Liikmelisus rahvusvahelistes tunnustatud liikumisorganisatsioonides: <strong>Jah<\/strong>, vt eespool.<\/li>\n<li> Klientide ja\/v\u00f5i varasemate klientide soovitused: <strong>Jah,<\/strong> neil on klientide \u00fclevaate lehek\u00fclg ja nad saavad \u00fcldiselt positiivseid kommentaare teistel veebisaitidel.<\/li>\n<\/ol>\n<div itemprop=\"reviewRating\" itemscope itemtype=\"http:\/\/schema.org\/Rating\"><meta itemprop=\"worstRating\" content = \"0\" \/><meta itemprop=\"bestRating\" content=\"5\" \/><meta itemprop=\"ratingValue\" content=\"5\"><\/div>\n<p><strong>\u00dcldine hinne: 5\/5<\/strong><br \/>\n<strong>L\u00e4bivaatamise kuup\u00e4ev:<\/strong> <span itemprop=\"datePublished\" content=\"2016-09-03\">03\/09\/2016<\/span>\n<\/div>\n<p>Rohkem infot <a href=\"https:\/\/moverdb.com\/et\/kolimisfirmad\/\">rahvusvahelised kolimisfirmad<\/a> ja meie <a href=\"https:\/\/moverdb.com\/et\/arvustused\/\">l\u00e4bivaatamisprotsess<\/a>.<\/p>\n<p><strong>Veebileht:<\/strong> <a href=\"https:\/\/www.pssremovals.com\" target=\"_blank\" rel=\"noopener\">https:\/\/www.pssremovals.com<\/a>.<\/p>","protected":false},"excerpt":{"rendered":"<p>PSS International Removals has been moving people abroad for over 34 years. Listed below are the various services they offer. International Removals Bespoke service to most countries Designated international move co-ordinator Professional packers or self-pack option Door to door service Insurance arranged Advice on every aspect of destination country Migration Services Customs Information\/Documentation International Shipping [&hellip;]<\/p>\n","protected":false},"author":1,"featured_media":0,"parent":0,"menu_order":0,"comment_status":"closed","ping_status":"closed","template":"","meta":{"_genesis_hide_title":false,"_genesis_hide_breadcrumbs":false,"_genesis_hide_singular_image":false,"_genesis_hide_footer_widgets":false,"_genesis_custom_body_class":"","_genesis_custom_post_class":"","_genesis_layout":"","footnotes":""},"class_list":{"0":"post-889","1":"page","2":"type-page","3":"status-publish","5":"entry"},"_links":{"self":[{"href":"https:\/\/moverdb.com\/et\/wp-json\/wp\/v2\/pages\/889","targetHints":{"allow":["GET"]}}],"collection":[{"href":"https:\/\/moverdb.com\/et\/wp-json\/wp\/v2\/pages"}],"about":[{"href":"https:\/\/moverdb.com\/et\/wp-json\/wp\/v2\/types\/page"}],"author":[{"embeddable":true,"href":"https:\/\/moverdb.com\/et\/wp-json\/wp\/v2\/users\/1"}],"replies":[{"embeddable":true,"href":"https:\/\/moverdb.com\/et\/wp-json\/wp\/v2\/comments?post=889"}],"version-history":[{"count":4,"href":"https:\/\/moverdb.com\/et\/wp-json\/wp\/v2\/pages\/889\/revisions"}],"predecessor-version":[{"id":6230,"href":"https:\/\/moverdb.com\/et\/wp-json\/wp\/v2\/pages\/889\/revisions\/6230"}],"wp:attachment":[{"href":"https:\/\/moverdb.com\/et\/wp-json\/wp\/v2\/media?parent=889"}],"curies":[{"name":"wp","href":"https:\/\/api.w.org\/{rel}","templated":true}]}}