{"id":888,"date":"2016-08-31T21:15:38","date_gmt":"2016-08-31T21:15:38","guid":{"rendered":"http:\/\/moverdb.com\/?page_id=888"},"modified":"2026-01-08T14:47:24","modified_gmt":"2026-01-08T14:47:24","slug":"abels-removals","status":"publish","type":"page","link":"https:\/\/moverdb.com\/et\/abels-removals\/","title":{"rendered":"Abelsi kolimisteenused: International Removals Reviews"},"content":{"rendered":"<p>Abels Moving Services asub Brandonis, Suffolkis, kuid tal on rajatised ka j\u00e4rgmistes kohtades <a href=\"https:\/\/moverdb.com\/et\/moving-to-london\/\">London<\/a>, <a href=\"\" data-internallinksmanager029f6b8e52c=\"37\" title=\"Cambridge\">Cambridge<\/a> ja Lutterworth, kuid teenindab kogu piirkonda <a href=\"https:\/\/moverdb.com\/et\/moving-to-the-uk\/\" data-internallinksmanager029f6b8e52c=\"93\" title=\"Kolimine \u00dchendkuningriiki? 2022 Elamiskulud ja kolimisn\u00f5uanded\">UK<\/a>. <\/p>\n<p>Ta pakub oma klientidele mitmeid tahtlikke kolimisteenuseid, mis on loetletud allpool. Samuti j\u00e4rgneb ettev\u00f5tte profiil ja ettev\u00f5tte \u00fclevaated.<\/p>\n<p><strong>Rahvusvahelised liikumised<\/strong><\/p>\n<ul>\n<li> \u00d5huveod v\u00e4ikeste mahtude puhul<\/li>\n<li> Mereveod suurte mahtude puhul<\/li>\n<li> T\u00e4ielik kolimise juhtimine saadaval<\/li>\n<li> Lemmikloomade eemaldamine<\/li>\n<li> Auto eemaldamine<\/li>\n<li> Teenus ukselt uksele<\/li>\n<li> K\u00f5rge kvalifikatsiooniga pakendajad<\/li>\n<li> Kvaliteetsed pakkematerjalid<\/li>\n<li> Tolliabi<\/li>\n<li> Kohaletoimetamise ja lahtipakkimise teenus<\/li>\n<li> Teave \u00fcmberpaigutamise kohta<\/li>\n<li> Korraldatud kindlustus<\/li>\n<li> Teenindusteenus<\/li>\n<li> Aia teenus<\/li>\n<\/ul>\n<p><strong>\u00dcmberpaigutamise teenused<\/strong><\/p>\n<ul>\n<li> 60 riigi jaoks on saadaval riigi \u00fcmberpaigutamise juhendid<\/li>\n<li> Esialgne vajaduste hindamine<\/li>\n<li> Orienteerumine - sisseoste, meelelahutus, pangandus, vaba aja veetmise v\u00f5imalused<\/li>\n<li> Hariduse \u00fclevaade<\/li>\n<li> \u00dclevaade kinnisvarast<\/li>\n<li> M\u00f6\u00f6bli rentimine<\/li>\n<li> Kommunaalteenuste \u00fchendus<\/li>\n<li> Teenindusteenus<\/li>\n<li> Aia teenus<\/li>\n<\/ul>\n<p><strong>Euroopa liikumised<\/strong><\/p>\n<ul>\n<li> Teenus ukselt uksele<\/li>\n<li> K\u00f5ik Abels'i poolt t\u00e4idetud paberid<\/li>\n<li> Pakkimine ja lahtipakkimine<\/li>\n<li> Spetsiaalsed pakkematerjalid<\/li>\n<li> L\u00fchi- ja pikaajaline ladustamine<\/li>\n<li> Isikliku abistaja teenus - k\u00f5ik ja k\u00f5ik<\/li>\n<li> \u00dcmberpaigutamise juhendid<\/li>\n<li> Teenindusteenus<\/li>\n<li> Aia teenus<\/li>\n<\/ul>\n<p><strong>Pakkimisteenused<\/strong><\/p>\n<ul>\n<li> Habras esemed, sealhulgas kristall, <a href=\"https:\/\/moverdb.com\/et\/moving-to-china\/\" data-internallinksmanager029f6b8e52c=\"357\" title=\"Kolimine Hiinasse? 2023 elamiskulud ja kolimisn\u00f5uanded\">Hiina<\/a>, klaas jne<\/li>\n<li> Maalid, pildid<\/li>\n<li> R\u00f5ivad<\/li>\n<li> Antiikm\u00f6\u00f6bel, k\u00f5rge v\u00e4\u00e4rtusega esemed<\/li>\n<li> Kapi sisu \u00fcldiselt<\/li>\n<\/ul>\n<p><strong>Ladustamine<\/strong><\/p>\n<ul>\n<li> Pika- ja l\u00fchiajaline<\/li>\n<li> Ladustamine \u00dchendkuningriigis, Euroopas ja \u00fclemeremaades<\/li>\n<li> Sihtotstarbeliselt ehitatud<\/li>\n<li> Optimaalne keskkond<\/li>\n<li> Ranged tuleohutusmeetmed<\/li>\n<li> CCTV katvus<\/li>\n<li> Pidev julgeoleku kohalolek<\/li>\n<li> Kogumisel pitseeritud konteinerid<\/li>\n<li> Ideaalsetes temperatuuritingimustes ladustatud pehme m\u00f6\u00f6bel<\/li>\n<li> Failide ja arhiivide s\u00e4ilitamine<\/li>\n<li> \u00d5pilaste ladustamine<\/li>\n<\/ul>\n<p><strong>Spetsialistide teenused<\/strong><\/p>\n<ul>\n<li> \u00c4ri- ja \u00e4ritegevuse \u00fcmberpaigutused<\/li>\n<li> Dokumenditeenused<\/li>\n<li> M\u00f6\u00f6blivarustuse ja seadmete teenused<\/li>\n<li> Jaem\u00fc\u00fcgi- ja kodutarne teenused<\/li>\n<li> M\u00f6\u00f6bli paigaldamise teenused<\/li>\n<li> Paigalduslahendused sisekujundajatele ja kinnisvaraarendajatele<\/li>\n<\/ul>\n<h2>Abels Moving Services Ettev\u00f5tte profiil<\/h2>\n<p>Abels Moving Services alustas 1958. aastal pereettev\u00f5ttena kauplustele kaupade tarnimisega. Sellest ajast alates on ettev\u00f5te kasvanud ja n\u00fc\u00fcdseks on tal 1500 teeninduskeskust 56 riigis \u00fcle maailma. <\/p>\n<p>Ettev\u00f5ttele anti 1989. aastal Tema Majesteedi kuninganna kuninglik garantii, millega tunnustati nende teenuseid kroonile, mille hulka kuulus ka k\u00f5igi prints Charlesi ja printsess Diana pulmakingituste teisaldamine 1981. aastal. <\/p>\n<p>Abels Moving Services on uhke oma spetsiaalselt ehitatud keskkonnas\u00f5bralike veoautode \u00fcle. Nad usuvad kogukonnale tagasi andma ja toetavad erinevaid heategevusorganisatsioone \u00fcle kogu maailma. <\/p>\n<p>Nad usuvad kindlalt, et klientidega ei ole probleeme, ja nad usuvad, et naeratus aitab kaugele j\u00f5uda.<\/p>\n<p>Abels Moving Servicesil on j\u00e4rgmised sidemed ja akrediteeringud:<\/p>\n<ul>\n<li> Kuninglik volitus Tema Majesteedile kuningannale<\/li>\n<li> <a href=\"https:\/\/moverdb.com\/et\/fidi-faim\/\">FIDI<\/a><\/li>\n<li> <a href=\"https:\/\/moverdb.com\/et\/fidi-faim\/\" data-internallinksmanager029f6b8e52c=\"16\" title=\"FIDI &amp; FAIM (FIDI akrediteeritud rahvusvaheline kolija) selgitatud\">FAIM<\/a><\/li>\n<li> Investors in People<\/li>\n<li> <a href=\"https:\/\/moverdb.com\/et\/british-association-of-removers\/\">Briti kolijate \u00fchendus<\/a> (<a href=\"https:\/\/moverdb.com\/et\/british-association-of-removers\/\" data-internallinksmanager029f6b8e52c=\"9\" title=\"Briti kolijate assotsiatsioon (BAR) Selgitatud\">BAR<\/a>)<\/li>\n<li> <a href=\"https:\/\/moverdb.com\/et\/bar-overseas\/\">BAR Overseas Group<\/a><\/li>\n<li> Finantsinspektsioon<\/li>\n<li> <a href=\"https:\/\/moverdb.com\/et\/fedemac\/\">Euroopa Kolijate F\u00f6deratsioon<\/a> (<a href=\"https:\/\/moverdb.com\/et\/fedemac\/\" data-internallinksmanager029f6b8e52c=\"15\" title=\"Euroopa Kolijate F\u00f6deratsiooni (FEDEMAC) selgitused\">FEDEMAC<\/a>)<\/li>\n<li> Rahvusvaheliste kolijate vastastikune kindlustus (IMMI)<\/li>\n<li> BS EN ISO 9001<\/li>\n<\/ul>\n<h2>Abels kolimisteenused<\/h2>\n<p><strong>Positiivne:<\/strong><\/p>\n<ul>\n<li> <em>\"M\u00f5lemad kolimismeeskonnad olid suurep\u00e4rased - p\u00e4devad, t\u00f6\u00f6tasid stabiilselt ja lihtsalt toredad poisid, kellega oli v\u00e4ga tore suhelda, t\u00f5esti abivalmis, kui see oli h\u00e4davajalik.\"<\/em> - Ms Jenson kaudu <a href=\"http:\/\/www.abels.co.uk\/reviews\/\" target=\"_blank\" rel=\"noopener\">Abelsi klientide hinnangute lehek\u00fclg<\/a>.<\/li>\n<li> <em>\"K\u00f5ik, kellega ma Abelsis kas telefoni teel, e-posti teel v\u00f5i isiklikult kokku puutusin, olid v\u00e4ga abivalmid, s\u00f5bralikud ja t\u00f5husad, ma kasutaksin neid kindlasti uuesti ja ei k\u00f5hkle neid teistele soovitada.\"<\/em> Ms Pledge kaudu <a href=\"http:\/\/moveaide.com\/movers\/abels-moving-cambrige-uk-mover-reviews\" target=\"_blank\" rel=\"noopener\">MoveAide<\/a><\/li>\n<li> <em>\"Me tahtsime teile teada anda, et oleme v\u00e4ga rahul, et meie kolimine on n\u00fc\u00fcdseks edukalt l\u00f5pule viidud.\"<\/em> - kaudu. <a href=\"http:\/\/removal-company-reviews.com\/view-removal-company-review.php?c=Abels%20Moving%20Services%20Ltd&#038;id=384\" target=\"_blank\" rel=\"noopener\">\u00dcmber kolimise firma Arvamused<\/a><\/li>\n<\/ul>\n<p><strong>Negatiivne:<\/strong><\/p>\n<ul>\n<li> <em>\"Kohutav kommunikatsioon tarbetute viivituste kohta. Te kardate, et k\u00f5ik teie elutarbed on kadunud.\"<\/em> - Jeanie C. kaudu <a href=\"https:\/\/www.yelp.co.uk\/biz\/abels-moving-services-ltd-brandon-2?hrid=qZqRG6iZsRo2GEP-XgQefQ&#038;utm_campaign=www_review_share_popup&#038;utm_medium=copy_link&#038;utm_source=(direct)\" target=\"_blank\" rel=\"noopener\">Yelp<\/a><\/li>\n<li> <em>\"Kui sa ei ole kuninganna, siis ei hoolitse nad eriti.\"<\/em> - Simon kaudu <a href=\"http:\/\/www.removalreviews.co.uk\/movingreviews\/far-from-their-advertising-image-7304\" target=\"_blank\" rel=\"noopener\">Eemaldamine Arvamused<\/a><\/li>\n<li> <em>\"Kehv teenindus k\u00f5ikjal ja kehv suhtlemine nii <a href=\"https:\/\/moverdb.com\/et\/singapuri-kolimine\/\">Singapur<\/a> meeskond ja uk meeskond.\"<\/em> - Mr Crapper kaudu <a href=\"http:\/\/moveaide.com\/movers\/abels-moving-cambrige-uk-mover-reviews\" target=\"_blank\" rel=\"noopener\">MoveAide<\/a><\/li>\n<\/li>\n<\/ul>\n<div itemprop=\"review\" itemscope itemtype=\"http:\/\/schema.org\/Review\">\n<span itemprop=\"author\" itemscope=\"\" itemtype=\"http:\/\/schema.org\/Organization\"><span itemprop=\"name\">MoverDB.com<\/span><\/span> Veebilehe \u00fclevaatus veebisaidi jaoks <span itemprop=\"itemreviewed\" itemscope=\"\" itemtype=\"http:\/\/schema.org\/Brand\"><span itemprop=\"name\">Abels kolimisteenused<\/span><\/span>:<\/p>\n<ol>\n<li> Selged kontaktandmed veebisaidil (sh telefoninumber): <strong>Jah<\/strong><\/li>\n<li> Lihtne saada <a href=\"https:\/\/moverdb.com\/et\/tsitaadid\/\">rahvusvaheliste kolimiste hinnapakkumised<\/a>? (veebip\u00f5hine hinnangu taotluse vorm): <strong>Jah<\/strong><\/li>\n<li> Selge teave veebilehel: <strong>Jah,<\/strong> korralik kogus teavet veebilehel nende teenuste kohta, kuigi m\u00f5ned <\/li>\n<li> Liikmelisus rahvusvahelistes tunnustatud liikumisorganisatsioonides: <strong>Jah<\/strong>, vt eespool.<\/li>\n<li> Klientide ja\/v\u00f5i varasemate klientide soovitused: <strong>Jah<\/strong> Veebisaidil on positiivseid klientide iseloomustusi.<\/li>\n<\/ol>\n<div itemprop=\"reviewRating\" itemscope itemtype=\"http:\/\/schema.org\/Rating\"><meta itemprop=\"worstRating\" content = \"0\" \/><meta itemprop=\"bestRating\" content=\"5\" \/><meta itemprop=\"ratingValue\" content=\"4.5\"><\/div>\n<p><strong>\u00dcldine hinne: 4.5\/5<\/strong><br \/>\n<strong>L\u00e4bivaatamise kuup\u00e4ev:<\/strong> <span itemprop=\"datePublished\" content=\"2016-08-31\">31\/08\/2016<\/span>\n<\/div>\n<p>Rohkem infot <a href=\"https:\/\/moverdb.com\/et\/rahvusvahelised-kolimised\/\">rahvusvahelised kolimised<\/a> ja meie <a href=\"https:\/\/moverdb.com\/et\/arvustused\/\">l\u00e4bivaatamisprotsess<\/a>.<\/p>\n<p><strong>Veebileht:<\/strong> <a href=\"http:\/\/www.abels.co.uk\" target=\"_blank\" rel=\"noopener\">http:\/\/www.abels.co.uk<\/a><\/p>","protected":false},"excerpt":{"rendered":"<p>Abels Moving Services is based in Brandon, Suffolk but has facilities in London, Cambridge and Lutterworth but serves the whole of the UK. It offers its clients many intentional moving services which are listed below. There also follows a company profile and company reviews. International Moves Airfreight for small volumes Sea freight for large volumes [&hellip;]<\/p>\n","protected":false},"author":1,"featured_media":0,"parent":0,"menu_order":0,"comment_status":"closed","ping_status":"closed","template":"","meta":{"_genesis_hide_title":false,"_genesis_hide_breadcrumbs":false,"_genesis_hide_singular_image":false,"_genesis_hide_footer_widgets":false,"_genesis_custom_body_class":"","_genesis_custom_post_class":"","_genesis_layout":"","footnotes":""},"class_list":{"0":"post-888","1":"page","2":"type-page","3":"status-publish","5":"entry"},"_links":{"self":[{"href":"https:\/\/moverdb.com\/et\/wp-json\/wp\/v2\/pages\/888","targetHints":{"allow":["GET"]}}],"collection":[{"href":"https:\/\/moverdb.com\/et\/wp-json\/wp\/v2\/pages"}],"about":[{"href":"https:\/\/moverdb.com\/et\/wp-json\/wp\/v2\/types\/page"}],"author":[{"embeddable":true,"href":"https:\/\/moverdb.com\/et\/wp-json\/wp\/v2\/users\/1"}],"replies":[{"embeddable":true,"href":"https:\/\/moverdb.com\/et\/wp-json\/wp\/v2\/comments?post=888"}],"version-history":[{"count":8,"href":"https:\/\/moverdb.com\/et\/wp-json\/wp\/v2\/pages\/888\/revisions"}],"predecessor-version":[{"id":6166,"href":"https:\/\/moverdb.com\/et\/wp-json\/wp\/v2\/pages\/888\/revisions\/6166"}],"wp:attachment":[{"href":"https:\/\/moverdb.com\/et\/wp-json\/wp\/v2\/media?parent=888"}],"curies":[{"name":"wp","href":"https:\/\/api.w.org\/{rel}","templated":true}]}}