{"id":8879,"date":"2023-04-27T14:40:42","date_gmt":"2023-04-27T14:40:42","guid":{"rendered":"https:\/\/moverdb.com\/?page_id=8879"},"modified":"2026-01-08T15:29:24","modified_gmt":"2026-01-08T15:29:24","slug":"moving-companies-myanmar","status":"publish","type":"page","link":"https:\/\/moverdb.com\/et\/moving-companies\/moving-companies-myanmar\/","title":{"rendered":"6 parimat rahvusvahelist kolimisfirmat Myanmaris"},"content":{"rendered":"<p>Kodu v\u00f5i ettev\u00f5tte kolimine v\u00f5ib olla v\u00e4ga stressirohke aeg, sest on nii palju planeerida ja teha, eriti kui kolida teise riiki. Teenuste kaasamine <a href=\"https:\/\/moverdb.com\/et\/moving-companies\/\" data-internallinksmanager029f6b8e52c=\"79\" title=\"Top 25 rahvusvahelist kolimisfirmat Internetis\">kolimisfirma<\/a> v\u00f5ib aidata v\u00e4hendada teie stressi ja v\u00f5tta \u00e4ra paljud neist \u00fclesannetest. Allpool oleme koostanud nimekirja Myanmaris (Birma) asuvatest <a href=\"https:\/\/moverdb.com\/et\/international-removals\/\" data-internallinksmanager029f6b8e52c=\"27\" title=\"36 Parimad rahvusvahelised kolimisfirmad \u00dchendkuningriigis\">kolimisfirmad<\/a> mis on liikmed <a href=\"https:\/\/moverdb.com\/et\/iam\/\" data-internallinksmanager029f6b8e52c=\"23\" title=\"Rahvusvaheline kolijate assotsiatsioon (IAM) Selgitatud\">Rahvusvaheline kolijate assotsiatsioon<\/a> (IAM) ja\/v\u00f5i <a href=\"https:\/\/moverdb.com\/et\/fidi-faim\/\" data-internallinksmanager029f6b8e52c=\"16\" title=\"FIDI &amp; FAIM (FIDI akrediteeritud rahvusvaheline kolija) selgitatud\">FIDI<\/a> Akrediteeritud rahvusvaheline kolija (FAIM), kes v\u00f5iks teid kolimisel aidata.<\/p>\n<div id=\"ez-toc-container\" class=\"ez-toc-v2_0_82_2 ez-toc-wrap-left counter-hierarchy ez-toc-counter ez-toc-transparent ez-toc-container-direction\">\n<div class=\"ez-toc-title-container\">\n<p class=\"ez-toc-title\" style=\"cursor:inherit\">Jaotised<\/p>\n<span class=\"ez-toc-title-toggle\"><a href=\"#\" class=\"ez-toc-pull-right ez-toc-btn ez-toc-btn-xs ez-toc-btn-default ez-toc-toggle\" aria-label=\"Sisukorra vaheldumine\"><span class=\"ez-toc-js-icon-con\"><span class=\"\"><span class=\"eztoc-hide\" style=\"display:none;\">Toggle<\/span><span class=\"ez-toc-icon-toggle-span\"><svg style=\"fill: #999;color:#999\" xmlns=\"http:\/\/www.w3.org\/2000\/svg\" class=\"list-377408\" width=\"20px\" height=\"20px\" viewbox=\"0 0 24 24\" fill=\"none\"><path d=\"M6 6H4v2h2V6zm14 0H8v2h12V6zM4 11h2v2H4v-2zm16 0H8v2h12v-2zM4 16h2v2H4v-2zm16 0H8v2h12v-2z\" fill=\"currentColor\"><\/path><\/svg><svg style=\"fill: #999;color:#999\" class=\"arrow-unsorted-368013\" xmlns=\"http:\/\/www.w3.org\/2000\/svg\" width=\"10px\" height=\"10px\" viewbox=\"0 0 24 24\" version=\"1.2\" baseprofile=\"tiny\"><path d=\"M18.2 9.3l-6.2-6.3-6.2 6.3c-.2.2-.3.4-.3.7s.1.5.3.7c.2.2.4.3.7.3h11c.3 0 .5-.1.7-.3.2-.2.3-.5.3-.7s-.1-.5-.3-.7zM5.8 14.7l6.2 6.3 6.2-6.3c.2-.2.3-.5.3-.7s-.1-.5-.3-.7c-.2-.2-.4-.3-.7-.3h-11c-.3 0-.5.1-.7.3-.2.2-.3.5-.3.7s.1.5.3.7z\"\/><\/svg><\/span><\/span><\/span><\/a><\/span><\/div>\n<nav><ul class='ez-toc-list ez-toc-list-level-1 eztoc-toggle-hide-by-default' ><li class='ez-toc-page-1 ez-toc-heading-level-2'><a class=\"ez-toc-link ez-toc-heading-1\" href=\"https:\/\/moverdb.com\/et\/moving-companies\/moving-companies-myanmar\/#1_Dawood_Worldwide_Movers\" >1. Dawood Worldwide Movers<\/a><\/li><li class='ez-toc-page-1 ez-toc-heading-level-2'><a class=\"ez-toc-link ez-toc-heading-2\" href=\"https:\/\/moverdb.com\/et\/moving-companies\/moving-companies-myanmar\/#2_DNS_Mobility_Ltd\" >2. DNS Mobility Ltd<\/a><\/li><li class='ez-toc-page-1 ez-toc-heading-level-2'><a class=\"ez-toc-link ez-toc-heading-3\" href=\"https:\/\/moverdb.com\/et\/moving-companies\/moving-companies-myanmar\/#3_Global_Moving_Storage_Ltd\" >3. Global Moving &amp; Storage Ltd<\/a><\/li><li class='ez-toc-page-1 ez-toc-heading-level-2'><a class=\"ez-toc-link ez-toc-heading-4\" href=\"https:\/\/moverdb.com\/et\/moving-companies\/moving-companies-myanmar\/#4_Legendary_Myanmar_International_Moving_Logistics_Co_Ltd\" >4. Legendaarne Myanmar International Moving &amp; Logistics Co Ltd.<\/a><\/li><li class='ez-toc-page-1 ez-toc-heading-level-2'><a class=\"ez-toc-link ez-toc-heading-5\" href=\"https:\/\/moverdb.com\/et\/moving-companies\/moving-companies-myanmar\/#5_Myanmar_Express_Moving\" >5. Myanmar Express Moving<\/a><\/li><li class='ez-toc-page-1 ez-toc-heading-level-2'><a class=\"ez-toc-link ez-toc-heading-6\" href=\"https:\/\/moverdb.com\/et\/moving-companies\/moving-companies-myanmar\/#6_NMT_Ltd\" >6. NMT Ltd<\/a><\/li><\/ul><\/nav><\/div>\n<h2><span class=\"ez-toc-section\" id=\"1_Dawood_Worldwide_Movers\"><\/span><strong>1. Dawood Worldwide Movers<\/strong><span class=\"ez-toc-section-end\"><\/span><\/h2>\n<p><img loading=\"lazy\" decoding=\"async\" class=\"alignnone size-full wp-image-8783\" src=\"https:\/\/moverdb.com\/wp-content\/uploads\/Dawood-Worldwide-Moving-international-moving-company.png\" alt=\"Dawood Worldwide Moving rahvusvaheline kolimisfirma\" width=\"1440\" height=\"682\" data-wp-pid=\"8783\" srcset=\"https:\/\/moverdb.com\/wp-content\/uploads\/Dawood-Worldwide-Moving-international-moving-company.png 1440w, https:\/\/moverdb.com\/wp-content\/uploads\/Dawood-Worldwide-Moving-international-moving-company-300x142.png 300w, https:\/\/moverdb.com\/wp-content\/uploads\/Dawood-Worldwide-Moving-international-moving-company-1024x485.png 1024w, https:\/\/moverdb.com\/wp-content\/uploads\/Dawood-Worldwide-Moving-international-moving-company-18x9.png 18w, https:\/\/moverdb.com\/wp-content\/uploads\/Dawood-Worldwide-Moving-international-moving-company-600x284.png 600w\" sizes=\"auto, (max-width: 1440px) 100vw, 1440px\" \/><\/p>\n<ul>\n<li>Riiklikud kolimised<\/li>\n<li>Rahvusvahelised kolimised<\/li>\n<li>Kodumajapidamiste kolimine<\/li>\n<li>B\u00fcroo kolimine<\/li>\n<li>Pakkimisteenus<\/li>\n<li>Transpordi korraldus<\/li>\n<li>Tollivormistus<\/li>\n<li>P\u00e4ritolu- ja sihtkohateenused<\/li>\n<li>Lemmikloomade \u00fcmberpaigutamine<\/li>\n<li>Turvaline ladustamine<\/li>\n<\/ul>\n<p>Dawood Worldwide Movers on rahvusvaheline kolimisfirma, mis asutati 1963. aastal ja mille asukoht on Yangon. Nad teevad koost\u00f6\u00f6d rahvusvaheliste kolimisteenuste ja lastisaatjatega, et pakkuda oma teenuseid kogu maailmas. Nad on IAMi liige 47-aastase tegutsemisaastaga.<\/p>\n<p>Dawood Worldwide Movers pakub t\u00e4ielikku kolimisteenust, mis h\u00f5lmab teie toetamist enne kolimist koos p\u00e4ritoluteenustega ja sihtkohateenustega saabumisel ning v\u00f5ib ka teie lemmikloomade \u00fcmberpaigutamist. Nad pakuvad t\u00e4ielikku pakkimisteenust, mis h\u00f5lmab pakkimismaterjale, et kaitsta teie asju transportimisel. Nad korraldavad teie asjade transportimise teie sihtkohta koos tollivormistusega.<\/p>\n<p>Veebileht: <a href=\"http:\/\/www.dawoodmovers.com\" target=\"_blank\" rel=\"noopener\">http:\/\/www.dawoodmovers.com<\/a><\/p>\n<h2><span class=\"ez-toc-section\" id=\"2_DNS_Mobility_Ltd\"><\/span><strong>2. DNS Mobility Ltd<\/strong><span class=\"ez-toc-section-end\"><\/span><\/h2>\n<p><img loading=\"lazy\" decoding=\"async\" class=\"alignnone size-full wp-image-8789\" src=\"https:\/\/moverdb.com\/wp-content\/uploads\/DNS-Mobility-Ltd-international-moving-company.png\" alt=\"DNS Mobility Ltd rahvusvaheline kolimisfirma\" width=\"1440\" height=\"680\" data-wp-pid=\"8789\" srcset=\"https:\/\/moverdb.com\/wp-content\/uploads\/DNS-Mobility-Ltd-international-moving-company.png 1440w, https:\/\/moverdb.com\/wp-content\/uploads\/DNS-Mobility-Ltd-international-moving-company-300x142.png 300w, https:\/\/moverdb.com\/wp-content\/uploads\/DNS-Mobility-Ltd-international-moving-company-1024x484.png 1024w, https:\/\/moverdb.com\/wp-content\/uploads\/DNS-Mobility-Ltd-international-moving-company-18x9.png 18w, https:\/\/moverdb.com\/wp-content\/uploads\/DNS-Mobility-Ltd-international-moving-company-600x283.png 600w\" sizes=\"auto, (max-width: 1440px) 100vw, 1440px\" \/><\/p>\n<ul>\n<li>Riiklikud kolimised<\/li>\n<li>Rahvusvahelised \u00fcmberpaigutused<\/li>\n<li>Kodumajapidamiste kolimised<\/li>\n<li>T\u00e4isteenuse pakkimine<\/li>\n<li>Kohandatud pakendamisseadmed<\/li>\n<li>Transpordi korraldamine<\/li>\n<li><a href=\"https:\/\/moverdb.com\/et\/car-transport-shipping\/\" data-internallinksmanager029f6b8e52c=\"2\" title=\"2026 Rahvusvaheline autoveo ja s\u00f5idukite veo hinnapakkumised\">S\u00f5iduki saatmine<\/a><\/li>\n<li>Kaunite kunstide k\u00e4sitlemine<\/li>\n<li>Lemmikloomade \u00fcmberpaigutamine<\/li>\n<li>Turvalised ladustamisv\u00f5imalused<\/li>\n<\/ul>\n<p>DNS Mobility Ltd on rahvusvaheline logistika- ja lemmikloomade \u00fcmberpaigutamise ettev\u00f5te, mis asutati 2013. aastal ja mille asukoht on Yangonis. Nad teevad koost\u00f6\u00f6d enam kui 100 partner- ja sidusb\u00fcrooga \u00fcle kogu maailma, et pakkuda oma teenuseid rahvusvaheliselt. Nad on IAMi liige, kellel on 11-aastane tegevusperiood.<\/p>\n<p>DNS Mobility Ltd pakub terviklikke kolimisteenuseid kodumajapidamistele, mis v\u00f5ivad pakkuda t\u00e4ielikku pakkimisteenust, et kaitsta teie asju transpordil, mis h\u00f5lmab kohandatud pakkimisvarustust ja kastid. Nad korraldavad teie asjade transpordi ja j\u00e4lgivad teie saadetist internetis. Kohale j\u00f5udes pakivad nad kauba lahti ja eemaldavad prahi.<\/p>\n<p>Veebileht: <a href=\"http:\/\/www.dnsmyanmar.com\" target=\"_blank\" rel=\"noopener\">http:\/\/www.dnsmyanmar.com<\/a><\/p>\n<h2><span class=\"ez-toc-section\" id=\"3_Global_Moving_Storage_Ltd\"><\/span><strong>3. Global Moving &amp; Storage Ltd<\/strong><span class=\"ez-toc-section-end\"><\/span><\/h2>\n<p><img loading=\"lazy\" decoding=\"async\" class=\"alignnone size-full wp-image-8806\" src=\"https:\/\/moverdb.com\/wp-content\/uploads\/Global-Moving-Storage-Ltd-international-moving-company.png\" alt=\"Global Moving &amp; Storage Ltd rahvusvaheline kolimisfirma\" width=\"1440\" height=\"675\" data-wp-pid=\"8806\" srcset=\"https:\/\/moverdb.com\/wp-content\/uploads\/Global-Moving-Storage-Ltd-international-moving-company.png 1440w, https:\/\/moverdb.com\/wp-content\/uploads\/Global-Moving-Storage-Ltd-international-moving-company-300x141.png 300w, https:\/\/moverdb.com\/wp-content\/uploads\/Global-Moving-Storage-Ltd-international-moving-company-1024x480.png 1024w, https:\/\/moverdb.com\/wp-content\/uploads\/Global-Moving-Storage-Ltd-international-moving-company-18x8.png 18w, https:\/\/moverdb.com\/wp-content\/uploads\/Global-Moving-Storage-Ltd-international-moving-company-600x281.png 600w\" sizes=\"auto, (max-width: 1440px) 100vw, 1440px\" \/><\/p>\n<ul>\n<li>Riiklikud liikumised<\/li>\n<li>Rahvusvahelised liikumised<\/li>\n<li>Kodumajapidamiste kolimised<\/li>\n<li>Kontori kolimised<\/li>\n<li>Pakkimisteenused<\/li>\n<li>Transpordikorraldus<\/li>\n<li>Tollivormistus<\/li>\n<li>Kaunite kunstide pakkimine<\/li>\n<li>Lemmikloomade kolimisteenus<\/li>\n<li>Ladustamisv\u00f5imalused<\/li>\n<\/ul>\n<p>Global Moving &amp; Storage Ltd on \u00fcleilmne kolimis- ja logistikafirma, millel on \u00fcle kahe aastak\u00fcmne pikkune kogemus. Nad on IAMi liige, kellel on 12-aastane tegevus, mis annab neile rahvusvahelise kolimisagentide v\u00f5rgustiku, mis aitab neil pakkuda teenust kogu maailmas.<\/p>\n<p>Global Moving &amp; Storage Ltd pakub ukselt-uksele, ukselt-uksele<a href=\"https:\/\/moverdb.com\/et\/top-49-container-ports\/\" data-internallinksmanager029f6b8e52c=\"80\" title=\"Top 49 suurimat ja tihedaima liiklusega konteinersadamat 2025. aastal\">sadam<\/a> v\u00f5i sadamast-ukseni teenuseid, mis h\u00f5lmavad tollivormistust ja transpordi korraldamist. Nad pakuvad pakkimisteenuseid, et kaitsta teie esemeid rahvusvaheliste standardite kohaselt. Nad pakuvad eriteenuseid diplomaatidele, kaunite kunstiteoste ja lemmikloomade kolimise teenuseid.<\/p>\n<p>Veebileht: <a href=\"http:\/\/www.globalmovingstorage.com\" target=\"_blank\" rel=\"noopener\">http:\/\/www.globalmovingstorage.com<\/a><\/p>\n<h2><span class=\"ez-toc-section\" id=\"4_Legendary_Myanmar_International_Moving_Logistics_Co_Ltd\"><\/span><strong>4. Legendaarne Myanmar International Moving &amp; Logistics Co Ltd.<\/strong><span class=\"ez-toc-section-end\"><\/span><\/h2>\n<p><img loading=\"lazy\" decoding=\"async\" class=\"alignnone size-full wp-image-8821\" src=\"https:\/\/moverdb.com\/wp-content\/uploads\/Legendary-Myanmar-International-Moving-Logistics-Co-Ltd.png\" alt=\"Legendaarne Myanmar International Moving &amp; Logistics Co Ltd.\" width=\"1440\" height=\"682\" data-wp-pid=\"8821\" srcset=\"https:\/\/moverdb.com\/wp-content\/uploads\/Legendary-Myanmar-International-Moving-Logistics-Co-Ltd.png 1440w, https:\/\/moverdb.com\/wp-content\/uploads\/Legendary-Myanmar-International-Moving-Logistics-Co-Ltd-300x142.png 300w, https:\/\/moverdb.com\/wp-content\/uploads\/Legendary-Myanmar-International-Moving-Logistics-Co-Ltd-1024x485.png 1024w, https:\/\/moverdb.com\/wp-content\/uploads\/Legendary-Myanmar-International-Moving-Logistics-Co-Ltd-18x9.png 18w, https:\/\/moverdb.com\/wp-content\/uploads\/Legendary-Myanmar-International-Moving-Logistics-Co-Ltd-600x284.png 600w\" sizes=\"auto, (max-width: 1440px) 100vw, 1440px\" \/><\/p>\n<ul>\n<li>Riiklikud liikumised<\/li>\n<li>Rahvusvahelised liikumised<\/li>\n<li>Kodumajapidamiste kolimised<\/li>\n<li>Ettev\u00f5tte liikumised<\/li>\n<li>Pakkimisteenus<\/li>\n<li>Maantee-, mere- ja \u00f5huvedu<\/li>\n<li>Dokumentatsiooni tugi<\/li>\n<li>Autolaevade vedu<\/li>\n<li>Lemmikloomade \u00fcmberpaigutamine<\/li>\n<li>Ladustamisv\u00f5imalused<\/li>\n<\/ul>\n<p>Legendaarne Myanmar International Moving &amp; Logistics Co Ltd (LMSL) on laevandus, liikuv ja <a href=\"https:\/\/moverdb.com\/et\/relocation-agents\/\" data-internallinksmanager029f6b8e52c=\"1\" title=\"7 p\u00f5hjust, miks peaksite kasutama kolimisagenti?\">\u00fcmberpaigutamise agent<\/a> asutati 2010. aastal ja selle kontorid asuvad Yangonis, Mandalays ja Baganis. Nad on loonud \u00fclemaailmsed suhted transpordi- ja kolimisagentidega, et pakkuda rahvusvahelisi teenuseid, ning nad on IAMi liige 13 aasta jooksul.<\/p>\n<p>LMSL pakub kohalike ja rahvusvaheliste kolimiste puhul terviklikku kolimisteenust, mis h\u00f5lmab ka abi dokumentatsiooni koostamisel. Nad pakuvad pakkimisteenust teie asjade kaitsmiseks ja korraldavad maantee-, \u00f5hu- ja meretranspordi, mis h\u00f5lmab ka lisadokumente, n\u00e4iteks tollivormistust. Nad pakuvad kolimisteenuseid, sealhulgas orienteerumist, kodu ja koolide otsimist ning \u00fc\u00fcrilepingute s\u00f5lmimist.<\/p>\n<p>Veebileht: <a href=\"http:\/\/www.lmsl-shipping.com\" target=\"_blank\" rel=\"noopener\">http:\/\/www.lmsl-shipping.com<\/a><\/p>\n<h2><span class=\"ez-toc-section\" id=\"5_Myanmar_Express_Moving\"><\/span><strong>5. Myanmar Express Moving<\/strong><span class=\"ez-toc-section-end\"><\/span><\/h2>\n<p><img loading=\"lazy\" decoding=\"async\" class=\"alignnone size-full wp-image-8835\" src=\"https:\/\/moverdb.com\/wp-content\/uploads\/Myanmar-Express-Moving-international-moving-company.png\" alt=\"Myanmar Express Moving rahvusvaheline kolimisfirma\" width=\"1440\" height=\"677\" data-wp-pid=\"8835\" srcset=\"https:\/\/moverdb.com\/wp-content\/uploads\/Myanmar-Express-Moving-international-moving-company.png 1440w, https:\/\/moverdb.com\/wp-content\/uploads\/Myanmar-Express-Moving-international-moving-company-300x141.png 300w, https:\/\/moverdb.com\/wp-content\/uploads\/Myanmar-Express-Moving-international-moving-company-1024x481.png 1024w, https:\/\/moverdb.com\/wp-content\/uploads\/Myanmar-Express-Moving-international-moving-company-18x8.png 18w, https:\/\/moverdb.com\/wp-content\/uploads\/Myanmar-Express-Moving-international-moving-company-600x282.png 600w\" sizes=\"auto, (max-width: 1440px) 100vw, 1440px\" \/><\/p>\n<ul>\n<li>Kohalikud kolimised<\/li>\n<li>Rahvusvahelised kolimised<\/li>\n<li>Kodumajapidamiste kolimine<\/li>\n<li>Kaubanduslik lasti<\/li>\n<li>Pakkimisteenus<\/li>\n<li>Maantee-, \u00f5hu- ja meretransport<\/li>\n<li>Tollivormistus<\/li>\n<li>Lemmikloomade \u00fcmberpaigutamine<\/li>\n<li>Kindlustus<\/li>\n<li>Ladustamisv\u00f5imalused<\/li>\n<\/ul>\n<p>Myanmar Express Moving on \u00fcle 57-aastase kogemusega kolimis- ja pakkimisfirma, mis asub Yangonis. Neil on rahvusvahelised strateegilised partnerlussuhted ja liidud \u00fcle maailma, et pakkuda rahvusvahelisi teenuseid. Nad on IAMi liige, kellel on 29 aastat teenust.<\/p>\n<p>Myanmar Express Moving pakub tasuta \u00fclevaatust, et hinnata teie kolimisvajadusi ja koostada hinnapakkumine. Nad pakuvad pakkimisteenust, mis kaitseb teie m\u00f6\u00f6blit, kasutades kaasaegseid ja k\u00f5rgetasemelisi pakkematerjale, nad pakivad saabumisel v\u00e4lja ja eemaldavad k\u00f5ik prahi. Nad korraldavad maantee-, \u00f5hu- ja meretranspordi koos tollivormistuse ja kindlustuskaitsega.<\/p>\n<p>Veebileht: <a href=\"http:\/\/www.myanmarexpressmoving.com\" target=\"_blank\" rel=\"noopener\">http:\/\/www.myanmarexpressmoving.com<\/a><\/p>\n<h2><span class=\"ez-toc-section\" id=\"6_NMT_Ltd\"><\/span><strong>6. NMT Ltd<\/strong><span class=\"ez-toc-section-end\"><\/span><\/h2>\n<p><img loading=\"lazy\" decoding=\"async\" class=\"alignnone size-full wp-image-8838\" src=\"https:\/\/moverdb.com\/wp-content\/uploads\/NMT-Ltd-international-moving-company.png\" alt=\"NMT Ltd rahvusvaheline kolimisfirma\" width=\"1440\" height=\"683\" data-wp-pid=\"8838\" srcset=\"https:\/\/moverdb.com\/wp-content\/uploads\/NMT-Ltd-international-moving-company.png 1440w, https:\/\/moverdb.com\/wp-content\/uploads\/NMT-Ltd-international-moving-company-300x142.png 300w, https:\/\/moverdb.com\/wp-content\/uploads\/NMT-Ltd-international-moving-company-1024x486.png 1024w, https:\/\/moverdb.com\/wp-content\/uploads\/NMT-Ltd-international-moving-company-18x9.png 18w, https:\/\/moverdb.com\/wp-content\/uploads\/NMT-Ltd-international-moving-company-600x285.png 600w\" sizes=\"auto, (max-width: 1440px) 100vw, 1440px\" \/><\/p>\n<ul>\n<li>Riiklikud kolimised<\/li>\n<li>Rahvusvahelised kolimised<\/li>\n<li>Kodumajapidamiste kolimine<\/li>\n<li>B\u00fcroo kolimine<\/li>\n<li>Diplomaadi liikumine<\/li>\n<li>Pakkimisteenus<\/li>\n<li>Mere- ja \u00f5huvedu<\/li>\n<li>Tollimaaklerlus<\/li>\n<li>S\u00f5iduki saatmine<\/li>\n<li>Ladustamisv\u00f5imalused<\/li>\n<\/ul>\n<p>NMT Ltd on 1993. aastal asutatud rahvusvaheline pakkimis-, laevandus-, \u00fcmberpaigutamis-, logistika- ja transpordiettev\u00f5te, mis asub P\u00f5hja-Dagonis ja Yangonis. Nad pakuvad ka messide ja \u00fcrituste teenuseid, mis tegelevad laevanduse ja seadistamisega. Nad on IAMi liige 30-aastase tegevusega, mis annab neile juurdep\u00e4\u00e4su rahvusvahelisele kolimisagentide v\u00f5rgustikule, et pakkuda oma teenuseid kogu maailmas.<\/p>\n<p>NMT Ltd pakub majapidamiste ja b\u00fcroode kolimist Myanmari piires, Myanmari ja Myanmari territooriumilt, sealhulgas saatkondade ja diplomaatide kolimist. Neil on kogenud t\u00f6\u00f6tajad, kes toetavad teid kogu teie kolimise ajal, sealhulgas kogenud pakendajad, kes pakivad teie asjad turvaliselt ja korraldavad mere- v\u00f5i \u00f5hutranspordi koos tollimaakleriga.<\/p>\n<p>Veebileht: <a href=\"http:\/\/www.ntmyanmar.com\" target=\"_blank\" rel=\"noopener\">http:\/\/www.ntmyanmar.com<\/a><\/p>","protected":false},"excerpt":{"rendered":"<p>When you are moving home or business it can be such a stressful time as there is so much to plan and do especially if you are moving to another country. Engaging the services of a moving company can help reduce your stress and take away a lot of those tasks. Below we have compiled [&hellip;]<\/p>\n","protected":false},"author":4,"featured_media":0,"parent":190,"menu_order":0,"comment_status":"closed","ping_status":"closed","template":"","meta":{"_genesis_hide_title":false,"_genesis_hide_breadcrumbs":false,"_genesis_hide_singular_image":false,"_genesis_hide_footer_widgets":false,"_genesis_custom_body_class":"","_genesis_custom_post_class":"","_genesis_layout":"","footnotes":""},"class_list":{"0":"post-8879","1":"page","2":"type-page","3":"status-publish","5":"entry","6":"has-post-thumbnail"},"_links":{"self":[{"href":"https:\/\/moverdb.com\/et\/wp-json\/wp\/v2\/pages\/8879","targetHints":{"allow":["GET"]}}],"collection":[{"href":"https:\/\/moverdb.com\/et\/wp-json\/wp\/v2\/pages"}],"about":[{"href":"https:\/\/moverdb.com\/et\/wp-json\/wp\/v2\/types\/page"}],"author":[{"embeddable":true,"href":"https:\/\/moverdb.com\/et\/wp-json\/wp\/v2\/users\/4"}],"replies":[{"embeddable":true,"href":"https:\/\/moverdb.com\/et\/wp-json\/wp\/v2\/comments?post=8879"}],"version-history":[{"count":1,"href":"https:\/\/moverdb.com\/et\/wp-json\/wp\/v2\/pages\/8879\/revisions"}],"predecessor-version":[{"id":8881,"href":"https:\/\/moverdb.com\/et\/wp-json\/wp\/v2\/pages\/8879\/revisions\/8881"}],"up":[{"embeddable":true,"href":"https:\/\/moverdb.com\/et\/wp-json\/wp\/v2\/pages\/190"}],"wp:attachment":[{"href":"https:\/\/moverdb.com\/et\/wp-json\/wp\/v2\/media?parent=8879"}],"curies":[{"name":"wp","href":"https:\/\/api.w.org\/{rel}","templated":true}]}}