{"id":8438,"date":"2023-04-27T14:42:03","date_gmt":"2023-04-27T14:42:03","guid":{"rendered":"https:\/\/moverdb.com\/?page_id=8438"},"modified":"2026-01-08T15:24:48","modified_gmt":"2026-01-08T15:24:48","slug":"moving-companies-morocco","status":"publish","type":"page","link":"https:\/\/moverdb.com\/et\/moving-companies\/moving-companies-morocco\/","title":{"rendered":"4 parimat rahvusvahelist kolimisfirmat Marokos"},"content":{"rendered":"<p>Kui te m\u00f5tlete kolimisele, on nii palju teha ja planeerida, eriti kui te kolite v\u00e4lismaale. See on koht, kus <a href=\"https:\/\/moverdb.com\/et\/moving-companies\/\" data-internallinksmanager029f6b8e52c=\"79\" title=\"Top 25 rahvusvahelist kolimisfirmat Internetis\">kolimisfirma<\/a> aitab koormust kergendada. Allpool oleme koostanud nimekirja Maroko <a href=\"https:\/\/moverdb.com\/et\/international-removals\/\" data-internallinksmanager029f6b8e52c=\"27\" title=\"36 Parimad rahvusvahelised kolimisfirmad \u00dchendkuningriigis\">kolimisfirmad<\/a> mis on liikmed <a href=\"https:\/\/moverdb.com\/et\/iam\/\" data-internallinksmanager029f6b8e52c=\"23\" title=\"Rahvusvaheline kolijate assotsiatsioon (IAM) Selgitatud\">Rahvusvaheline kolijate assotsiatsioon<\/a> (IAM) ja\/v\u00f5i <a href=\"https:\/\/moverdb.com\/et\/fidi-faim\/\" data-internallinksmanager029f6b8e52c=\"16\" title=\"FIDI &amp; FAIM (FIDI akrediteeritud rahvusvaheline kolija) selgitatud\">FIDI<\/a> Akrediteeritud rahvusvaheline kolija (FAIM), kes v\u00f5iks teid kolimisel aidata.<\/p>\n<div id=\"ez-toc-container\" class=\"ez-toc-v2_0_82_2 ez-toc-wrap-left counter-hierarchy ez-toc-counter ez-toc-transparent ez-toc-container-direction\">\n<div class=\"ez-toc-title-container\">\n<p class=\"ez-toc-title\" style=\"cursor:inherit\">Jaotised<\/p>\n<span class=\"ez-toc-title-toggle\"><a href=\"#\" class=\"ez-toc-pull-right ez-toc-btn ez-toc-btn-xs ez-toc-btn-default ez-toc-toggle\" aria-label=\"Sisukorra vaheldumine\"><span class=\"ez-toc-js-icon-con\"><span class=\"\"><span class=\"eztoc-hide\" style=\"display:none;\">Toggle<\/span><span class=\"ez-toc-icon-toggle-span\"><svg style=\"fill: #999;color:#999\" xmlns=\"http:\/\/www.w3.org\/2000\/svg\" class=\"list-377408\" width=\"20px\" height=\"20px\" viewbox=\"0 0 24 24\" fill=\"none\"><path d=\"M6 6H4v2h2V6zm14 0H8v2h12V6zM4 11h2v2H4v-2zm16 0H8v2h12v-2zM4 16h2v2H4v-2zm16 0H8v2h12v-2z\" fill=\"currentColor\"><\/path><\/svg><svg style=\"fill: #999;color:#999\" class=\"arrow-unsorted-368013\" xmlns=\"http:\/\/www.w3.org\/2000\/svg\" width=\"10px\" height=\"10px\" viewbox=\"0 0 24 24\" version=\"1.2\" baseprofile=\"tiny\"><path d=\"M18.2 9.3l-6.2-6.3-6.2 6.3c-.2.2-.3.4-.3.7s.1.5.3.7c.2.2.4.3.7.3h11c.3 0 .5-.1.7-.3.2-.2.3-.5.3-.7s-.1-.5-.3-.7zM5.8 14.7l6.2 6.3 6.2-6.3c.2-.2.3-.5.3-.7s-.1-.5-.3-.7c-.2-.2-.4-.3-.7-.3h-11c-.3 0-.5.1-.7.3-.2.2-.3.5-.3.7s.1.5.3.7z\"\/><\/svg><\/span><\/span><\/span><\/a><\/span><\/div>\n<nav><ul class='ez-toc-list ez-toc-list-level-1 eztoc-toggle-hide-by-default' ><li class='ez-toc-page-1 ez-toc-heading-level-2'><a class=\"ez-toc-link ez-toc-heading-1\" href=\"https:\/\/moverdb.com\/et\/moving-companies\/moving-companies-morocco\/#1_Africa_Move\" >1. Aafrika liikumine<\/a><\/li><li class='ez-toc-page-1 ez-toc-heading-level-2'><a class=\"ez-toc-link ez-toc-heading-2\" href=\"https:\/\/moverdb.com\/et\/moving-companies\/moving-companies-morocco\/#2_Euromove\" >2. Euromove<\/a><\/li><li class='ez-toc-page-1 ez-toc-heading-level-2'><a class=\"ez-toc-link ez-toc-heading-3\" href=\"https:\/\/moverdb.com\/et\/moving-companies\/moving-companies-morocco\/#3_MIMC\" >3. MIMC<\/a><\/li><li class='ez-toc-page-1 ez-toc-heading-level-2'><a class=\"ez-toc-link ez-toc-heading-4\" href=\"https:\/\/moverdb.com\/et\/moving-companies\/moving-companies-morocco\/#4_MYCS\" >4. MYCS<\/a><\/li><\/ul><\/nav><\/div>\n<h2><span class=\"ez-toc-section\" id=\"1_Africa_Move\"><\/span><strong>1. Aafrika liikumine<\/strong><span class=\"ez-toc-section-end\"><\/span><\/h2>\n<p><img loading=\"lazy\" decoding=\"async\" class=\"alignnone size-full wp-image-8280\" src=\"https:\/\/moverdb.com\/wp-content\/uploads\/Africa-Move-international-moving-company.png\" alt=\"Africa Move rahvusvaheline kolimisfirma\" width=\"1440\" height=\"680\" data-wp-pid=\"8280\" srcset=\"https:\/\/moverdb.com\/wp-content\/uploads\/Africa-Move-international-moving-company.png 1440w, https:\/\/moverdb.com\/wp-content\/uploads\/Africa-Move-international-moving-company-300x142.png 300w, https:\/\/moverdb.com\/wp-content\/uploads\/Africa-Move-international-moving-company-1024x484.png 1024w, https:\/\/moverdb.com\/wp-content\/uploads\/Africa-Move-international-moving-company-18x9.png 18w, https:\/\/moverdb.com\/wp-content\/uploads\/Africa-Move-international-moving-company-600x283.png 600w\" sizes=\"auto, (max-width: 1440px) 100vw, 1440px\" \/><\/p>\n<ul>\n<li>Riiklikud kolimised<\/li>\n<li>Rahvusvahelised kolimised<\/li>\n<li>Kodumajapidamiste kolimine<\/li>\n<li>Ettev\u00f5tte \u00fcmberpaigutamine<\/li>\n<li>Ukselt-uksele teenus<\/li>\n<li>Pakkimisteenus<\/li>\n<li>Maantee-, mere- ja \u00f5hutransport<\/li>\n<li>Tollitoetus<\/li>\n<li>J\u00e4lgige oma saadetist<\/li>\n<li>Kindlustus<\/li>\n<\/ul>\n<p>Africa Move on kolimis- ja \u00fcmberpaigutamisfirma, mis on spetsialiseerunud Aafrika riikide, sealhulgas Maroko teenindamisele. Nad pakuvad kolimisi nii riigisiseselt, Aafrikas kui ka rahvusvaheliselt. Neil on \u00fclemaailmne v\u00f5rgustik, mis aitab neil pakkuda rahvusvahelisi kolimisi. Nad on IAMi liige, kellel on kolm aastat teenust.<\/p>\n<p>Africa Move pakub ukselt-uksele kolimist koos \u00fcksikasjaliku kalkulatsiooniga, mis sisaldab k\u00f5iki nende teenuseid. Nad pakuvad pakkimisteenust, mis kasutab kvaliteetseid materjale ja koolitatud t\u00f6\u00f6tajaid, et pakkuda pakkimist vastavalt rahvusvahelistele standarditele. Nad korraldavad teie asjade transpordi maantee-, mere- v\u00f5i \u00f5hutranspordi ja aitavad t\u00e4ita tolliformaalsusi.<\/p>\n<p>Veebileht: <a href=\"http:\/\/www.africa-move.com\" target=\"_blank\" rel=\"noopener\">http:\/\/www.africa-move.com<\/a><\/p>\n<h2><span class=\"ez-toc-section\" id=\"2_Euromove\"><\/span><strong>2. Euromove<\/strong><span class=\"ez-toc-section-end\"><\/span><\/h2>\n<p><img loading=\"lazy\" decoding=\"async\" class=\"alignnone size-full wp-image-8311\" src=\"https:\/\/moverdb.com\/wp-content\/uploads\/Euromove-international-moving-company-1.png\" alt=\"Euromove rahvusvaheline kolimisfirma\" width=\"1440\" height=\"683\" data-wp-pid=\"8311\" srcset=\"https:\/\/moverdb.com\/wp-content\/uploads\/Euromove-international-moving-company-1.png 1440w, https:\/\/moverdb.com\/wp-content\/uploads\/Euromove-international-moving-company-1-300x142.png 300w, https:\/\/moverdb.com\/wp-content\/uploads\/Euromove-international-moving-company-1-1024x486.png 1024w, https:\/\/moverdb.com\/wp-content\/uploads\/Euromove-international-moving-company-1-18x9.png 18w, https:\/\/moverdb.com\/wp-content\/uploads\/Euromove-international-moving-company-1-600x285.png 600w\" sizes=\"auto, (max-width: 1440px) 100vw, 1440px\" \/><\/p>\n<ul>\n<li>Kohalikud ja riiklikud liikumised<\/li>\n<li>Rahvusvahelised liikumised<\/li>\n<li>Elamu kolimine<\/li>\n<li>Kaubanduslikud k\u00e4igud<\/li>\n<li>Pakkimisteenus<\/li>\n<li>M\u00f6\u00f6bli lahtiv\u00f5tmine ja kokkupanek<\/li>\n<li>Transpordi valik ja k\u00e4itlemine<\/li>\n<li>Tolliformaalsused<\/li>\n<li>Ladustamisv\u00f5imalused<\/li>\n<\/ul>\n<p>Euromove on rahvusvaheline kolimisfirma, mis asutati aastal <a href=\"https:\/\/moverdb.com\/et\/moving-to-canada\/\" data-internallinksmanager029f6b8e52c=\"265\" title=\"Kanadasse kolimine? 2023 elamiskulud ja kolimisn\u00f5uanded\">Kanada<\/a> 2004. aastal ja selle Maroko t\u00fctarettev\u00f5te asutati 2011. aastal Casablancas. Nad on IAMi liige 12 aasta jooksul ja see annab neile rahvusvahelise kolimisagentide v\u00f5rgustiku, mis abistab neid kolimistel v\u00e4lismaal.<\/p>\n<p>Euromove pakub kiiret ja professionaalset kolimisteenust, mis h\u00f5lmab k\u00f5iki teie kolimise aspekte. Nad pakuvad pakkimisteenust, mis pakib k\u00f5ik teie asjad turvaliselt ja paigaldab need teie uude koju. Neil on kvaliteetne kolimisautopark, mis kaitseb nende kaupa transpordi ajal. Nad abistavad haldusmenetluste ja tolliformaalsustega.<\/p>\n<p>Veebileht: <a href=\"http:\/\/www.euromove.ma\" target=\"_blank\" rel=\"noopener\">http:\/\/www.euromove.ma<\/a><\/p>\n<h2><span class=\"ez-toc-section\" id=\"3_MIMC\"><\/span><strong>3. MIMC<\/strong><span class=\"ez-toc-section-end\"><\/span><\/h2>\n<p><img loading=\"lazy\" decoding=\"async\" class=\"alignnone size-full wp-image-8339\" src=\"https:\/\/moverdb.com\/wp-content\/uploads\/MIMC-international-moving-company.png\" alt=\"MIMC rahvusvaheline kolimisfirma\" width=\"1440\" height=\"683\" data-wp-pid=\"8339\" srcset=\"https:\/\/moverdb.com\/wp-content\/uploads\/MIMC-international-moving-company.png 1440w, https:\/\/moverdb.com\/wp-content\/uploads\/MIMC-international-moving-company-300x142.png 300w, https:\/\/moverdb.com\/wp-content\/uploads\/MIMC-international-moving-company-1024x486.png 1024w, https:\/\/moverdb.com\/wp-content\/uploads\/MIMC-international-moving-company-18x9.png 18w, https:\/\/moverdb.com\/wp-content\/uploads\/MIMC-international-moving-company-600x285.png 600w\" sizes=\"auto, (max-width: 1440px) 100vw, 1440px\" \/><\/p>\n<ul>\n<li>Riiklikud liikumised<\/li>\n<li>Rahvusvahelised liikumised<\/li>\n<li>Kodumajapidamiste kolimised<\/li>\n<li>Ukselt-uksele teenus<\/li>\n<li>Pakkimisteenus<\/li>\n<li>Maantee-, mere- ja \u00f5hutransport<\/li>\n<li>Tolliformaalsused<\/li>\n<li>Lemmikloomade \u00fcmberpaigutamine<\/li>\n<li><a href=\"https:\/\/moverdb.com\/et\/car-transport-shipping\/\" data-internallinksmanager029f6b8e52c=\"2\" title=\"2026 Rahvusvaheline autoveo ja s\u00f5idukite veo hinnapakkumised\">Autolaevandus<\/a><\/li>\n<li>Turvalised ladustamisv\u00f5imalused<\/li>\n<\/ul>\n<p>MIMC on 2001. aastal asutatud rahvusvaheline kolimisfirma, millel on kontorid Rabatis, Kenitras ja Casas. Nad teevad koost\u00f6\u00f6d suure hulga usaldusv\u00e4\u00e4rsete partneritega, kes abistavad neid rahvusvaheliste teenuste osutamisel. Nad on IAMi liige 22-aastase tegutsemisaja jooksul.<\/p>\n<p>MIMC pakub teie vajadustele kohandatud kolimislahendusi \u00fchest kohast, mis algab esmase \u00fclevaatega teie vajaduste hindamiseks. Nad pakuvad pakkimisteenust, mis kaitseb teie asju transportimisel. Nad pakuvad maantee-, mere- ja \u00f5hutransporti, mis h\u00f5lmab erinevaid saadetise suurusi, n\u00e4iteks t\u00e4is- ja v\u00e4hem kui konteinerkoormad.<\/p>\n<p>Veebileht: <a href=\"https:\/\/moumene.ma\/\" target=\"_blank\" rel=\"noopener\">https:\/\/moumene.ma\/<\/a><\/p>\n<h2><span class=\"ez-toc-section\" id=\"4_MYCS\"><\/span><strong>4. MYCS<\/strong><span class=\"ez-toc-section-end\"><\/span><\/h2>\n<p><img loading=\"lazy\" decoding=\"async\" class=\"alignnone size-full wp-image-8439\" src=\"https:\/\/moverdb.com\/wp-content\/uploads\/MYCS-international-moving-company.png\" alt=\"\" width=\"1440\" height=\"676\" data-wp-pid=\"8439\" srcset=\"https:\/\/moverdb.com\/wp-content\/uploads\/MYCS-international-moving-company.png 1440w, https:\/\/moverdb.com\/wp-content\/uploads\/MYCS-international-moving-company-300x141.png 300w, https:\/\/moverdb.com\/wp-content\/uploads\/MYCS-international-moving-company-1024x481.png 1024w, https:\/\/moverdb.com\/wp-content\/uploads\/MYCS-international-moving-company-18x8.png 18w, https:\/\/moverdb.com\/wp-content\/uploads\/MYCS-international-moving-company-600x282.png 600w\" sizes=\"auto, (max-width: 1440px) 100vw, 1440px\" \/><\/p>\n<ul>\n<li>Siseriiklikud saadetised<\/li>\n<li>Rahvusvahelised saadetised<\/li>\n<li>Isiklikud saadetised<\/li>\n<li>Kommertssaadetised<\/li>\n<li>Ukselt-uksele teenus<\/li>\n<li>Maantee-, mere- ja \u00f5huvedu<\/li>\n<li><a href=\"https:\/\/moverdb.com\/et\/container-shipping\/\" data-internallinksmanager029f6b8e52c=\"3\" title=\"Rahvusvaheliste konteinerite veohindade graafik: aprill 2026\">Konteinervedu<\/a> valikud<\/li>\n<li>Tollivormistus<\/li>\n<li>Saadetiste staatus reaalajas<\/li>\n<li>Ladustamisv\u00f5imalused<\/li>\n<\/ul>\n<p>MYCS on 10-aastase kogemusega ekspedeerimis- ja logistikafirma, mis asub Marokos ja <a href=\"https:\/\/moverdb.com\/et\/moving-companies\/egypt-moving-companies\/\" data-internallinksmanager029f6b8e52c=\"200\" title=\"11 parimat rahvusvahelist kolimisfirmat Egiptuses\">Egiptus<\/a>. Nende Maroko kontorid asuvad Casablancas, Mohammedias ja Tangeris. Nad t\u00f6\u00f6tavad koos \u00fclemaailmse partnerite v\u00f5rgustikuga, et pakkuda teenuseid kogu maailmas ja nad on IAMi liige.<\/p>\n<p>MYCS pakub individuaalseid veolahendusi, mis h\u00f5lmavad kodu- ja \u00e4rikaupade vedu kodude v\u00f5i kontorite vahel. Nad pakuvad ukselt-uksele teenust nii v\u00e4ikeste kui ka suurte saadetiste puhul ja v\u00f5ivad toimetada kaubad k\u00f5ikjale maailmas. Nad pakuvad maantee-, \u00f5hu- ja meretransporti, mis h\u00f5lmab nii v\u00e4iksemaid kui ka t\u00e4ielikke konteinerveoseid.<\/p>\n<p>Veebileht: <a href=\"http:\/\/www.mycs.ma\" target=\"_blank\" rel=\"noopener\">http:\/\/www.mycs.ma<\/a> &nbsp;<\/p>","protected":false},"excerpt":{"rendered":"<p>When you are thinking of moving, there is so much to do and plan especially if you are moving abroad. This is where a moving company can help lighten the load. Below we have compiled a list of Moroccan removal companies that are members of the International Association of Movers (IAM) and\/or FIDI Accredited International [&hellip;]<\/p>\n","protected":false},"author":4,"featured_media":0,"parent":190,"menu_order":0,"comment_status":"closed","ping_status":"closed","template":"","meta":{"_genesis_hide_title":false,"_genesis_hide_breadcrumbs":false,"_genesis_hide_singular_image":false,"_genesis_hide_footer_widgets":false,"_genesis_custom_body_class":"","_genesis_custom_post_class":"","_genesis_layout":"","footnotes":""},"class_list":{"0":"post-8438","1":"page","2":"type-page","3":"status-publish","5":"entry","6":"has-post-thumbnail"},"_links":{"self":[{"href":"https:\/\/moverdb.com\/et\/wp-json\/wp\/v2\/pages\/8438","targetHints":{"allow":["GET"]}}],"collection":[{"href":"https:\/\/moverdb.com\/et\/wp-json\/wp\/v2\/pages"}],"about":[{"href":"https:\/\/moverdb.com\/et\/wp-json\/wp\/v2\/types\/page"}],"author":[{"embeddable":true,"href":"https:\/\/moverdb.com\/et\/wp-json\/wp\/v2\/users\/4"}],"replies":[{"embeddable":true,"href":"https:\/\/moverdb.com\/et\/wp-json\/wp\/v2\/comments?post=8438"}],"version-history":[{"count":1,"href":"https:\/\/moverdb.com\/et\/wp-json\/wp\/v2\/pages\/8438\/revisions"}],"predecessor-version":[{"id":8440,"href":"https:\/\/moverdb.com\/et\/wp-json\/wp\/v2\/pages\/8438\/revisions\/8440"}],"up":[{"embeddable":true,"href":"https:\/\/moverdb.com\/et\/wp-json\/wp\/v2\/pages\/190"}],"wp:attachment":[{"href":"https:\/\/moverdb.com\/et\/wp-json\/wp\/v2\/media?parent=8438"}],"curies":[{"name":"wp","href":"https:\/\/api.w.org\/{rel}","templated":true}]}}