{"id":8429,"date":"2023-04-27T14:44:53","date_gmt":"2023-04-27T14:44:53","guid":{"rendered":"https:\/\/moverdb.com\/?page_id=8429"},"modified":"2026-01-08T15:29:22","modified_gmt":"2026-01-08T15:29:22","slug":"moving-companies-mauritius","status":"publish","type":"page","link":"https:\/\/moverdb.com\/et\/moving-companies\/moving-companies-mauritius\/","title":{"rendered":"6 parimat rahvusvahelist kolimisfirmat Mauritiusel"},"content":{"rendered":"<p>Kodu v\u00f5i ettev\u00f5tte kolimine Mauritiusel, Mauritiusele v\u00f5i Mauritiuselt v\u00f5ib olla stressirohke aeg, sest v\u00e4lismaal kolimise korral on palju korraldamist ja paberimajandust, mida tuleb t\u00e4ita. Seep\u00e4rast kasutavad paljud inimesed kolimisb\u00fcroo teenuseid. <a href=\"https:\/\/moverdb.com\/et\/moving-companies\/\" data-internallinksmanager029f6b8e52c=\"79\" title=\"Top 25 rahvusvahelist kolimisfirmat Internetis\">kolimisfirma<\/a> et muuta nende elu lihtsamaks. Allpool oleme koostanud nimekirja Mauritiusel asuvatest <a href=\"https:\/\/moverdb.com\/et\/international-removals\/\" data-internallinksmanager029f6b8e52c=\"27\" title=\"36 Parimad rahvusvahelised kolimisfirmad \u00dchendkuningriigis\">kolimisfirmad<\/a> mis on liikmed <a href=\"https:\/\/moverdb.com\/et\/iam\/\" data-internallinksmanager029f6b8e52c=\"23\" title=\"Rahvusvaheline kolijate assotsiatsioon (IAM) Selgitatud\">Rahvusvaheline kolijate assotsiatsioon<\/a> (IAM) ja\/v\u00f5i <a href=\"https:\/\/moverdb.com\/et\/fidi-faim\/\" data-internallinksmanager029f6b8e52c=\"16\" title=\"FIDI &amp; FAIM (FIDI akrediteeritud rahvusvaheline kolija) selgitatud\">FIDI<\/a> akrediteeritud rahvusvaheline kolija (FAIM), kes v\u00f5iks teid teie kolimisel aidata.<\/p>\n<div id=\"ez-toc-container\" class=\"ez-toc-v2_0_82_2 ez-toc-wrap-left counter-hierarchy ez-toc-counter ez-toc-transparent ez-toc-container-direction\">\n<div class=\"ez-toc-title-container\">\n<p class=\"ez-toc-title\" style=\"cursor:inherit\">Jaotised<\/p>\n<span class=\"ez-toc-title-toggle\"><a href=\"#\" class=\"ez-toc-pull-right ez-toc-btn ez-toc-btn-xs ez-toc-btn-default ez-toc-toggle\" aria-label=\"Sisukorra vaheldumine\"><span class=\"ez-toc-js-icon-con\"><span class=\"\"><span class=\"eztoc-hide\" style=\"display:none;\">Toggle<\/span><span class=\"ez-toc-icon-toggle-span\"><svg style=\"fill: #999;color:#999\" xmlns=\"http:\/\/www.w3.org\/2000\/svg\" class=\"list-377408\" width=\"20px\" height=\"20px\" viewbox=\"0 0 24 24\" fill=\"none\"><path d=\"M6 6H4v2h2V6zm14 0H8v2h12V6zM4 11h2v2H4v-2zm16 0H8v2h12v-2zM4 16h2v2H4v-2zm16 0H8v2h12v-2z\" fill=\"currentColor\"><\/path><\/svg><svg style=\"fill: #999;color:#999\" class=\"arrow-unsorted-368013\" xmlns=\"http:\/\/www.w3.org\/2000\/svg\" width=\"10px\" height=\"10px\" viewbox=\"0 0 24 24\" version=\"1.2\" baseprofile=\"tiny\"><path d=\"M18.2 9.3l-6.2-6.3-6.2 6.3c-.2.2-.3.4-.3.7s.1.5.3.7c.2.2.4.3.7.3h11c.3 0 .5-.1.7-.3.2-.2.3-.5.3-.7s-.1-.5-.3-.7zM5.8 14.7l6.2 6.3 6.2-6.3c.2-.2.3-.5.3-.7s-.1-.5-.3-.7c-.2-.2-.4-.3-.7-.3h-11c-.3 0-.5.1-.7.3-.2.2-.3.5-.3.7s.1.5.3.7z\"\/><\/svg><\/span><\/span><\/span><\/a><\/span><\/div>\n<nav><ul class='ez-toc-list ez-toc-list-level-1 eztoc-toggle-hide-by-default' ><li class='ez-toc-page-1 ez-toc-heading-level-2'><a class=\"ez-toc-link ez-toc-heading-1\" href=\"https:\/\/moverdb.com\/et\/moving-companies\/moving-companies-mauritius\/#1_Celero\" >1. Celero<\/a><\/li><li class='ez-toc-page-1 ez-toc-heading-level-2'><a class=\"ez-toc-link ez-toc-heading-2\" href=\"https:\/\/moverdb.com\/et\/moving-companies\/moving-companies-mauritius\/#2_Freight_and_Transit_Co_Ltd\" >2. Freight and Transit Co Ltd<\/a><\/li><li class='ez-toc-page-1 ez-toc-heading-level-2'><a class=\"ez-toc-link ez-toc-heading-3\" href=\"https:\/\/moverdb.com\/et\/moving-companies\/moving-companies-mauritius\/#3_Relocation_and_Moving_Solutions_Ltd\" >3. \u00dcmberpaigutamine ja kolimislahendused O\u00dc<\/a><\/li><li class='ez-toc-page-1 ez-toc-heading-level-2'><a class=\"ez-toc-link ez-toc-heading-4\" href=\"https:\/\/moverdb.com\/et\/moving-companies\/moving-companies-mauritius\/#4_Somatrans\" >4. Somatrans<\/a><\/li><li class='ez-toc-page-1 ez-toc-heading-level-2'><a class=\"ez-toc-link ez-toc-heading-5\" href=\"https:\/\/moverdb.com\/et\/moving-companies\/moving-companies-mauritius\/#5_Velogic\" >5. Velogic<\/a><\/li><li class='ez-toc-page-1 ez-toc-heading-level-2'><a class=\"ez-toc-link ez-toc-heading-6\" href=\"https:\/\/moverdb.com\/et\/moving-companies\/moving-companies-mauritius\/#6_Worldwide_Relocation_Services\" >6. \u00dclemaailmsed \u00fcmberpaigutamisteenused<\/a><\/li><\/ul><\/nav><\/div>\n<h2><span class=\"ez-toc-section\" id=\"1_Celero\"><\/span><strong>1. Celero<\/strong><span class=\"ez-toc-section-end\"><\/span><\/h2>\n<p><img loading=\"lazy\" decoding=\"async\" class=\"alignnone size-full wp-image-8296\" src=\"https:\/\/moverdb.com\/wp-content\/uploads\/Celero-international-moving-company.png\" alt=\"Celero rahvusvaheline kolimisfirma\" width=\"1440\" height=\"671\" data-wp-pid=\"8296\" srcset=\"https:\/\/moverdb.com\/wp-content\/uploads\/Celero-international-moving-company.png 1440w, https:\/\/moverdb.com\/wp-content\/uploads\/Celero-international-moving-company-300x140.png 300w, https:\/\/moverdb.com\/wp-content\/uploads\/Celero-international-moving-company-1024x477.png 1024w, https:\/\/moverdb.com\/wp-content\/uploads\/Celero-international-moving-company-18x8.png 18w, https:\/\/moverdb.com\/wp-content\/uploads\/Celero-international-moving-company-600x280.png 600w\" sizes=\"auto, (max-width: 1440px) 100vw, 1440px\" \/><\/p>\n<ul>\n<li>Rahvusvahelised liikumised<\/li>\n<li>Elamu kolimine<\/li>\n<li>Kontori kolimised<\/li>\n<li>Professionaalne pakkimisteenus<\/li>\n<li>Mere- ja \u00f5huvedu<\/li>\n<li>Konsolideerimisteenus<\/li>\n<li>Tollivormistus<\/li>\n<li>Lemmikloomade transport<\/li>\n<li>Kindlustus<\/li>\n<li>Turvaline ladustamine<\/li>\n<\/ul>\n<p>Celero on 2009. aastal asutatud s\u00f5ltumatu logistikaettev\u00f5te, mille kontor asub Mauritiusel. <a href=\"https:\/\/moverdb.com\/et\/moving-companies\/moving-companies-madagascar\/\" data-internallinksmanager029f6b8e52c=\"297\" title=\"Parimad rahvusvahelised kolimisfirmad Madagaskaril\">Madagaskar<\/a> ka. Nad on IAMi liige, kellel on 14-aastane t\u00f6\u00f6kogemus, mis annab neile juurdep\u00e4\u00e4su rahvusvahelisele kolimisagentide v\u00f5rgustikule, et aidata neid rahvusvaheliste kolimistega.<\/p>\n<p>Celero pakub kolimisteenuseid nii elamu- kui ka kontorikolimisteks. Nad pakuvad professionaalset pakkimis- ja pakkimisteenust, et kaitsta teie vara transportimisel, ning pakivad v\u00e4lja ja eemaldavad prahi. Nad korraldavad teie asjade turvalise transpordi mere- v\u00f5i \u00f5hutranspordiga ja aitavad tollivormistuse tegemisel. Nad pakuvad ka lemmikloomade transporti, kindlustust ja turvalisi ladustamisv\u00f5imalusi.<\/p>\n<p>Veebileht: <a href=\"http:\/\/www.celerogroup.com\" target=\"_blank\" rel=\"noopener\">http:\/\/www.celerogroup.com<\/a><\/p>\n<h2><span class=\"ez-toc-section\" id=\"2_Freight_and_Transit_Co_Ltd\"><\/span><strong>2. Freight and Transit Co Ltd<\/strong><span class=\"ez-toc-section-end\"><\/span><\/h2>\n<p><img loading=\"lazy\" decoding=\"async\" class=\"alignnone size-full wp-image-8315\" src=\"https:\/\/moverdb.com\/wp-content\/uploads\/Freight-and-Transit-Co-Ltd-international-moving-company.png\" alt=\"Freight and Transit Co Ltd rahvusvaheline kolimisfirma\" width=\"1440\" height=\"655\" data-wp-pid=\"8315\" srcset=\"https:\/\/moverdb.com\/wp-content\/uploads\/Freight-and-Transit-Co-Ltd-international-moving-company.png 1440w, https:\/\/moverdb.com\/wp-content\/uploads\/Freight-and-Transit-Co-Ltd-international-moving-company-300x136.png 300w, https:\/\/moverdb.com\/wp-content\/uploads\/Freight-and-Transit-Co-Ltd-international-moving-company-1024x466.png 1024w, https:\/\/moverdb.com\/wp-content\/uploads\/Freight-and-Transit-Co-Ltd-international-moving-company-18x8.png 18w, https:\/\/moverdb.com\/wp-content\/uploads\/Freight-and-Transit-Co-Ltd-international-moving-company-600x273.png 600w\" sizes=\"auto, (max-width: 1440px) 100vw, 1440px\" \/><\/p>\n<ul>\n<li>Kohalikud kolimised<\/li>\n<li>Rahvusvahelised kolimised<\/li>\n<li>Kodumajapidamiste kolimine<\/li>\n<li>Ukselt-uksele lahendused<\/li>\n<li>Professionaalne pakkimine<\/li>\n<li>Mere- ja \u00f5huvedu<\/li>\n<li>Tollivormistus<\/li>\n<li>Lemmikloomade transport<\/li>\n<li>Kindlustus<\/li>\n<li>Turvaline ladustamine<\/li>\n<\/ul>\n<p>Freight and Transit Co Ltd on 1994. aastal asutatud transpordi- ja ekspedeerimisfirma. Nad on IAMi liige 29 aasta jooksul ja see annab neile juurdep\u00e4\u00e4su rahvusvahelisele kolimisagentide v\u00f5rgustikule.<\/p>\n<p>Freight and Transit Co Ltd pakub ukselt-uksele kolimisteenust riigisiseselt ja rahvusvaheliselt. Nad pakuvad professionaalset pakkimisteenust, mis h\u00f5lmab teie asjade pakkimist ja pakkimist, m\u00f6\u00f6bli lahtiv\u00f5tmist ja kokkupanekut, lahtipakkimist ja prahi eemaldamist. Nad aitavad teil valida k\u00f5ige optimaalsema kolimisv\u00f5imaluse, sealhulgas \u00f5hu- ja meretranspordi. Nad abistavad tollivormistuse ja dokumentidega ning pakuvad vajadusel kindlustust ja turvalist ladustamist.<\/p>\n<p>Veebileht: <a href=\"http:\/\/www.ftl.mu\" target=\"_blank\" rel=\"noopener\">http:\/\/www.ftl.mu<\/a><\/p>\n<h2><span class=\"ez-toc-section\" id=\"3_Relocation_and_Moving_Solutions_Ltd\"><\/span><strong>3. \u00dcmberpaigutamine ja kolimislahendused O\u00dc<\/strong><span class=\"ez-toc-section-end\"><\/span><\/h2>\n<p><img loading=\"lazy\" decoding=\"async\" class=\"alignnone size-full wp-image-8359\" src=\"https:\/\/moverdb.com\/wp-content\/uploads\/Relocation-and-Moving-Solutions-Ltd-international-moving-company.png\" alt=\"Relocation and Moving Solutions Ltd rahvusvaheline kolimisfirma\" width=\"1440\" height=\"679\" data-wp-pid=\"8359\" srcset=\"https:\/\/moverdb.com\/wp-content\/uploads\/Relocation-and-Moving-Solutions-Ltd-international-moving-company.png 1440w, https:\/\/moverdb.com\/wp-content\/uploads\/Relocation-and-Moving-Solutions-Ltd-international-moving-company-300x141.png 300w, https:\/\/moverdb.com\/wp-content\/uploads\/Relocation-and-Moving-Solutions-Ltd-international-moving-company-1024x483.png 1024w, https:\/\/moverdb.com\/wp-content\/uploads\/Relocation-and-Moving-Solutions-Ltd-international-moving-company-18x8.png 18w, https:\/\/moverdb.com\/wp-content\/uploads\/Relocation-and-Moving-Solutions-Ltd-international-moving-company-600x283.png 600w\" sizes=\"auto, (max-width: 1440px) 100vw, 1440px\" \/><\/p>\n<ul>\n<li>Riiklikud liikumised<\/li>\n<li>Rahvusvahelised liikumised<\/li>\n<li>Kodumajapidamiste kolimised<\/li>\n<li>Kontori kolimine<\/li>\n<li>Individuaalsed lahendused<\/li>\n<li>Ukselt-uksele teenused<\/li>\n<li>Pakkimisteenus<\/li>\n<li>Maantee-, mere- v\u00f5i \u00f5hutransport<\/li>\n<li>Tollivormistus<\/li>\n<li>L\u00fchi- ja pikaajaline ladustamine<\/li>\n<\/ul>\n<p>Relocation and Moving Solutions Ltd on ukselt-uksele kolimisteenuse pakkuja, kes pakub kolimisteenuseid Mauritiusel, Mauritiusele ja Mauritiuselt. Nad teevad koost\u00f6\u00f6d akrediteeritud partneritega, et pakkuda oma teenuseid rahvusvaheliselt ja nad on IAMi liige.<\/p>\n<p>Relocation and Moving Solutions Ltd pakub kohandatud kolimisteenuseid, mis h\u00f5lmavad ukselt-uksele teenust riigisiseste ja rahvusvaheliste kolimiste puhul. Nad pakuvad pakkimisteenust, mis kasutab k\u00f5rgeima kvaliteediga materjale, et tagada esemete kaitse, sealhulgas pakkimise ja kinnitusrihmade kasutamine. Nad korraldavad teie asjade transpordi maantee-, \u00f5hu- ja meretranspordi ning abistavad tollivormistuses.<\/p>\n<p>Veebileht: <a href=\"http:\/\/mauritius-relocation.com\/\" target=\"_blank\" rel=\"noopener\">http:\/\/mauritius-relocation.com\/<\/a><\/p>\n<h2><span class=\"ez-toc-section\" id=\"4_Somatrans\"><\/span><strong>4. Somatrans<\/strong><span class=\"ez-toc-section-end\"><\/span><\/h2>\n<p><img loading=\"lazy\" decoding=\"async\" class=\"alignnone size-full wp-image-8366\" src=\"https:\/\/moverdb.com\/wp-content\/uploads\/Somatrans-international-moving-company.png\" alt=\"Somatrans rahvusvaheline kolimisfirma\" width=\"1440\" height=\"632\" data-wp-pid=\"8366\" srcset=\"https:\/\/moverdb.com\/wp-content\/uploads\/Somatrans-international-moving-company.png 1440w, https:\/\/moverdb.com\/wp-content\/uploads\/Somatrans-international-moving-company-300x132.png 300w, https:\/\/moverdb.com\/wp-content\/uploads\/Somatrans-international-moving-company-1024x449.png 1024w, https:\/\/moverdb.com\/wp-content\/uploads\/Somatrans-international-moving-company-18x8.png 18w, https:\/\/moverdb.com\/wp-content\/uploads\/Somatrans-international-moving-company-600x263.png 600w\" sizes=\"auto, (max-width: 1440px) 100vw, 1440px\" \/><\/p>\n<ul>\n<li>Riiklikud liikumised<\/li>\n<li>Rahvusvahelised liikumised<\/li>\n<li>Kodumajapidamiste kolimine<\/li>\n<li>Ukselt-uksele teenus<\/li>\n<li>Pakkimisteenus<\/li>\n<li>Mere- ja \u00f5huvedu<\/li>\n<li>Valik <a href=\"https:\/\/moverdb.com\/et\/shipping-container-sizes-and-dimensions\/\" data-internallinksmanager029f6b8e52c=\"247\" title=\"\u00dclim juhend laevakonteinerite suuruste ja m\u00f5\u00f5tmete kohta\">konteineri suurused<\/a><\/li>\n<li>Tollimaaklerlus<\/li>\n<li>Kindlustus<\/li>\n<li>Ladustamisv\u00f5imalused<\/li>\n<\/ul>\n<p>Somatrans on rahvusvaheline <a href=\"https:\/\/moverdb.com\/et\/freight-forwarder\/\" data-internallinksmanager029f6b8e52c=\"17\" title=\"Ekspedeerija ja NVOCC rahvusvaheliste kulude ja ettev\u00f5tete juhend\">ekspediitor<\/a> asub Ruche Terre'is, mille kontorid asuvad SSRi rahvusvahelises lennujaamas. Neil on sidemed mainekate ja kvalifitseeritud rahvusvaheliste kolijate organisatsioonidega, mis aitavad neil pakkuda teenuseid kogu maailmas. Nad on ka IAMi liige, kellel on 50 aastat teenistust.<\/p>\n<p>Somatrans pakub ukselt-uksele kolimisteenuseid professionaalsete kolijate abil, kellel on kogemusi rahvusvaheliste kolimistega. Nad annavad teile v\u00f5imaluse pakendada oma asjad ise v\u00f5i lasta neil teie eest pakendada ning pakuvad kaubaaluseid ja pakkimisv\u00f5imalusi. Nad pakuvad \u00f5hu- ja mereveo teenust, mis h\u00f5lmab t\u00e4is- ja v\u00e4hem kui konteinerlaadungit ning konsolideerimisv\u00f5imalusi.<\/p>\n<p>Veebileht: <a href=\"http:\/\/www.somatrans.mu\" target=\"_blank\" rel=\"noopener\">http:\/\/www.somatrans.mu<\/a><\/p>\n<h2><span class=\"ez-toc-section\" id=\"5_Velogic\"><\/span><strong>5. Velogic<\/strong><span class=\"ez-toc-section-end\"><\/span><\/h2>\n<p><img loading=\"lazy\" decoding=\"async\" class=\"alignnone size-full wp-image-8380\" src=\"https:\/\/moverdb.com\/wp-content\/uploads\/Velogic-international-moving-company.png\" alt=\"Velogic rahvusvaheline kolimisfirma\" width=\"1440\" height=\"678\" data-wp-pid=\"8380\" srcset=\"https:\/\/moverdb.com\/wp-content\/uploads\/Velogic-international-moving-company.png 1440w, https:\/\/moverdb.com\/wp-content\/uploads\/Velogic-international-moving-company-300x141.png 300w, https:\/\/moverdb.com\/wp-content\/uploads\/Velogic-international-moving-company-1024x482.png 1024w, https:\/\/moverdb.com\/wp-content\/uploads\/Velogic-international-moving-company-18x8.png 18w, https:\/\/moverdb.com\/wp-content\/uploads\/Velogic-international-moving-company-600x283.png 600w\" sizes=\"auto, (max-width: 1440px) 100vw, 1440px\" \/><\/p>\n<ul>\n<li>Riiklikud liikumised<\/li>\n<li>Rahvusvahelised liikumised<\/li>\n<li>Kodumajapidamiste kolimised<\/li>\n<li>Ettev\u00f5tte teenused<\/li>\n<li>Individuaalsed lahendused<\/li>\n<li>Maismaa-, mere- ja \u00f5hutransport<\/li>\n<li>Laadimisv\u00f5imaluste valik<\/li>\n<li>Tollivormistus<\/li>\n<li>J\u00e4lgimisplatvorm<\/li>\n<li>Ladustamisv\u00f5imalused<\/li>\n<\/ul>\n<p>Velogic on logistikaettev\u00f5te, mis tegutseb kogu maailmas 38 kohas, sealhulgas Mauritiusel, <a href=\"https:\/\/moverdb.com\/et\/moving-to-france\/\" data-internallinksmanager029f6b8e52c=\"315\" title=\"Kolimine Prantsusmaale? 2023 elamiskulud ja kolimisn\u00f5uanded\">Prantsusmaa<\/a>, <a href=\"https:\/\/moverdb.com\/et\/moving-to-india\/\" data-internallinksmanager029f6b8e52c=\"356\" title=\"Kolimine Indiasse? 2023 elamiskulud ja kolimisn\u00f5uanded\">India<\/a>, Madagaskar, <a href=\"https:\/\/moverdb.com\/et\/moving-companies\/moving-companies-kenya\/\" data-internallinksmanager029f6b8e52c=\"305\" title=\"4 parimat rahvusvahelist kolimisfirmat Keenias\">Kenya<\/a> ja Reunioni saarel. Nad teevad koost\u00f6\u00f6d rahvusvaheliste kolimisagentide v\u00f5rgustikuga, et laiendada oma ressursse ja v\u00f5imalusi teenuste osutamiseks rahvusvaheliselt. Nad on IAMi liige, kellel on 30-aastane tegevusperiood.<\/p>\n<p>Velogic pakub impordi ja ekspordi jaoks kohandatud lahendusi, mis h\u00f5lmavad ka kolimisteenuseid. Nad pakuvad erinevaid transpordiv\u00f5imalusi, mis h\u00f5lmavad \u00f5hu-, mere- ja maanteevedu koos tollivormistusega. Nende meretransport h\u00f5lmab v\u00e4hem kui konteineri koormat ja t\u00e4is konteineri koormat.<\/p>\n<p>Veebileht: <a href=\"http:\/\/www.velogic.net\" target=\"_blank\" rel=\"noopener\">http:\/\/www.velogic.net<\/a><\/p>\n<h2><span class=\"ez-toc-section\" id=\"6_Worldwide_Relocation_Services\"><\/span><strong>6. \u00dclemaailmsed \u00fcmberpaigutamisteenused<\/strong><span class=\"ez-toc-section-end\"><\/span><\/h2>\n<p>&nbsp;<img loading=\"lazy\" decoding=\"async\" class=\"alignnone size-full wp-image-8430\" src=\"https:\/\/moverdb.com\/wp-content\/uploads\/Worldwide-Relocation-Services-international-moving-company.png\" alt=\"Worldwide Relocation Services rahvusvaheline kolimisfirma\" width=\"1440\" height=\"683\" data-wp-pid=\"8430\" srcset=\"https:\/\/moverdb.com\/wp-content\/uploads\/Worldwide-Relocation-Services-international-moving-company.png 1440w, https:\/\/moverdb.com\/wp-content\/uploads\/Worldwide-Relocation-Services-international-moving-company-300x142.png 300w, https:\/\/moverdb.com\/wp-content\/uploads\/Worldwide-Relocation-Services-international-moving-company-1024x486.png 1024w, https:\/\/moverdb.com\/wp-content\/uploads\/Worldwide-Relocation-Services-international-moving-company-18x9.png 18w, https:\/\/moverdb.com\/wp-content\/uploads\/Worldwide-Relocation-Services-international-moving-company-600x285.png 600w\" sizes=\"auto, (max-width: 1440px) 100vw, 1440px\" \/><\/p>\n<ul>\n<li>Riiklikud liikumised<\/li>\n<li>Rahvusvahelised liikumised<\/li>\n<li>Kodumajapidamiste kolimised ja \u00fcmberpaigutused<\/li>\n<li>Kontori kolimised<\/li>\n<li>Isikliku liikumise juht<\/li>\n<li>Ukselt-uksele teenus<\/li>\n<li>Pakkimisteenus<\/li>\n<li>Transport koos tollikonsultatsiooniga<\/li>\n<li>Lemmikloomade reisiteenus<\/li>\n<li>Ladustamisv\u00f5imalused<\/li>\n<\/ul>\n<p>Worldwide Relocation Services on kolimis- ja \u00fcmberpaigutamisettev\u00f5te, mis pakub \u00fclemaailmset katvust kodumajapidamiste kolimistele. Nad teevad koost\u00f6\u00f6d mitmete kolimisagentidega \u00fcle kogu maailma, et pakkuda rahvusvahelisi kolimisi, ja nad on ka IAMi liige.<\/p>\n<p>Worldwide Relocation Services pakub transpordile agiilset l\u00e4henemist ja m\u00e4\u00e4rab teile isikliku kolimisjuhi ja kogenud rahvusvahelise kolimiskonsultandi, kes teid abistab. Nad pakuvad ukselt-uksele teenust, sealhulgas professionaalset pakkimisteenust, m\u00f6\u00f6bli ja antiikm\u00f6\u00f6bli kastidesse paigutamist, kaunite kunstide kolimist ja lemmikloomade reisiteenuseid. Nad korraldavad teie esemete transpordi, mis h\u00f5lmab tollikonsultatsioone ja kindlustust.<\/p>\n<p>Veebileht: <a href=\"http:\/\/www.relocation.mu\" target=\"_blank\" rel=\"noopener\">http:\/\/www.relocation.mu<\/a><\/p>","protected":false},"excerpt":{"rendered":"<p>Moving home or business within, to or from Mauritius can be a stressful time as there is so much to organise and paperwork to complete if you are moving abroad. This is why many people engage the services of a moving company to make their life easier. Below we have compiled a list of Mauritius [&hellip;]<\/p>\n","protected":false},"author":4,"featured_media":0,"parent":190,"menu_order":0,"comment_status":"closed","ping_status":"closed","template":"","meta":{"_genesis_hide_title":false,"_genesis_hide_breadcrumbs":false,"_genesis_hide_singular_image":false,"_genesis_hide_footer_widgets":false,"_genesis_custom_body_class":"","_genesis_custom_post_class":"","_genesis_layout":"","footnotes":""},"class_list":{"0":"post-8429","1":"page","2":"type-page","3":"status-publish","5":"entry","6":"has-post-thumbnail"},"_links":{"self":[{"href":"https:\/\/moverdb.com\/et\/wp-json\/wp\/v2\/pages\/8429","targetHints":{"allow":["GET"]}}],"collection":[{"href":"https:\/\/moverdb.com\/et\/wp-json\/wp\/v2\/pages"}],"about":[{"href":"https:\/\/moverdb.com\/et\/wp-json\/wp\/v2\/types\/page"}],"author":[{"embeddable":true,"href":"https:\/\/moverdb.com\/et\/wp-json\/wp\/v2\/users\/4"}],"replies":[{"embeddable":true,"href":"https:\/\/moverdb.com\/et\/wp-json\/wp\/v2\/comments?post=8429"}],"version-history":[{"count":1,"href":"https:\/\/moverdb.com\/et\/wp-json\/wp\/v2\/pages\/8429\/revisions"}],"predecessor-version":[{"id":8431,"href":"https:\/\/moverdb.com\/et\/wp-json\/wp\/v2\/pages\/8429\/revisions\/8431"}],"up":[{"embeddable":true,"href":"https:\/\/moverdb.com\/et\/wp-json\/wp\/v2\/pages\/190"}],"wp:attachment":[{"href":"https:\/\/moverdb.com\/et\/wp-json\/wp\/v2\/media?parent=8429"}],"curies":[{"name":"wp","href":"https:\/\/api.w.org\/{rel}","templated":true}]}}