{"id":8424,"date":"2023-04-27T14:46:03","date_gmt":"2023-04-27T14:46:03","guid":{"rendered":"https:\/\/moverdb.com\/?page_id=8424"},"modified":"2026-01-08T15:24:47","modified_gmt":"2026-01-08T15:24:47","slug":"moving-companies-malta","status":"publish","type":"page","link":"https:\/\/moverdb.com\/et\/moving-companies\/moving-companies-malta\/","title":{"rendered":"4 parimat rahvusvahelist kolimisfirmat Maltal"},"content":{"rendered":"<p>Kui te plaanite kolimist, siis kas teil on hirmus m\u00f5elda, kui palju \u00fclesandeid teil on vaja teha ja pakkimist korraldada? Saate oma elu lihtsamaks teha, kui v\u00f5tate t\u00f6\u00f6le <a href=\"https:\/\/moverdb.com\/et\/moving-companies\/\" data-internallinksmanager029f6b8e52c=\"79\" title=\"Top 25 rahvusvahelist kolimisfirmat Internetis\">kolimisfirma<\/a> korraldada oma transporti, paberimajandust ja pakkida oma asjad. Allpool oleme koostanud nimekirja Malta <a href=\"https:\/\/moverdb.com\/et\/international-removals\/\" data-internallinksmanager029f6b8e52c=\"27\" title=\"36 Parimad rahvusvahelised kolimisfirmad \u00dchendkuningriigis\">kolimisfirmad<\/a> mis on liikmed <a href=\"https:\/\/moverdb.com\/et\/iam\/\" data-internallinksmanager029f6b8e52c=\"23\" title=\"Rahvusvaheline kolijate assotsiatsioon (IAM) Selgitatud\">Rahvusvaheline kolijate assotsiatsioon<\/a> (IAM) ja\/v\u00f5i <a href=\"https:\/\/moverdb.com\/et\/fidi-faim\/\" data-internallinksmanager029f6b8e52c=\"16\" title=\"FIDI &amp; FAIM (FIDI akrediteeritud rahvusvaheline kolija) selgitatud\">FIDI<\/a> Akrediteeritud rahvusvaheline kolija (FAIM), kes v\u00f5iks teid kolimisel aidata.<\/p>\n<div id=\"ez-toc-container\" class=\"ez-toc-v2_0_82_2 ez-toc-wrap-left counter-hierarchy ez-toc-counter ez-toc-transparent ez-toc-container-direction\">\n<div class=\"ez-toc-title-container\">\n<p class=\"ez-toc-title\" style=\"cursor:inherit\">Jaotised<\/p>\n<span class=\"ez-toc-title-toggle\"><a href=\"#\" class=\"ez-toc-pull-right ez-toc-btn ez-toc-btn-xs ez-toc-btn-default ez-toc-toggle\" aria-label=\"Sisukorra vaheldumine\"><span class=\"ez-toc-js-icon-con\"><span class=\"\"><span class=\"eztoc-hide\" style=\"display:none;\">Toggle<\/span><span class=\"ez-toc-icon-toggle-span\"><svg style=\"fill: #999;color:#999\" xmlns=\"http:\/\/www.w3.org\/2000\/svg\" class=\"list-377408\" width=\"20px\" height=\"20px\" viewbox=\"0 0 24 24\" fill=\"none\"><path d=\"M6 6H4v2h2V6zm14 0H8v2h12V6zM4 11h2v2H4v-2zm16 0H8v2h12v-2zM4 16h2v2H4v-2zm16 0H8v2h12v-2z\" fill=\"currentColor\"><\/path><\/svg><svg style=\"fill: #999;color:#999\" class=\"arrow-unsorted-368013\" xmlns=\"http:\/\/www.w3.org\/2000\/svg\" width=\"10px\" height=\"10px\" viewbox=\"0 0 24 24\" version=\"1.2\" baseprofile=\"tiny\"><path d=\"M18.2 9.3l-6.2-6.3-6.2 6.3c-.2.2-.3.4-.3.7s.1.5.3.7c.2.2.4.3.7.3h11c.3 0 .5-.1.7-.3.2-.2.3-.5.3-.7s-.1-.5-.3-.7zM5.8 14.7l6.2 6.3 6.2-6.3c.2-.2.3-.5.3-.7s-.1-.5-.3-.7c-.2-.2-.4-.3-.7-.3h-11c-.3 0-.5.1-.7.3-.2.2-.3.5-.3.7s.1.5.3.7z\"\/><\/svg><\/span><\/span><\/span><\/a><\/span><\/div>\n<nav><ul class='ez-toc-list ez-toc-list-level-1 eztoc-toggle-hide-by-default' ><li class='ez-toc-page-1 ez-toc-heading-level-2'><a class=\"ez-toc-link ez-toc-heading-1\" href=\"https:\/\/moverdb.com\/et\/moving-companies\/moving-companies-malta\/#1_Cube_Relocations\" >1. Kuuti \u00fcmberpaigutamine<\/a><\/li><li class='ez-toc-page-1 ez-toc-heading-level-2'><a class=\"ez-toc-link ez-toc-heading-2\" href=\"https:\/\/moverdb.com\/et\/moving-companies\/moving-companies-malta\/#2_DOM_Transport\" >2. DOM transport<\/a><\/li><li class='ez-toc-page-1 ez-toc-heading-level-2'><a class=\"ez-toc-link ez-toc-heading-3\" href=\"https:\/\/moverdb.com\/et\/moving-companies\/moving-companies-malta\/#3_Express_Trailers\" >3. Ekspresshaagised<\/a><\/li><li class='ez-toc-page-1 ez-toc-heading-level-2'><a class=\"ez-toc-link ez-toc-heading-4\" href=\"https:\/\/moverdb.com\/et\/moving-companies\/moving-companies-malta\/#4_Transpak\" >4. Transpak<\/a><\/li><li class='ez-toc-page-1 ez-toc-heading-level-2'><a class=\"ez-toc-link ez-toc-heading-5\" href=\"https:\/\/moverdb.com\/et\/moving-companies\/moving-companies-malta\/#Other_Useful_Guides_to_Malta\" >Muud kasulikud Malta reisijuhid<\/a><\/li><\/ul><\/nav><\/div>\n<h2><span class=\"ez-toc-section\" id=\"1_Cube_Relocations\"><\/span><strong>1. Kuuti \u00fcmberpaigutamine<\/strong><span class=\"ez-toc-section-end\"><\/span><\/h2>\n<p><img loading=\"lazy\" decoding=\"async\" class=\"alignnone size-full wp-image-8301\" src=\"https:\/\/moverdb.com\/wp-content\/uploads\/Cube-Relocations-international-moving-company.png\" alt=\"Cube Relocations rahvusvaheline kolimisfirma\" width=\"1440\" height=\"680\" data-wp-pid=\"8301\" srcset=\"https:\/\/moverdb.com\/wp-content\/uploads\/Cube-Relocations-international-moving-company.png 1440w, https:\/\/moverdb.com\/wp-content\/uploads\/Cube-Relocations-international-moving-company-300x142.png 300w, https:\/\/moverdb.com\/wp-content\/uploads\/Cube-Relocations-international-moving-company-1024x484.png 1024w, https:\/\/moverdb.com\/wp-content\/uploads\/Cube-Relocations-international-moving-company-18x9.png 18w, https:\/\/moverdb.com\/wp-content\/uploads\/Cube-Relocations-international-moving-company-600x283.png 600w\" sizes=\"auto, (max-width: 1440px) 100vw, 1440px\" \/><\/p>\n<ul>\n<li>Riiklikud liikumised<\/li>\n<li>Rahvusvahelised liikumised<\/li>\n<li>Elamu kolimine<\/li>\n<li>Ettev\u00f5tte liikumised<\/li>\n<li>Individuaalne ukselt-uksele teenus<\/li>\n<li>Pakkimisteenus<\/li>\n<li>Maantee-, \u00f5hu- ja meretransport<\/li>\n<li>S\u00f5iduki transport<\/li>\n<li>Kindlustus<\/li>\n<li>Ladustamine<\/li>\n<\/ul>\n<p>Cube Relocations on 2007. aastal asutatud rahvusvaheline kolimisfirma, mis asub Ghaxaqis. Nad pakuvad riigisiseseid ja rahvusvahelisi kolimisi era- ja \u00e4riklientidele, mida toetavad nende rahvusvahelised \u00fchendused. Nad on IAMi liige, kellel on 15-aastane tegevus.<\/p>\n<p>Cube Relocations pakub kohandatud kolimisteenust vastavalt teie vajadustele ja suudab pakkuda uksest-ukseni teenust. Nad pakuvad pakkimisteenust t\u00e4ielikult koolitatud meeskonnaga, kes kasutab k\u00f5rgeima kvaliteediga materjale ja karpe. Nad korraldavad mere-, maantee- v\u00f5i \u00f5hutranspordi koos tollivormistusega. Kohale j\u00f5udes pakivad nad teie m\u00f6\u00f6bli lahti, panevad selle \u00fcles ja eemaldavad kogu prahi.<\/p>\n<p>Veebileht: <a href=\"http:\/\/www.cuberelocations.com\" target=\"_blank\" rel=\"noopener\">http:\/\/www.cuberelocations.com<\/a><\/p>\n<h2><span class=\"ez-toc-section\" id=\"2_DOM_Transport\"><\/span><strong>2. DOM transport<\/strong><span class=\"ez-toc-section-end\"><\/span><\/h2>\n<p><img loading=\"lazy\" decoding=\"async\" class=\"alignnone size-full wp-image-8305\" src=\"https:\/\/moverdb.com\/wp-content\/uploads\/DOM-Transport-international-moving-company.png\" alt=\"DOM Transport rahvusvaheline kolimisfirma\" width=\"1440\" height=\"680\" data-wp-pid=\"8305\" srcset=\"https:\/\/moverdb.com\/wp-content\/uploads\/DOM-Transport-international-moving-company.png 1440w, https:\/\/moverdb.com\/wp-content\/uploads\/DOM-Transport-international-moving-company-300x142.png 300w, https:\/\/moverdb.com\/wp-content\/uploads\/DOM-Transport-international-moving-company-1024x484.png 1024w, https:\/\/moverdb.com\/wp-content\/uploads\/DOM-Transport-international-moving-company-18x9.png 18w, https:\/\/moverdb.com\/wp-content\/uploads\/DOM-Transport-international-moving-company-600x283.png 600w\" sizes=\"auto, (max-width: 1440px) 100vw, 1440px\" \/><\/p>\n<ul>\n<li>Kohalikud ja riiklikud liikumised<\/li>\n<li>Rahvusvahelised liikumised<\/li>\n<li>Kodumajapidamiste kolimised<\/li>\n<li>Kontori ja ettev\u00f5tte kolimised<\/li>\n<li>Ukselt-uksele teenus<\/li>\n<li>Pakkimisteenus<\/li>\n<li>Maantee-, mere- ja \u00f5huvedu<\/li>\n<li>Tollitoetus<\/li>\n<li>Kindlustus<\/li>\n<li>Ladustamisv\u00f5imalused<\/li>\n<\/ul>\n<p>DOM Transport on 1930. aastate alguses asutatud kolimisfirma, mis asub Qormis ja pakub riigisiseseid ja rahvusvahelisi kolimisteenuseid. Neil on usaldusv\u00e4\u00e4rne v\u00e4lismaiste partnerite v\u00f5rgustik \u00fcle kogu maailma, kes abistavad neid rahvusvaheliste kolimiste puhul. Nad on IAMi liige, kellel on 91 aastat teenust.<\/p>\n<p>DOM Transport pakub \u00fclevaataja k\u00fclastust, et hinnata teie kolimisvajadusi ja koostada hinnapakkumine. Nad pakuvad ukselt-uksele teenust, mis sisaldab kindlustust ja k\u00f5iki teenuseid. Nad pakuvad pakkimisteenust kogenud meeskonnaga, kes pakib teie asjad turvaliselt ja koostab pakkimisnimekirja. Nad kasutavad usaldusv\u00e4\u00e4rseid veoagente, kes pakuvad t\u00e4is- v\u00f5i osakoormate ja grupivedude v\u00f5imalusi.<\/p>\n<p>Veebileht: <a href=\"http:\/\/www.domtransportmalta.com\" target=\"_blank\" rel=\"noopener\">http:\/\/www.domtransportmalta.com<\/a><\/p>\n<h2><span class=\"ez-toc-section\" id=\"3_Express_Trailers\"><\/span><strong>3. Ekspresshaagised<\/strong><span class=\"ez-toc-section-end\"><\/span><\/h2>\n<p><img loading=\"lazy\" decoding=\"async\" class=\"alignnone size-full wp-image-8312\" src=\"https:\/\/moverdb.com\/wp-content\/uploads\/Express-Trailers-international-moving-company.png\" alt=\"Express Trailers rahvusvaheline kolimisfirma\" width=\"1440\" height=\"680\" data-wp-pid=\"8312\" srcset=\"https:\/\/moverdb.com\/wp-content\/uploads\/Express-Trailers-international-moving-company.png 1440w, https:\/\/moverdb.com\/wp-content\/uploads\/Express-Trailers-international-moving-company-300x142.png 300w, https:\/\/moverdb.com\/wp-content\/uploads\/Express-Trailers-international-moving-company-1024x484.png 1024w, https:\/\/moverdb.com\/wp-content\/uploads\/Express-Trailers-international-moving-company-18x9.png 18w, https:\/\/moverdb.com\/wp-content\/uploads\/Express-Trailers-international-moving-company-600x283.png 600w\" sizes=\"auto, (max-width: 1440px) 100vw, 1440px\" \/><\/p>\n<ul>\n<li>Riiklik transport<\/li>\n<li>Rahvusvaheline transport<\/li>\n<li>\u00c4riteenused<\/li>\n<li>Isiklike asjade saatmine<\/li>\n<li>Veoautopark koos s\u00f5idukite j\u00e4lgimisega<\/li>\n<li>Ukselt-uksele teenus<\/li>\n<li>Maantee-, mere- ja \u00f5hutransport<\/li>\n<li>Tollivormistus<\/li>\n<li>Autotransport<\/li>\n<li>Turvaline ladustamine<\/li>\n<\/ul>\n<p>Express Trailers on Luqas asuv transpordi- ja logistikafirma. Nad pakuvad turustamist ja transporti <a href=\"https:\/\/moverdb.com\/et\/moving-to-malta\/\" data-internallinksmanager029f6b8e52c=\"433\" title=\"Kolimine Maltale? 2023 elamiskulud ja kolimisn\u00f5uanded\">Malta<\/a> ja veoteenused rahvusvaheliselt. Nad on s\u00f5lminud rahvusvahelisi liite v\u00e4lismaiste turustusv\u00f5rgustikega, et pakkuda oma teenuseid kogu maailmas. Nad on IAMi liige, kellel on 45 aastat kestnud tegevus.<\/p>\n<p>Express Trailers pakub uksest-ukseni teenust, mis h\u00f5lmab kaupade vedu Maltal, Maltale ja Maltalt, sealhulgas tollivormistust ja NSO deklaratsioone impordiks ja ekspordiks. Nad pakuvad nii t\u00e4is- kui ka osalisi veoseid, samuti grupivedusid oma maanteeveo puhul. Mereveo v\u00f5imalused h\u00f5lmavad v\u00e4hem kui konteineri koormate ja t\u00e4ieliku konteineri koormate v\u00f5imalusi. Nad pakuvad lennutranspordi otsesaadetisi.<\/p>\n<p>Veebileht: <a href=\"http:\/\/www.expressgroup.com\" target=\"_blank\" rel=\"noopener\">http:\/\/www.expressgroup.com<\/a><\/p>\n<h2><span class=\"ez-toc-section\" id=\"4_Transpak\"><\/span><strong>4. Transpak<\/strong><span class=\"ez-toc-section-end\"><\/span><\/h2>\n<p><img loading=\"lazy\" decoding=\"async\" class=\"alignnone size-full wp-image-8377\" src=\"https:\/\/moverdb.com\/wp-content\/uploads\/Transpak-international-moving-company.png\" alt=\"Transpak rahvusvaheline kolimisfirma\" width=\"1440\" height=\"673\" data-wp-pid=\"8377\" srcset=\"https:\/\/moverdb.com\/wp-content\/uploads\/Transpak-international-moving-company.png 1440w, https:\/\/moverdb.com\/wp-content\/uploads\/Transpak-international-moving-company-300x140.png 300w, https:\/\/moverdb.com\/wp-content\/uploads\/Transpak-international-moving-company-1024x479.png 1024w, https:\/\/moverdb.com\/wp-content\/uploads\/Transpak-international-moving-company-18x8.png 18w, https:\/\/moverdb.com\/wp-content\/uploads\/Transpak-international-moving-company-600x280.png 600w\" sizes=\"auto, (max-width: 1440px) 100vw, 1440px\" \/><\/p>\n<ul>\n<li>Riiklikud liikumised<\/li>\n<li>Rahvusvahelised liikumised<\/li>\n<li>Kodumajapidamiste kolimised<\/li>\n<li>Ettev\u00f5tte liikumine<\/li>\n<li>Pakkimisteenused<\/li>\n<li>Kvaliteetne pakend<\/li>\n<li>Transpordi korraldamine<\/li>\n<li>Kunstiteoste k\u00e4sitlemine<\/li>\n<li>S\u00f5iduki transport<\/li>\n<li>Kindlustus<\/li>\n<\/ul>\n<p>Transpak on 1976. aastal asutatud kolimisfirma, mis pakub rahvusvahelisi pakkimis- ja veolahendusi. Neil on esindajate v\u00f5rgustik kogu maailmas, mis aitab neil teenindada oma kliente, kes kolivad Maltale v\u00f5i Maltalt. Nad on IAMi liige 47-aastase tegutsemisaja jooksul.<\/p>\n<p>Transpak pakub t\u00e4iustatud tooteid ja tehnoloogiaid, mis v\u00f5imaldavad teie esemeid ohutult transportida. Nad suudavad valmistada kvaliteetseid pakkematerjale, mille hulka kuuluvad pakendikarbid ja puidust kastid ning kaitsematerjalid. Nad suudavad liigutada erinevaid kaupu, sealhulgas majapidamistarbeid, antiikesemeid, kunstiteoseid ja s\u00f5idukeid.<\/p>\n<p>Veebileht: <a href=\"http:\/\/www.transpakmalta.com\" target=\"_blank\" rel=\"noopener\">http:\/\/www.transpakmalta.com<\/a><\/p>\n<h2><span class=\"ez-toc-section\" id=\"Other_Useful_Guides_to_Malta\"><\/span>Muud kasulikud Malta reisijuhid <span class=\"ez-toc-section-end\"><\/span><\/h2>\n<ul>\n<li> <a href=\"https:\/\/moverdb.com\/et\/konteiner-laevandus\/malta\/\">2024 Mereveo konteinerite veohinnad Maltale ja Maltalt<\/a><\/li>\n<li> <a href=\"https:\/\/moverdb.com\/et\/moving-to-malta\/\">Kolimine Maltale? 2023 elamiskulud ja kolimisn\u00f5uanded<\/a><\/li>\n<li> <a href=\"https:\/\/moverdb.com\/et\/moving-to-malta\/living-in-malta\/\">21 saladust Maltal elamise kohta, mida peaks teadma enne kolimist<\/a><\/li>\n<\/ul>","protected":false},"excerpt":{"rendered":"<p>When you are planning a move does it fill you with dread thinking about the number of tasks you will need to do and the packing? You can make your life easier by employing a moving company to organise your transport, paperwork and pack your belongings. Below we have compiled a list of Maltese removal [&hellip;]<\/p>\n","protected":false},"author":4,"featured_media":0,"parent":190,"menu_order":0,"comment_status":"closed","ping_status":"closed","template":"","meta":{"_genesis_hide_title":false,"_genesis_hide_breadcrumbs":false,"_genesis_hide_singular_image":false,"_genesis_hide_footer_widgets":false,"_genesis_custom_body_class":"","_genesis_custom_post_class":"","_genesis_layout":"","footnotes":""},"class_list":{"0":"post-8424","1":"page","2":"type-page","3":"status-publish","5":"entry","6":"has-post-thumbnail"},"_links":{"self":[{"href":"https:\/\/moverdb.com\/et\/wp-json\/wp\/v2\/pages\/8424","targetHints":{"allow":["GET"]}}],"collection":[{"href":"https:\/\/moverdb.com\/et\/wp-json\/wp\/v2\/pages"}],"about":[{"href":"https:\/\/moverdb.com\/et\/wp-json\/wp\/v2\/types\/page"}],"author":[{"embeddable":true,"href":"https:\/\/moverdb.com\/et\/wp-json\/wp\/v2\/users\/4"}],"replies":[{"embeddable":true,"href":"https:\/\/moverdb.com\/et\/wp-json\/wp\/v2\/comments?post=8424"}],"version-history":[{"count":3,"href":"https:\/\/moverdb.com\/et\/wp-json\/wp\/v2\/pages\/8424\/revisions"}],"predecessor-version":[{"id":18368,"href":"https:\/\/moverdb.com\/et\/wp-json\/wp\/v2\/pages\/8424\/revisions\/18368"}],"up":[{"embeddable":true,"href":"https:\/\/moverdb.com\/et\/wp-json\/wp\/v2\/pages\/190"}],"wp:attachment":[{"href":"https:\/\/moverdb.com\/et\/wp-json\/wp\/v2\/media?parent=8424"}],"curies":[{"name":"wp","href":"https:\/\/api.w.org\/{rel}","templated":true}]}}