{"id":8416,"date":"2023-04-27T14:47:29","date_gmt":"2023-04-27T14:47:29","guid":{"rendered":"https:\/\/moverdb.com\/?page_id=8416"},"modified":"2026-01-08T15:30:06","modified_gmt":"2026-01-08T15:30:06","slug":"moving-companies-malawi","status":"publish","type":"page","link":"https:\/\/moverdb.com\/et\/moving-companies\/moving-companies-malawi\/","title":{"rendered":"Parimad rahvusvahelised kolimisfirmad Malawis"},"content":{"rendered":"<p>Kolimine v\u00f5ib olla keeruline, eriti kui te l\u00e4hete teise riiki, nii et v\u00f5ite soovida kaasata teenuseid <a href=\"https:\/\/moverdb.com\/et\/moving-companies\/\" data-internallinksmanager029f6b8e52c=\"79\" title=\"Top 25 rahvusvahelist kolimisfirmat Internetis\">kolimisfirma<\/a> kuna need v\u00f5ivad aidata v\u00e4hendada protsessiga seotud stressi. Allpool oleme koostanud nimekirja Malawi p\u00f5hinevatest <a href=\"https:\/\/moverdb.com\/et\/international-removals\/\" data-internallinksmanager029f6b8e52c=\"27\" title=\"36 Parimad rahvusvahelised kolimisfirmad \u00dchendkuningriigis\">kolimisfirmad<\/a> mis on liikmed <a href=\"https:\/\/moverdb.com\/et\/iam\/\" data-internallinksmanager029f6b8e52c=\"23\" title=\"Rahvusvaheline kolijate assotsiatsioon (IAM) Selgitatud\">Rahvusvaheline kolijate assotsiatsioon<\/a> (IAM) ja\/v\u00f5i <a href=\"https:\/\/moverdb.com\/et\/fidi-faim\/\" data-internallinksmanager029f6b8e52c=\"16\" title=\"FIDI &amp; FAIM (FIDI akrediteeritud rahvusvaheline kolija) selgitatud\">FIDI<\/a> akrediteeritud rahvusvaheline kolija (FAIM), kes v\u00f5iks teid teie kolimisel aidata.<\/p>\n<h2><strong>Stuffafords Rahvusvaheline kolimine<\/strong><\/h2>\n<p><img loading=\"lazy\" decoding=\"async\" class=\"alignnone size-full wp-image-8369\" src=\"https:\/\/moverdb.com\/wp-content\/uploads\/Stuttafords-International-Malawi-moving-company.png\" alt=\"Stuttafords International Malawi kolimisfirma\" width=\"1440\" height=\"680\" data-wp-pid=\"8369\" srcset=\"https:\/\/moverdb.com\/wp-content\/uploads\/Stuttafords-International-Malawi-moving-company.png 1440w, https:\/\/moverdb.com\/wp-content\/uploads\/Stuttafords-International-Malawi-moving-company-300x142.png 300w, https:\/\/moverdb.com\/wp-content\/uploads\/Stuttafords-International-Malawi-moving-company-1024x484.png 1024w, https:\/\/moverdb.com\/wp-content\/uploads\/Stuttafords-International-Malawi-moving-company-18x9.png 18w, https:\/\/moverdb.com\/wp-content\/uploads\/Stuttafords-International-Malawi-moving-company-600x283.png 600w\" sizes=\"auto, (max-width: 1440px) 100vw, 1440px\" \/><\/p>\n<ul>\n<li>Kohalikud ja riiklikud liikumised<\/li>\n<li>Rahvusvahelised liikumised<\/li>\n<li>Kodumajapidamiste kolimised<\/li>\n<li>Kontori kolimised<\/li>\n<li>Ukselt-uksele teenus<\/li>\n<li>Pakkimisteenus<\/li>\n<li>Kastid<\/li>\n<li>Saadetise suuruse valik<\/li>\n<li>Maantee-, raudtee-, \u00f5hu- ja meretransport<\/li>\n<li>L\u00fchi- ja pikaajaline ladustamine<\/li>\n<\/ul>\n<p>Stuffafords International Removals on 1994. aastal asutatud kolimisfirma, mis asub Lilongwes, kuid neil on filiaalid ka Zimbabwes ja Sambias. Nad teevad koost\u00f6\u00f6d kolimisagentidega \u00fcle kogu maailma, et pakkuda rahvusvahelisi teenuseid. Nad on IAMi liige, kellel on 29-aastane tegevusperiood.<\/p>\n<p>Stuffafords International Removals pakub ukselt-uksele teenust, mis v\u00f5ib sisaldada professionaalset pakkimisteenust, mis kasutab parimaid pakenditooteid ja taaskasutatavaid materjale, et kaitsta teie esemeid transpordi ajal. Nad pakuvad ka kastid, et kaitsta \u00f5rnu esemeid. Nad korraldavad teie esemete transpordi maantee-, raudtee-, \u00f5hu- v\u00f5i meretranspordi.<\/p>\n<p>Veebileht: <a href=\"http:\/\/www.stuttafordsmalawi.com\" target=\"_blank\" rel=\"noopener\">http:\/\/www.stuttafordsmalawi.com<\/a><\/p>","protected":false},"excerpt":{"rendered":"<p>Moving can be complex especially if you are going to another country so you may want to engage the services of a moving company as they can help reduce the stress of the process. Below we have compiled a list of Malawi based removal companies that are members of the International Association of Movers (IAM) [&hellip;]<\/p>\n","protected":false},"author":4,"featured_media":0,"parent":190,"menu_order":0,"comment_status":"closed","ping_status":"closed","template":"","meta":{"_genesis_hide_title":false,"_genesis_hide_breadcrumbs":false,"_genesis_hide_singular_image":false,"_genesis_hide_footer_widgets":false,"_genesis_custom_body_class":"","_genesis_custom_post_class":"","_genesis_layout":"","footnotes":""},"class_list":{"0":"post-8416","1":"page","2":"type-page","3":"status-publish","5":"entry","6":"has-post-thumbnail"},"_links":{"self":[{"href":"https:\/\/moverdb.com\/et\/wp-json\/wp\/v2\/pages\/8416","targetHints":{"allow":["GET"]}}],"collection":[{"href":"https:\/\/moverdb.com\/et\/wp-json\/wp\/v2\/pages"}],"about":[{"href":"https:\/\/moverdb.com\/et\/wp-json\/wp\/v2\/types\/page"}],"author":[{"embeddable":true,"href":"https:\/\/moverdb.com\/et\/wp-json\/wp\/v2\/users\/4"}],"replies":[{"embeddable":true,"href":"https:\/\/moverdb.com\/et\/wp-json\/wp\/v2\/comments?post=8416"}],"version-history":[{"count":1,"href":"https:\/\/moverdb.com\/et\/wp-json\/wp\/v2\/pages\/8416\/revisions"}],"predecessor-version":[{"id":8417,"href":"https:\/\/moverdb.com\/et\/wp-json\/wp\/v2\/pages\/8416\/revisions\/8417"}],"up":[{"embeddable":true,"href":"https:\/\/moverdb.com\/et\/wp-json\/wp\/v2\/pages\/190"}],"wp:attachment":[{"href":"https:\/\/moverdb.com\/et\/wp-json\/wp\/v2\/media?parent=8416"}],"curies":[{"name":"wp","href":"https:\/\/api.w.org\/{rel}","templated":true}]}}