{"id":8414,"date":"2023-04-27T14:48:39","date_gmt":"2023-04-27T14:48:39","guid":{"rendered":"https:\/\/moverdb.com\/?page_id=8414"},"modified":"2026-01-08T15:30:05","modified_gmt":"2026-01-08T15:30:05","slug":"moving-companies-madagascar","status":"publish","type":"page","link":"https:\/\/moverdb.com\/et\/moving-companies\/moving-companies-madagascar\/","title":{"rendered":"Parimad rahvusvahelised kolimisfirmad Madagaskaril"},"content":{"rendered":"<p>Kas plaanite kolida koju v\u00f5i oma \u00e4ri Madagaskaril, Madagaskarile v\u00f5i Madagaskarilt? Siis v\u00f5iksite kaasata <a href=\"https:\/\/moverdb.com\/et\/moving-companies\/\" data-internallinksmanager029f6b8e52c=\"79\" title=\"Top 25 rahvusvahelist kolimisfirmat Internetis\">kolimisfirma<\/a> et aidata koormust ja stressi v\u00e4hendada. Allpool oleme koostanud nimekirja Madagaskaril asuvatest <a href=\"https:\/\/moverdb.com\/et\/international-removals\/\" data-internallinksmanager029f6b8e52c=\"27\" title=\"36 Parimad rahvusvahelised kolimisfirmad \u00dchendkuningriigis\">kolimisfirmad<\/a> mis on liikmed <a href=\"https:\/\/moverdb.com\/et\/iam\/\" data-internallinksmanager029f6b8e52c=\"23\" title=\"Rahvusvaheline kolijate assotsiatsioon (IAM) Selgitatud\">Rahvusvaheline kolijate assotsiatsioon<\/a> (IAM) ja\/v\u00f5i <a href=\"https:\/\/moverdb.com\/et\/fidi-faim\/\" data-internallinksmanager029f6b8e52c=\"16\" title=\"FIDI &amp; FAIM (FIDI akrediteeritud rahvusvaheline kolija) selgitatud\">FIDI<\/a> akrediteeritud rahvusvaheline kolija (FAIM), kes v\u00f5iks teid teie kolimisel aidata.<\/p>\n<h2><strong>\u00dclemaailmsed kolijad Aafrika<\/strong><\/h2>\n<p><img loading=\"lazy\" decoding=\"async\" class=\"alignnone size-full wp-image-6012\" src=\"https:\/\/moverdb.com\/wp-content\/uploads\/Worldwide-Movers-Africa-international-moving-company.png\" alt=\"Worldwide Movers Aafrika rahvusvaheline kolimisfirma\" width=\"1440\" height=\"681\" data-wp-pid=\"6012\" srcset=\"https:\/\/moverdb.com\/wp-content\/uploads\/Worldwide-Movers-Africa-international-moving-company.png 1440w, https:\/\/moverdb.com\/wp-content\/uploads\/Worldwide-Movers-Africa-international-moving-company-300x142.png 300w, https:\/\/moverdb.com\/wp-content\/uploads\/Worldwide-Movers-Africa-international-moving-company-1024x484.png 1024w, https:\/\/moverdb.com\/wp-content\/uploads\/Worldwide-Movers-Africa-international-moving-company-18x9.png 18w, https:\/\/moverdb.com\/wp-content\/uploads\/Worldwide-Movers-Africa-international-moving-company-600x284.png 600w\" sizes=\"auto, (max-width: 1440px) 100vw, 1440px\" \/><\/p>\n<ul>\n<li>Kohalikud kolimised<\/li>\n<li>Rahvusvahelised \u00fcmberpaigutused<\/li>\n<li>Kodumajapidamiste kolimised<\/li>\n<li>Kontori kolimised<\/li>\n<li>Pakkimisteenus<\/li>\n<li>Maantee-, \u00f5hu- ja meretransport<\/li>\n<li>Tollivormistus<\/li>\n<li>Lemmikloomade \u00fcmberpaigutamine<\/li>\n<li>Kindlustus<\/li>\n<li>Ladustamine<\/li>\n<\/ul>\n<p>Worldwide Movers Africa on rahvusvaheline kolimisfirma, mis asutati Tansaanias 1993. aastal. N\u00fc\u00fcdseks on neil tegevuskohad 16 Aafrika riigis, sealhulgas Madagaskaril. Neil on v\u00e4ljakujunenud \u00fclemaailmsed suhted, mis aitavad neil pakkuda teenuseid v\u00e4ljaspool oma piirkondi. Nad on IAMi liige, kellel on 20-aastane tegevus.<\/p>\n<p>Worldwide Movers Africa pakub kohalikke ja rahvusvahelisi kolimisteenuseid kodumajapidamistele ja kontoritele. Nad pakuvad kolimisteenuseid, mis h\u00f5lmavad teie asjade turvalist pakkimist ja kastidesse paigutamist, maantee-, \u00f5hu- v\u00f5i meretranspordi korraldamist koos tollivormistusega. Nad pakuvad lisateenuseid, sealhulgas lemmikloomade \u00fcmberpaigutamist, ladustamisv\u00f5imalusi ja kindlustust.<\/p>\n<p>Veebileht: <a href=\"http:\/\/www.worldwidemoversafrica.com\/\" target=\"_blank\" rel=\"noopener\">http:\/\/www.worldwidemoversafrica.com\/<\/a><\/p>","protected":false},"excerpt":{"rendered":"<p>Are you planning on moving home or your business within, to or from Madagascar? Then you may want to engage a moving company to help lighten the load and stress. Below we have compiled a list of Madagascar based removal companies that are members of the International Association of Movers (IAM) and\/or FIDI Accredited International [&hellip;]<\/p>\n","protected":false},"author":4,"featured_media":0,"parent":190,"menu_order":0,"comment_status":"closed","ping_status":"closed","template":"","meta":{"_genesis_hide_title":false,"_genesis_hide_breadcrumbs":false,"_genesis_hide_singular_image":false,"_genesis_hide_footer_widgets":false,"_genesis_custom_body_class":"","_genesis_custom_post_class":"","_genesis_layout":"","footnotes":""},"class_list":{"0":"post-8414","1":"page","2":"type-page","3":"status-publish","5":"entry"},"_links":{"self":[{"href":"https:\/\/moverdb.com\/et\/wp-json\/wp\/v2\/pages\/8414","targetHints":{"allow":["GET"]}}],"collection":[{"href":"https:\/\/moverdb.com\/et\/wp-json\/wp\/v2\/pages"}],"about":[{"href":"https:\/\/moverdb.com\/et\/wp-json\/wp\/v2\/types\/page"}],"author":[{"embeddable":true,"href":"https:\/\/moverdb.com\/et\/wp-json\/wp\/v2\/users\/4"}],"replies":[{"embeddable":true,"href":"https:\/\/moverdb.com\/et\/wp-json\/wp\/v2\/comments?post=8414"}],"version-history":[{"count":1,"href":"https:\/\/moverdb.com\/et\/wp-json\/wp\/v2\/pages\/8414\/revisions"}],"predecessor-version":[{"id":8415,"href":"https:\/\/moverdb.com\/et\/wp-json\/wp\/v2\/pages\/8414\/revisions\/8415"}],"up":[{"embeddable":true,"href":"https:\/\/moverdb.com\/et\/wp-json\/wp\/v2\/pages\/190"}],"wp:attachment":[{"href":"https:\/\/moverdb.com\/et\/wp-json\/wp\/v2\/media?parent=8414"}],"curies":[{"name":"wp","href":"https:\/\/api.w.org\/{rel}","templated":true}]}}