{"id":8412,"date":"2023-04-27T14:49:22","date_gmt":"2023-04-27T14:49:22","guid":{"rendered":"https:\/\/moverdb.com\/?page_id=8412"},"modified":"2026-01-08T15:23:48","modified_gmt":"2026-01-08T15:23:48","slug":"moving-companies-macedonia","status":"publish","type":"page","link":"https:\/\/moverdb.com\/et\/moving-companies\/moving-companies-macedonia\/","title":{"rendered":"2 parimat rahvusvahelist kolimisfirmat Makedoonias"},"content":{"rendered":"<p>Kolimine v\u00f5ib olla v\u00e4ga kiire aeg, kus on palju \u00fclesandeid ja paberimajandust, eriti kui te kolidate v\u00e4lismaale. See on koht, kus <a href=\"https:\/\/moverdb.com\/et\/moving-companies\/\" data-internallinksmanager029f6b8e52c=\"79\" title=\"Top 25 rahvusvahelist kolimisfirmat Internetis\">kolimisfirma<\/a> v\u00f5ib aidata teie koormust v\u00e4hendada ja teie eest kolimist korraldada. Allpool oleme koostanud nimekirja Makedoonias asuvatest <a href=\"https:\/\/moverdb.com\/et\/international-removals\/\" data-internallinksmanager029f6b8e52c=\"27\" title=\"36 Parimad rahvusvahelised kolimisfirmad \u00dchendkuningriigis\">kolimisfirmad<\/a> mis on liikmed <a href=\"https:\/\/moverdb.com\/et\/iam\/\" data-internallinksmanager029f6b8e52c=\"23\" title=\"Rahvusvaheline kolijate assotsiatsioon (IAM) Selgitatud\">Rahvusvaheline kolijate assotsiatsioon<\/a> (IAM) ja\/v\u00f5i <a href=\"https:\/\/moverdb.com\/et\/fidi-faim\/\" data-internallinksmanager029f6b8e52c=\"16\" title=\"FIDI &amp; FAIM (FIDI akrediteeritud rahvusvaheline kolija) selgitatud\">FIDI<\/a> Akrediteeritud rahvusvaheline kolija (FAIM), kes v\u00f5iks teid kolimisel aidata.<\/p>\n<h2><strong>1. Orbit Ltd International<\/strong><\/h2>\n<p><img loading=\"lazy\" decoding=\"async\" class=\"alignnone size-full wp-image-8352\" src=\"https:\/\/moverdb.com\/wp-content\/uploads\/Orbit-Macedonia-international-moving-company.png\" alt=\"Orbit Makedoonia rahvusvaheline kolimisfirma\" width=\"1440\" height=\"681\" data-wp-pid=\"8352\" srcset=\"https:\/\/moverdb.com\/wp-content\/uploads\/Orbit-Macedonia-international-moving-company.png 1440w, https:\/\/moverdb.com\/wp-content\/uploads\/Orbit-Macedonia-international-moving-company-300x142.png 300w, https:\/\/moverdb.com\/wp-content\/uploads\/Orbit-Macedonia-international-moving-company-1024x484.png 1024w, https:\/\/moverdb.com\/wp-content\/uploads\/Orbit-Macedonia-international-moving-company-18x9.png 18w, https:\/\/moverdb.com\/wp-content\/uploads\/Orbit-Macedonia-international-moving-company-600x284.png 600w\" sizes=\"auto, (max-width: 1440px) 100vw, 1440px\" \/><\/p>\n<ul>\n<li>Riiklikud liikumised<\/li>\n<li>Rahvusvahelised liikumised<\/li>\n<li>Kodumajapidamiste kolimine<\/li>\n<li>Messid ja n\u00e4itused<\/li>\n<li>Ukselt-uksele teenus<\/li>\n<li>Maantee-, mere- ja \u00f5huvedu<\/li>\n<li>Valik <a href=\"https:\/\/moverdb.com\/et\/shipping-container-sizes-and-dimensions\/\" data-internallinksmanager029f6b8e52c=\"247\" title=\"\u00dclim juhend laevakonteinerite suuruste ja m\u00f5\u00f5tmete kohta\">konteineri suurused<\/a><\/li>\n<li>Tollivormistus<\/li>\n<li>Kindlustus<\/li>\n<li>Ladustamisv\u00f5imalused<\/li>\n<\/ul>\n<p>Orbit Ltd International on 2000. aastal Skopjes, Makedoonias asutatud ekspedeerimis- ja kolimisettev\u00f5te, mis kuulub Orphee Beinoglou kontserni. Orbit on spetsialiseerunud P\u00f5hja-Makedooniale ja Kosovole ning Orphee Beinoglou P\u00f5hja-Makedooniale ja Kosovole. <a href=\"https:\/\/moverdb.com\/et\/moving-to-greece\/\" data-internallinksmanager029f6b8e52c=\"353\" title=\"Kreekasse kolimine? 2023 elamiskulud ja kolimisn\u00f5uanded\">Kreeka<\/a> ja Ida-Euroopa. Nad on IAMi liige 23 aasta jooksul.<\/p>\n<p>Orbit Ltd International pakub mereveoteenuseid, mis h\u00f5lmavad mitmesuguseid v\u00f5imalusi, nagu grupivedu, t\u00e4iskonteinerid ja puistekaubad. Nad pakuvad lennutransporti, mille puhul on v\u00f5imalik valida premium-, edasil\u00fckatud, konsolideeritud ja prahitud teenuste vahel. Veoautokaubaveo teenus pakub t\u00e4is- v\u00f5i osalisi veoseid. Nende teenuste hulka kuuluvad saadetiste j\u00e4lgimine, tolliformaalsused ja kindlustus.<\/p>\n<p>Veebileht: <a href=\"http:\/\/www.orbit.mk\" target=\"_blank\" rel=\"noopener\">http:\/\/www.orbit.mk<\/a><\/p>\n<h2><strong>2. DoraMoving<\/strong><\/h2>\n<p><img loading=\"lazy\" decoding=\"async\" class=\"alignnone size-full wp-image-8307\" src=\"https:\/\/moverdb.com\/wp-content\/uploads\/DoraMoving-international-moving-company.png\" alt=\"DoraMoving rahvusvaheline kolimisfirma\" width=\"1440\" height=\"682\" data-wp-pid=\"8307\" srcset=\"https:\/\/moverdb.com\/wp-content\/uploads\/DoraMoving-international-moving-company.png 1440w, https:\/\/moverdb.com\/wp-content\/uploads\/DoraMoving-international-moving-company-300x142.png 300w, https:\/\/moverdb.com\/wp-content\/uploads\/DoraMoving-international-moving-company-1024x485.png 1024w, https:\/\/moverdb.com\/wp-content\/uploads\/DoraMoving-international-moving-company-18x9.png 18w, https:\/\/moverdb.com\/wp-content\/uploads\/DoraMoving-international-moving-company-600x284.png 600w\" sizes=\"auto, (max-width: 1440px) 100vw, 1440px\" \/><\/p>\n<ul>\n<li>Kohalikud kolimised<\/li>\n<li>Rahvusvahelised liikumised<\/li>\n<li>Elamu kolimine<\/li>\n<li>Ettev\u00f5tte liikumised<\/li>\n<li>Individuaalsed teenused<\/li>\n<li>Individuaalne tsitaat<\/li>\n<li>T\u00e4ielik v\u00f5i osaline teenus<\/li>\n<li>Pakkimisteenus<\/li>\n<li>Transpordi korraldamine<\/li>\n<li>Turvaline ladustamine<\/li>\n<\/ul>\n<p>DoraMoving on 2019. aastal Skopjes, Makedoonias asutatud kolimisfirma, mis pakub kohalikke ja rahvusvahelisi kolimisteenuseid era- ja \u00e4riklientidele. Nad on IAMi liige nelja aasta jooksul, mis annab neile juurdep\u00e4\u00e4su rahvusvahelisele kolimisagentide v\u00f5rgustikule, mis toetab neid.<\/p>\n<p>DoraMoving pakub kohandatud kolimisteenuseid ja nad teevad teile teie kolimise kohta hinnapakkumise, mis p\u00f5hineb teie vajadustel ja mahul. Nad pakuvad pakkimisteenuse v\u00f5i isepakkimise valikut koos pakutavate materjalidega. Nende pakkimisteenus h\u00f5lmab nii pakkimist ja lahtipakkimist kui ka teie m\u00f6\u00f6bli lahtiv\u00f5tmist ja kokkupanekut.<\/p>\n<p>Veebileht: <a href=\"https:\/\/doramoving.com\/en\/international-moving\/\" target=\"_blank\" rel=\"noopener\">https:\/\/doramoving.com\/en\/international-moving\/<\/a><\/p>","protected":false},"excerpt":{"rendered":"<p>Moving can be a hectic time with a lot of tasks to do and paperwork to complete, especially if you are moving abroad. This is where a moving company can assist in lightening your load and managing the move for you. Below we have compiled a list of Macedonia based removal companies that are members [&hellip;]<\/p>\n","protected":false},"author":4,"featured_media":0,"parent":190,"menu_order":0,"comment_status":"closed","ping_status":"closed","template":"","meta":{"_genesis_hide_title":false,"_genesis_hide_breadcrumbs":false,"_genesis_hide_singular_image":false,"_genesis_hide_footer_widgets":false,"_genesis_custom_body_class":"","_genesis_custom_post_class":"","_genesis_layout":"","footnotes":""},"class_list":{"0":"post-8412","1":"page","2":"type-page","3":"status-publish","5":"entry","6":"has-post-thumbnail"},"_links":{"self":[{"href":"https:\/\/moverdb.com\/et\/wp-json\/wp\/v2\/pages\/8412","targetHints":{"allow":["GET"]}}],"collection":[{"href":"https:\/\/moverdb.com\/et\/wp-json\/wp\/v2\/pages"}],"about":[{"href":"https:\/\/moverdb.com\/et\/wp-json\/wp\/v2\/types\/page"}],"author":[{"embeddable":true,"href":"https:\/\/moverdb.com\/et\/wp-json\/wp\/v2\/users\/4"}],"replies":[{"embeddable":true,"href":"https:\/\/moverdb.com\/et\/wp-json\/wp\/v2\/comments?post=8412"}],"version-history":[{"count":1,"href":"https:\/\/moverdb.com\/et\/wp-json\/wp\/v2\/pages\/8412\/revisions"}],"predecessor-version":[{"id":8413,"href":"https:\/\/moverdb.com\/et\/wp-json\/wp\/v2\/pages\/8412\/revisions\/8413"}],"up":[{"embeddable":true,"href":"https:\/\/moverdb.com\/et\/wp-json\/wp\/v2\/pages\/190"}],"wp:attachment":[{"href":"https:\/\/moverdb.com\/et\/wp-json\/wp\/v2\/media?parent=8412"}],"curies":[{"name":"wp","href":"https:\/\/api.w.org\/{rel}","templated":true}]}}