{"id":8404,"date":"2023-04-27T14:48:01","date_gmt":"2023-04-27T14:48:01","guid":{"rendered":"https:\/\/moverdb.com\/?page_id=8404"},"modified":"2026-01-08T15:23:47","modified_gmt":"2026-01-08T15:23:47","slug":"moving-companies-lesotho","status":"publish","type":"page","link":"https:\/\/moverdb.com\/et\/moving-companies\/moving-companies-lesotho\/","title":{"rendered":"2 parimat rahvusvahelist kolimisfirmat Lesothos"},"content":{"rendered":"<p>Kolimine v\u00f5ib olla stressirohke aeg, olenemata sellest, kas te kolidate oma kodu v\u00f5i oma \u00e4ri, ja stressi tase suureneb, kui te kolidate riikidesse. Seet\u00f5ttu kasutavad paljud inimesed kolijate teenuseid. <a href=\"https:\/\/moverdb.com\/et\/moving-companies\/\" data-internallinksmanager029f6b8e52c=\"79\" title=\"Top 25 rahvusvahelist kolimisfirmat Internetis\">kolimisfirma<\/a>. Allpool oleme koostanud nimekirja Lesotho p\u00f5hinevatest <a href=\"https:\/\/moverdb.com\/et\/international-removals\/\" data-internallinksmanager029f6b8e52c=\"27\" title=\"36 Parimad rahvusvahelised kolimisfirmad \u00dchendkuningriigis\">kolimisfirmad<\/a> mis on liikmed <a href=\"https:\/\/moverdb.com\/et\/iam\/\" data-internallinksmanager029f6b8e52c=\"23\" title=\"Rahvusvaheline kolijate assotsiatsioon (IAM) Selgitatud\">Rahvusvaheline kolijate assotsiatsioon<\/a> (IAM) ja\/v\u00f5i <a href=\"https:\/\/moverdb.com\/et\/fidi-faim\/\" data-internallinksmanager029f6b8e52c=\"16\" title=\"FIDI &amp; FAIM (FIDI akrediteeritud rahvusvaheline kolija) selgitatud\">FIDI<\/a> Akrediteeritud rahvusvaheline kolija (FAIM), kes v\u00f5iks teid kolimisel aidata.<\/p>\n<h2><strong>1. Stuttaford Van Lines<\/strong><\/h2>\n<p><img loading=\"lazy\" decoding=\"async\" class=\"alignnone size-full wp-image-8368\" src=\"https:\/\/moverdb.com\/wp-content\/uploads\/Stuttaford-Van-Lines-international-moving-company.png\" alt=\"Stuttaford Van Lines rahvusvaheline kolimisfirma\" width=\"1440\" height=\"680\" data-wp-pid=\"8368\" srcset=\"https:\/\/moverdb.com\/wp-content\/uploads\/Stuttaford-Van-Lines-international-moving-company.png 1440w, https:\/\/moverdb.com\/wp-content\/uploads\/Stuttaford-Van-Lines-international-moving-company-300x142.png 300w, https:\/\/moverdb.com\/wp-content\/uploads\/Stuttaford-Van-Lines-international-moving-company-1024x484.png 1024w, https:\/\/moverdb.com\/wp-content\/uploads\/Stuttaford-Van-Lines-international-moving-company-18x9.png 18w, https:\/\/moverdb.com\/wp-content\/uploads\/Stuttaford-Van-Lines-international-moving-company-600x283.png 600w\" sizes=\"auto, (max-width: 1440px) 100vw, 1440px\" \/><\/p>\n<ul>\n<li>Riiklikud liikumised<\/li>\n<li>Rahvusvahelised liikumised<\/li>\n<li>Elamu kolimine<\/li>\n<li>Ettev\u00f5tte liikumine<\/li>\n<li>Individuaalsed teenused<\/li>\n<li>Pakkimisteenus<\/li>\n<li>S\u00f5iduki ja lemmiklooma \u00fcmberpaigutamine<\/li>\n<li>Kaunite kunstide k\u00e4sitlemine<\/li>\n<li>Kindlustus<\/li>\n<li>L\u00fchi- ja pikaajaline ladustamine<\/li>\n<\/ul>\n<p>Stuttaford Van Lines on kolimisfirma, mis teenindab peresid ja ettev\u00f5tteid alates 1800ndate aastate keskpaigast ja millel on filiaalid \u00fcle kogu maailma. <a href=\"https:\/\/moverdb.com\/et\/moving-to-south-africa\/\" data-internallinksmanager029f6b8e52c=\"347\" title=\"Kolimine L\u00f5una-Aafrikasse? 2023 elamiskulud ja kolimisn\u00f5uanded\">L\u00f5una-Aafrika Vabariik<\/a> sealhulgas Masero, Lesotho. Nad on IAMi liige 47 aasta jooksul ja see annab neile juurdep\u00e4\u00e4su rahvusvahelisele kolimisagentide v\u00f5rgustikule, mis neid toetab,<\/p>\n<p>Stuffaford Van Lines aitab teil kolimist hoolikalt planeerida ja ette valmistada. Nad m\u00e4\u00e4ravad teile \u00fche kontaktisiku, kes toetab teid igal sammul. Nad pakuvad pakkimisteenust, mis h\u00f5lmab kvaliteetsete pakendite ja kaitsekatete kasutamist, nad m\u00e4rgistavad k\u00f5ik kastid ja koostavad inventari.<\/p>\n<p>Veebileht: <a href=\"http:\/\/www.stuttafordvanlines.co.za\" target=\"_blank\" rel=\"noopener\">http:\/\/www.stuttafordvanlines.co.za<\/a><\/p>\n<h2><strong>2. Kindel logistika<\/strong><\/h2>\n<p><img loading=\"lazy\" decoding=\"async\" class=\"alignnone size-full wp-image-8371\" src=\"https:\/\/moverdb.com\/wp-content\/uploads\/Sure-Logistics-international-moving-company.png\" alt=\"Sure Logistics rahvusvaheline kolimisfirma\" width=\"1440\" height=\"678\" data-wp-pid=\"8371\" srcset=\"https:\/\/moverdb.com\/wp-content\/uploads\/Sure-Logistics-international-moving-company.png 1440w, https:\/\/moverdb.com\/wp-content\/uploads\/Sure-Logistics-international-moving-company-300x141.png 300w, https:\/\/moverdb.com\/wp-content\/uploads\/Sure-Logistics-international-moving-company-1024x482.png 1024w, https:\/\/moverdb.com\/wp-content\/uploads\/Sure-Logistics-international-moving-company-18x8.png 18w, https:\/\/moverdb.com\/wp-content\/uploads\/Sure-Logistics-international-moving-company-600x283.png 600w\" sizes=\"auto, (max-width: 1440px) 100vw, 1440px\" \/><\/p>\n<ul>\n<li>Kohalikud kolimised<\/li>\n<li>\u00dclemeremaade liikumised<\/li>\n<li>Kodused kolimised<\/li>\n<li>Kontori kolimised<\/li>\n<li>\u00dcmberpaigutamise teenused<\/li>\n<li>Kohandatud kolimisteenus<\/li>\n<li>Transpordi korraldamine<\/li>\n<li>Konteineri valikud<\/li>\n<li><a href=\"https:\/\/moverdb.com\/et\/car-transport-shipping\/\" data-internallinksmanager029f6b8e52c=\"2\" title=\"2026 Rahvusvaheline autoveo ja s\u00f5idukite veo hinnapakkumised\">S\u00f5iduki saatmine<\/a><\/li>\n<li>Turvaline l\u00fchi- ja pikaajaline ladustamine<\/li>\n<\/ul>\n<p>Sure Logistics on spetsialiseerunud logistikakorraldusettev\u00f5te, mis pakub erinevaid transporditeenuseid ja tarneahela lahendusi ning mille asukoht on Masero. Nad teevad koost\u00f6\u00f6d rahvusvaheliste liikuvate partneritega, et pakkuda oma teenuseid teistesse riikidesse. Nad on IAMi liige, kellel on \u00fcheksa aastat tegutsemist.<\/p>\n<p>Sure Logistics pakub kodude ja ettev\u00f5tete kolimist Lesothos, Lesothosse ja Lesothost v\u00e4lja, mis on kohandatud vastavalt teie vajadustele. Nad pakuvad ka kolimisteenuseid, mis pakuvad t\u00f6\u00f6tajatele personalitoetust ja spetsialiseerunud \u00fclemaailmseid liikuvuspakette enam kui 150 riigis. Nad transpordivad teie vara turvaliselt ja pakuvad nii t\u00e4is- kui ka v\u00e4hem kui konteinerveoseid.<\/p>\n<p>Veebileht: <a href=\"http:\/\/www.surelogistics.co.ls\" target=\"_blank\" rel=\"noopener\">http:\/\/www.surelogistics.co.ls<\/a><\/p>","protected":false},"excerpt":{"rendered":"<p>Moving can be a stressful time whether you are moving your home or your business, and the stress level increases when you are moving countries. This is why so many people employ the services of a moving company. Below we have compiled a list of Lesotho based removal companies that are members of the International [&hellip;]<\/p>\n","protected":false},"author":4,"featured_media":0,"parent":190,"menu_order":0,"comment_status":"closed","ping_status":"closed","template":"","meta":{"_genesis_hide_title":false,"_genesis_hide_breadcrumbs":false,"_genesis_hide_singular_image":false,"_genesis_hide_footer_widgets":false,"_genesis_custom_body_class":"","_genesis_custom_post_class":"","_genesis_layout":"","footnotes":""},"class_list":{"0":"post-8404","1":"page","2":"type-page","3":"status-publish","5":"entry","6":"has-post-thumbnail"},"_links":{"self":[{"href":"https:\/\/moverdb.com\/et\/wp-json\/wp\/v2\/pages\/8404","targetHints":{"allow":["GET"]}}],"collection":[{"href":"https:\/\/moverdb.com\/et\/wp-json\/wp\/v2\/pages"}],"about":[{"href":"https:\/\/moverdb.com\/et\/wp-json\/wp\/v2\/types\/page"}],"author":[{"embeddable":true,"href":"https:\/\/moverdb.com\/et\/wp-json\/wp\/v2\/users\/4"}],"replies":[{"embeddable":true,"href":"https:\/\/moverdb.com\/et\/wp-json\/wp\/v2\/comments?post=8404"}],"version-history":[{"count":2,"href":"https:\/\/moverdb.com\/et\/wp-json\/wp\/v2\/pages\/8404\/revisions"}],"predecessor-version":[{"id":8418,"href":"https:\/\/moverdb.com\/et\/wp-json\/wp\/v2\/pages\/8404\/revisions\/8418"}],"up":[{"embeddable":true,"href":"https:\/\/moverdb.com\/et\/wp-json\/wp\/v2\/pages\/190"}],"wp:attachment":[{"href":"https:\/\/moverdb.com\/et\/wp-json\/wp\/v2\/media?parent=8404"}],"curies":[{"name":"wp","href":"https:\/\/api.w.org\/{rel}","templated":true}]}}