{"id":8396,"date":"2023-04-27T14:53:30","date_gmt":"2023-04-27T14:53:30","guid":{"rendered":"https:\/\/moverdb.com\/?page_id=8396"},"modified":"2026-01-08T15:24:46","modified_gmt":"2026-01-08T15:24:46","slug":"moving-companies-kenya","status":"publish","type":"page","link":"https:\/\/moverdb.com\/et\/moving-companies\/moving-companies-kenya\/","title":{"rendered":"4 parimat rahvusvahelist kolimisfirmat Keenias"},"content":{"rendered":"<p>Kui olete kolimas koju v\u00f5i oma ettev\u00f5ttesse, v\u00f5ib see tunduda veidi hirmutav, eriti kui olete kolimas riikidesse, kus tuleb teha t\u00e4iendavat paberimajandust ja korraldusi. See on koht, kus <a href=\"https:\/\/moverdb.com\/et\/moving-companies\/\" data-internallinksmanager029f6b8e52c=\"79\" title=\"Top 25 rahvusvahelist kolimisfirmat Internetis\">kolimisfirma<\/a> v\u00f5ib t\u00f5esti teie koormust kergendada. Nii et allpool oleme loetletud Kenya p\u00f5hinev <a href=\"https:\/\/moverdb.com\/et\/international-removals\/\" data-internallinksmanager029f6b8e52c=\"27\" title=\"36 Parimad rahvusvahelised kolimisfirmad \u00dchendkuningriigis\">kolimisfirmad<\/a> mis on liikmed <a href=\"https:\/\/moverdb.com\/et\/iam\/\" data-internallinksmanager029f6b8e52c=\"23\" title=\"Rahvusvaheline kolijate assotsiatsioon (IAM) Selgitatud\">Rahvusvaheline kolijate assotsiatsioon<\/a> (IAM) ja\/v\u00f5i <a href=\"https:\/\/moverdb.com\/et\/fidi-faim\/\" data-internallinksmanager029f6b8e52c=\"16\" title=\"FIDI &amp; FAIM (FIDI akrediteeritud rahvusvaheline kolija) selgitatud\">FIDI<\/a> akrediteeritud rahvusvaheline kolija (FAIM), kes v\u00f5iks teid teie kolimisel aidata.<\/p>\n<div id=\"ez-toc-container\" class=\"ez-toc-v2_0_83 ez-toc-wrap-left counter-hierarchy ez-toc-counter ez-toc-transparent ez-toc-container-direction\">\n<div class=\"ez-toc-title-container\">\n<p class=\"ez-toc-title\" style=\"cursor:inherit\">Jaotised<\/p>\n<span class=\"ez-toc-title-toggle\"><a href=\"#\" class=\"ez-toc-pull-right ez-toc-btn ez-toc-btn-xs ez-toc-btn-default ez-toc-toggle\" aria-label=\"Sisukorra vaheldumine\"><span class=\"ez-toc-js-icon-con\"><span class=\"\"><span class=\"eztoc-hide\" style=\"display:none;\">Toggle<\/span><span class=\"ez-toc-icon-toggle-span\"><svg style=\"fill: #999;color:#999\" xmlns=\"http:\/\/www.w3.org\/2000\/svg\" class=\"list-377408\" width=\"20px\" height=\"20px\" viewbox=\"0 0 24 24\" fill=\"none\"><path d=\"M6 6H4v2h2V6zm14 0H8v2h12V6zM4 11h2v2H4v-2zm16 0H8v2h12v-2zM4 16h2v2H4v-2zm16 0H8v2h12v-2z\" fill=\"currentColor\"><\/path><\/svg><svg style=\"fill: #999;color:#999\" class=\"arrow-unsorted-368013\" xmlns=\"http:\/\/www.w3.org\/2000\/svg\" width=\"10px\" height=\"10px\" viewbox=\"0 0 24 24\" version=\"1.2\" baseprofile=\"tiny\"><path d=\"M18.2 9.3l-6.2-6.3-6.2 6.3c-.2.2-.3.4-.3.7s.1.5.3.7c.2.2.4.3.7.3h11c.3 0 .5-.1.7-.3.2-.2.3-.5.3-.7s-.1-.5-.3-.7zM5.8 14.7l6.2 6.3 6.2-6.3c.2-.2.3-.5.3-.7s-.1-.5-.3-.7c-.2-.2-.4-.3-.7-.3h-11c-.3 0-.5.1-.7.3-.2.2-.3.5-.3.7s.1.5.3.7z\"\/><\/svg><\/span><\/span><\/span><\/a><\/span><\/div>\n<nav><ul class='ez-toc-list ez-toc-list-level-1 eztoc-toggle-hide-by-default' ><li class='ez-toc-page-1 ez-toc-heading-level-2'><a class=\"ez-toc-link ez-toc-heading-1\" href=\"https:\/\/moverdb.com\/et\/moving-companies\/moving-companies-kenya\/#1_Quick_Task_Freight_Limited\" >1. Kiire \u00fclesanne Freight Limited<\/a><\/li><li class='ez-toc-page-1 ez-toc-heading-level-2'><a class=\"ez-toc-link ez-toc-heading-2\" href=\"https:\/\/moverdb.com\/et\/moving-companies\/moving-companies-kenya\/#2_Nellions_Moving_Relocations\" >2. Nellions Moving &amp; Relocations<\/a><\/li><li class='ez-toc-page-1 ez-toc-heading-level-2'><a class=\"ez-toc-link ez-toc-heading-3\" href=\"https:\/\/moverdb.com\/et\/moving-companies\/moving-companies-kenya\/#3_Benfi_Global_Logistics\" >3. Benfi Global Logistics<\/a><\/li><li class='ez-toc-page-1 ez-toc-heading-level-2'><a class=\"ez-toc-link ez-toc-heading-4\" href=\"https:\/\/moverdb.com\/et\/moving-companies\/moving-companies-kenya\/#4_DB_Schenker\" >4. DB Schenker<\/a><\/li><\/ul><\/nav><\/div>\n<h2><span class=\"ez-toc-section\" id=\"1_Quick_Task_Freight_Limited\"><\/span><strong>1. Kiire \u00fclesanne Freight Limited<\/strong><span class=\"ez-toc-section-end\"><\/span><\/h2>\n<p><img loading=\"lazy\" decoding=\"async\" class=\"alignnone size-full wp-image-8356\" src=\"https:\/\/moverdb.com\/wp-content\/uploads\/Quick-Task-Freight-international-moving-company.png\" alt=\"Quick Task Freight rahvusvaheline kolimisfirma\" width=\"1440\" height=\"682\" data-wp-pid=\"8356\" srcset=\"https:\/\/moverdb.com\/wp-content\/uploads\/Quick-Task-Freight-international-moving-company.png 1440w, https:\/\/moverdb.com\/wp-content\/uploads\/Quick-Task-Freight-international-moving-company-300x142.png 300w, https:\/\/moverdb.com\/wp-content\/uploads\/Quick-Task-Freight-international-moving-company-1024x485.png 1024w, https:\/\/moverdb.com\/wp-content\/uploads\/Quick-Task-Freight-international-moving-company-18x9.png 18w, https:\/\/moverdb.com\/wp-content\/uploads\/Quick-Task-Freight-international-moving-company-600x284.png 600w\" sizes=\"auto, (max-width: 1440px) 100vw, 1440px\" \/><\/p>\n<ul>\n<li>Kohalikud kolimised<\/li>\n<li>Rahvusvahelised liikumised<\/li>\n<li>Kodumajapidamise kolimine<\/li>\n<li>Ettev\u00f5tte liikumised<\/li>\n<li>Individuaalne ukselt-uksele teenus<\/li>\n<li>Pakkimisteenus<\/li>\n<li>Maantee-, mere- ja \u00f5hutransport<\/li>\n<li>Tollimaaklerlus<\/li>\n<li>Kindlustusn\u00f5ustamine<\/li>\n<li>Ladustamisv\u00f5imalused<\/li>\n<\/ul>\n<p>Quick Task Freight Limited on 2013. aastal asutatud ekspedeerimis- ja logistikaettev\u00f5te, mille peakontor asub Keenias, kus on asukohad Nairobis ja Mombasas ning lisaks veel kontorid Ida-Aafrikas. Nad teevad koost\u00f6\u00f6d rahvusvaheliste partneritega, et \u00fcmber paigutada inimesi \u00fcle kogu maailma. Nad on IAMi liige, kellel on kaheksa aastat kestnud tegevus.<\/p>\n<p>Quick Task Freight Limited pakub kohandatud ukselt-uksele kolimisteenuseid kodumajapidamistele ja ettev\u00f5tetele. Nad pakuvad pakkimisteenust, mis kaitseb teie asju transpordi ajal, olgu see siis maantee-, mere- v\u00f5i \u00f5hutranspordi teel. Nad pakuvad abi tollimaaklerluse ja kindlustusega.<\/p>\n<p>Veebileht: <a href=\"http:\/\/www.quicktaskfreight.com\" target=\"_blank\" rel=\"noopener\">http:\/\/www.quicktaskfreight.com<\/a><\/p>\n<h2><span class=\"ez-toc-section\" id=\"2_Nellions_Moving_Relocations\"><\/span><strong>2. Nellions Moving &amp; Relocations<\/strong><span class=\"ez-toc-section-end\"><\/span><\/h2>\n<p><img loading=\"lazy\" decoding=\"async\" class=\"alignnone size-full wp-image-8348\" src=\"https:\/\/moverdb.com\/wp-content\/uploads\/Nellions-international-moving-company.png\" alt=\"Nellions rahvusvaheline kolimisfirma\" width=\"1440\" height=\"680\" data-wp-pid=\"8348\" srcset=\"https:\/\/moverdb.com\/wp-content\/uploads\/Nellions-international-moving-company.png 1440w, https:\/\/moverdb.com\/wp-content\/uploads\/Nellions-international-moving-company-300x142.png 300w, https:\/\/moverdb.com\/wp-content\/uploads\/Nellions-international-moving-company-1024x484.png 1024w, https:\/\/moverdb.com\/wp-content\/uploads\/Nellions-international-moving-company-18x9.png 18w, https:\/\/moverdb.com\/wp-content\/uploads\/Nellions-international-moving-company-600x283.png 600w\" sizes=\"auto, (max-width: 1440px) 100vw, 1440px\" \/><\/p>\n<ul>\n<li>Riiklikud liikumised<\/li>\n<li>Rahvusvahelised liikumised<\/li>\n<li>Elamu kolimine<\/li>\n<li>Ettev\u00f5tete ja b\u00fcroode kolimine<\/li>\n<li>Ukselt-uksele teenus<\/li>\n<li>Lennu-, mere- v\u00f5i maanteekaubavedu<\/li>\n<li>Kohaletoimetamise v\u00f5imalused, sealhulgas grupivedu<\/li>\n<li>Tollivormistus<\/li>\n<li>Kindlustus<\/li>\n<li>Ladustamisv\u00f5imalused<\/li>\n<\/ul>\n<p>Nellions Moving &amp; Relocations on Nairobis asuv rahvusvaheline kolimisfirma. Nad on IAMi liige, kellel on \u00fcheksa-aastane tegevus, mis annab neile juurdep\u00e4\u00e4su rahvusvahelisele kolimisagentide v\u00f5rgustikule, mis toetab neid.<\/p>\n<p>Nellions Moving &amp; Relocations pakub kolimiseelset \u00fclevaatust ja kolimise konsultante, kes toetavad teid kolimise planeerimisel. Nad pakuvad ukselt-uksele, ukselt-uksele<a href=\"https:\/\/moverdb.com\/et\/top-49-container-ports\/\" data-internallinksmanager029f6b8e52c=\"80\" title=\"Top 49 suurimat ja tihedaima liiklusega konteinersadamat 2025. aastal\">sadam<\/a> v\u00f5i sadamast-ukseni lahendusi. Nad pakivad teie asjad turvaliselt, see h\u00f5lmab m\u00f6\u00f6bli paigaldamist ja kokkupanekut ning paberivaba pakkimisnimekirja koostamist. Nad korraldavad transpordi \u00f5hu-, mere- v\u00f5i maanteetranspordi ning tegelevad impordi- ja eksporditolliga. Laevandus h\u00f5lmab t\u00e4is- v\u00f5i v\u00e4hem kui konteinerlaadungit ja grupivedude v\u00f5imalusi.<\/p>\n<p>Veebileht: <a href=\"http:\/\/www.nellions.co.ke\" target=\"_blank\" rel=\"noopener\">http:\/\/www.nellions.co.ke<\/a><\/p>\n<h2><span class=\"ez-toc-section\" id=\"3_Benfi_Global_Logistics\"><\/span><strong>3. <\/strong><strong>Benfi Global Logistics<\/strong><span class=\"ez-toc-section-end\"><\/span><\/h2>\n<p><img loading=\"lazy\" decoding=\"async\" class=\"alignnone size-full wp-image-8294\" src=\"https:\/\/moverdb.com\/wp-content\/uploads\/Benfi-Global-Logistics-international-moving-company.png\" alt=\"Benfi Global Logistics rahvusvaheline kolimisfirma\" width=\"1440\" height=\"683\" data-wp-pid=\"8294\" srcset=\"https:\/\/moverdb.com\/wp-content\/uploads\/Benfi-Global-Logistics-international-moving-company.png 1440w, https:\/\/moverdb.com\/wp-content\/uploads\/Benfi-Global-Logistics-international-moving-company-300x142.png 300w, https:\/\/moverdb.com\/wp-content\/uploads\/Benfi-Global-Logistics-international-moving-company-1024x486.png 1024w, https:\/\/moverdb.com\/wp-content\/uploads\/Benfi-Global-Logistics-international-moving-company-18x9.png 18w, https:\/\/moverdb.com\/wp-content\/uploads\/Benfi-Global-Logistics-international-moving-company-600x285.png 600w\" sizes=\"auto, (max-width: 1440px) 100vw, 1440px\" \/><\/p>\n<ul>\n<li>Kohalik ja riiklik logistika<\/li>\n<li><a href=\"https:\/\/moverdb.com\/et\/container-shipping\/\" data-internallinksmanager029f6b8e52c=\"3\" title=\"Rahvusvaheliste konteinerite veohindade graafik: mai 2026\">Rahvusvaheline laevandus<\/a><\/li>\n<li>Individuaalsed saadetised<\/li>\n<li>Ettev\u00f5tte saadetised<\/li>\n<li>Personaalne l\u00e4henemine<\/li>\n<li>Maanteeveo kaubavedu oma autopargiga<\/li>\n<li>Lennutranspordi v\u00f5imalused<\/li>\n<li>Ookeaniveo v\u00f5imalused<\/li>\n<li>Tollimaaklerlus<\/li>\n<li>Ladustamisv\u00f5imalused<\/li>\n<\/ul>\n<p>Benfi Global Logistics on Nairobis asuv logistiliste lahenduste pakkuja, mis suudab tarnida mis tahes maailma nurka. Neil on \u00fchendused \u00fcle kogu maailma, et laiendada oma haaret ja pakkuda teenuseid rahvusvaheliselt. Nad on IAMi liige, kellel on 10-aastane tegevus.<\/p>\n<p>Benfi Global Logistics pakub ainult ekspedeerimis- ja ladustamisv\u00f5imalusi, kuid v\u00f5ib teenindada ka eraisikuid ja ettev\u00f5tteid. Nad pakuvad mitmesuguseid transpordiv\u00f5imalusi, mis h\u00f5lmavad kaubaveo, kasutades oma veoautoparki, \u00f5hutransporti alates v\u00e4ikesaadetistest kuni prahtimisteni ja meretransporti kas t\u00e4is- v\u00f5i v\u00e4hem kui konteinerlaadungi ulatuses.<\/p>\n<p>Veebileht: <a href=\"http:\/\/www.benfifreightkenya.co.ke\" target=\"_blank\" rel=\"noopener\">http:\/\/www.benfifreightkenya.co.ke<\/a><\/p>\n<h2><span class=\"ez-toc-section\" id=\"4_DB_Schenker\"><\/span><strong>4. DB Schenker<\/strong><span class=\"ez-toc-section-end\"><\/span><\/h2>\n<p><img loading=\"lazy\" decoding=\"async\" class=\"alignnone size-full wp-image-8303\" src=\"https:\/\/moverdb.com\/wp-content\/uploads\/DB-Schenker-Kenya-international-moving-company.png\" alt=\"DB Schenker Kenya rahvusvaheline kolimisfirma\" width=\"1440\" height=\"677\" data-wp-pid=\"8303\" srcset=\"https:\/\/moverdb.com\/wp-content\/uploads\/DB-Schenker-Kenya-international-moving-company.png 1440w, https:\/\/moverdb.com\/wp-content\/uploads\/DB-Schenker-Kenya-international-moving-company-300x141.png 300w, https:\/\/moverdb.com\/wp-content\/uploads\/DB-Schenker-Kenya-international-moving-company-1024x481.png 1024w, https:\/\/moverdb.com\/wp-content\/uploads\/DB-Schenker-Kenya-international-moving-company-18x8.png 18w, https:\/\/moverdb.com\/wp-content\/uploads\/DB-Schenker-Kenya-international-moving-company-600x282.png 600w\" sizes=\"auto, (max-width: 1440px) 100vw, 1440px\" \/><\/p>\n<ul>\n<li>Riiklikud liikumised<\/li>\n<li>Rahvusvahelised liikumised<\/li>\n<li>Elamu kolimine<\/li>\n<li>Ettev\u00f5tte liikumised<\/li>\n<li>Pakkimisteenus<\/li>\n<li>Professionaalsed pakendajad<\/li>\n<li>Maismaa-, raudtee-, \u00f5hu- ja merekaubavedu<\/li>\n<li>Tollivormistus<\/li>\n<li>J\u00e4lgimisteenus<\/li>\n<li>Ladustamisv\u00f5imalused<\/li>\n<\/ul>\n<p>DB Schenker on \u00fclemaailmne logistikateenuse pakkuja, kes on esindatud peaaegu 725 asukohas ja enam kui 60 riigis ning on tegutsenud juba \u00fcle 150 aasta. Nende Keenia baas asub Nairobis, kus nad pakuvad riigisiseseid ja rahvusvahelisi teenuseid. Neil on rahvusvaheline v\u00f5rgustik \u00fclemaailmsete teenuste osutamiseks ja nad on IAMi liige.<\/p>\n<p>DB Schenker pakub pakkimisteenust, mis kaitseb teie asju, kasutades keskkonnas\u00f5bralikke pakkematerjale, ning sisaldab m\u00f6\u00f6bli lahtiv\u00f5tmist ja kokkupanekut. Nad korraldavad transpordi maismaa-, raudtee-, \u00f5hu- v\u00f5i meretranspordi koos tollivormistusega ja j\u00e4lgimisteenusega, mis v\u00f5imaldab teil j\u00e4lgida selle kulgemist.<\/p>\n<p>Veebileht: <a href=\"http:\/\/www.dbschenker.com\" target=\"_blank\" rel=\"noopener\">http:\/\/www.dbschenker.com<\/a><\/p>","protected":false},"excerpt":{"rendered":"<p>If you are moving home or your business, it might seem a bit daunting especially if you are moving countries with the additional paperwork and arrangements to make. This is where a moving company can really lighten your load. So below we\u2019ve listed Kenyan based removal companies that are members of the International Association of [&hellip;]<\/p>\n","protected":false},"author":4,"featured_media":0,"parent":190,"menu_order":0,"comment_status":"closed","ping_status":"closed","template":"","meta":{"_genesis_hide_title":false,"_genesis_hide_breadcrumbs":false,"_genesis_hide_singular_image":false,"_genesis_hide_footer_widgets":false,"_genesis_custom_body_class":"","_genesis_custom_post_class":"","_genesis_layout":"","footnotes":""},"class_list":{"0":"post-8396","1":"page","2":"type-page","3":"status-publish","5":"entry","6":"has-post-thumbnail"},"_links":{"self":[{"href":"https:\/\/moverdb.com\/et\/wp-json\/wp\/v2\/pages\/8396","targetHints":{"allow":["GET"]}}],"collection":[{"href":"https:\/\/moverdb.com\/et\/wp-json\/wp\/v2\/pages"}],"about":[{"href":"https:\/\/moverdb.com\/et\/wp-json\/wp\/v2\/types\/page"}],"author":[{"embeddable":true,"href":"https:\/\/moverdb.com\/et\/wp-json\/wp\/v2\/users\/4"}],"replies":[{"embeddable":true,"href":"https:\/\/moverdb.com\/et\/wp-json\/wp\/v2\/comments?post=8396"}],"version-history":[{"count":1,"href":"https:\/\/moverdb.com\/et\/wp-json\/wp\/v2\/pages\/8396\/revisions"}],"predecessor-version":[{"id":8397,"href":"https:\/\/moverdb.com\/et\/wp-json\/wp\/v2\/pages\/8396\/revisions\/8397"}],"up":[{"embeddable":true,"href":"https:\/\/moverdb.com\/et\/wp-json\/wp\/v2\/pages\/190"}],"wp:attachment":[{"href":"https:\/\/moverdb.com\/et\/wp-json\/wp\/v2\/media?parent=8396"}],"curies":[{"name":"wp","href":"https:\/\/api.w.org\/{rel}","templated":true}]}}