{"id":8394,"date":"2023-04-27T14:54:05","date_gmt":"2023-04-27T14:54:05","guid":{"rendered":"https:\/\/moverdb.com\/?page_id=8394"},"modified":"2026-01-08T15:24:20","modified_gmt":"2026-01-08T15:24:20","slug":"moving-companies-kazakhstan","status":"publish","type":"page","link":"https:\/\/moverdb.com\/et\/moving-companies\/moving-companies-kazakhstan\/","title":{"rendered":"3 parimat rahvusvahelist kolimisfirmat Kasahstanis"},"content":{"rendered":"<p>Kolimine v\u00f5ib olla stressirohke aeg, kuid kui soovite seda v\u00e4hendada, v\u00f5ite v\u00f5tta t\u00f6\u00f6le teenuseid <a href=\"https:\/\/moverdb.com\/et\/moving-companies\/\" data-internallinksmanager029f6b8e52c=\"79\" title=\"Top 25 rahvusvahelist kolimisfirmat Internetis\">kolimisfirma<\/a>. Nad v\u00f5ivad v\u00f5tta \u00fcle teie kolimise korraldamise, pakkimise ja haldamise. Allpool oleme koostanud nimekirja Kasahstanis asuvatest <a href=\"https:\/\/moverdb.com\/et\/international-removals\/\" data-internallinksmanager029f6b8e52c=\"27\" title=\"36 Parimad rahvusvahelised kolimisfirmad \u00dchendkuningriigis\">kolimisfirmad<\/a> mis on liikmed <a href=\"https:\/\/moverdb.com\/et\/iam\/\" data-internallinksmanager029f6b8e52c=\"23\" title=\"Rahvusvaheline kolijate assotsiatsioon (IAM) Selgitatud\">Rahvusvaheline kolijate assotsiatsioon<\/a> (IAM) ja\/v\u00f5i <a href=\"https:\/\/moverdb.com\/et\/fidi-faim\/\" data-internallinksmanager029f6b8e52c=\"16\" title=\"FIDI &amp; FAIM (FIDI akrediteeritud rahvusvaheline kolija) selgitatud\">FIDI<\/a> Akrediteeritud rahvusvaheline kolija (FAIM), kes v\u00f5iks teid kolimisel aidata.<\/p>\n<h2><strong>1. Intermovex<\/strong><\/h2>\n<p><img loading=\"lazy\" decoding=\"async\" class=\"alignnone size-full wp-image-8330\" src=\"https:\/\/moverdb.com\/wp-content\/uploads\/Intermovex-international-moving-company.png\" alt=\"Intermovex rahvusvaheline kolimisfirma\" width=\"1440\" height=\"680\" data-wp-pid=\"8330\" srcset=\"https:\/\/moverdb.com\/wp-content\/uploads\/Intermovex-international-moving-company.png 1440w, https:\/\/moverdb.com\/wp-content\/uploads\/Intermovex-international-moving-company-300x142.png 300w, https:\/\/moverdb.com\/wp-content\/uploads\/Intermovex-international-moving-company-1024x484.png 1024w, https:\/\/moverdb.com\/wp-content\/uploads\/Intermovex-international-moving-company-18x9.png 18w, https:\/\/moverdb.com\/wp-content\/uploads\/Intermovex-international-moving-company-600x283.png 600w\" sizes=\"auto, (max-width: 1440px) 100vw, 1440px\" \/><\/p>\n<ul>\n<li>Riiklikud liikumised<\/li>\n<li>Rahvusvahelised liikumised<\/li>\n<li>Kodumajapidamiste kolimised<\/li>\n<li>Kontori \u00fcmberpaigutamine<\/li>\n<li>Ukselt-uksele teenus<\/li>\n<li>Pakkimisteenus<\/li>\n<li>Tollivormistus<\/li>\n<li>Kaunite kunstide k\u00e4sitlemine<\/li>\n<li>Loomade ja autode vedu<\/li>\n<li>L\u00fchiajaline kuni pikaajaline ladustamine<\/li>\n<\/ul>\n<p>Intermovex on 2009. aastal asutatud rahvusvaheline kolimisfirma, mille kontorid asuvad Almat\u00f5s ja Astanas. Nad teevad koost\u00f6\u00f6d v\u00e4lismaiste partneritega, et aidata neil pakkuda oma teenuseid rahvusvaheliselt. Nad on IAMi liige 14-aastase tegutsemisaja jooksul.<\/p>\n<p>Intermovex pakub ukselt-uksele teenust koos isikliku juhiga, kes toetab teid k\u00f5igis kolimise etappides. Nende pakkimisteenus kasutab kvaliteetseid pakkematerjale, nad aitavad teil valida k\u00f5ige sobivama transpordivahendi ja abistavad tollivormistuses. Nad pakuvad mitmeid lisateenuseid, mis h\u00f5lmavad autode, n\u00e4ituste, loomade, kultuuriv\u00e4\u00e4rtuste ja kaunite kunstiteoste vedu, samuti kaubakindlustust ja ladustamisv\u00f5imalusi.<\/p>\n<p>Veebileht: <a href=\"http:\/\/www.intermovex.kz\" target=\"_blank\" rel=\"noopener\">http:\/\/www.intermovex.kz<\/a><\/p>\n<h2><strong>2. Gosselin<\/strong><\/h2>\n<p><img loading=\"lazy\" decoding=\"async\" class=\"alignnone size-full wp-image-8321\" src=\"https:\/\/moverdb.com\/wp-content\/uploads\/Gosselin-Kazakhstan-international-moving-company.png\" alt=\"Gosselin Kasahstani rahvusvaheline kolimisfirma\" width=\"1440\" height=\"680\" data-wp-pid=\"8321\" srcset=\"https:\/\/moverdb.com\/wp-content\/uploads\/Gosselin-Kazakhstan-international-moving-company.png 1440w, https:\/\/moverdb.com\/wp-content\/uploads\/Gosselin-Kazakhstan-international-moving-company-300x142.png 300w, https:\/\/moverdb.com\/wp-content\/uploads\/Gosselin-Kazakhstan-international-moving-company-1024x484.png 1024w, https:\/\/moverdb.com\/wp-content\/uploads\/Gosselin-Kazakhstan-international-moving-company-18x9.png 18w, https:\/\/moverdb.com\/wp-content\/uploads\/Gosselin-Kazakhstan-international-moving-company-600x283.png 600w\" sizes=\"auto, (max-width: 1440px) 100vw, 1440px\" \/><\/p>\n<ul>\n<li>Riiklikud liikumised<\/li>\n<li>Rahvusvahelised liikumised<\/li>\n<li>Elamu kolimine<\/li>\n<li>Kontori kolimised<\/li>\n<li>Individuaalne ukselt-uksele teenus<\/li>\n<li>Pakkimisteenus<\/li>\n<li>Transpordi korraldamine<\/li>\n<li>Lemmikloomade ja s\u00f5idukite vedu<\/li>\n<li>Kindlustus<\/li>\n<li>Paindlik l\u00fchi- ja pikaajaline ladustamine<\/li>\n<\/ul>\n<p>Gosselin on rahvusvaheline kolimis- ja \u00fcmberpaigutamisettev\u00f5te, millel on 34 kontorit kogu Euroopas ja Venemaal, sealhulgas Kasahstanis. Neil on oma filiaalide ja partnerite v\u00f5rgustik, mis aitab neid rahvusvaheliste kolimistega ja on IAMi liige.<\/p>\n<p>Gosselin pakub ukselt-uksele kolimisteenust koos veebip\u00f5hise k\u00fcsitlusvahendiga, et anda kiire hinnang, millele j\u00e4rgneb usaldusv\u00e4\u00e4rne kalkulatsioon. Nad pakuvad pakkimisteenust professionaalsete kolijatega, kes kasutavad keskkonnas\u00f5bralikke pakkematerjale, et kaitsta teie asju, ning nad pakuvad ka m\u00f6\u00f6bli lahtiv\u00f5tmise ja kokkupanemise ning lahtipakkimise teenust. Nad pakuvad ka lisateenuseid, sealhulgas lemmikloomade kolimist, kaunite kunstiteoste k\u00e4itlemist, autolaevu ja ladustamislahendusi.<\/p>\n<p>Veebileht: <a href=\"http:\/\/www.moving.gosselingroup.eu\" target=\"_blank\" rel=\"noopener\">http:\/\/www.moving.gosselingroup.eu<\/a><\/p>\n<h2><strong>3. Globalink Logistika<\/strong><\/h2>\n<p><img loading=\"lazy\" decoding=\"async\" class=\"alignnone size-full wp-image-8320\" src=\"https:\/\/moverdb.com\/wp-content\/uploads\/Globalink-Logistics-international-moving-company.png\" alt=\"Globalink Logistics rahvusvaheline kolimisfirma\" width=\"1440\" height=\"680\" data-wp-pid=\"8320\" srcset=\"https:\/\/moverdb.com\/wp-content\/uploads\/Globalink-Logistics-international-moving-company.png 1440w, https:\/\/moverdb.com\/wp-content\/uploads\/Globalink-Logistics-international-moving-company-300x142.png 300w, https:\/\/moverdb.com\/wp-content\/uploads\/Globalink-Logistics-international-moving-company-1024x484.png 1024w, https:\/\/moverdb.com\/wp-content\/uploads\/Globalink-Logistics-international-moving-company-18x9.png 18w, https:\/\/moverdb.com\/wp-content\/uploads\/Globalink-Logistics-international-moving-company-600x283.png 600w\" sizes=\"auto, (max-width: 1440px) 100vw, 1440px\" \/><\/p>\n<ul>\n<li>Riiklikud liikumised<\/li>\n<li>Rahvusvahelised liikumised<\/li>\n<li>Elamu kolimine<\/li>\n<li>Ettev\u00f5tete \u00fcmberpaigutused<\/li>\n<li>Ukselt-uksele teenus<\/li>\n<li>Pakkimisteenus<\/li>\n<li>Maantee-, raudtee-, mere- ja \u00f5huvedu<\/li>\n<li>Tollimaaklerlus<\/li>\n<li>Lemmikloomade kolimine<\/li>\n<li>Ladustamisv\u00f5imalused<\/li>\n<\/ul>\n<p>Globalink Logistics on Euroopa ja Aasia logistikale spetsialiseerunud ettev\u00f5te, mis pakub kolimisteenuseid. Neil on tegevuskohad Almat\u00f5s, Astanas, Atyraus, Aktobes, Oskemenis, Uralskis ja \u0160\u00f5mkendis. Neil on \u00fclemaailmne v\u00f5rgustik 55 riigis, et pakkuda teenuseid rahvusvaheliselt. Nad on IAMi liige, kellel on 24-aastane tegevus ja kes on akrediteeritud FIDI poolt.<\/p>\n<p>Globalink Logistics pakub kolimiseelset \u00fclevaatust ja kolimise planeerimist koos hinnakalkulatsiooniga. Nad pakuvad ukselt-uksele kolimisteenust, sealhulgas lemmikloomade ja s\u00f5idukite vedu, kindlustust ja kolimise j\u00e4lgimist. Nad pakuvad pakkimisteenust, kasutades kvaliteetseid materjale, mille puhul kasutatakse maantee-, raudtee-, mere- v\u00f5i \u00f5hutransporti, ning nad toetavad tollimaaklerit.<\/p>\n<p>Veebileht: <a href=\"https:\/\/globalinklogistics.com\/\" target=\"_blank\" rel=\"noopener\">https:\/\/globalinklogistics.com\/<\/a><\/p>","protected":false},"excerpt":{"rendered":"<p>Moving can be a stressful time but if you want to reduce it, you can employ the services of a moving company. They can take over the organisation, packing and administration of your move. Below we have compiled a list of Kazakhstan based removal companies that are members of the International Association of Movers (IAM) [&hellip;]<\/p>\n","protected":false},"author":4,"featured_media":0,"parent":190,"menu_order":0,"comment_status":"closed","ping_status":"closed","template":"","meta":{"_genesis_hide_title":false,"_genesis_hide_breadcrumbs":false,"_genesis_hide_singular_image":false,"_genesis_hide_footer_widgets":false,"_genesis_custom_body_class":"","_genesis_custom_post_class":"","_genesis_layout":"","footnotes":""},"class_list":{"0":"post-8394","1":"page","2":"type-page","3":"status-publish","5":"entry","6":"has-post-thumbnail"},"_links":{"self":[{"href":"https:\/\/moverdb.com\/et\/wp-json\/wp\/v2\/pages\/8394","targetHints":{"allow":["GET"]}}],"collection":[{"href":"https:\/\/moverdb.com\/et\/wp-json\/wp\/v2\/pages"}],"about":[{"href":"https:\/\/moverdb.com\/et\/wp-json\/wp\/v2\/types\/page"}],"author":[{"embeddable":true,"href":"https:\/\/moverdb.com\/et\/wp-json\/wp\/v2\/users\/4"}],"replies":[{"embeddable":true,"href":"https:\/\/moverdb.com\/et\/wp-json\/wp\/v2\/comments?post=8394"}],"version-history":[{"count":1,"href":"https:\/\/moverdb.com\/et\/wp-json\/wp\/v2\/pages\/8394\/revisions"}],"predecessor-version":[{"id":8395,"href":"https:\/\/moverdb.com\/et\/wp-json\/wp\/v2\/pages\/8394\/revisions\/8395"}],"up":[{"embeddable":true,"href":"https:\/\/moverdb.com\/et\/wp-json\/wp\/v2\/pages\/190"}],"wp:attachment":[{"href":"https:\/\/moverdb.com\/et\/wp-json\/wp\/v2\/media?parent=8394"}],"curies":[{"name":"wp","href":"https:\/\/api.w.org\/{rel}","templated":true}]}}