{"id":8390,"date":"2023-04-27T14:54:37","date_gmt":"2023-04-27T14:54:37","guid":{"rendered":"https:\/\/moverdb.com\/?page_id=8390"},"modified":"2026-01-08T15:29:21","modified_gmt":"2026-01-08T15:29:21","slug":"moving-companies-jordan","status":"publish","type":"page","link":"https:\/\/moverdb.com\/et\/moving-companies\/moving-companies-jordan\/","title":{"rendered":"6 parimat rahvusvahelist kolimisfirmat Jordaanias"},"content":{"rendered":"<p>Kas te liigute koju v\u00f5i oma ettev\u00f5ttesse? Siis v\u00f5ivad korraldus ja paberimajandus hakata teid hirmutama, nii et v\u00f5ite vajada abi <a href=\"https:\/\/moverdb.com\/et\/moving-companies\/\" data-internallinksmanager029f6b8e52c=\"79\" title=\"Top 25 rahvusvahelist kolimisfirmat Internetis\">kolimisfirma<\/a>. Kui soovite liikuda Jordaania piires, Jordaaniasse v\u00f5i Jordaaniast, oleme koostanud allpool oleva nimekirja. <a href=\"https:\/\/moverdb.com\/et\/international-removals\/\" data-internallinksmanager029f6b8e52c=\"27\" title=\"36 Parimad rahvusvahelised kolimisfirmad \u00dchendkuningriigis\">kolimisfirmad<\/a> mis on liikmed <a href=\"https:\/\/moverdb.com\/et\/iam\/\" data-internallinksmanager029f6b8e52c=\"23\" title=\"Rahvusvaheline kolijate assotsiatsioon (IAM) Selgitatud\">Rahvusvaheline kolijate assotsiatsioon<\/a> (IAM) ja\/v\u00f5i <a href=\"https:\/\/moverdb.com\/et\/fidi-faim\/\" data-internallinksmanager029f6b8e52c=\"16\" title=\"FIDI &amp; FAIM (FIDI akrediteeritud rahvusvaheline kolija) selgitatud\">FIDI<\/a> akrediteeritud rahvusvaheline kolija (FAIM), kes v\u00f5iks teid teie kolimisel aidata.<\/p>\n<div id=\"ez-toc-container\" class=\"ez-toc-v2_0_82_2 ez-toc-wrap-left counter-hierarchy ez-toc-counter ez-toc-transparent ez-toc-container-direction\">\n<div class=\"ez-toc-title-container\">\n<p class=\"ez-toc-title\" style=\"cursor:inherit\">Jaotised<\/p>\n<span class=\"ez-toc-title-toggle\"><a href=\"#\" class=\"ez-toc-pull-right ez-toc-btn ez-toc-btn-xs ez-toc-btn-default ez-toc-toggle\" aria-label=\"Sisukorra vaheldumine\"><span class=\"ez-toc-js-icon-con\"><span class=\"\"><span class=\"eztoc-hide\" style=\"display:none;\">Toggle<\/span><span class=\"ez-toc-icon-toggle-span\"><svg style=\"fill: #999;color:#999\" xmlns=\"http:\/\/www.w3.org\/2000\/svg\" class=\"list-377408\" width=\"20px\" height=\"20px\" viewbox=\"0 0 24 24\" fill=\"none\"><path d=\"M6 6H4v2h2V6zm14 0H8v2h12V6zM4 11h2v2H4v-2zm16 0H8v2h12v-2zM4 16h2v2H4v-2zm16 0H8v2h12v-2z\" fill=\"currentColor\"><\/path><\/svg><svg style=\"fill: #999;color:#999\" class=\"arrow-unsorted-368013\" xmlns=\"http:\/\/www.w3.org\/2000\/svg\" width=\"10px\" height=\"10px\" viewbox=\"0 0 24 24\" version=\"1.2\" baseprofile=\"tiny\"><path d=\"M18.2 9.3l-6.2-6.3-6.2 6.3c-.2.2-.3.4-.3.7s.1.5.3.7c.2.2.4.3.7.3h11c.3 0 .5-.1.7-.3.2-.2.3-.5.3-.7s-.1-.5-.3-.7zM5.8 14.7l6.2 6.3 6.2-6.3c.2-.2.3-.5.3-.7s-.1-.5-.3-.7c-.2-.2-.4-.3-.7-.3h-11c-.3 0-.5.1-.7.3-.2.2-.3.5-.3.7s.1.5.3.7z\"\/><\/svg><\/span><\/span><\/span><\/a><\/span><\/div>\n<nav><ul class='ez-toc-list ez-toc-list-level-1 eztoc-toggle-hide-by-default' ><li class='ez-toc-page-1 ez-toc-heading-level-2'><a class=\"ez-toc-link ez-toc-heading-1\" href=\"https:\/\/moverdb.com\/et\/moving-companies\/moving-companies-jordan\/#1_CML_Safe_Pak\" >1. CML Safe Pak<\/a><\/li><li class='ez-toc-page-1 ez-toc-heading-level-2'><a class=\"ez-toc-link ez-toc-heading-2\" href=\"https:\/\/moverdb.com\/et\/moving-companies\/moving-companies-jordan\/#2_Jirpac\" >2. Jirpac<\/a><\/li><li class='ez-toc-page-1 ez-toc-heading-level-2'><a class=\"ez-toc-link ez-toc-heading-3\" href=\"https:\/\/moverdb.com\/et\/moving-companies\/moving-companies-jordan\/#3_Jordanian_Coast_Cargo_Service\" >3. Jordaania ranniku kaubaveoteenus<\/a><\/li><li class='ez-toc-page-1 ez-toc-heading-level-2'><a class=\"ez-toc-link ez-toc-heading-4\" href=\"https:\/\/moverdb.com\/et\/moving-companies\/moving-companies-jordan\/#4_Levant_Express\" >4. Levant Express<\/a><\/li><li class='ez-toc-page-1 ez-toc-heading-level-2'><a class=\"ez-toc-link ez-toc-heading-5\" href=\"https:\/\/moverdb.com\/et\/moving-companies\/moving-companies-jordan\/#5_Logistimania\" >5. Logistimania<\/a><\/li><li class='ez-toc-page-1 ez-toc-heading-level-2'><a class=\"ez-toc-link ez-toc-heading-6\" href=\"https:\/\/moverdb.com\/et\/moving-companies\/moving-companies-jordan\/#6_Naouri_Group\" >6. Naouri Grupp<\/a><\/li><\/ul><\/nav><\/div>\n<h2><span class=\"ez-toc-section\" id=\"1_CML_Safe_Pak\"><\/span><strong>1. CML Safe Pak<\/strong><span class=\"ez-toc-section-end\"><\/span><\/h2>\n<p><img loading=\"lazy\" decoding=\"async\" class=\"alignnone size-full wp-image-8391\" src=\"https:\/\/moverdb.com\/wp-content\/uploads\/CML-Safe-Pak-international-moving-company.png\" alt=\"CML Safe Pak rahvusvaheline kolimisfirma\" width=\"1440\" height=\"667\" data-wp-pid=\"8391\" srcset=\"https:\/\/moverdb.com\/wp-content\/uploads\/CML-Safe-Pak-international-moving-company.png 1440w, https:\/\/moverdb.com\/wp-content\/uploads\/CML-Safe-Pak-international-moving-company-300x139.png 300w, https:\/\/moverdb.com\/wp-content\/uploads\/CML-Safe-Pak-international-moving-company-1024x474.png 1024w, https:\/\/moverdb.com\/wp-content\/uploads\/CML-Safe-Pak-international-moving-company-18x8.png 18w, https:\/\/moverdb.com\/wp-content\/uploads\/CML-Safe-Pak-international-moving-company-600x278.png 600w\" sizes=\"auto, (max-width: 1440px) 100vw, 1440px\" \/><\/p>\n<ul>\n<li>Kohalikud ja riiklikud \u00fcmberpaigutused<\/li>\n<li>Rahvusvahelised \u00fcmberpaigutused<\/li>\n<li>Elamu kolimine<\/li>\n<li>Liikumise koordinaator<\/li>\n<li>Pakkimisteenus<\/li>\n<li>Maismaa-, mere- ja \u00f5hutransport<\/li>\n<li>Tollivormistus<\/li>\n<li>Lemmikloomade transport<\/li>\n<li>Puhastusteenused<\/li>\n<li>Turvaline ladustamine<\/li>\n<\/ul>\n<p>CML Safe Pak on Ammanis asuv kolimis-, logistika- ja kaubaveoteenuseid pakkuv ettev\u00f5te, mis on aidanud inimesi kolida alates 1992. aastast. Nad on liige <a href=\"https:\/\/moverdb.com\/et\/harmony-relocation-network\/\" data-internallinksmanager029f6b8e52c=\"20\" title=\"Harmony Relocation Network (HRN) selgitused\">Harmony \u00fcmberpaigutamise v\u00f5rgustik<\/a> ja IAM 31-aastase t\u00f6\u00f6staa\u017eiga ning on akrediteeritud FIDI poolt. Need \u00fchendused annavad neile juurdep\u00e4\u00e4su rahvusvahelisele kolimisagentide v\u00f5rgustikule.<\/p>\n<p>CML Safe Pak pakub kolimiseelset konsultatsiooni koos kolimisn\u00f5ustajaga, et hinnata teie vajadusi. Kolimiskoordinaator hoolitseb teie kolimise logistika, sealhulgas paberimajanduse ja tollivormistuse eest. Nad pakuvad lisateenuseid, mille hulka kuuluvad kolimis- ja koristusteenused, kunstiteoste ja antiikesemete kolimine ning lemmikloomade vedu.<\/p>\n<p>Veebileht: <a href=\"http:\/\/www.cml-jo.com\" target=\"_blank\" rel=\"noopener\">http:\/\/www.cml-jo.com<\/a><\/p>\n<h2><span class=\"ez-toc-section\" id=\"2_Jirpac\"><\/span><strong>2. Jirpac<\/strong><span class=\"ez-toc-section-end\"><\/span><\/h2>\n<p><img loading=\"lazy\" decoding=\"async\" class=\"alignnone size-full wp-image-8333\" src=\"https:\/\/moverdb.com\/wp-content\/uploads\/Jirpac-international-moving-company.png\" alt=\"Jirpac rahvusvaheline kolimisfirma\" width=\"1440\" height=\"679\" data-wp-pid=\"8333\" srcset=\"https:\/\/moverdb.com\/wp-content\/uploads\/Jirpac-international-moving-company.png 1440w, https:\/\/moverdb.com\/wp-content\/uploads\/Jirpac-international-moving-company-300x141.png 300w, https:\/\/moverdb.com\/wp-content\/uploads\/Jirpac-international-moving-company-1024x483.png 1024w, https:\/\/moverdb.com\/wp-content\/uploads\/Jirpac-international-moving-company-18x8.png 18w, https:\/\/moverdb.com\/wp-content\/uploads\/Jirpac-international-moving-company-600x283.png 600w\" sizes=\"auto, (max-width: 1440px) 100vw, 1440px\" \/><\/p>\n<ul>\n<li>Riiklikud liikumised<\/li>\n<li>Rahvusvahelised liikumised<\/li>\n<li>Kodumajapidamiste kolimised<\/li>\n<li>T\u00f6\u00f6tajate liikumised<\/li>\n<li>\u00c4ri- ja kontori kolimised<\/li>\n<li>Pakkimisteenus<\/li>\n<li>Maismaa-, mere- ja \u00f5hutransport<\/li>\n<li>Tollimaaklerlus<\/li>\n<li>Kindlustus<\/li>\n<li>Turvalised ladustamisv\u00f5imalused<\/li>\n<\/ul>\n<p>Jirpac on rahvusvaheline kolimis- ja pakkimisfirma, mis asutati 1978. aastal ja mille asukoht on Ammanis. Neil on korrespondentide v\u00f5rgustik \u00fcle kogu maailma 170 riigis, kes abistavad neid rahvusvaheliste teenuste osutamisel. Nad on IAMi liige, kellel on 45-aastane tegevusperiood.<\/p>\n<p>Jirpac pakub kodumajapidamistele ja organisatsioonidele riigisiseseid ja rahvusvahelisi kolimisteenuseid. Nad pakuvad pakkimisteenust, mis pakub erinevaid pakkimismaterjale ja -kartoneid, et kaitsta teie esemeid rahvusvaheliste standardite kohaselt. Nad pakuvad maismaa-, \u00f5hu- ja meretransporti koos tollivormistusteenustega.<\/p>\n<p>Veebileht: <a href=\"http:\/\/www.jirpac.com\" target=\"_blank\" rel=\"noopener\">http:\/\/www.jirpac.com<\/a><\/p>\n<h2><span class=\"ez-toc-section\" id=\"3_Jordanian_Coast_Cargo_Service\"><\/span><strong>3. Jordaania ranniku kaubaveoteenus<\/strong><span class=\"ez-toc-section-end\"><\/span><\/h2>\n<p><img loading=\"lazy\" decoding=\"async\" class=\"alignnone size-full wp-image-8334\" src=\"https:\/\/moverdb.com\/wp-content\/uploads\/Jordanian-Coast-Cargo-Services-international-moving-company.png\" alt=\"Jordanian Coast Cargo Services rahvusvaheline kolimisfirma\" width=\"1440\" height=\"677\" data-wp-pid=\"8334\" srcset=\"https:\/\/moverdb.com\/wp-content\/uploads\/Jordanian-Coast-Cargo-Services-international-moving-company.png 1440w, https:\/\/moverdb.com\/wp-content\/uploads\/Jordanian-Coast-Cargo-Services-international-moving-company-300x141.png 300w, https:\/\/moverdb.com\/wp-content\/uploads\/Jordanian-Coast-Cargo-Services-international-moving-company-1024x481.png 1024w, https:\/\/moverdb.com\/wp-content\/uploads\/Jordanian-Coast-Cargo-Services-international-moving-company-18x8.png 18w, https:\/\/moverdb.com\/wp-content\/uploads\/Jordanian-Coast-Cargo-Services-international-moving-company-600x282.png 600w\" sizes=\"auto, (max-width: 1440px) 100vw, 1440px\" \/><\/p>\n<ul>\n<li>Riiklikud kolimised<\/li>\n<li>Rahvusvahelised kolimised<\/li>\n<li>Kodumajapidamiste kolimised<\/li>\n<li>Kaubanduslikud teenused<\/li>\n<li>Ukselt-uksele teenus<\/li>\n<li>Professionaalne pakkimisteenus<\/li>\n<li>Maismaa-, \u00f5hu- ja meretransport<\/li>\n<li>Tollivormistus<\/li>\n<li>S\u00f5idukite ja lemmikloomade vedu<\/li>\n<li>Turvaline l\u00fchi- ja pikaajaline ladustamine<\/li>\n<\/ul>\n<p>Jordanian Coast Cargo Services on laevandus, <a href=\"https:\/\/moverdb.com\/et\/freight-forwarder\/\" data-internallinksmanager029f6b8e52c=\"17\" title=\"Ekspedeerija ja NVOCC rahvusvaheliste kulude ja ettev\u00f5tete juhend\">ekspediitor<\/a> ja ladustamisega tegelev ettev\u00f5te, mis pakub kolimisteenuseid ja diplomaatilisi kolimisi. Ettev\u00f5te asutati 2000. aastal ja selle asukoht on Ammanis. Nad teevad koost\u00f6\u00f6d rahvusvaheliste organisatsioonidega, et pakkuda oma teenuseid kogu maailmas. Nad on IAMi liige, kes on 23 aastat tegutsenud.<\/p>\n<p>Jordanian Coast Cargo Services pakub ukselt-uksele teenust, mille pakendajad on k\u00f5rgelt kvalifitseeritud ja kasutavad teie asjade turvaliseks teisaldamiseks kvaliteetseid pakkematerjale ja kastid. Nad korraldavad transpordi koos tollivormistusega, see v\u00f5ib toimuda nii maismaa-, \u00f5hu- kui ka meretranspordiga v\u00e4hem kui konteineri koormate ja t\u00e4iskonteinerite kaupa.<\/p>\n<p>Veebileht: <a href=\"http:\/\/www.jordaniancoastco.com\" target=\"_blank\" rel=\"noopener\">http:\/\/www.jordaniancoastco.com<\/a><\/p>\n<h2><span class=\"ez-toc-section\" id=\"4_Levant_Express\"><\/span><strong>4. Levant Express<\/strong><span class=\"ez-toc-section-end\"><\/span><\/h2>\n<p><img loading=\"lazy\" decoding=\"async\" class=\"alignnone size-full wp-image-8392\" src=\"https:\/\/moverdb.com\/wp-content\/uploads\/Levant-Express-international-moving-company.png\" alt=\"Levant Express rahvusvaheline kolimisfirma\" width=\"1440\" height=\"683\" data-wp-pid=\"8392\" srcset=\"https:\/\/moverdb.com\/wp-content\/uploads\/Levant-Express-international-moving-company.png 1440w, https:\/\/moverdb.com\/wp-content\/uploads\/Levant-Express-international-moving-company-300x142.png 300w, https:\/\/moverdb.com\/wp-content\/uploads\/Levant-Express-international-moving-company-1024x486.png 1024w, https:\/\/moverdb.com\/wp-content\/uploads\/Levant-Express-international-moving-company-18x9.png 18w, https:\/\/moverdb.com\/wp-content\/uploads\/Levant-Express-international-moving-company-600x285.png 600w\" sizes=\"auto, (max-width: 1440px) 100vw, 1440px\" \/><\/p>\n<ul>\n<li>Riiklikud kolimised<\/li>\n<li>Rahvusvahelised kolimised<\/li>\n<li>Kodumajapidamiste kolimine<\/li>\n<li>Esialgne uuring<\/li>\n<li>Pakkimisteenus<\/li>\n<li>Inventuur<\/li>\n<li>Transport maismaa-, mere- ja \u00f5hutranspordiga<\/li>\n<li>Tollivormistus<\/li>\n<li>Kindlustus<\/li>\n<li>Ladustamisv\u00f5imalused<\/li>\n<\/ul>\n<p>Levant Express on terviklike tarneahela lahenduste pakkuja, mis pakub kolimisteenuseid. Nad on asutatud 1930. aastal ning neil on tegevuskohad Jordaanias ja <a href=\"https:\/\/moverdb.com\/et\/moving-companies\/moving-companies-lebanon\/\" data-internallinksmanager029f6b8e52c=\"302\" title=\"7 parimat rahvusvahelist kolimisfirmat Liibanonis\">Liibanon<\/a>. Nad on IAMi liige 93 aasta jooksul, mis annab neile juurdep\u00e4\u00e4su rahvusvahelisele kolimisagentide v\u00f5rgustikule, mis toetab neid.<\/p>\n<p>Levant Express pakub kolimiseelset k\u00fcsitlust, et hinnata teie kolimise mahtu ja koostada hinnapakkumine. Nad pakuvad pakkimisteenust, mis kaitseb teie asju transpordi ajal, kasutades k\u00f5ige sobivamaid pakkematerjale, sealhulgas kartongid ja kastid. K\u00f5ik pakendid m\u00e4rgistatakse ja koostatakse inventuur.<\/p>\n<p>Veebileht: <a href=\"http:\/\/www.levantexpress.net\" target=\"_blank\" rel=\"noopener\">http:\/\/www.levantexpress.net<\/a><\/p>\n<h2><span class=\"ez-toc-section\" id=\"5_Logistimania\"><\/span><strong>5. <\/strong><strong>Logistimania<\/strong><span class=\"ez-toc-section-end\"><\/span><\/h2>\n<p><img loading=\"lazy\" decoding=\"async\" class=\"alignnone size-full wp-image-8337\" src=\"https:\/\/moverdb.com\/wp-content\/uploads\/Logistimania-international-moving-company.png\" alt=\"Logistimania rahvusvaheline kolimisfirma\" width=\"1440\" height=\"676\" data-wp-pid=\"8337\" srcset=\"https:\/\/moverdb.com\/wp-content\/uploads\/Logistimania-international-moving-company.png 1440w, https:\/\/moverdb.com\/wp-content\/uploads\/Logistimania-international-moving-company-300x141.png 300w, https:\/\/moverdb.com\/wp-content\/uploads\/Logistimania-international-moving-company-1024x481.png 1024w, https:\/\/moverdb.com\/wp-content\/uploads\/Logistimania-international-moving-company-18x8.png 18w, https:\/\/moverdb.com\/wp-content\/uploads\/Logistimania-international-moving-company-600x282.png 600w\" sizes=\"auto, (max-width: 1440px) 100vw, 1440px\" \/><\/p>\n<ul>\n<li>Riiklikud liikumised<\/li>\n<li>Rahvusvahelised liikumised<\/li>\n<li>Kodumajapidamiste \u00fcmberpaigutamine<\/li>\n<li>Kaubanduslik lasti<\/li>\n<li>Ukselt-uksele teenus<\/li>\n<li>Professionaalne pakkimisteenus<\/li>\n<li>Kvaliteetsed pakkematerjalid<\/li>\n<li>Lennu-, mere- ja maanteetransport<\/li>\n<li>Tollivormistus<\/li>\n<li>Ladustamisv\u00f5imalused<\/li>\n<\/ul>\n<p>Logistimania on rahvusvaheline kolimis- ja ekspedeerimisfirma, mis on asutatud Stockholmis, kuid neil on filiaal ka Ammanis, Jordaanias. Neil on pikaajalised suhted laevandusettev\u00f5tete, veoagentide ja veoautode tarnijatega, et pakkuda oma teenuseid kogu maailmas, ning nad on ka IAMi liige.<\/p>\n<p>Logistimania pakub ukselt-uksele kolimis- ja \u00fcmberpaigutamisteenuseid. Nad pakuvad professionaalset pakkimisteenust, mis kasutab kvaliteetseid pakkematerjale, et kaitsta teie esemeid transpordi ajal. Nad korraldavad vajaduse korral \u00f5hu-, mere- ja maanteetranspordi koos tollivormistusega. Nad aitavad teie esemeid saabumisel lahti pakkida.<\/p>\n<p>Veebileht: <a href=\"http:\/\/www.logistimania.com\" target=\"_blank\" rel=\"noopener\">http:\/\/www.logistimania.com<\/a><\/p>\n<h2><span class=\"ez-toc-section\" id=\"6_Naouri_Group\"><\/span><strong>6. Naouri Grupp<\/strong><span class=\"ez-toc-section-end\"><\/span><\/h2>\n<p><img loading=\"lazy\" decoding=\"async\" class=\"alignnone size-full wp-image-8347\" src=\"https:\/\/moverdb.com\/wp-content\/uploads\/Naouri-Group-international-moving-company.png\" alt=\"Naouri Group rahvusvaheline kolimisfirma\" width=\"1440\" height=\"680\" data-wp-pid=\"8347\" srcset=\"https:\/\/moverdb.com\/wp-content\/uploads\/Naouri-Group-international-moving-company.png 1440w, https:\/\/moverdb.com\/wp-content\/uploads\/Naouri-Group-international-moving-company-300x142.png 300w, https:\/\/moverdb.com\/wp-content\/uploads\/Naouri-Group-international-moving-company-1024x484.png 1024w, https:\/\/moverdb.com\/wp-content\/uploads\/Naouri-Group-international-moving-company-18x9.png 18w, https:\/\/moverdb.com\/wp-content\/uploads\/Naouri-Group-international-moving-company-600x283.png 600w\" sizes=\"auto, (max-width: 1440px) 100vw, 1440px\" \/><\/p>\n<ul>\n<li>Riiklikud liikumised<\/li>\n<li>Rahvusvahelised liikumised<\/li>\n<li>Ettev\u00f5tte saadetised<\/li>\n<li>Individuaalsed saadetised<\/li>\n<li>Projektide edastamine<\/li>\n<li>Kohandatud teenus<\/li>\n<li>Maantee-, mere- ja \u00f5hutransport<\/li>\n<li>R\u00fchmitamisv\u00f5imalused<\/li>\n<li>Tollivormistus<\/li>\n<li>Konteineriterminal<\/li>\n<\/ul>\n<p>Naouri Group on 1994. aastal asutatud ekspedeerimis- ja logistikafirma, mis tegutseb Ammanis ja mis tegutseb ka j\u00e4rgmistes riikides. <a href=\"https:\/\/moverdb.com\/et\/moving-companies\/moving-companies-iraq\/\" data-internallinksmanager029f6b8e52c=\"314\" title=\"2 parimat rahvusvahelist kolimisfirmat Iraagis\">Iraak<\/a> ja Palestiina. Nad on IAMi liige, kellel on 13 aastat kestnud tegevus ja kes on akrediteeritud FIDI poolt. Need \u00fchendused annavad neile juurdep\u00e4\u00e4su rahvusvahelisele esindajate v\u00f5rgustikule, mis aitab neid teenuste osutamisel v\u00e4lismaal.<\/p>\n<p>Naouri Group pakub teie vajadustele kohandatud teenust ja nad v\u00e4idavad, et on \u00fcks Jordaania juhtivaid logistikakontserne. Nad pakuvad mitmesuguseid transpordi- ja ekspedeerimisteenuseid, mis h\u00f5lmavad nii maantee-, \u00f5hu- ja meretransporti kui ka grupivedu v\u00e4hem kui konteinerite puhul.<\/p>\n<p>Veebileht: <a href=\"http:\/\/www.naouri.com\" target=\"_blank\" rel=\"noopener\">http:\/\/www.naouri.com<\/a><\/p>","protected":false},"excerpt":{"rendered":"<p>Are you moving home or your business? Then the organisation and paperwork may be starting to daunt you, so you may want the assistance of a moving company. If you are looking to move within, to or from Jordan we have compiled the below list of removal companies that are members of the International Association [&hellip;]<\/p>\n","protected":false},"author":4,"featured_media":0,"parent":190,"menu_order":0,"comment_status":"closed","ping_status":"closed","template":"","meta":{"_genesis_hide_title":false,"_genesis_hide_breadcrumbs":false,"_genesis_hide_singular_image":false,"_genesis_hide_footer_widgets":false,"_genesis_custom_body_class":"","_genesis_custom_post_class":"","_genesis_layout":"","footnotes":""},"class_list":{"0":"post-8390","1":"page","2":"type-page","3":"status-publish","5":"entry","6":"has-post-thumbnail"},"_links":{"self":[{"href":"https:\/\/moverdb.com\/et\/wp-json\/wp\/v2\/pages\/8390","targetHints":{"allow":["GET"]}}],"collection":[{"href":"https:\/\/moverdb.com\/et\/wp-json\/wp\/v2\/pages"}],"about":[{"href":"https:\/\/moverdb.com\/et\/wp-json\/wp\/v2\/types\/page"}],"author":[{"embeddable":true,"href":"https:\/\/moverdb.com\/et\/wp-json\/wp\/v2\/users\/4"}],"replies":[{"embeddable":true,"href":"https:\/\/moverdb.com\/et\/wp-json\/wp\/v2\/comments?post=8390"}],"version-history":[{"count":1,"href":"https:\/\/moverdb.com\/et\/wp-json\/wp\/v2\/pages\/8390\/revisions"}],"predecessor-version":[{"id":8393,"href":"https:\/\/moverdb.com\/et\/wp-json\/wp\/v2\/pages\/8390\/revisions\/8393"}],"up":[{"embeddable":true,"href":"https:\/\/moverdb.com\/et\/wp-json\/wp\/v2\/pages\/190"}],"wp:attachment":[{"href":"https:\/\/moverdb.com\/et\/wp-json\/wp\/v2\/media?parent=8390"}],"curies":[{"name":"wp","href":"https:\/\/api.w.org\/{rel}","templated":true}]}}