{"id":7781,"date":"2023-04-27T14:57:02","date_gmt":"2023-04-27T14:57:02","guid":{"rendered":"https:\/\/moverdb.com\/?page_id=7781"},"modified":"2026-01-08T15:23:46","modified_gmt":"2026-01-08T15:23:46","slug":"moving-companies-jamaica","status":"publish","type":"page","link":"https:\/\/moverdb.com\/et\/moving-companies\/moving-companies-jamaica\/","title":{"rendered":"2 parimat rahvusvahelist kolimisfirmat Jamaical"},"content":{"rendered":"<p>Kodu v\u00f5i ettev\u00f5tte kolimine v\u00f5ib olla keeruline ja lisada palju survet, eriti kui plaanite kolida v\u00e4lismaale, seega on vaja t\u00f6\u00f6le v\u00f5tta <a href=\"https:\/\/moverdb.com\/et\/moving-companies\/\" data-internallinksmanager029f6b8e52c=\"79\" title=\"Top 25 rahvusvahelist kolimisfirmat Internetis\">kolimisfirma<\/a> v\u00f5ib teid t\u00f5esti aidata. Allpool oleme koostanud nimekirja Jamaica <a href=\"https:\/\/moverdb.com\/et\/international-removals\/\" data-internallinksmanager029f6b8e52c=\"27\" title=\"36 Parimad rahvusvahelised kolimisfirmad \u00dchendkuningriigis\">kolimisfirmad<\/a> mis on liikmed <a href=\"https:\/\/moverdb.com\/et\/iam\/\" data-internallinksmanager029f6b8e52c=\"23\" title=\"Rahvusvaheline kolijate assotsiatsioon (IAM) Selgitatud\">Rahvusvaheline kolijate assotsiatsioon<\/a> (IAM) ja\/v\u00f5i <a href=\"https:\/\/moverdb.com\/et\/fidi-faim\/\" data-internallinksmanager029f6b8e52c=\"16\" title=\"FIDI &amp; FAIM (FIDI akrediteeritud rahvusvaheline kolija) selgitatud\">FIDI<\/a> Akrediteeritud rahvusvaheline kolija (FAIM), kes v\u00f5iks teid kolimisel aidata.<\/p>\n<h2><strong>1. Aero International Shipping<\/strong><\/h2>\n<p><img loading=\"lazy\" decoding=\"async\" class=\"alignnone size-full wp-image-7656\" src=\"https:\/\/moverdb.com\/wp-content\/uploads\/Aero-International-Shipping-moving-company.png\" alt=\"Aero International Shipping liikuv ettev\u00f5te\" width=\"1440\" height=\"686\" data-wp-pid=\"7656\" srcset=\"https:\/\/moverdb.com\/wp-content\/uploads\/Aero-International-Shipping-moving-company.png 1440w, https:\/\/moverdb.com\/wp-content\/uploads\/Aero-International-Shipping-moving-company-300x143.png 300w, https:\/\/moverdb.com\/wp-content\/uploads\/Aero-International-Shipping-moving-company-1024x488.png 1024w, https:\/\/moverdb.com\/wp-content\/uploads\/Aero-International-Shipping-moving-company-18x9.png 18w, https:\/\/moverdb.com\/wp-content\/uploads\/Aero-International-Shipping-moving-company-600x286.png 600w\" sizes=\"auto, (max-width: 1440px) 100vw, 1440px\" \/><\/p>\n<ul>\n<li><a href=\"https:\/\/moverdb.com\/et\/container-shipping\/\" data-internallinksmanager029f6b8e52c=\"3\" title=\"Rahvusvaheliste konteinerite veohindade graafik: aprill 2026\">Rahvusvaheline laevandus<\/a><\/li>\n<li>Kodumajapidamiste laevandus<\/li>\n<li>Kaubanduslik laevandus<\/li>\n<li>Eriprojektid<\/li>\n<li>Ekspordipakend<\/li>\n<li>Maismaa-, \u00f5hu- ja meretransport<\/li>\n<li>Konsolideerimisv\u00f5imalused<\/li>\n<li>Kohandatud tollivormistus<\/li>\n<li>Kindlustuskaitse<\/li>\n<li>Ladustamisv\u00f5imalused<\/li>\n<\/ul>\n<p>Aero International Shipping on rahvusvaheline transpordi- ja logistikafirma, mis h\u00f5lmab ka kodutarvete vedu. Nad asutati 1974. aastal ja asuvad Kingstonis. Nad teevad koost\u00f6\u00f6d rahvusvahelise agentuuride v\u00f5rgustikuga, et pakkuda teenuseid kogu maailmas. Nad on IAMi liige, kellel on 49 aastat kestnud tegevus.<\/p>\n<p>Aero International Shipping pakub v\u00e4ikeseid ja suuri veoteenuseid. Nad pakuvad toetust ekspordipakendite puhul, et tagada teie asjade turvaline pakkimine transpordiks. Nad korraldavad transpordi maismaal, \u00f5hus ja merel koos hoolikalt valitud marsruutide, tollivormistuse ja kindlustuskaitsega. Nad pakuvad kulude v\u00e4hendamiseks \u00f5hu- ja meretranspordi konsolideerimisv\u00f5imalusi.<\/p>\n<p>Veebileht: <a href=\"http:\/\/www.aerointel.com\/\" target=\"_blank\" rel=\"noopener\">http:\/\/www.aerointel.com\/<\/a><\/p>\n<h2><strong>2. B.L. Williams<\/strong><\/h2>\n<p><img loading=\"lazy\" decoding=\"async\" class=\"alignnone size-full wp-image-7675\" src=\"https:\/\/moverdb.com\/wp-content\/uploads\/Bliss-Moving-international-moving-company.png\" alt=\"BL Williams rahvusvaheline kolimisfirma\" width=\"1440\" height=\"684\" data-wp-pid=\"7675\" srcset=\"https:\/\/moverdb.com\/wp-content\/uploads\/Bliss-Moving-international-moving-company.png 1440w, https:\/\/moverdb.com\/wp-content\/uploads\/Bliss-Moving-international-moving-company-300x143.png 300w, https:\/\/moverdb.com\/wp-content\/uploads\/Bliss-Moving-international-moving-company-1024x486.png 1024w, https:\/\/moverdb.com\/wp-content\/uploads\/Bliss-Moving-international-moving-company-18x9.png 18w, https:\/\/moverdb.com\/wp-content\/uploads\/Bliss-Moving-international-moving-company-600x285.png 600w\" sizes=\"auto, (max-width: 1440px) 100vw, 1440px\" \/><\/p>\n<ul>\n<li>Riiklikud liikumised<\/li>\n<li>Rahvusvahelised liikumised<\/li>\n<li>Kodumajapidamise \u00fcmberpaigutamine<\/li>\n<li>Ukselt-uksele teenus<\/li>\n<li>Pakkimisteenus<\/li>\n<li>Mere- ja \u00f5huvedu<\/li>\n<li>Ekspordi- ja imporditeenused<\/li>\n<li>P\u00e4ritolu- ja sihtkohateenused<\/li>\n<li>Transiidikindlustus<\/li>\n<li>Ladustamisv\u00f5imalused<\/li>\n<\/ul>\n<p>B.L. Williams on <a href=\"https:\/\/moverdb.com\/et\/freight-forwarder\/\" data-internallinksmanager029f6b8e52c=\"17\" title=\"Ekspedeerija ja NVOCC rahvusvaheliste kulude ja ettev\u00f5tete juhend\">ekspediitor<\/a> ja rahvusvaheline veoettev\u00f5tja, mis asutati 1924. aastal ja mille asukoht on Kingstonis. Neid toetab kohalike esindajate v\u00f5rgustik, mis paikneb \u00fcle maailma. Nad on IAMi liige, kellel on 34 aastat kestnud tegevus.<\/p>\n<p>B.L. Williams teeb esmase uuringu, et m\u00e4\u00e4rata kindlaks teie vajadused ja teha hinnapakkumine. Nad pakuvad p\u00fchendunud t\u00f6\u00f6tajaid, kes toetavad teid kogu teie kolimise ajal ukselt-uksele teenusega. Nad pakuvad pakkimisteenust, mille puhul kasutatakse erinevaid materjale teie asjade kaitsmiseks ja pakkimiseks. Nad korraldavad mere- ja \u00f5hutranspordi, mis h\u00f5lmab k\u00f5iki ekspordi- ja imporditeenuseid.<\/p>\n<p>Veebileht: <a href=\"http:\/\/www.blwilliams.com\/\" target=\"_blank\" rel=\"noopener\">http:\/\/www.blwilliams.com\/<\/a><\/p>","protected":false},"excerpt":{"rendered":"<p>Moving your home or business can be difficult and add a lot of pressure especially if you are planning a move abroad, so employing a moving company can really assist you. Below we have compiled a list of Jamaican removal companies that are members of the International Association of Movers (IAM) and\/or FIDI Accredited International [&hellip;]<\/p>\n","protected":false},"author":4,"featured_media":0,"parent":190,"menu_order":0,"comment_status":"closed","ping_status":"closed","template":"","meta":{"_genesis_hide_title":false,"_genesis_hide_breadcrumbs":false,"_genesis_hide_singular_image":false,"_genesis_hide_footer_widgets":false,"_genesis_custom_body_class":"","_genesis_custom_post_class":"","_genesis_layout":"","footnotes":""},"class_list":{"0":"post-7781","1":"page","2":"type-page","3":"status-publish","5":"entry","6":"has-post-thumbnail"},"_links":{"self":[{"href":"https:\/\/moverdb.com\/et\/wp-json\/wp\/v2\/pages\/7781","targetHints":{"allow":["GET"]}}],"collection":[{"href":"https:\/\/moverdb.com\/et\/wp-json\/wp\/v2\/pages"}],"about":[{"href":"https:\/\/moverdb.com\/et\/wp-json\/wp\/v2\/types\/page"}],"author":[{"embeddable":true,"href":"https:\/\/moverdb.com\/et\/wp-json\/wp\/v2\/users\/4"}],"replies":[{"embeddable":true,"href":"https:\/\/moverdb.com\/et\/wp-json\/wp\/v2\/comments?post=7781"}],"version-history":[{"count":1,"href":"https:\/\/moverdb.com\/et\/wp-json\/wp\/v2\/pages\/7781\/revisions"}],"predecessor-version":[{"id":7782,"href":"https:\/\/moverdb.com\/et\/wp-json\/wp\/v2\/pages\/7781\/revisions\/7782"}],"up":[{"embeddable":true,"href":"https:\/\/moverdb.com\/et\/wp-json\/wp\/v2\/pages\/190"}],"wp:attachment":[{"href":"https:\/\/moverdb.com\/et\/wp-json\/wp\/v2\/media?parent=7781"}],"curies":[{"name":"wp","href":"https:\/\/api.w.org\/{rel}","templated":true}]}}