{"id":7764,"date":"2023-04-27T14:59:23","date_gmt":"2023-04-27T14:59:23","guid":{"rendered":"https:\/\/moverdb.com\/?page_id=7764"},"modified":"2026-01-08T15:23:45","modified_gmt":"2026-01-08T15:23:45","slug":"moving-companies-iraq","status":"publish","type":"page","link":"https:\/\/moverdb.com\/et\/moving-companies\/moving-companies-iraq\/","title":{"rendered":"2 parimat rahvusvahelist kolimisfirmat Iraagis"},"content":{"rendered":"<p>Kodu v\u00f5i ettev\u00f5tte kolimine ei ole kunagi lihtne, nii et abi v\u00f5ib t\u00f5esti aidata, eriti kui liigute \u00fchest riigist teise. Kui te kolite Iraagis, Iraaki v\u00f5i sealt v\u00e4lja, oleme koostanud nimekirja j\u00e4rgmistest asutustest <a href=\"https:\/\/moverdb.com\/et\/international-removals\/\" data-internallinksmanager029f6b8e52c=\"27\" title=\"36 Parimad rahvusvahelised kolimisfirmad \u00dchendkuningriigis\">kolimisfirmad<\/a> mis on liikmed <a href=\"https:\/\/moverdb.com\/et\/iam\/\" data-internallinksmanager029f6b8e52c=\"23\" title=\"Rahvusvaheline kolijate assotsiatsioon (IAM) Selgitatud\">Rahvusvaheline kolijate assotsiatsioon<\/a> (IAM) ja\/v\u00f5i <a href=\"https:\/\/moverdb.com\/et\/fidi-faim\/\" data-internallinksmanager029f6b8e52c=\"16\" title=\"FIDI &amp; FAIM (FIDI akrediteeritud rahvusvaheline kolija) selgitatud\">FIDI<\/a> Akrediteeritud rahvusvaheline kolija (FAIM), kes v\u00f5iks teid kolimisel aidata.<\/p>\n<h2><strong>1. BCC logistika<\/strong><\/h2>\n<p><img loading=\"lazy\" decoding=\"async\" class=\"alignnone size-full wp-image-7673\" src=\"https:\/\/moverdb.com\/wp-content\/uploads\/BCC-Logistics-international-moving-company.png\" alt=\"BCC Logistics rahvusvaheline kolimisfirma\" width=\"1440\" height=\"634\" data-wp-pid=\"7673\" srcset=\"https:\/\/moverdb.com\/wp-content\/uploads\/BCC-Logistics-international-moving-company.png 1440w, https:\/\/moverdb.com\/wp-content\/uploads\/BCC-Logistics-international-moving-company-300x132.png 300w, https:\/\/moverdb.com\/wp-content\/uploads\/BCC-Logistics-international-moving-company-1024x451.png 1024w, https:\/\/moverdb.com\/wp-content\/uploads\/BCC-Logistics-international-moving-company-18x8.png 18w, https:\/\/moverdb.com\/wp-content\/uploads\/BCC-Logistics-international-moving-company-600x264.png 600w\" sizes=\"auto, (max-width: 1440px) 100vw, 1440px\" \/><\/p>\n<ul>\n<li>Riiklikud liikumised<\/li>\n<li>Rahvusvahelised liikumised<\/li>\n<li>Kodumajapidamiste kolimised<\/li>\n<li>Ettev\u00f5tete, diplomaatide ja s\u00f5jav\u00e4elaste liikumised<\/li>\n<li>Ukselt-uksele kolimisteenus<\/li>\n<li>Pakkimisteenus<\/li>\n<li>Maantee-, mere- ja \u00f5huvedu<\/li>\n<li>Tollivormistus<\/li>\n<li>Kaunite kunstide k\u00e4sitlemine<\/li>\n<li>Ladustamisv\u00f5imalused<\/li>\n<\/ul>\n<p>BCC Logistics on \u00fclemaailmne kaubaveoteenuse pakkuja, mis asutati 1993. aastal aastal aastal <a href=\"https:\/\/moverdb.com\/et\/moving-companies\/moving-companies-lebanon\/\" data-internallinksmanager029f6b8e52c=\"302\" title=\"7 parimat rahvusvahelist kolimisfirmat Liibanonis\">Liibanon<\/a> mille kontorid asuvad <a href=\"https:\/\/moverdb.com\/et\/moving-to-qatar\/\" data-internallinksmanager029f6b8e52c=\"334\" title=\"Katari kolimine? 2023 elamiskulud ja kolimisn\u00f5uanded\">Katar<\/a>, Iraak ja <a href=\"https:\/\/moverdb.com\/et\/moving-to-saudi-arabia\/\" data-internallinksmanager029f6b8e52c=\"319\" title=\"Kolimine Saudi Araabiasse? 2023 elamiskulud ja kolimisn\u00f5uanded\">Saudi Araabia<\/a>. Iraagi esindus Erbilis avati 2008. aastal. Neil on rahvusvaheline esindajate v\u00f5rgustik, mis toetab nende \u00fclemaailmseid j\u00f5upingutusi. Nad on IAMi liige 15 aasta jooksul.<\/p>\n<p>BCC Logistics pakub ukselt-uksele kolimisteenust riigisisesteks ja rahvusvahelisteks kolimisteks. Nad pakuvad pakkimisteenust, mis pakub konteineritega meretransporti, kolmeseina \u00f5hutransporti ja puidust t\u00f5stukiga kaubikuid. Nad pakivad m\u00f6\u00f6bli lahti ja panevad selle \u00fcles ning eemaldavad pakkimisprahi. Nad korraldavad maismaa-, \u00f5hu- v\u00f5i meretranspordi koos tolliformaalsustega.<\/p>\n<p>Veebileht: <a href=\"http:\/\/www.bcclogistics.com\" target=\"_blank\" rel=\"noopener\">http:\/\/www.bcclogistics.com<\/a><\/p>\n<h2><strong>2. Paxton<\/strong><\/h2>\n<p><img loading=\"lazy\" decoding=\"async\" class=\"alignnone size-full wp-image-7736\" src=\"https:\/\/moverdb.com\/wp-content\/uploads\/Paxton-international-moving-company.png\" alt=\"Paxtoni rahvusvaheline kolimisfirma\" width=\"1440\" height=\"682\" data-wp-pid=\"7736\" srcset=\"https:\/\/moverdb.com\/wp-content\/uploads\/Paxton-international-moving-company.png 1440w, https:\/\/moverdb.com\/wp-content\/uploads\/Paxton-international-moving-company-300x142.png 300w, https:\/\/moverdb.com\/wp-content\/uploads\/Paxton-international-moving-company-1024x485.png 1024w, https:\/\/moverdb.com\/wp-content\/uploads\/Paxton-international-moving-company-18x9.png 18w, https:\/\/moverdb.com\/wp-content\/uploads\/Paxton-international-moving-company-600x284.png 600w\" sizes=\"auto, (max-width: 1440px) 100vw, 1440px\" \/><\/p>\n<ul>\n<li>Riiklikud liikumised<\/li>\n<li>Rahvusvahelised liikumised<\/li>\n<li>Kodumajapidamiste \u00fcmberpaigutamine<\/li>\n<li>Kontori- ja t\u00f6\u00f6stuslik kolimine<\/li>\n<li>Ukselt-uksele teenus<\/li>\n<li>Pakkimisteenus<\/li>\n<li>Transpordi korraldamine<\/li>\n<li>Tollivormistus<\/li>\n<li>S\u00f5iduki transport<\/li>\n<li>Turvalised ladustamisv\u00f5imalused<\/li>\n<\/ul>\n<p>Paxton on kohalikul ja \u00fclemaailmsel tasandil tegutsev kolimis-, teabe- ja logistikakorraldusteenuseid pakkuv ettev\u00f5te. Nad on tegutsenud \u00fcle 60 aasta ja neil on kontorid Ameerikas, Pakistanis, L\u00f5una-Sudaanis, <a href=\"https:\/\/moverdb.com\/et\/moving-to-singapore\/\" data-internallinksmanager029f6b8e52c=\"68\" title=\"Singapuri kolimine? 2022 elamiskulud ja kolimisn\u00f5uanded\">Singapur<\/a>, Afganistanis ja Iraagis Bagdadis ja Erbilis. Neil on valitud partnerite v\u00f5rgustik, et pakkuda teenuseid rahvusvaheliselt ja nad on IAMi liige.<\/p>\n<p>Paxton pakub ukselt-uksele kolimisteenust kohalikul, riiklikul ja rahvusvahelisel tasandil. Nad pakuvad pakkimisteenust, et kaitsta teie asju transportimisel, v\u00f5i pakendamisv\u00f5imalust, mida saate teha ise. Nad pakuvad transpordiv\u00f5imalusi, mis sobivad teie vajadustele ja eelarvele k\u00f5ige paremini, ning pakuvad tuge tollivormistuse teostamisel.<\/p>\n<p>Veebileht: <a href=\"http:\/\/www.paxton.com\" target=\"_blank\" rel=\"noopener\">http:\/\/www.paxton.com<\/a><\/p>","protected":false},"excerpt":{"rendered":"<p>Moving home or your business is never straightforward so getting assistance can really help especially if you are moving between countries. If you moving within, to or from Iraq, we have compiled a list of removal companies that are members of the International Association of Movers (IAM) and\/or FIDI Accredited International Mover (FAIM) who could [&hellip;]<\/p>\n","protected":false},"author":4,"featured_media":0,"parent":190,"menu_order":0,"comment_status":"closed","ping_status":"closed","template":"","meta":{"_genesis_hide_title":false,"_genesis_hide_breadcrumbs":false,"_genesis_hide_singular_image":false,"_genesis_hide_footer_widgets":false,"_genesis_custom_body_class":"","_genesis_custom_post_class":"","_genesis_layout":"","footnotes":""},"class_list":{"0":"post-7764","1":"page","2":"type-page","3":"status-publish","5":"entry","6":"has-post-thumbnail"},"_links":{"self":[{"href":"https:\/\/moverdb.com\/et\/wp-json\/wp\/v2\/pages\/7764","targetHints":{"allow":["GET"]}}],"collection":[{"href":"https:\/\/moverdb.com\/et\/wp-json\/wp\/v2\/pages"}],"about":[{"href":"https:\/\/moverdb.com\/et\/wp-json\/wp\/v2\/types\/page"}],"author":[{"embeddable":true,"href":"https:\/\/moverdb.com\/et\/wp-json\/wp\/v2\/users\/4"}],"replies":[{"embeddable":true,"href":"https:\/\/moverdb.com\/et\/wp-json\/wp\/v2\/comments?post=7764"}],"version-history":[{"count":1,"href":"https:\/\/moverdb.com\/et\/wp-json\/wp\/v2\/pages\/7764\/revisions"}],"predecessor-version":[{"id":7765,"href":"https:\/\/moverdb.com\/et\/wp-json\/wp\/v2\/pages\/7764\/revisions\/7765"}],"up":[{"embeddable":true,"href":"https:\/\/moverdb.com\/et\/wp-json\/wp\/v2\/pages\/190"}],"wp:attachment":[{"href":"https:\/\/moverdb.com\/et\/wp-json\/wp\/v2\/media?parent=7764"}],"curies":[{"name":"wp","href":"https:\/\/api.w.org\/{rel}","templated":true}]}}