{"id":7525,"date":"2023-02-01T14:03:46","date_gmt":"2023-02-01T14:03:46","guid":{"rendered":"https:\/\/moverdb.com\/?page_id=7525"},"modified":"2026-01-08T15:25:10","modified_gmt":"2026-01-08T15:25:10","slug":"moving-companies-iran","status":"publish","type":"page","link":"https:\/\/moverdb.com\/et\/moving-companies\/moving-companies-iran\/","title":{"rendered":"5 parimat rahvusvahelist kolimisfirmat Iraanis"},"content":{"rendered":"<p>Kas te kavatsete kolida? Olenemata sellest, kas olete kolimas koju ja\/v\u00f5i ettev\u00f5ttesse, v\u00f5ite vajada abi, et v\u00e4hendada survet, mis on koht, kus on olemas <a href=\"https:\/\/moverdb.com\/et\/moving-companies\/\" data-internallinksmanager029f6b8e52c=\"79\" title=\"Top 25 rahvusvahelist kolimisfirmat Internetis\">kolimisfirma<\/a> v\u00f5ib aidata. Allpool oleme koostanud nimekirja Iraani p\u00f5hinevatest <a href=\"https:\/\/moverdb.com\/et\/international-removals\/\" data-internallinksmanager029f6b8e52c=\"27\" title=\"36 Parimad rahvusvahelised kolimisfirmad \u00dchendkuningriigis\">kolimisfirmad<\/a> mis on liikmed <a href=\"https:\/\/moverdb.com\/et\/iam\/\" data-internallinksmanager029f6b8e52c=\"23\" title=\"Rahvusvaheline kolijate assotsiatsioon (IAM) Selgitatud\">Rahvusvaheline kolijate assotsiatsioon<\/a> (IAM) ja\/v\u00f5i <a href=\"https:\/\/moverdb.com\/et\/fidi-faim\/\" data-internallinksmanager029f6b8e52c=\"16\" title=\"FIDI &amp; FAIM (FIDI akrediteeritud rahvusvaheline kolija) selgitatud\">FIDI<\/a> akrediteeritud rahvusvaheline kolija (FAIM), kes v\u00f5iks teid teie kolimisel aidata.<\/p>\n<div id=\"ez-toc-container\" class=\"ez-toc-v2_0_82_2 ez-toc-wrap-left counter-hierarchy ez-toc-counter ez-toc-transparent ez-toc-container-direction\">\n<div class=\"ez-toc-title-container\">\n<p class=\"ez-toc-title\" style=\"cursor:inherit\">Jaotised<\/p>\n<span class=\"ez-toc-title-toggle\"><a href=\"#\" class=\"ez-toc-pull-right ez-toc-btn ez-toc-btn-xs ez-toc-btn-default ez-toc-toggle\" aria-label=\"Sisukorra vaheldumine\"><span class=\"ez-toc-js-icon-con\"><span class=\"\"><span class=\"eztoc-hide\" style=\"display:none;\">Toggle<\/span><span class=\"ez-toc-icon-toggle-span\"><svg style=\"fill: #999;color:#999\" xmlns=\"http:\/\/www.w3.org\/2000\/svg\" class=\"list-377408\" width=\"20px\" height=\"20px\" viewbox=\"0 0 24 24\" fill=\"none\"><path d=\"M6 6H4v2h2V6zm14 0H8v2h12V6zM4 11h2v2H4v-2zm16 0H8v2h12v-2zM4 16h2v2H4v-2zm16 0H8v2h12v-2z\" fill=\"currentColor\"><\/path><\/svg><svg style=\"fill: #999;color:#999\" class=\"arrow-unsorted-368013\" xmlns=\"http:\/\/www.w3.org\/2000\/svg\" width=\"10px\" height=\"10px\" viewbox=\"0 0 24 24\" version=\"1.2\" baseprofile=\"tiny\"><path d=\"M18.2 9.3l-6.2-6.3-6.2 6.3c-.2.2-.3.4-.3.7s.1.5.3.7c.2.2.4.3.7.3h11c.3 0 .5-.1.7-.3.2-.2.3-.5.3-.7s-.1-.5-.3-.7zM5.8 14.7l6.2 6.3 6.2-6.3c.2-.2.3-.5.3-.7s-.1-.5-.3-.7c-.2-.2-.4-.3-.7-.3h-11c-.3 0-.5.1-.7.3-.2.2-.3.5-.3.7s.1.5.3.7z\"\/><\/svg><\/span><\/span><\/span><\/a><\/span><\/div>\n<nav><ul class='ez-toc-list ez-toc-list-level-1 eztoc-toggle-hide-by-default' ><li class='ez-toc-page-1 ez-toc-heading-level-2'><a class=\"ez-toc-link ez-toc-heading-1\" href=\"https:\/\/moverdb.com\/et\/moving-companies\/moving-companies-iran\/#1_Barad_Air_Sea_Co\" >1. Barad Air &amp; Sea Co<\/a><\/li><li class='ez-toc-page-1 ez-toc-heading-level-2'><a class=\"ez-toc-link ez-toc-heading-2\" href=\"https:\/\/moverdb.com\/et\/moving-companies\/moving-companies-iran\/#2_Kar_Kia_Co_Ltd\" >2. Kar Kia Co Ltd<\/a><\/li><li class='ez-toc-page-1 ez-toc-heading-level-2'><a class=\"ez-toc-link ez-toc-heading-3\" href=\"https:\/\/moverdb.com\/et\/moving-companies\/moving-companies-iran\/#3_Simorgh_Pack_Express\" >3. Simorgh Pack Express<\/a><\/li><li class='ez-toc-page-1 ez-toc-heading-level-2'><a class=\"ez-toc-link ez-toc-heading-4\" href=\"https:\/\/moverdb.com\/et\/moving-companies\/moving-companies-iran\/#4_Simorgh_Pack\" >4. Simorgh Pack<\/a><\/li><li class='ez-toc-page-1 ez-toc-heading-level-2'><a class=\"ez-toc-link ez-toc-heading-5\" href=\"https:\/\/moverdb.com\/et\/moving-companies\/moving-companies-iran\/#5_Unipack\" >5. Unipack<\/a><\/li><\/ul><\/nav><\/div>\n<h2><span class=\"ez-toc-section\" id=\"1_Barad_Air_Sea_Co\"><\/span><strong>1. Barad Air &amp; Sea Co<\/strong><span class=\"ez-toc-section-end\"><\/span><\/h2>\n<p><img loading=\"lazy\" decoding=\"async\" class=\"alignnone size-full wp-image-7418\" src=\"https:\/\/moverdb.com\/wp-content\/uploads\/Barad-international-moving-company.png\" alt=\"Barad rahvusvaheline kolimisfirma\" width=\"1440\" height=\"687\" data-wp-pid=\"7418\" srcset=\"https:\/\/moverdb.com\/wp-content\/uploads\/Barad-international-moving-company.png 1440w, https:\/\/moverdb.com\/wp-content\/uploads\/Barad-international-moving-company-300x143.png 300w, https:\/\/moverdb.com\/wp-content\/uploads\/Barad-international-moving-company-1024x489.png 1024w, https:\/\/moverdb.com\/wp-content\/uploads\/Barad-international-moving-company-18x9.png 18w, https:\/\/moverdb.com\/wp-content\/uploads\/Barad-international-moving-company-600x286.png 600w\" sizes=\"auto, (max-width: 1440px) 100vw, 1440px\" \/><\/p>\n<ul>\n<li>Riiklikud liikumised<\/li>\n<li>Rahvusvahelised liikumised<\/li>\n<li>Kodumajapidamiste kolimised<\/li>\n<li>Kontori kolimised<\/li>\n<li>Spetsiaalsed kliendihaldurid<\/li>\n<li>Professionaalne pakkimisteenus<\/li>\n<li>Maantee-, mere- ja \u00f5hutransport<\/li>\n<li>Tollivormistus<\/li>\n<li>Kunstiteoste transport<\/li>\n<li>L\u00fchiajaline kuni pikaajaline ladustamine<\/li>\n<\/ul>\n<p>Barad on veo- ja logistikafirma, mis pakub kolimislahendusi Iraanis ja \u00fcle 150 riigis \u00fcle maailma kolimispartnerite v\u00f5rgustiku kaudu. Nad pakuvad ka ekspedeerimist, laoteenuseid ja tollivormistusteenuseid. Nad on ka IAMi liige.<\/p>\n<p>Barad pakub oma teenuse jaoks spetsiaalseid kliendihaldureid, kes abistavad teid transpordivajaduste osas. Nad pakuvad uksest-ukseni kolimisteenust, mida saab teostada maantee-, mere- v\u00f5i lennutranspordiga ja mis h\u00f5lmab tollivormistust. Nad pakuvad professionaalset pakkimisteenust, mis h\u00f5lmab pakkimist, lahtipakkimist ja prahi eemaldamist. Nad hoolitsevad isiklike asjade, liigse pagasi, kunstiteoste, kontoritehnika ja saatkondade eest.<\/p>\n<p>Veebileht: <a href=\"http:\/\/baradairsea.com\" target=\"_blank\" rel=\"noopener\">http:\/\/baradairsea.com<\/a><\/p>\n<h2><span class=\"ez-toc-section\" id=\"2_Kar_Kia_Co_Ltd\"><\/span><strong>2. Kar Kia Co Ltd<\/strong><span class=\"ez-toc-section-end\"><\/span><\/h2>\n<p><img loading=\"lazy\" decoding=\"async\" class=\"alignnone size-full wp-image-7526\" src=\"https:\/\/moverdb.com\/wp-content\/uploads\/Kat-Kia-international-moving-company.png\" alt=\"Kat Kia rahvusvaheline kolimisfirma\" width=\"1440\" height=\"680\" data-wp-pid=\"7526\" srcset=\"https:\/\/moverdb.com\/wp-content\/uploads\/Kat-Kia-international-moving-company.png 1440w, https:\/\/moverdb.com\/wp-content\/uploads\/Kat-Kia-international-moving-company-300x142.png 300w, https:\/\/moverdb.com\/wp-content\/uploads\/Kat-Kia-international-moving-company-1024x484.png 1024w, https:\/\/moverdb.com\/wp-content\/uploads\/Kat-Kia-international-moving-company-18x9.png 18w, https:\/\/moverdb.com\/wp-content\/uploads\/Kat-Kia-international-moving-company-600x283.png 600w\" sizes=\"auto, (max-width: 1440px) 100vw, 1440px\" \/><\/p>\n<ul>\n<li>Riiklikud liikumised<\/li>\n<li>Rahvusvahelised liikumised<\/li>\n<li>Kodumajapidamiste kolimised<\/li>\n<li>Ukselt-uksele teenus<\/li>\n<li>Pakkimisteenus<\/li>\n<li>Transport maismaa-, mere- v\u00f5i \u00f5hutranspordiga<\/li>\n<li>Tollivormistus<\/li>\n<li>Kaunite kunstide transport<\/li>\n<li>Kindlustus<\/li>\n<li>Ladustamine<\/li>\n<\/ul>\n<p>Kar Kia on Teheranis asuv kolimis- ja ladustamisettev\u00f5te, mis pakub kolimislahendusi Teheranis kohapeal, kogu Iraanis ja rahvusvahelisi kolimisi Iraani ja sealt v\u00e4lja. Neid toetab kolimisagentide v\u00f5rgustik kogu maailmas ja nad on IAMi liige 39-aastase tegutsemisaja jooksul.<\/p>\n<p>Kar Kia pakub majapidamiste kolimiseks uksest-ukseni teenust, mis h\u00f5lmab kogu teie vara turvalist pakkimist transpordiks. Nad korraldavad teie asjade transpordi sihtkohta maantee-, mere- v\u00f5i \u00f5hutranspordiga ning abistavad teid impordi- ja eksporditollide tegemisel. Nad pakuvad ka lisateenuseid, mis h\u00f5lmavad kunsti kolimist, kindlustust ja ladustamist.<\/p>\n<p>Veebileht: <a href=\"http:\/\/www.karkiamovers.com\" target=\"_blank\" rel=\"noopener\">http:\/\/www.karkiamovers.com<\/a><\/p>\n<h2><span class=\"ez-toc-section\" id=\"3_Simorgh_Pack_Express\"><\/span><strong>3. <\/strong><strong>Simorgh Pack Express<\/strong><span class=\"ez-toc-section-end\"><\/span><\/h2>\n<p><img loading=\"lazy\" decoding=\"async\" class=\"alignnone size-full wp-image-7486\" src=\"https:\/\/moverdb.com\/wp-content\/uploads\/Simorgh-Pack-Express-international-moving-company.png\" alt=\"Simorgh Pack Express rahvusvaheline kolimisfirma\" width=\"1440\" height=\"678\" data-wp-pid=\"7486\" srcset=\"https:\/\/moverdb.com\/wp-content\/uploads\/Simorgh-Pack-Express-international-moving-company.png 1440w, https:\/\/moverdb.com\/wp-content\/uploads\/Simorgh-Pack-Express-international-moving-company-300x141.png 300w, https:\/\/moverdb.com\/wp-content\/uploads\/Simorgh-Pack-Express-international-moving-company-1024x482.png 1024w, https:\/\/moverdb.com\/wp-content\/uploads\/Simorgh-Pack-Express-international-moving-company-18x8.png 18w, https:\/\/moverdb.com\/wp-content\/uploads\/Simorgh-Pack-Express-international-moving-company-600x283.png 600w\" sizes=\"auto, (max-width: 1440px) 100vw, 1440px\" \/><\/p>\n<ul>\n<li>Riiklikud liikumised<\/li>\n<li>Rahvusvahelised liikumised<\/li>\n<li>Kodumajapidamiste kolimised<\/li>\n<li>Kodune uuring<\/li>\n<li>Pakkimisteenus<\/li>\n<li>Transport mere-, \u00f5hu- ja maismaatranspordiga<\/li>\n<li>Tolliabi<\/li>\n<li>S\u00f5iduki transport<\/li>\n<li>Kindlustus<\/li>\n<li>Ladustamisv\u00f5imalused<\/li>\n<\/ul>\n<p>Simorgh Pack Express on Teheranis asuv kolimisfirma. Neil on \u00fclemaailmne partnerite v\u00f5rgustik, et aidata rahvusvahelisi kolimisi k\u00f5ikjal maailmas. Nad on IAMi liige, kellel on 31 aastat teenust.<\/p>\n<p>Simorgh Pack Express koordineerib kogu teie kolimist ja tagab, et see kulgeb teie jaoks sujuvalt, olenemata sellest, kas te kolidate kohapeal v\u00f5i \u00fcle kogu maailma. Nad pakuvad koolitatud t\u00f6\u00f6tajaid, kes pakivad teie asjad turvaliselt ja kvaliteetsete materjalide abil, et kaitsta neid transportimisel. Nad tegelevad teie saadetisega maismaa-, \u00f5hu- v\u00f5i meretranspordiga ning tagavad, et nad leiavad teie vajadustele parima lahenduse ja k\u00f5ige madalamad tasud.<\/p>\n<p>Veebileht: <a href=\"http:\/\/www.simorghpackexpress.com\" target=\"_blank\" rel=\"noopener\">http:\/\/www.simorghpackexpress.com<\/a><\/p>\n<h2><span class=\"ez-toc-section\" id=\"4_Simorgh_Pack\"><\/span><strong>4. Simorgh Pack<\/strong><span class=\"ez-toc-section-end\"><\/span><\/h2>\n<p><img loading=\"lazy\" decoding=\"async\" class=\"alignnone size-full wp-image-7487\" src=\"https:\/\/moverdb.com\/wp-content\/uploads\/Simorgh-Pack-international-moving-company.png\" alt=\"Simorgh Pack rahvusvaheline kolimisfirma\" width=\"1440\" height=\"680\" data-wp-pid=\"7487\" srcset=\"https:\/\/moverdb.com\/wp-content\/uploads\/Simorgh-Pack-international-moving-company.png 1440w, https:\/\/moverdb.com\/wp-content\/uploads\/Simorgh-Pack-international-moving-company-300x142.png 300w, https:\/\/moverdb.com\/wp-content\/uploads\/Simorgh-Pack-international-moving-company-1024x484.png 1024w, https:\/\/moverdb.com\/wp-content\/uploads\/Simorgh-Pack-international-moving-company-18x9.png 18w, https:\/\/moverdb.com\/wp-content\/uploads\/Simorgh-Pack-international-moving-company-600x283.png 600w\" sizes=\"auto, (max-width: 1440px) 100vw, 1440px\" \/><\/p>\n<ul>\n<li>Kohalikud ja riiklikud liikumised<\/li>\n<li>Rahvusvahelised liikumised<\/li>\n<li>Kodumajapidamiste kolimised<\/li>\n<li>Kaubanduslikud k\u00e4igud<\/li>\n<li>Ukselt-uksele teenus<\/li>\n<li>Professionaalne pakkimine<\/li>\n<li>Transport maismaa-, \u00f5hu- v\u00f5i meretranspordiga<\/li>\n<li>S\u00f5iduki transport<\/li>\n<li>Kindlustus<\/li>\n<li>Turvalised ladustamisv\u00f5imalused<\/li>\n<\/ul>\n<p>Simorgh Pack on \u00fclemaailmne kolimisfirma, mis on aidanud inimesi kolida alates 1992. aastast ja mille asukoht on Teheranis. Neil on \u00fclemaailmne transpordi- ja kolimisagentide ning spetsialistide v\u00f5rgustik, kes neid toetavad. Nad on IAMi liige, kellel on 31-aastane kogemus.<\/p>\n<p>Simorgh Pack pakub spetsiaalset kolimiskoordinaatorit, kes toetab teid igal sammul. See algab esmase k\u00fcsitlusega, et hinnata teie vajadusi, seej\u00e4rel leitakse parimad marsruudid \u00f5igete hindadega. Nende professionaalsed pakendajad pakivad teie asjad maa-, \u00f5hu- v\u00f5i meretranspordiks koos \u00fcksikasjaliku inventuuriga.<\/p>\n<p>Veebileht: <a href=\"http:\/\/www.simorghpack.com\" target=\"_blank\" rel=\"noopener\">http:\/\/www.simorghpack.com<\/a><\/p>\n<h2><span class=\"ez-toc-section\" id=\"5_Unipack\"><\/span><strong>5. Unipack<\/strong><span class=\"ez-toc-section-end\"><\/span><\/h2>\n<p><img loading=\"lazy\" decoding=\"async\" class=\"alignnone size-full wp-image-7494\" src=\"https:\/\/moverdb.com\/wp-content\/uploads\/Unipack-international-moving-company-1.png\" alt=\"Unipack rahvusvaheline kolimisfirma\" width=\"1440\" height=\"681\" data-wp-pid=\"7494\" srcset=\"https:\/\/moverdb.com\/wp-content\/uploads\/Unipack-international-moving-company-1.png 1440w, https:\/\/moverdb.com\/wp-content\/uploads\/Unipack-international-moving-company-1-300x142.png 300w, https:\/\/moverdb.com\/wp-content\/uploads\/Unipack-international-moving-company-1-1024x484.png 1024w, https:\/\/moverdb.com\/wp-content\/uploads\/Unipack-international-moving-company-1-18x9.png 18w, https:\/\/moverdb.com\/wp-content\/uploads\/Unipack-international-moving-company-1-600x284.png 600w\" sizes=\"auto, (max-width: 1440px) 100vw, 1440px\" \/><\/p>\n<ul>\n<li>Rahvusvahelised liikumised<\/li>\n<li>Kodumajapidamiste kolimised<\/li>\n<li>\u00c4ri- ja kontorik\u00e4igud<\/li>\n<li>Ukselt-uksele teenus<\/li>\n<li>Pakkimisteenused<\/li>\n<li>Tolliformaalsused<\/li>\n<li>Maismaa-, mere- ja \u00f5hutransport<\/li>\n<li>Lemmikloomade transport<\/li>\n<li>S\u00f5iduki transport<\/li>\n<li>Ladustamisv\u00f5imalused<\/li>\n<\/ul>\n<p>Unipack on 1975. aastal asutatud rahvusvaheline pakkimis- ja ekspedeerimisfirma, mis asub Iraanis. Nad teevad koost\u00f6\u00f6d valitud rahvusvaheliste kolimis- ja \u00fcmberpaigutamispartnerite v\u00f5rgustikuga \u00fcle kogu maailma, et pakkuda kolimisi k\u00f5ikjale. Nad on IAMi liige 49-aastase tegutsemisaja jooksul.<\/p>\n<p>Unipack pakub laia valikut veoteenuseid, sealhulgas kodutarbeid, n\u00e4ituse- ja kunstikaupu, s\u00f5idukeid, lemmikloomi, surnukehi ja kontorikolimisi. Nad pakuvad ukselt-uksele kolimisteenust, mis h\u00f5lmab teie asjade turvalist pakkimist ja puitkastide kasutamist habraste esemete puhul. Nad korraldavad veo maismaa-, \u00f5hu- ja meretransporti ning tegelevad tolliformaalsustega.<\/p>\n<p>Veebileht: <a href=\"http:\/\/www.unipack.ir\" target=\"_blank\" rel=\"noopener\">http:\/\/www.unipack.ir<\/a><\/p>","protected":false},"excerpt":{"rendered":"<p>Are you planning on moving? Whether you are moving home and\/or business, you might want some help to reduce the pressure which is where a moving company can help. Below we have compiled a list of Iran based removal companies that are members of the International Association of Movers (IAM) and\/or FIDI Accredited International Mover [&hellip;]<\/p>\n","protected":false},"author":4,"featured_media":0,"parent":190,"menu_order":0,"comment_status":"closed","ping_status":"closed","template":"","meta":{"_genesis_hide_title":false,"_genesis_hide_breadcrumbs":false,"_genesis_hide_singular_image":false,"_genesis_hide_footer_widgets":false,"_genesis_custom_body_class":"","_genesis_custom_post_class":"","_genesis_layout":"","footnotes":""},"class_list":{"0":"post-7525","1":"page","2":"type-page","3":"status-publish","5":"entry","6":"has-post-thumbnail"},"_links":{"self":[{"href":"https:\/\/moverdb.com\/et\/wp-json\/wp\/v2\/pages\/7525","targetHints":{"allow":["GET"]}}],"collection":[{"href":"https:\/\/moverdb.com\/et\/wp-json\/wp\/v2\/pages"}],"about":[{"href":"https:\/\/moverdb.com\/et\/wp-json\/wp\/v2\/types\/page"}],"author":[{"embeddable":true,"href":"https:\/\/moverdb.com\/et\/wp-json\/wp\/v2\/users\/4"}],"replies":[{"embeddable":true,"href":"https:\/\/moverdb.com\/et\/wp-json\/wp\/v2\/comments?post=7525"}],"version-history":[{"count":1,"href":"https:\/\/moverdb.com\/et\/wp-json\/wp\/v2\/pages\/7525\/revisions"}],"predecessor-version":[{"id":7527,"href":"https:\/\/moverdb.com\/et\/wp-json\/wp\/v2\/pages\/7525\/revisions\/7527"}],"up":[{"embeddable":true,"href":"https:\/\/moverdb.com\/et\/wp-json\/wp\/v2\/pages\/190"}],"wp:attachment":[{"href":"https:\/\/moverdb.com\/et\/wp-json\/wp\/v2\/media?parent=7525"}],"curies":[{"name":"wp","href":"https:\/\/api.w.org\/{rel}","templated":true}]}}