{"id":7520,"date":"2023-02-01T14:02:23","date_gmt":"2023-02-01T14:02:23","guid":{"rendered":"https:\/\/moverdb.com\/?page_id=7520"},"modified":"2026-01-08T15:29:35","modified_gmt":"2026-01-08T15:29:35","slug":"moving-companies-hungary","status":"publish","type":"page","link":"https:\/\/moverdb.com\/et\/moving-companies\/moving-companies-hungary\/","title":{"rendered":"8 parimat rahvusvahelist kolimisfirmat Ungaris"},"content":{"rendered":"<p>Kui te plaanite kolida, siis v\u00f5iksite kasutada teenuseid <a href=\"https:\/\/moverdb.com\/et\/moving-companies\/\" data-internallinksmanager029f6b8e52c=\"79\" title=\"Top 25 rahvusvahelist kolimisfirmat Internetis\">kolimisfirma<\/a> kuna nad saavad aidata pakkimise, transpordi ja tollireeglitega. Kui te liigute, sealt v\u00f5i seespoolt <a href=\"https:\/\/moverdb.com\/et\/moving-to-hungary\/\" data-internallinksmanager029f6b8e52c=\"341\" title=\"Ungarisse kolimine? 2023 elamiskulud ja kolimisn\u00f5uanded\">Ungari<\/a>oleme koostanud nimekirja <a href=\"https:\/\/moverdb.com\/et\/international-removals\/\" data-internallinksmanager029f6b8e52c=\"27\" title=\"36 Parimad rahvusvahelised kolimisfirmad \u00dchendkuningriigis\">kolimisfirmad<\/a> allj\u00e4rgnevalt, kes on liikmed <a href=\"https:\/\/moverdb.com\/et\/iam\/\" data-internallinksmanager029f6b8e52c=\"23\" title=\"Rahvusvaheline kolijate assotsiatsioon (IAM) Selgitatud\">Rahvusvaheline kolijate assotsiatsioon<\/a> (IAM) ja\/v\u00f5i <a href=\"https:\/\/moverdb.com\/et\/fidi-faim\/\" data-internallinksmanager029f6b8e52c=\"16\" title=\"FIDI &amp; FAIM (FIDI akrediteeritud rahvusvaheline kolija) selgitatud\">FIDI<\/a> akrediteeritud rahvusvaheline kolija (FAIM), kes v\u00f5iks teid teie kolimisel aidata.<\/p>\n<div id=\"ez-toc-container\" class=\"ez-toc-v2_0_83 ez-toc-wrap-left counter-hierarchy ez-toc-counter ez-toc-transparent ez-toc-container-direction\">\n<div class=\"ez-toc-title-container\">\n<p class=\"ez-toc-title\" style=\"cursor:inherit\">Jaotised<\/p>\n<span class=\"ez-toc-title-toggle\"><a href=\"#\" class=\"ez-toc-pull-right ez-toc-btn ez-toc-btn-xs ez-toc-btn-default ez-toc-toggle\" aria-label=\"Sisukorra vaheldumine\"><span class=\"ez-toc-js-icon-con\"><span class=\"\"><span class=\"eztoc-hide\" style=\"display:none;\">Toggle<\/span><span class=\"ez-toc-icon-toggle-span\"><svg style=\"fill: #999;color:#999\" xmlns=\"http:\/\/www.w3.org\/2000\/svg\" class=\"list-377408\" width=\"20px\" height=\"20px\" viewbox=\"0 0 24 24\" fill=\"none\"><path d=\"M6 6H4v2h2V6zm14 0H8v2h12V6zM4 11h2v2H4v-2zm16 0H8v2h12v-2zM4 16h2v2H4v-2zm16 0H8v2h12v-2z\" fill=\"currentColor\"><\/path><\/svg><svg style=\"fill: #999;color:#999\" class=\"arrow-unsorted-368013\" xmlns=\"http:\/\/www.w3.org\/2000\/svg\" width=\"10px\" height=\"10px\" viewbox=\"0 0 24 24\" version=\"1.2\" baseprofile=\"tiny\"><path d=\"M18.2 9.3l-6.2-6.3-6.2 6.3c-.2.2-.3.4-.3.7s.1.5.3.7c.2.2.4.3.7.3h11c.3 0 .5-.1.7-.3.2-.2.3-.5.3-.7s-.1-.5-.3-.7zM5.8 14.7l6.2 6.3 6.2-6.3c.2-.2.3-.5.3-.7s-.1-.5-.3-.7c-.2-.2-.4-.3-.7-.3h-11c-.3 0-.5.1-.7.3-.2.2-.3.5-.3.7s.1.5.3.7z\"\/><\/svg><\/span><\/span><\/span><\/a><\/span><\/div>\n<nav><ul class='ez-toc-list ez-toc-list-level-1 eztoc-toggle-hide-by-default' ><li class='ez-toc-page-1 ez-toc-heading-level-2'><a class=\"ez-toc-link ez-toc-heading-1\" href=\"https:\/\/moverdb.com\/et\/moving-companies\/moving-companies-hungary\/#1_ABC_Ricard\" >1. ABC Ricard<\/a><\/li><li class='ez-toc-page-1 ez-toc-heading-level-2'><a class=\"ez-toc-link ez-toc-heading-2\" href=\"https:\/\/moverdb.com\/et\/moving-companies\/moving-companies-hungary\/#2_Beta_Moving\" >2. Beeta liikumine<\/a><\/li><li class='ez-toc-page-1 ez-toc-heading-level-2'><a class=\"ez-toc-link ez-toc-heading-3\" href=\"https:\/\/moverdb.com\/et\/moving-companies\/moving-companies-hungary\/#3_DB_Schenker\" >3. DB Schenker<\/a><\/li><li class='ez-toc-page-1 ez-toc-heading-level-2'><a class=\"ez-toc-link ez-toc-heading-4\" href=\"https:\/\/moverdb.com\/et\/moving-companies\/moving-companies-hungary\/#4_Euromove\" >4. Euromove<\/a><\/li><li class='ez-toc-page-1 ez-toc-heading-level-2'><a class=\"ez-toc-link ez-toc-heading-5\" href=\"https:\/\/moverdb.com\/et\/moving-companies\/moving-companies-hungary\/#5_Gosselin\" >5. Gosselin<\/a><\/li><li class='ez-toc-page-1 ez-toc-heading-level-2'><a class=\"ez-toc-link ez-toc-heading-6\" href=\"https:\/\/moverdb.com\/et\/moving-companies\/moving-companies-hungary\/#6_MoveArtis\" >6. MoveArtis<\/a><\/li><li class='ez-toc-page-1 ez-toc-heading-level-2'><a class=\"ez-toc-link ez-toc-heading-7\" href=\"https:\/\/moverdb.com\/et\/moving-companies\/moving-companies-hungary\/#7_NSEW_Mobility\" >7. NSEW liikuvus<\/a><\/li><li class='ez-toc-page-1 ez-toc-heading-level-2'><a class=\"ez-toc-link ez-toc-heading-8\" href=\"https:\/\/moverdb.com\/et\/moving-companies\/moving-companies-hungary\/#8_Santa_Fe_Relocation\" >8. Santa Fe \u00fcmberpaigutamine<\/a><\/li><\/ul><\/nav><\/div>\n<h2><span class=\"ez-toc-section\" id=\"1_ABC_Ricard\"><\/span><strong>1. ABC Ricard<\/strong><span class=\"ez-toc-section-end\"><\/span><\/h2>\n<p><img loading=\"lazy\" decoding=\"async\" class=\"alignnone size-full wp-image-7408\" src=\"https:\/\/moverdb.com\/wp-content\/uploads\/ABC-Ricard-international-moving-company.png\" alt=\"ABC Ricard rahvusvaheline kolimisfirma\" width=\"1440\" height=\"677\" data-wp-pid=\"7408\" srcset=\"https:\/\/moverdb.com\/wp-content\/uploads\/ABC-Ricard-international-moving-company.png 1440w, https:\/\/moverdb.com\/wp-content\/uploads\/ABC-Ricard-international-moving-company-300x141.png 300w, https:\/\/moverdb.com\/wp-content\/uploads\/ABC-Ricard-international-moving-company-1024x481.png 1024w, https:\/\/moverdb.com\/wp-content\/uploads\/ABC-Ricard-international-moving-company-18x8.png 18w, https:\/\/moverdb.com\/wp-content\/uploads\/ABC-Ricard-international-moving-company-600x282.png 600w\" sizes=\"auto, (max-width: 1440px) 100vw, 1440px\" \/><\/p>\n<ul>\n<li>Riiklikud liikumised<\/li>\n<li>Rahvusvahelised liikumised<\/li>\n<li>Kodumajapidamiste kolimised<\/li>\n<li>Esialgne uuring<\/li>\n<li>Ukselt-uksele kolimine<\/li>\n<li>Kvaliteetne pakend<\/li>\n<li>Kohandatud kastid<\/li>\n<li>Korraldage transport<\/li>\n<li>Tolliformaalsuste haldamine<\/li>\n<li>T\u00e4ielik kindlustus<\/li>\n<\/ul>\n<p>ABC Ricard on \u00fclemaailmne kolimisfirma, millel on Kesk-Euroopas tegutsev filiaalide v\u00f5rgustik, mille kontorid asuvad j\u00e4rgmistes kohtades <a href=\"https:\/\/moverdb.com\/et\/moving-to-france\/\" data-internallinksmanager029f6b8e52c=\"315\" title=\"Kolimine Prantsusmaale? 2023 elamiskulud ja kolimisn\u00f5uanded\">Prantsusmaa<\/a>, <a href=\"https:\/\/moverdb.com\/et\/moving-to-poland\/\" data-internallinksmanager029f6b8e52c=\"378\" title=\"Poolasse kolimine? 2023 elamiskulud ja kolimisn\u00f5uanded\">Poola<\/a> ja Ungari Budapestis. Nad asutati 1958. aastal Prantsusmaal ja esimene t\u00fctarettev\u00f5te oli Budapestis. Nad on seotud suuremate \u00fclemaailmsete v\u00f5rgustikega, et laiendada oma tegevusulatust, mis h\u00f5lmab ka IAMi liikmesust.<\/p>\n<p>ABC Ricard pakub individuaalset teenust, mis algab n\u00f5ustajate poolt l\u00e4biviidava \u00fclevaatega, kes planeerivad teie kolimise. Nad aitavad valida teie kolimiseks parima transpordiliigi ning t\u00e4idavad riikidevahelise kolimiseks vajalikke formaalsusi ja dokumente.<\/p>\n<p>Veebileht: <a href=\"http:\/\/www.abcricardfl.com\" target=\"_blank\" rel=\"noopener\">http:\/\/www.abcricardfl.com<\/a><\/p>\n<h2><span class=\"ez-toc-section\" id=\"2_Beta_Moving\"><\/span><strong>2. Beeta liikumine<\/strong><span class=\"ez-toc-section-end\"><\/span><\/h2>\n<p><img loading=\"lazy\" decoding=\"async\" class=\"alignnone size-full wp-image-7419\" src=\"https:\/\/moverdb.com\/wp-content\/uploads\/Beta-Moving-international-moving-company.png\" alt=\"Beta Moving rahvusvaheline kolimisfirma\" width=\"1440\" height=\"679\" data-wp-pid=\"7419\" srcset=\"https:\/\/moverdb.com\/wp-content\/uploads\/Beta-Moving-international-moving-company.png 1440w, https:\/\/moverdb.com\/wp-content\/uploads\/Beta-Moving-international-moving-company-300x141.png 300w, https:\/\/moverdb.com\/wp-content\/uploads\/Beta-Moving-international-moving-company-1024x483.png 1024w, https:\/\/moverdb.com\/wp-content\/uploads\/Beta-Moving-international-moving-company-18x8.png 18w, https:\/\/moverdb.com\/wp-content\/uploads\/Beta-Moving-international-moving-company-600x283.png 600w\" sizes=\"auto, (max-width: 1440px) 100vw, 1440px\" \/><\/p>\n<ul>\n<li>Riiklikud liikumised<\/li>\n<li>Rahvusvahelised liikumised<\/li>\n<li>\u00dcmberpaigutamise teenus<\/li>\n<li>Kodumajapidamiste ja kontorite kolimine<\/li>\n<li>Ukselt-uksele kolimisteenus<\/li>\n<li>Pakkimisteenus<\/li>\n<li>Maantee-, mere- ja \u00f5hutransport<\/li>\n<li>Tollivormistus<\/li>\n<li>Kindlustus<\/li>\n<li>Ladustamisv\u00f5imalused<\/li>\n<\/ul>\n<p>Beta Moving on 2016. aastal Budapestis asutatud rahvusvaheline kolimisfirma, mis pakub riiklikke ja rahvusvahelisi kolimis- ja \u00fcmberpaigutusteenuseid. Nad teevad koost\u00f6\u00f6d rahvusvaheliste partneritega, et pakkuda kolimis- ja \u00fcmberpaigutamisteenuseid kogu maailmas. Nad on IAMi liige, kellel on seitse aastat teenust.<\/p>\n<p>Beta Moving pakub kohandatud kolimislahendusi, mis h\u00f5lmavad pakkimist, maantee-, \u00f5hu- v\u00f5i meretransporti, tollivormistust, lahtipakkimist ja prahi eemaldamist. Nende kolimisteenus h\u00f5lmab ka t\u00f6\u00f6luba ja t\u00f6\u00f6tamise registreerimist. Nad pakuvad ka lisateenuseid, mis h\u00f5lmavad lemmikloomade \u00fcmberpaigutamist, s\u00f5idukite vedu, k\u00e4sit\u00f6\u00f6liste teenuseid, kindlustust ja ladustamisv\u00f5imalusi.<\/p>\n<p>Veebileht: <a href=\"https:\/\/www.betamoving.com\" target=\"_blank\" rel=\"noopener\">https:\/\/www.betamoving.com<\/a><\/p>\n<h2><span class=\"ez-toc-section\" id=\"3_DB_Schenker\"><\/span><strong>3. DB Schenker<\/strong><span class=\"ez-toc-section-end\"><\/span><\/h2>\n<p><img loading=\"lazy\" decoding=\"async\" class=\"alignnone size-full wp-image-7433\" src=\"https:\/\/moverdb.com\/wp-content\/uploads\/DB-Schenker-Hungary-international-moving-company.png\" alt=\"DB Schenker Ungari rahvusvaheline kolimisfirma\" width=\"1440\" height=\"664\" data-wp-pid=\"7433\" srcset=\"https:\/\/moverdb.com\/wp-content\/uploads\/DB-Schenker-Hungary-international-moving-company.png 1440w, https:\/\/moverdb.com\/wp-content\/uploads\/DB-Schenker-Hungary-international-moving-company-300x138.png 300w, https:\/\/moverdb.com\/wp-content\/uploads\/DB-Schenker-Hungary-international-moving-company-1024x472.png 1024w, https:\/\/moverdb.com\/wp-content\/uploads\/DB-Schenker-Hungary-international-moving-company-18x8.png 18w, https:\/\/moverdb.com\/wp-content\/uploads\/DB-Schenker-Hungary-international-moving-company-600x277.png 600w\" sizes=\"auto, (max-width: 1440px) 100vw, 1440px\" \/><\/p>\n<ul>\n<li>Riiklikud liikumised<\/li>\n<li>Rahvusvahelised liikumised<\/li>\n<li>Elukoha \u00fcmberpaigutamine<\/li>\n<li>Kontori \u00fcmberpaigutamine<\/li>\n<li>Kvaliteetsed pakkematerjalid<\/li>\n<li>Maismaa-, mere- ja \u00f5hutransport<\/li>\n<li>Tollitoetus<\/li>\n<li>S\u00f5iduki transport<\/li>\n<li>Lemmikloomade transport<\/li>\n<li>Ladustamisv\u00f5imalused<\/li>\n<\/ul>\n<p>DB Schenker on \u00fcle 140 aastat tegutsenud \u00fclemaailmne logistikateenuste pakkuja, mis on asutatud Viinis. Neil on filiaalid \u00fcle kogu maailma, sealhulgas Ungaris, kus nad asutasid filiaali Budapestis 1874. aastal. Nad on IAMi liige, kellel on juurdep\u00e4\u00e4s nende rahvusvahelisele v\u00f5rgustikule.<\/p>\n<p>DB Schenker pakub teie kolimise planeerimiseks esialgset konsultatsiooni ja kohapealset \u00fclevaatust. Nad pakuvad kvaliteetset pakkematerjali, et kaitsta teie asju, ja v\u00f5imaldavad teil j\u00e4lgida oma saadetist veebip\u00f5hise j\u00e4lgimisseadme abil. Nad pakuvad ka lisateenuseid, mis h\u00f5lmavad s\u00f5idukite transporti, lemmikloomade transporti, kunstiteoste kohaletoimetamist, kindlustust ja ladustamist.<\/p>\n<p>Veebileht: <a href=\"http:\/\/www.dbschenker.hu\" target=\"_blank\" rel=\"noopener\">http:\/\/www.dbschenker.hu<\/a><\/p>\n<h2><span class=\"ez-toc-section\" id=\"4_Euromove\"><\/span><strong>4. Euromove<\/strong><span class=\"ez-toc-section-end\"><\/span><\/h2>\n<p><img loading=\"lazy\" decoding=\"async\" class=\"alignnone size-full wp-image-7439\" src=\"https:\/\/moverdb.com\/wp-content\/uploads\/Euromove-international-moving-company.png\" alt=\"Euromove rahvusvaheline kolimisfirma\" width=\"1440\" height=\"683\" data-wp-pid=\"7439\" srcset=\"https:\/\/moverdb.com\/wp-content\/uploads\/Euromove-international-moving-company.png 1440w, https:\/\/moverdb.com\/wp-content\/uploads\/Euromove-international-moving-company-300x142.png 300w, https:\/\/moverdb.com\/wp-content\/uploads\/Euromove-international-moving-company-1024x486.png 1024w, https:\/\/moverdb.com\/wp-content\/uploads\/Euromove-international-moving-company-18x9.png 18w, https:\/\/moverdb.com\/wp-content\/uploads\/Euromove-international-moving-company-600x285.png 600w\" sizes=\"auto, (max-width: 1440px) 100vw, 1440px\" \/><\/p>\n<ul>\n<li>Riiklikud kolimised<\/li>\n<li>Rahvusvahelised kolimised<\/li>\n<li>\u00dcmberpaigutamise paketid<\/li>\n<li>Kodumajapidamiste kolimine<\/li>\n<li>B\u00fcroo kolimine<\/li>\n<li>Pakkimisteenus<\/li>\n<li>Maantee-, mere- v\u00f5i \u00f5hutransport<\/li>\n<li>Tollivormistus<\/li>\n<li>Spetsiaalsete esemete saatmine<\/li>\n<li>Ladustamisv\u00f5imalused<\/li>\n<\/ul>\n<p>Euromove on 1998. aastal asutatud rahvusvaheline kolimisfirma, mis asub Budapestis. Neil on suur partnerite v\u00f5rgustik, mis v\u00f5imaldab neil pakkuda kolimisteenuseid k\u00f5ikjal maailmas. Nad on IAMi liige, kellel on 25-aastane tegevus ja kes on akrediteeritud FIDI poolt.<\/p>\n<p>Euromove pakub individuaalseid kolimisteenuseid ja kolimispakette, mis v\u00f5ivad h\u00f5lmata ka erilisi esemeid, n\u00e4iteks kunsti, autosid v\u00f5i lemmikloomi. Nad pakuvad oma teenuseid rahvusvahelistele standarditele vastavalt, sealhulgas pakkimisteenust. Nad korraldavad maantee-, \u00f5hu- v\u00f5i meretranspordi, mis h\u00f5lmab ka grupivedusid, ning pakuvad tuge tollivormistuse teostamisel.<\/p>\n<p>Veebileht: <a href=\"https:\/\/www.euromove.hu\/en\" target=\"_blank\" rel=\"noopener\">https:\/\/www.euromove.hu\/en<\/a><\/p>\n<h2><span class=\"ez-toc-section\" id=\"5_Gosselin\"><\/span><strong>5. Gosselin<\/strong><span class=\"ez-toc-section-end\"><\/span><\/h2>\n<p><img loading=\"lazy\" decoding=\"async\" class=\"alignnone size-full wp-image-7447\" src=\"https:\/\/moverdb.com\/wp-content\/uploads\/Gosselin-Hungary-international-moving-company.png\" alt=\"Gosselin Ungari rahvusvaheline kolimisfirma\" width=\"1440\" height=\"678\" data-wp-pid=\"7447\" srcset=\"https:\/\/moverdb.com\/wp-content\/uploads\/Gosselin-Hungary-international-moving-company.png 1440w, https:\/\/moverdb.com\/wp-content\/uploads\/Gosselin-Hungary-international-moving-company-300x141.png 300w, https:\/\/moverdb.com\/wp-content\/uploads\/Gosselin-Hungary-international-moving-company-1024x482.png 1024w, https:\/\/moverdb.com\/wp-content\/uploads\/Gosselin-Hungary-international-moving-company-18x8.png 18w, https:\/\/moverdb.com\/wp-content\/uploads\/Gosselin-Hungary-international-moving-company-600x283.png 600w\" sizes=\"auto, (max-width: 1440px) 100vw, 1440px\" \/><\/p>\n<ul>\n<li>Riiklikud liikumised<\/li>\n<li>Rahvusvahelised liikumised<\/li>\n<li>Kodumajapidamiste kolimised<\/li>\n<li>Kontori kolimised<\/li>\n<li>Pakkimisteenus<\/li>\n<li>Transpordi korraldamine<\/li>\n<li>Kaunite kunstide transport<\/li>\n<li>Lemmikloomade \u00fcmberpaigutamine<\/li>\n<li>S\u00f5iduki transport<\/li>\n<li>L\u00fchiajaline kuni pikaajaline ladustamine<\/li>\n<\/ul>\n<p>Gosselin on rahvusvaheline kolimis- ja logistikafirma, mis asutati 1930. aastal Saksamaal. <a href=\"https:\/\/moverdb.com\/et\/moving-to-belgium\/\" data-internallinksmanager029f6b8e52c=\"323\" title=\"Kolimine Belgiasse? 2023 elamiskulud ja kolimisn\u00f5uanded\">Belgia<\/a> ja neil on kontorid \u00fcle Euroopa, sealhulgas \u00fcks Budapestis, Ungaris. Nad on IAMi liige, kellel on 24 aastat kestnud tegevus. Nad kasutavad oma filiaale ja rahvusvahelisi v\u00f5rgustikke, et pakkuda kolimisi k\u00f5ikjal maailmas.<\/p>\n<p>Gosselin pakub professionaalset pakkimisteenust teie asjade kaitsmiseks, kasutades selleks kvaliteetseid pakkematerjale, erinevaid spetsiaalseid karpe ja eritellimusel valmistatud kastid. Nad teevad k\u00f5ik vajalikud korraldused teie asjade kolimiseks ja abistavad dokumentide vormistamisel. Nad pakuvad ka spetsiaalseid transporditeenuseid, mis h\u00f5lmavad ka kaunite kunstiteoste, lemmikloomade ja s\u00f5idukite kolimist.<\/p>\n<p>Veebileht: <a href=\"https:\/\/gosselin-moving.com\/en\/hungary-slovakia\" target=\"_blank\" rel=\"noopener\">https:\/\/gosselin-moving.com\/en\/hungary-slovakia<\/a><\/p>\n<h2><span class=\"ez-toc-section\" id=\"6_MoveArtis\"><\/span><strong>6. MoveArtis<\/strong><span class=\"ez-toc-section-end\"><\/span><\/h2>\n<p><img loading=\"lazy\" decoding=\"async\" class=\"alignnone size-full wp-image-7468\" src=\"https:\/\/moverdb.com\/wp-content\/uploads\/MoveArtis-international-moving-company.png\" alt=\"MoveArtis rahvusvaheline kolimisfirma\" width=\"1440\" height=\"682\" data-wp-pid=\"7468\" srcset=\"https:\/\/moverdb.com\/wp-content\/uploads\/MoveArtis-international-moving-company.png 1440w, https:\/\/moverdb.com\/wp-content\/uploads\/MoveArtis-international-moving-company-300x142.png 300w, https:\/\/moverdb.com\/wp-content\/uploads\/MoveArtis-international-moving-company-1024x485.png 1024w, https:\/\/moverdb.com\/wp-content\/uploads\/MoveArtis-international-moving-company-18x9.png 18w, https:\/\/moverdb.com\/wp-content\/uploads\/MoveArtis-international-moving-company-600x284.png 600w\" sizes=\"auto, (max-width: 1440px) 100vw, 1440px\" \/><\/p>\n<ul>\n<li>Riiklikud liikumised<\/li>\n<li>Rahvusvahelised liikumised<\/li>\n<li>Elamu kolimine<\/li>\n<li>Kontori \u00fcmberpaigutamine<\/li>\n<li>Ukselt-uksele teenus<\/li>\n<li>Pakendamisv\u00f5imalused<\/li>\n<li>Maantee-, mere- ja \u00f5hutransport<\/li>\n<li>Tollivormistus<\/li>\n<li>Kindlustus<\/li>\n<li>Ladustamisv\u00f5imalused<\/li>\n<\/ul>\n<p>MoveArtis on Budapestis asuv perefirma, mis tegeleb rahvusvaheliste kolimistega. Neil on rahvusvaheline partnerite v\u00f5rgustik \u00fcle kogu maailma, et aidata neid kolimistel k\u00f5ikjal. Nad on IAMi liige 12-aastase tegevusega.<\/p>\n<p>MoveArtis pakub kohandatud kolimislahendust, mis pakub rahvusvahelist kolimist uksest-ukseni teenust. Nad pakuvad erinevaid pakendimaterjale, mis sobivad mitmesuguste esemete jaoks, sealhulgas spetsiaalselt kavandatud kastid. Nad abistavad transpordiga, mis h\u00f5lmab \u00f5hu- ja meretransporti, n\u00e4iteks t\u00e4is- ja v\u00e4hem kui konteinerlaadungid, ning aitavad tollivormistusega.<\/p>\n<p>Veebileht: <a href=\"http:\/\/www.moveartis.com\" target=\"_blank\" rel=\"noopener\">http:\/\/www.moveartis.com<\/a><\/p>\n<h2><span class=\"ez-toc-section\" id=\"7_NSEW_Mobility\"><\/span><strong>7. NSEW liikuvus<\/strong><span class=\"ez-toc-section-end\"><\/span><\/h2>\n<p><img loading=\"lazy\" decoding=\"async\" class=\"alignnone size-full wp-image-7473\" src=\"https:\/\/moverdb.com\/wp-content\/uploads\/NSEW-Mobility-international-moving-company.png\" alt=\"NSEW Mobility rahvusvaheline kolimisfirma\" width=\"1440\" height=\"681\" data-wp-pid=\"7473\" srcset=\"https:\/\/moverdb.com\/wp-content\/uploads\/NSEW-Mobility-international-moving-company.png 1440w, https:\/\/moverdb.com\/wp-content\/uploads\/NSEW-Mobility-international-moving-company-300x142.png 300w, https:\/\/moverdb.com\/wp-content\/uploads\/NSEW-Mobility-international-moving-company-1024x484.png 1024w, https:\/\/moverdb.com\/wp-content\/uploads\/NSEW-Mobility-international-moving-company-18x9.png 18w, https:\/\/moverdb.com\/wp-content\/uploads\/NSEW-Mobility-international-moving-company-600x284.png 600w\" sizes=\"auto, (max-width: 1440px) 100vw, 1440px\" \/><\/p>\n<ul>\n<li>Riiklikud liikumised<\/li>\n<li>Rahvusvahelised liikumised<\/li>\n<li>\u00dcmberpaigutamise teenused<\/li>\n<li>Ukselt-uksele teenus<\/li>\n<li>Pakkimisteenused<\/li>\n<li>Maantee-, \u00f5hu- ja meretransport<\/li>\n<li>Tollivormistus<\/li>\n<li><a href=\"https:\/\/moverdb.com\/et\/car-transport-shipping\/\" data-internallinksmanager029f6b8e52c=\"2\" title=\"2026 Rahvusvaheline autoveo ja s\u00f5idukite veo hinnapakkumised\">S\u00f5iduki saatmine<\/a><\/li>\n<li>Kindlustus<\/li>\n<li>Turvalised l\u00fchi- ja pikaajalised ladustamisv\u00f5imalused<\/li>\n<\/ul>\n<p>NSEW Mobility on s\u00f5ltumatu kolimis- ja \u00fcmberpaigutusteenuseid pakkuv ettev\u00f5te, mis asub Budapestis. Nad pakuvad kolimisteenuseid Ungaris, <a href=\"https:\/\/moverdb.com\/et\/moving-to-austria\/\" data-internallinksmanager029f6b8e52c=\"343\" title=\"Kolimine Austriasse? 2023 elamiskulud ja kolimisn\u00f5uanded\">Austria<\/a>, <a href=\"https:\/\/moverdb.com\/et\/moving-to-croatia\/\" data-internallinksmanager029f6b8e52c=\"428\" title=\"Kolimine Horvaatiasse? 2023 elamiskulud ja kolimisn\u00f5uanded\">Horvaatia<\/a>, <a href=\"https:\/\/moverdb.com\/et\/moving-to-germany\/\" data-internallinksmanager029f6b8e52c=\"321\" title=\"Kolimine Saksamaale? 2023 elamiskulud ja kolimisn\u00f5uanded\">Saksamaa<\/a>, Rumeenia, <a href=\"https:\/\/moverdb.com\/et\/moving-to-slovakia\/\" data-internallinksmanager029f6b8e52c=\"338\" title=\"Kolimine Slovakkiasse? 2023 elamiskulud ja kolimisn\u00f5uanded\">Slovakkia<\/a>, <a href=\"https:\/\/moverdb.com\/et\/moving-to-slovenia\/\" data-internallinksmanager029f6b8e52c=\"392\" title=\"Kolimine Sloveeniasse? 2023 elamiskulud ja kolimisn\u00f5uanded\">Sloveenia<\/a> ja <a href=\"https:\/\/moverdb.com\/et\/moving-to-switzerland\/\" data-internallinksmanager029f6b8e52c=\"327\" title=\"Kolimine \u0160veitsi? 2023 elamiskulud ja kolimisn\u00f5uanded\">\u0160veits<\/a>ning teha koost\u00f6\u00f6d rahvusvaheliste partneritega, et pakkuda kolimisi Euroopas ja kogu maailmas. Nad on pakkunud kolimisteenuseid \u00fcle 20 aasta ja on IAMi liige.<\/p>\n<p>NSEW Mobility pakub tasuta kohapealset \u00fclevaatust, hinnapakkumist ja m\u00e4\u00e4rab kolimiskoordinaatori. Nad pakuvad kolimiste ja \u00fcmberpaigutuste puhul uksest-ukseni teenust, mis h\u00f5lmab teie kodu pakkimist ja teie saadetise korraldamist maantee-, \u00f5hu- ja meretranspordi teel koos tollivormistusega. Nende kolimisteenused h\u00f5lmavad ka viisa- ja immigratsiooniteenuseid, kodu ja kooli leidmist ning sisseelamisteenuseid.<\/p>\n<p>Veebileht: <a href=\"https:\/\/nsew-mobility.com\/\" target=\"_blank\" rel=\"noopener\">https:\/\/nsew-mobility.com\/<\/a><\/p>\n<h2><span class=\"ez-toc-section\" id=\"8_Santa_Fe_Relocation\"><\/span><strong>8. Santa Fe \u00fcmberpaigutamine<\/strong><span class=\"ez-toc-section-end\"><\/span><\/h2>\n<p><img loading=\"lazy\" decoding=\"async\" class=\"alignnone size-full wp-image-7483\" src=\"https:\/\/moverdb.com\/wp-content\/uploads\/Santa-Fe-Hungary-international-moving-company.png\" alt=\"Santa Fe Ungari rahvusvaheline kolimisfirma\" width=\"1440\" height=\"652\" data-wp-pid=\"7483\" srcset=\"https:\/\/moverdb.com\/wp-content\/uploads\/Santa-Fe-Hungary-international-moving-company.png 1440w, https:\/\/moverdb.com\/wp-content\/uploads\/Santa-Fe-Hungary-international-moving-company-300x136.png 300w, https:\/\/moverdb.com\/wp-content\/uploads\/Santa-Fe-Hungary-international-moving-company-1024x464.png 1024w, https:\/\/moverdb.com\/wp-content\/uploads\/Santa-Fe-Hungary-international-moving-company-18x8.png 18w, https:\/\/moverdb.com\/wp-content\/uploads\/Santa-Fe-Hungary-international-moving-company-600x272.png 600w\" sizes=\"auto, (max-width: 1440px) 100vw, 1440px\" \/><\/p>\n<ul>\n<li>Riiklikud liikumised<\/li>\n<li>Rahvusvahelised liikumised<\/li>\n<li>Kodumajapidamiste \u00fcmberpaigutamine<\/li>\n<li>Ettev\u00f5tete \u00fcmberpaigutused<\/li>\n<li>Pakkimisteenus<\/li>\n<li>Maantee-, mere- v\u00f5i \u00f5hutransport<\/li>\n<li>Tollivormistus<\/li>\n<li>Lemmikloomade ja s\u00f5idukite vedu<\/li>\n<li>Kaitsmine saadetiste eest<\/li>\n<li>L\u00fchiajaline kuni pikaajaline ladustamine<\/li>\n<\/ul>\n<p>Santa Fe Relocation on rahvusvaheline kolimis- ja \u00fcmberpaigutamisettev\u00f5te, millel on 64 kontorit 38 riigis. Nad avasid oma Ungari filiaali Budapestis 1993. aastal. Nad on IAMi liige 30-aastase tegutsemisaja jooksul ja on akrediteeritud FIDI poolt.<\/p>\n<p>Santa Fe Relocation pakub teie vajaduste hindamiseks kolimiseelset konsultatsiooni ja \u00fclevaatust kodus. Nad pakuvad pakkimisteenust, et kaitsta teie asju, ning korraldavad transpordi maantee-, mere- v\u00f5i \u00f5hutranspordi ja abistavad tollivormistuses. Nad pakuvad mitmesuguseid lisateenuseid, sealhulgas saadetise kaitset, lemmikloomade \u00fcmberpaigutamist, s\u00f5idukite vedu, ladustamist, kodu ja koolide otsimist, sisseseadmist, lahkumistoetust ja viisasid.<\/p>\n<p>Veebileht: <a href=\"https:\/\/www.santaferelo.com\/en\/contact\/our-offices\/hungary-budapest\/\" target=\"_blank\" rel=\"noopener\">https:\/\/www.santaferelo.com\/en\/contact\/our-offices\/hungary-budapest\/<\/a><\/p>","protected":false},"excerpt":{"rendered":"<p>If you are planning a move then you may want to enlist the services of a moving company as they can help with packing, transportation and customs regulations. If you are moving to, from or within Hungary, we have compiled a list of removal companies below that are members of the International Association of Movers [&hellip;]<\/p>\n","protected":false},"author":4,"featured_media":0,"parent":190,"menu_order":0,"comment_status":"closed","ping_status":"closed","template":"","meta":{"_genesis_hide_title":false,"_genesis_hide_breadcrumbs":false,"_genesis_hide_singular_image":false,"_genesis_hide_footer_widgets":false,"_genesis_custom_body_class":"","_genesis_custom_post_class":"","_genesis_layout":"","footnotes":""},"class_list":{"0":"post-7520","1":"page","2":"type-page","3":"status-publish","5":"entry","6":"has-post-thumbnail"},"_links":{"self":[{"href":"https:\/\/moverdb.com\/et\/wp-json\/wp\/v2\/pages\/7520","targetHints":{"allow":["GET"]}}],"collection":[{"href":"https:\/\/moverdb.com\/et\/wp-json\/wp\/v2\/pages"}],"about":[{"href":"https:\/\/moverdb.com\/et\/wp-json\/wp\/v2\/types\/page"}],"author":[{"embeddable":true,"href":"https:\/\/moverdb.com\/et\/wp-json\/wp\/v2\/users\/4"}],"replies":[{"embeddable":true,"href":"https:\/\/moverdb.com\/et\/wp-json\/wp\/v2\/comments?post=7520"}],"version-history":[{"count":1,"href":"https:\/\/moverdb.com\/et\/wp-json\/wp\/v2\/pages\/7520\/revisions"}],"predecessor-version":[{"id":7521,"href":"https:\/\/moverdb.com\/et\/wp-json\/wp\/v2\/pages\/7520\/revisions\/7521"}],"up":[{"embeddable":true,"href":"https:\/\/moverdb.com\/et\/wp-json\/wp\/v2\/pages\/190"}],"wp:attachment":[{"href":"https:\/\/moverdb.com\/et\/wp-json\/wp\/v2\/media?parent=7520"}],"curies":[{"name":"wp","href":"https:\/\/api.w.org\/{rel}","templated":true}]}}